{"id":80489,"date":"2021-09-02T19:12:31","date_gmt":"2021-09-02T17:12:31","guid":{"rendered":"https:\/\/miomiorun.com\/prodotto\/la-sportiva-cyklon-donna\/"},"modified":"2026-05-08T21:08:38","modified_gmt":"2026-05-08T19:08:38","slug":"cyklon-damen","status":"publish","type":"product","link":"https:\/\/www.miomiorun.com\/de\/produkt\/cyklon-damen\/","title":{"rendered":"Cyklon damen"},"content":{"rendered":"<div class=\"vc-row container\"><div class=\"vc-column\"><div class=\"vc-column-text\"><\/p>\n<p><strong>Technische Daten<\/strong><\/p>\n<p>Kategorie: mittlere D\u00e4mpfung<br \/>\nVersatz: 7 mm<br \/>\nGewicht: 260 g<br \/>\nIdeal f\u00fcr: Gel\u00e4ndel\u00e4ufer auf technischem Terrain \u00fcber mittlere Distanzen und f\u00fcr Skyraces.<br \/>\nGewicht des Athleten: 60-70 kg<br \/>\nLauftempo: mittelschnell (unter 5.00 min\/km)<br \/>\n<a href=\"https:\/\/miomiorun.com\/de\/leitfaden-fuer-technische-spezifikationen\/\">Leitfaden f\u00fcr technische Spezifikationen<\/a><\/p>\n<p><\/div><\/div><div class=\"vc-column\"><div class=\"vc-column-text\">Der <strong>Cyklon<\/strong> f\u00fcr Damen ist ein idealer Performance-Schuh f\u00fcr Skyraces und Offroad-Rennen auf technischem Terrain \u00fcber mittlere Distanzen. Das Ergebnis der Forschungs- und Entwicklungsarbeit zwischen La Sportiva und BOA\u00ae ist ein Produkt, das Stabilit\u00e4t, Pr\u00e4zision und perfekte Umh\u00fcllung dank des neuen Dynamic Cage\u2122 Verschlusssystems mit integriertem <strong>BOA\u00ae Fit System<\/strong> garantiert, das in Synergie mit 3 verschiedenen Elementen des Obermaterials f\u00fcr eine perfekte Umh\u00fcllung und Stabilit\u00e4t des Fu\u00dfes f\u00fcr eine sichere und pr\u00e4zise Abfahrt arbeitet. Das Herzst\u00fcck des Schn\u00fcrsystems ist die interne Dynamic Flap\u2122, die sich um den Schuh wickelt und eine dynamische Anpassung der Spannung erm\u00f6glicht, indem sie mit einer Einhandbewegung direkt auf das BOA\u00ae Fit System wirkt. Die sch\u00fctzende TPU-Zehenkappe und die mehrschichtige, hitzeverklebte Seitenwand sorgen f\u00fcr zus\u00e4tzliche Struktur und maximale Stabilit\u00e4t. Das schlammige Profil, ideal f\u00fcr den Einsatz auf weichem und schlammigem Terrain, besteht aus der extrem griffigen La Sportiva <strong>FriXion\u00ae<\/strong> White-Mischung und bietet die M\u00f6glichkeit, AT Grip Spikes f\u00fcr den Einsatz auf eisigem Terrain zu integrieren. Die EVA-Zwischensohle mit Stabilisatoreinsatz tr\u00e4gt zur Gesamtstabilit\u00e4t des Schuhs bei und h\u00e4lt das Gewicht in Grenzen. Cyklon: Schweben wie ein Schmetterling, rennen wie der Wind.<\/p>\n<p><strong>Funktionen:<\/strong><\/p>\n<ul>\n<li>Atmungsaktives, abriebfestes Mesh-Obermaterial mit hitzeklebenden TPU-Verst\u00e4rkungen an den am st\u00e4rksten beanspruchten Stellen<br \/>\nSto\u00dfsichere TPU-Zehenkappe<\/li>\n<li>Besonders griffige FriXion\u00ae White Compound-Sohle mit Schlamm-Terrain-Profil f\u00fcr den Einsatz auf weichem und schlammigem Untergrund<\/li>\n<li>Spyral Tongue\u2122 Evo: super umlaufende Zunge mit integrierter Gamasche f\u00fcr perfekten Sitz zwischen Kragen und Kn\u00f6chel: verhindert das Eindringen von Elementen von au\u00dfen und folgt dynamisch den Bewegungen des L\u00e4ufers<\/li>\n<li>Dynamic Cage\u2122-Konstruktion: Das BOA\u00ae Fit System arbeitet in Synergie mit 3 verschiedenen Elementen des Obermaterials f\u00fcr eine perfekte Fu\u00dfumh\u00fcllung und Stabilit\u00e4t f\u00fcr einen sicheren und pr\u00e4zisen Abfahrtslauf.<\/li>\n<li>Mehrschichtige, hei\u00dfgeklebte Seitenwand: sorgt f\u00fcr Struktur und Stabilit\u00e4t<\/li>\n<li>Leichte Memlex EVA-Zwischensohle mit doppelter Dichte und stabilisierender Einlage, ideal f\u00fcr Traversen<\/li>\n<\/ul>\n<p><\/div><\/div><\/div>\n","protected":false},"excerpt":{"rendered":"<ul>\n<li>Atmungsaktives, abriebfestes Mesh-Obermaterial mit hitzeklebenden TPU-Verst\u00e4rkungen an den am st\u00e4rksten beanspruchten Stellen<br \/>\nSto\u00dfsichere TPU-Zehenkappe<\/li>\n<li>Besonders griffige FriXion\u00ae White Compound-Sohle mit Schlamm-Terrain-Profil f\u00fcr den Einsatz auf weichem und schlammigem Untergrund<\/li>\n<li>Spyral Tongue\u2122 Evo: super umlaufende Zunge mit integrierter Gamasche f\u00fcr perfekten Sitz zwischen Kragen und Kn\u00f6chel: verhindert das Eindringen von Elementen von au\u00dfen und folgt dynamisch den Bewegungen des L\u00e4ufers<\/li>\n<\/ul>\n","protected":false},"featured_media":57744,"template":"","meta":{"_acf_changed":false,"inline_featured_image":false},"product_brand":[],"product_cat":[6474,6491],"product_tag":[6248,6220],"class_list":{"0":"post-80489","1":"product","2":"type-product","3":"status-publish","4":"has-post-thumbnail","6":"product_cat-damenschuhe","7":"product_cat-damentrailschuhe","8":"product_tag-la-sportiva-de","9":"product_tag-la-sportiva-damen-de","10":"pa_attivita-outdoor-de","11":"pa_attivita-trail-de","12":"pa_colore-cyklon-w-hibiscus-malibu-blue-de","13":"pa_colore-cyklon-w-mineral-ink-de","14":"pa_marca-la-sportiva-de","15":"pa_sesso-damen","16":"pa_size-37-5-de","17":"pa_size-38-de","18":"pa_size-38-5-de","19":"pa_size-39-de","20":"pa_size-39-5-de","21":"pa_size-40-de","22":"pa_size-40-5-de","23":"pa_size-41-de","25":"first","26":"instock","27":"sale","28":"taxable","29":"shipping-taxable","30":"purchasable","31":"product-type-variable","32":"wvs-archive-product-wrapper"},"acf":[],"yoast_head":"<!-- This site is optimized with the Yoast SEO plugin v26.8 - https:\/\/yoast.com\/product\/yoast-seo-wordpress\/ -->\n<title>La sportiva Cyklon damen - Damen-Trail-Schuhe - MioMioRun<\/title>\n<meta name=\"description\" content=\"Der Cyklon f\u00fcr Damen ist ein Performance-Schuh, der sich ideal f\u00fcr Skyraces und Offroad-Rennen in technischem Gel\u00e4nde \u00fcber mittlere Distanzen eignet.\" \/>\n<meta name=\"robots\" content=\"index, follow, max-snippet:-1, max-image-preview:large, max-video-preview:-1\" \/>\n<link rel=\"canonical\" href=\"https:\/\/www.miomiorun.com\/de\/produkt\/cyklon-damen\/\" \/>\n<meta property=\"og:locale\" content=\"de_DE\" \/>\n<meta property=\"og:type\" content=\"article\" \/>\n<meta property=\"og:title\" content=\"La sportiva Cyklon damen - Damen-Trail-Schuhe - MioMioRun\" \/>\n<meta property=\"og:description\" content=\"Der Cyklon f\u00fcr Damen ist ein Performance-Schuh, der sich ideal f\u00fcr Skyraces und Offroad-Rennen in technischem Gel\u00e4nde \u00fcber mittlere Distanzen eignet.\" \/>\n<meta property=\"og:url\" content=\"https:\/\/www.miomiorun.com\/de\/produkt\/cyklon-damen\/\" \/>\n<meta property=\"og:site_name\" content=\"MioMioRun\" \/>\n<meta property=\"article:publisher\" content=\"https:\/\/www.facebook.com\/miomiorun\/\" \/>\n<meta property=\"article:modified_time\" content=\"2026-05-08T19:08:38+00:00\" \/>\n<meta property=\"og:image\" content=\"https:\/\/www.miomiorun.com\/app\/uploads\/2021\/09\/la-sportiva-cyklon-46X911627.jpg\" \/>\n\t<meta property=\"og:image:width\" content=\"600\" \/>\n\t<meta property=\"og:image:height\" content=\"600\" \/>\n\t<meta property=\"og:image:type\" content=\"image\/jpeg\" \/>\n<meta name=\"twitter:card\" content=\"summary_large_image\" \/>\n<meta name=\"twitter:label1\" content=\"Est. reading time\" \/>\n\t<meta name=\"twitter:data1\" content=\"2 minutes\" \/>\n<script type=\"application\/ld+json\" class=\"yoast-schema-graph\">{\"@context\":\"https:\/\/schema.org\",\"@graph\":[{\"@type\":\"WebPage\",\"@id\":\"https:\/\/www.miomiorun.com\/de\/produkt\/cyklon-damen\/\",\"url\":\"https:\/\/www.miomiorun.com\/de\/produkt\/cyklon-damen\/\",\"name\":\"La sportiva Cyklon damen - Damen-Trail-Schuhe - MioMioRun\",\"isPartOf\":{\"@id\":\"https:\/\/www.miomiorun.com\/de\/#website\"},\"primaryImageOfPage\":{\"@id\":\"https:\/\/www.miomiorun.com\/de\/produkt\/cyklon-damen\/#primaryimage\"},\"image\":{\"@id\":\"https:\/\/www.miomiorun.com\/de\/produkt\/cyklon-damen\/#primaryimage\"},\"thumbnailUrl\":\"https:\/\/www.miomiorun.com\/app\/uploads\/2021\/09\/la-sportiva-cyklon-46X911627.jpg\",\"datePublished\":\"2021-09-02T17:12:31+00:00\",\"dateModified\":\"2026-05-08T19:08:38+00:00\",\"description\":\"Der Cyklon f\u00fcr Damen ist ein Performance-Schuh, der sich ideal f\u00fcr Skyraces und Offroad-Rennen in technischem Gel\u00e4nde \u00fcber mittlere Distanzen eignet.\",\"breadcrumb\":{\"@id\":\"https:\/\/www.miomiorun.com\/de\/produkt\/cyklon-damen\/#breadcrumb\"},\"inLanguage\":\"de-DE\",\"potentialAction\":[{\"@type\":\"ReadAction\",\"target\":[\"https:\/\/www.miomiorun.com\/de\/produkt\/cyklon-damen\/\"]}]},{\"@type\":\"ImageObject\",\"inLanguage\":\"de-DE\",\"@id\":\"https:\/\/www.miomiorun.com\/de\/produkt\/cyklon-damen\/#primaryimage\",\"url\":\"https:\/\/www.miomiorun.com\/app\/uploads\/2021\/09\/la-sportiva-cyklon-46X911627.jpg\",\"contentUrl\":\"https:\/\/www.miomiorun.com\/app\/uploads\/2021\/09\/la-sportiva-cyklon-46X911627.jpg\",\"width\":600,\"height\":600,\"caption\":\"la sportiva cyklon\"},{\"@type\":\"BreadcrumbList\",\"@id\":\"https:\/\/www.miomiorun.com\/de\/produkt\/cyklon-damen\/#breadcrumb\",\"itemListElement\":[{\"@type\":\"ListItem\",\"position\":1,\"name\":\"Home\",\"item\":\"https:\/\/www.miomiorun.com\/de\/\"},{\"@type\":\"ListItem\",\"position\":2,\"name\":\"Shop\",\"item\":\"https:\/\/www.miomiorun.com\/shop\/\"},{\"@type\":\"ListItem\",\"position\":3,\"name\":\"Cyklon damen\"}]},{\"@type\":\"WebSite\",\"@id\":\"https:\/\/www.miomiorun.com\/de\/#website\",\"url\":\"https:\/\/www.miomiorun.com\/de\/\",\"name\":\"MioMioRun\",\"description\":\"100% Lauf- und Trailshop\",\"publisher\":{\"@id\":\"https:\/\/www.miomiorun.com\/de\/#organization\"},\"potentialAction\":[{\"@type\":\"SearchAction\",\"target\":{\"@type\":\"EntryPoint\",\"urlTemplate\":\"https:\/\/www.miomiorun.com\/de\/?s={search_term_string}\"},\"query-input\":{\"@type\":\"PropertyValueSpecification\",\"valueRequired\":true,\"valueName\":\"search_term_string\"}}],\"inLanguage\":\"de-DE\"},{\"@type\":\"Organization\",\"@id\":\"https:\/\/www.miomiorun.com\/de\/#organization\",\"name\":\"MioMio Run\",\"url\":\"https:\/\/www.miomiorun.com\/de\/\",\"logo\":{\"@type\":\"ImageObject\",\"inLanguage\":\"de-DE\",\"@id\":\"https:\/\/www.miomiorun.com\/de\/#\/schema\/logo\/image\/\",\"url\":\"https:\/\/www.miomiorun.com\/app\/uploads\/2019\/12\/logomio.png\",\"contentUrl\":\"https:\/\/www.miomiorun.com\/app\/uploads\/2019\/12\/logomio.png\",\"width\":115,\"height\":82,\"caption\":\"MioMio Run\"},\"image\":{\"@id\":\"https:\/\/www.miomiorun.com\/de\/#\/schema\/logo\/image\/\"},\"sameAs\":[\"https:\/\/www.facebook.com\/miomiorun\/\",\"https:\/\/www.instagram.com\/miomiorun\/\"]}]}<\/script>\n<!-- \/ Yoast SEO plugin. -->","yoast_head_json":{"title":"La sportiva Cyklon damen - Damen-Trail-Schuhe - MioMioRun","description":"Der Cyklon f\u00fcr Damen ist ein Performance-Schuh, der sich ideal f\u00fcr Skyraces und Offroad-Rennen in technischem Gel\u00e4nde \u00fcber mittlere Distanzen eignet.","robots":{"index":"index","follow":"follow","max-snippet":"max-snippet:-1","max-image-preview":"max-image-preview:large","max-video-preview":"max-video-preview:-1"},"canonical":"https:\/\/www.miomiorun.com\/de\/produkt\/cyklon-damen\/","og_locale":"de_DE","og_type":"article","og_title":"La sportiva Cyklon damen - Damen-Trail-Schuhe - MioMioRun","og_description":"Der Cyklon f\u00fcr Damen ist ein Performance-Schuh, der sich ideal f\u00fcr Skyraces und Offroad-Rennen in technischem Gel\u00e4nde \u00fcber mittlere Distanzen eignet.","og_url":"https:\/\/www.miomiorun.com\/de\/produkt\/cyklon-damen\/","og_site_name":"MioMioRun","article_publisher":"https:\/\/www.facebook.com\/miomiorun\/","article_modified_time":"2026-05-08T19:08:38+00:00","og_image":[{"width":600,"height":600,"url":"https:\/\/www.miomiorun.com\/app\/uploads\/2021\/09\/la-sportiva-cyklon-46X911627.jpg","type":"image\/jpeg"}],"twitter_card":"summary_large_image","twitter_misc":{"Est. reading time":"2 minutes"},"schema":{"@context":"https:\/\/schema.org","@graph":[{"@type":"WebPage","@id":"https:\/\/www.miomiorun.com\/de\/produkt\/cyklon-damen\/","url":"https:\/\/www.miomiorun.com\/de\/produkt\/cyklon-damen\/","name":"La sportiva Cyklon damen - Damen-Trail-Schuhe - MioMioRun","isPartOf":{"@id":"https:\/\/www.miomiorun.com\/de\/#website"},"primaryImageOfPage":{"@id":"https:\/\/www.miomiorun.com\/de\/produkt\/cyklon-damen\/#primaryimage"},"image":{"@id":"https:\/\/www.miomiorun.com\/de\/produkt\/cyklon-damen\/#primaryimage"},"thumbnailUrl":"https:\/\/www.miomiorun.com\/app\/uploads\/2021\/09\/la-sportiva-cyklon-46X911627.jpg","datePublished":"2021-09-02T17:12:31+00:00","dateModified":"2026-05-08T19:08:38+00:00","description":"Der Cyklon f\u00fcr Damen ist ein Performance-Schuh, der sich ideal f\u00fcr Skyraces und Offroad-Rennen in technischem Gel\u00e4nde \u00fcber mittlere Distanzen eignet.","breadcrumb":{"@id":"https:\/\/www.miomiorun.com\/de\/produkt\/cyklon-damen\/#breadcrumb"},"inLanguage":"de-DE","potentialAction":[{"@type":"ReadAction","target":["https:\/\/www.miomiorun.com\/de\/produkt\/cyklon-damen\/"]}]},{"@type":"ImageObject","inLanguage":"de-DE","@id":"https:\/\/www.miomiorun.com\/de\/produkt\/cyklon-damen\/#primaryimage","url":"https:\/\/www.miomiorun.com\/app\/uploads\/2021\/09\/la-sportiva-cyklon-46X911627.jpg","contentUrl":"https:\/\/www.miomiorun.com\/app\/uploads\/2021\/09\/la-sportiva-cyklon-46X911627.jpg","width":600,"height":600,"caption":"la sportiva cyklon"},{"@type":"BreadcrumbList","@id":"https:\/\/www.miomiorun.com\/de\/produkt\/cyklon-damen\/#breadcrumb","itemListElement":[{"@type":"ListItem","position":1,"name":"Home","item":"https:\/\/www.miomiorun.com\/de\/"},{"@type":"ListItem","position":2,"name":"Shop","item":"https:\/\/www.miomiorun.com\/shop\/"},{"@type":"ListItem","position":3,"name":"Cyklon damen"}]},{"@type":"WebSite","@id":"https:\/\/www.miomiorun.com\/de\/#website","url":"https:\/\/www.miomiorun.com\/de\/","name":"MioMioRun","description":"100% Lauf- und Trailshop","publisher":{"@id":"https:\/\/www.miomiorun.com\/de\/#organization"},"potentialAction":[{"@type":"SearchAction","target":{"@type":"EntryPoint","urlTemplate":"https:\/\/www.miomiorun.com\/de\/?s={search_term_string}"},"query-input":{"@type":"PropertyValueSpecification","valueRequired":true,"valueName":"search_term_string"}}],"inLanguage":"de-DE"},{"@type":"Organization","@id":"https:\/\/www.miomiorun.com\/de\/#organization","name":"MioMio Run","url":"https:\/\/www.miomiorun.com\/de\/","logo":{"@type":"ImageObject","inLanguage":"de-DE","@id":"https:\/\/www.miomiorun.com\/de\/#\/schema\/logo\/image\/","url":"https:\/\/www.miomiorun.com\/app\/uploads\/2019\/12\/logomio.png","contentUrl":"https:\/\/www.miomiorun.com\/app\/uploads\/2019\/12\/logomio.png","width":115,"height":82,"caption":"MioMio Run"},"image":{"@id":"https:\/\/www.miomiorun.com\/de\/#\/schema\/logo\/image\/"},"sameAs":["https:\/\/www.facebook.com\/miomiorun\/","https:\/\/www.instagram.com\/miomiorun\/"]}]}},"_links":{"self":[{"href":"https:\/\/www.miomiorun.com\/de\/wp-json\/wp\/v2\/product\/80489","targetHints":{"allow":["GET"]}}],"collection":[{"href":"https:\/\/www.miomiorun.com\/de\/wp-json\/wp\/v2\/product"}],"about":[{"href":"https:\/\/www.miomiorun.com\/de\/wp-json\/wp\/v2\/types\/product"}],"wp:featuredmedia":[{"embeddable":true,"href":"https:\/\/www.miomiorun.com\/de\/wp-json\/wp\/v2\/media\/57744"}],"wp:attachment":[{"href":"https:\/\/www.miomiorun.com\/de\/wp-json\/wp\/v2\/media?parent=80489"}],"wp:term":[{"taxonomy":"product_brand","embeddable":true,"href":"https:\/\/www.miomiorun.com\/de\/wp-json\/wp\/v2\/product_brand?post=80489"},{"taxonomy":"product_cat","embeddable":true,"href":"https:\/\/www.miomiorun.com\/de\/wp-json\/wp\/v2\/product_cat?post=80489"},{"taxonomy":"product_tag","embeddable":true,"href":"https:\/\/www.miomiorun.com\/de\/wp-json\/wp\/v2\/product_tag?post=80489"}],"curies":[{"name":"wp","href":"https:\/\/api.w.org\/{rel}","templated":true}]}}