{"id":80326,"date":"2021-10-12T16:50:29","date_gmt":"2021-10-12T14:50:29","guid":{"rendered":"https:\/\/miomiorun.com\/prodotto\/crazy-idea-pull-acceleration-uomo\/"},"modified":"2022-11-15T11:37:45","modified_gmt":"2022-11-15T10:37:45","slug":"pull-acceleration-herren","status":"publish","type":"product","link":"https:\/\/www.miomiorun.com\/de\/produkt\/pull-acceleration-herren\/","title":{"rendered":"Pull Acceleration herren"},"content":{"rendered":"<div class=\"single-product-description\">\n<div class=\"single-product-description\">\n<div class=\"single-product-description\">\n<p>Das <strong>Pull Acceleration<\/strong> fur herren ist ein Sweatshirt, das f\u00fcr die h\u00e4rtesten Wetterbedingungen entwickelt wurde, wenn eine einfache Zwischenschicht nicht ausreicht. Der empfohlene Einsatzbereich ist das Bergsteigen und die Leistung in der H\u00f6he, wenn es um Aufstiege geht, bei denen das Unerwartete immer m\u00f6glich ist. Er besteht aus dem innovativen bi-elastischen Two Face-Gewebe mit einer harten, abriebfesten Au\u00dfenschicht. W\u00e4rmer und atmungsaktiv bei geringerem Volumen, dazu mit DWR-Behandlung wasserabweisend und deutlich weniger windanf\u00e4llig. Dieser Pullover hat eine Kapuze mit elastischem Saum, eine Brusttasche + zwei verschwei\u00dfte Handw\u00e4rmertaschen, alle mit Rei\u00dfverschluss, Saum und \u00c4rmelb\u00fcndchen mit elastischem Saum, alles in einem attraktiven Design.<\/p>\n<p><strong>Funktionen:<\/strong><\/p>\n<p>Offener Pullover mit Frontrei\u00dfverschluss und Kapuze<br \/>\nGeklebte Brusttasche mit Rei\u00dfverschluss<br \/>\nElastische Paspelierung an Kapuze und \u00c4rmelsaum<br \/>\nDaumenknopfloch<\/p>\n<\/div>\n<\/div>\n<\/div>\n","protected":false},"excerpt":{"rendered":"<p>Offener Pullover mit Frontrei\u00dfverschluss und Kapuze<br \/>\nGeklebte Brusttasche mit Rei\u00dfverschluss<br \/>\nElastische Paspelierung an Kapuze und \u00c4rmelsaum<\/p>\n","protected":false},"featured_media":58958,"template":"","meta":{"_acf_changed":false,"inline_featured_image":false},"product_brand":[],"product_cat":[6515,6540,6541],"product_tag":[3370,6238],"class_list":{"0":"post-80326","1":"product","2":"type-product","3":"status-publish","4":"has-post-thumbnail","6":"product_cat-herren-de","7":"product_cat-herrenbekleidung","8":"product_cat-langarmshirt","9":"product_tag-crazy-idea-de","10":"product_tag-crazy-idea-herren-de","11":"pa_attivita-gehen","12":"pa_attivita-outdoor-de","13":"pa_colore-pull-acceleration-energy-de","14":"pa_colore-pull-acceleration-fire-de","15":"pa_marca-crazy-idea-de","16":"pa_sesso-herren","17":"pa_size-small-de","19":"first","20":"instock","21":"taxable","22":"shipping-taxable","23":"purchasable","24":"product-type-variable","25":"wvs-archive-product-wrapper"},"acf":[],"yoast_head":"<!-- This site is optimized with the Yoast SEO plugin v26.8 - https:\/\/yoast.com\/product\/yoast-seo-wordpress\/ -->\n<title>Crazy Idea Pull Acceleration herren - Langarmshirts - MioMioRun<\/title>\n<meta name=\"description\" content=\"Das Pull Acceleration fur herren ist ein Sweatshirt, das f\u00fcr die h\u00e4rtesten Wetterbedingungen entwickelt wurde\" \/>\n<meta name=\"robots\" content=\"index, follow, max-snippet:-1, max-image-preview:large, max-video-preview:-1\" \/>\n<link rel=\"canonical\" href=\"https:\/\/www.miomiorun.com\/de\/produkt\/pull-acceleration-herren\/\" \/>\n<meta property=\"og:locale\" content=\"de_DE\" \/>\n<meta property=\"og:type\" content=\"article\" \/>\n<meta property=\"og:title\" content=\"Crazy Idea Pull Acceleration herren - Langarmshirts - MioMioRun\" \/>\n<meta property=\"og:description\" content=\"Das Pull Acceleration fur herren ist ein Sweatshirt, das f\u00fcr die h\u00e4rtesten Wetterbedingungen entwickelt wurde\" \/>\n<meta property=\"og:url\" content=\"https:\/\/www.miomiorun.com\/de\/produkt\/pull-acceleration-herren\/\" \/>\n<meta property=\"og:site_name\" content=\"MioMioRun\" \/>\n<meta property=\"article:publisher\" content=\"https:\/\/www.facebook.com\/miomiorun\/\" \/>\n<meta property=\"article:modified_time\" content=\"2022-11-15T10:37:45+00:00\" \/>\n<meta property=\"og:image\" content=\"https:\/\/www.miomiorun.com\/app\/uploads\/2021\/10\/crazy-idea-pull-acceleration-W21055185U-0062.jpg\" \/>\n\t<meta property=\"og:image:width\" content=\"600\" \/>\n\t<meta property=\"og:image:height\" content=\"600\" \/>\n\t<meta property=\"og:image:type\" content=\"image\/jpeg\" \/>\n<meta name=\"twitter:card\" content=\"summary_large_image\" \/>\n<meta name=\"twitter:label1\" content=\"Est. reading time\" \/>\n\t<meta name=\"twitter:data1\" content=\"1 minute\" \/>\n<script type=\"application\/ld+json\" class=\"yoast-schema-graph\">{\"@context\":\"https:\/\/schema.org\",\"@graph\":[{\"@type\":\"WebPage\",\"@id\":\"https:\/\/www.miomiorun.com\/de\/produkt\/pull-acceleration-herren\/\",\"url\":\"https:\/\/www.miomiorun.com\/de\/produkt\/pull-acceleration-herren\/\",\"name\":\"Crazy Idea Pull Acceleration herren - Langarmshirts - MioMioRun\",\"isPartOf\":{\"@id\":\"https:\/\/www.miomiorun.com\/de\/#website\"},\"primaryImageOfPage\":{\"@id\":\"https:\/\/www.miomiorun.com\/de\/produkt\/pull-acceleration-herren\/#primaryimage\"},\"image\":{\"@id\":\"https:\/\/www.miomiorun.com\/de\/produkt\/pull-acceleration-herren\/#primaryimage\"},\"thumbnailUrl\":\"https:\/\/www.miomiorun.com\/app\/uploads\/2021\/10\/crazy-idea-pull-acceleration-W21055185U-0062.jpg\",\"datePublished\":\"2021-10-12T14:50:29+00:00\",\"dateModified\":\"2022-11-15T10:37:45+00:00\",\"description\":\"Das Pull Acceleration fur herren ist ein Sweatshirt, das f\u00fcr die h\u00e4rtesten Wetterbedingungen entwickelt wurde\",\"breadcrumb\":{\"@id\":\"https:\/\/www.miomiorun.com\/de\/produkt\/pull-acceleration-herren\/#breadcrumb\"},\"inLanguage\":\"de-DE\",\"potentialAction\":[{\"@type\":\"ReadAction\",\"target\":[\"https:\/\/www.miomiorun.com\/de\/produkt\/pull-acceleration-herren\/\"]}]},{\"@type\":\"ImageObject\",\"inLanguage\":\"de-DE\",\"@id\":\"https:\/\/www.miomiorun.com\/de\/produkt\/pull-acceleration-herren\/#primaryimage\",\"url\":\"https:\/\/www.miomiorun.com\/app\/uploads\/2021\/10\/crazy-idea-pull-acceleration-W21055185U-0062.jpg\",\"contentUrl\":\"https:\/\/www.miomiorun.com\/app\/uploads\/2021\/10\/crazy-idea-pull-acceleration-W21055185U-0062.jpg\",\"width\":600,\"height\":600,\"caption\":\"crazy ideal pull acceleration\"},{\"@type\":\"BreadcrumbList\",\"@id\":\"https:\/\/www.miomiorun.com\/de\/produkt\/pull-acceleration-herren\/#breadcrumb\",\"itemListElement\":[{\"@type\":\"ListItem\",\"position\":1,\"name\":\"Home\",\"item\":\"https:\/\/www.miomiorun.com\/de\/\"},{\"@type\":\"ListItem\",\"position\":2,\"name\":\"Shop\",\"item\":\"https:\/\/www.miomiorun.com\/shop\/\"},{\"@type\":\"ListItem\",\"position\":3,\"name\":\"Pull Acceleration herren\"}]},{\"@type\":\"WebSite\",\"@id\":\"https:\/\/www.miomiorun.com\/de\/#website\",\"url\":\"https:\/\/www.miomiorun.com\/de\/\",\"name\":\"MioMioRun\",\"description\":\"100% Lauf- und Trailshop\",\"publisher\":{\"@id\":\"https:\/\/www.miomiorun.com\/de\/#organization\"},\"potentialAction\":[{\"@type\":\"SearchAction\",\"target\":{\"@type\":\"EntryPoint\",\"urlTemplate\":\"https:\/\/www.miomiorun.com\/de\/?s={search_term_string}\"},\"query-input\":{\"@type\":\"PropertyValueSpecification\",\"valueRequired\":true,\"valueName\":\"search_term_string\"}}],\"inLanguage\":\"de-DE\"},{\"@type\":\"Organization\",\"@id\":\"https:\/\/www.miomiorun.com\/de\/#organization\",\"name\":\"MioMio Run\",\"url\":\"https:\/\/www.miomiorun.com\/de\/\",\"logo\":{\"@type\":\"ImageObject\",\"inLanguage\":\"de-DE\",\"@id\":\"https:\/\/www.miomiorun.com\/de\/#\/schema\/logo\/image\/\",\"url\":\"https:\/\/www.miomiorun.com\/app\/uploads\/2019\/12\/logomio.png\",\"contentUrl\":\"https:\/\/www.miomiorun.com\/app\/uploads\/2019\/12\/logomio.png\",\"width\":115,\"height\":82,\"caption\":\"MioMio Run\"},\"image\":{\"@id\":\"https:\/\/www.miomiorun.com\/de\/#\/schema\/logo\/image\/\"},\"sameAs\":[\"https:\/\/www.facebook.com\/miomiorun\/\",\"https:\/\/www.instagram.com\/miomiorun\/\"]}]}<\/script>\n<!-- \/ Yoast SEO plugin. -->","yoast_head_json":{"title":"Crazy Idea Pull Acceleration herren - Langarmshirts - MioMioRun","description":"Das Pull Acceleration fur herren ist ein Sweatshirt, das f\u00fcr die h\u00e4rtesten Wetterbedingungen entwickelt wurde","robots":{"index":"index","follow":"follow","max-snippet":"max-snippet:-1","max-image-preview":"max-image-preview:large","max-video-preview":"max-video-preview:-1"},"canonical":"https:\/\/www.miomiorun.com\/de\/produkt\/pull-acceleration-herren\/","og_locale":"de_DE","og_type":"article","og_title":"Crazy Idea Pull Acceleration herren - Langarmshirts - MioMioRun","og_description":"Das Pull Acceleration fur herren ist ein Sweatshirt, das f\u00fcr die h\u00e4rtesten Wetterbedingungen entwickelt wurde","og_url":"https:\/\/www.miomiorun.com\/de\/produkt\/pull-acceleration-herren\/","og_site_name":"MioMioRun","article_publisher":"https:\/\/www.facebook.com\/miomiorun\/","article_modified_time":"2022-11-15T10:37:45+00:00","og_image":[{"width":600,"height":600,"url":"https:\/\/www.miomiorun.com\/app\/uploads\/2021\/10\/crazy-idea-pull-acceleration-W21055185U-0062.jpg","type":"image\/jpeg"}],"twitter_card":"summary_large_image","twitter_misc":{"Est. reading time":"1 minute"},"schema":{"@context":"https:\/\/schema.org","@graph":[{"@type":"WebPage","@id":"https:\/\/www.miomiorun.com\/de\/produkt\/pull-acceleration-herren\/","url":"https:\/\/www.miomiorun.com\/de\/produkt\/pull-acceleration-herren\/","name":"Crazy Idea Pull Acceleration herren - Langarmshirts - MioMioRun","isPartOf":{"@id":"https:\/\/www.miomiorun.com\/de\/#website"},"primaryImageOfPage":{"@id":"https:\/\/www.miomiorun.com\/de\/produkt\/pull-acceleration-herren\/#primaryimage"},"image":{"@id":"https:\/\/www.miomiorun.com\/de\/produkt\/pull-acceleration-herren\/#primaryimage"},"thumbnailUrl":"https:\/\/www.miomiorun.com\/app\/uploads\/2021\/10\/crazy-idea-pull-acceleration-W21055185U-0062.jpg","datePublished":"2021-10-12T14:50:29+00:00","dateModified":"2022-11-15T10:37:45+00:00","description":"Das Pull Acceleration fur herren ist ein Sweatshirt, das f\u00fcr die h\u00e4rtesten Wetterbedingungen entwickelt wurde","breadcrumb":{"@id":"https:\/\/www.miomiorun.com\/de\/produkt\/pull-acceleration-herren\/#breadcrumb"},"inLanguage":"de-DE","potentialAction":[{"@type":"ReadAction","target":["https:\/\/www.miomiorun.com\/de\/produkt\/pull-acceleration-herren\/"]}]},{"@type":"ImageObject","inLanguage":"de-DE","@id":"https:\/\/www.miomiorun.com\/de\/produkt\/pull-acceleration-herren\/#primaryimage","url":"https:\/\/www.miomiorun.com\/app\/uploads\/2021\/10\/crazy-idea-pull-acceleration-W21055185U-0062.jpg","contentUrl":"https:\/\/www.miomiorun.com\/app\/uploads\/2021\/10\/crazy-idea-pull-acceleration-W21055185U-0062.jpg","width":600,"height":600,"caption":"crazy ideal pull acceleration"},{"@type":"BreadcrumbList","@id":"https:\/\/www.miomiorun.com\/de\/produkt\/pull-acceleration-herren\/#breadcrumb","itemListElement":[{"@type":"ListItem","position":1,"name":"Home","item":"https:\/\/www.miomiorun.com\/de\/"},{"@type":"ListItem","position":2,"name":"Shop","item":"https:\/\/www.miomiorun.com\/shop\/"},{"@type":"ListItem","position":3,"name":"Pull Acceleration herren"}]},{"@type":"WebSite","@id":"https:\/\/www.miomiorun.com\/de\/#website","url":"https:\/\/www.miomiorun.com\/de\/","name":"MioMioRun","description":"100% Lauf- und Trailshop","publisher":{"@id":"https:\/\/www.miomiorun.com\/de\/#organization"},"potentialAction":[{"@type":"SearchAction","target":{"@type":"EntryPoint","urlTemplate":"https:\/\/www.miomiorun.com\/de\/?s={search_term_string}"},"query-input":{"@type":"PropertyValueSpecification","valueRequired":true,"valueName":"search_term_string"}}],"inLanguage":"de-DE"},{"@type":"Organization","@id":"https:\/\/www.miomiorun.com\/de\/#organization","name":"MioMio Run","url":"https:\/\/www.miomiorun.com\/de\/","logo":{"@type":"ImageObject","inLanguage":"de-DE","@id":"https:\/\/www.miomiorun.com\/de\/#\/schema\/logo\/image\/","url":"https:\/\/www.miomiorun.com\/app\/uploads\/2019\/12\/logomio.png","contentUrl":"https:\/\/www.miomiorun.com\/app\/uploads\/2019\/12\/logomio.png","width":115,"height":82,"caption":"MioMio Run"},"image":{"@id":"https:\/\/www.miomiorun.com\/de\/#\/schema\/logo\/image\/"},"sameAs":["https:\/\/www.facebook.com\/miomiorun\/","https:\/\/www.instagram.com\/miomiorun\/"]}]}},"_links":{"self":[{"href":"https:\/\/www.miomiorun.com\/de\/wp-json\/wp\/v2\/product\/80326","targetHints":{"allow":["GET"]}}],"collection":[{"href":"https:\/\/www.miomiorun.com\/de\/wp-json\/wp\/v2\/product"}],"about":[{"href":"https:\/\/www.miomiorun.com\/de\/wp-json\/wp\/v2\/types\/product"}],"wp:featuredmedia":[{"embeddable":true,"href":"https:\/\/www.miomiorun.com\/de\/wp-json\/wp\/v2\/media\/58958"}],"wp:attachment":[{"href":"https:\/\/www.miomiorun.com\/de\/wp-json\/wp\/v2\/media?parent=80326"}],"wp:term":[{"taxonomy":"product_brand","embeddable":true,"href":"https:\/\/www.miomiorun.com\/de\/wp-json\/wp\/v2\/product_brand?post=80326"},{"taxonomy":"product_cat","embeddable":true,"href":"https:\/\/www.miomiorun.com\/de\/wp-json\/wp\/v2\/product_cat?post=80326"},{"taxonomy":"product_tag","embeddable":true,"href":"https:\/\/www.miomiorun.com\/de\/wp-json\/wp\/v2\/product_tag?post=80326"}],"curies":[{"name":"wp","href":"https:\/\/api.w.org\/{rel}","templated":true}]}}