{"id":80309,"date":"2021-11-09T11:42:57","date_gmt":"2021-11-09T10:42:57","guid":{"rendered":"https:\/\/miomiorun.com\/prodotto\/crazy-idea-gloves-touch\/"},"modified":"2026-05-08T21:18:42","modified_gmt":"2026-05-08T19:18:42","slug":"gloves-touch","status":"publish","type":"product","link":"https:\/\/www.miomiorun.com\/de\/produkt\/gloves-touch\/","title":{"rendered":"Gloves Touch"},"content":{"rendered":"<p><strong>Gloves Touch<\/strong> ist ein Handschuh f\u00fcr Trekking, Schneeschuhwandern oder Laufen. Der warme und atmungsaktive HP-Stoff wird f\u00fcr viele Kleidungsst\u00fccke der Kollektion verwendet. Die Farben passen perfekt zu den f\u00fcr diese Saison vorgeschlagenen Drucken. Am Ende des Zeigefingers befindet sich ein Einsatz, der die Nutzung des Touch-Smartphones erleichtert.<\/p>\n<p>&nbsp;<\/p>\n<p>&nbsp;<\/p>\n","protected":false},"excerpt":{"rendered":"<p>Gloves Touch ist ein Handschuh f\u00fcr Trekking, Schneeschuhwandern oder Laufen. Der warme und atmungsaktive HP-Stoff wird f\u00fcr viele Kleidungsst\u00fccke der Kollektion verwendet. Die Farben passen perfekt zu den f\u00fcr diese Saison vorgeschlagenen Drucken. Am Ende des Zeigefingers befindet sich ein Einsatz, der die Nutzung des Touch-Smartphones erleichtert. &nbsp; &nbsp;<\/p>\n","protected":false},"featured_media":59530,"template":"","meta":{"_acf_changed":false,"inline_featured_image":false},"product_brand":[],"product_cat":[6342,6375],"product_tag":[3370,6237,6238],"class_list":{"0":"post-80309","1":"product","2":"type-product","3":"status-publish","4":"has-post-thumbnail","6":"product_cat-zubehoer","7":"product_cat-laufhandschuhe-zubehoer-2-de","8":"product_tag-crazy-idea-de","9":"product_tag-crazy-idea-damen-de","10":"product_tag-crazy-idea-herren-de","11":"pa_attivita-gehen","12":"pa_attivita-outdoor-de","13":"pa_attivita-trail-de","14":"pa_colore-gloves-touch-black-de","15":"pa_colore-gloves-touch-folk-lambada-de","16":"pa_colore-gloves-touch-tempest-de","17":"pa_colore-gloves-touch-w-black-de","18":"pa_colore-gloves-touch-w-cosmo-de","19":"pa_colore-gloves-touch-w-navajo-de","20":"pa_colore-gloves-touch-w-norway-de","21":"pa_marca-crazy-idea-de","22":"pa_sesso-damen","23":"pa_sesso-herren","24":"pa_size-xs-s-de","25":"pa_size-m-l-de","26":"pa_size-xl-xxl-de","28":"first","29":"instock","30":"sale","31":"taxable","32":"shipping-taxable","33":"purchasable","34":"product-type-variable","35":"wvs-archive-product-wrapper"},"acf":[],"yoast_head":"<!-- This site is optimized with the Yoast SEO plugin v26.8 - https:\/\/yoast.com\/product\/yoast-seo-wordpress\/ -->\n<title>Crazy Idea Gloves Touch - Laufhandschuhe - MioMioRun<\/title>\n<meta name=\"description\" content=\"Gloves Touch ist ein Handschuh f\u00fcr Trekking, Schneeschuhwandern oder Laufen. Der warme und atmungsaktive HP-Stoff wird f\u00fcr viele Kleidungsst\u00fccke\" \/>\n<meta name=\"robots\" content=\"index, follow, max-snippet:-1, max-image-preview:large, max-video-preview:-1\" \/>\n<link rel=\"canonical\" href=\"https:\/\/www.miomiorun.com\/de\/produkt\/gloves-touch\/\" \/>\n<meta property=\"og:locale\" content=\"de_DE\" \/>\n<meta property=\"og:type\" content=\"article\" \/>\n<meta property=\"og:title\" content=\"Crazy Idea Gloves Touch - Laufhandschuhe - MioMioRun\" \/>\n<meta property=\"og:description\" content=\"Gloves Touch ist ein Handschuh f\u00fcr Trekking, Schneeschuhwandern oder Laufen. Der warme und atmungsaktive HP-Stoff wird f\u00fcr viele Kleidungsst\u00fccke\" \/>\n<meta property=\"og:url\" content=\"https:\/\/www.miomiorun.com\/de\/produkt\/gloves-touch\/\" \/>\n<meta property=\"og:site_name\" content=\"MioMioRun\" \/>\n<meta property=\"article:publisher\" content=\"https:\/\/www.facebook.com\/miomiorun\/\" \/>\n<meta property=\"article:modified_time\" content=\"2026-05-08T19:18:42+00:00\" \/>\n<meta property=\"og:image\" content=\"https:\/\/www.miomiorun.com\/app\/uploads\/2021\/11\/crazy-idea-gloves-touch-W21285002X-03X112.jpg\" \/>\n\t<meta property=\"og:image:width\" content=\"600\" \/>\n\t<meta property=\"og:image:height\" content=\"600\" \/>\n\t<meta property=\"og:image:type\" content=\"image\/jpeg\" \/>\n<meta name=\"twitter:card\" content=\"summary_large_image\" \/>\n<meta name=\"twitter:label1\" content=\"Est. reading time\" \/>\n\t<meta name=\"twitter:data1\" content=\"1 minute\" \/>\n<script type=\"application\/ld+json\" class=\"yoast-schema-graph\">{\"@context\":\"https:\/\/schema.org\",\"@graph\":[{\"@type\":\"WebPage\",\"@id\":\"https:\/\/www.miomiorun.com\/de\/produkt\/gloves-touch\/\",\"url\":\"https:\/\/www.miomiorun.com\/de\/produkt\/gloves-touch\/\",\"name\":\"Crazy Idea Gloves Touch - Laufhandschuhe - MioMioRun\",\"isPartOf\":{\"@id\":\"https:\/\/www.miomiorun.com\/de\/#website\"},\"primaryImageOfPage\":{\"@id\":\"https:\/\/www.miomiorun.com\/de\/produkt\/gloves-touch\/#primaryimage\"},\"image\":{\"@id\":\"https:\/\/www.miomiorun.com\/de\/produkt\/gloves-touch\/#primaryimage\"},\"thumbnailUrl\":\"https:\/\/www.miomiorun.com\/app\/uploads\/2021\/11\/crazy-idea-gloves-touch-W21285002X-03X112.jpg\",\"datePublished\":\"2021-11-09T10:42:57+00:00\",\"dateModified\":\"2026-05-08T19:18:42+00:00\",\"description\":\"Gloves Touch ist ein Handschuh f\u00fcr Trekking, Schneeschuhwandern oder Laufen. Der warme und atmungsaktive HP-Stoff wird f\u00fcr viele Kleidungsst\u00fccke\",\"breadcrumb\":{\"@id\":\"https:\/\/www.miomiorun.com\/de\/produkt\/gloves-touch\/#breadcrumb\"},\"inLanguage\":\"de-DE\",\"potentialAction\":[{\"@type\":\"ReadAction\",\"target\":[\"https:\/\/www.miomiorun.com\/de\/produkt\/gloves-touch\/\"]}]},{\"@type\":\"ImageObject\",\"inLanguage\":\"de-DE\",\"@id\":\"https:\/\/www.miomiorun.com\/de\/produkt\/gloves-touch\/#primaryimage\",\"url\":\"https:\/\/www.miomiorun.com\/app\/uploads\/2021\/11\/crazy-idea-gloves-touch-W21285002X-03X112.jpg\",\"contentUrl\":\"https:\/\/www.miomiorun.com\/app\/uploads\/2021\/11\/crazy-idea-gloves-touch-W21285002X-03X112.jpg\",\"width\":600,\"height\":600,\"caption\":\"crazy idea gloves touch\"},{\"@type\":\"BreadcrumbList\",\"@id\":\"https:\/\/www.miomiorun.com\/de\/produkt\/gloves-touch\/#breadcrumb\",\"itemListElement\":[{\"@type\":\"ListItem\",\"position\":1,\"name\":\"Home\",\"item\":\"https:\/\/www.miomiorun.com\/de\/\"},{\"@type\":\"ListItem\",\"position\":2,\"name\":\"Shop\",\"item\":\"https:\/\/www.miomiorun.com\/shop\/\"},{\"@type\":\"ListItem\",\"position\":3,\"name\":\"Gloves Touch\"}]},{\"@type\":\"WebSite\",\"@id\":\"https:\/\/www.miomiorun.com\/de\/#website\",\"url\":\"https:\/\/www.miomiorun.com\/de\/\",\"name\":\"MioMioRun\",\"description\":\"100% Lauf- und Trailshop\",\"publisher\":{\"@id\":\"https:\/\/www.miomiorun.com\/de\/#organization\"},\"potentialAction\":[{\"@type\":\"SearchAction\",\"target\":{\"@type\":\"EntryPoint\",\"urlTemplate\":\"https:\/\/www.miomiorun.com\/de\/?s={search_term_string}\"},\"query-input\":{\"@type\":\"PropertyValueSpecification\",\"valueRequired\":true,\"valueName\":\"search_term_string\"}}],\"inLanguage\":\"de-DE\"},{\"@type\":\"Organization\",\"@id\":\"https:\/\/www.miomiorun.com\/de\/#organization\",\"name\":\"MioMio Run\",\"url\":\"https:\/\/www.miomiorun.com\/de\/\",\"logo\":{\"@type\":\"ImageObject\",\"inLanguage\":\"de-DE\",\"@id\":\"https:\/\/www.miomiorun.com\/de\/#\/schema\/logo\/image\/\",\"url\":\"https:\/\/www.miomiorun.com\/app\/uploads\/2019\/12\/logomio.png\",\"contentUrl\":\"https:\/\/www.miomiorun.com\/app\/uploads\/2019\/12\/logomio.png\",\"width\":115,\"height\":82,\"caption\":\"MioMio Run\"},\"image\":{\"@id\":\"https:\/\/www.miomiorun.com\/de\/#\/schema\/logo\/image\/\"},\"sameAs\":[\"https:\/\/www.facebook.com\/miomiorun\/\",\"https:\/\/www.instagram.com\/miomiorun\/\"]}]}<\/script>\n<!-- \/ Yoast SEO plugin. -->","yoast_head_json":{"title":"Crazy Idea Gloves Touch - Laufhandschuhe - MioMioRun","description":"Gloves Touch ist ein Handschuh f\u00fcr Trekking, Schneeschuhwandern oder Laufen. Der warme und atmungsaktive HP-Stoff wird f\u00fcr viele Kleidungsst\u00fccke","robots":{"index":"index","follow":"follow","max-snippet":"max-snippet:-1","max-image-preview":"max-image-preview:large","max-video-preview":"max-video-preview:-1"},"canonical":"https:\/\/www.miomiorun.com\/de\/produkt\/gloves-touch\/","og_locale":"de_DE","og_type":"article","og_title":"Crazy Idea Gloves Touch - Laufhandschuhe - MioMioRun","og_description":"Gloves Touch ist ein Handschuh f\u00fcr Trekking, Schneeschuhwandern oder Laufen. Der warme und atmungsaktive HP-Stoff wird f\u00fcr viele Kleidungsst\u00fccke","og_url":"https:\/\/www.miomiorun.com\/de\/produkt\/gloves-touch\/","og_site_name":"MioMioRun","article_publisher":"https:\/\/www.facebook.com\/miomiorun\/","article_modified_time":"2026-05-08T19:18:42+00:00","og_image":[{"width":600,"height":600,"url":"https:\/\/www.miomiorun.com\/app\/uploads\/2021\/11\/crazy-idea-gloves-touch-W21285002X-03X112.jpg","type":"image\/jpeg"}],"twitter_card":"summary_large_image","twitter_misc":{"Est. reading time":"1 minute"},"schema":{"@context":"https:\/\/schema.org","@graph":[{"@type":"WebPage","@id":"https:\/\/www.miomiorun.com\/de\/produkt\/gloves-touch\/","url":"https:\/\/www.miomiorun.com\/de\/produkt\/gloves-touch\/","name":"Crazy Idea Gloves Touch - Laufhandschuhe - MioMioRun","isPartOf":{"@id":"https:\/\/www.miomiorun.com\/de\/#website"},"primaryImageOfPage":{"@id":"https:\/\/www.miomiorun.com\/de\/produkt\/gloves-touch\/#primaryimage"},"image":{"@id":"https:\/\/www.miomiorun.com\/de\/produkt\/gloves-touch\/#primaryimage"},"thumbnailUrl":"https:\/\/www.miomiorun.com\/app\/uploads\/2021\/11\/crazy-idea-gloves-touch-W21285002X-03X112.jpg","datePublished":"2021-11-09T10:42:57+00:00","dateModified":"2026-05-08T19:18:42+00:00","description":"Gloves Touch ist ein Handschuh f\u00fcr Trekking, Schneeschuhwandern oder Laufen. Der warme und atmungsaktive HP-Stoff wird f\u00fcr viele Kleidungsst\u00fccke","breadcrumb":{"@id":"https:\/\/www.miomiorun.com\/de\/produkt\/gloves-touch\/#breadcrumb"},"inLanguage":"de-DE","potentialAction":[{"@type":"ReadAction","target":["https:\/\/www.miomiorun.com\/de\/produkt\/gloves-touch\/"]}]},{"@type":"ImageObject","inLanguage":"de-DE","@id":"https:\/\/www.miomiorun.com\/de\/produkt\/gloves-touch\/#primaryimage","url":"https:\/\/www.miomiorun.com\/app\/uploads\/2021\/11\/crazy-idea-gloves-touch-W21285002X-03X112.jpg","contentUrl":"https:\/\/www.miomiorun.com\/app\/uploads\/2021\/11\/crazy-idea-gloves-touch-W21285002X-03X112.jpg","width":600,"height":600,"caption":"crazy idea gloves touch"},{"@type":"BreadcrumbList","@id":"https:\/\/www.miomiorun.com\/de\/produkt\/gloves-touch\/#breadcrumb","itemListElement":[{"@type":"ListItem","position":1,"name":"Home","item":"https:\/\/www.miomiorun.com\/de\/"},{"@type":"ListItem","position":2,"name":"Shop","item":"https:\/\/www.miomiorun.com\/shop\/"},{"@type":"ListItem","position":3,"name":"Gloves Touch"}]},{"@type":"WebSite","@id":"https:\/\/www.miomiorun.com\/de\/#website","url":"https:\/\/www.miomiorun.com\/de\/","name":"MioMioRun","description":"100% Lauf- und Trailshop","publisher":{"@id":"https:\/\/www.miomiorun.com\/de\/#organization"},"potentialAction":[{"@type":"SearchAction","target":{"@type":"EntryPoint","urlTemplate":"https:\/\/www.miomiorun.com\/de\/?s={search_term_string}"},"query-input":{"@type":"PropertyValueSpecification","valueRequired":true,"valueName":"search_term_string"}}],"inLanguage":"de-DE"},{"@type":"Organization","@id":"https:\/\/www.miomiorun.com\/de\/#organization","name":"MioMio Run","url":"https:\/\/www.miomiorun.com\/de\/","logo":{"@type":"ImageObject","inLanguage":"de-DE","@id":"https:\/\/www.miomiorun.com\/de\/#\/schema\/logo\/image\/","url":"https:\/\/www.miomiorun.com\/app\/uploads\/2019\/12\/logomio.png","contentUrl":"https:\/\/www.miomiorun.com\/app\/uploads\/2019\/12\/logomio.png","width":115,"height":82,"caption":"MioMio Run"},"image":{"@id":"https:\/\/www.miomiorun.com\/de\/#\/schema\/logo\/image\/"},"sameAs":["https:\/\/www.facebook.com\/miomiorun\/","https:\/\/www.instagram.com\/miomiorun\/"]}]}},"_links":{"self":[{"href":"https:\/\/www.miomiorun.com\/de\/wp-json\/wp\/v2\/product\/80309","targetHints":{"allow":["GET"]}}],"collection":[{"href":"https:\/\/www.miomiorun.com\/de\/wp-json\/wp\/v2\/product"}],"about":[{"href":"https:\/\/www.miomiorun.com\/de\/wp-json\/wp\/v2\/types\/product"}],"wp:featuredmedia":[{"embeddable":true,"href":"https:\/\/www.miomiorun.com\/de\/wp-json\/wp\/v2\/media\/59530"}],"wp:attachment":[{"href":"https:\/\/www.miomiorun.com\/de\/wp-json\/wp\/v2\/media?parent=80309"}],"wp:term":[{"taxonomy":"product_brand","embeddable":true,"href":"https:\/\/www.miomiorun.com\/de\/wp-json\/wp\/v2\/product_brand?post=80309"},{"taxonomy":"product_cat","embeddable":true,"href":"https:\/\/www.miomiorun.com\/de\/wp-json\/wp\/v2\/product_cat?post=80309"},{"taxonomy":"product_tag","embeddable":true,"href":"https:\/\/www.miomiorun.com\/de\/wp-json\/wp\/v2\/product_tag?post=80309"}],"curies":[{"name":"wp","href":"https:\/\/api.w.org\/{rel}","templated":true}]}}