{"id":80252,"date":"2021-04-15T12:25:52","date_gmt":"2021-04-15T10:25:52","guid":{"rendered":"https:\/\/miomiorun.com\/prodotto\/crazy-idea-jkt-shark-donna\/"},"modified":"2025-06-25T10:48:19","modified_gmt":"2025-06-25T08:48:19","slug":"jkt-shark-damen","status":"publish","type":"product","link":"https:\/\/www.miomiorun.com\/de\/produkt\/jkt-shark-damen\/","title":{"rendered":"Jkt Shark damen"},"content":{"rendered":"<p>Die ultimative Jacke in einer femininen Version, Farbe und Schnitt! Er braucht keinen Vergleich mit anderen auf dem Markt befindlichen Produkten zu scheuen, denn er wurde mit einem einzigen Ziel entwickelt: denjenigen das Leben zu erleichtern, die sich beim Laufen in den Bergen unter einer Flutwelle wiederfinden. Der Stoff ist aus leichtem, wasserdichtem 2,75-Volumen-Dermizax-Nylon mit einer Wassers\u00e4ule von 20000 mm, atmungsaktiv und packbar. Alle N\u00e4hte sind verschwei\u00dft und elastisch, die Kapuze ist verstellbar und hat ein Schwei\u00dfband aus Mikrofaser mit fester Klappe. Auf der R\u00fcckseite befinden sich zwei Taschen mit Sicherheitsklappe, in denen Handschuhe, B\u00fcrsten oder Riegel und Gels f\u00fcr den Einsatz w\u00e4hrend des Laufs verstaut werden k\u00f6nnen. Au\u00dferdem verhindert das von Crazy entwickelte Shark-System mit seinen Bel\u00fcftungs\u00f6ffnungen unter der Achselh\u00f6hle, dass sich im Inneren Kondenswasser bildet. Die einzige Jacke, die Sie trocken h\u00e4lt, weil sie sowohl wasserdicht als auch wirklich atmungsaktiv ist.<\/p>\n<p><strong>Funktionen:<\/strong><\/p>\n<ul>\n<li>2 Ges\u00e4\u00dftaschen mit Schnellverschlu\u00df.<\/li>\n<li>Verstellbares Verdeck.<\/li>\n<li>Thermisch verschwei\u00dfte N\u00e4hte.<\/li>\n<li>20K mm wasserdicht.<\/li>\n<li>Einhaltung der ITRA-Vorschriften.<\/li>\n<li>Innovatives Crazy SHARK-Bel\u00fcftungssystem.<\/li>\n<\/ul>\n","protected":false},"excerpt":{"rendered":"<ul>\n<li>Verstellbares Verdeck.<\/li>\n<li>Thermisch verschwei\u00dfte N\u00e4hte.<\/li>\n<li>20K mm wasserdicht.<\/li>\n<\/ul>\n","protected":false},"featured_media":54970,"template":"","meta":{"_acf_changed":false,"inline_featured_image":false},"product_brand":[],"product_cat":[6401,6404],"product_tag":[3370,6237],"class_list":{"0":"post-80252","1":"product","2":"type-product","3":"status-publish","4":"has-post-thumbnail","6":"product_cat-damenbekleidung","7":"product_cat-damenjacken","8":"product_tag-crazy-idea-de","9":"product_tag-crazy-idea-damen-de","10":"pa_attivita-outdoor-de","11":"pa_attivita-trail-de","12":"pa_colore-jkt-shark-w-allium-flower-de","13":"pa_colore-jkt-shark-w-black","14":"pa_colore-jkt-shark-w-chewing-gum-de","15":"pa_colore-jkt-shark-w-mandala-de-2","16":"pa_colore-jkt-shark-w-pop-de","17":"pa_colore-jkt-shark-w-fastlight-de","18":"pa_colore-jkt-shark-w-mandala-2-de","19":"pa_marca-crazy-idea-de","20":"pa_sesso-damen","21":"pa_size-extra-small-de","22":"pa_size-small-de","23":"pa_size-medium-de","24":"pa_size-large-de","26":"first","27":"instock","28":"sale","29":"taxable","30":"shipping-taxable","31":"purchasable","32":"product-type-variable","33":"wvs-archive-product-wrapper"},"acf":[],"yoast_head":"<!-- This site is optimized with the Yoast SEO plugin v26.8 - https:\/\/yoast.com\/product\/yoast-seo-wordpress\/ -->\n<title>Crazy Idea Jkt Shark damen - Winterjacke - MioMioRun.com<\/title>\n<meta name=\"description\" content=\"Die ultimative Jacke in einer femininen Version, Farbe und Schnitt! Er braucht keinen Vergleich mit anderen auf dem Markt befindlichen Produkten\" \/>\n<meta name=\"robots\" content=\"index, follow, max-snippet:-1, max-image-preview:large, max-video-preview:-1\" \/>\n<link rel=\"canonical\" href=\"https:\/\/www.miomiorun.com\/de\/produkt\/jkt-shark-damen\/\" \/>\n<meta property=\"og:locale\" content=\"de_DE\" \/>\n<meta property=\"og:type\" content=\"article\" \/>\n<meta property=\"og:title\" content=\"Crazy Idea Jkt Shark damen - Winterjacke - MioMioRun.com\" \/>\n<meta property=\"og:description\" content=\"Die ultimative Jacke in einer femininen Version, Farbe und Schnitt! Er braucht keinen Vergleich mit anderen auf dem Markt befindlichen Produkten\" \/>\n<meta property=\"og:url\" content=\"https:\/\/www.miomiorun.com\/de\/produkt\/jkt-shark-damen\/\" \/>\n<meta property=\"og:site_name\" content=\"MioMioRun\" \/>\n<meta property=\"article:publisher\" content=\"https:\/\/www.facebook.com\/miomiorun\/\" \/>\n<meta property=\"article:modified_time\" content=\"2025-06-25T08:48:19+00:00\" \/>\n<meta property=\"og:image\" content=\"https:\/\/www.miomiorun.com\/app\/uploads\/2021\/04\/crazy-idea-JKT-Shark-W-S21055101D-00X096.jpg\" \/>\n\t<meta property=\"og:image:width\" content=\"600\" \/>\n\t<meta property=\"og:image:height\" content=\"600\" \/>\n\t<meta property=\"og:image:type\" content=\"image\/jpeg\" \/>\n<meta name=\"twitter:card\" content=\"summary_large_image\" \/>\n<meta name=\"twitter:label1\" content=\"Est. reading time\" \/>\n\t<meta name=\"twitter:data1\" content=\"1 minute\" \/>\n<script type=\"application\/ld+json\" class=\"yoast-schema-graph\">{\"@context\":\"https:\/\/schema.org\",\"@graph\":[{\"@type\":\"WebPage\",\"@id\":\"https:\/\/www.miomiorun.com\/de\/produkt\/jkt-shark-damen\/\",\"url\":\"https:\/\/www.miomiorun.com\/de\/produkt\/jkt-shark-damen\/\",\"name\":\"Crazy Idea Jkt Shark damen - Winterjacke - MioMioRun.com\",\"isPartOf\":{\"@id\":\"https:\/\/www.miomiorun.com\/de\/#website\"},\"primaryImageOfPage\":{\"@id\":\"https:\/\/www.miomiorun.com\/de\/produkt\/jkt-shark-damen\/#primaryimage\"},\"image\":{\"@id\":\"https:\/\/www.miomiorun.com\/de\/produkt\/jkt-shark-damen\/#primaryimage\"},\"thumbnailUrl\":\"https:\/\/www.miomiorun.com\/app\/uploads\/2021\/04\/crazy-idea-JKT-Shark-W-S21055101D-00X096.jpg\",\"datePublished\":\"2021-04-15T10:25:52+00:00\",\"dateModified\":\"2025-06-25T08:48:19+00:00\",\"description\":\"Die ultimative Jacke in einer femininen Version, Farbe und Schnitt! Er braucht keinen Vergleich mit anderen auf dem Markt befindlichen Produkten\",\"breadcrumb\":{\"@id\":\"https:\/\/www.miomiorun.com\/de\/produkt\/jkt-shark-damen\/#breadcrumb\"},\"inLanguage\":\"de-DE\",\"potentialAction\":[{\"@type\":\"ReadAction\",\"target\":[\"https:\/\/www.miomiorun.com\/de\/produkt\/jkt-shark-damen\/\"]}]},{\"@type\":\"ImageObject\",\"inLanguage\":\"de-DE\",\"@id\":\"https:\/\/www.miomiorun.com\/de\/produkt\/jkt-shark-damen\/#primaryimage\",\"url\":\"https:\/\/www.miomiorun.com\/app\/uploads\/2021\/04\/crazy-idea-JKT-Shark-W-S21055101D-00X096.jpg\",\"contentUrl\":\"https:\/\/www.miomiorun.com\/app\/uploads\/2021\/04\/crazy-idea-JKT-Shark-W-S21055101D-00X096.jpg\",\"width\":600,\"height\":600,\"caption\":\"crazy idea jkt shark donna\"},{\"@type\":\"BreadcrumbList\",\"@id\":\"https:\/\/www.miomiorun.com\/de\/produkt\/jkt-shark-damen\/#breadcrumb\",\"itemListElement\":[{\"@type\":\"ListItem\",\"position\":1,\"name\":\"Home\",\"item\":\"https:\/\/www.miomiorun.com\/de\/\"},{\"@type\":\"ListItem\",\"position\":2,\"name\":\"Shop\",\"item\":\"https:\/\/www.miomiorun.com\/shop\/\"},{\"@type\":\"ListItem\",\"position\":3,\"name\":\"Jkt Shark damen\"}]},{\"@type\":\"WebSite\",\"@id\":\"https:\/\/www.miomiorun.com\/de\/#website\",\"url\":\"https:\/\/www.miomiorun.com\/de\/\",\"name\":\"MioMioRun\",\"description\":\"100% Lauf- und Trailshop\",\"publisher\":{\"@id\":\"https:\/\/www.miomiorun.com\/de\/#organization\"},\"potentialAction\":[{\"@type\":\"SearchAction\",\"target\":{\"@type\":\"EntryPoint\",\"urlTemplate\":\"https:\/\/www.miomiorun.com\/de\/?s={search_term_string}\"},\"query-input\":{\"@type\":\"PropertyValueSpecification\",\"valueRequired\":true,\"valueName\":\"search_term_string\"}}],\"inLanguage\":\"de-DE\"},{\"@type\":\"Organization\",\"@id\":\"https:\/\/www.miomiorun.com\/de\/#organization\",\"name\":\"MioMio Run\",\"url\":\"https:\/\/www.miomiorun.com\/de\/\",\"logo\":{\"@type\":\"ImageObject\",\"inLanguage\":\"de-DE\",\"@id\":\"https:\/\/www.miomiorun.com\/de\/#\/schema\/logo\/image\/\",\"url\":\"https:\/\/www.miomiorun.com\/app\/uploads\/2019\/12\/logomio.png\",\"contentUrl\":\"https:\/\/www.miomiorun.com\/app\/uploads\/2019\/12\/logomio.png\",\"width\":115,\"height\":82,\"caption\":\"MioMio Run\"},\"image\":{\"@id\":\"https:\/\/www.miomiorun.com\/de\/#\/schema\/logo\/image\/\"},\"sameAs\":[\"https:\/\/www.facebook.com\/miomiorun\/\",\"https:\/\/www.instagram.com\/miomiorun\/\"]}]}<\/script>\n<!-- \/ Yoast SEO plugin. -->","yoast_head_json":{"title":"Crazy Idea Jkt Shark damen - Winterjacke - MioMioRun.com","description":"Die ultimative Jacke in einer femininen Version, Farbe und Schnitt! Er braucht keinen Vergleich mit anderen auf dem Markt befindlichen Produkten","robots":{"index":"index","follow":"follow","max-snippet":"max-snippet:-1","max-image-preview":"max-image-preview:large","max-video-preview":"max-video-preview:-1"},"canonical":"https:\/\/www.miomiorun.com\/de\/produkt\/jkt-shark-damen\/","og_locale":"de_DE","og_type":"article","og_title":"Crazy Idea Jkt Shark damen - Winterjacke - MioMioRun.com","og_description":"Die ultimative Jacke in einer femininen Version, Farbe und Schnitt! Er braucht keinen Vergleich mit anderen auf dem Markt befindlichen Produkten","og_url":"https:\/\/www.miomiorun.com\/de\/produkt\/jkt-shark-damen\/","og_site_name":"MioMioRun","article_publisher":"https:\/\/www.facebook.com\/miomiorun\/","article_modified_time":"2025-06-25T08:48:19+00:00","og_image":[{"width":600,"height":600,"url":"https:\/\/www.miomiorun.com\/app\/uploads\/2021\/04\/crazy-idea-JKT-Shark-W-S21055101D-00X096.jpg","type":"image\/jpeg"}],"twitter_card":"summary_large_image","twitter_misc":{"Est. reading time":"1 minute"},"schema":{"@context":"https:\/\/schema.org","@graph":[{"@type":"WebPage","@id":"https:\/\/www.miomiorun.com\/de\/produkt\/jkt-shark-damen\/","url":"https:\/\/www.miomiorun.com\/de\/produkt\/jkt-shark-damen\/","name":"Crazy Idea Jkt Shark damen - Winterjacke - MioMioRun.com","isPartOf":{"@id":"https:\/\/www.miomiorun.com\/de\/#website"},"primaryImageOfPage":{"@id":"https:\/\/www.miomiorun.com\/de\/produkt\/jkt-shark-damen\/#primaryimage"},"image":{"@id":"https:\/\/www.miomiorun.com\/de\/produkt\/jkt-shark-damen\/#primaryimage"},"thumbnailUrl":"https:\/\/www.miomiorun.com\/app\/uploads\/2021\/04\/crazy-idea-JKT-Shark-W-S21055101D-00X096.jpg","datePublished":"2021-04-15T10:25:52+00:00","dateModified":"2025-06-25T08:48:19+00:00","description":"Die ultimative Jacke in einer femininen Version, Farbe und Schnitt! Er braucht keinen Vergleich mit anderen auf dem Markt befindlichen Produkten","breadcrumb":{"@id":"https:\/\/www.miomiorun.com\/de\/produkt\/jkt-shark-damen\/#breadcrumb"},"inLanguage":"de-DE","potentialAction":[{"@type":"ReadAction","target":["https:\/\/www.miomiorun.com\/de\/produkt\/jkt-shark-damen\/"]}]},{"@type":"ImageObject","inLanguage":"de-DE","@id":"https:\/\/www.miomiorun.com\/de\/produkt\/jkt-shark-damen\/#primaryimage","url":"https:\/\/www.miomiorun.com\/app\/uploads\/2021\/04\/crazy-idea-JKT-Shark-W-S21055101D-00X096.jpg","contentUrl":"https:\/\/www.miomiorun.com\/app\/uploads\/2021\/04\/crazy-idea-JKT-Shark-W-S21055101D-00X096.jpg","width":600,"height":600,"caption":"crazy idea jkt shark donna"},{"@type":"BreadcrumbList","@id":"https:\/\/www.miomiorun.com\/de\/produkt\/jkt-shark-damen\/#breadcrumb","itemListElement":[{"@type":"ListItem","position":1,"name":"Home","item":"https:\/\/www.miomiorun.com\/de\/"},{"@type":"ListItem","position":2,"name":"Shop","item":"https:\/\/www.miomiorun.com\/shop\/"},{"@type":"ListItem","position":3,"name":"Jkt Shark damen"}]},{"@type":"WebSite","@id":"https:\/\/www.miomiorun.com\/de\/#website","url":"https:\/\/www.miomiorun.com\/de\/","name":"MioMioRun","description":"100% Lauf- und Trailshop","publisher":{"@id":"https:\/\/www.miomiorun.com\/de\/#organization"},"potentialAction":[{"@type":"SearchAction","target":{"@type":"EntryPoint","urlTemplate":"https:\/\/www.miomiorun.com\/de\/?s={search_term_string}"},"query-input":{"@type":"PropertyValueSpecification","valueRequired":true,"valueName":"search_term_string"}}],"inLanguage":"de-DE"},{"@type":"Organization","@id":"https:\/\/www.miomiorun.com\/de\/#organization","name":"MioMio Run","url":"https:\/\/www.miomiorun.com\/de\/","logo":{"@type":"ImageObject","inLanguage":"de-DE","@id":"https:\/\/www.miomiorun.com\/de\/#\/schema\/logo\/image\/","url":"https:\/\/www.miomiorun.com\/app\/uploads\/2019\/12\/logomio.png","contentUrl":"https:\/\/www.miomiorun.com\/app\/uploads\/2019\/12\/logomio.png","width":115,"height":82,"caption":"MioMio Run"},"image":{"@id":"https:\/\/www.miomiorun.com\/de\/#\/schema\/logo\/image\/"},"sameAs":["https:\/\/www.facebook.com\/miomiorun\/","https:\/\/www.instagram.com\/miomiorun\/"]}]}},"_links":{"self":[{"href":"https:\/\/www.miomiorun.com\/de\/wp-json\/wp\/v2\/product\/80252","targetHints":{"allow":["GET"]}}],"collection":[{"href":"https:\/\/www.miomiorun.com\/de\/wp-json\/wp\/v2\/product"}],"about":[{"href":"https:\/\/www.miomiorun.com\/de\/wp-json\/wp\/v2\/types\/product"}],"wp:featuredmedia":[{"embeddable":true,"href":"https:\/\/www.miomiorun.com\/de\/wp-json\/wp\/v2\/media\/54970"}],"wp:attachment":[{"href":"https:\/\/www.miomiorun.com\/de\/wp-json\/wp\/v2\/media?parent=80252"}],"wp:term":[{"taxonomy":"product_brand","embeddable":true,"href":"https:\/\/www.miomiorun.com\/de\/wp-json\/wp\/v2\/product_brand?post=80252"},{"taxonomy":"product_cat","embeddable":true,"href":"https:\/\/www.miomiorun.com\/de\/wp-json\/wp\/v2\/product_cat?post=80252"},{"taxonomy":"product_tag","embeddable":true,"href":"https:\/\/www.miomiorun.com\/de\/wp-json\/wp\/v2\/product_tag?post=80252"}],"curies":[{"name":"wp","href":"https:\/\/api.w.org\/{rel}","templated":true}]}}