{"id":80184,"date":"2021-09-16T10:49:30","date_gmt":"2021-09-16T08:49:30","guid":{"rendered":"https:\/\/miomiorun.com\/prodotto\/crazy-idea-pull-inspire-donna\/"},"modified":"2026-05-08T21:05:56","modified_gmt":"2026-05-08T19:05:56","slug":"pull-inspire-damen","status":"publish","type":"product","link":"https:\/\/www.miomiorun.com\/de\/produkt\/pull-inspire-damen\/","title":{"rendered":"Pull Inspire damen"},"content":{"rendered":"<p>Das <strong>Pull Inspire<\/strong> fur damen ist mit durchgehender \u00d6ffnung ist warm und hoch atmungsaktiv, perfekt f\u00fcr intensive Aktivit\u00e4ten, bei denen man schwitzen muss. Aus weichem, w\u00e4rmendem Pelz mit Wabeneffekt im Brust- und R\u00fcckenbereich und Eins\u00e4tzen aus Stretchmaterial und Fleece auf der Innenseite, unter den Achseln und an den Seiten, um den Tragekomfort zu verbessern.<\/p>\n<p><strong>Funktionen:<\/strong><\/p>\n<ul>\n<li>Hauptmaterial: 100% Polyester.<\/li>\n<li>Sekund\u00e4rstoff: 96% Polyester 4% Elastan.<\/li>\n<li>Vier-Wege-Stretchmaterial.<\/li>\n<li>Zwei kontrastierende Rei\u00dfverschlusstaschen.<\/li>\n<li>Daumenschlaufe.<\/li>\n<li>Ergonomische Kapuze.<\/li>\n<li>Kontrastn\u00e4hte in fuchsia.<\/li>\n<li>Stickerei der Marke Crazy Idea auf dem \u00c4rmel.<\/li>\n<\/ul>\n","protected":false},"excerpt":{"rendered":"<p>Das Pull Inspire fur damen ist mit durchgehender \u00d6ffnung ist warm und hoch atmungsaktiv, perfekt f\u00fcr intensive Aktivit\u00e4ten, bei denen man schwitzen muss. Aus weichem, w\u00e4rmendem Pelz mit Wabeneffekt im Brust- und R\u00fcckenbereich und Eins\u00e4tzen aus Stretchmaterial und Fleece auf der Innenseite, unter den Achseln und an den Seiten, um den Tragekomfort zu verbessern. Funktionen: &hellip; <a href=\"https:\/\/www.miomiorun.com\/de\/produkt\/pull-inspire-damen\/\">Continued<\/a><\/p>\n","protected":false},"featured_media":85654,"template":"","meta":{"_acf_changed":false,"inline_featured_image":false},"product_brand":[],"product_cat":[6400,6401,6486],"product_tag":[3370,6237],"class_list":{"0":"post-80184","1":"product","2":"type-product","3":"status-publish","4":"has-post-thumbnail","6":"product_cat-damen","7":"product_cat-damenbekleidung","8":"product_cat-damenlangarmshirts","9":"product_tag-crazy-idea-de","10":"product_tag-crazy-idea-damen-de","11":"pa_attivita-gehen","12":"pa_attivita-outdoor-de","13":"pa_colore-pull-inspire-w-lambada-de","14":"pa_marca-crazy-idea-de","15":"pa_sesso-damen","16":"pa_size-extra-small-de","18":"first","19":"outofstock","20":"taxable","21":"shipping-taxable","22":"product-type-variable","23":"wvs-archive-product-wrapper"},"acf":[],"yoast_head":"<!-- This site is optimized with the Yoast SEO plugin v26.8 - https:\/\/yoast.com\/product\/yoast-seo-wordpress\/ -->\n<title>Crazy Idea Pull Inspire damen - Lauf langarmshirt- MioMioRun<\/title>\n<meta name=\"description\" content=\"Das Pull Inspire fur damen ist i ein technisches Sport-Sweatshirt von Crazy Idea, ideal f\u00fcr Trekking, Klettern, Bergsport, aber auch f\u00fcr die Freizeit.\" \/>\n<meta name=\"robots\" content=\"index, follow, max-snippet:-1, max-image-preview:large, max-video-preview:-1\" \/>\n<link rel=\"canonical\" href=\"https:\/\/www.miomiorun.com\/de\/produkt\/pull-inspire-damen\/\" \/>\n<meta property=\"og:locale\" content=\"de_DE\" \/>\n<meta property=\"og:type\" content=\"article\" \/>\n<meta property=\"og:title\" content=\"Crazy Idea Pull Inspire damen - Lauf langarmshirt- MioMioRun\" \/>\n<meta property=\"og:description\" content=\"Das Pull Inspire fur damen ist i ein technisches Sport-Sweatshirt von Crazy Idea, ideal f\u00fcr Trekking, Klettern, Bergsport, aber auch f\u00fcr die Freizeit.\" \/>\n<meta property=\"og:url\" content=\"https:\/\/www.miomiorun.com\/de\/produkt\/pull-inspire-damen\/\" \/>\n<meta property=\"og:site_name\" content=\"MioMioRun\" \/>\n<meta property=\"article:publisher\" content=\"https:\/\/www.facebook.com\/miomiorun\/\" \/>\n<meta property=\"article:modified_time\" content=\"2026-05-08T19:05:56+00:00\" \/>\n<meta property=\"og:image\" content=\"https:\/\/www.miomiorun.com\/app\/uploads\/2022\/09\/crazy-idea-pull-inspire-W-lambada-W22025087D-0044.jpg\" \/>\n\t<meta property=\"og:image:width\" content=\"600\" \/>\n\t<meta property=\"og:image:height\" content=\"600\" \/>\n\t<meta property=\"og:image:type\" content=\"image\/jpeg\" \/>\n<meta name=\"twitter:card\" content=\"summary_large_image\" \/>\n<meta name=\"twitter:label1\" content=\"Est. reading time\" \/>\n\t<meta name=\"twitter:data1\" content=\"1 minute\" \/>\n<script type=\"application\/ld+json\" class=\"yoast-schema-graph\">{\"@context\":\"https:\/\/schema.org\",\"@graph\":[{\"@type\":\"WebPage\",\"@id\":\"https:\/\/www.miomiorun.com\/de\/produkt\/pull-inspire-damen\/\",\"url\":\"https:\/\/www.miomiorun.com\/de\/produkt\/pull-inspire-damen\/\",\"name\":\"Crazy Idea Pull Inspire damen - Lauf langarmshirt- MioMioRun\",\"isPartOf\":{\"@id\":\"https:\/\/www.miomiorun.com\/de\/#website\"},\"primaryImageOfPage\":{\"@id\":\"https:\/\/www.miomiorun.com\/de\/produkt\/pull-inspire-damen\/#primaryimage\"},\"image\":{\"@id\":\"https:\/\/www.miomiorun.com\/de\/produkt\/pull-inspire-damen\/#primaryimage\"},\"thumbnailUrl\":\"https:\/\/www.miomiorun.com\/app\/uploads\/2022\/09\/crazy-idea-pull-inspire-W-lambada-W22025087D-0044.jpg\",\"datePublished\":\"2021-09-16T08:49:30+00:00\",\"dateModified\":\"2026-05-08T19:05:56+00:00\",\"description\":\"Das Pull Inspire fur damen ist i ein technisches Sport-Sweatshirt von Crazy Idea, ideal f\u00fcr Trekking, Klettern, Bergsport, aber auch f\u00fcr die Freizeit.\",\"breadcrumb\":{\"@id\":\"https:\/\/www.miomiorun.com\/de\/produkt\/pull-inspire-damen\/#breadcrumb\"},\"inLanguage\":\"de-DE\",\"potentialAction\":[{\"@type\":\"ReadAction\",\"target\":[\"https:\/\/www.miomiorun.com\/de\/produkt\/pull-inspire-damen\/\"]}]},{\"@type\":\"ImageObject\",\"inLanguage\":\"de-DE\",\"@id\":\"https:\/\/www.miomiorun.com\/de\/produkt\/pull-inspire-damen\/#primaryimage\",\"url\":\"https:\/\/www.miomiorun.com\/app\/uploads\/2022\/09\/crazy-idea-pull-inspire-W-lambada-W22025087D-0044.jpg\",\"contentUrl\":\"https:\/\/www.miomiorun.com\/app\/uploads\/2022\/09\/crazy-idea-pull-inspire-W-lambada-W22025087D-0044.jpg\",\"width\":600,\"height\":600,\"caption\":\"crazy-idea-pull-inspire-W-lambada-W22025087D-0044\"},{\"@type\":\"BreadcrumbList\",\"@id\":\"https:\/\/www.miomiorun.com\/de\/produkt\/pull-inspire-damen\/#breadcrumb\",\"itemListElement\":[{\"@type\":\"ListItem\",\"position\":1,\"name\":\"Home\",\"item\":\"https:\/\/www.miomiorun.com\/de\/\"},{\"@type\":\"ListItem\",\"position\":2,\"name\":\"Shop\",\"item\":\"https:\/\/www.miomiorun.com\/shop\/\"},{\"@type\":\"ListItem\",\"position\":3,\"name\":\"Pull Inspire damen\"}]},{\"@type\":\"WebSite\",\"@id\":\"https:\/\/www.miomiorun.com\/de\/#website\",\"url\":\"https:\/\/www.miomiorun.com\/de\/\",\"name\":\"MioMioRun\",\"description\":\"100% Lauf- und Trailshop\",\"publisher\":{\"@id\":\"https:\/\/www.miomiorun.com\/de\/#organization\"},\"potentialAction\":[{\"@type\":\"SearchAction\",\"target\":{\"@type\":\"EntryPoint\",\"urlTemplate\":\"https:\/\/www.miomiorun.com\/de\/?s={search_term_string}\"},\"query-input\":{\"@type\":\"PropertyValueSpecification\",\"valueRequired\":true,\"valueName\":\"search_term_string\"}}],\"inLanguage\":\"de-DE\"},{\"@type\":\"Organization\",\"@id\":\"https:\/\/www.miomiorun.com\/de\/#organization\",\"name\":\"MioMio Run\",\"url\":\"https:\/\/www.miomiorun.com\/de\/\",\"logo\":{\"@type\":\"ImageObject\",\"inLanguage\":\"de-DE\",\"@id\":\"https:\/\/www.miomiorun.com\/de\/#\/schema\/logo\/image\/\",\"url\":\"https:\/\/www.miomiorun.com\/app\/uploads\/2019\/12\/logomio.png\",\"contentUrl\":\"https:\/\/www.miomiorun.com\/app\/uploads\/2019\/12\/logomio.png\",\"width\":115,\"height\":82,\"caption\":\"MioMio Run\"},\"image\":{\"@id\":\"https:\/\/www.miomiorun.com\/de\/#\/schema\/logo\/image\/\"},\"sameAs\":[\"https:\/\/www.facebook.com\/miomiorun\/\",\"https:\/\/www.instagram.com\/miomiorun\/\"]}]}<\/script>\n<!-- \/ Yoast SEO plugin. -->","yoast_head_json":{"title":"Crazy Idea Pull Inspire damen - Lauf langarmshirt- MioMioRun","description":"Das Pull Inspire fur damen ist i ein technisches Sport-Sweatshirt von Crazy Idea, ideal f\u00fcr Trekking, Klettern, Bergsport, aber auch f\u00fcr die Freizeit.","robots":{"index":"index","follow":"follow","max-snippet":"max-snippet:-1","max-image-preview":"max-image-preview:large","max-video-preview":"max-video-preview:-1"},"canonical":"https:\/\/www.miomiorun.com\/de\/produkt\/pull-inspire-damen\/","og_locale":"de_DE","og_type":"article","og_title":"Crazy Idea Pull Inspire damen - Lauf langarmshirt- MioMioRun","og_description":"Das Pull Inspire fur damen ist i ein technisches Sport-Sweatshirt von Crazy Idea, ideal f\u00fcr Trekking, Klettern, Bergsport, aber auch f\u00fcr die Freizeit.","og_url":"https:\/\/www.miomiorun.com\/de\/produkt\/pull-inspire-damen\/","og_site_name":"MioMioRun","article_publisher":"https:\/\/www.facebook.com\/miomiorun\/","article_modified_time":"2026-05-08T19:05:56+00:00","og_image":[{"width":600,"height":600,"url":"https:\/\/www.miomiorun.com\/app\/uploads\/2022\/09\/crazy-idea-pull-inspire-W-lambada-W22025087D-0044.jpg","type":"image\/jpeg"}],"twitter_card":"summary_large_image","twitter_misc":{"Est. reading time":"1 minute"},"schema":{"@context":"https:\/\/schema.org","@graph":[{"@type":"WebPage","@id":"https:\/\/www.miomiorun.com\/de\/produkt\/pull-inspire-damen\/","url":"https:\/\/www.miomiorun.com\/de\/produkt\/pull-inspire-damen\/","name":"Crazy Idea Pull Inspire damen - Lauf langarmshirt- MioMioRun","isPartOf":{"@id":"https:\/\/www.miomiorun.com\/de\/#website"},"primaryImageOfPage":{"@id":"https:\/\/www.miomiorun.com\/de\/produkt\/pull-inspire-damen\/#primaryimage"},"image":{"@id":"https:\/\/www.miomiorun.com\/de\/produkt\/pull-inspire-damen\/#primaryimage"},"thumbnailUrl":"https:\/\/www.miomiorun.com\/app\/uploads\/2022\/09\/crazy-idea-pull-inspire-W-lambada-W22025087D-0044.jpg","datePublished":"2021-09-16T08:49:30+00:00","dateModified":"2026-05-08T19:05:56+00:00","description":"Das Pull Inspire fur damen ist i ein technisches Sport-Sweatshirt von Crazy Idea, ideal f\u00fcr Trekking, Klettern, Bergsport, aber auch f\u00fcr die Freizeit.","breadcrumb":{"@id":"https:\/\/www.miomiorun.com\/de\/produkt\/pull-inspire-damen\/#breadcrumb"},"inLanguage":"de-DE","potentialAction":[{"@type":"ReadAction","target":["https:\/\/www.miomiorun.com\/de\/produkt\/pull-inspire-damen\/"]}]},{"@type":"ImageObject","inLanguage":"de-DE","@id":"https:\/\/www.miomiorun.com\/de\/produkt\/pull-inspire-damen\/#primaryimage","url":"https:\/\/www.miomiorun.com\/app\/uploads\/2022\/09\/crazy-idea-pull-inspire-W-lambada-W22025087D-0044.jpg","contentUrl":"https:\/\/www.miomiorun.com\/app\/uploads\/2022\/09\/crazy-idea-pull-inspire-W-lambada-W22025087D-0044.jpg","width":600,"height":600,"caption":"crazy-idea-pull-inspire-W-lambada-W22025087D-0044"},{"@type":"BreadcrumbList","@id":"https:\/\/www.miomiorun.com\/de\/produkt\/pull-inspire-damen\/#breadcrumb","itemListElement":[{"@type":"ListItem","position":1,"name":"Home","item":"https:\/\/www.miomiorun.com\/de\/"},{"@type":"ListItem","position":2,"name":"Shop","item":"https:\/\/www.miomiorun.com\/shop\/"},{"@type":"ListItem","position":3,"name":"Pull Inspire damen"}]},{"@type":"WebSite","@id":"https:\/\/www.miomiorun.com\/de\/#website","url":"https:\/\/www.miomiorun.com\/de\/","name":"MioMioRun","description":"100% Lauf- und Trailshop","publisher":{"@id":"https:\/\/www.miomiorun.com\/de\/#organization"},"potentialAction":[{"@type":"SearchAction","target":{"@type":"EntryPoint","urlTemplate":"https:\/\/www.miomiorun.com\/de\/?s={search_term_string}"},"query-input":{"@type":"PropertyValueSpecification","valueRequired":true,"valueName":"search_term_string"}}],"inLanguage":"de-DE"},{"@type":"Organization","@id":"https:\/\/www.miomiorun.com\/de\/#organization","name":"MioMio Run","url":"https:\/\/www.miomiorun.com\/de\/","logo":{"@type":"ImageObject","inLanguage":"de-DE","@id":"https:\/\/www.miomiorun.com\/de\/#\/schema\/logo\/image\/","url":"https:\/\/www.miomiorun.com\/app\/uploads\/2019\/12\/logomio.png","contentUrl":"https:\/\/www.miomiorun.com\/app\/uploads\/2019\/12\/logomio.png","width":115,"height":82,"caption":"MioMio Run"},"image":{"@id":"https:\/\/www.miomiorun.com\/de\/#\/schema\/logo\/image\/"},"sameAs":["https:\/\/www.facebook.com\/miomiorun\/","https:\/\/www.instagram.com\/miomiorun\/"]}]}},"_links":{"self":[{"href":"https:\/\/www.miomiorun.com\/de\/wp-json\/wp\/v2\/product\/80184","targetHints":{"allow":["GET"]}}],"collection":[{"href":"https:\/\/www.miomiorun.com\/de\/wp-json\/wp\/v2\/product"}],"about":[{"href":"https:\/\/www.miomiorun.com\/de\/wp-json\/wp\/v2\/types\/product"}],"wp:featuredmedia":[{"embeddable":true,"href":"https:\/\/www.miomiorun.com\/de\/wp-json\/wp\/v2\/media\/85654"}],"wp:attachment":[{"href":"https:\/\/www.miomiorun.com\/de\/wp-json\/wp\/v2\/media?parent=80184"}],"wp:term":[{"taxonomy":"product_brand","embeddable":true,"href":"https:\/\/www.miomiorun.com\/de\/wp-json\/wp\/v2\/product_brand?post=80184"},{"taxonomy":"product_cat","embeddable":true,"href":"https:\/\/www.miomiorun.com\/de\/wp-json\/wp\/v2\/product_cat?post=80184"},{"taxonomy":"product_tag","embeddable":true,"href":"https:\/\/www.miomiorun.com\/de\/wp-json\/wp\/v2\/product_tag?post=80184"}],"curies":[{"name":"wp","href":"https:\/\/api.w.org\/{rel}","templated":true}]}}