{"id":80156,"date":"2021-09-16T11:00:29","date_gmt":"2021-09-16T09:00:29","guid":{"rendered":"https:\/\/miomiorun.com\/prodotto\/crazy-idea-pant-alpinstar-donna\/"},"modified":"2022-11-09T17:10:00","modified_gmt":"2022-11-09T16:10:00","slug":"pant-alpinstar-damen","status":"publish","type":"product","link":"https:\/\/www.miomiorun.com\/de\/produkt\/pant-alpinstar-damen\/","title":{"rendered":"Pant Alpinstar damen"},"content":{"rendered":"<div class=\"product--description\">\n<p>Die <strong>Alpinstar Pant<\/strong> f\u00fcr Damen ist die technischste und kompletteste Hochgebirgshose der Kollektion. Sie eignet sich zum Bergsteigen oder Skitourengehen unter extremen Bedingungen und ist auch f\u00fcr die Besteigung von Eisf\u00e4llen geeignet.<\/p>\n<p>Hergestellt aus weichem und warmem Softshell mit italienischer ITTAI-Membran, winddicht und stark wasserabweisend. Der \u00d6ffnungsbund ist mit einem elastischen Klettverschluss an der H\u00fcfte verstellbar, und es gibt Schlaufen f\u00fcr Hosentr\u00e4ger. Es gibt 5 Taschen, alle mit Rei\u00dfverschl\u00fcssen, zwei vorne, eine am rechten Bein und zwei an den Seiten, die sehr n\u00fctzlich sind, um die Bel\u00fcftung zu regulieren. Die Beinabschl\u00fcsse sind wasserdicht, die Gamasche ist mit einem Rei\u00dfverschluss verstellbar und hat ein elastisches Band, um die Passform f\u00fcr alle Skitourenstiefel zu verbessern. Auf der Innenseite befindet sich eine Verst\u00e4rkung mit einer aufgebrachten Folie, die vor Schnitten durch Steigeisen oder Skifolie sch\u00fctzt.<\/p>\n<p><strong>Funktionen:<\/strong><\/p>\n<ul>\n<li>Verstellbarer, elastischer Bund mit Klettverschlussriemen.<\/li>\n<li>Zwei Rei\u00dfverschlusstaschen an den H\u00e4nden.<\/li>\n<li>Rei\u00dfverschlusstasche am rechten Oberschenkel und zwei Seitentaschen, ebenfalls mit Rei\u00dfverschluss, die als L\u00fcftungsschlitze dienen.<\/li>\n<li>Wasserdichte Unterschenkelmanschette mit elastischem Zwickel und Rei\u00dfverschluss.<\/li>\n<\/ul>\n<\/div>\n","protected":false},"excerpt":{"rendered":"<ul>\n<li>Zwei Rei\u00dfverschlusstaschen an den H\u00e4nden.<\/li>\n<li>Rei\u00dfverschlusstasche am rechten Oberschenkel und zwei Seitentaschen, ebenfalls mit Rei\u00dfverschluss, die als L\u00fcftungsschlitze dienen.<\/li>\n<li>Wasserdichte Unterschenkelmanschette mit elastischem Zwickel und Rei\u00dfverschluss.<\/li>\n<\/ul>\n","protected":false},"featured_media":58016,"template":"","meta":{"_acf_changed":false,"inline_featured_image":false},"product_brand":[],"product_cat":[6401,6487],"product_tag":[3370,6237],"class_list":{"0":"post-80156","1":"product","2":"type-product","3":"status-publish","4":"has-post-thumbnail","6":"product_cat-damenbekleidung","7":"product_cat-damenhosen","8":"product_tag-crazy-idea-de","9":"product_tag-crazy-idea-damen-de","10":"pa_attivita-outdoor-de","11":"pa_colore-pant-alpinstar-black-de","12":"pa_colore-pant-alpinstar-w-black-de","13":"pa_marca-crazy-idea-de","14":"pa_sesso-damen","15":"pa_size-40-de","16":"pa_size-42-de","17":"pa_size-44-de","18":"pa_size-46-de","20":"first","21":"instock","22":"sale","23":"taxable","24":"shipping-taxable","25":"purchasable","26":"product-type-variable","27":"wvs-archive-product-wrapper"},"acf":[],"yoast_head":"<!-- This site is optimized with the Yoast SEO plugin v26.8 - https:\/\/yoast.com\/product\/yoast-seo-wordpress\/ -->\n<title>Crazy Idea Pant Alpinstar damen - Hosen damen - MioMioRun<\/title>\n<meta name=\"description\" content=\"Die Alpinstar Pant f\u00fcr Damen ist die technischste und kompletteste Hochgebirgshose der Kollektion. Sie eignet sich zum Bergsteigen oder Skitourengehen\" \/>\n<meta name=\"robots\" content=\"index, follow, max-snippet:-1, max-image-preview:large, max-video-preview:-1\" \/>\n<link rel=\"canonical\" href=\"https:\/\/www.miomiorun.com\/de\/produkt\/pant-alpinstar-damen\/\" \/>\n<meta property=\"og:locale\" content=\"de_DE\" \/>\n<meta property=\"og:type\" content=\"article\" \/>\n<meta property=\"og:title\" content=\"Crazy Idea Pant Alpinstar damen - Hosen damen - MioMioRun\" \/>\n<meta property=\"og:description\" content=\"Die Alpinstar Pant f\u00fcr Damen ist die technischste und kompletteste Hochgebirgshose der Kollektion. Sie eignet sich zum Bergsteigen oder Skitourengehen\" \/>\n<meta property=\"og:url\" content=\"https:\/\/www.miomiorun.com\/de\/produkt\/pant-alpinstar-damen\/\" \/>\n<meta property=\"og:site_name\" content=\"MioMioRun\" \/>\n<meta property=\"article:publisher\" content=\"https:\/\/www.facebook.com\/miomiorun\/\" \/>\n<meta property=\"article:modified_time\" content=\"2022-11-09T16:10:00+00:00\" \/>\n<meta property=\"og:image\" content=\"https:\/\/www.miomiorun.com\/app\/uploads\/2021\/09\/crazy-idea-pant-alpinstar-W21015196D-0062.jpg\" \/>\n\t<meta property=\"og:image:width\" content=\"600\" \/>\n\t<meta property=\"og:image:height\" content=\"600\" \/>\n\t<meta property=\"og:image:type\" content=\"image\/jpeg\" \/>\n<meta name=\"twitter:card\" content=\"summary_large_image\" \/>\n<meta name=\"twitter:label1\" content=\"Est. reading time\" \/>\n\t<meta name=\"twitter:data1\" content=\"1 minute\" \/>\n<script type=\"application\/ld+json\" class=\"yoast-schema-graph\">{\"@context\":\"https:\/\/schema.org\",\"@graph\":[{\"@type\":\"WebPage\",\"@id\":\"https:\/\/www.miomiorun.com\/de\/produkt\/pant-alpinstar-damen\/\",\"url\":\"https:\/\/www.miomiorun.com\/de\/produkt\/pant-alpinstar-damen\/\",\"name\":\"Crazy Idea Pant Alpinstar damen - Hosen damen - MioMioRun\",\"isPartOf\":{\"@id\":\"https:\/\/www.miomiorun.com\/de\/#website\"},\"primaryImageOfPage\":{\"@id\":\"https:\/\/www.miomiorun.com\/de\/produkt\/pant-alpinstar-damen\/#primaryimage\"},\"image\":{\"@id\":\"https:\/\/www.miomiorun.com\/de\/produkt\/pant-alpinstar-damen\/#primaryimage\"},\"thumbnailUrl\":\"https:\/\/www.miomiorun.com\/app\/uploads\/2021\/09\/crazy-idea-pant-alpinstar-W21015196D-0062.jpg\",\"datePublished\":\"2021-09-16T09:00:29+00:00\",\"dateModified\":\"2022-11-09T16:10:00+00:00\",\"description\":\"Die Alpinstar Pant f\u00fcr Damen ist die technischste und kompletteste Hochgebirgshose der Kollektion. Sie eignet sich zum Bergsteigen oder Skitourengehen\",\"breadcrumb\":{\"@id\":\"https:\/\/www.miomiorun.com\/de\/produkt\/pant-alpinstar-damen\/#breadcrumb\"},\"inLanguage\":\"de-DE\",\"potentialAction\":[{\"@type\":\"ReadAction\",\"target\":[\"https:\/\/www.miomiorun.com\/de\/produkt\/pant-alpinstar-damen\/\"]}]},{\"@type\":\"ImageObject\",\"inLanguage\":\"de-DE\",\"@id\":\"https:\/\/www.miomiorun.com\/de\/produkt\/pant-alpinstar-damen\/#primaryimage\",\"url\":\"https:\/\/www.miomiorun.com\/app\/uploads\/2021\/09\/crazy-idea-pant-alpinstar-W21015196D-0062.jpg\",\"contentUrl\":\"https:\/\/www.miomiorun.com\/app\/uploads\/2021\/09\/crazy-idea-pant-alpinstar-W21015196D-0062.jpg\",\"width\":600,\"height\":600,\"caption\":\"crazy idea pant alpinstar\"},{\"@type\":\"BreadcrumbList\",\"@id\":\"https:\/\/www.miomiorun.com\/de\/produkt\/pant-alpinstar-damen\/#breadcrumb\",\"itemListElement\":[{\"@type\":\"ListItem\",\"position\":1,\"name\":\"Home\",\"item\":\"https:\/\/www.miomiorun.com\/de\/\"},{\"@type\":\"ListItem\",\"position\":2,\"name\":\"Shop\",\"item\":\"https:\/\/www.miomiorun.com\/shop\/\"},{\"@type\":\"ListItem\",\"position\":3,\"name\":\"Pant Alpinstar damen\"}]},{\"@type\":\"WebSite\",\"@id\":\"https:\/\/www.miomiorun.com\/de\/#website\",\"url\":\"https:\/\/www.miomiorun.com\/de\/\",\"name\":\"MioMioRun\",\"description\":\"100% Lauf- und Trailshop\",\"publisher\":{\"@id\":\"https:\/\/www.miomiorun.com\/de\/#organization\"},\"potentialAction\":[{\"@type\":\"SearchAction\",\"target\":{\"@type\":\"EntryPoint\",\"urlTemplate\":\"https:\/\/www.miomiorun.com\/de\/?s={search_term_string}\"},\"query-input\":{\"@type\":\"PropertyValueSpecification\",\"valueRequired\":true,\"valueName\":\"search_term_string\"}}],\"inLanguage\":\"de-DE\"},{\"@type\":\"Organization\",\"@id\":\"https:\/\/www.miomiorun.com\/de\/#organization\",\"name\":\"MioMio Run\",\"url\":\"https:\/\/www.miomiorun.com\/de\/\",\"logo\":{\"@type\":\"ImageObject\",\"inLanguage\":\"de-DE\",\"@id\":\"https:\/\/www.miomiorun.com\/de\/#\/schema\/logo\/image\/\",\"url\":\"https:\/\/www.miomiorun.com\/app\/uploads\/2019\/12\/logomio.png\",\"contentUrl\":\"https:\/\/www.miomiorun.com\/app\/uploads\/2019\/12\/logomio.png\",\"width\":115,\"height\":82,\"caption\":\"MioMio Run\"},\"image\":{\"@id\":\"https:\/\/www.miomiorun.com\/de\/#\/schema\/logo\/image\/\"},\"sameAs\":[\"https:\/\/www.facebook.com\/miomiorun\/\",\"https:\/\/www.instagram.com\/miomiorun\/\"]}]}<\/script>\n<!-- \/ Yoast SEO plugin. -->","yoast_head_json":{"title":"Crazy Idea Pant Alpinstar damen - Hosen damen - MioMioRun","description":"Die Alpinstar Pant f\u00fcr Damen ist die technischste und kompletteste Hochgebirgshose der Kollektion. Sie eignet sich zum Bergsteigen oder Skitourengehen","robots":{"index":"index","follow":"follow","max-snippet":"max-snippet:-1","max-image-preview":"max-image-preview:large","max-video-preview":"max-video-preview:-1"},"canonical":"https:\/\/www.miomiorun.com\/de\/produkt\/pant-alpinstar-damen\/","og_locale":"de_DE","og_type":"article","og_title":"Crazy Idea Pant Alpinstar damen - Hosen damen - MioMioRun","og_description":"Die Alpinstar Pant f\u00fcr Damen ist die technischste und kompletteste Hochgebirgshose der Kollektion. Sie eignet sich zum Bergsteigen oder Skitourengehen","og_url":"https:\/\/www.miomiorun.com\/de\/produkt\/pant-alpinstar-damen\/","og_site_name":"MioMioRun","article_publisher":"https:\/\/www.facebook.com\/miomiorun\/","article_modified_time":"2022-11-09T16:10:00+00:00","og_image":[{"width":600,"height":600,"url":"https:\/\/www.miomiorun.com\/app\/uploads\/2021\/09\/crazy-idea-pant-alpinstar-W21015196D-0062.jpg","type":"image\/jpeg"}],"twitter_card":"summary_large_image","twitter_misc":{"Est. reading time":"1 minute"},"schema":{"@context":"https:\/\/schema.org","@graph":[{"@type":"WebPage","@id":"https:\/\/www.miomiorun.com\/de\/produkt\/pant-alpinstar-damen\/","url":"https:\/\/www.miomiorun.com\/de\/produkt\/pant-alpinstar-damen\/","name":"Crazy Idea Pant Alpinstar damen - Hosen damen - MioMioRun","isPartOf":{"@id":"https:\/\/www.miomiorun.com\/de\/#website"},"primaryImageOfPage":{"@id":"https:\/\/www.miomiorun.com\/de\/produkt\/pant-alpinstar-damen\/#primaryimage"},"image":{"@id":"https:\/\/www.miomiorun.com\/de\/produkt\/pant-alpinstar-damen\/#primaryimage"},"thumbnailUrl":"https:\/\/www.miomiorun.com\/app\/uploads\/2021\/09\/crazy-idea-pant-alpinstar-W21015196D-0062.jpg","datePublished":"2021-09-16T09:00:29+00:00","dateModified":"2022-11-09T16:10:00+00:00","description":"Die Alpinstar Pant f\u00fcr Damen ist die technischste und kompletteste Hochgebirgshose der Kollektion. Sie eignet sich zum Bergsteigen oder Skitourengehen","breadcrumb":{"@id":"https:\/\/www.miomiorun.com\/de\/produkt\/pant-alpinstar-damen\/#breadcrumb"},"inLanguage":"de-DE","potentialAction":[{"@type":"ReadAction","target":["https:\/\/www.miomiorun.com\/de\/produkt\/pant-alpinstar-damen\/"]}]},{"@type":"ImageObject","inLanguage":"de-DE","@id":"https:\/\/www.miomiorun.com\/de\/produkt\/pant-alpinstar-damen\/#primaryimage","url":"https:\/\/www.miomiorun.com\/app\/uploads\/2021\/09\/crazy-idea-pant-alpinstar-W21015196D-0062.jpg","contentUrl":"https:\/\/www.miomiorun.com\/app\/uploads\/2021\/09\/crazy-idea-pant-alpinstar-W21015196D-0062.jpg","width":600,"height":600,"caption":"crazy idea pant alpinstar"},{"@type":"BreadcrumbList","@id":"https:\/\/www.miomiorun.com\/de\/produkt\/pant-alpinstar-damen\/#breadcrumb","itemListElement":[{"@type":"ListItem","position":1,"name":"Home","item":"https:\/\/www.miomiorun.com\/de\/"},{"@type":"ListItem","position":2,"name":"Shop","item":"https:\/\/www.miomiorun.com\/shop\/"},{"@type":"ListItem","position":3,"name":"Pant Alpinstar damen"}]},{"@type":"WebSite","@id":"https:\/\/www.miomiorun.com\/de\/#website","url":"https:\/\/www.miomiorun.com\/de\/","name":"MioMioRun","description":"100% Lauf- und Trailshop","publisher":{"@id":"https:\/\/www.miomiorun.com\/de\/#organization"},"potentialAction":[{"@type":"SearchAction","target":{"@type":"EntryPoint","urlTemplate":"https:\/\/www.miomiorun.com\/de\/?s={search_term_string}"},"query-input":{"@type":"PropertyValueSpecification","valueRequired":true,"valueName":"search_term_string"}}],"inLanguage":"de-DE"},{"@type":"Organization","@id":"https:\/\/www.miomiorun.com\/de\/#organization","name":"MioMio Run","url":"https:\/\/www.miomiorun.com\/de\/","logo":{"@type":"ImageObject","inLanguage":"de-DE","@id":"https:\/\/www.miomiorun.com\/de\/#\/schema\/logo\/image\/","url":"https:\/\/www.miomiorun.com\/app\/uploads\/2019\/12\/logomio.png","contentUrl":"https:\/\/www.miomiorun.com\/app\/uploads\/2019\/12\/logomio.png","width":115,"height":82,"caption":"MioMio Run"},"image":{"@id":"https:\/\/www.miomiorun.com\/de\/#\/schema\/logo\/image\/"},"sameAs":["https:\/\/www.facebook.com\/miomiorun\/","https:\/\/www.instagram.com\/miomiorun\/"]}]}},"_links":{"self":[{"href":"https:\/\/www.miomiorun.com\/de\/wp-json\/wp\/v2\/product\/80156","targetHints":{"allow":["GET"]}}],"collection":[{"href":"https:\/\/www.miomiorun.com\/de\/wp-json\/wp\/v2\/product"}],"about":[{"href":"https:\/\/www.miomiorun.com\/de\/wp-json\/wp\/v2\/types\/product"}],"wp:featuredmedia":[{"embeddable":true,"href":"https:\/\/www.miomiorun.com\/de\/wp-json\/wp\/v2\/media\/58016"}],"wp:attachment":[{"href":"https:\/\/www.miomiorun.com\/de\/wp-json\/wp\/v2\/media?parent=80156"}],"wp:term":[{"taxonomy":"product_brand","embeddable":true,"href":"https:\/\/www.miomiorun.com\/de\/wp-json\/wp\/v2\/product_brand?post=80156"},{"taxonomy":"product_cat","embeddable":true,"href":"https:\/\/www.miomiorun.com\/de\/wp-json\/wp\/v2\/product_cat?post=80156"},{"taxonomy":"product_tag","embeddable":true,"href":"https:\/\/www.miomiorun.com\/de\/wp-json\/wp\/v2\/product_tag?post=80156"}],"curies":[{"name":"wp","href":"https:\/\/api.w.org\/{rel}","templated":true}]}}