{"id":80147,"date":"2021-09-16T11:06:30","date_gmt":"2021-09-16T09:06:30","guid":{"rendered":"https:\/\/miomiorun.com\/prodotto\/crazy-idea-pant-viper-uomo\/"},"modified":"2022-10-13T17:59:20","modified_gmt":"2022-10-13T15:59:20","slug":"pant-viper-herren","status":"publish","type":"product","link":"https:\/\/www.miomiorun.com\/de\/produkt\/pant-viper-herren\/","title":{"rendered":"Pant Viper herren"},"content":{"rendered":"<p>Die <strong>Crazy Idea Pant Viper<\/strong> f\u00fcr Herren ist eine Hose, die f\u00fcr Winteraktivit\u00e4ten wie Skitouren, Schneeschuhwandern oder einen kalten Tag im Schnee konzipiert wurde.<\/p>\n<p>Der Stoff ist B-Stretch, weich und angenehm auch im direkten Kontakt mit der Haut. Crazy Idea denkt auch an eine externe DWR-Behandlung, um eine hervorragende Wasserabweisung \u00fcber lange Zeit zu garantieren.<\/p>\n<p>Die Knie und Beinabschl\u00fcsse sind mit Silver Magic verst\u00e4rkt, das aufgrund seiner innovativen Struktur ausgew\u00e4hlt wurde und die Viper Pant sehr widerstandsf\u00e4hig gegen m\u00f6gliche Abnutzung durch \u00e4u\u00dfere Einfl\u00fcsse, Reibung durch Gewebe oder Steigeisen macht. Eine elastische Gamasche sch\u00fctzt den Fu\u00df vor dem Eindringen von Schnee und Wasser. Die Gamasche kann in die Hose gefaltet und mit einem Klettverschluss befestigt werden. Die Hose hat einen Rei\u00dfverschluss am unteren Ende des Beins.<\/p>\n<p>Die Passform ist sehr bequem und praktisch dank des elastischen Bundes, der mit einem externen Kordelzug reguliert werden kann. Die drei Taschen sind lasergeschnitten und haben einen unsichtbaren Rei\u00dfverschluss, und f\u00fcr n\u00e4chtliche Ausfl\u00fcge wurden reflektierende Eins\u00e4tze hinzugef\u00fcgt.<\/p>\n<p><strong>Funktionen:<\/strong><\/p>\n<ul>\n<li>Stretchgewebe mit DWR-Behandlung f\u00fcr Wasserabweisung.<\/li>\n<li>Die Knie sind mit Silver Magic Gewebe verst\u00e4rkt.<\/li>\n<li>Dehnbare Gamasche, um das Eindringen von Schnee oder Wasser in den Fu\u00dfbereich zu verhindern.<\/li>\n<li>Rei\u00dfverschluss unten am Bein.<\/li>\n<li>Drei lasergeschnittene Taschen mit unsichtbarem Rei\u00dfverschluss.<\/li>\n<li>Reflektierende Eins\u00e4tze f\u00fcr bessere Sichtbarkeit bei Nacht.<\/li>\n<\/ul>\n<p>&nbsp;<\/p>\n<p>&nbsp;<\/p>\n","protected":false},"excerpt":{"rendered":"<ul>\n<li>Die Knie sind mit Silver Magic Gewebe verst\u00e4rkt.<\/li>\n<li>Dehnbare Gamasche, um das Eindringen von Schnee oder Wasser in den Fu\u00dfbereich zu verhindern.<\/li>\n<li>Rei\u00dfverschluss unten am Bein.<\/li>\n<\/ul>\n","protected":false},"featured_media":58012,"template":"","meta":{"_acf_changed":false,"inline_featured_image":false},"product_brand":[],"product_cat":[6540,6509],"product_tag":[3370,6238],"class_list":{"0":"post-80147","1":"product","2":"type-product","3":"status-publish","4":"has-post-thumbnail","6":"product_cat-herrenbekleidung","7":"product_cat-lange-hosen","8":"product_tag-crazy-idea-de","9":"product_tag-crazy-idea-herren-de","10":"pa_attivita-gehen","11":"pa_attivita-outdoor-de","12":"pa_colore-pant-viper-black-de","13":"pa_colore-pant-viper-black-m-de","14":"pa_marca-crazy-idea-de","15":"pa_sesso-herren","16":"pa_size-small-de","17":"pa_size-medium-de","18":"pa_size-large-de","19":"pa_size-extra-large-de","21":"first","22":"instock","23":"sale","24":"taxable","25":"shipping-taxable","26":"purchasable","27":"product-type-variable","28":"wvs-archive-product-wrapper"},"acf":[],"yoast_head":"<!-- This site is optimized with the Yoast SEO plugin v26.8 - https:\/\/yoast.com\/product\/yoast-seo-wordpress\/ -->\n<title>Crazy Idea Pant Viper herren - LaufHosen - MioMioRun<\/title>\n<meta name=\"description\" content=\"Die Crazy Idea Pant Viper f\u00fcr Herren ist eine Hose, die f\u00fcr Winteraktivit\u00e4ten wie Skitouren, Schneeschuhwandern oder einen kalten Tag im Schnee\" \/>\n<meta name=\"robots\" content=\"index, follow, max-snippet:-1, max-image-preview:large, max-video-preview:-1\" \/>\n<link rel=\"canonical\" href=\"https:\/\/www.miomiorun.com\/de\/produkt\/pant-viper-herren\/\" \/>\n<meta property=\"og:locale\" content=\"de_DE\" \/>\n<meta property=\"og:type\" content=\"article\" \/>\n<meta property=\"og:title\" content=\"Crazy Idea Pant Viper herren - LaufHosen - MioMioRun\" \/>\n<meta property=\"og:description\" content=\"Die Crazy Idea Pant Viper f\u00fcr Herren ist eine Hose, die f\u00fcr Winteraktivit\u00e4ten wie Skitouren, Schneeschuhwandern oder einen kalten Tag im Schnee\" \/>\n<meta property=\"og:url\" content=\"https:\/\/www.miomiorun.com\/de\/produkt\/pant-viper-herren\/\" \/>\n<meta property=\"og:site_name\" content=\"MioMioRun\" \/>\n<meta property=\"article:publisher\" content=\"https:\/\/www.facebook.com\/miomiorun\/\" \/>\n<meta property=\"article:modified_time\" content=\"2022-10-13T15:59:20+00:00\" \/>\n<meta property=\"og:image\" content=\"https:\/\/www.miomiorun.com\/app\/uploads\/2021\/09\/crazy-idea-pant-viper-W21015186U-0064.jpg\" \/>\n\t<meta property=\"og:image:width\" content=\"600\" \/>\n\t<meta property=\"og:image:height\" content=\"600\" \/>\n\t<meta property=\"og:image:type\" content=\"image\/jpeg\" \/>\n<meta name=\"twitter:card\" content=\"summary_large_image\" \/>\n<meta name=\"twitter:label1\" content=\"Est. reading time\" \/>\n\t<meta name=\"twitter:data1\" content=\"1 minute\" \/>\n<script type=\"application\/ld+json\" class=\"yoast-schema-graph\">{\"@context\":\"https:\/\/schema.org\",\"@graph\":[{\"@type\":\"WebPage\",\"@id\":\"https:\/\/www.miomiorun.com\/de\/produkt\/pant-viper-herren\/\",\"url\":\"https:\/\/www.miomiorun.com\/de\/produkt\/pant-viper-herren\/\",\"name\":\"Crazy Idea Pant Viper herren - LaufHosen - MioMioRun\",\"isPartOf\":{\"@id\":\"https:\/\/www.miomiorun.com\/de\/#website\"},\"primaryImageOfPage\":{\"@id\":\"https:\/\/www.miomiorun.com\/de\/produkt\/pant-viper-herren\/#primaryimage\"},\"image\":{\"@id\":\"https:\/\/www.miomiorun.com\/de\/produkt\/pant-viper-herren\/#primaryimage\"},\"thumbnailUrl\":\"https:\/\/www.miomiorun.com\/app\/uploads\/2021\/09\/crazy-idea-pant-viper-W21015186U-0064.jpg\",\"datePublished\":\"2021-09-16T09:06:30+00:00\",\"dateModified\":\"2022-10-13T15:59:20+00:00\",\"description\":\"Die Crazy Idea Pant Viper f\u00fcr Herren ist eine Hose, die f\u00fcr Winteraktivit\u00e4ten wie Skitouren, Schneeschuhwandern oder einen kalten Tag im Schnee\",\"breadcrumb\":{\"@id\":\"https:\/\/www.miomiorun.com\/de\/produkt\/pant-viper-herren\/#breadcrumb\"},\"inLanguage\":\"de-DE\",\"potentialAction\":[{\"@type\":\"ReadAction\",\"target\":[\"https:\/\/www.miomiorun.com\/de\/produkt\/pant-viper-herren\/\"]}]},{\"@type\":\"ImageObject\",\"inLanguage\":\"de-DE\",\"@id\":\"https:\/\/www.miomiorun.com\/de\/produkt\/pant-viper-herren\/#primaryimage\",\"url\":\"https:\/\/www.miomiorun.com\/app\/uploads\/2021\/09\/crazy-idea-pant-viper-W21015186U-0064.jpg\",\"contentUrl\":\"https:\/\/www.miomiorun.com\/app\/uploads\/2021\/09\/crazy-idea-pant-viper-W21015186U-0064.jpg\",\"width\":600,\"height\":600,\"caption\":\"crazy idea pant viper\"},{\"@type\":\"BreadcrumbList\",\"@id\":\"https:\/\/www.miomiorun.com\/de\/produkt\/pant-viper-herren\/#breadcrumb\",\"itemListElement\":[{\"@type\":\"ListItem\",\"position\":1,\"name\":\"Home\",\"item\":\"https:\/\/www.miomiorun.com\/de\/\"},{\"@type\":\"ListItem\",\"position\":2,\"name\":\"Shop\",\"item\":\"https:\/\/www.miomiorun.com\/shop\/\"},{\"@type\":\"ListItem\",\"position\":3,\"name\":\"Pant Viper herren\"}]},{\"@type\":\"WebSite\",\"@id\":\"https:\/\/www.miomiorun.com\/de\/#website\",\"url\":\"https:\/\/www.miomiorun.com\/de\/\",\"name\":\"MioMioRun\",\"description\":\"100% Lauf- und Trailshop\",\"publisher\":{\"@id\":\"https:\/\/www.miomiorun.com\/de\/#organization\"},\"potentialAction\":[{\"@type\":\"SearchAction\",\"target\":{\"@type\":\"EntryPoint\",\"urlTemplate\":\"https:\/\/www.miomiorun.com\/de\/?s={search_term_string}\"},\"query-input\":{\"@type\":\"PropertyValueSpecification\",\"valueRequired\":true,\"valueName\":\"search_term_string\"}}],\"inLanguage\":\"de-DE\"},{\"@type\":\"Organization\",\"@id\":\"https:\/\/www.miomiorun.com\/de\/#organization\",\"name\":\"MioMio Run\",\"url\":\"https:\/\/www.miomiorun.com\/de\/\",\"logo\":{\"@type\":\"ImageObject\",\"inLanguage\":\"de-DE\",\"@id\":\"https:\/\/www.miomiorun.com\/de\/#\/schema\/logo\/image\/\",\"url\":\"https:\/\/www.miomiorun.com\/app\/uploads\/2019\/12\/logomio.png\",\"contentUrl\":\"https:\/\/www.miomiorun.com\/app\/uploads\/2019\/12\/logomio.png\",\"width\":115,\"height\":82,\"caption\":\"MioMio Run\"},\"image\":{\"@id\":\"https:\/\/www.miomiorun.com\/de\/#\/schema\/logo\/image\/\"},\"sameAs\":[\"https:\/\/www.facebook.com\/miomiorun\/\",\"https:\/\/www.instagram.com\/miomiorun\/\"]}]}<\/script>\n<!-- \/ Yoast SEO plugin. -->","yoast_head_json":{"title":"Crazy Idea Pant Viper herren - LaufHosen - MioMioRun","description":"Die Crazy Idea Pant Viper f\u00fcr Herren ist eine Hose, die f\u00fcr Winteraktivit\u00e4ten wie Skitouren, Schneeschuhwandern oder einen kalten Tag im Schnee","robots":{"index":"index","follow":"follow","max-snippet":"max-snippet:-1","max-image-preview":"max-image-preview:large","max-video-preview":"max-video-preview:-1"},"canonical":"https:\/\/www.miomiorun.com\/de\/produkt\/pant-viper-herren\/","og_locale":"de_DE","og_type":"article","og_title":"Crazy Idea Pant Viper herren - LaufHosen - MioMioRun","og_description":"Die Crazy Idea Pant Viper f\u00fcr Herren ist eine Hose, die f\u00fcr Winteraktivit\u00e4ten wie Skitouren, Schneeschuhwandern oder einen kalten Tag im Schnee","og_url":"https:\/\/www.miomiorun.com\/de\/produkt\/pant-viper-herren\/","og_site_name":"MioMioRun","article_publisher":"https:\/\/www.facebook.com\/miomiorun\/","article_modified_time":"2022-10-13T15:59:20+00:00","og_image":[{"width":600,"height":600,"url":"https:\/\/www.miomiorun.com\/app\/uploads\/2021\/09\/crazy-idea-pant-viper-W21015186U-0064.jpg","type":"image\/jpeg"}],"twitter_card":"summary_large_image","twitter_misc":{"Est. reading time":"1 minute"},"schema":{"@context":"https:\/\/schema.org","@graph":[{"@type":"WebPage","@id":"https:\/\/www.miomiorun.com\/de\/produkt\/pant-viper-herren\/","url":"https:\/\/www.miomiorun.com\/de\/produkt\/pant-viper-herren\/","name":"Crazy Idea Pant Viper herren - LaufHosen - MioMioRun","isPartOf":{"@id":"https:\/\/www.miomiorun.com\/de\/#website"},"primaryImageOfPage":{"@id":"https:\/\/www.miomiorun.com\/de\/produkt\/pant-viper-herren\/#primaryimage"},"image":{"@id":"https:\/\/www.miomiorun.com\/de\/produkt\/pant-viper-herren\/#primaryimage"},"thumbnailUrl":"https:\/\/www.miomiorun.com\/app\/uploads\/2021\/09\/crazy-idea-pant-viper-W21015186U-0064.jpg","datePublished":"2021-09-16T09:06:30+00:00","dateModified":"2022-10-13T15:59:20+00:00","description":"Die Crazy Idea Pant Viper f\u00fcr Herren ist eine Hose, die f\u00fcr Winteraktivit\u00e4ten wie Skitouren, Schneeschuhwandern oder einen kalten Tag im Schnee","breadcrumb":{"@id":"https:\/\/www.miomiorun.com\/de\/produkt\/pant-viper-herren\/#breadcrumb"},"inLanguage":"de-DE","potentialAction":[{"@type":"ReadAction","target":["https:\/\/www.miomiorun.com\/de\/produkt\/pant-viper-herren\/"]}]},{"@type":"ImageObject","inLanguage":"de-DE","@id":"https:\/\/www.miomiorun.com\/de\/produkt\/pant-viper-herren\/#primaryimage","url":"https:\/\/www.miomiorun.com\/app\/uploads\/2021\/09\/crazy-idea-pant-viper-W21015186U-0064.jpg","contentUrl":"https:\/\/www.miomiorun.com\/app\/uploads\/2021\/09\/crazy-idea-pant-viper-W21015186U-0064.jpg","width":600,"height":600,"caption":"crazy idea pant viper"},{"@type":"BreadcrumbList","@id":"https:\/\/www.miomiorun.com\/de\/produkt\/pant-viper-herren\/#breadcrumb","itemListElement":[{"@type":"ListItem","position":1,"name":"Home","item":"https:\/\/www.miomiorun.com\/de\/"},{"@type":"ListItem","position":2,"name":"Shop","item":"https:\/\/www.miomiorun.com\/shop\/"},{"@type":"ListItem","position":3,"name":"Pant Viper herren"}]},{"@type":"WebSite","@id":"https:\/\/www.miomiorun.com\/de\/#website","url":"https:\/\/www.miomiorun.com\/de\/","name":"MioMioRun","description":"100% Lauf- und Trailshop","publisher":{"@id":"https:\/\/www.miomiorun.com\/de\/#organization"},"potentialAction":[{"@type":"SearchAction","target":{"@type":"EntryPoint","urlTemplate":"https:\/\/www.miomiorun.com\/de\/?s={search_term_string}"},"query-input":{"@type":"PropertyValueSpecification","valueRequired":true,"valueName":"search_term_string"}}],"inLanguage":"de-DE"},{"@type":"Organization","@id":"https:\/\/www.miomiorun.com\/de\/#organization","name":"MioMio Run","url":"https:\/\/www.miomiorun.com\/de\/","logo":{"@type":"ImageObject","inLanguage":"de-DE","@id":"https:\/\/www.miomiorun.com\/de\/#\/schema\/logo\/image\/","url":"https:\/\/www.miomiorun.com\/app\/uploads\/2019\/12\/logomio.png","contentUrl":"https:\/\/www.miomiorun.com\/app\/uploads\/2019\/12\/logomio.png","width":115,"height":82,"caption":"MioMio Run"},"image":{"@id":"https:\/\/www.miomiorun.com\/de\/#\/schema\/logo\/image\/"},"sameAs":["https:\/\/www.facebook.com\/miomiorun\/","https:\/\/www.instagram.com\/miomiorun\/"]}]}},"_links":{"self":[{"href":"https:\/\/www.miomiorun.com\/de\/wp-json\/wp\/v2\/product\/80147","targetHints":{"allow":["GET"]}}],"collection":[{"href":"https:\/\/www.miomiorun.com\/de\/wp-json\/wp\/v2\/product"}],"about":[{"href":"https:\/\/www.miomiorun.com\/de\/wp-json\/wp\/v2\/types\/product"}],"wp:featuredmedia":[{"embeddable":true,"href":"https:\/\/www.miomiorun.com\/de\/wp-json\/wp\/v2\/media\/58012"}],"wp:attachment":[{"href":"https:\/\/www.miomiorun.com\/de\/wp-json\/wp\/v2\/media?parent=80147"}],"wp:term":[{"taxonomy":"product_brand","embeddable":true,"href":"https:\/\/www.miomiorun.com\/de\/wp-json\/wp\/v2\/product_brand?post=80147"},{"taxonomy":"product_cat","embeddable":true,"href":"https:\/\/www.miomiorun.com\/de\/wp-json\/wp\/v2\/product_cat?post=80147"},{"taxonomy":"product_tag","embeddable":true,"href":"https:\/\/www.miomiorun.com\/de\/wp-json\/wp\/v2\/product_tag?post=80147"}],"curies":[{"name":"wp","href":"https:\/\/api.w.org\/{rel}","templated":true}]}}