{"id":80143,"date":"2021-09-16T11:31:40","date_gmt":"2021-09-16T09:31:40","guid":{"rendered":"https:\/\/miomiorun.com\/prodotto\/crazy-idea-pull-flame-uomo-2\/"},"modified":"2024-06-10T22:31:04","modified_gmt":"2024-06-10T20:31:04","slug":"pull-flame-herren","status":"publish","type":"product","link":"https:\/\/www.miomiorun.com\/de\/produkt\/pull-flame-herren\/","title":{"rendered":"Pull Flame herren"},"content":{"rendered":"<div class=\"single-product-description\">\n<p><strong>Pull Flame<\/strong> fur manner ist ein Langarmshirt, das speziell f\u00fcr den aktiven Sport entwickelt wurde. Ein unverzichtbares Kleidungsst\u00fcck, ideal als zweite Schicht oder als Oberbekleidung bei mittleren bis intensiven sportlichen Aktivit\u00e4ten.<\/p>\n<p>Sie besteht aus High Performance 3D-Fleece, das dank seiner wabenf\u00f6rmigen Konstruktion den Feuchtigkeitstransport und die Atmungsaktivit\u00e4t f\u00f6rdert. Die sportliche Passform, der halbe Rei\u00dfverschluss an der Vorderseite und die Konstruktion mit Flachn\u00e4hten in Kontrastfarbe machen es besonders beliebt, wenn es an k\u00e4lteren Tagen bei Aktivit\u00e4ten unter einer Jacke getragen wird.<\/p>\n<p><strong>Funktionen:<\/strong><\/p>\n<ul>\n<li>Geschlossener Pullover mit halbem Rei\u00dfverschluss.<\/li>\n<li>Angepasster hoher Kragen.<\/li>\n<li>Elastische Einfassung am unteren Ende des \u00c4rmels.<\/li>\n<\/ul>\n<\/div>\n","protected":false},"excerpt":{"rendered":"<ul>\n<li>Geschlossener Pullover mit halbem Rei\u00dfverschluss.<\/li>\n<li>Angepasster hoher Kragen.<\/li>\n<li>Elastische Einfassung am unteren Ende des \u00c4rmels.<\/li>\n<\/ul>\n","protected":false},"featured_media":85498,"template":"","meta":{"_acf_changed":false,"inline_featured_image":false},"product_brand":[],"product_cat":[6540,6541],"product_tag":[3370,6238],"class_list":{"0":"post-80143","1":"product","2":"type-product","3":"status-publish","4":"has-post-thumbnail","6":"product_cat-herrenbekleidung","7":"product_cat-langarmshirt","8":"product_tag-crazy-idea-de","9":"product_tag-crazy-idea-herren-de","10":"pa_attivita-gehen","11":"pa_attivita-outdoor-de","12":"pa_attivita-trail-de","13":"pa_colore-pull-flame-brick-de","14":"pa_colore-pull-flame-early-m-de","15":"pa_colore-pull-flame-energy-de","16":"pa_colore-pull-flame-energy-m-de","17":"pa_colore-pull-flame-galaxy-de","18":"pa_colore-pull-flame-fire-de","19":"pa_colore-pull-flame-liken-de","20":"pa_colore-pull-flame-m-energy-de","21":"pa_marca-crazy-idea-de","22":"pa_sesso-herren","23":"pa_size-small-de","24":"pa_size-medium-de","25":"pa_size-large-de","26":"pa_size-extra-large-de","28":"first","29":"instock","30":"sale","31":"taxable","32":"shipping-taxable","33":"purchasable","34":"product-type-variable","35":"wvs-archive-product-wrapper"},"acf":[],"yoast_head":"<!-- This site is optimized with the Yoast SEO plugin v26.8 - https:\/\/yoast.com\/product\/yoast-seo-wordpress\/ -->\n<title>Crazy Idea Pull Flame herren - Langarmshirt - MioMioRun.com<\/title>\n<meta name=\"description\" content=\"Pull Flame fur manner ist ein Langarmshirt, das speziell f\u00fcr den aktiven Sport entwickelt wurde. Ein unverzichtbares Kleidungsst\u00fcck\" \/>\n<meta name=\"robots\" content=\"index, follow, max-snippet:-1, max-image-preview:large, max-video-preview:-1\" \/>\n<link rel=\"canonical\" href=\"https:\/\/www.miomiorun.com\/de\/produkt\/pull-flame-herren\/\" \/>\n<meta property=\"og:locale\" content=\"de_DE\" \/>\n<meta property=\"og:type\" content=\"article\" \/>\n<meta property=\"og:title\" content=\"Crazy Idea Pull Flame herren - Langarmshirt - MioMioRun.com\" \/>\n<meta property=\"og:description\" content=\"Pull Flame fur manner ist ein Langarmshirt, das speziell f\u00fcr den aktiven Sport entwickelt wurde. Ein unverzichtbares Kleidungsst\u00fcck\" \/>\n<meta property=\"og:url\" content=\"https:\/\/www.miomiorun.com\/de\/produkt\/pull-flame-herren\/\" \/>\n<meta property=\"og:site_name\" content=\"MioMioRun\" \/>\n<meta property=\"article:publisher\" content=\"https:\/\/www.facebook.com\/miomiorun\/\" \/>\n<meta property=\"article:modified_time\" content=\"2024-06-10T20:31:04+00:00\" \/>\n<meta property=\"og:image\" content=\"https:\/\/www.miomiorun.com\/app\/uploads\/2022\/09\/crazy-idea-pull-flame-liken-W22025102U-0093.jpg\" \/>\n\t<meta property=\"og:image:width\" content=\"600\" \/>\n\t<meta property=\"og:image:height\" content=\"600\" \/>\n\t<meta property=\"og:image:type\" content=\"image\/jpeg\" \/>\n<meta name=\"twitter:card\" content=\"summary_large_image\" \/>\n<meta name=\"twitter:label1\" content=\"Est. reading time\" \/>\n\t<meta name=\"twitter:data1\" content=\"1 minute\" \/>\n<script type=\"application\/ld+json\" class=\"yoast-schema-graph\">{\"@context\":\"https:\/\/schema.org\",\"@graph\":[{\"@type\":\"WebPage\",\"@id\":\"https:\/\/www.miomiorun.com\/de\/produkt\/pull-flame-herren\/\",\"url\":\"https:\/\/www.miomiorun.com\/de\/produkt\/pull-flame-herren\/\",\"name\":\"Crazy Idea Pull Flame herren - Langarmshirt - MioMioRun.com\",\"isPartOf\":{\"@id\":\"https:\/\/www.miomiorun.com\/de\/#website\"},\"primaryImageOfPage\":{\"@id\":\"https:\/\/www.miomiorun.com\/de\/produkt\/pull-flame-herren\/#primaryimage\"},\"image\":{\"@id\":\"https:\/\/www.miomiorun.com\/de\/produkt\/pull-flame-herren\/#primaryimage\"},\"thumbnailUrl\":\"https:\/\/www.miomiorun.com\/app\/uploads\/2022\/09\/crazy-idea-pull-flame-liken-W22025102U-0093.jpg\",\"datePublished\":\"2021-09-16T09:31:40+00:00\",\"dateModified\":\"2024-06-10T20:31:04+00:00\",\"description\":\"Pull Flame fur manner ist ein Langarmshirt, das speziell f\u00fcr den aktiven Sport entwickelt wurde. Ein unverzichtbares Kleidungsst\u00fcck\",\"breadcrumb\":{\"@id\":\"https:\/\/www.miomiorun.com\/de\/produkt\/pull-flame-herren\/#breadcrumb\"},\"inLanguage\":\"de-DE\",\"potentialAction\":[{\"@type\":\"ReadAction\",\"target\":[\"https:\/\/www.miomiorun.com\/de\/produkt\/pull-flame-herren\/\"]}]},{\"@type\":\"ImageObject\",\"inLanguage\":\"de-DE\",\"@id\":\"https:\/\/www.miomiorun.com\/de\/produkt\/pull-flame-herren\/#primaryimage\",\"url\":\"https:\/\/www.miomiorun.com\/app\/uploads\/2022\/09\/crazy-idea-pull-flame-liken-W22025102U-0093.jpg\",\"contentUrl\":\"https:\/\/www.miomiorun.com\/app\/uploads\/2022\/09\/crazy-idea-pull-flame-liken-W22025102U-0093.jpg\",\"width\":600,\"height\":600,\"caption\":\"crazy-idea-pull-flame-liken-W22025102U-0093\"},{\"@type\":\"BreadcrumbList\",\"@id\":\"https:\/\/www.miomiorun.com\/de\/produkt\/pull-flame-herren\/#breadcrumb\",\"itemListElement\":[{\"@type\":\"ListItem\",\"position\":1,\"name\":\"Home\",\"item\":\"https:\/\/www.miomiorun.com\/de\/\"},{\"@type\":\"ListItem\",\"position\":2,\"name\":\"Shop\",\"item\":\"https:\/\/www.miomiorun.com\/shop\/\"},{\"@type\":\"ListItem\",\"position\":3,\"name\":\"Pull Flame herren\"}]},{\"@type\":\"WebSite\",\"@id\":\"https:\/\/www.miomiorun.com\/de\/#website\",\"url\":\"https:\/\/www.miomiorun.com\/de\/\",\"name\":\"MioMioRun\",\"description\":\"100% Lauf- und Trailshop\",\"publisher\":{\"@id\":\"https:\/\/www.miomiorun.com\/de\/#organization\"},\"potentialAction\":[{\"@type\":\"SearchAction\",\"target\":{\"@type\":\"EntryPoint\",\"urlTemplate\":\"https:\/\/www.miomiorun.com\/de\/?s={search_term_string}\"},\"query-input\":{\"@type\":\"PropertyValueSpecification\",\"valueRequired\":true,\"valueName\":\"search_term_string\"}}],\"inLanguage\":\"de-DE\"},{\"@type\":\"Organization\",\"@id\":\"https:\/\/www.miomiorun.com\/de\/#organization\",\"name\":\"MioMio Run\",\"url\":\"https:\/\/www.miomiorun.com\/de\/\",\"logo\":{\"@type\":\"ImageObject\",\"inLanguage\":\"de-DE\",\"@id\":\"https:\/\/www.miomiorun.com\/de\/#\/schema\/logo\/image\/\",\"url\":\"https:\/\/www.miomiorun.com\/app\/uploads\/2019\/12\/logomio.png\",\"contentUrl\":\"https:\/\/www.miomiorun.com\/app\/uploads\/2019\/12\/logomio.png\",\"width\":115,\"height\":82,\"caption\":\"MioMio Run\"},\"image\":{\"@id\":\"https:\/\/www.miomiorun.com\/de\/#\/schema\/logo\/image\/\"},\"sameAs\":[\"https:\/\/www.facebook.com\/miomiorun\/\",\"https:\/\/www.instagram.com\/miomiorun\/\"]}]}<\/script>\n<!-- \/ Yoast SEO plugin. -->","yoast_head_json":{"title":"Crazy Idea Pull Flame herren - Langarmshirt - MioMioRun.com","description":"Pull Flame fur manner ist ein Langarmshirt, das speziell f\u00fcr den aktiven Sport entwickelt wurde. Ein unverzichtbares Kleidungsst\u00fcck","robots":{"index":"index","follow":"follow","max-snippet":"max-snippet:-1","max-image-preview":"max-image-preview:large","max-video-preview":"max-video-preview:-1"},"canonical":"https:\/\/www.miomiorun.com\/de\/produkt\/pull-flame-herren\/","og_locale":"de_DE","og_type":"article","og_title":"Crazy Idea Pull Flame herren - Langarmshirt - MioMioRun.com","og_description":"Pull Flame fur manner ist ein Langarmshirt, das speziell f\u00fcr den aktiven Sport entwickelt wurde. Ein unverzichtbares Kleidungsst\u00fcck","og_url":"https:\/\/www.miomiorun.com\/de\/produkt\/pull-flame-herren\/","og_site_name":"MioMioRun","article_publisher":"https:\/\/www.facebook.com\/miomiorun\/","article_modified_time":"2024-06-10T20:31:04+00:00","og_image":[{"width":600,"height":600,"url":"https:\/\/www.miomiorun.com\/app\/uploads\/2022\/09\/crazy-idea-pull-flame-liken-W22025102U-0093.jpg","type":"image\/jpeg"}],"twitter_card":"summary_large_image","twitter_misc":{"Est. reading time":"1 minute"},"schema":{"@context":"https:\/\/schema.org","@graph":[{"@type":"WebPage","@id":"https:\/\/www.miomiorun.com\/de\/produkt\/pull-flame-herren\/","url":"https:\/\/www.miomiorun.com\/de\/produkt\/pull-flame-herren\/","name":"Crazy Idea Pull Flame herren - Langarmshirt - MioMioRun.com","isPartOf":{"@id":"https:\/\/www.miomiorun.com\/de\/#website"},"primaryImageOfPage":{"@id":"https:\/\/www.miomiorun.com\/de\/produkt\/pull-flame-herren\/#primaryimage"},"image":{"@id":"https:\/\/www.miomiorun.com\/de\/produkt\/pull-flame-herren\/#primaryimage"},"thumbnailUrl":"https:\/\/www.miomiorun.com\/app\/uploads\/2022\/09\/crazy-idea-pull-flame-liken-W22025102U-0093.jpg","datePublished":"2021-09-16T09:31:40+00:00","dateModified":"2024-06-10T20:31:04+00:00","description":"Pull Flame fur manner ist ein Langarmshirt, das speziell f\u00fcr den aktiven Sport entwickelt wurde. Ein unverzichtbares Kleidungsst\u00fcck","breadcrumb":{"@id":"https:\/\/www.miomiorun.com\/de\/produkt\/pull-flame-herren\/#breadcrumb"},"inLanguage":"de-DE","potentialAction":[{"@type":"ReadAction","target":["https:\/\/www.miomiorun.com\/de\/produkt\/pull-flame-herren\/"]}]},{"@type":"ImageObject","inLanguage":"de-DE","@id":"https:\/\/www.miomiorun.com\/de\/produkt\/pull-flame-herren\/#primaryimage","url":"https:\/\/www.miomiorun.com\/app\/uploads\/2022\/09\/crazy-idea-pull-flame-liken-W22025102U-0093.jpg","contentUrl":"https:\/\/www.miomiorun.com\/app\/uploads\/2022\/09\/crazy-idea-pull-flame-liken-W22025102U-0093.jpg","width":600,"height":600,"caption":"crazy-idea-pull-flame-liken-W22025102U-0093"},{"@type":"BreadcrumbList","@id":"https:\/\/www.miomiorun.com\/de\/produkt\/pull-flame-herren\/#breadcrumb","itemListElement":[{"@type":"ListItem","position":1,"name":"Home","item":"https:\/\/www.miomiorun.com\/de\/"},{"@type":"ListItem","position":2,"name":"Shop","item":"https:\/\/www.miomiorun.com\/shop\/"},{"@type":"ListItem","position":3,"name":"Pull Flame herren"}]},{"@type":"WebSite","@id":"https:\/\/www.miomiorun.com\/de\/#website","url":"https:\/\/www.miomiorun.com\/de\/","name":"MioMioRun","description":"100% Lauf- und Trailshop","publisher":{"@id":"https:\/\/www.miomiorun.com\/de\/#organization"},"potentialAction":[{"@type":"SearchAction","target":{"@type":"EntryPoint","urlTemplate":"https:\/\/www.miomiorun.com\/de\/?s={search_term_string}"},"query-input":{"@type":"PropertyValueSpecification","valueRequired":true,"valueName":"search_term_string"}}],"inLanguage":"de-DE"},{"@type":"Organization","@id":"https:\/\/www.miomiorun.com\/de\/#organization","name":"MioMio Run","url":"https:\/\/www.miomiorun.com\/de\/","logo":{"@type":"ImageObject","inLanguage":"de-DE","@id":"https:\/\/www.miomiorun.com\/de\/#\/schema\/logo\/image\/","url":"https:\/\/www.miomiorun.com\/app\/uploads\/2019\/12\/logomio.png","contentUrl":"https:\/\/www.miomiorun.com\/app\/uploads\/2019\/12\/logomio.png","width":115,"height":82,"caption":"MioMio Run"},"image":{"@id":"https:\/\/www.miomiorun.com\/de\/#\/schema\/logo\/image\/"},"sameAs":["https:\/\/www.facebook.com\/miomiorun\/","https:\/\/www.instagram.com\/miomiorun\/"]}]}},"_links":{"self":[{"href":"https:\/\/www.miomiorun.com\/de\/wp-json\/wp\/v2\/product\/80143","targetHints":{"allow":["GET"]}}],"collection":[{"href":"https:\/\/www.miomiorun.com\/de\/wp-json\/wp\/v2\/product"}],"about":[{"href":"https:\/\/www.miomiorun.com\/de\/wp-json\/wp\/v2\/types\/product"}],"wp:featuredmedia":[{"embeddable":true,"href":"https:\/\/www.miomiorun.com\/de\/wp-json\/wp\/v2\/media\/85498"}],"wp:attachment":[{"href":"https:\/\/www.miomiorun.com\/de\/wp-json\/wp\/v2\/media?parent=80143"}],"wp:term":[{"taxonomy":"product_brand","embeddable":true,"href":"https:\/\/www.miomiorun.com\/de\/wp-json\/wp\/v2\/product_brand?post=80143"},{"taxonomy":"product_cat","embeddable":true,"href":"https:\/\/www.miomiorun.com\/de\/wp-json\/wp\/v2\/product_cat?post=80143"},{"taxonomy":"product_tag","embeddable":true,"href":"https:\/\/www.miomiorun.com\/de\/wp-json\/wp\/v2\/product_tag?post=80143"}],"curies":[{"name":"wp","href":"https:\/\/api.w.org\/{rel}","templated":true}]}}