{"id":80121,"date":"2021-09-16T12:25:19","date_gmt":"2021-09-16T10:25:19","guid":{"rendered":"https:\/\/miomiorun.com\/prodotto\/crazy-idea-pull-ionic-donna\/"},"modified":"2026-05-08T17:57:09","modified_gmt":"2026-05-08T15:57:09","slug":"pull-ionic-damen","status":"publish","type":"product","link":"https:\/\/www.miomiorun.com\/de\/produkt\/pull-ionic-damen\/","title":{"rendered":"Pull Ionic damen"},"content":{"rendered":"<div class=\"single-product-description\">\n<p>Das <strong>Pull Ionic<\/strong> fur damen ist ein Kapuzentrikot und der Bestseller der Kollektion. Dieses vielseitige Modell kann an besonders kalten Tagen als mittlere Schicht oder in der Zwischensaison als \u00e4u\u00dfere Schicht verwendet werden. Sein gro\u00dfer Erfolg ist sicherlich auf sein frisches, junges und ansprechendes Aussehen zur\u00fcckzuf\u00fchren.<\/p>\n<p>Sie besteht vollst\u00e4ndig aus dem bew\u00e4hrten High Performance 3D-Fleece mit Wabenzellen, die eine hohe Atmungsaktivit\u00e4t garantieren. Sportliche Passform, Kapuze mit elastischem Saum, Frontrei\u00dfverschluss, elastische \u00c4rmelb\u00fcndchen und Taschen unterstreichen den dynamischen Charakter.<\/p>\n<p><strong>Funktionen:<\/strong><\/p>\n<ul>\n<li>Kapuze mit elastischem Saum.<\/li>\n<li>Vollst\u00e4ndig teilbarer Frontrei\u00dfverschluss.<\/li>\n<li>Eingrifftaschen mit elastischem Saum.<\/li>\n<\/ul>\n<\/div>\n","protected":false},"excerpt":{"rendered":"<ul>\n<li>Vollst\u00e4ndig teilbarer Frontrei\u00dfverschluss.<\/li>\n<li>Eingrifftaschen mit elastischem Saum.<\/li>\n<\/ul>\n","protected":false},"featured_media":57962,"template":"","meta":{"_acf_changed":false,"inline_featured_image":false},"product_brand":[],"product_cat":[6400,6401,6486],"product_tag":[3370,6237],"class_list":{"0":"post-80121","1":"product","2":"type-product","3":"status-publish","4":"has-post-thumbnail","6":"product_cat-damen","7":"product_cat-damenbekleidung","8":"product_cat-damenlangarmshirts","9":"product_tag-crazy-idea-de","10":"product_tag-crazy-idea-damen-de","11":"pa_attivita-gehen","12":"pa_attivita-outdoor-de","13":"pa_colore-pull-ionic-w-early-black-de","14":"pa_colore-pull-ionic-w-pop-de-2","15":"pa_colore-pull-ionic-w-vento-blossom-de","16":"pa_colore-pull-ionic-w-energy-de","17":"pa_colore-pull-ionic-w-vento-de","18":"pa_marca-crazy-idea-de","19":"pa_sesso-damen","20":"pa_size-extra-small-de","21":"pa_size-small-de","22":"pa_size-medium-de","23":"pa_size-large-de","25":"first","26":"instock","27":"sale","28":"taxable","29":"shipping-taxable","30":"purchasable","31":"product-type-variable","32":"wvs-archive-product-wrapper"},"acf":[],"yoast_head":"<!-- This site is optimized with the Yoast SEO plugin v26.8 - https:\/\/yoast.com\/product\/yoast-seo-wordpress\/ -->\n<title>Crazy Idea Pull Ionic damen - Langarmshirt - MioMioRun.com<\/title>\n<meta name=\"description\" content=\"Das Pull Ionic fur damen ist ein Kapuzentrikot und der Bestseller der Kollektion. Dieses vielseitige Modell kann an besonders kalten\" \/>\n<meta name=\"robots\" content=\"index, follow, max-snippet:-1, max-image-preview:large, max-video-preview:-1\" \/>\n<link rel=\"canonical\" href=\"https:\/\/www.miomiorun.com\/de\/produkt\/pull-ionic-damen\/\" \/>\n<meta property=\"og:locale\" content=\"de_DE\" \/>\n<meta property=\"og:type\" content=\"article\" \/>\n<meta property=\"og:title\" content=\"Crazy Idea Pull Ionic damen - Langarmshirt - MioMioRun.com\" \/>\n<meta property=\"og:description\" content=\"Das Pull Ionic fur damen ist ein Kapuzentrikot und der Bestseller der Kollektion. Dieses vielseitige Modell kann an besonders kalten\" \/>\n<meta property=\"og:url\" content=\"https:\/\/www.miomiorun.com\/de\/produkt\/pull-ionic-damen\/\" \/>\n<meta property=\"og:site_name\" content=\"MioMioRun\" \/>\n<meta property=\"article:publisher\" content=\"https:\/\/www.facebook.com\/miomiorun\/\" \/>\n<meta property=\"article:modified_time\" content=\"2026-05-08T15:57:09+00:00\" \/>\n<meta property=\"og:image\" content=\"https:\/\/www.miomiorun.com\/app\/uploads\/2021\/09\/crazy-idea-pull-ionic-W21025061D-0062.jpg\" \/>\n\t<meta property=\"og:image:width\" content=\"600\" \/>\n\t<meta property=\"og:image:height\" content=\"600\" \/>\n\t<meta property=\"og:image:type\" content=\"image\/jpeg\" \/>\n<meta name=\"twitter:card\" content=\"summary_large_image\" \/>\n<meta name=\"twitter:label1\" content=\"Est. reading time\" \/>\n\t<meta name=\"twitter:data1\" content=\"1 minute\" \/>\n<script type=\"application\/ld+json\" class=\"yoast-schema-graph\">{\"@context\":\"https:\/\/schema.org\",\"@graph\":[{\"@type\":\"WebPage\",\"@id\":\"https:\/\/www.miomiorun.com\/de\/produkt\/pull-ionic-damen\/\",\"url\":\"https:\/\/www.miomiorun.com\/de\/produkt\/pull-ionic-damen\/\",\"name\":\"Crazy Idea Pull Ionic damen - Langarmshirt - MioMioRun.com\",\"isPartOf\":{\"@id\":\"https:\/\/www.miomiorun.com\/de\/#website\"},\"primaryImageOfPage\":{\"@id\":\"https:\/\/www.miomiorun.com\/de\/produkt\/pull-ionic-damen\/#primaryimage\"},\"image\":{\"@id\":\"https:\/\/www.miomiorun.com\/de\/produkt\/pull-ionic-damen\/#primaryimage\"},\"thumbnailUrl\":\"https:\/\/www.miomiorun.com\/app\/uploads\/2021\/09\/crazy-idea-pull-ionic-W21025061D-0062.jpg\",\"datePublished\":\"2021-09-16T10:25:19+00:00\",\"dateModified\":\"2026-05-08T15:57:09+00:00\",\"description\":\"Das Pull Ionic fur damen ist ein Kapuzentrikot und der Bestseller der Kollektion. Dieses vielseitige Modell kann an besonders kalten\",\"breadcrumb\":{\"@id\":\"https:\/\/www.miomiorun.com\/de\/produkt\/pull-ionic-damen\/#breadcrumb\"},\"inLanguage\":\"de-DE\",\"potentialAction\":[{\"@type\":\"ReadAction\",\"target\":[\"https:\/\/www.miomiorun.com\/de\/produkt\/pull-ionic-damen\/\"]}]},{\"@type\":\"ImageObject\",\"inLanguage\":\"de-DE\",\"@id\":\"https:\/\/www.miomiorun.com\/de\/produkt\/pull-ionic-damen\/#primaryimage\",\"url\":\"https:\/\/www.miomiorun.com\/app\/uploads\/2021\/09\/crazy-idea-pull-ionic-W21025061D-0062.jpg\",\"contentUrl\":\"https:\/\/www.miomiorun.com\/app\/uploads\/2021\/09\/crazy-idea-pull-ionic-W21025061D-0062.jpg\",\"width\":600,\"height\":600,\"caption\":\"crazy idea pull ionic\"},{\"@type\":\"BreadcrumbList\",\"@id\":\"https:\/\/www.miomiorun.com\/de\/produkt\/pull-ionic-damen\/#breadcrumb\",\"itemListElement\":[{\"@type\":\"ListItem\",\"position\":1,\"name\":\"Home\",\"item\":\"https:\/\/www.miomiorun.com\/de\/\"},{\"@type\":\"ListItem\",\"position\":2,\"name\":\"Shop\",\"item\":\"https:\/\/www.miomiorun.com\/shop\/\"},{\"@type\":\"ListItem\",\"position\":3,\"name\":\"Pull Ionic damen\"}]},{\"@type\":\"WebSite\",\"@id\":\"https:\/\/www.miomiorun.com\/de\/#website\",\"url\":\"https:\/\/www.miomiorun.com\/de\/\",\"name\":\"MioMioRun\",\"description\":\"100% Lauf- und Trailshop\",\"publisher\":{\"@id\":\"https:\/\/www.miomiorun.com\/de\/#organization\"},\"potentialAction\":[{\"@type\":\"SearchAction\",\"target\":{\"@type\":\"EntryPoint\",\"urlTemplate\":\"https:\/\/www.miomiorun.com\/de\/?s={search_term_string}\"},\"query-input\":{\"@type\":\"PropertyValueSpecification\",\"valueRequired\":true,\"valueName\":\"search_term_string\"}}],\"inLanguage\":\"de-DE\"},{\"@type\":\"Organization\",\"@id\":\"https:\/\/www.miomiorun.com\/de\/#organization\",\"name\":\"MioMio Run\",\"url\":\"https:\/\/www.miomiorun.com\/de\/\",\"logo\":{\"@type\":\"ImageObject\",\"inLanguage\":\"de-DE\",\"@id\":\"https:\/\/www.miomiorun.com\/de\/#\/schema\/logo\/image\/\",\"url\":\"https:\/\/www.miomiorun.com\/app\/uploads\/2019\/12\/logomio.png\",\"contentUrl\":\"https:\/\/www.miomiorun.com\/app\/uploads\/2019\/12\/logomio.png\",\"width\":115,\"height\":82,\"caption\":\"MioMio Run\"},\"image\":{\"@id\":\"https:\/\/www.miomiorun.com\/de\/#\/schema\/logo\/image\/\"},\"sameAs\":[\"https:\/\/www.facebook.com\/miomiorun\/\",\"https:\/\/www.instagram.com\/miomiorun\/\"]}]}<\/script>\n<!-- \/ Yoast SEO plugin. -->","yoast_head_json":{"title":"Crazy Idea Pull Ionic damen - Langarmshirt - MioMioRun.com","description":"Das Pull Ionic fur damen ist ein Kapuzentrikot und der Bestseller der Kollektion. Dieses vielseitige Modell kann an besonders kalten","robots":{"index":"index","follow":"follow","max-snippet":"max-snippet:-1","max-image-preview":"max-image-preview:large","max-video-preview":"max-video-preview:-1"},"canonical":"https:\/\/www.miomiorun.com\/de\/produkt\/pull-ionic-damen\/","og_locale":"de_DE","og_type":"article","og_title":"Crazy Idea Pull Ionic damen - Langarmshirt - MioMioRun.com","og_description":"Das Pull Ionic fur damen ist ein Kapuzentrikot und der Bestseller der Kollektion. Dieses vielseitige Modell kann an besonders kalten","og_url":"https:\/\/www.miomiorun.com\/de\/produkt\/pull-ionic-damen\/","og_site_name":"MioMioRun","article_publisher":"https:\/\/www.facebook.com\/miomiorun\/","article_modified_time":"2026-05-08T15:57:09+00:00","og_image":[{"width":600,"height":600,"url":"https:\/\/www.miomiorun.com\/app\/uploads\/2021\/09\/crazy-idea-pull-ionic-W21025061D-0062.jpg","type":"image\/jpeg"}],"twitter_card":"summary_large_image","twitter_misc":{"Est. reading time":"1 minute"},"schema":{"@context":"https:\/\/schema.org","@graph":[{"@type":"WebPage","@id":"https:\/\/www.miomiorun.com\/de\/produkt\/pull-ionic-damen\/","url":"https:\/\/www.miomiorun.com\/de\/produkt\/pull-ionic-damen\/","name":"Crazy Idea Pull Ionic damen - Langarmshirt - MioMioRun.com","isPartOf":{"@id":"https:\/\/www.miomiorun.com\/de\/#website"},"primaryImageOfPage":{"@id":"https:\/\/www.miomiorun.com\/de\/produkt\/pull-ionic-damen\/#primaryimage"},"image":{"@id":"https:\/\/www.miomiorun.com\/de\/produkt\/pull-ionic-damen\/#primaryimage"},"thumbnailUrl":"https:\/\/www.miomiorun.com\/app\/uploads\/2021\/09\/crazy-idea-pull-ionic-W21025061D-0062.jpg","datePublished":"2021-09-16T10:25:19+00:00","dateModified":"2026-05-08T15:57:09+00:00","description":"Das Pull Ionic fur damen ist ein Kapuzentrikot und der Bestseller der Kollektion. Dieses vielseitige Modell kann an besonders kalten","breadcrumb":{"@id":"https:\/\/www.miomiorun.com\/de\/produkt\/pull-ionic-damen\/#breadcrumb"},"inLanguage":"de-DE","potentialAction":[{"@type":"ReadAction","target":["https:\/\/www.miomiorun.com\/de\/produkt\/pull-ionic-damen\/"]}]},{"@type":"ImageObject","inLanguage":"de-DE","@id":"https:\/\/www.miomiorun.com\/de\/produkt\/pull-ionic-damen\/#primaryimage","url":"https:\/\/www.miomiorun.com\/app\/uploads\/2021\/09\/crazy-idea-pull-ionic-W21025061D-0062.jpg","contentUrl":"https:\/\/www.miomiorun.com\/app\/uploads\/2021\/09\/crazy-idea-pull-ionic-W21025061D-0062.jpg","width":600,"height":600,"caption":"crazy idea pull ionic"},{"@type":"BreadcrumbList","@id":"https:\/\/www.miomiorun.com\/de\/produkt\/pull-ionic-damen\/#breadcrumb","itemListElement":[{"@type":"ListItem","position":1,"name":"Home","item":"https:\/\/www.miomiorun.com\/de\/"},{"@type":"ListItem","position":2,"name":"Shop","item":"https:\/\/www.miomiorun.com\/shop\/"},{"@type":"ListItem","position":3,"name":"Pull Ionic damen"}]},{"@type":"WebSite","@id":"https:\/\/www.miomiorun.com\/de\/#website","url":"https:\/\/www.miomiorun.com\/de\/","name":"MioMioRun","description":"100% Lauf- und Trailshop","publisher":{"@id":"https:\/\/www.miomiorun.com\/de\/#organization"},"potentialAction":[{"@type":"SearchAction","target":{"@type":"EntryPoint","urlTemplate":"https:\/\/www.miomiorun.com\/de\/?s={search_term_string}"},"query-input":{"@type":"PropertyValueSpecification","valueRequired":true,"valueName":"search_term_string"}}],"inLanguage":"de-DE"},{"@type":"Organization","@id":"https:\/\/www.miomiorun.com\/de\/#organization","name":"MioMio Run","url":"https:\/\/www.miomiorun.com\/de\/","logo":{"@type":"ImageObject","inLanguage":"de-DE","@id":"https:\/\/www.miomiorun.com\/de\/#\/schema\/logo\/image\/","url":"https:\/\/www.miomiorun.com\/app\/uploads\/2019\/12\/logomio.png","contentUrl":"https:\/\/www.miomiorun.com\/app\/uploads\/2019\/12\/logomio.png","width":115,"height":82,"caption":"MioMio Run"},"image":{"@id":"https:\/\/www.miomiorun.com\/de\/#\/schema\/logo\/image\/"},"sameAs":["https:\/\/www.facebook.com\/miomiorun\/","https:\/\/www.instagram.com\/miomiorun\/"]}]}},"_links":{"self":[{"href":"https:\/\/www.miomiorun.com\/de\/wp-json\/wp\/v2\/product\/80121","targetHints":{"allow":["GET"]}}],"collection":[{"href":"https:\/\/www.miomiorun.com\/de\/wp-json\/wp\/v2\/product"}],"about":[{"href":"https:\/\/www.miomiorun.com\/de\/wp-json\/wp\/v2\/types\/product"}],"wp:featuredmedia":[{"embeddable":true,"href":"https:\/\/www.miomiorun.com\/de\/wp-json\/wp\/v2\/media\/57962"}],"wp:attachment":[{"href":"https:\/\/www.miomiorun.com\/de\/wp-json\/wp\/v2\/media?parent=80121"}],"wp:term":[{"taxonomy":"product_brand","embeddable":true,"href":"https:\/\/www.miomiorun.com\/de\/wp-json\/wp\/v2\/product_brand?post=80121"},{"taxonomy":"product_cat","embeddable":true,"href":"https:\/\/www.miomiorun.com\/de\/wp-json\/wp\/v2\/product_cat?post=80121"},{"taxonomy":"product_tag","embeddable":true,"href":"https:\/\/www.miomiorun.com\/de\/wp-json\/wp\/v2\/product_tag?post=80121"}],"curies":[{"name":"wp","href":"https:\/\/api.w.org\/{rel}","templated":true}]}}