{"id":80110,"date":"2021-11-23T18:58:04","date_gmt":"2021-11-23T17:58:04","guid":{"rendered":"https:\/\/miomiorun.com\/prodotto\/crazy-idea-jkt-alpinstar-3d-donna\/"},"modified":"2022-11-22T18:03:33","modified_gmt":"2022-11-22T17:03:33","slug":"jkt-alpinstar-3d-damen","status":"publish","type":"product","link":"https:\/\/www.miomiorun.com\/de\/produkt\/jkt-alpinstar-3d-damen\/","title":{"rendered":"Jkt Alpinstar 3D damen"},"content":{"rendered":"<div class=\"single-product-description\">\n<p>Die<strong> Jkt Alpinstar 3D<\/strong> f\u00fcr Damen ist ein perfektes Kleidungsst\u00fcck f\u00fcr Aktivit\u00e4ten mittlerer Intensit\u00e4t, das beim Klettern oder sogar beim Abstieg getragen werden kann, wenn die Wetterbedingungen nicht extrem sind. Die Vorderseite von Rumpf und R\u00fccken ist aus leichtem, wasserabweisendem und winddichtem Toray-Nylon mit Sameless-Schlauchkonstruktion gefertigt, die innovative JOY-Wattierung sorgt f\u00fcr die richtige W\u00e4rme, die \u00c4rmel und der R\u00fccken sind aus warmem und atmungsaktivem Vuelta-Fleece, italienisch. Front\u00f6ffnung mit Rei\u00dfverschluss, Kapuze mit elastischem Saum, Hand- und Rei\u00dfverschlusstaschen.<\/p>\n<p><strong>Funktionen:<\/strong><\/p>\n<ul>\n<li>Ergonomische Kapuze mit elastischem Rand<\/li>\n<li>Vollst\u00e4ndig teilbarer Frontrei\u00dfverschluss<\/li>\n<li>Handtaschen mit Rei\u00dfverschluss<\/li>\n<li>Daumenschlaufe<\/li>\n<li>Unteres Band und atmungsaktive Gewebeeins\u00e4tze<\/li>\n<\/ul>\n<\/div>\n","protected":false},"excerpt":{"rendered":"<ul>\n<li>Vollst\u00e4ndig teilbarer Frontrei\u00dfverschluss<\/li>\n<li>Handtaschen mit Rei\u00dfverschluss<\/li>\n<li>Daumenschlaufe<\/li>\n<\/ul>\n","protected":false},"featured_media":59570,"template":"","meta":{"_acf_changed":false,"inline_featured_image":false},"product_brand":[],"product_cat":[6400,6401,6404],"product_tag":[3370,6237],"class_list":{"0":"post-80110","1":"product","2":"type-product","3":"status-publish","4":"has-post-thumbnail","6":"product_cat-damen","7":"product_cat-damenbekleidung","8":"product_cat-damenjacken","9":"product_tag-crazy-idea-de","10":"product_tag-crazy-idea-damen-de","11":"pa_attivita-gehen","12":"pa_attivita-outdoor-de","13":"pa_colore-jkt-alpinstar-3d-w-pop-de","14":"pa_marca-crazy-idea-de","15":"pa_sesso-damen","16":"pa_size-extra-small-de","17":"pa_size-small-de","19":"first","20":"instock","21":"sale","22":"taxable","23":"shipping-taxable","24":"purchasable","25":"product-type-variable","26":"wvs-archive-product-wrapper"},"acf":[],"yoast_head":"<!-- This site is optimized with the Yoast SEO plugin v26.8 - https:\/\/yoast.com\/product\/yoast-seo-wordpress\/ -->\n<title>Crazy Idea Jkt Alpinstar 3D damen - jacket damen- MioMioRun<\/title>\n<meta name=\"description\" content=\"Die Jkt Alpinstar 3D f\u00fcr Damen ist ein perfektes Kleidungsst\u00fcck f\u00fcr Aktivit\u00e4ten mit mittlerer Intensit\u00e4t, das beim Klettem\" \/>\n<meta name=\"robots\" content=\"index, follow, max-snippet:-1, max-image-preview:large, max-video-preview:-1\" \/>\n<link rel=\"canonical\" href=\"https:\/\/www.miomiorun.com\/de\/produkt\/jkt-alpinstar-3d-damen\/\" \/>\n<meta property=\"og:locale\" content=\"de_DE\" \/>\n<meta property=\"og:type\" content=\"article\" \/>\n<meta property=\"og:title\" content=\"Crazy Idea Jkt Alpinstar 3D damen - jacket damen- MioMioRun\" \/>\n<meta property=\"og:description\" content=\"Die Jkt Alpinstar 3D f\u00fcr Damen ist ein perfektes Kleidungsst\u00fcck f\u00fcr Aktivit\u00e4ten mit mittlerer Intensit\u00e4t, das beim Klettem\" \/>\n<meta property=\"og:url\" content=\"https:\/\/www.miomiorun.com\/de\/produkt\/jkt-alpinstar-3d-damen\/\" \/>\n<meta property=\"og:site_name\" content=\"MioMioRun\" \/>\n<meta property=\"article:publisher\" content=\"https:\/\/www.facebook.com\/miomiorun\/\" \/>\n<meta property=\"article:modified_time\" content=\"2022-11-22T17:03:33+00:00\" \/>\n<meta property=\"og:image\" content=\"https:\/\/www.miomiorun.com\/app\/uploads\/2021\/11\/crazy-idea-jkt-alpinstar-3d-W21055195D-0063.jpg\" \/>\n\t<meta property=\"og:image:width\" content=\"600\" \/>\n\t<meta property=\"og:image:height\" content=\"600\" \/>\n\t<meta property=\"og:image:type\" content=\"image\/jpeg\" \/>\n<meta name=\"twitter:card\" content=\"summary_large_image\" \/>\n<meta name=\"twitter:label1\" content=\"Est. reading time\" \/>\n\t<meta name=\"twitter:data1\" content=\"1 minute\" \/>\n<script type=\"application\/ld+json\" class=\"yoast-schema-graph\">{\"@context\":\"https:\/\/schema.org\",\"@graph\":[{\"@type\":\"WebPage\",\"@id\":\"https:\/\/www.miomiorun.com\/de\/produkt\/jkt-alpinstar-3d-damen\/\",\"url\":\"https:\/\/www.miomiorun.com\/de\/produkt\/jkt-alpinstar-3d-damen\/\",\"name\":\"Crazy Idea Jkt Alpinstar 3D damen - jacket damen- MioMioRun\",\"isPartOf\":{\"@id\":\"https:\/\/www.miomiorun.com\/de\/#website\"},\"primaryImageOfPage\":{\"@id\":\"https:\/\/www.miomiorun.com\/de\/produkt\/jkt-alpinstar-3d-damen\/#primaryimage\"},\"image\":{\"@id\":\"https:\/\/www.miomiorun.com\/de\/produkt\/jkt-alpinstar-3d-damen\/#primaryimage\"},\"thumbnailUrl\":\"https:\/\/www.miomiorun.com\/app\/uploads\/2021\/11\/crazy-idea-jkt-alpinstar-3d-W21055195D-0063.jpg\",\"datePublished\":\"2021-11-23T17:58:04+00:00\",\"dateModified\":\"2022-11-22T17:03:33+00:00\",\"description\":\"Die Jkt Alpinstar 3D f\u00fcr Damen ist ein perfektes Kleidungsst\u00fcck f\u00fcr Aktivit\u00e4ten mit mittlerer Intensit\u00e4t, das beim Klettem\",\"breadcrumb\":{\"@id\":\"https:\/\/www.miomiorun.com\/de\/produkt\/jkt-alpinstar-3d-damen\/#breadcrumb\"},\"inLanguage\":\"de-DE\",\"potentialAction\":[{\"@type\":\"ReadAction\",\"target\":[\"https:\/\/www.miomiorun.com\/de\/produkt\/jkt-alpinstar-3d-damen\/\"]}]},{\"@type\":\"ImageObject\",\"inLanguage\":\"de-DE\",\"@id\":\"https:\/\/www.miomiorun.com\/de\/produkt\/jkt-alpinstar-3d-damen\/#primaryimage\",\"url\":\"https:\/\/www.miomiorun.com\/app\/uploads\/2021\/11\/crazy-idea-jkt-alpinstar-3d-W21055195D-0063.jpg\",\"contentUrl\":\"https:\/\/www.miomiorun.com\/app\/uploads\/2021\/11\/crazy-idea-jkt-alpinstar-3d-W21055195D-0063.jpg\",\"width\":600,\"height\":600,\"caption\":\"crazy-idea-jkt-alpinstar-3d-W21055195D-0063\"},{\"@type\":\"BreadcrumbList\",\"@id\":\"https:\/\/www.miomiorun.com\/de\/produkt\/jkt-alpinstar-3d-damen\/#breadcrumb\",\"itemListElement\":[{\"@type\":\"ListItem\",\"position\":1,\"name\":\"Home\",\"item\":\"https:\/\/www.miomiorun.com\/de\/\"},{\"@type\":\"ListItem\",\"position\":2,\"name\":\"Shop\",\"item\":\"https:\/\/www.miomiorun.com\/shop\/\"},{\"@type\":\"ListItem\",\"position\":3,\"name\":\"Jkt Alpinstar 3D damen\"}]},{\"@type\":\"WebSite\",\"@id\":\"https:\/\/www.miomiorun.com\/de\/#website\",\"url\":\"https:\/\/www.miomiorun.com\/de\/\",\"name\":\"MioMioRun\",\"description\":\"100% Lauf- und Trailshop\",\"publisher\":{\"@id\":\"https:\/\/www.miomiorun.com\/de\/#organization\"},\"potentialAction\":[{\"@type\":\"SearchAction\",\"target\":{\"@type\":\"EntryPoint\",\"urlTemplate\":\"https:\/\/www.miomiorun.com\/de\/?s={search_term_string}\"},\"query-input\":{\"@type\":\"PropertyValueSpecification\",\"valueRequired\":true,\"valueName\":\"search_term_string\"}}],\"inLanguage\":\"de-DE\"},{\"@type\":\"Organization\",\"@id\":\"https:\/\/www.miomiorun.com\/de\/#organization\",\"name\":\"MioMio Run\",\"url\":\"https:\/\/www.miomiorun.com\/de\/\",\"logo\":{\"@type\":\"ImageObject\",\"inLanguage\":\"de-DE\",\"@id\":\"https:\/\/www.miomiorun.com\/de\/#\/schema\/logo\/image\/\",\"url\":\"https:\/\/www.miomiorun.com\/app\/uploads\/2019\/12\/logomio.png\",\"contentUrl\":\"https:\/\/www.miomiorun.com\/app\/uploads\/2019\/12\/logomio.png\",\"width\":115,\"height\":82,\"caption\":\"MioMio Run\"},\"image\":{\"@id\":\"https:\/\/www.miomiorun.com\/de\/#\/schema\/logo\/image\/\"},\"sameAs\":[\"https:\/\/www.facebook.com\/miomiorun\/\",\"https:\/\/www.instagram.com\/miomiorun\/\"]}]}<\/script>\n<!-- \/ Yoast SEO plugin. -->","yoast_head_json":{"title":"Crazy Idea Jkt Alpinstar 3D damen - jacket damen- MioMioRun","description":"Die Jkt Alpinstar 3D f\u00fcr Damen ist ein perfektes Kleidungsst\u00fcck f\u00fcr Aktivit\u00e4ten mit mittlerer Intensit\u00e4t, das beim Klettem","robots":{"index":"index","follow":"follow","max-snippet":"max-snippet:-1","max-image-preview":"max-image-preview:large","max-video-preview":"max-video-preview:-1"},"canonical":"https:\/\/www.miomiorun.com\/de\/produkt\/jkt-alpinstar-3d-damen\/","og_locale":"de_DE","og_type":"article","og_title":"Crazy Idea Jkt Alpinstar 3D damen - jacket damen- MioMioRun","og_description":"Die Jkt Alpinstar 3D f\u00fcr Damen ist ein perfektes Kleidungsst\u00fcck f\u00fcr Aktivit\u00e4ten mit mittlerer Intensit\u00e4t, das beim Klettem","og_url":"https:\/\/www.miomiorun.com\/de\/produkt\/jkt-alpinstar-3d-damen\/","og_site_name":"MioMioRun","article_publisher":"https:\/\/www.facebook.com\/miomiorun\/","article_modified_time":"2022-11-22T17:03:33+00:00","og_image":[{"width":600,"height":600,"url":"https:\/\/www.miomiorun.com\/app\/uploads\/2021\/11\/crazy-idea-jkt-alpinstar-3d-W21055195D-0063.jpg","type":"image\/jpeg"}],"twitter_card":"summary_large_image","twitter_misc":{"Est. reading time":"1 minute"},"schema":{"@context":"https:\/\/schema.org","@graph":[{"@type":"WebPage","@id":"https:\/\/www.miomiorun.com\/de\/produkt\/jkt-alpinstar-3d-damen\/","url":"https:\/\/www.miomiorun.com\/de\/produkt\/jkt-alpinstar-3d-damen\/","name":"Crazy Idea Jkt Alpinstar 3D damen - jacket damen- MioMioRun","isPartOf":{"@id":"https:\/\/www.miomiorun.com\/de\/#website"},"primaryImageOfPage":{"@id":"https:\/\/www.miomiorun.com\/de\/produkt\/jkt-alpinstar-3d-damen\/#primaryimage"},"image":{"@id":"https:\/\/www.miomiorun.com\/de\/produkt\/jkt-alpinstar-3d-damen\/#primaryimage"},"thumbnailUrl":"https:\/\/www.miomiorun.com\/app\/uploads\/2021\/11\/crazy-idea-jkt-alpinstar-3d-W21055195D-0063.jpg","datePublished":"2021-11-23T17:58:04+00:00","dateModified":"2022-11-22T17:03:33+00:00","description":"Die Jkt Alpinstar 3D f\u00fcr Damen ist ein perfektes Kleidungsst\u00fcck f\u00fcr Aktivit\u00e4ten mit mittlerer Intensit\u00e4t, das beim Klettem","breadcrumb":{"@id":"https:\/\/www.miomiorun.com\/de\/produkt\/jkt-alpinstar-3d-damen\/#breadcrumb"},"inLanguage":"de-DE","potentialAction":[{"@type":"ReadAction","target":["https:\/\/www.miomiorun.com\/de\/produkt\/jkt-alpinstar-3d-damen\/"]}]},{"@type":"ImageObject","inLanguage":"de-DE","@id":"https:\/\/www.miomiorun.com\/de\/produkt\/jkt-alpinstar-3d-damen\/#primaryimage","url":"https:\/\/www.miomiorun.com\/app\/uploads\/2021\/11\/crazy-idea-jkt-alpinstar-3d-W21055195D-0063.jpg","contentUrl":"https:\/\/www.miomiorun.com\/app\/uploads\/2021\/11\/crazy-idea-jkt-alpinstar-3d-W21055195D-0063.jpg","width":600,"height":600,"caption":"crazy-idea-jkt-alpinstar-3d-W21055195D-0063"},{"@type":"BreadcrumbList","@id":"https:\/\/www.miomiorun.com\/de\/produkt\/jkt-alpinstar-3d-damen\/#breadcrumb","itemListElement":[{"@type":"ListItem","position":1,"name":"Home","item":"https:\/\/www.miomiorun.com\/de\/"},{"@type":"ListItem","position":2,"name":"Shop","item":"https:\/\/www.miomiorun.com\/shop\/"},{"@type":"ListItem","position":3,"name":"Jkt Alpinstar 3D damen"}]},{"@type":"WebSite","@id":"https:\/\/www.miomiorun.com\/de\/#website","url":"https:\/\/www.miomiorun.com\/de\/","name":"MioMioRun","description":"100% Lauf- und Trailshop","publisher":{"@id":"https:\/\/www.miomiorun.com\/de\/#organization"},"potentialAction":[{"@type":"SearchAction","target":{"@type":"EntryPoint","urlTemplate":"https:\/\/www.miomiorun.com\/de\/?s={search_term_string}"},"query-input":{"@type":"PropertyValueSpecification","valueRequired":true,"valueName":"search_term_string"}}],"inLanguage":"de-DE"},{"@type":"Organization","@id":"https:\/\/www.miomiorun.com\/de\/#organization","name":"MioMio Run","url":"https:\/\/www.miomiorun.com\/de\/","logo":{"@type":"ImageObject","inLanguage":"de-DE","@id":"https:\/\/www.miomiorun.com\/de\/#\/schema\/logo\/image\/","url":"https:\/\/www.miomiorun.com\/app\/uploads\/2019\/12\/logomio.png","contentUrl":"https:\/\/www.miomiorun.com\/app\/uploads\/2019\/12\/logomio.png","width":115,"height":82,"caption":"MioMio Run"},"image":{"@id":"https:\/\/www.miomiorun.com\/de\/#\/schema\/logo\/image\/"},"sameAs":["https:\/\/www.facebook.com\/miomiorun\/","https:\/\/www.instagram.com\/miomiorun\/"]}]}},"_links":{"self":[{"href":"https:\/\/www.miomiorun.com\/de\/wp-json\/wp\/v2\/product\/80110","targetHints":{"allow":["GET"]}}],"collection":[{"href":"https:\/\/www.miomiorun.com\/de\/wp-json\/wp\/v2\/product"}],"about":[{"href":"https:\/\/www.miomiorun.com\/de\/wp-json\/wp\/v2\/types\/product"}],"wp:featuredmedia":[{"embeddable":true,"href":"https:\/\/www.miomiorun.com\/de\/wp-json\/wp\/v2\/media\/59570"}],"wp:attachment":[{"href":"https:\/\/www.miomiorun.com\/de\/wp-json\/wp\/v2\/media?parent=80110"}],"wp:term":[{"taxonomy":"product_brand","embeddable":true,"href":"https:\/\/www.miomiorun.com\/de\/wp-json\/wp\/v2\/product_brand?post=80110"},{"taxonomy":"product_cat","embeddable":true,"href":"https:\/\/www.miomiorun.com\/de\/wp-json\/wp\/v2\/product_cat?post=80110"},{"taxonomy":"product_tag","embeddable":true,"href":"https:\/\/www.miomiorun.com\/de\/wp-json\/wp\/v2\/product_tag?post=80110"}],"curies":[{"name":"wp","href":"https:\/\/api.w.org\/{rel}","templated":true}]}}