{"id":79899,"date":"2022-06-09T15:55:07","date_gmt":"2022-06-09T13:55:07","guid":{"rendered":"https:\/\/miomiorun.com\/prodotto\/garmin-edge-1040\/"},"modified":"2026-01-01T20:13:20","modified_gmt":"2026-01-01T19:13:20","slug":"garmin-edge-1040","status":"publish","type":"product","link":"https:\/\/www.miomiorun.com\/de\/produkt\/garmin-edge-1040\/","title":{"rendered":"Edge 1040"},"content":{"rendered":"<p><div class=\"vc-row container\"><div class=\"vc-column\"><div class=\"vc-column-text\"><\/p>\n<h2 style=\"text-align: center;\">LEISTUNGSANALYSE MIT VIELEN FUNKTIONEN<\/h2>\n<p style=\"text-align: center;\">Mit dem innovativen GPS-Fahrradcomputer, der Ihnen maximale Zuverl\u00e4ssigkeit bietet, wenn Sie sie am meisten brauchen, m\u00fcssen Sie nie aufh\u00f6ren zu treten. Der Edge 1040 ist f\u00fcr jedes Raderlebnis geeignet, von den abgelegensten unbefestigten Wegen bis hin zu epischen Anstiegen.<\/p>\n<p><\/div><div style=\"height:32px\" class=\"vc-empty-space\"><\/div><div style=\"height:32px\" class=\"vc-empty-space\"><\/div><\/div><\/div><div class=\"vc-row container\"><div class=\"vc-column\"><div class=\"vc-column-text\"><\/p>\n<p>&nbsp;<\/p>\n<p style=\"text-align: center;\"><img decoding=\"async\" class=\"app__feature__card__image\" src=\"https:\/\/res.garmin.com\/gdc\/Product_Pages\/ICONS\/Battery_Life.svg\" alt=\"\" \/><br \/>\nMehr Reichweite mit weniger Ladevorg\u00e4ngen. Sie profitieren von einer Akkulaufzeit von 35 Stunden. und im Energiesparmodus bis zu 70 Stunden.<\/p>\n<p><\/div><\/div><div class=\"vc-column\"><div class=\"vc-column-text\"><\/p>\n<div class=\"app__feature__card\" data-translate=\"\">\n<p style=\"text-align: center;\"><img decoding=\"async\" class=\"app__feature__card__image\" src=\"https:\/\/res.garmin.com\/gdc\/Product_Pages\/ICONS\/MultiBand.svg\" alt=\"\" \/><br \/>\nDichte Vegetation und hohe Geb\u00e4ude sind kein Problem f\u00fcr die extreme Genauigkeit von Multiband-GNSS.<\/p>\n<\/div>\n<p><\/div><\/div><div class=\"vc-column\"><div class=\"vc-column-text\"><\/p>\n<div class=\"app__feature__card\" style=\"text-align: center;\" data-translate=\"\"><img decoding=\"async\" class=\"app__feature__card__image\" src=\"https:\/\/res.garmin.com\/gdc\/Product_Pages\/ICONS\/Garmin_Coach.svg\" alt=\"\" \/><br \/>\nDie Analyse der Radfahrf\u00e4higkeiten und der Streckenanforderungen hilft Ihnen, Ihre St\u00e4rken und Schw\u00e4chen zu erkennen.<\/div>\n<p><\/div><\/div><div class=\"vc-column\"><div class=\"vc-column-text\"><\/p>\n<p style=\"text-align: center;\"><img decoding=\"async\" class=\"app__feature__card__image\" src=\"https:\/\/res.garmin.com\/gdc\/Product_Pages\/ICONS\/Turn_by_Turn_Navigation.svg\" alt=\"\" \/><br \/>\nSicher in die Pedale treten mit auf Radwege zugeschnittenen Karten und Navigation<\/p>\n<p><\/div><\/div><div class=\"vc-column\"><div class=\"vc-column-text\"><\/p>\n<div class=\"app__feature__card\" style=\"text-align: center;\" data-translate=\"\"><img decoding=\"async\" class=\"app__feature__card__image\" src=\"https:\/\/res.garmin.com\/gdc\/Product_Pages\/ICONS\/STAMINA.svg\" alt=\"\" \/><br \/>\nFinden Sie heraus, wie viel Treibstoff noch in Ihrem Tank ist, dank der detaillierten Ausdauerinformationen.<\/div>\n<p><\/div><\/div><div class=\"vc-column\"><div style=\"height:32px\" class=\"vc-empty-space\"><\/div><\/div><\/div><div class=\"vc-row container\"><div class=\"vc-column\"><div class=\"vc-column-text\"><\/p>\n<p>&nbsp;<\/p>\n<h3 style=\"text-align: center;\"><strong>AUSDAUER-INFORMATIONEN<\/strong><\/h3>\n<p style=\"text-align: center;\">W\u00e4hrend Sie in die Pedale treten, erhalten Sie detaillierte Informationen \u00fcber Ihre Ausdauer, um zu sehen, wie viel Kraftstoff noch in Ihrem Tank ist.<\/p>\n<p><\/div><\/div><div class=\"vc-column\"><div class=\"vc-column-text\"><\/p>\n<h3 style=\"text-align: center;\">FAHRRADKENNTNISSE UND ROUTENANFORDERUNGEN<\/h3>\n<p style=\"text-align: center;\">Ordnen Sie Ihre St\u00e4rken im Radsport ein, konzentrieren Sie sich auf Verbesserungen und bereiten Sie sich auf eine bestimmte Strecke vor.<\/p>\n<p><\/div><\/div><div class=\"vc-column\"><div class=\"vc-column-text\"><\/p>\n<h3 style=\"text-align: center;\">POWER GUIDE<\/h3>\n<p style=\"text-align: center;\">Die empfohlenen Leistungsziele helfen Ihnen, Ihre Anstrengungen zu steuern.<\/p>\n<p><\/div><\/div><div class=\"vc-column\"><div class=\"vc-column-text\"><\/p>\n<h3 style=\"text-align: center;\">DYNAMISCHE LEISTUNGS\u00dcBERWACHUNG<\/h3>\n<p style=\"text-align: center;\">Erfahren Sie mehr dar\u00fcber, wie Ihr K\u00f6rper auf das Training reagiert. \u00dcberwachen Sie Ihre VO2 max, Erholungszeit, Trainingsbelastung, Trainingsbelastungsschwerpunkte und mehr.<\/p>\n<p><\/div><\/div><div class=\"vc-column\"><div class=\"vc-column-text\"><\/p>\n<h3 style=\"text-align: center;\">AUSBILDUNGSSTAND<\/h3>\n<p style=\"text-align: center;\">Wie effektiv ist Ihre Ausbildung? Es wertet automatisch Ihren bisherigen Trainingsverlauf und Ihre Leistungsindikatoren aus, um festzustellen, ob Ihr Training effektiv, zu leicht oder zu intensiv ist.<\/p>\n<p><\/div><\/div><div class=\"vc-column\"><div style=\"height:32px\" class=\"vc-empty-space\"><\/div><\/div><\/div><div class=\"vc-row container\"><div class=\"vc-column\"><div class=\"vc-column-text\"><\/p>\n<h3 style=\"text-align: center;\">VORGESCHLAGENE T\u00c4GLICHE TRAININGSEINHEITEN<\/h3>\n<p style=\"text-align: center;\">F\u00fcr Trainingsrichtlinien, die auf Ihren Daten und Ihrem Fitnessniveau basieren, erhalten Sie t\u00e4gliche Trainingsvorschl\u00e4ge, die auf Ihrer aktuellen Trainingsbelastung und Ihrem maximalen VO2-Wert basieren.<\/p>\n<p><\/div><\/div><div class=\"vc-column\"><div class=\"vc-column-text\"><\/p>\n<h3 style=\"text-align: center;\">TRAININGSPL\u00c4NE SYNCHRONISIEREN<\/h3>\n<p style=\"text-align: center;\">Laden Sie Outdoor- oder Rollentrainingspl\u00e4ne \u00fcber die Garmin Connect\u2122-App f\u00fcr Smartger\u00e4te herunter, oder synchronisieren Sie Ihr Edge-Ger\u00e4t in Echtzeit mit anderen Apps, einschlie\u00dflich der TrainingPeaks\u00ae-App. Au\u00dferdem erhalten Sie Anweisungen zum Nachholen verpasster Trainingseinheiten.<\/p>\n<p><\/div><\/div><div class=\"vc-column\"><div class=\"vc-column-text\"><\/p>\n<h3 style=\"text-align: center;\">Akklimatisierung an Hitze und H\u00f6he<\/h3>\n<p style=\"text-align: center;\">Bereiten Sie sich auf die Fahrt unter allen Bedingungen vor. Finden Sie heraus, wie Ihr K\u00f6rper den verschiedenen Umgebungen mit Hitze und H\u00f6henakklimatisierung standhalten kann.<\/p>\n<p><\/div><\/div><div class=\"vc-column\"><div class=\"vc-column-text\"><\/p>\n<h3 style=\"text-align: center;\">CLIMBPRO-FUNKTION<\/h3>\n<p style=\"text-align: center;\">Zeigt automatisch die verbleibende Steigung und Neigung an, wenn Sie auf einer Route oder einem Weg an H\u00f6he gewinnen. So k\u00f6nnen Sie Ihre Anstrengungen besser einsch\u00e4tzen und sich vorstellen, wie weit Sie noch gehen m\u00fcssen, um den Gipfel zu erreichen. Sie k\u00f6nnen Ihre Anstiege auch f\u00fcr die Datenanalyse nach der Fahrt auf dem Ger\u00e4t oder in der Garmin Connect-App speichern.<\/p>\n<p><\/div><\/div><div class=\"vc-column\"><div class=\"vc-column-text\"><\/p>\n<h3 style=\"text-align: center;\">WARNHINWEISE ZU ERN\u00c4HRUNG UND FL\u00dcSSIGKEITSZUFUHR<\/h3>\n<p style=\"text-align: center;\">Holen Sie sich alle Daten, die Sie brauchen, um immer die n\u00f6tige Energie zu haben, Kilometer f\u00fcr Kilometer. Der Edge 1040 warnt Sie, wenn es Zeit ist, etwas zu trinken oder zu essen.<\/p>\n<p><\/div><\/div><div class=\"vc-column\"><div class=\"vc-column-text\"><\/p>\n<h3 style=\"text-align: center;\">FAHRRADDYNAMIK<\/h3>\n<p style=\"text-align: center;\">Verwendet fortschrittliche Fahrradmetriken, die detaillierte Informationen dar\u00fcber liefern, wie sich die Leistung in Abh\u00e4ngigkeit von variablen Bedingungen wie Position, Fahrradkonfiguration, Tretdauer und mehr ver\u00e4ndert.<\/p>\n<p><\/div><\/div><\/div><div class=\"vc-row container\"><div class=\"vc-column\"><div style=\"height:32px\" class=\"vc-empty-space\"><\/div><\/div><\/div><div class=\"vc-row container\"><div class=\"vc-column\"><div class=\"vc-column-text\"><\/p>\n<h3 style=\"text-align: center;\">MTB-DYNAMIK<\/h3>\n<p style=\"text-align: center;\">Verfolgen Sie jede Fahrt mit Mountainbike-Metriken, jede Abfahrt kann episch sein. Der Edge 1040 \u00fcberwacht sie alle, indem er die Anzahl und Entfernung der Spr\u00fcnge sowie die Zeit in der Luft erfasst.<\/p>\n<p><\/div><\/div><div class=\"vc-column\"><div class=\"vc-column-text\"><\/p>\n<h3 style=\"text-align: center;\">GRIT UND FLOW<\/h3>\n<p style=\"text-align: center;\">Grit bewertet den Schwierigkeitsgrad einer Fahrt anhand von GPS-, H\u00f6hen- und anderen Daten. Flow misst die Gleichm\u00e4\u00dfigkeit der Tretbewegung w\u00e4hrend einer Abfahrt und liefert eine Punktzahl, die beim n\u00e4chsten Mal erreicht werden muss.<\/p>\n<p><\/div><\/div><div class=\"vc-column\"><div class=\"vc-column-text\"><\/p>\n<h3 style=\"text-align: center;\">MULTIBAND-GNSS<\/h3>\n<p style=\"text-align: center;\">Die Multisystem- und Multiband-GNSS-Technologie gew\u00e4hrleistet eine verbesserte Positionsgenauigkeit und -abdeckung selbst in den schwierigsten Umgebungen.<\/p>\n<p><\/div><\/div><div class=\"vc-column\"><div class=\"vc-column-text\"><\/p>\n<h3 style=\"text-align: center;\">FAHRRADSPEZIFISCHE KARTEN<\/h3>\n<p style=\"text-align: center;\">Dank der verbesserten Karten mit den beliebtesten Stra\u00dfen und Wegen sowie den durchsuchbaren Points of Interest (POIs) k\u00f6nnen Sie mit jedem Fahrrad sicher unterwegs sein.<\/p>\n<p><\/div><\/div><div class=\"vc-column\"><div class=\"vc-column-text\"><\/p>\n<h3 style=\"text-align: center;\">TRAILFORKS APP<\/h3>\n<p style=\"text-align: center;\">Mit den weltweiten MTB-Trail-Daten und POIs von Trailforks k\u00f6nnen Sie ganz einfach direkt auf Ihrem Edge-Ger\u00e4t nach Trails suchen. Oder laden Sie die Trailforks-App herunter, um Ihre geplanten Wanderungen von der Trailforks-Website zu \u00fcbertragen.<\/p>\n<p><\/div><\/div><div class=\"vc-column\"><div class=\"vc-column-text\"><\/p>\n<h3 style=\"text-align: center;\">VORSICHT-MODUS<\/h3>\n<p style=\"text-align: center;\">In diesem Modus werden automatisch Abzweigungen auf der Route angezeigt und der Kontext, in dem Sie sich innerhalb eines Wegenetzes befinden, dargestellt.<\/p>\n<p><\/div><\/div><\/div><div class=\"vc-row container\"><div class=\"vc-column\"><div style=\"height:32px\" class=\"vc-empty-space\"><\/div><\/div><\/div><div class=\"vc-row container\"><div class=\"vc-column\"><div class=\"vc-column-text\"><\/p>\n<h3 style=\"text-align: center;\">Abbiegeschilder mit Aussprache des Stra\u00dfennamens<\/h3>\n<p style=\"text-align: center;\">Verpassen Sie niemals die Abbiegeschilder mit ausgesprochenen Stra\u00dfennamen, die Sie vor bevorstehenden Abbiegungen warnen.<\/p>\n<p><\/div><\/div><div class=\"vc-column\"><div class=\"vc-column-text\"><\/p>\n<h3 style=\"text-align: center;\">NEUBERECHNUNG AUSSERHALB DER ROUTE<\/h3>\n<p style=\"text-align: center;\">Verlassen Sie den Pfad und erkunden Sie neue Gebiete: Benachrichtigungen \u00fcber gef\u00fchrte Routen und Routenabweichungen k\u00f6nnen einfach unterbrochen werden. Und sobald Sie die Route wieder aufnehmen m\u00f6chten, zeigt Ihnen der Edge 1040, wie das geht.<\/p>\n<p><\/div><\/div><div class=\"vc-column\"><div class=\"vc-column-text\"><\/p>\n<h3 style=\"text-align: center;\">KOMPATIBEL MIT DEM SHIMANO STEPS SYSTEM<\/h3>\n<p style=\"text-align: center;\">Zeigt einen Bildschirm an, der den Status des eBikes, seine Datenfelder, den Systemstatus und Warnungen anzeigt. Au\u00dferdem zeigt es w\u00e4hrend einer eBike-Sitzung den Grad der Tretunterst\u00fctzung, die Gangposition, die Akkulaufzeit und vieles mehr an.<\/p>\n<p><\/div><\/div><div class=\"vc-column\"><div class=\"vc-column-text\"><\/p>\n<h3 style=\"text-align: center;\">INREACH\u00ae GER\u00c4TEKOMPATIBILIT\u00c4T<\/h3>\n<p style=\"text-align: center;\">Bleiben Sie \u00fcberall in Verbindung, indem Sie den Edge mit einem inReach-kompatiblen Ger\u00e4t koppeln. Sie k\u00f6nnen Nachrichten anzeigen und beantworten, Ihre Reisedaten weitergeben und interaktive SOS-Warnungen aktivieren.<\/p>\n<p><\/div><\/div><div class=\"vc-column\"><div class=\"vc-column-text\"><\/p>\n<h3 style=\"text-align: center;\">VARIA\u2122-KOMPATIBILIT\u00c4T<\/h3>\n<p style=\"text-align: center;\">Kombinieren Sie den Edge 1040 Cyclocomputer mit den Radarantennen und Scheinwerfern von Varia, damit Sie mit Leichtigkeit sehen und gesehen werden k\u00f6nnen.<\/p>\n<p><\/div><\/div><div class=\"vc-column\"><div class=\"vc-column-text\"><\/p>\n<h3 style=\"text-align: center;\">Erkennung von Vorf\u00e4llen<\/h3>\n<p style=\"text-align: center;\">Dieses Edge-Modell sendet automatisch eine Nachricht mit Ihrem Standort an vorinstallierte Notfallkontakte, wenn es einen Unfall erkennt.<\/p>\n<p><\/div><\/div><\/div><div class=\"vc-row container\"><div class=\"vc-column\"><div style=\"height:32px\" class=\"vc-empty-space\"><\/div><\/div><\/div><div class=\"vc-row container\"><div class=\"vc-column\"><div class=\"vc-column-text\"><\/p>\n<h3 style=\"text-align: center;\">FAHRRAD-ALARM<\/h3>\n<p style=\"text-align: center;\">Der PIN-gesch\u00fctzte Fahrradalarm sendet eine Benachrichtigung direkt an Ihr Smartphone, wenn das Fahrrad w\u00e4hrend einer Pause bewegt wird.<\/p>\n<p><\/div><\/div><div class=\"vc-column\"><div class=\"vc-column-text\"><\/p>\n<h3 style=\"text-align: center;\">GRUPPENNACHRICHTEN<\/h3>\n<p style=\"text-align: center;\">Bleiben Sie mit Ihrer Gruppe von Radfahrern in Verbindung, wenn Sie von ihnen getrennt sind.<\/p>\n<p><\/div><\/div><div class=\"vc-column\"><div class=\"vc-column-text\"><\/p>\n<h3 style=\"text-align: center;\">GROUPTRACK-FUNKTION<\/h3>\n<p style=\"text-align: center;\">Behalten Sie Ihre Fahrradkameraden im Auge, auch wenn sie nicht mehr zu sehen sind, und lassen Sie sich auch von ihnen \u00fcberwachen. Mit GroupTrack k\u00f6nnen Sie bis zu 50 Benutzer gleichzeitig im Auge behalten. Schauen Sie einfach auf den Bildschirm, um Aktualisierungen zu sehen.<\/p>\n<p><\/div><\/div><div class=\"vc-column\"><div class=\"vc-column-text\"><\/p>\n<h3 style=\"text-align: center;\">INTELLIGENTE BENACHRICHTIGUNG<\/h3>\n<p style=\"text-align: center;\">Empfangen Sie Textnachrichten und Benachrichtigungen direkt auf Ihrem Edge-Ger\u00e4t, wenn es mit einem kompatiblen Smartphone gekoppelt ist.<\/p>\n<p><\/div><\/div><\/div><div class=\"vc-row container\"><div class=\"vc-column\"><div style=\"height:32px\" class=\"vc-empty-space\"><\/div><\/div><\/div><div class=\"vc-row container\"><div class=\"vc-column\"><div class=\"vc-column-text\"><\/p>\n<h3 style=\"text-align: center;\">GARMIN CONNECT<\/h3>\n<p style=\"text-align: center;\">Die Garmin Connect-App ist das Zentrum einer gro\u00dfen Online-Community, in der sich die Teilnehmer miteinander verbinden und messen und ihre Ergebnisse sogar \u00fcber soziale Medien teilen k\u00f6nnen.<\/p>\n<p><\/div><\/div><div class=\"vc-column\"><div class=\"vc-column-text\"><\/p>\n<h3 style=\"text-align: center;\">IQ\u2122 SPEICHER VERBINDEN<\/h3>\n<p style=\"text-align: center;\">Laden Sie benutzerdefinierte Datenfelder, Apps und Widgets von unserer Connect IQ Store-App herunter, die auf Ihrem kompatiblen Smartphone installiert ist.<\/p>\n<p><\/div><\/div><div class=\"vc-column\"><div class=\"vc-column-text\"><\/p>\n<h3 style=\"text-align: center;\">KOMPATIBILIT\u00c4T MIT SMART-TRAINERN<\/h3>\n<p style=\"text-align: center;\">Koppeln Sie den Edge 1040 mit Ihren Tacx\u00ae-Trainern, damit Sie radeln k\u00f6nnen, wann und wo Sie wollen.<\/p>\n<p><\/div><\/div><div class=\"vc-column\"><div class=\"vc-column-text\"><\/p>\n<h3 style=\"text-align: center;\">AUTOMATISCHE KONFIGURATION<\/h3>\n<p style=\"text-align: center;\">In wenigen Minuten k\u00f6nnen Sie losfahren, ohne Zeit mit der Konfiguration der Einstellungen zu verschwenden. Erhalten Sie individuelle, vorkompilierte Fahrprofile, die auf Ihrem fr\u00fcheren Edge Cyclocomputer, dem Fahrradtyp oder den installierten Sensoren basieren. Sobald Sie den Edge eingerichtet haben, k\u00f6nnen Sie Ihre Profile direkt von Ihrem kompatiblen Ger\u00e4t oder Smartphone aus verwalten.<\/p>\n<p><\/div><\/div><\/div><\/p>\n","protected":false},"excerpt":{"rendered":"","protected":false},"featured_media":73993,"template":"","meta":{"_acf_changed":false,"inline_featured_image":false},"product_brand":[],"product_cat":[6342,3344,6348],"product_tag":[3346],"class_list":{"0":"post-79899","1":"product","2":"type-product","3":"status-publish","4":"has-post-thumbnail","6":"product_cat-zubehoer","7":"product_cat-garmin-de","8":"product_cat-radfahren-de","9":"product_tag-garmin-de","10":"pa_marca-garmin-de","11":"pa_sesso-damen","12":"pa_sesso-herren","14":"first","15":"outofstock","16":"sale","17":"taxable","18":"shipping-taxable","19":"purchasable","20":"product-type-simple"},"acf":[],"yoast_head":"<!-- This site is optimized with the Yoast SEO plugin v26.8 - https:\/\/yoast.com\/product\/yoast-seo-wordpress\/ -->\n<title>Garmin Edge 1040 - cyclocomputer - MioMioRun.com<\/title>\n<meta name=\"description\" content=\"Mit dem innovativen solarbetriebenen GPS-Fahrradcomputer, der Ihnen maximale Zuverl\u00e4ssigkeit bietet, wenn Sie sie am meisten brauchen.\" \/>\n<meta name=\"robots\" content=\"index, follow, max-snippet:-1, max-image-preview:large, max-video-preview:-1\" \/>\n<link rel=\"canonical\" href=\"https:\/\/www.miomiorun.com\/de\/produkt\/garmin-edge-1040\/\" \/>\n<meta property=\"og:locale\" content=\"de_DE\" \/>\n<meta property=\"og:type\" content=\"article\" \/>\n<meta property=\"og:title\" content=\"Garmin Edge 1040 - cyclocomputer - MioMioRun.com\" \/>\n<meta property=\"og:description\" content=\"Mit dem innovativen solarbetriebenen GPS-Fahrradcomputer, der Ihnen maximale Zuverl\u00e4ssigkeit bietet, wenn Sie sie am meisten brauchen.\" \/>\n<meta property=\"og:url\" content=\"https:\/\/www.miomiorun.com\/de\/produkt\/garmin-edge-1040\/\" \/>\n<meta property=\"og:site_name\" content=\"MioMioRun\" \/>\n<meta property=\"article:publisher\" content=\"https:\/\/www.facebook.com\/miomiorun\/\" \/>\n<meta property=\"article:modified_time\" content=\"2026-01-01T19:13:20+00:00\" \/>\n<meta property=\"og:image\" content=\"https:\/\/www.miomiorun.com\/app\/uploads\/2022\/06\/garmin-Edge-1040-010-02503-01.jpg\" \/>\n\t<meta property=\"og:image:width\" content=\"600\" \/>\n\t<meta property=\"og:image:height\" content=\"600\" \/>\n\t<meta property=\"og:image:type\" content=\"image\/jpeg\" \/>\n<meta name=\"twitter:card\" content=\"summary_large_image\" \/>\n<meta name=\"twitter:label1\" content=\"Est. reading time\" \/>\n\t<meta name=\"twitter:data1\" content=\"9 minutes\" \/>\n<script type=\"application\/ld+json\" class=\"yoast-schema-graph\">{\"@context\":\"https:\/\/schema.org\",\"@graph\":[{\"@type\":\"WebPage\",\"@id\":\"https:\/\/www.miomiorun.com\/de\/produkt\/garmin-edge-1040\/\",\"url\":\"https:\/\/www.miomiorun.com\/de\/produkt\/garmin-edge-1040\/\",\"name\":\"Garmin Edge 1040 - cyclocomputer - MioMioRun.com\",\"isPartOf\":{\"@id\":\"https:\/\/www.miomiorun.com\/de\/#website\"},\"primaryImageOfPage\":{\"@id\":\"https:\/\/www.miomiorun.com\/de\/produkt\/garmin-edge-1040\/#primaryimage\"},\"image\":{\"@id\":\"https:\/\/www.miomiorun.com\/de\/produkt\/garmin-edge-1040\/#primaryimage\"},\"thumbnailUrl\":\"https:\/\/www.miomiorun.com\/app\/uploads\/2022\/06\/garmin-Edge-1040-010-02503-01.jpg\",\"datePublished\":\"2022-06-09T13:55:07+00:00\",\"dateModified\":\"2026-01-01T19:13:20+00:00\",\"description\":\"Mit dem innovativen solarbetriebenen GPS-Fahrradcomputer, der Ihnen maximale Zuverl\u00e4ssigkeit bietet, wenn Sie sie am meisten brauchen.\",\"breadcrumb\":{\"@id\":\"https:\/\/www.miomiorun.com\/de\/produkt\/garmin-edge-1040\/#breadcrumb\"},\"inLanguage\":\"de-DE\",\"potentialAction\":[{\"@type\":\"ReadAction\",\"target\":[\"https:\/\/www.miomiorun.com\/de\/produkt\/garmin-edge-1040\/\"]}]},{\"@type\":\"ImageObject\",\"inLanguage\":\"de-DE\",\"@id\":\"https:\/\/www.miomiorun.com\/de\/produkt\/garmin-edge-1040\/#primaryimage\",\"url\":\"https:\/\/www.miomiorun.com\/app\/uploads\/2022\/06\/garmin-Edge-1040-010-02503-01.jpg\",\"contentUrl\":\"https:\/\/www.miomiorun.com\/app\/uploads\/2022\/06\/garmin-Edge-1040-010-02503-01.jpg\",\"width\":600,\"height\":600,\"caption\":\"garmin-Edge-1040-010-02503-01\"},{\"@type\":\"BreadcrumbList\",\"@id\":\"https:\/\/www.miomiorun.com\/de\/produkt\/garmin-edge-1040\/#breadcrumb\",\"itemListElement\":[{\"@type\":\"ListItem\",\"position\":1,\"name\":\"Home\",\"item\":\"https:\/\/www.miomiorun.com\/de\/\"},{\"@type\":\"ListItem\",\"position\":2,\"name\":\"Shop\",\"item\":\"https:\/\/www.miomiorun.com\/shop\/\"},{\"@type\":\"ListItem\",\"position\":3,\"name\":\"Edge 1040\"}]},{\"@type\":\"WebSite\",\"@id\":\"https:\/\/www.miomiorun.com\/de\/#website\",\"url\":\"https:\/\/www.miomiorun.com\/de\/\",\"name\":\"MioMioRun\",\"description\":\"100% Lauf- und Trailshop\",\"publisher\":{\"@id\":\"https:\/\/www.miomiorun.com\/de\/#organization\"},\"potentialAction\":[{\"@type\":\"SearchAction\",\"target\":{\"@type\":\"EntryPoint\",\"urlTemplate\":\"https:\/\/www.miomiorun.com\/de\/?s={search_term_string}\"},\"query-input\":{\"@type\":\"PropertyValueSpecification\",\"valueRequired\":true,\"valueName\":\"search_term_string\"}}],\"inLanguage\":\"de-DE\"},{\"@type\":\"Organization\",\"@id\":\"https:\/\/www.miomiorun.com\/de\/#organization\",\"name\":\"MioMio Run\",\"url\":\"https:\/\/www.miomiorun.com\/de\/\",\"logo\":{\"@type\":\"ImageObject\",\"inLanguage\":\"de-DE\",\"@id\":\"https:\/\/www.miomiorun.com\/de\/#\/schema\/logo\/image\/\",\"url\":\"https:\/\/www.miomiorun.com\/app\/uploads\/2019\/12\/logomio.png\",\"contentUrl\":\"https:\/\/www.miomiorun.com\/app\/uploads\/2019\/12\/logomio.png\",\"width\":115,\"height\":82,\"caption\":\"MioMio Run\"},\"image\":{\"@id\":\"https:\/\/www.miomiorun.com\/de\/#\/schema\/logo\/image\/\"},\"sameAs\":[\"https:\/\/www.facebook.com\/miomiorun\/\",\"https:\/\/www.instagram.com\/miomiorun\/\"]}]}<\/script>\n<!-- \/ Yoast SEO plugin. -->","yoast_head_json":{"title":"Garmin Edge 1040 - cyclocomputer - MioMioRun.com","description":"Mit dem innovativen solarbetriebenen GPS-Fahrradcomputer, der Ihnen maximale Zuverl\u00e4ssigkeit bietet, wenn Sie sie am meisten brauchen.","robots":{"index":"index","follow":"follow","max-snippet":"max-snippet:-1","max-image-preview":"max-image-preview:large","max-video-preview":"max-video-preview:-1"},"canonical":"https:\/\/www.miomiorun.com\/de\/produkt\/garmin-edge-1040\/","og_locale":"de_DE","og_type":"article","og_title":"Garmin Edge 1040 - cyclocomputer - MioMioRun.com","og_description":"Mit dem innovativen solarbetriebenen GPS-Fahrradcomputer, der Ihnen maximale Zuverl\u00e4ssigkeit bietet, wenn Sie sie am meisten brauchen.","og_url":"https:\/\/www.miomiorun.com\/de\/produkt\/garmin-edge-1040\/","og_site_name":"MioMioRun","article_publisher":"https:\/\/www.facebook.com\/miomiorun\/","article_modified_time":"2026-01-01T19:13:20+00:00","og_image":[{"width":600,"height":600,"url":"https:\/\/www.miomiorun.com\/app\/uploads\/2022\/06\/garmin-Edge-1040-010-02503-01.jpg","type":"image\/jpeg"}],"twitter_card":"summary_large_image","twitter_misc":{"Est. reading time":"9 minutes"},"schema":{"@context":"https:\/\/schema.org","@graph":[{"@type":"WebPage","@id":"https:\/\/www.miomiorun.com\/de\/produkt\/garmin-edge-1040\/","url":"https:\/\/www.miomiorun.com\/de\/produkt\/garmin-edge-1040\/","name":"Garmin Edge 1040 - cyclocomputer - MioMioRun.com","isPartOf":{"@id":"https:\/\/www.miomiorun.com\/de\/#website"},"primaryImageOfPage":{"@id":"https:\/\/www.miomiorun.com\/de\/produkt\/garmin-edge-1040\/#primaryimage"},"image":{"@id":"https:\/\/www.miomiorun.com\/de\/produkt\/garmin-edge-1040\/#primaryimage"},"thumbnailUrl":"https:\/\/www.miomiorun.com\/app\/uploads\/2022\/06\/garmin-Edge-1040-010-02503-01.jpg","datePublished":"2022-06-09T13:55:07+00:00","dateModified":"2026-01-01T19:13:20+00:00","description":"Mit dem innovativen solarbetriebenen GPS-Fahrradcomputer, der Ihnen maximale Zuverl\u00e4ssigkeit bietet, wenn Sie sie am meisten brauchen.","breadcrumb":{"@id":"https:\/\/www.miomiorun.com\/de\/produkt\/garmin-edge-1040\/#breadcrumb"},"inLanguage":"de-DE","potentialAction":[{"@type":"ReadAction","target":["https:\/\/www.miomiorun.com\/de\/produkt\/garmin-edge-1040\/"]}]},{"@type":"ImageObject","inLanguage":"de-DE","@id":"https:\/\/www.miomiorun.com\/de\/produkt\/garmin-edge-1040\/#primaryimage","url":"https:\/\/www.miomiorun.com\/app\/uploads\/2022\/06\/garmin-Edge-1040-010-02503-01.jpg","contentUrl":"https:\/\/www.miomiorun.com\/app\/uploads\/2022\/06\/garmin-Edge-1040-010-02503-01.jpg","width":600,"height":600,"caption":"garmin-Edge-1040-010-02503-01"},{"@type":"BreadcrumbList","@id":"https:\/\/www.miomiorun.com\/de\/produkt\/garmin-edge-1040\/#breadcrumb","itemListElement":[{"@type":"ListItem","position":1,"name":"Home","item":"https:\/\/www.miomiorun.com\/de\/"},{"@type":"ListItem","position":2,"name":"Shop","item":"https:\/\/www.miomiorun.com\/shop\/"},{"@type":"ListItem","position":3,"name":"Edge 1040"}]},{"@type":"WebSite","@id":"https:\/\/www.miomiorun.com\/de\/#website","url":"https:\/\/www.miomiorun.com\/de\/","name":"MioMioRun","description":"100% Lauf- und Trailshop","publisher":{"@id":"https:\/\/www.miomiorun.com\/de\/#organization"},"potentialAction":[{"@type":"SearchAction","target":{"@type":"EntryPoint","urlTemplate":"https:\/\/www.miomiorun.com\/de\/?s={search_term_string}"},"query-input":{"@type":"PropertyValueSpecification","valueRequired":true,"valueName":"search_term_string"}}],"inLanguage":"de-DE"},{"@type":"Organization","@id":"https:\/\/www.miomiorun.com\/de\/#organization","name":"MioMio Run","url":"https:\/\/www.miomiorun.com\/de\/","logo":{"@type":"ImageObject","inLanguage":"de-DE","@id":"https:\/\/www.miomiorun.com\/de\/#\/schema\/logo\/image\/","url":"https:\/\/www.miomiorun.com\/app\/uploads\/2019\/12\/logomio.png","contentUrl":"https:\/\/www.miomiorun.com\/app\/uploads\/2019\/12\/logomio.png","width":115,"height":82,"caption":"MioMio Run"},"image":{"@id":"https:\/\/www.miomiorun.com\/de\/#\/schema\/logo\/image\/"},"sameAs":["https:\/\/www.facebook.com\/miomiorun\/","https:\/\/www.instagram.com\/miomiorun\/"]}]}},"_links":{"self":[{"href":"https:\/\/www.miomiorun.com\/de\/wp-json\/wp\/v2\/product\/79899","targetHints":{"allow":["GET"]}}],"collection":[{"href":"https:\/\/www.miomiorun.com\/de\/wp-json\/wp\/v2\/product"}],"about":[{"href":"https:\/\/www.miomiorun.com\/de\/wp-json\/wp\/v2\/types\/product"}],"wp:featuredmedia":[{"embeddable":true,"href":"https:\/\/www.miomiorun.com\/de\/wp-json\/wp\/v2\/media\/73993"}],"wp:attachment":[{"href":"https:\/\/www.miomiorun.com\/de\/wp-json\/wp\/v2\/media?parent=79899"}],"wp:term":[{"taxonomy":"product_brand","embeddable":true,"href":"https:\/\/www.miomiorun.com\/de\/wp-json\/wp\/v2\/product_brand?post=79899"},{"taxonomy":"product_cat","embeddable":true,"href":"https:\/\/www.miomiorun.com\/de\/wp-json\/wp\/v2\/product_cat?post=79899"},{"taxonomy":"product_tag","embeddable":true,"href":"https:\/\/www.miomiorun.com\/de\/wp-json\/wp\/v2\/product_tag?post=79899"}],"curies":[{"name":"wp","href":"https:\/\/api.w.org\/{rel}","templated":true}]}}