{"id":79846,"date":"2021-05-17T16:13:58","date_gmt":"2021-05-17T14:13:58","guid":{"rendered":"https:\/\/miomiorun.com\/prodotto\/compressport-armforce-ultralight\/"},"modified":"2022-07-26T10:42:09","modified_gmt":"2022-07-26T08:42:09","slug":"compressport-armforce-ultralight","status":"publish","type":"product","link":"https:\/\/www.miomiorun.com\/de\/produkt\/compressport-armforce-ultralight\/","title":{"rendered":"ArmForce ultralight"},"content":{"rendered":"<p>Vielseitige, leichte \u00c4rmel f\u00fcr optimale Thermoregulation und Flexibilit\u00e4t f\u00fcr alle Sportarten und alle Jahreszeiten.<\/p>\n<p>Manchmal hat man keine Zeit, anzuhalten und die Schichten auszuziehen. Dann ist eine L\u00f6sung, die sich leicht an- und ausziehen l\u00e4sst, die einfachste Option. Die ArmForce Ultralight-\u00c4rmel sind aus dem gleichen Material wie unsere Performance-Socken gefertigt und sind extrem bequem und leicht. Thermoregulierung ist der Schl\u00fcssel, der den ArmForce Ultralight zur perfekten L\u00f6sung macht, wenn die Luft gefroren ist. Dank der leichten Kompression wird die Durchblutung der wichtigsten Muskeln angeregt, die Arme werden gest\u00fctzt und bleiben vor, w\u00e4hrend und nach dem Sport k\u00fchl. Besonderes Augenmerk wird auf den Ellbogenbereich gelegt, wo ein leichteres Gewebe au\u00dfergew\u00f6hnliche Bewegungsfreiheit und verbesserte Bel\u00fcftung erm\u00f6glicht. Schlie\u00dflich sind in den Unterarmen 3D-Markierungspunkte integriert, die f\u00fcr eine bessere Blutzirkulation sorgen und bei erh\u00f6hter Intensit\u00e4t auch als hervorragende Schwei\u00dfb\u00e4nder dienen k\u00f6nnen. Diese bequemen schwarzen \u00c4rmel f\u00fcr Radfahrer, L\u00e4ufer und Ausdauersportler lassen sich schnell an- und ausziehen. Sie sparen das Gewicht einer zus\u00e4tzlichen Schicht und bieten eine leichte Kompression.<\/p>\n<section class=\"product-additional-info pt-4 pb-4\">\n<div class=\"d-flex mt-5 pt-4 pb-md-4 pb-3 text-center box-additional-info align-items-center flex-wrap\">\n<div class=\"col-lg-3 col-md-6 col-12 data-sheet\">\n<h2>Nettogewicht des Produkts<\/h2>\n<p>35.00 g<\/p>\n<\/div>\n<div class=\"data-sheet col-lg-3 col-md-6 col-12 feature_1 \">\n<h2>Kompositionen<\/h2>\n<dl class=\"d-flex flex-wrap justify-content-center\">\n<dd>98%PA 2%EA<\/dd>\n<\/dl>\n<\/div>\n<div class=\"col-lg-3 col-md-6 col-12 data-sheet\">\n<h2>Wasch- und Pflegeanleitung<\/h2>\n<p><img decoding=\"async\" class=\"img-fluid\" src=\"https:\/\/www.compressport.com\/img\/cms\/icons\/picto_wash.png\" \/><\/p>\n<\/div>\n<div class=\"col-lg-3 col-md-6 col-12 data-sheet data-sheet-developed\"><img decoding=\"async\" class=\"img-fluid\" src=\"https:\/\/www.compressport.com\/img\/cms\/icons\/developed_swiss.png\" \/><\/div>\n<\/div>\n<\/section>\n<div><\/div>\n<div><\/div>\n<div>\n<h2 class=\"title-thin\">Gr\u00f6\u00dfentabelle (Armumfang)<\/h2>\n<div class=\"chart-tabs-container\">\n<div class=\"tab-content clearfix keep-it-tight\">\n<div id=\"17_chart_productTab\" class=\"chart_productTab\">\n<div id=\"single_chart_table_popup\">\n<div class=\"row\">\n<div class=\"col-md-2\"><span class=\"img-w-comment d-block d-md-block text-center text-md-left\"> <img loading=\"lazy\" decoding=\"async\" class=\"chart-table-img img-fluid alignleft\" src=\"https:\/\/www.compressport.com\/inter\/modules\/sizeconversion\/views\/img\/Guide-sizing_armforce.jpg\" width=\"213\" height=\"319\" \/> <\/span><\/div>\n<div class=\"col-md-10\">\n<div class=\"table-responsive-md\">\n<table id=\"chart_table_17\" class=\"table table-striped table-bordered text-center chart-table\" style=\"height: 198px;\" width=\"190\">\n<thead class=\"thead-default\">\n<tr class=\"\">\n<th><\/th>\n<th id=\"conversion_group_94\">CM<\/th>\n<th id=\"conversion_group_95\">INCH<\/th>\n<\/tr>\n<\/thead>\n<tbody>\n<tr class=\"chart-table-row\">\n<th class=\"cc-name\">T1<\/th>\n<td>22-25<\/td>\n<td>9-10<\/td>\n<\/tr>\n<tr class=\"chart-table-row\">\n<th class=\"cc-name\">T2<\/th>\n<td>25-28<\/td>\n<td>10-11<\/td>\n<\/tr>\n<tr class=\"chart-table-row\">\n<th class=\"cc-name\">T3<\/th>\n<td>28-31<\/td>\n<td>11-12<\/td>\n<\/tr>\n<tr class=\"chart-table-row\">\n<th class=\"cc-name\">T4<\/th>\n<td>&gt;31<\/td>\n<td>&gt;12<\/td>\n<\/tr>\n<\/tbody>\n<\/table>\n<\/div>\n<\/div>\n<\/div>\n<\/div>\n<\/div>\n<\/div>\n<\/div>\n<\/div>\n","protected":false},"excerpt":{"rendered":"<p><span style=\"font-weight: 400;\">H\u00e4lt Ihre Arme auch bei kalten Temperaturen warm und bequem, wenn Sie zu Fu\u00df oder mit dem Fahrrad unterwegs sind<\/span><\/p>\n","protected":false},"featured_media":55683,"template":"","meta":{"_acf_changed":false,"inline_featured_image":false},"product_brand":[],"product_cat":[6342,6372,6391],"product_tag":[3367,6215,6216],"class_list":{"0":"post-79846","1":"product","2":"type-product","3":"status-publish","4":"has-post-thumbnail","6":"product_cat-zubehoer","7":"product_cat-aufwaermausruestung-de","8":"product_cat-arm-sleeves-de","9":"product_tag-compressport-de","10":"product_tag-compressport-damen-de","11":"product_tag-compressport-herren-de","12":"pa_attivita-running-de","13":"pa_attivita-trail-de","14":"pa_circonferenza-avambraccio-22-25-de","15":"pa_circonferenza-avambraccio-25-28-de","16":"pa_circonferenza-avambraccio-28-31-de","17":"pa_circonferenza-avambraccio-31-34-de","18":"pa_colore-armforce-ultralight-pink-de","19":"pa_marca-compressport-de","20":"pa_sesso-damen","21":"pa_sesso-herren","23":"first","24":"instock","25":"taxable","26":"shipping-taxable","27":"purchasable","28":"product-type-variable","29":"wvs-archive-product-wrapper"},"acf":[],"yoast_head":"<!-- This site is optimized with the Yoast SEO plugin v26.8 - https:\/\/yoast.com\/product\/yoast-seo-wordpress\/ -->\n<title>Compressport ArmForce ultralight - Laufende \u00c4rmel - MioMioRun.com<\/title>\n<meta name=\"description\" content=\"Vielseitige, leichte \u00c4rmel f\u00fcr optimale Thermoregulation und Flexibilit\u00e4t f\u00fcr alle Sportarten und alle Jahreszeiten.\" \/>\n<meta name=\"robots\" content=\"index, follow, max-snippet:-1, max-image-preview:large, max-video-preview:-1\" \/>\n<link rel=\"canonical\" href=\"https:\/\/www.miomiorun.com\/de\/produkt\/compressport-armforce-ultralight\/\" \/>\n<meta property=\"og:locale\" content=\"de_DE\" \/>\n<meta property=\"og:type\" content=\"article\" \/>\n<meta property=\"og:title\" content=\"Compressport ArmForce ultralight - Laufende \u00c4rmel - MioMioRun.com\" \/>\n<meta property=\"og:description\" content=\"Vielseitige, leichte \u00c4rmel f\u00fcr optimale Thermoregulation und Flexibilit\u00e4t f\u00fcr alle Sportarten und alle Jahreszeiten.\" \/>\n<meta property=\"og:url\" content=\"https:\/\/www.miomiorun.com\/de\/produkt\/compressport-armforce-ultralight\/\" \/>\n<meta property=\"og:site_name\" content=\"MioMioRun\" \/>\n<meta property=\"article:publisher\" content=\"https:\/\/www.facebook.com\/miomiorun\/\" \/>\n<meta property=\"article:modified_time\" content=\"2022-07-26T08:42:09+00:00\" \/>\n<meta property=\"og:image\" content=\"https:\/\/www.miomiorun.com\/app\/uploads\/2021\/05\/compressport-ArmForce-ultralight-SU00008B-Pkml.jpg\" \/>\n\t<meta property=\"og:image:width\" content=\"600\" \/>\n\t<meta property=\"og:image:height\" content=\"600\" \/>\n\t<meta property=\"og:image:type\" content=\"image\/jpeg\" \/>\n<meta name=\"twitter:card\" content=\"summary_large_image\" \/>\n<meta name=\"twitter:label1\" content=\"Est. reading time\" \/>\n\t<meta name=\"twitter:data1\" content=\"1 minute\" \/>\n<script type=\"application\/ld+json\" class=\"yoast-schema-graph\">{\"@context\":\"https:\/\/schema.org\",\"@graph\":[{\"@type\":\"WebPage\",\"@id\":\"https:\/\/www.miomiorun.com\/de\/produkt\/compressport-armforce-ultralight\/\",\"url\":\"https:\/\/www.miomiorun.com\/de\/produkt\/compressport-armforce-ultralight\/\",\"name\":\"Compressport ArmForce ultralight - Laufende \u00c4rmel - MioMioRun.com\",\"isPartOf\":{\"@id\":\"https:\/\/www.miomiorun.com\/de\/#website\"},\"primaryImageOfPage\":{\"@id\":\"https:\/\/www.miomiorun.com\/de\/produkt\/compressport-armforce-ultralight\/#primaryimage\"},\"image\":{\"@id\":\"https:\/\/www.miomiorun.com\/de\/produkt\/compressport-armforce-ultralight\/#primaryimage\"},\"thumbnailUrl\":\"https:\/\/www.miomiorun.com\/app\/uploads\/2021\/05\/compressport-ArmForce-ultralight-SU00008B-Pkml.jpg\",\"datePublished\":\"2021-05-17T14:13:58+00:00\",\"dateModified\":\"2022-07-26T08:42:09+00:00\",\"description\":\"Vielseitige, leichte \u00c4rmel f\u00fcr optimale Thermoregulation und Flexibilit\u00e4t f\u00fcr alle Sportarten und alle Jahreszeiten.\",\"breadcrumb\":{\"@id\":\"https:\/\/www.miomiorun.com\/de\/produkt\/compressport-armforce-ultralight\/#breadcrumb\"},\"inLanguage\":\"de-DE\",\"potentialAction\":[{\"@type\":\"ReadAction\",\"target\":[\"https:\/\/www.miomiorun.com\/de\/produkt\/compressport-armforce-ultralight\/\"]}]},{\"@type\":\"ImageObject\",\"inLanguage\":\"de-DE\",\"@id\":\"https:\/\/www.miomiorun.com\/de\/produkt\/compressport-armforce-ultralight\/#primaryimage\",\"url\":\"https:\/\/www.miomiorun.com\/app\/uploads\/2021\/05\/compressport-ArmForce-ultralight-SU00008B-Pkml.jpg\",\"contentUrl\":\"https:\/\/www.miomiorun.com\/app\/uploads\/2021\/05\/compressport-ArmForce-ultralight-SU00008B-Pkml.jpg\",\"width\":600,\"height\":600,\"caption\":\"compressport arm force ultralight\"},{\"@type\":\"BreadcrumbList\",\"@id\":\"https:\/\/www.miomiorun.com\/de\/produkt\/compressport-armforce-ultralight\/#breadcrumb\",\"itemListElement\":[{\"@type\":\"ListItem\",\"position\":1,\"name\":\"Home\",\"item\":\"https:\/\/www.miomiorun.com\/de\/\"},{\"@type\":\"ListItem\",\"position\":2,\"name\":\"Shop\",\"item\":\"https:\/\/www.miomiorun.com\/shop\/\"},{\"@type\":\"ListItem\",\"position\":3,\"name\":\"ArmForce ultralight\"}]},{\"@type\":\"WebSite\",\"@id\":\"https:\/\/www.miomiorun.com\/de\/#website\",\"url\":\"https:\/\/www.miomiorun.com\/de\/\",\"name\":\"MioMioRun\",\"description\":\"100% Lauf- und Trailshop\",\"publisher\":{\"@id\":\"https:\/\/www.miomiorun.com\/de\/#organization\"},\"potentialAction\":[{\"@type\":\"SearchAction\",\"target\":{\"@type\":\"EntryPoint\",\"urlTemplate\":\"https:\/\/www.miomiorun.com\/de\/?s={search_term_string}\"},\"query-input\":{\"@type\":\"PropertyValueSpecification\",\"valueRequired\":true,\"valueName\":\"search_term_string\"}}],\"inLanguage\":\"de-DE\"},{\"@type\":\"Organization\",\"@id\":\"https:\/\/www.miomiorun.com\/de\/#organization\",\"name\":\"MioMio Run\",\"url\":\"https:\/\/www.miomiorun.com\/de\/\",\"logo\":{\"@type\":\"ImageObject\",\"inLanguage\":\"de-DE\",\"@id\":\"https:\/\/www.miomiorun.com\/de\/#\/schema\/logo\/image\/\",\"url\":\"https:\/\/www.miomiorun.com\/app\/uploads\/2019\/12\/logomio.png\",\"contentUrl\":\"https:\/\/www.miomiorun.com\/app\/uploads\/2019\/12\/logomio.png\",\"width\":115,\"height\":82,\"caption\":\"MioMio Run\"},\"image\":{\"@id\":\"https:\/\/www.miomiorun.com\/de\/#\/schema\/logo\/image\/\"},\"sameAs\":[\"https:\/\/www.facebook.com\/miomiorun\/\",\"https:\/\/www.instagram.com\/miomiorun\/\"]}]}<\/script>\n<!-- \/ Yoast SEO plugin. -->","yoast_head_json":{"title":"Compressport ArmForce ultralight - Laufende \u00c4rmel - MioMioRun.com","description":"Vielseitige, leichte \u00c4rmel f\u00fcr optimale Thermoregulation und Flexibilit\u00e4t f\u00fcr alle Sportarten und alle Jahreszeiten.","robots":{"index":"index","follow":"follow","max-snippet":"max-snippet:-1","max-image-preview":"max-image-preview:large","max-video-preview":"max-video-preview:-1"},"canonical":"https:\/\/www.miomiorun.com\/de\/produkt\/compressport-armforce-ultralight\/","og_locale":"de_DE","og_type":"article","og_title":"Compressport ArmForce ultralight - Laufende \u00c4rmel - MioMioRun.com","og_description":"Vielseitige, leichte \u00c4rmel f\u00fcr optimale Thermoregulation und Flexibilit\u00e4t f\u00fcr alle Sportarten und alle Jahreszeiten.","og_url":"https:\/\/www.miomiorun.com\/de\/produkt\/compressport-armforce-ultralight\/","og_site_name":"MioMioRun","article_publisher":"https:\/\/www.facebook.com\/miomiorun\/","article_modified_time":"2022-07-26T08:42:09+00:00","og_image":[{"width":600,"height":600,"url":"https:\/\/www.miomiorun.com\/app\/uploads\/2021\/05\/compressport-ArmForce-ultralight-SU00008B-Pkml.jpg","type":"image\/jpeg"}],"twitter_card":"summary_large_image","twitter_misc":{"Est. reading time":"1 minute"},"schema":{"@context":"https:\/\/schema.org","@graph":[{"@type":"WebPage","@id":"https:\/\/www.miomiorun.com\/de\/produkt\/compressport-armforce-ultralight\/","url":"https:\/\/www.miomiorun.com\/de\/produkt\/compressport-armforce-ultralight\/","name":"Compressport ArmForce ultralight - Laufende \u00c4rmel - MioMioRun.com","isPartOf":{"@id":"https:\/\/www.miomiorun.com\/de\/#website"},"primaryImageOfPage":{"@id":"https:\/\/www.miomiorun.com\/de\/produkt\/compressport-armforce-ultralight\/#primaryimage"},"image":{"@id":"https:\/\/www.miomiorun.com\/de\/produkt\/compressport-armforce-ultralight\/#primaryimage"},"thumbnailUrl":"https:\/\/www.miomiorun.com\/app\/uploads\/2021\/05\/compressport-ArmForce-ultralight-SU00008B-Pkml.jpg","datePublished":"2021-05-17T14:13:58+00:00","dateModified":"2022-07-26T08:42:09+00:00","description":"Vielseitige, leichte \u00c4rmel f\u00fcr optimale Thermoregulation und Flexibilit\u00e4t f\u00fcr alle Sportarten und alle Jahreszeiten.","breadcrumb":{"@id":"https:\/\/www.miomiorun.com\/de\/produkt\/compressport-armforce-ultralight\/#breadcrumb"},"inLanguage":"de-DE","potentialAction":[{"@type":"ReadAction","target":["https:\/\/www.miomiorun.com\/de\/produkt\/compressport-armforce-ultralight\/"]}]},{"@type":"ImageObject","inLanguage":"de-DE","@id":"https:\/\/www.miomiorun.com\/de\/produkt\/compressport-armforce-ultralight\/#primaryimage","url":"https:\/\/www.miomiorun.com\/app\/uploads\/2021\/05\/compressport-ArmForce-ultralight-SU00008B-Pkml.jpg","contentUrl":"https:\/\/www.miomiorun.com\/app\/uploads\/2021\/05\/compressport-ArmForce-ultralight-SU00008B-Pkml.jpg","width":600,"height":600,"caption":"compressport arm force ultralight"},{"@type":"BreadcrumbList","@id":"https:\/\/www.miomiorun.com\/de\/produkt\/compressport-armforce-ultralight\/#breadcrumb","itemListElement":[{"@type":"ListItem","position":1,"name":"Home","item":"https:\/\/www.miomiorun.com\/de\/"},{"@type":"ListItem","position":2,"name":"Shop","item":"https:\/\/www.miomiorun.com\/shop\/"},{"@type":"ListItem","position":3,"name":"ArmForce ultralight"}]},{"@type":"WebSite","@id":"https:\/\/www.miomiorun.com\/de\/#website","url":"https:\/\/www.miomiorun.com\/de\/","name":"MioMioRun","description":"100% Lauf- und Trailshop","publisher":{"@id":"https:\/\/www.miomiorun.com\/de\/#organization"},"potentialAction":[{"@type":"SearchAction","target":{"@type":"EntryPoint","urlTemplate":"https:\/\/www.miomiorun.com\/de\/?s={search_term_string}"},"query-input":{"@type":"PropertyValueSpecification","valueRequired":true,"valueName":"search_term_string"}}],"inLanguage":"de-DE"},{"@type":"Organization","@id":"https:\/\/www.miomiorun.com\/de\/#organization","name":"MioMio Run","url":"https:\/\/www.miomiorun.com\/de\/","logo":{"@type":"ImageObject","inLanguage":"de-DE","@id":"https:\/\/www.miomiorun.com\/de\/#\/schema\/logo\/image\/","url":"https:\/\/www.miomiorun.com\/app\/uploads\/2019\/12\/logomio.png","contentUrl":"https:\/\/www.miomiorun.com\/app\/uploads\/2019\/12\/logomio.png","width":115,"height":82,"caption":"MioMio Run"},"image":{"@id":"https:\/\/www.miomiorun.com\/de\/#\/schema\/logo\/image\/"},"sameAs":["https:\/\/www.facebook.com\/miomiorun\/","https:\/\/www.instagram.com\/miomiorun\/"]}]}},"_links":{"self":[{"href":"https:\/\/www.miomiorun.com\/de\/wp-json\/wp\/v2\/product\/79846","targetHints":{"allow":["GET"]}}],"collection":[{"href":"https:\/\/www.miomiorun.com\/de\/wp-json\/wp\/v2\/product"}],"about":[{"href":"https:\/\/www.miomiorun.com\/de\/wp-json\/wp\/v2\/types\/product"}],"wp:featuredmedia":[{"embeddable":true,"href":"https:\/\/www.miomiorun.com\/de\/wp-json\/wp\/v2\/media\/55683"}],"wp:attachment":[{"href":"https:\/\/www.miomiorun.com\/de\/wp-json\/wp\/v2\/media?parent=79846"}],"wp:term":[{"taxonomy":"product_brand","embeddable":true,"href":"https:\/\/www.miomiorun.com\/de\/wp-json\/wp\/v2\/product_brand?post=79846"},{"taxonomy":"product_cat","embeddable":true,"href":"https:\/\/www.miomiorun.com\/de\/wp-json\/wp\/v2\/product_cat?post=79846"},{"taxonomy":"product_tag","embeddable":true,"href":"https:\/\/www.miomiorun.com\/de\/wp-json\/wp\/v2\/product_tag?post=79846"}],"curies":[{"name":"wp","href":"https:\/\/api.w.org\/{rel}","templated":true}]}}