{"id":79797,"date":"2021-06-23T10:54:16","date_gmt":"2021-06-23T08:54:16","guid":{"rendered":"https:\/\/miomiorun.com\/prodotto\/nathan-strobe-light\/"},"modified":"2022-07-25T19:18:02","modified_gmt":"2022-07-25T17:18:02","slug":"nathan-strobe-light","status":"publish","type":"product","link":"https:\/\/www.miomiorun.com\/de\/produkt\/nathan-strobe-light\/","title":{"rendered":"Strobe Light"},"content":{"rendered":"<p>Sicherheit mit Stil in einem schlanken, leichten und wasserdichten Blitzlicht.<\/p>\n<p>Das Strobe Light hat eine Leuchtdauer von mehr als 100 Stunden und eine perfekte Lichtmenge, damit Sie sich zu jeder Tageszeit sicher bewegen k\u00f6nnen.<\/p>\n<p>Es l\u00e4sst sich leicht an G\u00fcrteln, Kleidung, Ausr\u00fcstung und vielem mehr befestigen.\u00a0 Wetterfest, damit Sie unter allen Bedingungen l\u00e4nger laufen k\u00f6nnen<\/p>\n<p>&nbsp;<\/p>\n<h3>Spezifikationen:<\/h3>\n<ul>\n<li>LED: 3 LEDs &#8211; 8 Lumen maximal.<\/li>\n<li>Batterie: 2 x 3V Lithium 2032 &#8211; Auswechselbare M\u00fcnzbatterie.<\/li>\n<li>Betriebsdauer: Dauerlicht = 57+ Stunden, Blitzlicht = 110+ Stunden.<\/li>\n<li>Gut sichtbarer Blink- und Dauerlichtmodus, um aus sicherer Entfernung gesehen zu werden.<\/li>\n<li>Wasserdicht: IPX3, wetterfest.<\/li>\n<\/ul>\n","protected":false},"excerpt":{"rendered":"<p>Sicherheit mit Stil in einem schlanken, leichten und wasserdichten Blitzlicht. Das Strobe Light hat eine Leuchtdauer von mehr als 100 Stunden und eine perfekte Lichtmenge, damit Sie sich zu jeder Tageszeit sicher bewegen k\u00f6nnen. Es l\u00e4sst sich leicht an G\u00fcrteln, Kleidung, Ausr\u00fcstung und vielem mehr befestigen.\u00a0 Wetterfest, damit Sie unter allen Bedingungen l\u00e4nger laufen k\u00f6nnen &hellip; <a href=\"https:\/\/www.miomiorun.com\/de\/produkt\/nathan-strobe-light\/\">Continued<\/a><\/p>\n","protected":false},"featured_media":255828,"template":"","meta":{"_acf_changed":false,"inline_featured_image":false},"product_brand":[],"product_cat":[6342,6394],"product_tag":[3383],"class_list":{"0":"post-79797","1":"product","2":"type-product","3":"status-publish","4":"has-post-thumbnail","6":"product_cat-zubehoer","7":"product_cat-lichter-de","8":"product_tag-nathan-de","9":"pa_attivita-gehen","10":"pa_attivita-running-de","11":"pa_marca-nathan-de","12":"pa_sesso-damen","13":"pa_sesso-herren","15":"first","16":"instock","17":"taxable","18":"shipping-taxable","19":"purchasable","20":"product-type-simple"},"acf":[],"yoast_head":"<!-- This site is optimized with the Yoast SEO plugin v26.8 - https:\/\/yoast.com\/product\/yoast-seo-wordpress\/ -->\n<title>Nathan Strobe Light - Lauflichter - MioMioRun<\/title>\n<meta name=\"description\" content=\"Sicherheit mit Stil in einem schlanken, leichten und wasserdichten Stroboskoplicht mit \u00fcber 100 Stunden Leuchtdauer und einer\" \/>\n<meta name=\"robots\" content=\"index, follow, max-snippet:-1, max-image-preview:large, max-video-preview:-1\" \/>\n<link rel=\"canonical\" href=\"https:\/\/www.miomiorun.com\/de\/produkt\/nathan-strobe-light\/\" \/>\n<meta property=\"og:locale\" content=\"de_DE\" \/>\n<meta property=\"og:type\" content=\"article\" \/>\n<meta property=\"og:title\" content=\"Nathan Strobe Light - Lauflichter - MioMioRun\" \/>\n<meta property=\"og:description\" content=\"Sicherheit mit Stil in einem schlanken, leichten und wasserdichten Stroboskoplicht mit \u00fcber 100 Stunden Leuchtdauer und einer\" \/>\n<meta property=\"og:url\" content=\"https:\/\/www.miomiorun.com\/de\/produkt\/nathan-strobe-light\/\" \/>\n<meta property=\"og:site_name\" content=\"MioMioRun\" \/>\n<meta property=\"article:publisher\" content=\"https:\/\/www.facebook.com\/miomiorun\/\" \/>\n<meta property=\"article:modified_time\" content=\"2022-07-25T17:18:02+00:00\" \/>\n<meta property=\"og:image\" content=\"https:\/\/www.miomiorun.com\/app\/uploads\/2021\/06\/nathan-Strobelight-5113.webp\" \/>\n\t<meta property=\"og:image:width\" content=\"600\" \/>\n\t<meta property=\"og:image:height\" content=\"600\" \/>\n\t<meta property=\"og:image:type\" content=\"image\/webp\" \/>\n<meta name=\"twitter:card\" content=\"summary_large_image\" \/>\n<meta name=\"twitter:label1\" content=\"Est. reading time\" \/>\n\t<meta name=\"twitter:data1\" content=\"1 minute\" \/>\n<script type=\"application\/ld+json\" class=\"yoast-schema-graph\">{\"@context\":\"https:\/\/schema.org\",\"@graph\":[{\"@type\":\"WebPage\",\"@id\":\"https:\/\/www.miomiorun.com\/de\/produkt\/nathan-strobe-light\/\",\"url\":\"https:\/\/www.miomiorun.com\/de\/produkt\/nathan-strobe-light\/\",\"name\":\"Nathan Strobe Light - Lauflichter - MioMioRun\",\"isPartOf\":{\"@id\":\"https:\/\/www.miomiorun.com\/de\/#website\"},\"primaryImageOfPage\":{\"@id\":\"https:\/\/www.miomiorun.com\/de\/produkt\/nathan-strobe-light\/#primaryimage\"},\"image\":{\"@id\":\"https:\/\/www.miomiorun.com\/de\/produkt\/nathan-strobe-light\/#primaryimage\"},\"thumbnailUrl\":\"https:\/\/www.miomiorun.com\/app\/uploads\/2021\/06\/nathan-Strobelight-5113.webp\",\"datePublished\":\"2021-06-23T08:54:16+00:00\",\"dateModified\":\"2022-07-25T17:18:02+00:00\",\"description\":\"Sicherheit mit Stil in einem schlanken, leichten und wasserdichten Stroboskoplicht mit \u00fcber 100 Stunden Leuchtdauer und einer\",\"breadcrumb\":{\"@id\":\"https:\/\/www.miomiorun.com\/de\/produkt\/nathan-strobe-light\/#breadcrumb\"},\"inLanguage\":\"de-DE\",\"potentialAction\":[{\"@type\":\"ReadAction\",\"target\":[\"https:\/\/www.miomiorun.com\/de\/produkt\/nathan-strobe-light\/\"]}]},{\"@type\":\"ImageObject\",\"inLanguage\":\"de-DE\",\"@id\":\"https:\/\/www.miomiorun.com\/de\/produkt\/nathan-strobe-light\/#primaryimage\",\"url\":\"https:\/\/www.miomiorun.com\/app\/uploads\/2021\/06\/nathan-Strobelight-5113.webp\",\"contentUrl\":\"https:\/\/www.miomiorun.com\/app\/uploads\/2021\/06\/nathan-Strobelight-5113.webp\",\"width\":600,\"height\":600,\"caption\":\"nathan Strobelight 5113\"},{\"@type\":\"BreadcrumbList\",\"@id\":\"https:\/\/www.miomiorun.com\/de\/produkt\/nathan-strobe-light\/#breadcrumb\",\"itemListElement\":[{\"@type\":\"ListItem\",\"position\":1,\"name\":\"Home\",\"item\":\"https:\/\/www.miomiorun.com\/de\/\"},{\"@type\":\"ListItem\",\"position\":2,\"name\":\"Shop\",\"item\":\"https:\/\/www.miomiorun.com\/shop\/\"},{\"@type\":\"ListItem\",\"position\":3,\"name\":\"Strobe Light\"}]},{\"@type\":\"WebSite\",\"@id\":\"https:\/\/www.miomiorun.com\/de\/#website\",\"url\":\"https:\/\/www.miomiorun.com\/de\/\",\"name\":\"MioMioRun\",\"description\":\"100% Lauf- und Trailshop\",\"publisher\":{\"@id\":\"https:\/\/www.miomiorun.com\/de\/#organization\"},\"potentialAction\":[{\"@type\":\"SearchAction\",\"target\":{\"@type\":\"EntryPoint\",\"urlTemplate\":\"https:\/\/www.miomiorun.com\/de\/?s={search_term_string}\"},\"query-input\":{\"@type\":\"PropertyValueSpecification\",\"valueRequired\":true,\"valueName\":\"search_term_string\"}}],\"inLanguage\":\"de-DE\"},{\"@type\":\"Organization\",\"@id\":\"https:\/\/www.miomiorun.com\/de\/#organization\",\"name\":\"MioMio Run\",\"url\":\"https:\/\/www.miomiorun.com\/de\/\",\"logo\":{\"@type\":\"ImageObject\",\"inLanguage\":\"de-DE\",\"@id\":\"https:\/\/www.miomiorun.com\/de\/#\/schema\/logo\/image\/\",\"url\":\"https:\/\/www.miomiorun.com\/app\/uploads\/2019\/12\/logomio.png\",\"contentUrl\":\"https:\/\/www.miomiorun.com\/app\/uploads\/2019\/12\/logomio.png\",\"width\":115,\"height\":82,\"caption\":\"MioMio Run\"},\"image\":{\"@id\":\"https:\/\/www.miomiorun.com\/de\/#\/schema\/logo\/image\/\"},\"sameAs\":[\"https:\/\/www.facebook.com\/miomiorun\/\",\"https:\/\/www.instagram.com\/miomiorun\/\"]}]}<\/script>\n<!-- \/ Yoast SEO plugin. -->","yoast_head_json":{"title":"Nathan Strobe Light - Lauflichter - MioMioRun","description":"Sicherheit mit Stil in einem schlanken, leichten und wasserdichten Stroboskoplicht mit \u00fcber 100 Stunden Leuchtdauer und einer","robots":{"index":"index","follow":"follow","max-snippet":"max-snippet:-1","max-image-preview":"max-image-preview:large","max-video-preview":"max-video-preview:-1"},"canonical":"https:\/\/www.miomiorun.com\/de\/produkt\/nathan-strobe-light\/","og_locale":"de_DE","og_type":"article","og_title":"Nathan Strobe Light - Lauflichter - MioMioRun","og_description":"Sicherheit mit Stil in einem schlanken, leichten und wasserdichten Stroboskoplicht mit \u00fcber 100 Stunden Leuchtdauer und einer","og_url":"https:\/\/www.miomiorun.com\/de\/produkt\/nathan-strobe-light\/","og_site_name":"MioMioRun","article_publisher":"https:\/\/www.facebook.com\/miomiorun\/","article_modified_time":"2022-07-25T17:18:02+00:00","og_image":[{"width":600,"height":600,"url":"https:\/\/www.miomiorun.com\/app\/uploads\/2021\/06\/nathan-Strobelight-5113.webp","type":"image\/webp"}],"twitter_card":"summary_large_image","twitter_misc":{"Est. reading time":"1 minute"},"schema":{"@context":"https:\/\/schema.org","@graph":[{"@type":"WebPage","@id":"https:\/\/www.miomiorun.com\/de\/produkt\/nathan-strobe-light\/","url":"https:\/\/www.miomiorun.com\/de\/produkt\/nathan-strobe-light\/","name":"Nathan Strobe Light - Lauflichter - MioMioRun","isPartOf":{"@id":"https:\/\/www.miomiorun.com\/de\/#website"},"primaryImageOfPage":{"@id":"https:\/\/www.miomiorun.com\/de\/produkt\/nathan-strobe-light\/#primaryimage"},"image":{"@id":"https:\/\/www.miomiorun.com\/de\/produkt\/nathan-strobe-light\/#primaryimage"},"thumbnailUrl":"https:\/\/www.miomiorun.com\/app\/uploads\/2021\/06\/nathan-Strobelight-5113.webp","datePublished":"2021-06-23T08:54:16+00:00","dateModified":"2022-07-25T17:18:02+00:00","description":"Sicherheit mit Stil in einem schlanken, leichten und wasserdichten Stroboskoplicht mit \u00fcber 100 Stunden Leuchtdauer und einer","breadcrumb":{"@id":"https:\/\/www.miomiorun.com\/de\/produkt\/nathan-strobe-light\/#breadcrumb"},"inLanguage":"de-DE","potentialAction":[{"@type":"ReadAction","target":["https:\/\/www.miomiorun.com\/de\/produkt\/nathan-strobe-light\/"]}]},{"@type":"ImageObject","inLanguage":"de-DE","@id":"https:\/\/www.miomiorun.com\/de\/produkt\/nathan-strobe-light\/#primaryimage","url":"https:\/\/www.miomiorun.com\/app\/uploads\/2021\/06\/nathan-Strobelight-5113.webp","contentUrl":"https:\/\/www.miomiorun.com\/app\/uploads\/2021\/06\/nathan-Strobelight-5113.webp","width":600,"height":600,"caption":"nathan Strobelight 5113"},{"@type":"BreadcrumbList","@id":"https:\/\/www.miomiorun.com\/de\/produkt\/nathan-strobe-light\/#breadcrumb","itemListElement":[{"@type":"ListItem","position":1,"name":"Home","item":"https:\/\/www.miomiorun.com\/de\/"},{"@type":"ListItem","position":2,"name":"Shop","item":"https:\/\/www.miomiorun.com\/shop\/"},{"@type":"ListItem","position":3,"name":"Strobe Light"}]},{"@type":"WebSite","@id":"https:\/\/www.miomiorun.com\/de\/#website","url":"https:\/\/www.miomiorun.com\/de\/","name":"MioMioRun","description":"100% Lauf- und Trailshop","publisher":{"@id":"https:\/\/www.miomiorun.com\/de\/#organization"},"potentialAction":[{"@type":"SearchAction","target":{"@type":"EntryPoint","urlTemplate":"https:\/\/www.miomiorun.com\/de\/?s={search_term_string}"},"query-input":{"@type":"PropertyValueSpecification","valueRequired":true,"valueName":"search_term_string"}}],"inLanguage":"de-DE"},{"@type":"Organization","@id":"https:\/\/www.miomiorun.com\/de\/#organization","name":"MioMio Run","url":"https:\/\/www.miomiorun.com\/de\/","logo":{"@type":"ImageObject","inLanguage":"de-DE","@id":"https:\/\/www.miomiorun.com\/de\/#\/schema\/logo\/image\/","url":"https:\/\/www.miomiorun.com\/app\/uploads\/2019\/12\/logomio.png","contentUrl":"https:\/\/www.miomiorun.com\/app\/uploads\/2019\/12\/logomio.png","width":115,"height":82,"caption":"MioMio Run"},"image":{"@id":"https:\/\/www.miomiorun.com\/de\/#\/schema\/logo\/image\/"},"sameAs":["https:\/\/www.facebook.com\/miomiorun\/","https:\/\/www.instagram.com\/miomiorun\/"]}]}},"_links":{"self":[{"href":"https:\/\/www.miomiorun.com\/de\/wp-json\/wp\/v2\/product\/79797","targetHints":{"allow":["GET"]}}],"collection":[{"href":"https:\/\/www.miomiorun.com\/de\/wp-json\/wp\/v2\/product"}],"about":[{"href":"https:\/\/www.miomiorun.com\/de\/wp-json\/wp\/v2\/types\/product"}],"wp:featuredmedia":[{"embeddable":true,"href":"https:\/\/www.miomiorun.com\/de\/wp-json\/wp\/v2\/media\/255828"}],"wp:attachment":[{"href":"https:\/\/www.miomiorun.com\/de\/wp-json\/wp\/v2\/media?parent=79797"}],"wp:term":[{"taxonomy":"product_brand","embeddable":true,"href":"https:\/\/www.miomiorun.com\/de\/wp-json\/wp\/v2\/product_brand?post=79797"},{"taxonomy":"product_cat","embeddable":true,"href":"https:\/\/www.miomiorun.com\/de\/wp-json\/wp\/v2\/product_cat?post=79797"},{"taxonomy":"product_tag","embeddable":true,"href":"https:\/\/www.miomiorun.com\/de\/wp-json\/wp\/v2\/product_tag?post=79797"}],"curies":[{"name":"wp","href":"https:\/\/api.w.org\/{rel}","templated":true}]}}