{"id":79741,"date":"2020-03-17T11:40:27","date_gmt":"2020-03-17T10:40:27","guid":{"rendered":"https:\/\/miomiorun.com\/prodotto\/cep-run-socks-3-0-uomo\/"},"modified":"2022-07-25T18:39:01","modified_gmt":"2022-07-25T16:39:01","slug":"cep-run-socks-3-0-herren","status":"publish","type":"product","link":"https:\/\/www.miomiorun.com\/de\/produkt\/cep-run-socks-3-0-herren\/","title":{"rendered":"Run socks 3.0 herren"},"content":{"rendered":"<p>Die CEP Men&#8217;s Run Compression Socks 3.0 bieten ein medizinisch optimiertes sportliches Kompressionsprofil, das seinesgleichen sucht. Erleben Sie die Energier\u00fcckgabe in einer Socke, die Sie beim Training unterst\u00fctzt. Laufen, springen und hocken Sie in einer atmungsaktiven, feuchtigkeitsableitenden Socke, die f\u00fcr ambitionierte Sportler wie Sie entwickelt wurde. Ideal zum Laufen, f\u00fcr Marathons, Basketball, Fu\u00dfball, Wandern, Reisen und mehr.<\/p>\n<p>20-30mmHg abgestufte Kompression<br \/>\nHEIQ-Klimamanagement k\u00fchlt die Haut<br \/>\nErholt die K\u00e4lber schneller als je zuvor<br \/>\nBeschleunigter Abbau von Milchs\u00e4ure, Erholung w\u00e4hrend des Trainings<br \/>\n\u00dcberlegene feuchtigkeitsabsorbierende Fasern halten die Haut k\u00fchl<br \/>\nLindert Schmerzen bei Plantarfasziitis, Schienbeinkantensyndrom und Achillessehne<\/p>\n<p>Kompressionsst\u00e4rke: 20-30 mmHg<\/p>\n<p>Material: 85% Polyamid, 15% Elasthan<\/p>\n","protected":false},"excerpt":{"rendered":"<p><span style=\"font-weight: 400;\">Die CEP Compression 3.0 Herrenstr\u00fcmpfe bieten ein medizinisch optimiertes sportliches Kompressionsprofil, das seinesgleichen sucht.<\/span><\/p>\n","protected":false},"featured_media":51086,"template":"","meta":{"_acf_changed":false,"inline_featured_image":false},"product_brand":[],"product_cat":[6540,6514],"product_tag":[3408,6212],"class_list":{"0":"post-79741","1":"product","2":"type-product","3":"status-publish","4":"has-post-thumbnail","6":"product_cat-herrenbekleidung","7":"product_cat-socken","8":"product_tag-cep-de","9":"product_tag-cep-herren-de","10":"pa_attivita-running-de","11":"pa_attivita-trail-de","12":"pa_circonferenza-polpaccio-45-51-de-2","13":"pa_colore-run-socks-3-0-m-black-dark-grey-de","14":"pa_colore-run-socks-3-0-m-lime-light-grey-de","15":"pa_marca-cep-de","16":"pa_sesso-herren","18":"first","19":"instock","20":"sale","21":"taxable","22":"shipping-taxable","23":"purchasable","24":"product-type-variable","25":"wvs-archive-product-wrapper"},"acf":[],"yoast_head":"<!-- This site is optimized with the Yoast SEO plugin v26.8 - https:\/\/yoast.com\/product\/yoast-seo-wordpress\/ -->\n<title>Cep Run socks 3.0 herren - Laufsocken - MioMioRun.com<\/title>\n<meta name=\"description\" content=\"Die CEP run Compression Socken 3.0 f\u00fcr M\u00e4nner bieten eine optimierte Kompression f\u00fcr optimale Unterst\u00fctzung und schnelle Erholung.\" \/>\n<meta name=\"robots\" content=\"index, follow, max-snippet:-1, max-image-preview:large, max-video-preview:-1\" \/>\n<link rel=\"canonical\" href=\"https:\/\/www.miomiorun.com\/de\/produkt\/cep-run-socks-3-0-herren\/\" \/>\n<meta property=\"og:locale\" content=\"de_DE\" \/>\n<meta property=\"og:type\" content=\"article\" \/>\n<meta property=\"og:title\" content=\"Cep Run socks 3.0 herren - Laufsocken - MioMioRun.com\" \/>\n<meta property=\"og:description\" content=\"Die CEP run Compression Socken 3.0 f\u00fcr M\u00e4nner bieten eine optimierte Kompression f\u00fcr optimale Unterst\u00fctzung und schnelle Erholung.\" \/>\n<meta property=\"og:url\" content=\"https:\/\/www.miomiorun.com\/de\/produkt\/cep-run-socks-3-0-herren\/\" \/>\n<meta property=\"og:site_name\" content=\"MioMioRun\" \/>\n<meta property=\"article:publisher\" content=\"https:\/\/www.facebook.com\/miomiorun\/\" \/>\n<meta property=\"article:modified_time\" content=\"2022-07-25T16:39:01+00:00\" \/>\n<meta property=\"og:image\" content=\"https:\/\/www.miomiorun.com\/app\/uploads\/2020\/03\/Run-socks-3.0-M-black-dark-grey.jpg\" \/>\n\t<meta property=\"og:image:width\" content=\"600\" \/>\n\t<meta property=\"og:image:height\" content=\"600\" \/>\n\t<meta property=\"og:image:type\" content=\"image\/jpeg\" \/>\n<meta name=\"twitter:card\" content=\"summary_large_image\" \/>\n<meta name=\"twitter:label1\" content=\"Est. reading time\" \/>\n\t<meta name=\"twitter:data1\" content=\"1 minute\" \/>\n<script type=\"application\/ld+json\" class=\"yoast-schema-graph\">{\"@context\":\"https:\/\/schema.org\",\"@graph\":[{\"@type\":\"WebPage\",\"@id\":\"https:\/\/www.miomiorun.com\/de\/produkt\/cep-run-socks-3-0-herren\/\",\"url\":\"https:\/\/www.miomiorun.com\/de\/produkt\/cep-run-socks-3-0-herren\/\",\"name\":\"Cep Run socks 3.0 herren - Laufsocken - MioMioRun.com\",\"isPartOf\":{\"@id\":\"https:\/\/www.miomiorun.com\/de\/#website\"},\"primaryImageOfPage\":{\"@id\":\"https:\/\/www.miomiorun.com\/de\/produkt\/cep-run-socks-3-0-herren\/#primaryimage\"},\"image\":{\"@id\":\"https:\/\/www.miomiorun.com\/de\/produkt\/cep-run-socks-3-0-herren\/#primaryimage\"},\"thumbnailUrl\":\"https:\/\/www.miomiorun.com\/app\/uploads\/2020\/03\/Run-socks-3.0-M-black-dark-grey.jpg\",\"datePublished\":\"2020-03-17T10:40:27+00:00\",\"dateModified\":\"2022-07-25T16:39:01+00:00\",\"description\":\"Die CEP run Compression Socken 3.0 f\u00fcr M\u00e4nner bieten eine optimierte Kompression f\u00fcr optimale Unterst\u00fctzung und schnelle Erholung.\",\"breadcrumb\":{\"@id\":\"https:\/\/www.miomiorun.com\/de\/produkt\/cep-run-socks-3-0-herren\/#breadcrumb\"},\"inLanguage\":\"de-DE\",\"potentialAction\":[{\"@type\":\"ReadAction\",\"target\":[\"https:\/\/www.miomiorun.com\/de\/produkt\/cep-run-socks-3-0-herren\/\"]}]},{\"@type\":\"ImageObject\",\"inLanguage\":\"de-DE\",\"@id\":\"https:\/\/www.miomiorun.com\/de\/produkt\/cep-run-socks-3-0-herren\/#primaryimage\",\"url\":\"https:\/\/www.miomiorun.com\/app\/uploads\/2020\/03\/Run-socks-3.0-M-black-dark-grey.jpg\",\"contentUrl\":\"https:\/\/www.miomiorun.com\/app\/uploads\/2020\/03\/Run-socks-3.0-M-black-dark-grey.jpg\",\"width\":600,\"height\":600,\"caption\":\"Calzini alti CEP run Compression socks 3.0 da uomo nero e grigio scuro\"},{\"@type\":\"BreadcrumbList\",\"@id\":\"https:\/\/www.miomiorun.com\/de\/produkt\/cep-run-socks-3-0-herren\/#breadcrumb\",\"itemListElement\":[{\"@type\":\"ListItem\",\"position\":1,\"name\":\"Home\",\"item\":\"https:\/\/www.miomiorun.com\/de\/\"},{\"@type\":\"ListItem\",\"position\":2,\"name\":\"Shop\",\"item\":\"https:\/\/www.miomiorun.com\/shop\/\"},{\"@type\":\"ListItem\",\"position\":3,\"name\":\"Run socks 3.0 herren\"}]},{\"@type\":\"WebSite\",\"@id\":\"https:\/\/www.miomiorun.com\/de\/#website\",\"url\":\"https:\/\/www.miomiorun.com\/de\/\",\"name\":\"MioMioRun\",\"description\":\"100% Lauf- und Trailshop\",\"publisher\":{\"@id\":\"https:\/\/www.miomiorun.com\/de\/#organization\"},\"potentialAction\":[{\"@type\":\"SearchAction\",\"target\":{\"@type\":\"EntryPoint\",\"urlTemplate\":\"https:\/\/www.miomiorun.com\/de\/?s={search_term_string}\"},\"query-input\":{\"@type\":\"PropertyValueSpecification\",\"valueRequired\":true,\"valueName\":\"search_term_string\"}}],\"inLanguage\":\"de-DE\"},{\"@type\":\"Organization\",\"@id\":\"https:\/\/www.miomiorun.com\/de\/#organization\",\"name\":\"MioMio Run\",\"url\":\"https:\/\/www.miomiorun.com\/de\/\",\"logo\":{\"@type\":\"ImageObject\",\"inLanguage\":\"de-DE\",\"@id\":\"https:\/\/www.miomiorun.com\/de\/#\/schema\/logo\/image\/\",\"url\":\"https:\/\/www.miomiorun.com\/app\/uploads\/2019\/12\/logomio.png\",\"contentUrl\":\"https:\/\/www.miomiorun.com\/app\/uploads\/2019\/12\/logomio.png\",\"width\":115,\"height\":82,\"caption\":\"MioMio Run\"},\"image\":{\"@id\":\"https:\/\/www.miomiorun.com\/de\/#\/schema\/logo\/image\/\"},\"sameAs\":[\"https:\/\/www.facebook.com\/miomiorun\/\",\"https:\/\/www.instagram.com\/miomiorun\/\"]}]}<\/script>\n<!-- \/ Yoast SEO plugin. -->","yoast_head_json":{"title":"Cep Run socks 3.0 herren - Laufsocken - MioMioRun.com","description":"Die CEP run Compression Socken 3.0 f\u00fcr M\u00e4nner bieten eine optimierte Kompression f\u00fcr optimale Unterst\u00fctzung und schnelle Erholung.","robots":{"index":"index","follow":"follow","max-snippet":"max-snippet:-1","max-image-preview":"max-image-preview:large","max-video-preview":"max-video-preview:-1"},"canonical":"https:\/\/www.miomiorun.com\/de\/produkt\/cep-run-socks-3-0-herren\/","og_locale":"de_DE","og_type":"article","og_title":"Cep Run socks 3.0 herren - Laufsocken - MioMioRun.com","og_description":"Die CEP run Compression Socken 3.0 f\u00fcr M\u00e4nner bieten eine optimierte Kompression f\u00fcr optimale Unterst\u00fctzung und schnelle Erholung.","og_url":"https:\/\/www.miomiorun.com\/de\/produkt\/cep-run-socks-3-0-herren\/","og_site_name":"MioMioRun","article_publisher":"https:\/\/www.facebook.com\/miomiorun\/","article_modified_time":"2022-07-25T16:39:01+00:00","og_image":[{"width":600,"height":600,"url":"https:\/\/www.miomiorun.com\/app\/uploads\/2020\/03\/Run-socks-3.0-M-black-dark-grey.jpg","type":"image\/jpeg"}],"twitter_card":"summary_large_image","twitter_misc":{"Est. reading time":"1 minute"},"schema":{"@context":"https:\/\/schema.org","@graph":[{"@type":"WebPage","@id":"https:\/\/www.miomiorun.com\/de\/produkt\/cep-run-socks-3-0-herren\/","url":"https:\/\/www.miomiorun.com\/de\/produkt\/cep-run-socks-3-0-herren\/","name":"Cep Run socks 3.0 herren - Laufsocken - MioMioRun.com","isPartOf":{"@id":"https:\/\/www.miomiorun.com\/de\/#website"},"primaryImageOfPage":{"@id":"https:\/\/www.miomiorun.com\/de\/produkt\/cep-run-socks-3-0-herren\/#primaryimage"},"image":{"@id":"https:\/\/www.miomiorun.com\/de\/produkt\/cep-run-socks-3-0-herren\/#primaryimage"},"thumbnailUrl":"https:\/\/www.miomiorun.com\/app\/uploads\/2020\/03\/Run-socks-3.0-M-black-dark-grey.jpg","datePublished":"2020-03-17T10:40:27+00:00","dateModified":"2022-07-25T16:39:01+00:00","description":"Die CEP run Compression Socken 3.0 f\u00fcr M\u00e4nner bieten eine optimierte Kompression f\u00fcr optimale Unterst\u00fctzung und schnelle Erholung.","breadcrumb":{"@id":"https:\/\/www.miomiorun.com\/de\/produkt\/cep-run-socks-3-0-herren\/#breadcrumb"},"inLanguage":"de-DE","potentialAction":[{"@type":"ReadAction","target":["https:\/\/www.miomiorun.com\/de\/produkt\/cep-run-socks-3-0-herren\/"]}]},{"@type":"ImageObject","inLanguage":"de-DE","@id":"https:\/\/www.miomiorun.com\/de\/produkt\/cep-run-socks-3-0-herren\/#primaryimage","url":"https:\/\/www.miomiorun.com\/app\/uploads\/2020\/03\/Run-socks-3.0-M-black-dark-grey.jpg","contentUrl":"https:\/\/www.miomiorun.com\/app\/uploads\/2020\/03\/Run-socks-3.0-M-black-dark-grey.jpg","width":600,"height":600,"caption":"Calzini alti CEP run Compression socks 3.0 da uomo nero e grigio scuro"},{"@type":"BreadcrumbList","@id":"https:\/\/www.miomiorun.com\/de\/produkt\/cep-run-socks-3-0-herren\/#breadcrumb","itemListElement":[{"@type":"ListItem","position":1,"name":"Home","item":"https:\/\/www.miomiorun.com\/de\/"},{"@type":"ListItem","position":2,"name":"Shop","item":"https:\/\/www.miomiorun.com\/shop\/"},{"@type":"ListItem","position":3,"name":"Run socks 3.0 herren"}]},{"@type":"WebSite","@id":"https:\/\/www.miomiorun.com\/de\/#website","url":"https:\/\/www.miomiorun.com\/de\/","name":"MioMioRun","description":"100% Lauf- und Trailshop","publisher":{"@id":"https:\/\/www.miomiorun.com\/de\/#organization"},"potentialAction":[{"@type":"SearchAction","target":{"@type":"EntryPoint","urlTemplate":"https:\/\/www.miomiorun.com\/de\/?s={search_term_string}"},"query-input":{"@type":"PropertyValueSpecification","valueRequired":true,"valueName":"search_term_string"}}],"inLanguage":"de-DE"},{"@type":"Organization","@id":"https:\/\/www.miomiorun.com\/de\/#organization","name":"MioMio Run","url":"https:\/\/www.miomiorun.com\/de\/","logo":{"@type":"ImageObject","inLanguage":"de-DE","@id":"https:\/\/www.miomiorun.com\/de\/#\/schema\/logo\/image\/","url":"https:\/\/www.miomiorun.com\/app\/uploads\/2019\/12\/logomio.png","contentUrl":"https:\/\/www.miomiorun.com\/app\/uploads\/2019\/12\/logomio.png","width":115,"height":82,"caption":"MioMio Run"},"image":{"@id":"https:\/\/www.miomiorun.com\/de\/#\/schema\/logo\/image\/"},"sameAs":["https:\/\/www.facebook.com\/miomiorun\/","https:\/\/www.instagram.com\/miomiorun\/"]}]}},"_links":{"self":[{"href":"https:\/\/www.miomiorun.com\/de\/wp-json\/wp\/v2\/product\/79741","targetHints":{"allow":["GET"]}}],"collection":[{"href":"https:\/\/www.miomiorun.com\/de\/wp-json\/wp\/v2\/product"}],"about":[{"href":"https:\/\/www.miomiorun.com\/de\/wp-json\/wp\/v2\/types\/product"}],"wp:featuredmedia":[{"embeddable":true,"href":"https:\/\/www.miomiorun.com\/de\/wp-json\/wp\/v2\/media\/51086"}],"wp:attachment":[{"href":"https:\/\/www.miomiorun.com\/de\/wp-json\/wp\/v2\/media?parent=79741"}],"wp:term":[{"taxonomy":"product_brand","embeddable":true,"href":"https:\/\/www.miomiorun.com\/de\/wp-json\/wp\/v2\/product_brand?post=79741"},{"taxonomy":"product_cat","embeddable":true,"href":"https:\/\/www.miomiorun.com\/de\/wp-json\/wp\/v2\/product_cat?post=79741"},{"taxonomy":"product_tag","embeddable":true,"href":"https:\/\/www.miomiorun.com\/de\/wp-json\/wp\/v2\/product_tag?post=79741"}],"curies":[{"name":"wp","href":"https:\/\/api.w.org\/{rel}","templated":true}]}}