{"id":79725,"date":"2020-03-16T11:17:34","date_gmt":"2020-03-16T10:17:34","guid":{"rendered":"https:\/\/miomiorun.com\/prodotto\/cep-low-cut-socks-3-0-uomo\/"},"modified":"2026-05-08T20:33:47","modified_gmt":"2026-05-08T18:33:47","slug":"cep-low-cut-socks-3-0-herren","status":"publish","type":"product","link":"https:\/\/www.miomiorun.com\/de\/produkt\/cep-low-cut-socks-3-0-herren\/","title":{"rendered":"Low cut socks 3.0 herren"},"content":{"rendered":"<p>Die CEP Compression Low Cut 3.0 Herrensocken bieten Kompression an Fu\u00df und Kn\u00f6chel, um Ihre F\u00fc\u00dfe k\u00fchl und energiegeladen zu halten. Unsere bew\u00e4hrte Materialmischung beugt Blasenbildung vor und bietet eine gute Passform. Unsere sportlichen Kompressionssocken bieten eine eng anliegende, nahtlose Passform, die streng auf maximalen Komfort und Leistung ausgelegt ist. Erg\u00e4nzt durch erstklassige, feuchtigkeitsableitende Fasern, werden Sie keine bessere Kompressionssocke f\u00fcr Sportler finden.<\/p>\n<p>Gezielte Kompression zur Linderung von Schwellungen und Schmerzen<br \/>\nLeistungsstarke Polsterung entlang des Fu\u00dfbetts verhindert Blasenbildung<br \/>\nHEIQ-Klimamanagement k\u00fchlt die Haut bei Aktivit\u00e4t<br \/>\nSockenh\u00f6he am Kn\u00f6chel; perfekt f\u00fcr alle Sportarten und Aktivit\u00e4ten<br \/>\nAtmungsaktive Garne sind stark und haltbar<br \/>\nSportliche Kompression lindert Schmerzen bei Plantarfasziitis<\/p>\n<p>Material: 80% Polyamid, 20% Elasthan<\/p>\n","protected":false},"excerpt":{"rendered":"<p><span style=\"font-weight: 400;\">Die CEP Compression Low Cut 3.0 Herrensocken bieten Kompression an Fu\u00df und Kn\u00f6chel, um die F\u00fc\u00dfe k\u00fchl und leistungsf\u00e4hig zu halten. Unsere bew\u00e4hrte Materialmischung beugt Blasenbildung vor und bietet eine gute Passform.<\/span><\/p>\n","protected":false},"featured_media":51074,"template":"","meta":{"_acf_changed":false,"inline_featured_image":false},"product_brand":[],"product_cat":[6515,6540,6514],"product_tag":[3408,6212],"class_list":{"0":"post-79725","1":"product","2":"type-product","3":"status-publish","4":"has-post-thumbnail","6":"product_cat-herren-de","7":"product_cat-herrenbekleidung","8":"product_cat-socken","9":"product_tag-cep-de","10":"product_tag-cep-herren-de","11":"pa_attivita-fitness-de","12":"pa_attivita-gehen","13":"pa_attivita-running-de","14":"pa_colore-low-cut-socks-3-0-m-black-dark-grey-de","15":"pa_colore-low-cut-socks-3-0-m-ice-grey-de","16":"pa_marca-cep-de","17":"pa_sesso-herren","18":"pa_size-39-42-de","19":"pa_size-45-48-de","21":"first","22":"instock","23":"sale","24":"taxable","25":"shipping-taxable","26":"purchasable","27":"product-type-variable","28":"wvs-archive-product-wrapper"},"acf":[],"yoast_head":"<!-- This site is optimized with the Yoast SEO plugin v26.8 - https:\/\/yoast.com\/product\/yoast-seo-wordpress\/ -->\n<title>Cep Low cut socks 3.0 herren - Laufsocken - MioMioRun.com<\/title>\n<meta name=\"description\" content=\"Die CEP Compression Low Cut 3.0 Herrensocken bieten Kompression an Fu\u00df und Kn\u00f6chel, um die F\u00fc\u00dfe k\u00fchl und leistungsf\u00e4hig zu halten.\" \/>\n<meta name=\"robots\" content=\"index, follow, max-snippet:-1, max-image-preview:large, max-video-preview:-1\" \/>\n<link rel=\"canonical\" href=\"https:\/\/www.miomiorun.com\/de\/produkt\/cep-low-cut-socks-3-0-herren\/\" \/>\n<meta property=\"og:locale\" content=\"de_DE\" \/>\n<meta property=\"og:type\" content=\"article\" \/>\n<meta property=\"og:title\" content=\"Cep Low cut socks 3.0 herren - Laufsocken - MioMioRun.com\" \/>\n<meta property=\"og:description\" content=\"Die CEP Compression Low Cut 3.0 Herrensocken bieten Kompression an Fu\u00df und Kn\u00f6chel, um die F\u00fc\u00dfe k\u00fchl und leistungsf\u00e4hig zu halten.\" \/>\n<meta property=\"og:url\" content=\"https:\/\/www.miomiorun.com\/de\/produkt\/cep-low-cut-socks-3-0-herren\/\" \/>\n<meta property=\"og:site_name\" content=\"MioMioRun\" \/>\n<meta property=\"article:publisher\" content=\"https:\/\/www.facebook.com\/miomiorun\/\" \/>\n<meta property=\"article:modified_time\" content=\"2026-05-08T18:33:47+00:00\" \/>\n<meta property=\"og:image\" content=\"https:\/\/www.miomiorun.com\/app\/uploads\/2020\/03\/Low-cut-socks-3.0-M-ice-grey.jpg\" \/>\n\t<meta property=\"og:image:width\" content=\"600\" \/>\n\t<meta property=\"og:image:height\" content=\"600\" \/>\n\t<meta property=\"og:image:type\" content=\"image\/jpeg\" \/>\n<meta name=\"twitter:card\" content=\"summary_large_image\" \/>\n<meta name=\"twitter:label1\" content=\"Est. reading time\" \/>\n\t<meta name=\"twitter:data1\" content=\"1 minute\" \/>\n<script type=\"application\/ld+json\" class=\"yoast-schema-graph\">{\"@context\":\"https:\/\/schema.org\",\"@graph\":[{\"@type\":\"WebPage\",\"@id\":\"https:\/\/www.miomiorun.com\/de\/produkt\/cep-low-cut-socks-3-0-herren\/\",\"url\":\"https:\/\/www.miomiorun.com\/de\/produkt\/cep-low-cut-socks-3-0-herren\/\",\"name\":\"Cep Low cut socks 3.0 herren - Laufsocken - MioMioRun.com\",\"isPartOf\":{\"@id\":\"https:\/\/www.miomiorun.com\/de\/#website\"},\"primaryImageOfPage\":{\"@id\":\"https:\/\/www.miomiorun.com\/de\/produkt\/cep-low-cut-socks-3-0-herren\/#primaryimage\"},\"image\":{\"@id\":\"https:\/\/www.miomiorun.com\/de\/produkt\/cep-low-cut-socks-3-0-herren\/#primaryimage\"},\"thumbnailUrl\":\"https:\/\/www.miomiorun.com\/app\/uploads\/2020\/03\/Low-cut-socks-3.0-M-ice-grey.jpg\",\"datePublished\":\"2020-03-16T10:17:34+00:00\",\"dateModified\":\"2026-05-08T18:33:47+00:00\",\"description\":\"Die CEP Compression Low Cut 3.0 Herrensocken bieten Kompression an Fu\u00df und Kn\u00f6chel, um die F\u00fc\u00dfe k\u00fchl und leistungsf\u00e4hig zu halten.\",\"breadcrumb\":{\"@id\":\"https:\/\/www.miomiorun.com\/de\/produkt\/cep-low-cut-socks-3-0-herren\/#breadcrumb\"},\"inLanguage\":\"de-DE\",\"potentialAction\":[{\"@type\":\"ReadAction\",\"target\":[\"https:\/\/www.miomiorun.com\/de\/produkt\/cep-low-cut-socks-3-0-herren\/\"]}]},{\"@type\":\"ImageObject\",\"inLanguage\":\"de-DE\",\"@id\":\"https:\/\/www.miomiorun.com\/de\/produkt\/cep-low-cut-socks-3-0-herren\/#primaryimage\",\"url\":\"https:\/\/www.miomiorun.com\/app\/uploads\/2020\/03\/Low-cut-socks-3.0-M-ice-grey.jpg\",\"contentUrl\":\"https:\/\/www.miomiorun.com\/app\/uploads\/2020\/03\/Low-cut-socks-3.0-M-ice-grey.jpg\",\"width\":600,\"height\":600,\"caption\":\"Low-cut-socks-3.0-M-ice-grey\"},{\"@type\":\"BreadcrumbList\",\"@id\":\"https:\/\/www.miomiorun.com\/de\/produkt\/cep-low-cut-socks-3-0-herren\/#breadcrumb\",\"itemListElement\":[{\"@type\":\"ListItem\",\"position\":1,\"name\":\"Home\",\"item\":\"https:\/\/www.miomiorun.com\/de\/\"},{\"@type\":\"ListItem\",\"position\":2,\"name\":\"Shop\",\"item\":\"https:\/\/www.miomiorun.com\/shop\/\"},{\"@type\":\"ListItem\",\"position\":3,\"name\":\"Low cut socks 3.0 herren\"}]},{\"@type\":\"WebSite\",\"@id\":\"https:\/\/www.miomiorun.com\/de\/#website\",\"url\":\"https:\/\/www.miomiorun.com\/de\/\",\"name\":\"MioMioRun\",\"description\":\"100% Lauf- und Trailshop\",\"publisher\":{\"@id\":\"https:\/\/www.miomiorun.com\/de\/#organization\"},\"potentialAction\":[{\"@type\":\"SearchAction\",\"target\":{\"@type\":\"EntryPoint\",\"urlTemplate\":\"https:\/\/www.miomiorun.com\/de\/?s={search_term_string}\"},\"query-input\":{\"@type\":\"PropertyValueSpecification\",\"valueRequired\":true,\"valueName\":\"search_term_string\"}}],\"inLanguage\":\"de-DE\"},{\"@type\":\"Organization\",\"@id\":\"https:\/\/www.miomiorun.com\/de\/#organization\",\"name\":\"MioMio Run\",\"url\":\"https:\/\/www.miomiorun.com\/de\/\",\"logo\":{\"@type\":\"ImageObject\",\"inLanguage\":\"de-DE\",\"@id\":\"https:\/\/www.miomiorun.com\/de\/#\/schema\/logo\/image\/\",\"url\":\"https:\/\/www.miomiorun.com\/app\/uploads\/2019\/12\/logomio.png\",\"contentUrl\":\"https:\/\/www.miomiorun.com\/app\/uploads\/2019\/12\/logomio.png\",\"width\":115,\"height\":82,\"caption\":\"MioMio Run\"},\"image\":{\"@id\":\"https:\/\/www.miomiorun.com\/de\/#\/schema\/logo\/image\/\"},\"sameAs\":[\"https:\/\/www.facebook.com\/miomiorun\/\",\"https:\/\/www.instagram.com\/miomiorun\/\"]}]}<\/script>\n<!-- \/ Yoast SEO plugin. -->","yoast_head_json":{"title":"Cep Low cut socks 3.0 herren - Laufsocken - MioMioRun.com","description":"Die CEP Compression Low Cut 3.0 Herrensocken bieten Kompression an Fu\u00df und Kn\u00f6chel, um die F\u00fc\u00dfe k\u00fchl und leistungsf\u00e4hig zu halten.","robots":{"index":"index","follow":"follow","max-snippet":"max-snippet:-1","max-image-preview":"max-image-preview:large","max-video-preview":"max-video-preview:-1"},"canonical":"https:\/\/www.miomiorun.com\/de\/produkt\/cep-low-cut-socks-3-0-herren\/","og_locale":"de_DE","og_type":"article","og_title":"Cep Low cut socks 3.0 herren - Laufsocken - MioMioRun.com","og_description":"Die CEP Compression Low Cut 3.0 Herrensocken bieten Kompression an Fu\u00df und Kn\u00f6chel, um die F\u00fc\u00dfe k\u00fchl und leistungsf\u00e4hig zu halten.","og_url":"https:\/\/www.miomiorun.com\/de\/produkt\/cep-low-cut-socks-3-0-herren\/","og_site_name":"MioMioRun","article_publisher":"https:\/\/www.facebook.com\/miomiorun\/","article_modified_time":"2026-05-08T18:33:47+00:00","og_image":[{"width":600,"height":600,"url":"https:\/\/www.miomiorun.com\/app\/uploads\/2020\/03\/Low-cut-socks-3.0-M-ice-grey.jpg","type":"image\/jpeg"}],"twitter_card":"summary_large_image","twitter_misc":{"Est. reading time":"1 minute"},"schema":{"@context":"https:\/\/schema.org","@graph":[{"@type":"WebPage","@id":"https:\/\/www.miomiorun.com\/de\/produkt\/cep-low-cut-socks-3-0-herren\/","url":"https:\/\/www.miomiorun.com\/de\/produkt\/cep-low-cut-socks-3-0-herren\/","name":"Cep Low cut socks 3.0 herren - Laufsocken - MioMioRun.com","isPartOf":{"@id":"https:\/\/www.miomiorun.com\/de\/#website"},"primaryImageOfPage":{"@id":"https:\/\/www.miomiorun.com\/de\/produkt\/cep-low-cut-socks-3-0-herren\/#primaryimage"},"image":{"@id":"https:\/\/www.miomiorun.com\/de\/produkt\/cep-low-cut-socks-3-0-herren\/#primaryimage"},"thumbnailUrl":"https:\/\/www.miomiorun.com\/app\/uploads\/2020\/03\/Low-cut-socks-3.0-M-ice-grey.jpg","datePublished":"2020-03-16T10:17:34+00:00","dateModified":"2026-05-08T18:33:47+00:00","description":"Die CEP Compression Low Cut 3.0 Herrensocken bieten Kompression an Fu\u00df und Kn\u00f6chel, um die F\u00fc\u00dfe k\u00fchl und leistungsf\u00e4hig zu halten.","breadcrumb":{"@id":"https:\/\/www.miomiorun.com\/de\/produkt\/cep-low-cut-socks-3-0-herren\/#breadcrumb"},"inLanguage":"de-DE","potentialAction":[{"@type":"ReadAction","target":["https:\/\/www.miomiorun.com\/de\/produkt\/cep-low-cut-socks-3-0-herren\/"]}]},{"@type":"ImageObject","inLanguage":"de-DE","@id":"https:\/\/www.miomiorun.com\/de\/produkt\/cep-low-cut-socks-3-0-herren\/#primaryimage","url":"https:\/\/www.miomiorun.com\/app\/uploads\/2020\/03\/Low-cut-socks-3.0-M-ice-grey.jpg","contentUrl":"https:\/\/www.miomiorun.com\/app\/uploads\/2020\/03\/Low-cut-socks-3.0-M-ice-grey.jpg","width":600,"height":600,"caption":"Low-cut-socks-3.0-M-ice-grey"},{"@type":"BreadcrumbList","@id":"https:\/\/www.miomiorun.com\/de\/produkt\/cep-low-cut-socks-3-0-herren\/#breadcrumb","itemListElement":[{"@type":"ListItem","position":1,"name":"Home","item":"https:\/\/www.miomiorun.com\/de\/"},{"@type":"ListItem","position":2,"name":"Shop","item":"https:\/\/www.miomiorun.com\/shop\/"},{"@type":"ListItem","position":3,"name":"Low cut socks 3.0 herren"}]},{"@type":"WebSite","@id":"https:\/\/www.miomiorun.com\/de\/#website","url":"https:\/\/www.miomiorun.com\/de\/","name":"MioMioRun","description":"100% Lauf- und Trailshop","publisher":{"@id":"https:\/\/www.miomiorun.com\/de\/#organization"},"potentialAction":[{"@type":"SearchAction","target":{"@type":"EntryPoint","urlTemplate":"https:\/\/www.miomiorun.com\/de\/?s={search_term_string}"},"query-input":{"@type":"PropertyValueSpecification","valueRequired":true,"valueName":"search_term_string"}}],"inLanguage":"de-DE"},{"@type":"Organization","@id":"https:\/\/www.miomiorun.com\/de\/#organization","name":"MioMio Run","url":"https:\/\/www.miomiorun.com\/de\/","logo":{"@type":"ImageObject","inLanguage":"de-DE","@id":"https:\/\/www.miomiorun.com\/de\/#\/schema\/logo\/image\/","url":"https:\/\/www.miomiorun.com\/app\/uploads\/2019\/12\/logomio.png","contentUrl":"https:\/\/www.miomiorun.com\/app\/uploads\/2019\/12\/logomio.png","width":115,"height":82,"caption":"MioMio Run"},"image":{"@id":"https:\/\/www.miomiorun.com\/de\/#\/schema\/logo\/image\/"},"sameAs":["https:\/\/www.facebook.com\/miomiorun\/","https:\/\/www.instagram.com\/miomiorun\/"]}]}},"_links":{"self":[{"href":"https:\/\/www.miomiorun.com\/de\/wp-json\/wp\/v2\/product\/79725","targetHints":{"allow":["GET"]}}],"collection":[{"href":"https:\/\/www.miomiorun.com\/de\/wp-json\/wp\/v2\/product"}],"about":[{"href":"https:\/\/www.miomiorun.com\/de\/wp-json\/wp\/v2\/types\/product"}],"wp:featuredmedia":[{"embeddable":true,"href":"https:\/\/www.miomiorun.com\/de\/wp-json\/wp\/v2\/media\/51074"}],"wp:attachment":[{"href":"https:\/\/www.miomiorun.com\/de\/wp-json\/wp\/v2\/media?parent=79725"}],"wp:term":[{"taxonomy":"product_brand","embeddable":true,"href":"https:\/\/www.miomiorun.com\/de\/wp-json\/wp\/v2\/product_brand?post=79725"},{"taxonomy":"product_cat","embeddable":true,"href":"https:\/\/www.miomiorun.com\/de\/wp-json\/wp\/v2\/product_cat?post=79725"},{"taxonomy":"product_tag","embeddable":true,"href":"https:\/\/www.miomiorun.com\/de\/wp-json\/wp\/v2\/product_tag?post=79725"}],"curies":[{"name":"wp","href":"https:\/\/api.w.org\/{rel}","templated":true}]}}