{"id":79706,"date":"2019-12-23T00:17:11","date_gmt":"2019-12-22T23:17:11","guid":{"rendered":"https:\/\/miomiorun.com\/prodotto\/stance-light-crew\/"},"modified":"2022-07-25T18:44:38","modified_gmt":"2022-07-25T16:44:38","slug":"stance-light-crew","status":"publish","type":"product","link":"https:\/\/www.miomiorun.com\/de\/produkt\/stance-light-crew\/","title":{"rendered":"Light Crew"},"content":{"rendered":"<p>Die Stance Light Crew Socken haben eine klassische Sockenh\u00f6he von ca. 20 cm \u00fcber dem Kn\u00f6chel und eine leichte Dicke, eine gute Wahl f\u00fcr eine bequeme Passform, diese leichten Socken bieten eine atmungsaktive und weniger sperrige Barriere zwischen Fu\u00df und Schuh.<\/p>\n<p><span style=\"font-weight: 400;\">FEATURES<\/span><\/p>\n<ul>\n<li style=\"font-weight: 400;\">Gezielte Beinkompression<\/li>\n<li style=\"font-weight: 400;\">Reflektierendes Logo f\u00fcr bessere Sichtbarkeit<\/li>\n<li style=\"font-weight: 400;\">Atmungsaktives Netz<\/li>\n<li style=\"font-weight: 400;\">Leichte Schwammpolsterung<\/li>\n<li style=\"font-weight: 400;\">Linke\/rechte technische Fu\u00dfst\u00fctze<\/li>\n<li style=\"font-weight: 400;\">Verst\u00e4rkte Zehen und Ferse<\/li>\n<li style=\"font-weight: 400;\">FEEL360\u2122 Technologie<\/li>\n<\/ul>\n<p><span style=\"font-weight: 400;\">PRODUKTPFLEGE<\/span><\/p>\n<ul>\n<li style=\"font-weight: 400;\">Maschinenw\u00e4sche bei 40\u00b0C<\/li>\n<li style=\"font-weight: 400;\">Vermeiden Sie Bleichen oder B\u00fcgeln<\/li>\n<li style=\"font-weight: 400;\">Socken halten l\u00e4nger, wenn Sie sie nicht im Trockner trocknen lassen<\/li>\n<\/ul>\n<p>&nbsp;<\/p>\n","protected":false},"excerpt":{"rendered":"<p>W\u00e4hlen Sie Gr\u00f6\u00dfe und Farbe und entdecken Sie die Eigenschaften der verschiedenen Modelle<\/p>\n","protected":false},"featured_media":51592,"template":"","meta":{"_acf_changed":false,"inline_featured_image":false},"product_brand":[],"product_cat":[6515,6540,6514,6400,6401,6402],"product_tag":[3397,6313,6286],"class_list":{"0":"post-79706","1":"product","2":"type-product","3":"status-publish","4":"has-post-thumbnail","6":"product_cat-herren-de","7":"product_cat-herrenbekleidung","8":"product_cat-socken","9":"product_cat-damen","10":"product_cat-damenbekleidung","11":"product_cat-damensocken-de","12":"product_tag-stance-de","13":"product_tag-stance-damen-de","14":"product_tag-stance-herren-de","15":"pa_attivita-gehen","16":"pa_attivita-running-de","17":"pa_attivita-trail-de","18":"pa_colore-uncommon-solid-wool-crew-w-de","19":"pa_marca-stance-de","20":"pa_sesso-damen","21":"pa_sesso-herren","22":"pa_size-35-37-de","23":"pa_size-38-42-de","25":"first","26":"instock","27":"sale","28":"taxable","29":"shipping-taxable","30":"purchasable","31":"product-type-variable","32":"wvs-archive-product-wrapper"},"acf":[],"yoast_head":"<!-- This site is optimized with the Yoast SEO plugin v26.8 - https:\/\/yoast.com\/product\/yoast-seo-wordpress\/ -->\n<title>Stance Light Crew - Laufsocken - MioMioRun.com<\/title>\n<meta name=\"description\" content=\"Die Stance Light Crew Socken haben eine H\u00f6he von bis zu 20 cm \u00fcber dem Kn\u00f6chel und eine leichte Dicke. Sie sind eng anliegend und leicht, atmungsaktiv und weniger sperrig.\" \/>\n<meta name=\"robots\" content=\"index, follow, max-snippet:-1, max-image-preview:large, max-video-preview:-1\" \/>\n<link rel=\"canonical\" href=\"https:\/\/www.miomiorun.com\/de\/produkt\/stance-light-crew\/\" \/>\n<meta property=\"og:locale\" content=\"de_DE\" \/>\n<meta property=\"og:type\" content=\"article\" \/>\n<meta property=\"og:title\" content=\"Stance Light Crew - Laufsocken - MioMioRun.com\" \/>\n<meta property=\"og:description\" content=\"Die Stance Light Crew Socken haben eine H\u00f6he von bis zu 20 cm \u00fcber dem Kn\u00f6chel und eine leichte Dicke. Sie sind eng anliegend und leicht, atmungsaktiv und weniger sperrig.\" \/>\n<meta property=\"og:url\" content=\"https:\/\/www.miomiorun.com\/de\/produkt\/stance-light-crew\/\" \/>\n<meta property=\"og:site_name\" content=\"MioMioRun\" \/>\n<meta property=\"article:publisher\" content=\"https:\/\/www.facebook.com\/miomiorun\/\" \/>\n<meta property=\"article:modified_time\" content=\"2022-07-25T16:44:38+00:00\" \/>\n<meta property=\"og:image\" content=\"https:\/\/www.miomiorun.com\/app\/uploads\/2020\/03\/Uncommon-solid-wool-crew-W.jpg\" \/>\n\t<meta property=\"og:image:width\" content=\"600\" \/>\n\t<meta property=\"og:image:height\" content=\"600\" \/>\n\t<meta property=\"og:image:type\" content=\"image\/jpeg\" \/>\n<meta name=\"twitter:card\" content=\"summary_large_image\" \/>\n<script type=\"application\/ld+json\" class=\"yoast-schema-graph\">{\"@context\":\"https:\/\/schema.org\",\"@graph\":[{\"@type\":\"WebPage\",\"@id\":\"https:\/\/www.miomiorun.com\/de\/produkt\/stance-light-crew\/\",\"url\":\"https:\/\/www.miomiorun.com\/de\/produkt\/stance-light-crew\/\",\"name\":\"Stance Light Crew - Laufsocken - MioMioRun.com\",\"isPartOf\":{\"@id\":\"https:\/\/www.miomiorun.com\/de\/#website\"},\"primaryImageOfPage\":{\"@id\":\"https:\/\/www.miomiorun.com\/de\/produkt\/stance-light-crew\/#primaryimage\"},\"image\":{\"@id\":\"https:\/\/www.miomiorun.com\/de\/produkt\/stance-light-crew\/#primaryimage\"},\"thumbnailUrl\":\"https:\/\/www.miomiorun.com\/app\/uploads\/2020\/03\/Uncommon-solid-wool-crew-W.jpg\",\"datePublished\":\"2019-12-22T23:17:11+00:00\",\"dateModified\":\"2022-07-25T16:44:38+00:00\",\"description\":\"Die Stance Light Crew Socken haben eine H\u00f6he von bis zu 20 cm \u00fcber dem Kn\u00f6chel und eine leichte Dicke. Sie sind eng anliegend und leicht, atmungsaktiv und weniger sperrig.\",\"breadcrumb\":{\"@id\":\"https:\/\/www.miomiorun.com\/de\/produkt\/stance-light-crew\/#breadcrumb\"},\"inLanguage\":\"de-DE\",\"potentialAction\":[{\"@type\":\"ReadAction\",\"target\":[\"https:\/\/www.miomiorun.com\/de\/produkt\/stance-light-crew\/\"]}]},{\"@type\":\"ImageObject\",\"inLanguage\":\"de-DE\",\"@id\":\"https:\/\/www.miomiorun.com\/de\/produkt\/stance-light-crew\/#primaryimage\",\"url\":\"https:\/\/www.miomiorun.com\/app\/uploads\/2020\/03\/Uncommon-solid-wool-crew-W.jpg\",\"contentUrl\":\"https:\/\/www.miomiorun.com\/app\/uploads\/2020\/03\/Uncommon-solid-wool-crew-W.jpg\",\"width\":600,\"height\":600,\"caption\":\"Uncommon-solid-wool-crew-W\"},{\"@type\":\"BreadcrumbList\",\"@id\":\"https:\/\/www.miomiorun.com\/de\/produkt\/stance-light-crew\/#breadcrumb\",\"itemListElement\":[{\"@type\":\"ListItem\",\"position\":1,\"name\":\"Home\",\"item\":\"https:\/\/www.miomiorun.com\/de\/\"},{\"@type\":\"ListItem\",\"position\":2,\"name\":\"Shop\",\"item\":\"https:\/\/www.miomiorun.com\/shop\/\"},{\"@type\":\"ListItem\",\"position\":3,\"name\":\"Light Crew\"}]},{\"@type\":\"WebSite\",\"@id\":\"https:\/\/www.miomiorun.com\/de\/#website\",\"url\":\"https:\/\/www.miomiorun.com\/de\/\",\"name\":\"MioMioRun\",\"description\":\"100% Lauf- und Trailshop\",\"publisher\":{\"@id\":\"https:\/\/www.miomiorun.com\/de\/#organization\"},\"potentialAction\":[{\"@type\":\"SearchAction\",\"target\":{\"@type\":\"EntryPoint\",\"urlTemplate\":\"https:\/\/www.miomiorun.com\/de\/?s={search_term_string}\"},\"query-input\":{\"@type\":\"PropertyValueSpecification\",\"valueRequired\":true,\"valueName\":\"search_term_string\"}}],\"inLanguage\":\"de-DE\"},{\"@type\":\"Organization\",\"@id\":\"https:\/\/www.miomiorun.com\/de\/#organization\",\"name\":\"MioMio Run\",\"url\":\"https:\/\/www.miomiorun.com\/de\/\",\"logo\":{\"@type\":\"ImageObject\",\"inLanguage\":\"de-DE\",\"@id\":\"https:\/\/www.miomiorun.com\/de\/#\/schema\/logo\/image\/\",\"url\":\"https:\/\/www.miomiorun.com\/app\/uploads\/2019\/12\/logomio.png\",\"contentUrl\":\"https:\/\/www.miomiorun.com\/app\/uploads\/2019\/12\/logomio.png\",\"width\":115,\"height\":82,\"caption\":\"MioMio Run\"},\"image\":{\"@id\":\"https:\/\/www.miomiorun.com\/de\/#\/schema\/logo\/image\/\"},\"sameAs\":[\"https:\/\/www.facebook.com\/miomiorun\/\",\"https:\/\/www.instagram.com\/miomiorun\/\"]}]}<\/script>\n<!-- \/ Yoast SEO plugin. -->","yoast_head_json":{"title":"Stance Light Crew - Laufsocken - MioMioRun.com","description":"Die Stance Light Crew Socken haben eine H\u00f6he von bis zu 20 cm \u00fcber dem Kn\u00f6chel und eine leichte Dicke. Sie sind eng anliegend und leicht, atmungsaktiv und weniger sperrig.","robots":{"index":"index","follow":"follow","max-snippet":"max-snippet:-1","max-image-preview":"max-image-preview:large","max-video-preview":"max-video-preview:-1"},"canonical":"https:\/\/www.miomiorun.com\/de\/produkt\/stance-light-crew\/","og_locale":"de_DE","og_type":"article","og_title":"Stance Light Crew - Laufsocken - MioMioRun.com","og_description":"Die Stance Light Crew Socken haben eine H\u00f6he von bis zu 20 cm \u00fcber dem Kn\u00f6chel und eine leichte Dicke. Sie sind eng anliegend und leicht, atmungsaktiv und weniger sperrig.","og_url":"https:\/\/www.miomiorun.com\/de\/produkt\/stance-light-crew\/","og_site_name":"MioMioRun","article_publisher":"https:\/\/www.facebook.com\/miomiorun\/","article_modified_time":"2022-07-25T16:44:38+00:00","og_image":[{"width":600,"height":600,"url":"https:\/\/www.miomiorun.com\/app\/uploads\/2020\/03\/Uncommon-solid-wool-crew-W.jpg","type":"image\/jpeg"}],"twitter_card":"summary_large_image","schema":{"@context":"https:\/\/schema.org","@graph":[{"@type":"WebPage","@id":"https:\/\/www.miomiorun.com\/de\/produkt\/stance-light-crew\/","url":"https:\/\/www.miomiorun.com\/de\/produkt\/stance-light-crew\/","name":"Stance Light Crew - Laufsocken - MioMioRun.com","isPartOf":{"@id":"https:\/\/www.miomiorun.com\/de\/#website"},"primaryImageOfPage":{"@id":"https:\/\/www.miomiorun.com\/de\/produkt\/stance-light-crew\/#primaryimage"},"image":{"@id":"https:\/\/www.miomiorun.com\/de\/produkt\/stance-light-crew\/#primaryimage"},"thumbnailUrl":"https:\/\/www.miomiorun.com\/app\/uploads\/2020\/03\/Uncommon-solid-wool-crew-W.jpg","datePublished":"2019-12-22T23:17:11+00:00","dateModified":"2022-07-25T16:44:38+00:00","description":"Die Stance Light Crew Socken haben eine H\u00f6he von bis zu 20 cm \u00fcber dem Kn\u00f6chel und eine leichte Dicke. Sie sind eng anliegend und leicht, atmungsaktiv und weniger sperrig.","breadcrumb":{"@id":"https:\/\/www.miomiorun.com\/de\/produkt\/stance-light-crew\/#breadcrumb"},"inLanguage":"de-DE","potentialAction":[{"@type":"ReadAction","target":["https:\/\/www.miomiorun.com\/de\/produkt\/stance-light-crew\/"]}]},{"@type":"ImageObject","inLanguage":"de-DE","@id":"https:\/\/www.miomiorun.com\/de\/produkt\/stance-light-crew\/#primaryimage","url":"https:\/\/www.miomiorun.com\/app\/uploads\/2020\/03\/Uncommon-solid-wool-crew-W.jpg","contentUrl":"https:\/\/www.miomiorun.com\/app\/uploads\/2020\/03\/Uncommon-solid-wool-crew-W.jpg","width":600,"height":600,"caption":"Uncommon-solid-wool-crew-W"},{"@type":"BreadcrumbList","@id":"https:\/\/www.miomiorun.com\/de\/produkt\/stance-light-crew\/#breadcrumb","itemListElement":[{"@type":"ListItem","position":1,"name":"Home","item":"https:\/\/www.miomiorun.com\/de\/"},{"@type":"ListItem","position":2,"name":"Shop","item":"https:\/\/www.miomiorun.com\/shop\/"},{"@type":"ListItem","position":3,"name":"Light Crew"}]},{"@type":"WebSite","@id":"https:\/\/www.miomiorun.com\/de\/#website","url":"https:\/\/www.miomiorun.com\/de\/","name":"MioMioRun","description":"100% Lauf- und Trailshop","publisher":{"@id":"https:\/\/www.miomiorun.com\/de\/#organization"},"potentialAction":[{"@type":"SearchAction","target":{"@type":"EntryPoint","urlTemplate":"https:\/\/www.miomiorun.com\/de\/?s={search_term_string}"},"query-input":{"@type":"PropertyValueSpecification","valueRequired":true,"valueName":"search_term_string"}}],"inLanguage":"de-DE"},{"@type":"Organization","@id":"https:\/\/www.miomiorun.com\/de\/#organization","name":"MioMio Run","url":"https:\/\/www.miomiorun.com\/de\/","logo":{"@type":"ImageObject","inLanguage":"de-DE","@id":"https:\/\/www.miomiorun.com\/de\/#\/schema\/logo\/image\/","url":"https:\/\/www.miomiorun.com\/app\/uploads\/2019\/12\/logomio.png","contentUrl":"https:\/\/www.miomiorun.com\/app\/uploads\/2019\/12\/logomio.png","width":115,"height":82,"caption":"MioMio Run"},"image":{"@id":"https:\/\/www.miomiorun.com\/de\/#\/schema\/logo\/image\/"},"sameAs":["https:\/\/www.facebook.com\/miomiorun\/","https:\/\/www.instagram.com\/miomiorun\/"]}]}},"_links":{"self":[{"href":"https:\/\/www.miomiorun.com\/de\/wp-json\/wp\/v2\/product\/79706","targetHints":{"allow":["GET"]}}],"collection":[{"href":"https:\/\/www.miomiorun.com\/de\/wp-json\/wp\/v2\/product"}],"about":[{"href":"https:\/\/www.miomiorun.com\/de\/wp-json\/wp\/v2\/types\/product"}],"wp:featuredmedia":[{"embeddable":true,"href":"https:\/\/www.miomiorun.com\/de\/wp-json\/wp\/v2\/media\/51592"}],"wp:attachment":[{"href":"https:\/\/www.miomiorun.com\/de\/wp-json\/wp\/v2\/media?parent=79706"}],"wp:term":[{"taxonomy":"product_brand","embeddable":true,"href":"https:\/\/www.miomiorun.com\/de\/wp-json\/wp\/v2\/product_brand?post=79706"},{"taxonomy":"product_cat","embeddable":true,"href":"https:\/\/www.miomiorun.com\/de\/wp-json\/wp\/v2\/product_cat?post=79706"},{"taxonomy":"product_tag","embeddable":true,"href":"https:\/\/www.miomiorun.com\/de\/wp-json\/wp\/v2\/product_tag?post=79706"}],"curies":[{"name":"wp","href":"https:\/\/api.w.org\/{rel}","templated":true}]}}