{"id":79445,"date":"2021-08-04T11:29:43","date_gmt":"2021-08-04T09:29:43","guid":{"rendered":"https:\/\/miomiorun.com\/prodotto\/brooks-uprise-crossback-donna\/"},"modified":"2025-04-08T19:38:14","modified_gmt":"2025-04-08T17:38:14","slug":"brooks-uprise-crossback-damen","status":"publish","type":"product","link":"https:\/\/www.miomiorun.com\/de\/produkt\/brooks-uprise-crossback-damen\/","title":{"rendered":"UpRise Crossback damen"},"content":{"rendered":"<p>Dieser stromlinienf\u00f6rmige und meisterhaft designte Brooks Uprise Crossback Sport-BH f\u00fcr Damen hat leichte, perforierte Cups, die maximale Form, Bel\u00fcftung und Bescheidenheit in einem speziell f\u00fcr A\/B-Cups entwickelten Modell bieten.\u00a0Crossback-Tr\u00e4ger aus Powermesh halten Sie k\u00fchl, w\u00e4hrend das DriLayer\u00ae Adapt-Unterband dieses Sport-BHs Feuchtigkeit ableitet und sich f\u00fcr eine perfekte Passform an Ihren K\u00f6rper anpasst.<\/p>\n<p><strong>Merkmale:<\/strong><\/p>\n<ul>\n<li>Die leichten, perforierten, gemoldeten Cups verbessern den Halt und sorgen f\u00fcr maximale Form und Bescheidenheit.<\/li>\n<li>Die gekreuzten Powermesh-R\u00fcckentrageriemen bieten maximale Bel\u00fcftung.<\/li>\n<li>DriLayer\u00ae Passt das untere Band an den K\u00f6rper an und sorgt so f\u00fcr eine individuelle Passform bei jedem Tragen.<\/li>\n<li>Verkapselung\/Komprimierung.<\/li>\n<\/ul>\n<p>&nbsp;<\/p>\n","protected":false},"excerpt":{"rendered":"<p>Dieser stromlinienf\u00f6rmige und meisterhaft designte Brooks Uprise Crossback Sport-BH f\u00fcr Damen hat leichte, perforierte Cups, die maximale Form, Bel\u00fcftung und Bescheidenheit in einem speziell f\u00fcr A\/B-Cups entwickelten Modell bieten.\u00a0Crossback-Tr\u00e4ger aus Powermesh halten Sie k\u00fchl, w\u00e4hrend das DriLayer\u00ae Adapt-Unterband dieses Sport-BHs Feuchtigkeit ableitet und sich f\u00fcr eine perfekte Passform an Ihren K\u00f6rper anpasst. Merkmale: Die leichten, &hellip; <a href=\"https:\/\/www.miomiorun.com\/de\/produkt\/brooks-uprise-crossback-damen\/\">Continued<\/a><\/p>\n","protected":false},"featured_media":57363,"template":"","meta":{"_acf_changed":false,"inline_featured_image":false},"product_brand":[],"product_cat":[6495,6494,6497],"product_tag":[3362,6205],"class_list":{"0":"post-79445","1":"product","2":"type-product","3":"status-publish","4":"has-post-thumbnail","6":"product_cat-sale-damen-de","7":"product_cat-sale-damen-bekleidung-de","8":"product_cat-sale-waesche-damen-de","9":"product_tag-brooks-de","10":"product_tag-brooks-damen-de","11":"pa_attivita-fitness-de","12":"pa_attivita-gehen","13":"pa_attivita-running-de","14":"pa_colore-uprise-crossback-bloom-scape-de","15":"pa_colore-uprise-crossback-poppycosmo-poppy-de","16":"pa_marca-brooks-de","17":"pa_sesso-damen","18":"pa_size-extra-small-de","19":"pa_size-small-de","21":"first","22":"instock","23":"sale","24":"taxable","25":"shipping-taxable","26":"purchasable","27":"product-type-variable","28":"wvs-archive-product-wrapper"},"acf":[],"yoast_head":"<!-- This site is optimized with the Yoast SEO plugin v26.8 - https:\/\/yoast.com\/product\/yoast-seo-wordpress\/ -->\n<title>Brooks UpRise Crossback damen - Sport-BH - MioMioRun<\/title>\n<meta name=\"description\" content=\"Dieser stromlinienf\u00f6rmige und meisterhaft designte Brooks Uprise Crossback Sport-BH f\u00fcr Damen hat leichte, perforierte Cups\" \/>\n<meta name=\"robots\" content=\"index, follow, max-snippet:-1, max-image-preview:large, max-video-preview:-1\" \/>\n<link rel=\"canonical\" href=\"https:\/\/www.miomiorun.com\/de\/produkt\/brooks-uprise-crossback-damen\/\" \/>\n<meta property=\"og:locale\" content=\"de_DE\" \/>\n<meta property=\"og:type\" content=\"article\" \/>\n<meta property=\"og:title\" content=\"Brooks UpRise Crossback damen - Sport-BH - MioMioRun\" \/>\n<meta property=\"og:description\" content=\"Dieser stromlinienf\u00f6rmige und meisterhaft designte Brooks Uprise Crossback Sport-BH f\u00fcr Damen hat leichte, perforierte Cups\" \/>\n<meta property=\"og:url\" content=\"https:\/\/www.miomiorun.com\/de\/produkt\/brooks-uprise-crossback-damen\/\" \/>\n<meta property=\"og:site_name\" content=\"MioMioRun\" \/>\n<meta property=\"article:publisher\" content=\"https:\/\/www.facebook.com\/miomiorun\/\" \/>\n<meta property=\"article:modified_time\" content=\"2025-04-08T17:38:14+00:00\" \/>\n<meta property=\"og:image\" content=\"https:\/\/www.miomiorun.com\/app\/uploads\/2021\/08\/brooks-UpRise-Crossback-300614-619.jpg\" \/>\n\t<meta property=\"og:image:width\" content=\"600\" \/>\n\t<meta property=\"og:image:height\" content=\"600\" \/>\n\t<meta property=\"og:image:type\" content=\"image\/jpeg\" \/>\n<meta name=\"twitter:card\" content=\"summary_large_image\" \/>\n<meta name=\"twitter:label1\" content=\"Est. reading time\" \/>\n\t<meta name=\"twitter:data1\" content=\"1 minute\" \/>\n<script type=\"application\/ld+json\" class=\"yoast-schema-graph\">{\"@context\":\"https:\/\/schema.org\",\"@graph\":[{\"@type\":\"WebPage\",\"@id\":\"https:\/\/www.miomiorun.com\/de\/produkt\/brooks-uprise-crossback-damen\/\",\"url\":\"https:\/\/www.miomiorun.com\/de\/produkt\/brooks-uprise-crossback-damen\/\",\"name\":\"Brooks UpRise Crossback damen - Sport-BH - MioMioRun\",\"isPartOf\":{\"@id\":\"https:\/\/www.miomiorun.com\/de\/#website\"},\"primaryImageOfPage\":{\"@id\":\"https:\/\/www.miomiorun.com\/de\/produkt\/brooks-uprise-crossback-damen\/#primaryimage\"},\"image\":{\"@id\":\"https:\/\/www.miomiorun.com\/de\/produkt\/brooks-uprise-crossback-damen\/#primaryimage\"},\"thumbnailUrl\":\"https:\/\/www.miomiorun.com\/app\/uploads\/2021\/08\/brooks-UpRise-Crossback-300614-619.jpg\",\"datePublished\":\"2021-08-04T09:29:43+00:00\",\"dateModified\":\"2025-04-08T17:38:14+00:00\",\"description\":\"Dieser stromlinienf\u00f6rmige und meisterhaft designte Brooks Uprise Crossback Sport-BH f\u00fcr Damen hat leichte, perforierte Cups\",\"breadcrumb\":{\"@id\":\"https:\/\/www.miomiorun.com\/de\/produkt\/brooks-uprise-crossback-damen\/#breadcrumb\"},\"inLanguage\":\"de-DE\",\"potentialAction\":[{\"@type\":\"ReadAction\",\"target\":[\"https:\/\/www.miomiorun.com\/de\/produkt\/brooks-uprise-crossback-damen\/\"]}]},{\"@type\":\"ImageObject\",\"inLanguage\":\"de-DE\",\"@id\":\"https:\/\/www.miomiorun.com\/de\/produkt\/brooks-uprise-crossback-damen\/#primaryimage\",\"url\":\"https:\/\/www.miomiorun.com\/app\/uploads\/2021\/08\/brooks-UpRise-Crossback-300614-619.jpg\",\"contentUrl\":\"https:\/\/www.miomiorun.com\/app\/uploads\/2021\/08\/brooks-UpRise-Crossback-300614-619.jpg\",\"width\":600,\"height\":600,\"caption\":\"brooks-UpRise-Crossback-300614-619\"},{\"@type\":\"BreadcrumbList\",\"@id\":\"https:\/\/www.miomiorun.com\/de\/produkt\/brooks-uprise-crossback-damen\/#breadcrumb\",\"itemListElement\":[{\"@type\":\"ListItem\",\"position\":1,\"name\":\"Home\",\"item\":\"https:\/\/www.miomiorun.com\/de\/\"},{\"@type\":\"ListItem\",\"position\":2,\"name\":\"Shop\",\"item\":\"https:\/\/www.miomiorun.com\/shop\/\"},{\"@type\":\"ListItem\",\"position\":3,\"name\":\"UpRise Crossback damen\"}]},{\"@type\":\"WebSite\",\"@id\":\"https:\/\/www.miomiorun.com\/de\/#website\",\"url\":\"https:\/\/www.miomiorun.com\/de\/\",\"name\":\"MioMioRun\",\"description\":\"100% Lauf- und Trailshop\",\"publisher\":{\"@id\":\"https:\/\/www.miomiorun.com\/de\/#organization\"},\"potentialAction\":[{\"@type\":\"SearchAction\",\"target\":{\"@type\":\"EntryPoint\",\"urlTemplate\":\"https:\/\/www.miomiorun.com\/de\/?s={search_term_string}\"},\"query-input\":{\"@type\":\"PropertyValueSpecification\",\"valueRequired\":true,\"valueName\":\"search_term_string\"}}],\"inLanguage\":\"de-DE\"},{\"@type\":\"Organization\",\"@id\":\"https:\/\/www.miomiorun.com\/de\/#organization\",\"name\":\"MioMio Run\",\"url\":\"https:\/\/www.miomiorun.com\/de\/\",\"logo\":{\"@type\":\"ImageObject\",\"inLanguage\":\"de-DE\",\"@id\":\"https:\/\/www.miomiorun.com\/de\/#\/schema\/logo\/image\/\",\"url\":\"https:\/\/www.miomiorun.com\/app\/uploads\/2019\/12\/logomio.png\",\"contentUrl\":\"https:\/\/www.miomiorun.com\/app\/uploads\/2019\/12\/logomio.png\",\"width\":115,\"height\":82,\"caption\":\"MioMio Run\"},\"image\":{\"@id\":\"https:\/\/www.miomiorun.com\/de\/#\/schema\/logo\/image\/\"},\"sameAs\":[\"https:\/\/www.facebook.com\/miomiorun\/\",\"https:\/\/www.instagram.com\/miomiorun\/\"]}]}<\/script>\n<!-- \/ Yoast SEO plugin. -->","yoast_head_json":{"title":"Brooks UpRise Crossback damen - Sport-BH - MioMioRun","description":"Dieser stromlinienf\u00f6rmige und meisterhaft designte Brooks Uprise Crossback Sport-BH f\u00fcr Damen hat leichte, perforierte Cups","robots":{"index":"index","follow":"follow","max-snippet":"max-snippet:-1","max-image-preview":"max-image-preview:large","max-video-preview":"max-video-preview:-1"},"canonical":"https:\/\/www.miomiorun.com\/de\/produkt\/brooks-uprise-crossback-damen\/","og_locale":"de_DE","og_type":"article","og_title":"Brooks UpRise Crossback damen - Sport-BH - MioMioRun","og_description":"Dieser stromlinienf\u00f6rmige und meisterhaft designte Brooks Uprise Crossback Sport-BH f\u00fcr Damen hat leichte, perforierte Cups","og_url":"https:\/\/www.miomiorun.com\/de\/produkt\/brooks-uprise-crossback-damen\/","og_site_name":"MioMioRun","article_publisher":"https:\/\/www.facebook.com\/miomiorun\/","article_modified_time":"2025-04-08T17:38:14+00:00","og_image":[{"width":600,"height":600,"url":"https:\/\/www.miomiorun.com\/app\/uploads\/2021\/08\/brooks-UpRise-Crossback-300614-619.jpg","type":"image\/jpeg"}],"twitter_card":"summary_large_image","twitter_misc":{"Est. reading time":"1 minute"},"schema":{"@context":"https:\/\/schema.org","@graph":[{"@type":"WebPage","@id":"https:\/\/www.miomiorun.com\/de\/produkt\/brooks-uprise-crossback-damen\/","url":"https:\/\/www.miomiorun.com\/de\/produkt\/brooks-uprise-crossback-damen\/","name":"Brooks UpRise Crossback damen - Sport-BH - MioMioRun","isPartOf":{"@id":"https:\/\/www.miomiorun.com\/de\/#website"},"primaryImageOfPage":{"@id":"https:\/\/www.miomiorun.com\/de\/produkt\/brooks-uprise-crossback-damen\/#primaryimage"},"image":{"@id":"https:\/\/www.miomiorun.com\/de\/produkt\/brooks-uprise-crossback-damen\/#primaryimage"},"thumbnailUrl":"https:\/\/www.miomiorun.com\/app\/uploads\/2021\/08\/brooks-UpRise-Crossback-300614-619.jpg","datePublished":"2021-08-04T09:29:43+00:00","dateModified":"2025-04-08T17:38:14+00:00","description":"Dieser stromlinienf\u00f6rmige und meisterhaft designte Brooks Uprise Crossback Sport-BH f\u00fcr Damen hat leichte, perforierte Cups","breadcrumb":{"@id":"https:\/\/www.miomiorun.com\/de\/produkt\/brooks-uprise-crossback-damen\/#breadcrumb"},"inLanguage":"de-DE","potentialAction":[{"@type":"ReadAction","target":["https:\/\/www.miomiorun.com\/de\/produkt\/brooks-uprise-crossback-damen\/"]}]},{"@type":"ImageObject","inLanguage":"de-DE","@id":"https:\/\/www.miomiorun.com\/de\/produkt\/brooks-uprise-crossback-damen\/#primaryimage","url":"https:\/\/www.miomiorun.com\/app\/uploads\/2021\/08\/brooks-UpRise-Crossback-300614-619.jpg","contentUrl":"https:\/\/www.miomiorun.com\/app\/uploads\/2021\/08\/brooks-UpRise-Crossback-300614-619.jpg","width":600,"height":600,"caption":"brooks-UpRise-Crossback-300614-619"},{"@type":"BreadcrumbList","@id":"https:\/\/www.miomiorun.com\/de\/produkt\/brooks-uprise-crossback-damen\/#breadcrumb","itemListElement":[{"@type":"ListItem","position":1,"name":"Home","item":"https:\/\/www.miomiorun.com\/de\/"},{"@type":"ListItem","position":2,"name":"Shop","item":"https:\/\/www.miomiorun.com\/shop\/"},{"@type":"ListItem","position":3,"name":"UpRise Crossback damen"}]},{"@type":"WebSite","@id":"https:\/\/www.miomiorun.com\/de\/#website","url":"https:\/\/www.miomiorun.com\/de\/","name":"MioMioRun","description":"100% Lauf- und Trailshop","publisher":{"@id":"https:\/\/www.miomiorun.com\/de\/#organization"},"potentialAction":[{"@type":"SearchAction","target":{"@type":"EntryPoint","urlTemplate":"https:\/\/www.miomiorun.com\/de\/?s={search_term_string}"},"query-input":{"@type":"PropertyValueSpecification","valueRequired":true,"valueName":"search_term_string"}}],"inLanguage":"de-DE"},{"@type":"Organization","@id":"https:\/\/www.miomiorun.com\/de\/#organization","name":"MioMio Run","url":"https:\/\/www.miomiorun.com\/de\/","logo":{"@type":"ImageObject","inLanguage":"de-DE","@id":"https:\/\/www.miomiorun.com\/de\/#\/schema\/logo\/image\/","url":"https:\/\/www.miomiorun.com\/app\/uploads\/2019\/12\/logomio.png","contentUrl":"https:\/\/www.miomiorun.com\/app\/uploads\/2019\/12\/logomio.png","width":115,"height":82,"caption":"MioMio Run"},"image":{"@id":"https:\/\/www.miomiorun.com\/de\/#\/schema\/logo\/image\/"},"sameAs":["https:\/\/www.facebook.com\/miomiorun\/","https:\/\/www.instagram.com\/miomiorun\/"]}]}},"_links":{"self":[{"href":"https:\/\/www.miomiorun.com\/de\/wp-json\/wp\/v2\/product\/79445","targetHints":{"allow":["GET"]}}],"collection":[{"href":"https:\/\/www.miomiorun.com\/de\/wp-json\/wp\/v2\/product"}],"about":[{"href":"https:\/\/www.miomiorun.com\/de\/wp-json\/wp\/v2\/types\/product"}],"wp:featuredmedia":[{"embeddable":true,"href":"https:\/\/www.miomiorun.com\/de\/wp-json\/wp\/v2\/media\/57363"}],"wp:attachment":[{"href":"https:\/\/www.miomiorun.com\/de\/wp-json\/wp\/v2\/media?parent=79445"}],"wp:term":[{"taxonomy":"product_brand","embeddable":true,"href":"https:\/\/www.miomiorun.com\/de\/wp-json\/wp\/v2\/product_brand?post=79445"},{"taxonomy":"product_cat","embeddable":true,"href":"https:\/\/www.miomiorun.com\/de\/wp-json\/wp\/v2\/product_cat?post=79445"},{"taxonomy":"product_tag","embeddable":true,"href":"https:\/\/www.miomiorun.com\/de\/wp-json\/wp\/v2\/product_tag?post=79445"}],"curies":[{"name":"wp","href":"https:\/\/api.w.org\/{rel}","templated":true}]}}