{"id":79330,"date":"2022-07-15T17:54:22","date_gmt":"2022-07-15T15:54:22","guid":{"rendered":"https:\/\/miomiorun.com\/prodotto\/edge-explore-2\/"},"modified":"2026-05-08T21:32:48","modified_gmt":"2026-05-08T19:32:48","slug":"edge-explore-2","status":"publish","type":"product","link":"https:\/\/www.miomiorun.com\/de\/produkt\/edge-explore-2\/","title":{"rendered":"Edge Explore 2"},"content":{"rendered":"<p><div class=\"vc-row container\"><div class=\"vc-column\"><div class=\"vc-column-text\"><\/p>\n<h2 style=\"text-align: center;\">DIE WELT WARTET AUF DICH<\/h2>\n<p>Wenn Sie einen zuverl\u00e4ssigen und einfach zu bedienenden GPS-Fahrradcomputer ben\u00f6tigen, ist der Edge Explore 2 genau das Richtige f\u00fcr Sie. Fahren Sie also los und entdecken Sie neue Routen &#8211; der Edge ist an Ihrer Seite.<\/div><\/div><\/div><div class=\"vc-row container\"><div class=\"vc-column\"><div style=\"height:32px\" class=\"vc-empty-space\"><\/div><\/div><\/div><div class=\"vc-row container\"><div class=\"vc-column\"><\/div><\/div><div class=\"vc-row container\"><div class=\"vc-column\"><div style=\"height:32px\" class=\"vc-empty-space\"><\/div><\/div><\/div><div class=\"vc-row container\"><div class=\"vc-column\"><div class=\"vc-column-text\"><img decoding=\"async\" class=\"app__feature__card__image aligncenter\" src=\"https:\/\/static.garmincdn.com\/gdc\/Product_Pages\/ICONS\/Garmin_Cycle_Map.svg\" alt=\"\" \/><\/p>\n<h3><\/h3>\n<p style=\"text-align: center;\">Erkunden: Edge bringt Sie mit der fahrradspezifischen Navigation immer nach Hause.<\/p>\n<p><\/div><\/div><div class=\"vc-column\"><div class=\"vc-column-text\"><\/p>\n<p style=\"text-align: center;\"><img decoding=\"async\" class=\"app__feature__card__image\" src=\"https:\/\/static.garmincdn.com\/gdc\/Product_Pages\/ICONS\/Battery_Life.svg\" alt=\"\" \/><\/p>\n<p>Sie m\u00fcssen Ihr Telefon nicht mehr benutzen, wenn Ihnen der Akku ausgeht, um zu navigieren. Der Edge hat eine Akkulaufzeit von bis zu 16 Stunden bei intensiver Nutzung und bis zu 24 Stunden im Energiesparmodus.<\/div><\/div><div class=\"vc-column\"><div class=\"vc-column-text\"><\/p>\n<p style=\"text-align: center;\"><img decoding=\"async\" class=\"app__feature__card__image\" src=\"https:\/\/static.garmincdn.com\/gdc\/Product_Pages\/ICONS\/Courses.svg\" alt=\"\" \/><br \/>\nErstellen Sie Routen \u00fcber die Garmin Connect\u2122-App, Strava, Komoot, Wikiloc und andere und synchronisieren Sie sie im Handumdrehen mit dem Edge.<\/p>\n<p><\/div><\/div><div class=\"vc-column\"><div class=\"vc-column-text\"><\/p>\n<p style=\"text-align: center;\"><img decoding=\"async\" class=\"app__feature__card__image\" src=\"https:\/\/static.garmincdn.com\/gdc\/Product_Pages\/ICONS\/Bike-Transfer.svg\" alt=\"\" \/><br \/>\nIn die Pedale treten mit Ihrem kompatiblen eBike? Verlassen Sie sich auf Edge. Erhalten Sie eBike-Routen basierend auf Akkustatus, Unterst\u00fctzungsstufe und Reichweite.<\/p>\n<p><\/div><\/div><div class=\"vc-column\"><div class=\"vc-column-text\"><\/p>\n<p style=\"text-align: center;\"><img decoding=\"async\" class=\"app__feature__card__image\" src=\"https:\/\/static.garmincdn.com\/gdc\/Product_Pages\/ICONS\/Cycling-Awareness.svg\" alt=\"\" \/><br \/>\nBleiben Sie wachsam und auf dem Laufenden mit der Ereigniserkennung1 und der Kompatibilit\u00e4t mit dem Varia\u2122-Radar.<\/p>\n<p><\/div><\/div><\/div><div class=\"vc-row container\"><div class=\"vc-column\"><div style=\"height:32px\" class=\"vc-empty-space\"><\/div><\/div><\/div><div class=\"vc-row container\"><div class=\"vc-column\"><div class=\"vc-column-text\"><\/p>\n<h3 style=\"text-align: center;\">AKTIVIT\u00c4TSPROFILE<\/h3>\n<p style=\"text-align: center;\">Mit vorinstallierten Profilen f\u00fcr Aktivit\u00e4ten auf der Stra\u00dfe, im Gel\u00e4nde und in Innenr\u00e4umen l\u00e4sst sich der Edge Explore 2 einfach einrichten und ist sofort einsatzbereit.<\/p>\n<p><\/div><\/div><div class=\"vc-column\"><div class=\"vc-column-text\"><\/p>\n<h3 style=\"text-align: center;\">FAHRRADSPEZIFISCHE KARTEN<\/h3>\n<p style=\"text-align: center;\">Fahren Sie wie ein ortsans\u00e4ssiger Radfahrer mit jedem Fahrradtyp dank der verbesserten Karten, die beliebte Stra\u00dfen und Wege, stark befahrene Gebiete, die man meiden sollte, und durchsuchbare Sehensw\u00fcrdigkeiten hervorheben.<\/p>\n<p><\/div><\/div><div class=\"vc-column\"><div class=\"vc-column-text\"><\/p>\n<h3 style=\"text-align: center;\">Abbiegehinweise mit Aussprache der Stra\u00dfennamen<\/h3>\n<p>Finden Sie Ihren Weg mit detaillierten Abbiegehinweisen und Warnungen.<\/div><\/div><div class=\"vc-column\"><div class=\"vc-column-text\"><\/p>\n<h3 style=\"text-align: center;\">NEUBERECHNUNG AUSSERHALB DER ROUTE<\/h3>\n<p style=\"text-align: center;\">Verlassen Sie den Pfad und erkunden Sie neue Gebiete: Benachrichtigungen \u00fcber gef\u00fchrte Routen und Abweichungen von der Route k\u00f6nnen einfach unterbrochen werden. Und sobald Sie die Route wieder aufnehmen m\u00f6chten, zeigt Ihnen der Edge Explore 2, wie das geht.<\/p>\n<p><\/div><\/div><div class=\"vc-column\"><div class=\"vc-column-text\"><\/p>\n<h3 style=\"text-align: center;\">CLIMBPRO-FUNKTION<\/h3>\n<p style=\"text-align: center;\">Zeigt automatisch die verbleibende Steigung und das Gef\u00e4lle beim Klettern einer Route an. So k\u00f6nnen Sie den Aufwand und die Zeit messen, die Sie ben\u00f6tigen, um den Gipfel zu erreichen. Sie k\u00f6nnen Ihre Anstiege auch f\u00fcr die Datenanalyse nach der Fahrt auf dem Ger\u00e4t oder in der Garmin Connect-App speichern.<\/p>\n<p><\/div><\/div><div class=\"vc-column\"><div class=\"vc-column-text\"><\/p>\n<h3 style=\"text-align: center;\">KOMPATIBILIT\u00c4T VON E-BIKES<\/h3>\n<p style=\"text-align: center;\">Wenn Sie ein eBike haben, das mit der Shimano Steps- oder ANT+\u00ae-Technologie kompatibel ist, k\u00f6nnen Sie einen speziellen eBike-Statusbildschirm mit Datenfeldern, einschlie\u00dflich Akkulaufzeit und mehr, anzeigen. Dar\u00fcber hinaus k\u00f6nnen Sie intelligente Routen- und Reichweitenwarnungen erhalten, die auf dem Batteriestatus, der Unterst\u00fctzungsstufe und der geplanten Route basieren.<\/p>\n<p><\/div><\/div><\/div><div class=\"vc-row container\"><div class=\"vc-column\"><div style=\"height:32px\" class=\"vc-empty-space\"><\/div><\/div><\/div><div class=\"vc-row container\"><div class=\"vc-column\"><div class=\"vc-column-text\"><\/p>\n<h3 style=\"text-align: center;\">EDGE\u00ae ANGETRIEBENE HALTERUNG<\/h3>\n<p style=\"text-align: center;\">Mit der im Lieferumfang enthaltenen Edge-Stromversorgung (bei den Versionen mit Halterung) k\u00f6nnen Sie Ihren Edge GPS-Fahrradcomputer st\u00e4ndig mit Strom versorgen, sodass Sie jede eBike-Fahrt von Anfang bis Ende aufzeichnen k\u00f6nnen. eBikes ben\u00f6tigen ein separates n2-Kabel.<\/p>\n<p><\/div><\/div><div class=\"vc-column\"><div class=\"vc-column-text\"><\/p>\n<h3 style=\"text-align: center;\">Varia-Kompatibilit\u00e4t<\/h3>\n<p style=\"text-align: center;\">Kombinieren Sie den Edge Explore 2 GPS-Fahrradcomputer mit Ihrem R\u00fcckfahrradar und den Varia-Lichtern, damit Sie m\u00fchelos sehen und gesehen werden k\u00f6nnen.<\/p>\n<p><\/div><\/div><div class=\"vc-column\"><div class=\"vc-column-text\"><\/p>\n<h3 style=\"text-align: center;\">Erkennung von Vorf\u00e4llen<\/h3>\n<p style=\"text-align: center;\">Dieses Edge-Ger\u00e4t sendet automatisch eine Nachricht mit Ihrem Standort an vorinstallierte Notfallkontakte, wenn es einen Unfall erkennt.<\/p>\n<p><\/div><\/div><div class=\"vc-column\"><div class=\"vc-column-text\"><\/p>\n<h3 style=\"text-align: center;\">FAHRRAD-ALARM<\/h3>\n<p style=\"text-align: center;\">Der PIN-gesch\u00fctzte Fahrradalarm sendet eine Benachrichtigung direkt an Ihr zugeh\u00f6riges Smartphone, wenn das Fahrrad bewegt wird, w\u00e4hrend Sie zu Hause sind und trinken oder eine Pause machen.<\/p>\n<p><\/div><\/div><div class=\"vc-column\"><div class=\"vc-column-text\"><\/p>\n<h3 style=\"text-align: center;\">KOMPATIBILIT\u00c4T MIT SMART-TRAINERN<\/h3>\n<p style=\"text-align: center;\">Koppeln Sie den Edge\u00ae Explore 2 mit Ihrem Tacx\u00ae Roller, um zu trainieren, wann und wo Sie wollen.<\/p>\n<p><\/div><\/div><div class=\"vc-column\"><div class=\"vc-column-text\"><\/p>\n<h3 style=\"text-align: center;\">AUTOMATISCHE KONFIGURATION<\/h3>\n<p style=\"text-align: center;\">Sie sind in wenigen Minuten einsatzbereit, ohne Zeit mit der Konfiguration von Einstellungen zu verschwenden. Sie erhalten ma\u00dfgeschneiderte und vorausgef\u00fcllte Benutzerprofile, die auf dem von Ihnen gew\u00e4hlten Ausgangstyp und den Sensoren basieren. Sie k\u00f6nnen Ihre Profile direkt von Ihrem verbundenen Ger\u00e4t oder Smartphone aus verwalten.<\/p>\n<p><\/div><\/div><\/div><div class=\"vc-row container\"><div class=\"vc-column\"><div style=\"height:32px\" class=\"vc-empty-space\"><\/div><\/div><\/div><div class=\"vc-row container\"><div class=\"vc-column\"><div class=\"vc-column-text\"><\/p>\n<h3 style=\"text-align: center;\">GROUPTRACK-FUNKTION<\/h3>\n<p style=\"text-align: center;\">Nachdem Sie Ihr Smartphone gekoppelt haben, k\u00f6nnen Sie Ihre Fahrradkameraden im Auge behalten, auch wenn sie nicht mehr sichtbar sind, und sich von ihnen verfolgen lassen. GroupTrack steht Radfahrern mit kompatiblen Garmin-Ger\u00e4ten zur Verf\u00fcgung und kann bis zu 50 Freunde gleichzeitig verfolgen. Schauen Sie einfach auf den Bildschirm, um Aktualisierungen zu sehen.<\/p>\n<p><\/div><\/div><div class=\"vc-column\"><div class=\"vc-column-text\"><\/p>\n<h3 style=\"text-align: center;\">GRUPPENNACHRICHTEN<\/h3>\n<p style=\"text-align: center;\">Koppeln Sie es mit Ihrem Smartphone und bleiben Sie mit Ihren Freunden in Kontakt, wenn Sie von der Gruppe getrennt werden. Gruppennachrichten sind f\u00fcr Radfahrer verf\u00fcgbar, die kompatible Garmin-Ger\u00e4te verwenden, und nur Radfahrer, die solche Ger\u00e4te verwenden, k\u00f6nnen die Nachrichten empfangen.<\/p>\n<p><\/div><\/div><div class=\"vc-column\"><div class=\"vc-column-text\"><\/p>\n<h3 style=\"text-align: center;\">Intelligente Benachrichtigung<\/h3>\n<p style=\"text-align: center;\">Empfangen Sie Textnachrichten und Benachrichtigungen direkt auf Ihrem Edge-Ger\u00e4t, wenn es mit einem kompatiblen Smartphone gekoppelt ist.<\/p>\n<p><\/div><\/div><div class=\"vc-column\"><div class=\"vc-column-text\"><\/p>\n<h3 style=\"text-align: center;\">GARMIN CONNECT<\/h3>\n<p style=\"text-align: center;\">Die Garmin Connect App ist das Zentrum einer gro\u00dfen Online-Community, in der sich Menschen miteinander verbinden und messen und ihre Ergebnisse sogar \u00fcber soziale Medien teilen k\u00f6nnen.<\/p>\n<p>.<\/div><\/div><div class=\"vc-column\"><div class=\"vc-column-text\"><\/p>\n<h3 style=\"text-align: center;\"><strong>IQ\u2122 SPEICHER VERBINDEN<\/strong><\/h3>\n<p style=\"text-align: center;\">Laden Sie benutzerdefinierte Datenfelder, Apps und Widgets von unserer Connect IQ Store-App herunter, die auf Ihrem kompatiblen Smartphone installiert ist.<\/p>\n<p><\/div><\/div><\/div><\/p>\n","protected":false},"excerpt":{"rendered":"<p>Der Edge Explore 2 ist ein einfach zu bedienender und zuverl\u00e4ssiger Fahrradcomputer f\u00fcr alle, die ein Ger\u00e4t suchen, das sie sowohl auf der Stra\u00dfe als auch im Gel\u00e4nde begleitet. Es ist au\u00dferdem das Garmin-Ger\u00e4t mit der gr\u00f6\u00dften E-Bike-Kompatibilit\u00e4t aller Zeiten.<\/p>\n","protected":false},"featured_media":78715,"template":"","meta":{"_acf_changed":false,"inline_featured_image":false},"product_brand":[],"product_cat":[3344,6348],"product_tag":[3346],"class_list":{"0":"post-79330","1":"product","2":"type-product","3":"status-publish","4":"has-post-thumbnail","6":"product_cat-garmin-de","7":"product_cat-radfahren-de","8":"product_tag-garmin-de","9":"pa_marca-garmin-de","10":"pa_modello-standard-de","11":"pa_sesso-damen","12":"pa_sesso-herren","14":"first","15":"instock","16":"sale","17":"taxable","18":"shipping-taxable","19":"purchasable","20":"product-type-variable","21":"wvs-archive-product-wrapper"},"acf":[],"yoast_head":"<!-- This site is optimized with the Yoast SEO plugin v26.8 - https:\/\/yoast.com\/product\/yoast-seo-wordpress\/ -->\n<title>Garmin Edge Explore 2 - Garmin Fahrradcomputer MioMioRun.com<\/title>\n<meta name=\"description\" content=\"Wenn Sie einen zuverl\u00e4ssigen und einfach zu bedienenden GPS-Fahrradcomputer ben\u00f6tigen, ist der Edge Explore 2 genau das Richtige f\u00fcr Sie.\" \/>\n<meta name=\"robots\" content=\"index, follow, max-snippet:-1, max-image-preview:large, max-video-preview:-1\" \/>\n<link rel=\"canonical\" href=\"https:\/\/www.miomiorun.com\/de\/produkt\/edge-explore-2\/\" \/>\n<meta property=\"og:locale\" content=\"de_DE\" \/>\n<meta property=\"og:type\" content=\"article\" \/>\n<meta property=\"og:title\" content=\"Garmin Edge Explore 2 - Garmin Fahrradcomputer MioMioRun.com\" \/>\n<meta property=\"og:description\" content=\"Wenn Sie einen zuverl\u00e4ssigen und einfach zu bedienenden GPS-Fahrradcomputer ben\u00f6tigen, ist der Edge Explore 2 genau das Richtige f\u00fcr Sie.\" \/>\n<meta property=\"og:url\" content=\"https:\/\/www.miomiorun.com\/de\/produkt\/edge-explore-2\/\" \/>\n<meta property=\"og:site_name\" content=\"MioMioRun\" \/>\n<meta property=\"article:publisher\" content=\"https:\/\/www.facebook.com\/miomiorun\/\" \/>\n<meta property=\"article:modified_time\" content=\"2026-05-08T19:32:48+00:00\" \/>\n<meta property=\"og:image\" content=\"https:\/\/www.miomiorun.com\/app\/uploads\/2022\/07\/garmin-edge-explore-2-010-02703-10.jpg\" \/>\n\t<meta property=\"og:image:width\" content=\"600\" \/>\n\t<meta property=\"og:image:height\" content=\"600\" \/>\n\t<meta property=\"og:image:type\" content=\"image\/jpeg\" \/>\n<meta name=\"twitter:card\" content=\"summary_large_image\" \/>\n<meta name=\"twitter:label1\" content=\"Est. reading time\" \/>\n\t<meta name=\"twitter:data1\" content=\"6 minutes\" \/>\n<script type=\"application\/ld+json\" class=\"yoast-schema-graph\">{\"@context\":\"https:\/\/schema.org\",\"@graph\":[{\"@type\":\"WebPage\",\"@id\":\"https:\/\/www.miomiorun.com\/de\/produkt\/edge-explore-2\/\",\"url\":\"https:\/\/www.miomiorun.com\/de\/produkt\/edge-explore-2\/\",\"name\":\"Garmin Edge Explore 2 - Garmin Fahrradcomputer MioMioRun.com\",\"isPartOf\":{\"@id\":\"https:\/\/www.miomiorun.com\/de\/#website\"},\"primaryImageOfPage\":{\"@id\":\"https:\/\/www.miomiorun.com\/de\/produkt\/edge-explore-2\/#primaryimage\"},\"image\":{\"@id\":\"https:\/\/www.miomiorun.com\/de\/produkt\/edge-explore-2\/#primaryimage\"},\"thumbnailUrl\":\"https:\/\/www.miomiorun.com\/app\/uploads\/2022\/07\/garmin-edge-explore-2-010-02703-10.jpg\",\"datePublished\":\"2022-07-15T15:54:22+00:00\",\"dateModified\":\"2026-05-08T19:32:48+00:00\",\"description\":\"Wenn Sie einen zuverl\u00e4ssigen und einfach zu bedienenden GPS-Fahrradcomputer ben\u00f6tigen, ist der Edge Explore 2 genau das Richtige f\u00fcr Sie.\",\"breadcrumb\":{\"@id\":\"https:\/\/www.miomiorun.com\/de\/produkt\/edge-explore-2\/#breadcrumb\"},\"inLanguage\":\"de-DE\",\"potentialAction\":[{\"@type\":\"ReadAction\",\"target\":[\"https:\/\/www.miomiorun.com\/de\/produkt\/edge-explore-2\/\"]}]},{\"@type\":\"ImageObject\",\"inLanguage\":\"de-DE\",\"@id\":\"https:\/\/www.miomiorun.com\/de\/produkt\/edge-explore-2\/#primaryimage\",\"url\":\"https:\/\/www.miomiorun.com\/app\/uploads\/2022\/07\/garmin-edge-explore-2-010-02703-10.jpg\",\"contentUrl\":\"https:\/\/www.miomiorun.com\/app\/uploads\/2022\/07\/garmin-edge-explore-2-010-02703-10.jpg\",\"width\":600,\"height\":600,\"caption\":\"garmin-edge-explore-2-010-02703-10\"},{\"@type\":\"BreadcrumbList\",\"@id\":\"https:\/\/www.miomiorun.com\/de\/produkt\/edge-explore-2\/#breadcrumb\",\"itemListElement\":[{\"@type\":\"ListItem\",\"position\":1,\"name\":\"Home\",\"item\":\"https:\/\/www.miomiorun.com\/de\/\"},{\"@type\":\"ListItem\",\"position\":2,\"name\":\"Shop\",\"item\":\"https:\/\/www.miomiorun.com\/shop\/\"},{\"@type\":\"ListItem\",\"position\":3,\"name\":\"Edge Explore 2\"}]},{\"@type\":\"WebSite\",\"@id\":\"https:\/\/www.miomiorun.com\/de\/#website\",\"url\":\"https:\/\/www.miomiorun.com\/de\/\",\"name\":\"MioMioRun\",\"description\":\"100% Lauf- und Trailshop\",\"publisher\":{\"@id\":\"https:\/\/www.miomiorun.com\/de\/#organization\"},\"potentialAction\":[{\"@type\":\"SearchAction\",\"target\":{\"@type\":\"EntryPoint\",\"urlTemplate\":\"https:\/\/www.miomiorun.com\/de\/?s={search_term_string}\"},\"query-input\":{\"@type\":\"PropertyValueSpecification\",\"valueRequired\":true,\"valueName\":\"search_term_string\"}}],\"inLanguage\":\"de-DE\"},{\"@type\":\"Organization\",\"@id\":\"https:\/\/www.miomiorun.com\/de\/#organization\",\"name\":\"MioMio Run\",\"url\":\"https:\/\/www.miomiorun.com\/de\/\",\"logo\":{\"@type\":\"ImageObject\",\"inLanguage\":\"de-DE\",\"@id\":\"https:\/\/www.miomiorun.com\/de\/#\/schema\/logo\/image\/\",\"url\":\"https:\/\/www.miomiorun.com\/app\/uploads\/2019\/12\/logomio.png\",\"contentUrl\":\"https:\/\/www.miomiorun.com\/app\/uploads\/2019\/12\/logomio.png\",\"width\":115,\"height\":82,\"caption\":\"MioMio Run\"},\"image\":{\"@id\":\"https:\/\/www.miomiorun.com\/de\/#\/schema\/logo\/image\/\"},\"sameAs\":[\"https:\/\/www.facebook.com\/miomiorun\/\",\"https:\/\/www.instagram.com\/miomiorun\/\"]}]}<\/script>\n<!-- \/ Yoast SEO plugin. -->","yoast_head_json":{"title":"Garmin Edge Explore 2 - Garmin Fahrradcomputer MioMioRun.com","description":"Wenn Sie einen zuverl\u00e4ssigen und einfach zu bedienenden GPS-Fahrradcomputer ben\u00f6tigen, ist der Edge Explore 2 genau das Richtige f\u00fcr Sie.","robots":{"index":"index","follow":"follow","max-snippet":"max-snippet:-1","max-image-preview":"max-image-preview:large","max-video-preview":"max-video-preview:-1"},"canonical":"https:\/\/www.miomiorun.com\/de\/produkt\/edge-explore-2\/","og_locale":"de_DE","og_type":"article","og_title":"Garmin Edge Explore 2 - Garmin Fahrradcomputer MioMioRun.com","og_description":"Wenn Sie einen zuverl\u00e4ssigen und einfach zu bedienenden GPS-Fahrradcomputer ben\u00f6tigen, ist der Edge Explore 2 genau das Richtige f\u00fcr Sie.","og_url":"https:\/\/www.miomiorun.com\/de\/produkt\/edge-explore-2\/","og_site_name":"MioMioRun","article_publisher":"https:\/\/www.facebook.com\/miomiorun\/","article_modified_time":"2026-05-08T19:32:48+00:00","og_image":[{"width":600,"height":600,"url":"https:\/\/www.miomiorun.com\/app\/uploads\/2022\/07\/garmin-edge-explore-2-010-02703-10.jpg","type":"image\/jpeg"}],"twitter_card":"summary_large_image","twitter_misc":{"Est. reading time":"6 minutes"},"schema":{"@context":"https:\/\/schema.org","@graph":[{"@type":"WebPage","@id":"https:\/\/www.miomiorun.com\/de\/produkt\/edge-explore-2\/","url":"https:\/\/www.miomiorun.com\/de\/produkt\/edge-explore-2\/","name":"Garmin Edge Explore 2 - Garmin Fahrradcomputer MioMioRun.com","isPartOf":{"@id":"https:\/\/www.miomiorun.com\/de\/#website"},"primaryImageOfPage":{"@id":"https:\/\/www.miomiorun.com\/de\/produkt\/edge-explore-2\/#primaryimage"},"image":{"@id":"https:\/\/www.miomiorun.com\/de\/produkt\/edge-explore-2\/#primaryimage"},"thumbnailUrl":"https:\/\/www.miomiorun.com\/app\/uploads\/2022\/07\/garmin-edge-explore-2-010-02703-10.jpg","datePublished":"2022-07-15T15:54:22+00:00","dateModified":"2026-05-08T19:32:48+00:00","description":"Wenn Sie einen zuverl\u00e4ssigen und einfach zu bedienenden GPS-Fahrradcomputer ben\u00f6tigen, ist der Edge Explore 2 genau das Richtige f\u00fcr Sie.","breadcrumb":{"@id":"https:\/\/www.miomiorun.com\/de\/produkt\/edge-explore-2\/#breadcrumb"},"inLanguage":"de-DE","potentialAction":[{"@type":"ReadAction","target":["https:\/\/www.miomiorun.com\/de\/produkt\/edge-explore-2\/"]}]},{"@type":"ImageObject","inLanguage":"de-DE","@id":"https:\/\/www.miomiorun.com\/de\/produkt\/edge-explore-2\/#primaryimage","url":"https:\/\/www.miomiorun.com\/app\/uploads\/2022\/07\/garmin-edge-explore-2-010-02703-10.jpg","contentUrl":"https:\/\/www.miomiorun.com\/app\/uploads\/2022\/07\/garmin-edge-explore-2-010-02703-10.jpg","width":600,"height":600,"caption":"garmin-edge-explore-2-010-02703-10"},{"@type":"BreadcrumbList","@id":"https:\/\/www.miomiorun.com\/de\/produkt\/edge-explore-2\/#breadcrumb","itemListElement":[{"@type":"ListItem","position":1,"name":"Home","item":"https:\/\/www.miomiorun.com\/de\/"},{"@type":"ListItem","position":2,"name":"Shop","item":"https:\/\/www.miomiorun.com\/shop\/"},{"@type":"ListItem","position":3,"name":"Edge Explore 2"}]},{"@type":"WebSite","@id":"https:\/\/www.miomiorun.com\/de\/#website","url":"https:\/\/www.miomiorun.com\/de\/","name":"MioMioRun","description":"100% Lauf- und Trailshop","publisher":{"@id":"https:\/\/www.miomiorun.com\/de\/#organization"},"potentialAction":[{"@type":"SearchAction","target":{"@type":"EntryPoint","urlTemplate":"https:\/\/www.miomiorun.com\/de\/?s={search_term_string}"},"query-input":{"@type":"PropertyValueSpecification","valueRequired":true,"valueName":"search_term_string"}}],"inLanguage":"de-DE"},{"@type":"Organization","@id":"https:\/\/www.miomiorun.com\/de\/#organization","name":"MioMio Run","url":"https:\/\/www.miomiorun.com\/de\/","logo":{"@type":"ImageObject","inLanguage":"de-DE","@id":"https:\/\/www.miomiorun.com\/de\/#\/schema\/logo\/image\/","url":"https:\/\/www.miomiorun.com\/app\/uploads\/2019\/12\/logomio.png","contentUrl":"https:\/\/www.miomiorun.com\/app\/uploads\/2019\/12\/logomio.png","width":115,"height":82,"caption":"MioMio Run"},"image":{"@id":"https:\/\/www.miomiorun.com\/de\/#\/schema\/logo\/image\/"},"sameAs":["https:\/\/www.facebook.com\/miomiorun\/","https:\/\/www.instagram.com\/miomiorun\/"]}]}},"_links":{"self":[{"href":"https:\/\/www.miomiorun.com\/de\/wp-json\/wp\/v2\/product\/79330","targetHints":{"allow":["GET"]}}],"collection":[{"href":"https:\/\/www.miomiorun.com\/de\/wp-json\/wp\/v2\/product"}],"about":[{"href":"https:\/\/www.miomiorun.com\/de\/wp-json\/wp\/v2\/types\/product"}],"wp:featuredmedia":[{"embeddable":true,"href":"https:\/\/www.miomiorun.com\/de\/wp-json\/wp\/v2\/media\/78715"}],"wp:attachment":[{"href":"https:\/\/www.miomiorun.com\/de\/wp-json\/wp\/v2\/media?parent=79330"}],"wp:term":[{"taxonomy":"product_brand","embeddable":true,"href":"https:\/\/www.miomiorun.com\/de\/wp-json\/wp\/v2\/product_brand?post=79330"},{"taxonomy":"product_cat","embeddable":true,"href":"https:\/\/www.miomiorun.com\/de\/wp-json\/wp\/v2\/product_cat?post=79330"},{"taxonomy":"product_tag","embeddable":true,"href":"https:\/\/www.miomiorun.com\/de\/wp-json\/wp\/v2\/product_tag?post=79330"}],"curies":[{"name":"wp","href":"https:\/\/api.w.org\/{rel}","templated":true}]}}