{"id":79230,"date":"2022-03-08T12:10:41","date_gmt":"2022-03-08T11:10:41","guid":{"rendered":"https:\/\/miomiorun.com\/prodotto\/brooks-sprint-free-tank-donna\/"},"modified":"2025-07-20T11:48:59","modified_gmt":"2025-07-20T09:48:59","slug":"brooks-sprint-free-tank-damen","status":"publish","type":"product","link":"https:\/\/www.miomiorun.com\/de\/produkt\/brooks-sprint-free-tank-damen\/","title":{"rendered":"Sprint Free Tank damen"},"content":{"rendered":"<p>Es gibt viele atmungsaktive Oberteile auf dem Markt, aber wir wollen Ihnen die Auswahl erleichtern. Das Sprint Free Tank-Top f\u00fcr Frauen ist unser leichtestes Oberteil aller Zeiten. Es kombiniert modernes Design mit einer geruchshemmenden Ausr\u00fcstung, damit Sie bei jedem Ausflug k\u00fchl und komfortabel bleiben.<\/p>\n<h3 class=\"a-type-h4 m-long-description__label\">Ideal f\u00fcr:<\/h3>\n<ul class=\"m-long-description__best-for\">\n<li class=\"m-long-description__best-for-item\">\n<div class=\"m-long-description__best-for-icon\" aria-hidden=\"true\"><img loading=\"lazy\" decoding=\"async\" class=\"a-responsive-image__img\" src=\"https:\/\/www.brooksrunning.com\/on\/demandware.static\/-\/Sites-brooks-master-catalog\/default\/dwd365409a\/specs\/PDP-BestFor-APP-Beat-The-Heat.svg\" alt=\"\" width=\"41\" height=\"41\" \/> Hohe Temperaturen.<\/div>\n<\/li>\n<li class=\"m-long-description__best-for-item\">\n<div class=\"m-long-description__best-for-icon\" aria-hidden=\"true\"><img loading=\"lazy\" decoding=\"async\" class=\"a-responsive-image__img\" src=\"https:\/\/www.brooksrunning.com\/on\/demandware.static\/-\/Sites-brooks-master-catalog\/default\/dw4fc42e57\/specs\/PDP-BestFor-FTW-APP-BRA-Breathability.svg\" alt=\"\" width=\"40\" height=\"40\" \/> Atmungsaktivit\u00e4t.<\/div>\n<\/li>\n<li class=\"m-long-description__best-for-item\">\n<div class=\"m-long-description__best-for-icon\" aria-hidden=\"true\"><img loading=\"lazy\" decoding=\"async\" class=\"a-responsive-image__img\" src=\"https:\/\/www.brooksrunning.com\/on\/demandware.static\/-\/Sites-brooks-master-catalog\/default\/dweb5c0570\/specs\/PDP-BestFor-APP-Oder-Resistant.svg\" alt=\"\" width=\"40\" height=\"40\" \/> Geruchsresistent.<\/div>\n<\/li>\n<li class=\"m-long-description__best-for-item\">\n<div class=\"m-long-description__best-for-icon\" aria-hidden=\"true\"><img loading=\"lazy\" decoding=\"async\" class=\"a-responsive-image__img\" src=\"https:\/\/www.brooksrunning.com\/on\/demandware.static\/-\/Sites-brooks-master-catalog\/default\/dw90e0d184\/specs\/PDP-BestFor-APP-BRA-New-Fit.svg\" alt=\"\" width=\"40\" height=\"40\" \/> Moderne Passform.<\/div>\n<\/li>\n<\/ul>\n<p><strong>Merkmale:<\/strong><\/p>\n<ul class=\"m-long-description__features\">\n<li class=\"m-long-description__feature\">Seitliche Spaltungen<\/li>\n<li class=\"m-long-description__feature\">Geruchshemmend<\/li>\n<li class=\"m-long-description__feature\">Ultra atmungsaktiv<\/li>\n<li class=\"m-long-description__feature\">\u00d6kologisch nachhaltig<\/li>\n<\/ul>\n<div class=\"o-feature-callout__feature-copy\">\n<h2 class=\"a-type-h4 o-feature-callout__feature-eyebrow\">Jetzt bereit<\/h2>\n<p class=\"a-type-h3--big o-feature-callout__feature-header\">Moderne Passform<\/p>\n<p class=\"a-type-p o-feature-callout__feature-body\">Das hochgeschlossene Design und die Seitenschlitze sorgen f\u00fcr einen modernen Look, mit dem Sie selbstbewusst durch die Stadt gehen k\u00f6nnen.<\/p>\n<h2>Neue Ausf\u00fchrung<\/h2>\n<\/div>\n<div class=\"o-feature-callout__feature-copy\">\n<p class=\"a-type-h3--big o-feature-callout__feature-header\">Geruchshemmend<\/p>\n<p class=\"a-type-p o-feature-callout__feature-body\">Garantierte Frische dank der antimikrobiellen Ausr\u00fcstung, W\u00e4sche f\u00fcr W\u00e4sche.<\/p>\n<div class=\"o-feature-callout__feature-copy\">\n<h2 class=\"a-type-h4 o-feature-callout__feature-eyebrow\">Integrierter Luftdurchlass<\/h2>\n<p class=\"a-type-h3--big o-feature-callout__feature-header\">Ultra atmungsaktiv<\/p>\n<p class=\"a-type-p o-feature-callout__feature-body\">Unser neues superleichtes Mesh-Gewebe mit Vier-Wege-Stretch-Eigenschaften bietet maximale Atmungsaktivit\u00e4t.<\/p>\n<\/div>\n<\/div>\n","protected":false},"excerpt":{"rendered":"<p>Es gibt viele atmungsaktive Oberteile auf dem Markt, aber wir wollen Ihnen die Auswahl erleichtern. Das Sprint Free Tank-Top f\u00fcr Frauen ist unser leichtestes Oberteil aller Zeiten. Es kombiniert modernes Design mit einer geruchshemmenden Ausr\u00fcstung, damit Sie bei jedem Ausflug k\u00fchl und komfortabel bleiben. Ideal f\u00fcr: Hohe Temperaturen. Atmungsaktivit\u00e4t. Geruchsresistent. Moderne Passform. Merkmale: Seitliche Spaltungen &hellip; <a href=\"https:\/\/www.miomiorun.com\/de\/produkt\/brooks-sprint-free-tank-damen\/\">Continued<\/a><\/p>\n","protected":false},"featured_media":62888,"template":"","meta":{"_acf_changed":false,"inline_featured_image":false},"product_brand":[],"product_cat":[6494,6499],"product_tag":[3362,6205],"class_list":{"0":"post-79230","1":"product","2":"type-product","3":"status-publish","4":"has-post-thumbnail","6":"product_cat-sale-damen-bekleidung-de","7":"product_cat-sale-tanktops-damen-de","8":"product_tag-brooks-de","9":"product_tag-brooks-damen-de","10":"pa_attivita-gehen","11":"pa_attivita-running-de","12":"pa_colore-sprint-free-tank-w-violet-dash-de","13":"pa_marca-brooks-de","14":"pa_sesso-damen","15":"pa_size-small-de","17":"first","18":"instock","19":"sale","20":"taxable","21":"shipping-taxable","22":"purchasable","23":"product-type-variable","24":"wvs-archive-product-wrapper"},"acf":[],"yoast_head":"<!-- This site is optimized with the Yoast SEO plugin v26.8 - https:\/\/yoast.com\/product\/yoast-seo-wordpress\/ -->\n<title>Brooks Sprint Free Tank damen - Lauftank-Top - MioMioRun<\/title>\n<meta name=\"description\" content=\"Es gibt viele atmungsaktive Oberteile, aber wir sind hier, um Ihnen die Wahl zu erleichtern. Das Sprint Free Tank-Top ist unser leichtestes Oberteil \u00fcberhaupt.\" \/>\n<meta name=\"robots\" content=\"index, follow, max-snippet:-1, max-image-preview:large, max-video-preview:-1\" \/>\n<link rel=\"canonical\" href=\"https:\/\/www.miomiorun.com\/de\/produkt\/brooks-sprint-free-tank-damen\/\" \/>\n<meta property=\"og:locale\" content=\"de_DE\" \/>\n<meta property=\"og:type\" content=\"article\" \/>\n<meta property=\"og:title\" content=\"Brooks Sprint Free Tank damen - Lauftank-Top - MioMioRun\" \/>\n<meta property=\"og:description\" content=\"Es gibt viele atmungsaktive Oberteile, aber wir sind hier, um Ihnen die Wahl zu erleichtern. Das Sprint Free Tank-Top ist unser leichtestes Oberteil \u00fcberhaupt.\" \/>\n<meta property=\"og:url\" content=\"https:\/\/www.miomiorun.com\/de\/produkt\/brooks-sprint-free-tank-damen\/\" \/>\n<meta property=\"og:site_name\" content=\"MioMioRun\" \/>\n<meta property=\"article:publisher\" content=\"https:\/\/www.facebook.com\/miomiorun\/\" \/>\n<meta property=\"article:modified_time\" content=\"2025-07-20T09:48:59+00:00\" \/>\n<meta property=\"og:image\" content=\"https:\/\/www.miomiorun.com\/app\/uploads\/2022\/03\/brooks-Sprint-Free-Tank-221535554.jpg\" \/>\n\t<meta property=\"og:image:width\" content=\"600\" \/>\n\t<meta property=\"og:image:height\" content=\"600\" \/>\n\t<meta property=\"og:image:type\" content=\"image\/jpeg\" \/>\n<meta name=\"twitter:card\" content=\"summary_large_image\" \/>\n<meta name=\"twitter:label1\" content=\"Est. reading time\" \/>\n\t<meta name=\"twitter:data1\" content=\"2 minutes\" \/>\n<script type=\"application\/ld+json\" class=\"yoast-schema-graph\">{\"@context\":\"https:\/\/schema.org\",\"@graph\":[{\"@type\":\"WebPage\",\"@id\":\"https:\/\/www.miomiorun.com\/de\/produkt\/brooks-sprint-free-tank-damen\/\",\"url\":\"https:\/\/www.miomiorun.com\/de\/produkt\/brooks-sprint-free-tank-damen\/\",\"name\":\"Brooks Sprint Free Tank damen - Lauftank-Top - MioMioRun\",\"isPartOf\":{\"@id\":\"https:\/\/www.miomiorun.com\/de\/#website\"},\"primaryImageOfPage\":{\"@id\":\"https:\/\/www.miomiorun.com\/de\/produkt\/brooks-sprint-free-tank-damen\/#primaryimage\"},\"image\":{\"@id\":\"https:\/\/www.miomiorun.com\/de\/produkt\/brooks-sprint-free-tank-damen\/#primaryimage\"},\"thumbnailUrl\":\"https:\/\/www.miomiorun.com\/app\/uploads\/2022\/03\/brooks-Sprint-Free-Tank-221535554.jpg\",\"datePublished\":\"2022-03-08T11:10:41+00:00\",\"dateModified\":\"2025-07-20T09:48:59+00:00\",\"description\":\"Es gibt viele atmungsaktive Oberteile, aber wir sind hier, um Ihnen die Wahl zu erleichtern. Das Sprint Free Tank-Top ist unser leichtestes Oberteil \u00fcberhaupt.\",\"breadcrumb\":{\"@id\":\"https:\/\/www.miomiorun.com\/de\/produkt\/brooks-sprint-free-tank-damen\/#breadcrumb\"},\"inLanguage\":\"de-DE\",\"potentialAction\":[{\"@type\":\"ReadAction\",\"target\":[\"https:\/\/www.miomiorun.com\/de\/produkt\/brooks-sprint-free-tank-damen\/\"]}]},{\"@type\":\"ImageObject\",\"inLanguage\":\"de-DE\",\"@id\":\"https:\/\/www.miomiorun.com\/de\/produkt\/brooks-sprint-free-tank-damen\/#primaryimage\",\"url\":\"https:\/\/www.miomiorun.com\/app\/uploads\/2022\/03\/brooks-Sprint-Free-Tank-221535554.jpg\",\"contentUrl\":\"https:\/\/www.miomiorun.com\/app\/uploads\/2022\/03\/brooks-Sprint-Free-Tank-221535554.jpg\",\"width\":600,\"height\":600,\"caption\":\"brooks-Sprint-Free-Tank-221535554\"},{\"@type\":\"BreadcrumbList\",\"@id\":\"https:\/\/www.miomiorun.com\/de\/produkt\/brooks-sprint-free-tank-damen\/#breadcrumb\",\"itemListElement\":[{\"@type\":\"ListItem\",\"position\":1,\"name\":\"Home\",\"item\":\"https:\/\/www.miomiorun.com\/de\/\"},{\"@type\":\"ListItem\",\"position\":2,\"name\":\"Shop\",\"item\":\"https:\/\/www.miomiorun.com\/shop\/\"},{\"@type\":\"ListItem\",\"position\":3,\"name\":\"Sprint Free Tank damen\"}]},{\"@type\":\"WebSite\",\"@id\":\"https:\/\/www.miomiorun.com\/de\/#website\",\"url\":\"https:\/\/www.miomiorun.com\/de\/\",\"name\":\"MioMioRun\",\"description\":\"100% Lauf- und Trailshop\",\"publisher\":{\"@id\":\"https:\/\/www.miomiorun.com\/de\/#organization\"},\"potentialAction\":[{\"@type\":\"SearchAction\",\"target\":{\"@type\":\"EntryPoint\",\"urlTemplate\":\"https:\/\/www.miomiorun.com\/de\/?s={search_term_string}\"},\"query-input\":{\"@type\":\"PropertyValueSpecification\",\"valueRequired\":true,\"valueName\":\"search_term_string\"}}],\"inLanguage\":\"de-DE\"},{\"@type\":\"Organization\",\"@id\":\"https:\/\/www.miomiorun.com\/de\/#organization\",\"name\":\"MioMio Run\",\"url\":\"https:\/\/www.miomiorun.com\/de\/\",\"logo\":{\"@type\":\"ImageObject\",\"inLanguage\":\"de-DE\",\"@id\":\"https:\/\/www.miomiorun.com\/de\/#\/schema\/logo\/image\/\",\"url\":\"https:\/\/www.miomiorun.com\/app\/uploads\/2019\/12\/logomio.png\",\"contentUrl\":\"https:\/\/www.miomiorun.com\/app\/uploads\/2019\/12\/logomio.png\",\"width\":115,\"height\":82,\"caption\":\"MioMio Run\"},\"image\":{\"@id\":\"https:\/\/www.miomiorun.com\/de\/#\/schema\/logo\/image\/\"},\"sameAs\":[\"https:\/\/www.facebook.com\/miomiorun\/\",\"https:\/\/www.instagram.com\/miomiorun\/\"]}]}<\/script>\n<!-- \/ Yoast SEO plugin. -->","yoast_head_json":{"title":"Brooks Sprint Free Tank damen - Lauftank-Top - MioMioRun","description":"Es gibt viele atmungsaktive Oberteile, aber wir sind hier, um Ihnen die Wahl zu erleichtern. Das Sprint Free Tank-Top ist unser leichtestes Oberteil \u00fcberhaupt.","robots":{"index":"index","follow":"follow","max-snippet":"max-snippet:-1","max-image-preview":"max-image-preview:large","max-video-preview":"max-video-preview:-1"},"canonical":"https:\/\/www.miomiorun.com\/de\/produkt\/brooks-sprint-free-tank-damen\/","og_locale":"de_DE","og_type":"article","og_title":"Brooks Sprint Free Tank damen - Lauftank-Top - MioMioRun","og_description":"Es gibt viele atmungsaktive Oberteile, aber wir sind hier, um Ihnen die Wahl zu erleichtern. Das Sprint Free Tank-Top ist unser leichtestes Oberteil \u00fcberhaupt.","og_url":"https:\/\/www.miomiorun.com\/de\/produkt\/brooks-sprint-free-tank-damen\/","og_site_name":"MioMioRun","article_publisher":"https:\/\/www.facebook.com\/miomiorun\/","article_modified_time":"2025-07-20T09:48:59+00:00","og_image":[{"width":600,"height":600,"url":"https:\/\/www.miomiorun.com\/app\/uploads\/2022\/03\/brooks-Sprint-Free-Tank-221535554.jpg","type":"image\/jpeg"}],"twitter_card":"summary_large_image","twitter_misc":{"Est. reading time":"2 minutes"},"schema":{"@context":"https:\/\/schema.org","@graph":[{"@type":"WebPage","@id":"https:\/\/www.miomiorun.com\/de\/produkt\/brooks-sprint-free-tank-damen\/","url":"https:\/\/www.miomiorun.com\/de\/produkt\/brooks-sprint-free-tank-damen\/","name":"Brooks Sprint Free Tank damen - Lauftank-Top - MioMioRun","isPartOf":{"@id":"https:\/\/www.miomiorun.com\/de\/#website"},"primaryImageOfPage":{"@id":"https:\/\/www.miomiorun.com\/de\/produkt\/brooks-sprint-free-tank-damen\/#primaryimage"},"image":{"@id":"https:\/\/www.miomiorun.com\/de\/produkt\/brooks-sprint-free-tank-damen\/#primaryimage"},"thumbnailUrl":"https:\/\/www.miomiorun.com\/app\/uploads\/2022\/03\/brooks-Sprint-Free-Tank-221535554.jpg","datePublished":"2022-03-08T11:10:41+00:00","dateModified":"2025-07-20T09:48:59+00:00","description":"Es gibt viele atmungsaktive Oberteile, aber wir sind hier, um Ihnen die Wahl zu erleichtern. Das Sprint Free Tank-Top ist unser leichtestes Oberteil \u00fcberhaupt.","breadcrumb":{"@id":"https:\/\/www.miomiorun.com\/de\/produkt\/brooks-sprint-free-tank-damen\/#breadcrumb"},"inLanguage":"de-DE","potentialAction":[{"@type":"ReadAction","target":["https:\/\/www.miomiorun.com\/de\/produkt\/brooks-sprint-free-tank-damen\/"]}]},{"@type":"ImageObject","inLanguage":"de-DE","@id":"https:\/\/www.miomiorun.com\/de\/produkt\/brooks-sprint-free-tank-damen\/#primaryimage","url":"https:\/\/www.miomiorun.com\/app\/uploads\/2022\/03\/brooks-Sprint-Free-Tank-221535554.jpg","contentUrl":"https:\/\/www.miomiorun.com\/app\/uploads\/2022\/03\/brooks-Sprint-Free-Tank-221535554.jpg","width":600,"height":600,"caption":"brooks-Sprint-Free-Tank-221535554"},{"@type":"BreadcrumbList","@id":"https:\/\/www.miomiorun.com\/de\/produkt\/brooks-sprint-free-tank-damen\/#breadcrumb","itemListElement":[{"@type":"ListItem","position":1,"name":"Home","item":"https:\/\/www.miomiorun.com\/de\/"},{"@type":"ListItem","position":2,"name":"Shop","item":"https:\/\/www.miomiorun.com\/shop\/"},{"@type":"ListItem","position":3,"name":"Sprint Free Tank damen"}]},{"@type":"WebSite","@id":"https:\/\/www.miomiorun.com\/de\/#website","url":"https:\/\/www.miomiorun.com\/de\/","name":"MioMioRun","description":"100% Lauf- und Trailshop","publisher":{"@id":"https:\/\/www.miomiorun.com\/de\/#organization"},"potentialAction":[{"@type":"SearchAction","target":{"@type":"EntryPoint","urlTemplate":"https:\/\/www.miomiorun.com\/de\/?s={search_term_string}"},"query-input":{"@type":"PropertyValueSpecification","valueRequired":true,"valueName":"search_term_string"}}],"inLanguage":"de-DE"},{"@type":"Organization","@id":"https:\/\/www.miomiorun.com\/de\/#organization","name":"MioMio Run","url":"https:\/\/www.miomiorun.com\/de\/","logo":{"@type":"ImageObject","inLanguage":"de-DE","@id":"https:\/\/www.miomiorun.com\/de\/#\/schema\/logo\/image\/","url":"https:\/\/www.miomiorun.com\/app\/uploads\/2019\/12\/logomio.png","contentUrl":"https:\/\/www.miomiorun.com\/app\/uploads\/2019\/12\/logomio.png","width":115,"height":82,"caption":"MioMio Run"},"image":{"@id":"https:\/\/www.miomiorun.com\/de\/#\/schema\/logo\/image\/"},"sameAs":["https:\/\/www.facebook.com\/miomiorun\/","https:\/\/www.instagram.com\/miomiorun\/"]}]}},"_links":{"self":[{"href":"https:\/\/www.miomiorun.com\/de\/wp-json\/wp\/v2\/product\/79230","targetHints":{"allow":["GET"]}}],"collection":[{"href":"https:\/\/www.miomiorun.com\/de\/wp-json\/wp\/v2\/product"}],"about":[{"href":"https:\/\/www.miomiorun.com\/de\/wp-json\/wp\/v2\/types\/product"}],"wp:featuredmedia":[{"embeddable":true,"href":"https:\/\/www.miomiorun.com\/de\/wp-json\/wp\/v2\/media\/62888"}],"wp:attachment":[{"href":"https:\/\/www.miomiorun.com\/de\/wp-json\/wp\/v2\/media?parent=79230"}],"wp:term":[{"taxonomy":"product_brand","embeddable":true,"href":"https:\/\/www.miomiorun.com\/de\/wp-json\/wp\/v2\/product_brand?post=79230"},{"taxonomy":"product_cat","embeddable":true,"href":"https:\/\/www.miomiorun.com\/de\/wp-json\/wp\/v2\/product_cat?post=79230"},{"taxonomy":"product_tag","embeddable":true,"href":"https:\/\/www.miomiorun.com\/de\/wp-json\/wp\/v2\/product_tag?post=79230"}],"curies":[{"name":"wp","href":"https:\/\/api.w.org\/{rel}","templated":true}]}}