{"id":79210,"date":"2022-06-08T11:21:14","date_gmt":"2022-06-08T09:21:14","guid":{"rendered":"https:\/\/miomiorun.com\/prodotto\/pro-hypervent-cropped-top-donna\/"},"modified":"2022-07-21T19:11:39","modified_gmt":"2022-07-21T17:11:39","slug":"pro-hypervent-cropped-top-damen","status":"publish","type":"product","link":"https:\/\/www.miomiorun.com\/de\/produkt\/pro-hypervent-cropped-top-damen\/","title":{"rendered":"Pro Hypervent Cropped Top damen"},"content":{"rendered":"<p>Das Pro Hypervent Cropped Top f\u00fcr Damen von Craft ist ein leichtes, professionelles Lauftrikot, das au\u00dfergew\u00f6hnliche Bel\u00fcftung und K\u00fchlung f\u00fcr maximale Leistung bei hei\u00dfen Bedingungen bietet.<\/p>\n<p>Dieses technisch fortschrittliche Lauftrikot ist aus leichtem, hochfunktionellem Mesh-Gewebe gefertigt, das einen au\u00dfergew\u00f6hnlichen Feuchtigkeitstransport und K\u00fchlung bietet. Au\u00dferdem verf\u00fcgt die Weste \u00fcber ein elastisches Saumband f\u00fcr eine gute Passform und versiegelte R\u00fcckenn\u00e4hte f\u00fcr optimalen Komfort.<\/p>\n<h3>Hyperleicht und hyperatmungsaktiv<\/h3>\n<p>Pro Hypervent ist ein ultraleichtes und atmungsaktives Konzept auf Profi-Niveau, das die Leistung anspruchsvoller L\u00e4ufer steigert. Die d\u00fcnnen, superweichen, au\u00dfergew\u00f6hnlich leichten und atmungsaktiven Stoffe garantieren h\u00f6chste Funktionalit\u00e4t, Bel\u00fcftung und Komfort sowohl bei schnellen L\u00e4ufen als auch bei Langstreckenl\u00e4ufen unter hei\u00dfen Bedingungen.<\/p>\n<p><strong>Merkmale:<\/strong><\/p>\n<ul>\n<li>Leichtes und hochfunktionelles Polyesternetz.<\/li>\n<li>R\u00fcckenlehne mit Gummizug am unteren Ende.<\/li>\n<li>Geklebte R\u00fcckenn\u00e4hte.<\/li>\n<li>F\u00fcr optimalen Halt mit einem Sport-BH zu tragen.<\/li>\n<\/ul>\n<p><img loading=\"lazy\" decoding=\"async\" class=\"css-1w257c5\" title=\"MoistureTransport\" src=\"https:\/\/www.craftsportswear.com\/static\/media\/moisture_transport.27f437d8.svg?q=70&amp;fit=clip&amp;w=72&amp;fm=jpg&amp;auto=format\" sizes=\"auto, 32px\" alt=\"MoistureTransport\" width=\"80\" height=\"80\" \/><\/p>\n<p><strong>Feuchtigkeitstransport<\/strong><\/p>\n<p><img loading=\"lazy\" decoding=\"async\" class=\"css-1w257c5\" title=\"SoftTouch\" src=\"https:\/\/www.craftsportswear.com\/static\/media\/soft_touch.2b191977.svg?q=70&amp;fit=clip&amp;w=72&amp;fm=jpg&amp;auto=format\" sizes=\"auto, 32px\" alt=\"SoftTouch\" width=\"80\" height=\"80\" \/><\/p>\n<p><strong>Leichte Ber\u00fchrung<\/strong><\/p>\n<p><img loading=\"lazy\" decoding=\"async\" class=\"css-1w257c5\" title=\"Lightweight\" src=\"https:\/\/www.craftsportswear.com\/static\/media\/lightweight.6800ab4f.svg?q=70&amp;fit=clip&amp;w=72&amp;fm=jpg&amp;auto=format\" sizes=\"auto, 32px\" alt=\"Lightweight\" width=\"80\" height=\"80\" \/><\/p>\n<p><strong>Leichtgewicht<\/strong><\/p>\n<p>&nbsp;<\/p>\n<p>Material: 90% Polyester 10% Elastan<\/p>\n<p>Maschinenw\u00e4sche bei 40 Grad.<\/p>\n<p>&nbsp;<\/p>\n<p>&nbsp;<\/p>\n<div class=\"o-feature-callout__feature-copy\">\n<div class=\"o-feature-callout__feature-copy\">\n<p>&nbsp;<\/p>\n<\/div>\n<\/div>\n","protected":false},"excerpt":{"rendered":"<p>Das Pro Hypervent Cropped Top f\u00fcr Damen von Craft ist ein leichtes, professionelles Lauftrikot, das au\u00dfergew\u00f6hnliche Bel\u00fcftung und K\u00fchlung f\u00fcr maximale Leistung bei hei\u00dfen Bedingungen bietet. Dieses technisch fortschrittliche Lauftrikot ist aus leichtem, hochfunktionellem Mesh-Gewebe gefertigt, das einen au\u00dfergew\u00f6hnlichen Feuchtigkeitstransport und K\u00fchlung bietet. Au\u00dferdem verf\u00fcgt die Weste \u00fcber ein elastisches Saumband f\u00fcr eine gute Passform &hellip; <a href=\"https:\/\/www.miomiorun.com\/de\/produkt\/pro-hypervent-cropped-top-damen\/\">Continued<\/a><\/p>\n","protected":false},"featured_media":74506,"template":"","meta":{"_acf_changed":false,"inline_featured_image":false},"product_brand":[],"product_cat":[6400,6401,6403,6485],"product_tag":[6304,6232],"class_list":{"0":"post-79210","1":"product","2":"type-product","3":"status-publish","4":"has-post-thumbnail","6":"product_cat-damen","7":"product_cat-damenbekleidung","8":"product_cat-damentank-tops","9":"product_cat-damenwaesche-de","10":"product_tag-craft-de","11":"product_tag-craft-damen-de","12":"pa_attivita-fitness-de","13":"pa_attivita-gehen","14":"pa_attivita-running-de","15":"pa_colore-pro-hypervent-cropped-top-w-black-roxo-de","16":"pa_colore-pro-hypervent-cropped-top-w-blaze-flex-de","17":"pa_marca-craft-de","18":"pa_sesso-damen","19":"pa_size-extra-small-de","20":"pa_size-small-de","21":"pa_size-medium-de","22":"pa_size-large-de","24":"first","25":"instock","26":"sale","27":"taxable","28":"shipping-taxable","29":"purchasable","30":"product-type-variable","31":"wvs-archive-product-wrapper"},"acf":[],"yoast_head":"<!-- This site is optimized with the Yoast SEO plugin v26.8 - https:\/\/yoast.com\/product\/yoast-seo-wordpress\/ -->\n<title>CraftPro Hypervent Cropped Top damen - top - MioMioRun<\/title>\n<meta name=\"description\" content=\"Das Pro Hypervent Cropped Top von Craft f\u00fcr Damen ist ein leichtes, professionelles Lauftrikot, das Bel\u00fcftung und K\u00fchlung bietet.\" \/>\n<meta name=\"robots\" content=\"index, follow, max-snippet:-1, max-image-preview:large, max-video-preview:-1\" \/>\n<link rel=\"canonical\" href=\"https:\/\/www.miomiorun.com\/de\/produkt\/pro-hypervent-cropped-top-damen\/\" \/>\n<meta property=\"og:locale\" content=\"de_DE\" \/>\n<meta property=\"og:type\" content=\"article\" \/>\n<meta property=\"og:title\" content=\"CraftPro Hypervent Cropped Top damen - top - MioMioRun\" \/>\n<meta property=\"og:description\" content=\"Das Pro Hypervent Cropped Top von Craft f\u00fcr Damen ist ein leichtes, professionelles Lauftrikot, das Bel\u00fcftung und K\u00fchlung bietet.\" \/>\n<meta property=\"og:url\" content=\"https:\/\/www.miomiorun.com\/de\/produkt\/pro-hypervent-cropped-top-damen\/\" \/>\n<meta property=\"og:site_name\" content=\"MioMioRun\" \/>\n<meta property=\"article:publisher\" content=\"https:\/\/www.facebook.com\/miomiorun\/\" \/>\n<meta property=\"article:modified_time\" content=\"2022-07-21T17:11:39+00:00\" \/>\n<meta property=\"og:image\" content=\"https:\/\/www.miomiorun.com\/app\/uploads\/2022\/06\/craft-pro-hypervent-cropped-top-W-black-roxo-1910432-999486.jpg\" \/>\n\t<meta property=\"og:image:width\" content=\"600\" \/>\n\t<meta property=\"og:image:height\" content=\"600\" \/>\n\t<meta property=\"og:image:type\" content=\"image\/jpeg\" \/>\n<meta name=\"twitter:card\" content=\"summary_large_image\" \/>\n<meta name=\"twitter:label1\" content=\"Est. reading time\" \/>\n\t<meta name=\"twitter:data1\" content=\"2 minutes\" \/>\n<script type=\"application\/ld+json\" class=\"yoast-schema-graph\">{\"@context\":\"https:\/\/schema.org\",\"@graph\":[{\"@type\":\"WebPage\",\"@id\":\"https:\/\/www.miomiorun.com\/de\/produkt\/pro-hypervent-cropped-top-damen\/\",\"url\":\"https:\/\/www.miomiorun.com\/de\/produkt\/pro-hypervent-cropped-top-damen\/\",\"name\":\"CraftPro Hypervent Cropped Top damen - top - MioMioRun\",\"isPartOf\":{\"@id\":\"https:\/\/www.miomiorun.com\/de\/#website\"},\"primaryImageOfPage\":{\"@id\":\"https:\/\/www.miomiorun.com\/de\/produkt\/pro-hypervent-cropped-top-damen\/#primaryimage\"},\"image\":{\"@id\":\"https:\/\/www.miomiorun.com\/de\/produkt\/pro-hypervent-cropped-top-damen\/#primaryimage\"},\"thumbnailUrl\":\"https:\/\/www.miomiorun.com\/app\/uploads\/2022\/06\/craft-pro-hypervent-cropped-top-W-black-roxo-1910432-999486.jpg\",\"datePublished\":\"2022-06-08T09:21:14+00:00\",\"dateModified\":\"2022-07-21T17:11:39+00:00\",\"description\":\"Das Pro Hypervent Cropped Top von Craft f\u00fcr Damen ist ein leichtes, professionelles Lauftrikot, das Bel\u00fcftung und K\u00fchlung bietet.\",\"breadcrumb\":{\"@id\":\"https:\/\/www.miomiorun.com\/de\/produkt\/pro-hypervent-cropped-top-damen\/#breadcrumb\"},\"inLanguage\":\"de-DE\",\"potentialAction\":[{\"@type\":\"ReadAction\",\"target\":[\"https:\/\/www.miomiorun.com\/de\/produkt\/pro-hypervent-cropped-top-damen\/\"]}]},{\"@type\":\"ImageObject\",\"inLanguage\":\"de-DE\",\"@id\":\"https:\/\/www.miomiorun.com\/de\/produkt\/pro-hypervent-cropped-top-damen\/#primaryimage\",\"url\":\"https:\/\/www.miomiorun.com\/app\/uploads\/2022\/06\/craft-pro-hypervent-cropped-top-W-black-roxo-1910432-999486.jpg\",\"contentUrl\":\"https:\/\/www.miomiorun.com\/app\/uploads\/2022\/06\/craft-pro-hypervent-cropped-top-W-black-roxo-1910432-999486.jpg\",\"width\":600,\"height\":600,\"caption\":\"craft-pro-hypervent-cropped-top-W-black-roxo-1910432-999486\"},{\"@type\":\"BreadcrumbList\",\"@id\":\"https:\/\/www.miomiorun.com\/de\/produkt\/pro-hypervent-cropped-top-damen\/#breadcrumb\",\"itemListElement\":[{\"@type\":\"ListItem\",\"position\":1,\"name\":\"Home\",\"item\":\"https:\/\/www.miomiorun.com\/de\/\"},{\"@type\":\"ListItem\",\"position\":2,\"name\":\"Shop\",\"item\":\"https:\/\/www.miomiorun.com\/shop\/\"},{\"@type\":\"ListItem\",\"position\":3,\"name\":\"Pro Hypervent Cropped Top damen\"}]},{\"@type\":\"WebSite\",\"@id\":\"https:\/\/www.miomiorun.com\/de\/#website\",\"url\":\"https:\/\/www.miomiorun.com\/de\/\",\"name\":\"MioMioRun\",\"description\":\"100% Lauf- und Trailshop\",\"publisher\":{\"@id\":\"https:\/\/www.miomiorun.com\/de\/#organization\"},\"potentialAction\":[{\"@type\":\"SearchAction\",\"target\":{\"@type\":\"EntryPoint\",\"urlTemplate\":\"https:\/\/www.miomiorun.com\/de\/?s={search_term_string}\"},\"query-input\":{\"@type\":\"PropertyValueSpecification\",\"valueRequired\":true,\"valueName\":\"search_term_string\"}}],\"inLanguage\":\"de-DE\"},{\"@type\":\"Organization\",\"@id\":\"https:\/\/www.miomiorun.com\/de\/#organization\",\"name\":\"MioMio Run\",\"url\":\"https:\/\/www.miomiorun.com\/de\/\",\"logo\":{\"@type\":\"ImageObject\",\"inLanguage\":\"de-DE\",\"@id\":\"https:\/\/www.miomiorun.com\/de\/#\/schema\/logo\/image\/\",\"url\":\"https:\/\/www.miomiorun.com\/app\/uploads\/2019\/12\/logomio.png\",\"contentUrl\":\"https:\/\/www.miomiorun.com\/app\/uploads\/2019\/12\/logomio.png\",\"width\":115,\"height\":82,\"caption\":\"MioMio Run\"},\"image\":{\"@id\":\"https:\/\/www.miomiorun.com\/de\/#\/schema\/logo\/image\/\"},\"sameAs\":[\"https:\/\/www.facebook.com\/miomiorun\/\",\"https:\/\/www.instagram.com\/miomiorun\/\"]}]}<\/script>\n<!-- \/ Yoast SEO plugin. -->","yoast_head_json":{"title":"CraftPro Hypervent Cropped Top damen - top - MioMioRun","description":"Das Pro Hypervent Cropped Top von Craft f\u00fcr Damen ist ein leichtes, professionelles Lauftrikot, das Bel\u00fcftung und K\u00fchlung bietet.","robots":{"index":"index","follow":"follow","max-snippet":"max-snippet:-1","max-image-preview":"max-image-preview:large","max-video-preview":"max-video-preview:-1"},"canonical":"https:\/\/www.miomiorun.com\/de\/produkt\/pro-hypervent-cropped-top-damen\/","og_locale":"de_DE","og_type":"article","og_title":"CraftPro Hypervent Cropped Top damen - top - MioMioRun","og_description":"Das Pro Hypervent Cropped Top von Craft f\u00fcr Damen ist ein leichtes, professionelles Lauftrikot, das Bel\u00fcftung und K\u00fchlung bietet.","og_url":"https:\/\/www.miomiorun.com\/de\/produkt\/pro-hypervent-cropped-top-damen\/","og_site_name":"MioMioRun","article_publisher":"https:\/\/www.facebook.com\/miomiorun\/","article_modified_time":"2022-07-21T17:11:39+00:00","og_image":[{"width":600,"height":600,"url":"https:\/\/www.miomiorun.com\/app\/uploads\/2022\/06\/craft-pro-hypervent-cropped-top-W-black-roxo-1910432-999486.jpg","type":"image\/jpeg"}],"twitter_card":"summary_large_image","twitter_misc":{"Est. reading time":"2 minutes"},"schema":{"@context":"https:\/\/schema.org","@graph":[{"@type":"WebPage","@id":"https:\/\/www.miomiorun.com\/de\/produkt\/pro-hypervent-cropped-top-damen\/","url":"https:\/\/www.miomiorun.com\/de\/produkt\/pro-hypervent-cropped-top-damen\/","name":"CraftPro Hypervent Cropped Top damen - top - MioMioRun","isPartOf":{"@id":"https:\/\/www.miomiorun.com\/de\/#website"},"primaryImageOfPage":{"@id":"https:\/\/www.miomiorun.com\/de\/produkt\/pro-hypervent-cropped-top-damen\/#primaryimage"},"image":{"@id":"https:\/\/www.miomiorun.com\/de\/produkt\/pro-hypervent-cropped-top-damen\/#primaryimage"},"thumbnailUrl":"https:\/\/www.miomiorun.com\/app\/uploads\/2022\/06\/craft-pro-hypervent-cropped-top-W-black-roxo-1910432-999486.jpg","datePublished":"2022-06-08T09:21:14+00:00","dateModified":"2022-07-21T17:11:39+00:00","description":"Das Pro Hypervent Cropped Top von Craft f\u00fcr Damen ist ein leichtes, professionelles Lauftrikot, das Bel\u00fcftung und K\u00fchlung bietet.","breadcrumb":{"@id":"https:\/\/www.miomiorun.com\/de\/produkt\/pro-hypervent-cropped-top-damen\/#breadcrumb"},"inLanguage":"de-DE","potentialAction":[{"@type":"ReadAction","target":["https:\/\/www.miomiorun.com\/de\/produkt\/pro-hypervent-cropped-top-damen\/"]}]},{"@type":"ImageObject","inLanguage":"de-DE","@id":"https:\/\/www.miomiorun.com\/de\/produkt\/pro-hypervent-cropped-top-damen\/#primaryimage","url":"https:\/\/www.miomiorun.com\/app\/uploads\/2022\/06\/craft-pro-hypervent-cropped-top-W-black-roxo-1910432-999486.jpg","contentUrl":"https:\/\/www.miomiorun.com\/app\/uploads\/2022\/06\/craft-pro-hypervent-cropped-top-W-black-roxo-1910432-999486.jpg","width":600,"height":600,"caption":"craft-pro-hypervent-cropped-top-W-black-roxo-1910432-999486"},{"@type":"BreadcrumbList","@id":"https:\/\/www.miomiorun.com\/de\/produkt\/pro-hypervent-cropped-top-damen\/#breadcrumb","itemListElement":[{"@type":"ListItem","position":1,"name":"Home","item":"https:\/\/www.miomiorun.com\/de\/"},{"@type":"ListItem","position":2,"name":"Shop","item":"https:\/\/www.miomiorun.com\/shop\/"},{"@type":"ListItem","position":3,"name":"Pro Hypervent Cropped Top damen"}]},{"@type":"WebSite","@id":"https:\/\/www.miomiorun.com\/de\/#website","url":"https:\/\/www.miomiorun.com\/de\/","name":"MioMioRun","description":"100% Lauf- und Trailshop","publisher":{"@id":"https:\/\/www.miomiorun.com\/de\/#organization"},"potentialAction":[{"@type":"SearchAction","target":{"@type":"EntryPoint","urlTemplate":"https:\/\/www.miomiorun.com\/de\/?s={search_term_string}"},"query-input":{"@type":"PropertyValueSpecification","valueRequired":true,"valueName":"search_term_string"}}],"inLanguage":"de-DE"},{"@type":"Organization","@id":"https:\/\/www.miomiorun.com\/de\/#organization","name":"MioMio Run","url":"https:\/\/www.miomiorun.com\/de\/","logo":{"@type":"ImageObject","inLanguage":"de-DE","@id":"https:\/\/www.miomiorun.com\/de\/#\/schema\/logo\/image\/","url":"https:\/\/www.miomiorun.com\/app\/uploads\/2019\/12\/logomio.png","contentUrl":"https:\/\/www.miomiorun.com\/app\/uploads\/2019\/12\/logomio.png","width":115,"height":82,"caption":"MioMio Run"},"image":{"@id":"https:\/\/www.miomiorun.com\/de\/#\/schema\/logo\/image\/"},"sameAs":["https:\/\/www.facebook.com\/miomiorun\/","https:\/\/www.instagram.com\/miomiorun\/"]}]}},"_links":{"self":[{"href":"https:\/\/www.miomiorun.com\/de\/wp-json\/wp\/v2\/product\/79210","targetHints":{"allow":["GET"]}}],"collection":[{"href":"https:\/\/www.miomiorun.com\/de\/wp-json\/wp\/v2\/product"}],"about":[{"href":"https:\/\/www.miomiorun.com\/de\/wp-json\/wp\/v2\/types\/product"}],"wp:featuredmedia":[{"embeddable":true,"href":"https:\/\/www.miomiorun.com\/de\/wp-json\/wp\/v2\/media\/74506"}],"wp:attachment":[{"href":"https:\/\/www.miomiorun.com\/de\/wp-json\/wp\/v2\/media?parent=79210"}],"wp:term":[{"taxonomy":"product_brand","embeddable":true,"href":"https:\/\/www.miomiorun.com\/de\/wp-json\/wp\/v2\/product_brand?post=79210"},{"taxonomy":"product_cat","embeddable":true,"href":"https:\/\/www.miomiorun.com\/de\/wp-json\/wp\/v2\/product_cat?post=79210"},{"taxonomy":"product_tag","embeddable":true,"href":"https:\/\/www.miomiorun.com\/de\/wp-json\/wp\/v2\/product_tag?post=79210"}],"curies":[{"name":"wp","href":"https:\/\/api.w.org\/{rel}","templated":true}]}}