{"id":79082,"date":"2021-08-12T16:59:17","date_gmt":"2021-08-12T14:59:17","guid":{"rendered":"https:\/\/miomiorun.com\/prodotto\/newline-imotion-printed-short-uomo\/"},"modified":"2022-07-20T17:06:18","modified_gmt":"2022-07-20T15:06:18","slug":"newline-imotion-printed-short-herren","status":"publish","type":"product","link":"https:\/\/www.miomiorun.com\/de\/produkt\/newline-imotion-printed-short-herren\/","title":{"rendered":"Imotion Printed Short herren"},"content":{"rendered":"<p>Die Imotion Printed Shorts f\u00fcr Herren von Newline sind bequem und frisch und haben ein modernes Design.<\/p>\n<p>Ideal, um an hei\u00dfen Sommertagen zum Training getragen zu werden.<\/p>\n<p>Sie haben einen elastischen Bund und eine Rei\u00dfverschlusstasche auf der R\u00fcckseite.<\/p>\n<p>&nbsp;<\/p>\n<h3 class=\"tw-data-text tw-text-large XcVN5d tw-ta\" dir=\"ltr\" data-placeholder=\"Traduzione\"><span class=\"Y2IQFc\" lang=\"it\">Merkmale:<\/span><\/h3>\n<ul>\n<li class=\"tw-data-text tw-text-large XcVN5d tw-ta\" dir=\"ltr\" data-placeholder=\"Traduzione\">atmungsaktiv<\/li>\n<li class=\"tw-data-text tw-text-large XcVN5d tw-ta\" dir=\"ltr\" data-placeholder=\"Traduzione\">Ges\u00e4\u00dftasche mit Rei\u00dfverschluss<\/li>\n<li dir=\"ltr\" data-placeholder=\"Traduzione\">Ges\u00e4\u00dftasche.<\/li>\n<\/ul>\n<p>&nbsp;<\/p>\n","protected":false},"excerpt":{"rendered":"<p>Die Imotion Printed Shorts f\u00fcr Herren von Newline sind bequem und frisch und haben ein modernes Design. Ideal, um an hei\u00dfen Sommertagen zum Training getragen zu werden. Sie haben einen elastischen Bund und eine Rei\u00dfverschlusstasche auf der R\u00fcckseite. &nbsp; Merkmale: atmungsaktiv Ges\u00e4\u00dftasche mit Rei\u00dfverschluss Ges\u00e4\u00dftasche. &nbsp;<\/p>\n","protected":false},"featured_media":57339,"template":"","meta":{"_acf_changed":false,"inline_featured_image":false},"product_brand":[],"product_cat":[6529,6528,6522],"product_tag":[3385,6257],"class_list":{"0":"post-79082","1":"product","2":"type-product","3":"status-publish","4":"has-post-thumbnail","6":"product_cat-herren-sale-de","7":"product_cat-sale-bekleidung-herren-de","8":"product_cat-sale-shorts-herren-de","9":"product_tag-newline-de","10":"product_tag-newline-herren-de","11":"pa_attivita-gehen","12":"pa_attivita-running-de","13":"pa_marca-newline-de","14":"pa_sesso-herren","15":"pa_size-medium-de","17":"first","18":"instock","19":"sale","20":"taxable","21":"shipping-taxable","22":"purchasable","23":"product-type-variable","24":"wvs-archive-product-wrapper"},"acf":[],"yoast_head":"<!-- This site is optimized with the Yoast SEO plugin v26.8 - https:\/\/yoast.com\/product\/yoast-seo-wordpress\/ -->\n<title>Newline Imotion Printed Short herren - Laufshorts - MioMioRun<\/title>\n<meta name=\"description\" content=\"Die Imotion Printed Shorts f\u00fcr Herren von Newline sind bequem und frisch, mit einem modernen Design. Ideal f\u00fcr den Sommer.\" \/>\n<meta name=\"robots\" content=\"index, follow, max-snippet:-1, max-image-preview:large, max-video-preview:-1\" \/>\n<link rel=\"canonical\" href=\"https:\/\/www.miomiorun.com\/de\/produkt\/newline-imotion-printed-short-herren\/\" \/>\n<meta property=\"og:locale\" content=\"de_DE\" \/>\n<meta property=\"og:type\" content=\"article\" \/>\n<meta property=\"og:title\" content=\"Newline Imotion Printed Short herren - Laufshorts - MioMioRun\" \/>\n<meta property=\"og:description\" content=\"Die Imotion Printed Shorts f\u00fcr Herren von Newline sind bequem und frisch, mit einem modernen Design. Ideal f\u00fcr den Sommer.\" \/>\n<meta property=\"og:url\" content=\"https:\/\/www.miomiorun.com\/de\/produkt\/newline-imotion-printed-short-herren\/\" \/>\n<meta property=\"og:site_name\" content=\"MioMioRun\" \/>\n<meta property=\"article:publisher\" content=\"https:\/\/www.facebook.com\/miomiorun\/\" \/>\n<meta property=\"article:modified_time\" content=\"2022-07-20T15:06:18+00:00\" \/>\n<meta property=\"og:image\" content=\"https:\/\/www.miomiorun.com\/app\/uploads\/2021\/08\/newline-Imotion-printed-shorts-71292-425.jpg\" \/>\n\t<meta property=\"og:image:width\" content=\"600\" \/>\n\t<meta property=\"og:image:height\" content=\"600\" \/>\n\t<meta property=\"og:image:type\" content=\"image\/jpeg\" \/>\n<meta name=\"twitter:card\" content=\"summary_large_image\" \/>\n<meta name=\"twitter:label1\" content=\"Est. reading time\" \/>\n\t<meta name=\"twitter:data1\" content=\"1 minute\" \/>\n<script type=\"application\/ld+json\" class=\"yoast-schema-graph\">{\"@context\":\"https:\/\/schema.org\",\"@graph\":[{\"@type\":\"WebPage\",\"@id\":\"https:\/\/www.miomiorun.com\/de\/produkt\/newline-imotion-printed-short-herren\/\",\"url\":\"https:\/\/www.miomiorun.com\/de\/produkt\/newline-imotion-printed-short-herren\/\",\"name\":\"Newline Imotion Printed Short herren - Laufshorts - MioMioRun\",\"isPartOf\":{\"@id\":\"https:\/\/www.miomiorun.com\/de\/#website\"},\"primaryImageOfPage\":{\"@id\":\"https:\/\/www.miomiorun.com\/de\/produkt\/newline-imotion-printed-short-herren\/#primaryimage\"},\"image\":{\"@id\":\"https:\/\/www.miomiorun.com\/de\/produkt\/newline-imotion-printed-short-herren\/#primaryimage\"},\"thumbnailUrl\":\"https:\/\/www.miomiorun.com\/app\/uploads\/2021\/08\/newline-Imotion-printed-shorts-71292-425.jpg\",\"datePublished\":\"2021-08-12T14:59:17+00:00\",\"dateModified\":\"2022-07-20T15:06:18+00:00\",\"description\":\"Die Imotion Printed Shorts f\u00fcr Herren von Newline sind bequem und frisch, mit einem modernen Design. Ideal f\u00fcr den Sommer.\",\"breadcrumb\":{\"@id\":\"https:\/\/www.miomiorun.com\/de\/produkt\/newline-imotion-printed-short-herren\/#breadcrumb\"},\"inLanguage\":\"de-DE\",\"potentialAction\":[{\"@type\":\"ReadAction\",\"target\":[\"https:\/\/www.miomiorun.com\/de\/produkt\/newline-imotion-printed-short-herren\/\"]}]},{\"@type\":\"ImageObject\",\"inLanguage\":\"de-DE\",\"@id\":\"https:\/\/www.miomiorun.com\/de\/produkt\/newline-imotion-printed-short-herren\/#primaryimage\",\"url\":\"https:\/\/www.miomiorun.com\/app\/uploads\/2021\/08\/newline-Imotion-printed-shorts-71292-425.jpg\",\"contentUrl\":\"https:\/\/www.miomiorun.com\/app\/uploads\/2021\/08\/newline-Imotion-printed-shorts-71292-425.jpg\",\"width\":600,\"height\":600,\"caption\":\"newline-Imotion-printed-shorts-71292-425\"},{\"@type\":\"BreadcrumbList\",\"@id\":\"https:\/\/www.miomiorun.com\/de\/produkt\/newline-imotion-printed-short-herren\/#breadcrumb\",\"itemListElement\":[{\"@type\":\"ListItem\",\"position\":1,\"name\":\"Home\",\"item\":\"https:\/\/www.miomiorun.com\/de\/\"},{\"@type\":\"ListItem\",\"position\":2,\"name\":\"Shop\",\"item\":\"https:\/\/www.miomiorun.com\/shop\/\"},{\"@type\":\"ListItem\",\"position\":3,\"name\":\"Imotion Printed Short herren\"}]},{\"@type\":\"WebSite\",\"@id\":\"https:\/\/www.miomiorun.com\/de\/#website\",\"url\":\"https:\/\/www.miomiorun.com\/de\/\",\"name\":\"MioMioRun\",\"description\":\"100% Lauf- und Trailshop\",\"publisher\":{\"@id\":\"https:\/\/www.miomiorun.com\/de\/#organization\"},\"potentialAction\":[{\"@type\":\"SearchAction\",\"target\":{\"@type\":\"EntryPoint\",\"urlTemplate\":\"https:\/\/www.miomiorun.com\/de\/?s={search_term_string}\"},\"query-input\":{\"@type\":\"PropertyValueSpecification\",\"valueRequired\":true,\"valueName\":\"search_term_string\"}}],\"inLanguage\":\"de-DE\"},{\"@type\":\"Organization\",\"@id\":\"https:\/\/www.miomiorun.com\/de\/#organization\",\"name\":\"MioMio Run\",\"url\":\"https:\/\/www.miomiorun.com\/de\/\",\"logo\":{\"@type\":\"ImageObject\",\"inLanguage\":\"de-DE\",\"@id\":\"https:\/\/www.miomiorun.com\/de\/#\/schema\/logo\/image\/\",\"url\":\"https:\/\/www.miomiorun.com\/app\/uploads\/2019\/12\/logomio.png\",\"contentUrl\":\"https:\/\/www.miomiorun.com\/app\/uploads\/2019\/12\/logomio.png\",\"width\":115,\"height\":82,\"caption\":\"MioMio Run\"},\"image\":{\"@id\":\"https:\/\/www.miomiorun.com\/de\/#\/schema\/logo\/image\/\"},\"sameAs\":[\"https:\/\/www.facebook.com\/miomiorun\/\",\"https:\/\/www.instagram.com\/miomiorun\/\"]}]}<\/script>\n<!-- \/ Yoast SEO plugin. -->","yoast_head_json":{"title":"Newline Imotion Printed Short herren - Laufshorts - MioMioRun","description":"Die Imotion Printed Shorts f\u00fcr Herren von Newline sind bequem und frisch, mit einem modernen Design. Ideal f\u00fcr den Sommer.","robots":{"index":"index","follow":"follow","max-snippet":"max-snippet:-1","max-image-preview":"max-image-preview:large","max-video-preview":"max-video-preview:-1"},"canonical":"https:\/\/www.miomiorun.com\/de\/produkt\/newline-imotion-printed-short-herren\/","og_locale":"de_DE","og_type":"article","og_title":"Newline Imotion Printed Short herren - Laufshorts - MioMioRun","og_description":"Die Imotion Printed Shorts f\u00fcr Herren von Newline sind bequem und frisch, mit einem modernen Design. Ideal f\u00fcr den Sommer.","og_url":"https:\/\/www.miomiorun.com\/de\/produkt\/newline-imotion-printed-short-herren\/","og_site_name":"MioMioRun","article_publisher":"https:\/\/www.facebook.com\/miomiorun\/","article_modified_time":"2022-07-20T15:06:18+00:00","og_image":[{"width":600,"height":600,"url":"https:\/\/www.miomiorun.com\/app\/uploads\/2021\/08\/newline-Imotion-printed-shorts-71292-425.jpg","type":"image\/jpeg"}],"twitter_card":"summary_large_image","twitter_misc":{"Est. reading time":"1 minute"},"schema":{"@context":"https:\/\/schema.org","@graph":[{"@type":"WebPage","@id":"https:\/\/www.miomiorun.com\/de\/produkt\/newline-imotion-printed-short-herren\/","url":"https:\/\/www.miomiorun.com\/de\/produkt\/newline-imotion-printed-short-herren\/","name":"Newline Imotion Printed Short herren - Laufshorts - MioMioRun","isPartOf":{"@id":"https:\/\/www.miomiorun.com\/de\/#website"},"primaryImageOfPage":{"@id":"https:\/\/www.miomiorun.com\/de\/produkt\/newline-imotion-printed-short-herren\/#primaryimage"},"image":{"@id":"https:\/\/www.miomiorun.com\/de\/produkt\/newline-imotion-printed-short-herren\/#primaryimage"},"thumbnailUrl":"https:\/\/www.miomiorun.com\/app\/uploads\/2021\/08\/newline-Imotion-printed-shorts-71292-425.jpg","datePublished":"2021-08-12T14:59:17+00:00","dateModified":"2022-07-20T15:06:18+00:00","description":"Die Imotion Printed Shorts f\u00fcr Herren von Newline sind bequem und frisch, mit einem modernen Design. Ideal f\u00fcr den Sommer.","breadcrumb":{"@id":"https:\/\/www.miomiorun.com\/de\/produkt\/newline-imotion-printed-short-herren\/#breadcrumb"},"inLanguage":"de-DE","potentialAction":[{"@type":"ReadAction","target":["https:\/\/www.miomiorun.com\/de\/produkt\/newline-imotion-printed-short-herren\/"]}]},{"@type":"ImageObject","inLanguage":"de-DE","@id":"https:\/\/www.miomiorun.com\/de\/produkt\/newline-imotion-printed-short-herren\/#primaryimage","url":"https:\/\/www.miomiorun.com\/app\/uploads\/2021\/08\/newline-Imotion-printed-shorts-71292-425.jpg","contentUrl":"https:\/\/www.miomiorun.com\/app\/uploads\/2021\/08\/newline-Imotion-printed-shorts-71292-425.jpg","width":600,"height":600,"caption":"newline-Imotion-printed-shorts-71292-425"},{"@type":"BreadcrumbList","@id":"https:\/\/www.miomiorun.com\/de\/produkt\/newline-imotion-printed-short-herren\/#breadcrumb","itemListElement":[{"@type":"ListItem","position":1,"name":"Home","item":"https:\/\/www.miomiorun.com\/de\/"},{"@type":"ListItem","position":2,"name":"Shop","item":"https:\/\/www.miomiorun.com\/shop\/"},{"@type":"ListItem","position":3,"name":"Imotion Printed Short herren"}]},{"@type":"WebSite","@id":"https:\/\/www.miomiorun.com\/de\/#website","url":"https:\/\/www.miomiorun.com\/de\/","name":"MioMioRun","description":"100% Lauf- und Trailshop","publisher":{"@id":"https:\/\/www.miomiorun.com\/de\/#organization"},"potentialAction":[{"@type":"SearchAction","target":{"@type":"EntryPoint","urlTemplate":"https:\/\/www.miomiorun.com\/de\/?s={search_term_string}"},"query-input":{"@type":"PropertyValueSpecification","valueRequired":true,"valueName":"search_term_string"}}],"inLanguage":"de-DE"},{"@type":"Organization","@id":"https:\/\/www.miomiorun.com\/de\/#organization","name":"MioMio Run","url":"https:\/\/www.miomiorun.com\/de\/","logo":{"@type":"ImageObject","inLanguage":"de-DE","@id":"https:\/\/www.miomiorun.com\/de\/#\/schema\/logo\/image\/","url":"https:\/\/www.miomiorun.com\/app\/uploads\/2019\/12\/logomio.png","contentUrl":"https:\/\/www.miomiorun.com\/app\/uploads\/2019\/12\/logomio.png","width":115,"height":82,"caption":"MioMio Run"},"image":{"@id":"https:\/\/www.miomiorun.com\/de\/#\/schema\/logo\/image\/"},"sameAs":["https:\/\/www.facebook.com\/miomiorun\/","https:\/\/www.instagram.com\/miomiorun\/"]}]}},"_links":{"self":[{"href":"https:\/\/www.miomiorun.com\/de\/wp-json\/wp\/v2\/product\/79082","targetHints":{"allow":["GET"]}}],"collection":[{"href":"https:\/\/www.miomiorun.com\/de\/wp-json\/wp\/v2\/product"}],"about":[{"href":"https:\/\/www.miomiorun.com\/de\/wp-json\/wp\/v2\/types\/product"}],"wp:featuredmedia":[{"embeddable":true,"href":"https:\/\/www.miomiorun.com\/de\/wp-json\/wp\/v2\/media\/57339"}],"wp:attachment":[{"href":"https:\/\/www.miomiorun.com\/de\/wp-json\/wp\/v2\/media?parent=79082"}],"wp:term":[{"taxonomy":"product_brand","embeddable":true,"href":"https:\/\/www.miomiorun.com\/de\/wp-json\/wp\/v2\/product_brand?post=79082"},{"taxonomy":"product_cat","embeddable":true,"href":"https:\/\/www.miomiorun.com\/de\/wp-json\/wp\/v2\/product_cat?post=79082"},{"taxonomy":"product_tag","embeddable":true,"href":"https:\/\/www.miomiorun.com\/de\/wp-json\/wp\/v2\/product_tag?post=79082"}],"curies":[{"name":"wp","href":"https:\/\/api.w.org\/{rel}","templated":true}]}}