{"id":78956,"date":"2021-09-18T10:33:46","date_gmt":"2021-09-18T08:33:46","guid":{"rendered":"https:\/\/miomiorun.com\/prodotto\/casall-double-up-shorts-donna\/"},"modified":"2022-07-18T18:56:22","modified_gmt":"2022-07-18T16:56:22","slug":"casall-double-up-shorts-damen","status":"publish","type":"product","link":"https:\/\/www.miomiorun.com\/de\/produkt\/casall-double-up-shorts-damen\/","title":{"rendered":"Double Up Shorts damen"},"content":{"rendered":"<p class=\"tw-data-text tw-text-large XcVN5d tw-ta\" dir=\"ltr\" data-placeholder=\"Traduzione\">Double Up f\u00fcr Frauen verdoppelt den Spa\u00df mit diesen doppellagigen Trikotshorts aus dem extra leichten, feuchtigkeitsregulierenden Material von Sensitive. Ein eleganter, seidiger Stoff auf der Au\u00dfenseite und eine eng anliegende, bel\u00fcftete Schicht darunter machen diese Shorts zu einer verspielten Erg\u00e4nzung Ihrer Garderobe.<\/p>\n<h3 dir=\"ltr\" data-placeholder=\"Traduzione\">Eigenschaften<\/h3>\n<ul>\n<li>Extra leichtes Hightech-Gewebe mit hervorragendem Feuchtigkeitsmanagement.<\/li>\n<li>Seidig wirkender Stoff.<\/li>\n<li>Perforierte Innenhose f\u00fcr optimale Bel\u00fcftung.<\/li>\n<li>\u00c4u\u00dfere Schicht mit flie\u00dfender Passform.<\/li>\n<li>Tasche am rechten Bein der Innenhose f\u00fcr Ihre Ger\u00e4te.<\/li>\n<li>Weicher, elastischer Bund f\u00fcr optimalen Komfort.<\/li>\n<li>Verschwei\u00dfte N\u00e4hte zur Minimierung der Reibung.<\/li>\n<li>Casall-Reflex-Logo unten links.<\/li>\n<\/ul>\n<p dir=\"ltr\" data-placeholder=\"Traduzione\">\n","protected":false},"excerpt":{"rendered":"<p>Double Up f\u00fcr Frauen verdoppelt den Spa\u00df mit diesen doppellagigen Trikotshorts aus dem extra leichten, feuchtigkeitsregulierenden Material von Sensitive. Ein eleganter, seidiger Stoff auf der Au\u00dfenseite und eine eng anliegende, bel\u00fcftete Schicht darunter machen diese Shorts zu einer verspielten Erg\u00e4nzung Ihrer Garderobe. Eigenschaften Extra leichtes Hightech-Gewebe mit hervorragendem Feuchtigkeitsmanagement. Seidig wirkender Stoff. Perforierte Innenhose f\u00fcr &hellip; <a href=\"https:\/\/www.miomiorun.com\/de\/produkt\/casall-double-up-shorts-damen\/\">Continued<\/a><\/p>\n","protected":false},"featured_media":58206,"template":"","meta":{"_acf_changed":false,"inline_featured_image":false},"product_brand":[],"product_cat":[6495,6494,6539],"product_tag":[3364,6209],"class_list":{"0":"post-78956","1":"product","2":"type-product","3":"status-publish","4":"has-post-thumbnail","6":"product_cat-sale-damen-de","7":"product_cat-sale-damen-bekleidung-de","8":"product_cat-sale-damen-shorts-de","9":"product_tag-casall-de","10":"product_tag-casall-damen-de","11":"pa_attivita-running-de","12":"pa_marca-casall-de","13":"pa_sesso-damen","14":"pa_size-large-de","16":"first","17":"instock","18":"sale","19":"taxable","20":"shipping-taxable","21":"purchasable","22":"product-type-variable","23":"wvs-archive-product-wrapper"},"acf":[],"yoast_head":"<!-- This site is optimized with the Yoast SEO plugin v26.8 - https:\/\/yoast.com\/product\/yoast-seo-wordpress\/ -->\n<title>Casall Double Up Shorts damen - Laufshorts - MioMioRun<\/title>\n<meta name=\"description\" content=\"Double Up f\u00fcr Frauen verdoppelt den Spa\u00df mit diesen doppellagigen Trikotshorts aus Sensitive-Stoff.\" \/>\n<meta name=\"robots\" content=\"index, follow, max-snippet:-1, max-image-preview:large, max-video-preview:-1\" \/>\n<link rel=\"canonical\" href=\"https:\/\/www.miomiorun.com\/de\/produkt\/casall-double-up-shorts-damen\/\" \/>\n<meta property=\"og:locale\" content=\"de_DE\" \/>\n<meta property=\"og:type\" content=\"article\" \/>\n<meta property=\"og:title\" content=\"Casall Double Up Shorts damen - Laufshorts - MioMioRun\" \/>\n<meta property=\"og:description\" content=\"Double Up f\u00fcr Frauen verdoppelt den Spa\u00df mit diesen doppellagigen Trikotshorts aus Sensitive-Stoff.\" \/>\n<meta property=\"og:url\" content=\"https:\/\/www.miomiorun.com\/de\/produkt\/casall-double-up-shorts-damen\/\" \/>\n<meta property=\"og:site_name\" content=\"MioMioRun\" \/>\n<meta property=\"article:publisher\" content=\"https:\/\/www.facebook.com\/miomiorun\/\" \/>\n<meta property=\"article:modified_time\" content=\"2022-07-18T16:56:22+00:00\" \/>\n<meta property=\"og:image\" content=\"https:\/\/www.miomiorun.com\/app\/uploads\/2021\/09\/casall-Double-up-shorts-18630-901.jpg\" \/>\n\t<meta property=\"og:image:width\" content=\"600\" \/>\n\t<meta property=\"og:image:height\" content=\"600\" \/>\n\t<meta property=\"og:image:type\" content=\"image\/jpeg\" \/>\n<meta name=\"twitter:card\" content=\"summary_large_image\" \/>\n<meta name=\"twitter:label1\" content=\"Est. reading time\" \/>\n\t<meta name=\"twitter:data1\" content=\"1 minute\" \/>\n<script type=\"application\/ld+json\" class=\"yoast-schema-graph\">{\"@context\":\"https:\/\/schema.org\",\"@graph\":[{\"@type\":\"WebPage\",\"@id\":\"https:\/\/www.miomiorun.com\/de\/produkt\/casall-double-up-shorts-damen\/\",\"url\":\"https:\/\/www.miomiorun.com\/de\/produkt\/casall-double-up-shorts-damen\/\",\"name\":\"Casall Double Up Shorts damen - Laufshorts - MioMioRun\",\"isPartOf\":{\"@id\":\"https:\/\/www.miomiorun.com\/de\/#website\"},\"primaryImageOfPage\":{\"@id\":\"https:\/\/www.miomiorun.com\/de\/produkt\/casall-double-up-shorts-damen\/#primaryimage\"},\"image\":{\"@id\":\"https:\/\/www.miomiorun.com\/de\/produkt\/casall-double-up-shorts-damen\/#primaryimage\"},\"thumbnailUrl\":\"https:\/\/www.miomiorun.com\/app\/uploads\/2021\/09\/casall-Double-up-shorts-18630-901.jpg\",\"datePublished\":\"2021-09-18T08:33:46+00:00\",\"dateModified\":\"2022-07-18T16:56:22+00:00\",\"description\":\"Double Up f\u00fcr Frauen verdoppelt den Spa\u00df mit diesen doppellagigen Trikotshorts aus Sensitive-Stoff.\",\"breadcrumb\":{\"@id\":\"https:\/\/www.miomiorun.com\/de\/produkt\/casall-double-up-shorts-damen\/#breadcrumb\"},\"inLanguage\":\"de-DE\",\"potentialAction\":[{\"@type\":\"ReadAction\",\"target\":[\"https:\/\/www.miomiorun.com\/de\/produkt\/casall-double-up-shorts-damen\/\"]}]},{\"@type\":\"ImageObject\",\"inLanguage\":\"de-DE\",\"@id\":\"https:\/\/www.miomiorun.com\/de\/produkt\/casall-double-up-shorts-damen\/#primaryimage\",\"url\":\"https:\/\/www.miomiorun.com\/app\/uploads\/2021\/09\/casall-Double-up-shorts-18630-901.jpg\",\"contentUrl\":\"https:\/\/www.miomiorun.com\/app\/uploads\/2021\/09\/casall-Double-up-shorts-18630-901.jpg\",\"width\":600,\"height\":600,\"caption\":\"casall-Double-up-shorts-18630-901\"},{\"@type\":\"BreadcrumbList\",\"@id\":\"https:\/\/www.miomiorun.com\/de\/produkt\/casall-double-up-shorts-damen\/#breadcrumb\",\"itemListElement\":[{\"@type\":\"ListItem\",\"position\":1,\"name\":\"Home\",\"item\":\"https:\/\/www.miomiorun.com\/de\/\"},{\"@type\":\"ListItem\",\"position\":2,\"name\":\"Shop\",\"item\":\"https:\/\/www.miomiorun.com\/shop\/\"},{\"@type\":\"ListItem\",\"position\":3,\"name\":\"Double Up Shorts damen\"}]},{\"@type\":\"WebSite\",\"@id\":\"https:\/\/www.miomiorun.com\/de\/#website\",\"url\":\"https:\/\/www.miomiorun.com\/de\/\",\"name\":\"MioMioRun\",\"description\":\"100% Lauf- und Trailshop\",\"publisher\":{\"@id\":\"https:\/\/www.miomiorun.com\/de\/#organization\"},\"potentialAction\":[{\"@type\":\"SearchAction\",\"target\":{\"@type\":\"EntryPoint\",\"urlTemplate\":\"https:\/\/www.miomiorun.com\/de\/?s={search_term_string}\"},\"query-input\":{\"@type\":\"PropertyValueSpecification\",\"valueRequired\":true,\"valueName\":\"search_term_string\"}}],\"inLanguage\":\"de-DE\"},{\"@type\":\"Organization\",\"@id\":\"https:\/\/www.miomiorun.com\/de\/#organization\",\"name\":\"MioMio Run\",\"url\":\"https:\/\/www.miomiorun.com\/de\/\",\"logo\":{\"@type\":\"ImageObject\",\"inLanguage\":\"de-DE\",\"@id\":\"https:\/\/www.miomiorun.com\/de\/#\/schema\/logo\/image\/\",\"url\":\"https:\/\/www.miomiorun.com\/app\/uploads\/2019\/12\/logomio.png\",\"contentUrl\":\"https:\/\/www.miomiorun.com\/app\/uploads\/2019\/12\/logomio.png\",\"width\":115,\"height\":82,\"caption\":\"MioMio Run\"},\"image\":{\"@id\":\"https:\/\/www.miomiorun.com\/de\/#\/schema\/logo\/image\/\"},\"sameAs\":[\"https:\/\/www.facebook.com\/miomiorun\/\",\"https:\/\/www.instagram.com\/miomiorun\/\"]}]}<\/script>\n<!-- \/ Yoast SEO plugin. -->","yoast_head_json":{"title":"Casall Double Up Shorts damen - Laufshorts - MioMioRun","description":"Double Up f\u00fcr Frauen verdoppelt den Spa\u00df mit diesen doppellagigen Trikotshorts aus Sensitive-Stoff.","robots":{"index":"index","follow":"follow","max-snippet":"max-snippet:-1","max-image-preview":"max-image-preview:large","max-video-preview":"max-video-preview:-1"},"canonical":"https:\/\/www.miomiorun.com\/de\/produkt\/casall-double-up-shorts-damen\/","og_locale":"de_DE","og_type":"article","og_title":"Casall Double Up Shorts damen - Laufshorts - MioMioRun","og_description":"Double Up f\u00fcr Frauen verdoppelt den Spa\u00df mit diesen doppellagigen Trikotshorts aus Sensitive-Stoff.","og_url":"https:\/\/www.miomiorun.com\/de\/produkt\/casall-double-up-shorts-damen\/","og_site_name":"MioMioRun","article_publisher":"https:\/\/www.facebook.com\/miomiorun\/","article_modified_time":"2022-07-18T16:56:22+00:00","og_image":[{"width":600,"height":600,"url":"https:\/\/www.miomiorun.com\/app\/uploads\/2021\/09\/casall-Double-up-shorts-18630-901.jpg","type":"image\/jpeg"}],"twitter_card":"summary_large_image","twitter_misc":{"Est. reading time":"1 minute"},"schema":{"@context":"https:\/\/schema.org","@graph":[{"@type":"WebPage","@id":"https:\/\/www.miomiorun.com\/de\/produkt\/casall-double-up-shorts-damen\/","url":"https:\/\/www.miomiorun.com\/de\/produkt\/casall-double-up-shorts-damen\/","name":"Casall Double Up Shorts damen - Laufshorts - MioMioRun","isPartOf":{"@id":"https:\/\/www.miomiorun.com\/de\/#website"},"primaryImageOfPage":{"@id":"https:\/\/www.miomiorun.com\/de\/produkt\/casall-double-up-shorts-damen\/#primaryimage"},"image":{"@id":"https:\/\/www.miomiorun.com\/de\/produkt\/casall-double-up-shorts-damen\/#primaryimage"},"thumbnailUrl":"https:\/\/www.miomiorun.com\/app\/uploads\/2021\/09\/casall-Double-up-shorts-18630-901.jpg","datePublished":"2021-09-18T08:33:46+00:00","dateModified":"2022-07-18T16:56:22+00:00","description":"Double Up f\u00fcr Frauen verdoppelt den Spa\u00df mit diesen doppellagigen Trikotshorts aus Sensitive-Stoff.","breadcrumb":{"@id":"https:\/\/www.miomiorun.com\/de\/produkt\/casall-double-up-shorts-damen\/#breadcrumb"},"inLanguage":"de-DE","potentialAction":[{"@type":"ReadAction","target":["https:\/\/www.miomiorun.com\/de\/produkt\/casall-double-up-shorts-damen\/"]}]},{"@type":"ImageObject","inLanguage":"de-DE","@id":"https:\/\/www.miomiorun.com\/de\/produkt\/casall-double-up-shorts-damen\/#primaryimage","url":"https:\/\/www.miomiorun.com\/app\/uploads\/2021\/09\/casall-Double-up-shorts-18630-901.jpg","contentUrl":"https:\/\/www.miomiorun.com\/app\/uploads\/2021\/09\/casall-Double-up-shorts-18630-901.jpg","width":600,"height":600,"caption":"casall-Double-up-shorts-18630-901"},{"@type":"BreadcrumbList","@id":"https:\/\/www.miomiorun.com\/de\/produkt\/casall-double-up-shorts-damen\/#breadcrumb","itemListElement":[{"@type":"ListItem","position":1,"name":"Home","item":"https:\/\/www.miomiorun.com\/de\/"},{"@type":"ListItem","position":2,"name":"Shop","item":"https:\/\/www.miomiorun.com\/shop\/"},{"@type":"ListItem","position":3,"name":"Double Up Shorts damen"}]},{"@type":"WebSite","@id":"https:\/\/www.miomiorun.com\/de\/#website","url":"https:\/\/www.miomiorun.com\/de\/","name":"MioMioRun","description":"100% Lauf- und Trailshop","publisher":{"@id":"https:\/\/www.miomiorun.com\/de\/#organization"},"potentialAction":[{"@type":"SearchAction","target":{"@type":"EntryPoint","urlTemplate":"https:\/\/www.miomiorun.com\/de\/?s={search_term_string}"},"query-input":{"@type":"PropertyValueSpecification","valueRequired":true,"valueName":"search_term_string"}}],"inLanguage":"de-DE"},{"@type":"Organization","@id":"https:\/\/www.miomiorun.com\/de\/#organization","name":"MioMio Run","url":"https:\/\/www.miomiorun.com\/de\/","logo":{"@type":"ImageObject","inLanguage":"de-DE","@id":"https:\/\/www.miomiorun.com\/de\/#\/schema\/logo\/image\/","url":"https:\/\/www.miomiorun.com\/app\/uploads\/2019\/12\/logomio.png","contentUrl":"https:\/\/www.miomiorun.com\/app\/uploads\/2019\/12\/logomio.png","width":115,"height":82,"caption":"MioMio Run"},"image":{"@id":"https:\/\/www.miomiorun.com\/de\/#\/schema\/logo\/image\/"},"sameAs":["https:\/\/www.facebook.com\/miomiorun\/","https:\/\/www.instagram.com\/miomiorun\/"]}]}},"_links":{"self":[{"href":"https:\/\/www.miomiorun.com\/de\/wp-json\/wp\/v2\/product\/78956","targetHints":{"allow":["GET"]}}],"collection":[{"href":"https:\/\/www.miomiorun.com\/de\/wp-json\/wp\/v2\/product"}],"about":[{"href":"https:\/\/www.miomiorun.com\/de\/wp-json\/wp\/v2\/types\/product"}],"wp:featuredmedia":[{"embeddable":true,"href":"https:\/\/www.miomiorun.com\/de\/wp-json\/wp\/v2\/media\/58206"}],"wp:attachment":[{"href":"https:\/\/www.miomiorun.com\/de\/wp-json\/wp\/v2\/media?parent=78956"}],"wp:term":[{"taxonomy":"product_brand","embeddable":true,"href":"https:\/\/www.miomiorun.com\/de\/wp-json\/wp\/v2\/product_brand?post=78956"},{"taxonomy":"product_cat","embeddable":true,"href":"https:\/\/www.miomiorun.com\/de\/wp-json\/wp\/v2\/product_cat?post=78956"},{"taxonomy":"product_tag","embeddable":true,"href":"https:\/\/www.miomiorun.com\/de\/wp-json\/wp\/v2\/product_tag?post=78956"}],"curies":[{"name":"wp","href":"https:\/\/api.w.org\/{rel}","templated":true}]}}