{"id":78935,"date":"2021-10-27T10:45:12","date_gmt":"2021-10-27T08:45:12","guid":{"rendered":"https:\/\/miomiorun.com\/prodotto\/falke-ru-3-4-tights-donna\/"},"modified":"2022-07-18T18:48:16","modified_gmt":"2022-07-18T16:48:16","slug":"falke-ru-3-4-tights-damen","status":"publish","type":"product","link":"https:\/\/www.miomiorun.com\/de\/produkt\/falke-ru-3-4-tights-damen\/","title":{"rendered":"Ru 3\/4 Tights damen"},"content":{"rendered":"<p><div class=\"vc-row container\"><div class=\"vc-column\"><div class=\"vc-column-text\"><\/p>\n<div class=\"product-section product-detailed-page__section product-detailed-page__section--details\">\n<div>\n<div>\n<div class=\"product-section__content\">\n<div class=\"product-features\">\n<p>Die ultraleichte 3\/4-Laufhose f\u00fcr Damen von Falke besteht aus einem funktionellen Stretchgewebe, das sich leicht waschen l\u00e4sst. Dank des elastischen Bunds und der schwei\u00dfabsorbierenden Frottee-Innenstruktur bieten diese Shorts maximalen Komfort und uneingeschr\u00e4nkte Bewegungsfreiheit und garantieren eine extrem schnelle Trocknung. Reflektierende Elemente sorgen f\u00fcr gute Sichtbarkeit auch bei Dunkelheit. Ein Rei\u00dfverschluss auf der R\u00fcckseite erm\u00f6glicht das Mitf\u00fchren kleiner Gegenst\u00e4nde.<\/p>\n<p><strong>Merkmale:<\/strong><\/p>\n<div class=\"product-section product-detailed-page__section product-detailed-page__section--details\">\n<div>\n<div>\n<div class=\"product-section__content\">\n<div class=\"product-features\">\n<ul class=\"product-features__list\">\n<li class=\"product-features__item\">Ultraleichte 3\/4-lange Laufshorts aus pflegeleichtem, dehnbarem Funktionsmaterial.<\/li>\n<li class=\"product-features__item\">Elastischer Saum mit innenliegender Spitze.<\/li>\n<li class=\"product-features__item\">Maximaler Komfort und uneingeschr\u00e4nkte Bewegungsfreiheit.<\/li>\n<li class=\"product-features__item\">Optimale Feuchtigkeitsaufnahme und schnelle Trocknung.<\/li>\n<li class=\"product-features__item\">Reflektierende Elemente f\u00fcr bessere Sichtbarkeit.<\/li>\n<li>Ges\u00e4\u00dftasche.<\/li>\n<\/ul>\n<\/div>\n<\/div>\n<\/div>\n<\/div>\n<\/div>\n<div class=\"product-section product-detailed-page__section product-detailed-page__section--description\">\n<div>\n<div>\n<div class=\"product-section__content\"><\/div>\n<\/div>\n<\/div>\n<\/div>\n<p>&nbsp;<\/p>\n<\/div>\n<\/div>\n<\/div>\n<\/div>\n<\/div>\n<div class=\"product-section product-detailed-page__section product-detailed-page__section--description\">\n<div>\n<div>\n<div class=\"product-section__content\"><\/div>\n<\/div>\n<\/div>\n<\/div>\n<p>&nbsp;<\/p>\n<div class=\"\">\n<div>\n<div class=\"product-section product-detailed-page__section product-detailed-page__section--description\">\n<div>\n<div><\/div>\n<\/div>\n<\/div>\n<\/div>\n<\/div>\n<p>&nbsp;<\/p>\n<p>&nbsp;<\/p>\n<div class=\"product-section product-detailed-page__section product-detailed-page__section--description\">\n<div>\n<div>\n<div class=\"product-section__content\">\n<div class=\"product-description\">\n<div class=\"product-description__content\"><\/div>\n<\/div>\n<\/div>\n<\/div>\n<\/div>\n<\/div>\n<p><\/div><div class=\"vc-column-text\"><\/div><\/div><\/div><div class=\"vc-row container\"><div class=\"vc-column\"><div class=\"vc-column-text\"><\/p>\n<div class=\"product-functional-symbols__image-container\"><img decoding=\"async\" class=\"product-functional-symbols__image aligncenter\" src=\"https:\/\/www.falke.com\/it_it\/9dd393d722265eb755772abd698b837041098075\/assets\/base\/staticImages\/functionalsymbols\/icon_feuchtigkeitsregulierend.svg\" \/><\/div>\n<div class=\"product-functional-symbols__name\" style=\"text-align: center;\">Reguliert die Luftfeuchtigkeit<\/div>\n<p><\/div><\/div><div class=\"vc-column\"><div class=\"vc-column-text\"><\/p>\n<div class=\"product-functional-symbols__image-container\"><img decoding=\"async\" class=\"product-functional-symbols__image aligncenter\" src=\"https:\/\/www.falke.com\/it_it\/9dd393d722265eb755772abd698b837041098075\/assets\/base\/staticImages\/functionalsymbols\/icon_schnellste_ruecktrocknung.svg\" \/><\/div>\n<div class=\"product-functional-symbols__name\" style=\"text-align: center;\">Schnelleres Trocknen<\/div>\n<p><\/div><\/div><\/div><div class=\"vc-row container\"><div class=\"vc-column\"><div class=\"vc-column-text\">Material: 90% Polyamid, 10% Elasthan<\/p>\n<p>Komfort : Bewegungsfreiheit, Angenehm weich<\/p>\n<p>Passform : Eng anliegend<\/p>\n<p>Beinl\u00e4nge : 3\/4<\/p>\n<p>Aussehen : Sportlich<\/div><\/div><\/div><\/p>\n","protected":false},"excerpt":{"rendered":"","protected":false},"featured_media":59438,"template":"","meta":{"_acf_changed":false,"inline_featured_image":false},"product_brand":[],"product_cat":[6492,6495,6494,6539],"product_tag":[6245,6246],"class_list":{"0":"post-78935","1":"product","2":"type-product","3":"status-publish","4":"has-post-thumbnail","6":"product_cat-sale-de","7":"product_cat-sale-damen-de","8":"product_cat-sale-damen-bekleidung-de","9":"product_cat-sale-damen-shorts-de","10":"product_tag-falke-de","11":"product_tag-falke-damen-de","12":"pa_attivita-fitness-de","13":"pa_attivita-gehen","14":"pa_attivita-running-de","15":"pa_marca-falke-de","16":"pa_sesso-damen","17":"pa_size-small-de","19":"first","20":"instock","21":"sale","22":"taxable","23":"shipping-taxable","24":"purchasable","25":"product-type-variable","26":"wvs-archive-product-wrapper"},"acf":[],"yoast_head":"<!-- This site is optimized with the Yoast SEO plugin v26.8 - https:\/\/yoast.com\/product\/yoast-seo-wordpress\/ -->\n<title>Falke Ru 3\/4 Tights damen - Laufhose - MioMioRun.com<\/title>\n<meta name=\"description\" content=\"Die ultraleichte 3\/4-Laufhose von Falke f\u00fcr Damen besteht aus einem funktionellen Stretchgewebe, das sich leicht waschen l\u00e4sst.\" \/>\n<meta name=\"robots\" content=\"index, follow, max-snippet:-1, max-image-preview:large, max-video-preview:-1\" \/>\n<link rel=\"canonical\" href=\"https:\/\/www.miomiorun.com\/de\/produkt\/falke-ru-3-4-tights-damen\/\" \/>\n<meta property=\"og:locale\" content=\"de_DE\" \/>\n<meta property=\"og:type\" content=\"article\" \/>\n<meta property=\"og:title\" content=\"Falke Ru 3\/4 Tights damen - Laufhose - MioMioRun.com\" \/>\n<meta property=\"og:description\" content=\"Die ultraleichte 3\/4-Laufhose von Falke f\u00fcr Damen besteht aus einem funktionellen Stretchgewebe, das sich leicht waschen l\u00e4sst.\" \/>\n<meta property=\"og:url\" content=\"https:\/\/www.miomiorun.com\/de\/produkt\/falke-ru-3-4-tights-damen\/\" \/>\n<meta property=\"og:site_name\" content=\"MioMioRun\" \/>\n<meta property=\"article:publisher\" content=\"https:\/\/www.facebook.com\/miomiorun\/\" \/>\n<meta property=\"article:modified_time\" content=\"2022-07-18T16:48:16+00:00\" \/>\n<meta property=\"og:image\" content=\"https:\/\/www.miomiorun.com\/app\/uploads\/2021\/10\/falke-RU-3-4-Tights-W-38188-3000.jpg\" \/>\n\t<meta property=\"og:image:width\" content=\"600\" \/>\n\t<meta property=\"og:image:height\" content=\"600\" \/>\n\t<meta property=\"og:image:type\" content=\"image\/jpeg\" \/>\n<meta name=\"twitter:card\" content=\"summary_large_image\" \/>\n<meta name=\"twitter:label1\" content=\"Est. reading time\" \/>\n\t<meta name=\"twitter:data1\" content=\"2 minutes\" \/>\n<script type=\"application\/ld+json\" class=\"yoast-schema-graph\">{\"@context\":\"https:\/\/schema.org\",\"@graph\":[{\"@type\":\"WebPage\",\"@id\":\"https:\/\/www.miomiorun.com\/de\/produkt\/falke-ru-3-4-tights-damen\/\",\"url\":\"https:\/\/www.miomiorun.com\/de\/produkt\/falke-ru-3-4-tights-damen\/\",\"name\":\"Falke Ru 3\/4 Tights damen - Laufhose - MioMioRun.com\",\"isPartOf\":{\"@id\":\"https:\/\/www.miomiorun.com\/de\/#website\"},\"primaryImageOfPage\":{\"@id\":\"https:\/\/www.miomiorun.com\/de\/produkt\/falke-ru-3-4-tights-damen\/#primaryimage\"},\"image\":{\"@id\":\"https:\/\/www.miomiorun.com\/de\/produkt\/falke-ru-3-4-tights-damen\/#primaryimage\"},\"thumbnailUrl\":\"https:\/\/www.miomiorun.com\/app\/uploads\/2021\/10\/falke-RU-3-4-Tights-W-38188-3000.jpg\",\"datePublished\":\"2021-10-27T08:45:12+00:00\",\"dateModified\":\"2022-07-18T16:48:16+00:00\",\"description\":\"Die ultraleichte 3\/4-Laufhose von Falke f\u00fcr Damen besteht aus einem funktionellen Stretchgewebe, das sich leicht waschen l\u00e4sst.\",\"breadcrumb\":{\"@id\":\"https:\/\/www.miomiorun.com\/de\/produkt\/falke-ru-3-4-tights-damen\/#breadcrumb\"},\"inLanguage\":\"de-DE\",\"potentialAction\":[{\"@type\":\"ReadAction\",\"target\":[\"https:\/\/www.miomiorun.com\/de\/produkt\/falke-ru-3-4-tights-damen\/\"]}]},{\"@type\":\"ImageObject\",\"inLanguage\":\"de-DE\",\"@id\":\"https:\/\/www.miomiorun.com\/de\/produkt\/falke-ru-3-4-tights-damen\/#primaryimage\",\"url\":\"https:\/\/www.miomiorun.com\/app\/uploads\/2021\/10\/falke-RU-3-4-Tights-W-38188-3000.jpg\",\"contentUrl\":\"https:\/\/www.miomiorun.com\/app\/uploads\/2021\/10\/falke-RU-3-4-Tights-W-38188-3000.jpg\",\"width\":600,\"height\":600,\"caption\":\"falke ru 3\/4 tights fronte\"},{\"@type\":\"BreadcrumbList\",\"@id\":\"https:\/\/www.miomiorun.com\/de\/produkt\/falke-ru-3-4-tights-damen\/#breadcrumb\",\"itemListElement\":[{\"@type\":\"ListItem\",\"position\":1,\"name\":\"Home\",\"item\":\"https:\/\/www.miomiorun.com\/de\/\"},{\"@type\":\"ListItem\",\"position\":2,\"name\":\"Shop\",\"item\":\"https:\/\/www.miomiorun.com\/shop\/\"},{\"@type\":\"ListItem\",\"position\":3,\"name\":\"Ru 3\/4 Tights damen\"}]},{\"@type\":\"WebSite\",\"@id\":\"https:\/\/www.miomiorun.com\/de\/#website\",\"url\":\"https:\/\/www.miomiorun.com\/de\/\",\"name\":\"MioMioRun\",\"description\":\"100% Lauf- und Trailshop\",\"publisher\":{\"@id\":\"https:\/\/www.miomiorun.com\/de\/#organization\"},\"potentialAction\":[{\"@type\":\"SearchAction\",\"target\":{\"@type\":\"EntryPoint\",\"urlTemplate\":\"https:\/\/www.miomiorun.com\/de\/?s={search_term_string}\"},\"query-input\":{\"@type\":\"PropertyValueSpecification\",\"valueRequired\":true,\"valueName\":\"search_term_string\"}}],\"inLanguage\":\"de-DE\"},{\"@type\":\"Organization\",\"@id\":\"https:\/\/www.miomiorun.com\/de\/#organization\",\"name\":\"MioMio Run\",\"url\":\"https:\/\/www.miomiorun.com\/de\/\",\"logo\":{\"@type\":\"ImageObject\",\"inLanguage\":\"de-DE\",\"@id\":\"https:\/\/www.miomiorun.com\/de\/#\/schema\/logo\/image\/\",\"url\":\"https:\/\/www.miomiorun.com\/app\/uploads\/2019\/12\/logomio.png\",\"contentUrl\":\"https:\/\/www.miomiorun.com\/app\/uploads\/2019\/12\/logomio.png\",\"width\":115,\"height\":82,\"caption\":\"MioMio Run\"},\"image\":{\"@id\":\"https:\/\/www.miomiorun.com\/de\/#\/schema\/logo\/image\/\"},\"sameAs\":[\"https:\/\/www.facebook.com\/miomiorun\/\",\"https:\/\/www.instagram.com\/miomiorun\/\"]}]}<\/script>\n<!-- \/ Yoast SEO plugin. -->","yoast_head_json":{"title":"Falke Ru 3\/4 Tights damen - Laufhose - MioMioRun.com","description":"Die ultraleichte 3\/4-Laufhose von Falke f\u00fcr Damen besteht aus einem funktionellen Stretchgewebe, das sich leicht waschen l\u00e4sst.","robots":{"index":"index","follow":"follow","max-snippet":"max-snippet:-1","max-image-preview":"max-image-preview:large","max-video-preview":"max-video-preview:-1"},"canonical":"https:\/\/www.miomiorun.com\/de\/produkt\/falke-ru-3-4-tights-damen\/","og_locale":"de_DE","og_type":"article","og_title":"Falke Ru 3\/4 Tights damen - Laufhose - MioMioRun.com","og_description":"Die ultraleichte 3\/4-Laufhose von Falke f\u00fcr Damen besteht aus einem funktionellen Stretchgewebe, das sich leicht waschen l\u00e4sst.","og_url":"https:\/\/www.miomiorun.com\/de\/produkt\/falke-ru-3-4-tights-damen\/","og_site_name":"MioMioRun","article_publisher":"https:\/\/www.facebook.com\/miomiorun\/","article_modified_time":"2022-07-18T16:48:16+00:00","og_image":[{"width":600,"height":600,"url":"https:\/\/www.miomiorun.com\/app\/uploads\/2021\/10\/falke-RU-3-4-Tights-W-38188-3000.jpg","type":"image\/jpeg"}],"twitter_card":"summary_large_image","twitter_misc":{"Est. reading time":"2 minutes"},"schema":{"@context":"https:\/\/schema.org","@graph":[{"@type":"WebPage","@id":"https:\/\/www.miomiorun.com\/de\/produkt\/falke-ru-3-4-tights-damen\/","url":"https:\/\/www.miomiorun.com\/de\/produkt\/falke-ru-3-4-tights-damen\/","name":"Falke Ru 3\/4 Tights damen - Laufhose - MioMioRun.com","isPartOf":{"@id":"https:\/\/www.miomiorun.com\/de\/#website"},"primaryImageOfPage":{"@id":"https:\/\/www.miomiorun.com\/de\/produkt\/falke-ru-3-4-tights-damen\/#primaryimage"},"image":{"@id":"https:\/\/www.miomiorun.com\/de\/produkt\/falke-ru-3-4-tights-damen\/#primaryimage"},"thumbnailUrl":"https:\/\/www.miomiorun.com\/app\/uploads\/2021\/10\/falke-RU-3-4-Tights-W-38188-3000.jpg","datePublished":"2021-10-27T08:45:12+00:00","dateModified":"2022-07-18T16:48:16+00:00","description":"Die ultraleichte 3\/4-Laufhose von Falke f\u00fcr Damen besteht aus einem funktionellen Stretchgewebe, das sich leicht waschen l\u00e4sst.","breadcrumb":{"@id":"https:\/\/www.miomiorun.com\/de\/produkt\/falke-ru-3-4-tights-damen\/#breadcrumb"},"inLanguage":"de-DE","potentialAction":[{"@type":"ReadAction","target":["https:\/\/www.miomiorun.com\/de\/produkt\/falke-ru-3-4-tights-damen\/"]}]},{"@type":"ImageObject","inLanguage":"de-DE","@id":"https:\/\/www.miomiorun.com\/de\/produkt\/falke-ru-3-4-tights-damen\/#primaryimage","url":"https:\/\/www.miomiorun.com\/app\/uploads\/2021\/10\/falke-RU-3-4-Tights-W-38188-3000.jpg","contentUrl":"https:\/\/www.miomiorun.com\/app\/uploads\/2021\/10\/falke-RU-3-4-Tights-W-38188-3000.jpg","width":600,"height":600,"caption":"falke ru 3\/4 tights fronte"},{"@type":"BreadcrumbList","@id":"https:\/\/www.miomiorun.com\/de\/produkt\/falke-ru-3-4-tights-damen\/#breadcrumb","itemListElement":[{"@type":"ListItem","position":1,"name":"Home","item":"https:\/\/www.miomiorun.com\/de\/"},{"@type":"ListItem","position":2,"name":"Shop","item":"https:\/\/www.miomiorun.com\/shop\/"},{"@type":"ListItem","position":3,"name":"Ru 3\/4 Tights damen"}]},{"@type":"WebSite","@id":"https:\/\/www.miomiorun.com\/de\/#website","url":"https:\/\/www.miomiorun.com\/de\/","name":"MioMioRun","description":"100% Lauf- und Trailshop","publisher":{"@id":"https:\/\/www.miomiorun.com\/de\/#organization"},"potentialAction":[{"@type":"SearchAction","target":{"@type":"EntryPoint","urlTemplate":"https:\/\/www.miomiorun.com\/de\/?s={search_term_string}"},"query-input":{"@type":"PropertyValueSpecification","valueRequired":true,"valueName":"search_term_string"}}],"inLanguage":"de-DE"},{"@type":"Organization","@id":"https:\/\/www.miomiorun.com\/de\/#organization","name":"MioMio Run","url":"https:\/\/www.miomiorun.com\/de\/","logo":{"@type":"ImageObject","inLanguage":"de-DE","@id":"https:\/\/www.miomiorun.com\/de\/#\/schema\/logo\/image\/","url":"https:\/\/www.miomiorun.com\/app\/uploads\/2019\/12\/logomio.png","contentUrl":"https:\/\/www.miomiorun.com\/app\/uploads\/2019\/12\/logomio.png","width":115,"height":82,"caption":"MioMio Run"},"image":{"@id":"https:\/\/www.miomiorun.com\/de\/#\/schema\/logo\/image\/"},"sameAs":["https:\/\/www.facebook.com\/miomiorun\/","https:\/\/www.instagram.com\/miomiorun\/"]}]}},"_links":{"self":[{"href":"https:\/\/www.miomiorun.com\/de\/wp-json\/wp\/v2\/product\/78935","targetHints":{"allow":["GET"]}}],"collection":[{"href":"https:\/\/www.miomiorun.com\/de\/wp-json\/wp\/v2\/product"}],"about":[{"href":"https:\/\/www.miomiorun.com\/de\/wp-json\/wp\/v2\/types\/product"}],"wp:featuredmedia":[{"embeddable":true,"href":"https:\/\/www.miomiorun.com\/de\/wp-json\/wp\/v2\/media\/59438"}],"wp:attachment":[{"href":"https:\/\/www.miomiorun.com\/de\/wp-json\/wp\/v2\/media?parent=78935"}],"wp:term":[{"taxonomy":"product_brand","embeddable":true,"href":"https:\/\/www.miomiorun.com\/de\/wp-json\/wp\/v2\/product_brand?post=78935"},{"taxonomy":"product_cat","embeddable":true,"href":"https:\/\/www.miomiorun.com\/de\/wp-json\/wp\/v2\/product_cat?post=78935"},{"taxonomy":"product_tag","embeddable":true,"href":"https:\/\/www.miomiorun.com\/de\/wp-json\/wp\/v2\/product_tag?post=78935"}],"curies":[{"name":"wp","href":"https:\/\/api.w.org\/{rel}","templated":true}]}}