{"id":78693,"date":"2021-07-27T19:09:47","date_gmt":"2021-07-27T17:09:47","guid":{"rendered":"https:\/\/miomiorun.com\/prodotto\/newline-imotion-warm-heather-shirt-donna\/"},"modified":"2022-07-15T16:09:20","modified_gmt":"2022-07-15T14:09:20","slug":"newline-imotion-warm-heather-shirt-damen","status":"publish","type":"product","link":"https:\/\/www.miomiorun.com\/de\/produkt\/newline-imotion-warm-heather-shirt-damen\/","title":{"rendered":"Imotion Warm Heather Shirt damen"},"content":{"rendered":"<p>Das lang\u00e4rmlige Newline Imotion Warm Heather Shirt f\u00fcr Frauen ist ein eng anliegendes Trikot f\u00fcr den Laufsport. Es hat Raglan\u00e4rmel f\u00fcr volle Bewegungsfreiheit. Sie hat einen zentralen Rei\u00dfverschluss und einen Kinnschutz.<\/p>\n<p>Der Kragen hilft, den Hals warm zu halten und die Exposition gegen\u00fcber kalter Luft zu verringern. Vorhandensein von Flachn\u00e4hten.<\/p>\n<p>Weicher Komfort mit einem Innenfutter f\u00fcr maximalen Komfort auch bei niedrigen Temperaturen.<\/p>\n<p>Reflektierende Details f\u00fcr bessere Sichtbarkeit.<\/p>\n<p>&nbsp;<\/p>\n<h3>Eigenschaften<\/h3>\n<ul>\n<li>Pullover mit Rei\u00dfverschluss und Kragen.<\/li>\n<li>Flatlock-N\u00e4hte.<\/li>\n<li>Reflektierende Details.<\/li>\n<\/ul>\n","protected":false},"excerpt":{"rendered":"<p>Das lang\u00e4rmlige Newline Imotion Warm Heather Shirt f\u00fcr Frauen ist ein eng anliegendes Trikot f\u00fcr den Laufsport. Es hat Raglan\u00e4rmel f\u00fcr volle Bewegungsfreiheit. Sie hat einen zentralen Rei\u00dfverschluss und einen Kinnschutz. Der Kragen hilft, den Hals warm zu halten und die Exposition gegen\u00fcber kalter Luft zu verringern. Vorhandensein von Flachn\u00e4hten. Weicher Komfort mit einem Innenfutter &hellip; <a href=\"https:\/\/www.miomiorun.com\/de\/produkt\/newline-imotion-warm-heather-shirt-damen\/\">Continued<\/a><\/p>\n","protected":false},"featured_media":56947,"template":"","meta":{"_acf_changed":false,"inline_featured_image":false},"product_brand":[],"product_cat":[6495,6494,6496],"product_tag":[3385,6268],"class_list":{"0":"post-78693","1":"product","2":"type-product","3":"status-publish","4":"has-post-thumbnail","6":"product_cat-sale-damen-de","7":"product_cat-sale-damen-bekleidung-de","8":"product_cat-sale-langarmshirt-damen-de","9":"product_tag-newline-de","10":"product_tag-newline-damen-de","11":"pa_attivita-fitness-de","12":"pa_attivita-gehen","13":"pa_attivita-running-de","14":"pa_colore-imotion-heather-warm-shirt-70205-392-de","15":"pa_marca-newline-de","16":"pa_sesso-damen","17":"pa_size-large-de","19":"first","20":"instock","21":"sale","22":"taxable","23":"shipping-taxable","24":"purchasable","25":"product-type-variable","26":"wvs-archive-product-wrapper"},"acf":[],"yoast_head":"<!-- This site is optimized with the Yoast SEO plugin v26.8 - https:\/\/yoast.com\/product\/yoast-seo-wordpress\/ -->\n<title>Newline Imotion Warm Heather Shirt damen - Laufendes Trikot - MioMioRun<\/title>\n<meta name=\"description\" content=\"Das lang\u00e4rmlige Newline Imotion Warm Heather Shirt f\u00fcr Frauen ist ein eng anliegendes Trikot f\u00fcr den Laufsport. Ausgestattet mit Raglan\u00e4rmeln f\u00fcr volle\" \/>\n<meta name=\"robots\" content=\"index, follow, max-snippet:-1, max-image-preview:large, max-video-preview:-1\" \/>\n<link rel=\"canonical\" href=\"https:\/\/www.miomiorun.com\/de\/produkt\/newline-imotion-warm-heather-shirt-damen\/\" \/>\n<meta property=\"og:locale\" content=\"de_DE\" \/>\n<meta property=\"og:type\" content=\"article\" \/>\n<meta property=\"og:title\" content=\"Newline Imotion Warm Heather Shirt damen - Laufendes Trikot - MioMioRun\" \/>\n<meta property=\"og:description\" content=\"Das lang\u00e4rmlige Newline Imotion Warm Heather Shirt f\u00fcr Frauen ist ein eng anliegendes Trikot f\u00fcr den Laufsport. Ausgestattet mit Raglan\u00e4rmeln f\u00fcr volle\" \/>\n<meta property=\"og:url\" content=\"https:\/\/www.miomiorun.com\/de\/produkt\/newline-imotion-warm-heather-shirt-damen\/\" \/>\n<meta property=\"og:site_name\" content=\"MioMioRun\" \/>\n<meta property=\"article:publisher\" content=\"https:\/\/www.facebook.com\/miomiorun\/\" \/>\n<meta property=\"article:modified_time\" content=\"2022-07-15T14:09:20+00:00\" \/>\n<meta property=\"og:image\" content=\"https:\/\/www.miomiorun.com\/app\/uploads\/2021\/07\/newline-Imotion-heather-warm-shirt-70205-392.jpg\" \/>\n\t<meta property=\"og:image:width\" content=\"600\" \/>\n\t<meta property=\"og:image:height\" content=\"600\" \/>\n\t<meta property=\"og:image:type\" content=\"image\/jpeg\" \/>\n<meta name=\"twitter:card\" content=\"summary_large_image\" \/>\n<meta name=\"twitter:label1\" content=\"Est. reading time\" \/>\n\t<meta name=\"twitter:data1\" content=\"1 minute\" \/>\n<script type=\"application\/ld+json\" class=\"yoast-schema-graph\">{\"@context\":\"https:\/\/schema.org\",\"@graph\":[{\"@type\":\"WebPage\",\"@id\":\"https:\/\/www.miomiorun.com\/de\/produkt\/newline-imotion-warm-heather-shirt-damen\/\",\"url\":\"https:\/\/www.miomiorun.com\/de\/produkt\/newline-imotion-warm-heather-shirt-damen\/\",\"name\":\"Newline Imotion Warm Heather Shirt damen - Laufendes Trikot - MioMioRun\",\"isPartOf\":{\"@id\":\"https:\/\/www.miomiorun.com\/de\/#website\"},\"primaryImageOfPage\":{\"@id\":\"https:\/\/www.miomiorun.com\/de\/produkt\/newline-imotion-warm-heather-shirt-damen\/#primaryimage\"},\"image\":{\"@id\":\"https:\/\/www.miomiorun.com\/de\/produkt\/newline-imotion-warm-heather-shirt-damen\/#primaryimage\"},\"thumbnailUrl\":\"https:\/\/www.miomiorun.com\/app\/uploads\/2021\/07\/newline-Imotion-heather-warm-shirt-70205-392.jpg\",\"datePublished\":\"2021-07-27T17:09:47+00:00\",\"dateModified\":\"2022-07-15T14:09:20+00:00\",\"description\":\"Das lang\u00e4rmlige Newline Imotion Warm Heather Shirt f\u00fcr Frauen ist ein eng anliegendes Trikot f\u00fcr den Laufsport. Ausgestattet mit Raglan\u00e4rmeln f\u00fcr volle\",\"breadcrumb\":{\"@id\":\"https:\/\/www.miomiorun.com\/de\/produkt\/newline-imotion-warm-heather-shirt-damen\/#breadcrumb\"},\"inLanguage\":\"de-DE\",\"potentialAction\":[{\"@type\":\"ReadAction\",\"target\":[\"https:\/\/www.miomiorun.com\/de\/produkt\/newline-imotion-warm-heather-shirt-damen\/\"]}]},{\"@type\":\"ImageObject\",\"inLanguage\":\"de-DE\",\"@id\":\"https:\/\/www.miomiorun.com\/de\/produkt\/newline-imotion-warm-heather-shirt-damen\/#primaryimage\",\"url\":\"https:\/\/www.miomiorun.com\/app\/uploads\/2021\/07\/newline-Imotion-heather-warm-shirt-70205-392.jpg\",\"contentUrl\":\"https:\/\/www.miomiorun.com\/app\/uploads\/2021\/07\/newline-Imotion-heather-warm-shirt-70205-392.jpg\",\"width\":600,\"height\":600,\"caption\":\"newline imotion warm heather shirt\"},{\"@type\":\"BreadcrumbList\",\"@id\":\"https:\/\/www.miomiorun.com\/de\/produkt\/newline-imotion-warm-heather-shirt-damen\/#breadcrumb\",\"itemListElement\":[{\"@type\":\"ListItem\",\"position\":1,\"name\":\"Home\",\"item\":\"https:\/\/www.miomiorun.com\/de\/\"},{\"@type\":\"ListItem\",\"position\":2,\"name\":\"Shop\",\"item\":\"https:\/\/www.miomiorun.com\/shop\/\"},{\"@type\":\"ListItem\",\"position\":3,\"name\":\"Imotion Warm Heather Shirt damen\"}]},{\"@type\":\"WebSite\",\"@id\":\"https:\/\/www.miomiorun.com\/de\/#website\",\"url\":\"https:\/\/www.miomiorun.com\/de\/\",\"name\":\"MioMioRun\",\"description\":\"100% Lauf- und Trailshop\",\"publisher\":{\"@id\":\"https:\/\/www.miomiorun.com\/de\/#organization\"},\"potentialAction\":[{\"@type\":\"SearchAction\",\"target\":{\"@type\":\"EntryPoint\",\"urlTemplate\":\"https:\/\/www.miomiorun.com\/de\/?s={search_term_string}\"},\"query-input\":{\"@type\":\"PropertyValueSpecification\",\"valueRequired\":true,\"valueName\":\"search_term_string\"}}],\"inLanguage\":\"de-DE\"},{\"@type\":\"Organization\",\"@id\":\"https:\/\/www.miomiorun.com\/de\/#organization\",\"name\":\"MioMio Run\",\"url\":\"https:\/\/www.miomiorun.com\/de\/\",\"logo\":{\"@type\":\"ImageObject\",\"inLanguage\":\"de-DE\",\"@id\":\"https:\/\/www.miomiorun.com\/de\/#\/schema\/logo\/image\/\",\"url\":\"https:\/\/www.miomiorun.com\/app\/uploads\/2019\/12\/logomio.png\",\"contentUrl\":\"https:\/\/www.miomiorun.com\/app\/uploads\/2019\/12\/logomio.png\",\"width\":115,\"height\":82,\"caption\":\"MioMio Run\"},\"image\":{\"@id\":\"https:\/\/www.miomiorun.com\/de\/#\/schema\/logo\/image\/\"},\"sameAs\":[\"https:\/\/www.facebook.com\/miomiorun\/\",\"https:\/\/www.instagram.com\/miomiorun\/\"]}]}<\/script>\n<!-- \/ Yoast SEO plugin. -->","yoast_head_json":{"title":"Newline Imotion Warm Heather Shirt damen - Laufendes Trikot - MioMioRun","description":"Das lang\u00e4rmlige Newline Imotion Warm Heather Shirt f\u00fcr Frauen ist ein eng anliegendes Trikot f\u00fcr den Laufsport. Ausgestattet mit Raglan\u00e4rmeln f\u00fcr volle","robots":{"index":"index","follow":"follow","max-snippet":"max-snippet:-1","max-image-preview":"max-image-preview:large","max-video-preview":"max-video-preview:-1"},"canonical":"https:\/\/www.miomiorun.com\/de\/produkt\/newline-imotion-warm-heather-shirt-damen\/","og_locale":"de_DE","og_type":"article","og_title":"Newline Imotion Warm Heather Shirt damen - Laufendes Trikot - MioMioRun","og_description":"Das lang\u00e4rmlige Newline Imotion Warm Heather Shirt f\u00fcr Frauen ist ein eng anliegendes Trikot f\u00fcr den Laufsport. Ausgestattet mit Raglan\u00e4rmeln f\u00fcr volle","og_url":"https:\/\/www.miomiorun.com\/de\/produkt\/newline-imotion-warm-heather-shirt-damen\/","og_site_name":"MioMioRun","article_publisher":"https:\/\/www.facebook.com\/miomiorun\/","article_modified_time":"2022-07-15T14:09:20+00:00","og_image":[{"width":600,"height":600,"url":"https:\/\/www.miomiorun.com\/app\/uploads\/2021\/07\/newline-Imotion-heather-warm-shirt-70205-392.jpg","type":"image\/jpeg"}],"twitter_card":"summary_large_image","twitter_misc":{"Est. reading time":"1 minute"},"schema":{"@context":"https:\/\/schema.org","@graph":[{"@type":"WebPage","@id":"https:\/\/www.miomiorun.com\/de\/produkt\/newline-imotion-warm-heather-shirt-damen\/","url":"https:\/\/www.miomiorun.com\/de\/produkt\/newline-imotion-warm-heather-shirt-damen\/","name":"Newline Imotion Warm Heather Shirt damen - Laufendes Trikot - MioMioRun","isPartOf":{"@id":"https:\/\/www.miomiorun.com\/de\/#website"},"primaryImageOfPage":{"@id":"https:\/\/www.miomiorun.com\/de\/produkt\/newline-imotion-warm-heather-shirt-damen\/#primaryimage"},"image":{"@id":"https:\/\/www.miomiorun.com\/de\/produkt\/newline-imotion-warm-heather-shirt-damen\/#primaryimage"},"thumbnailUrl":"https:\/\/www.miomiorun.com\/app\/uploads\/2021\/07\/newline-Imotion-heather-warm-shirt-70205-392.jpg","datePublished":"2021-07-27T17:09:47+00:00","dateModified":"2022-07-15T14:09:20+00:00","description":"Das lang\u00e4rmlige Newline Imotion Warm Heather Shirt f\u00fcr Frauen ist ein eng anliegendes Trikot f\u00fcr den Laufsport. Ausgestattet mit Raglan\u00e4rmeln f\u00fcr volle","breadcrumb":{"@id":"https:\/\/www.miomiorun.com\/de\/produkt\/newline-imotion-warm-heather-shirt-damen\/#breadcrumb"},"inLanguage":"de-DE","potentialAction":[{"@type":"ReadAction","target":["https:\/\/www.miomiorun.com\/de\/produkt\/newline-imotion-warm-heather-shirt-damen\/"]}]},{"@type":"ImageObject","inLanguage":"de-DE","@id":"https:\/\/www.miomiorun.com\/de\/produkt\/newline-imotion-warm-heather-shirt-damen\/#primaryimage","url":"https:\/\/www.miomiorun.com\/app\/uploads\/2021\/07\/newline-Imotion-heather-warm-shirt-70205-392.jpg","contentUrl":"https:\/\/www.miomiorun.com\/app\/uploads\/2021\/07\/newline-Imotion-heather-warm-shirt-70205-392.jpg","width":600,"height":600,"caption":"newline imotion warm heather shirt"},{"@type":"BreadcrumbList","@id":"https:\/\/www.miomiorun.com\/de\/produkt\/newline-imotion-warm-heather-shirt-damen\/#breadcrumb","itemListElement":[{"@type":"ListItem","position":1,"name":"Home","item":"https:\/\/www.miomiorun.com\/de\/"},{"@type":"ListItem","position":2,"name":"Shop","item":"https:\/\/www.miomiorun.com\/shop\/"},{"@type":"ListItem","position":3,"name":"Imotion Warm Heather Shirt damen"}]},{"@type":"WebSite","@id":"https:\/\/www.miomiorun.com\/de\/#website","url":"https:\/\/www.miomiorun.com\/de\/","name":"MioMioRun","description":"100% Lauf- und Trailshop","publisher":{"@id":"https:\/\/www.miomiorun.com\/de\/#organization"},"potentialAction":[{"@type":"SearchAction","target":{"@type":"EntryPoint","urlTemplate":"https:\/\/www.miomiorun.com\/de\/?s={search_term_string}"},"query-input":{"@type":"PropertyValueSpecification","valueRequired":true,"valueName":"search_term_string"}}],"inLanguage":"de-DE"},{"@type":"Organization","@id":"https:\/\/www.miomiorun.com\/de\/#organization","name":"MioMio Run","url":"https:\/\/www.miomiorun.com\/de\/","logo":{"@type":"ImageObject","inLanguage":"de-DE","@id":"https:\/\/www.miomiorun.com\/de\/#\/schema\/logo\/image\/","url":"https:\/\/www.miomiorun.com\/app\/uploads\/2019\/12\/logomio.png","contentUrl":"https:\/\/www.miomiorun.com\/app\/uploads\/2019\/12\/logomio.png","width":115,"height":82,"caption":"MioMio Run"},"image":{"@id":"https:\/\/www.miomiorun.com\/de\/#\/schema\/logo\/image\/"},"sameAs":["https:\/\/www.facebook.com\/miomiorun\/","https:\/\/www.instagram.com\/miomiorun\/"]}]}},"_links":{"self":[{"href":"https:\/\/www.miomiorun.com\/de\/wp-json\/wp\/v2\/product\/78693","targetHints":{"allow":["GET"]}}],"collection":[{"href":"https:\/\/www.miomiorun.com\/de\/wp-json\/wp\/v2\/product"}],"about":[{"href":"https:\/\/www.miomiorun.com\/de\/wp-json\/wp\/v2\/types\/product"}],"wp:featuredmedia":[{"embeddable":true,"href":"https:\/\/www.miomiorun.com\/de\/wp-json\/wp\/v2\/media\/56947"}],"wp:attachment":[{"href":"https:\/\/www.miomiorun.com\/de\/wp-json\/wp\/v2\/media?parent=78693"}],"wp:term":[{"taxonomy":"product_brand","embeddable":true,"href":"https:\/\/www.miomiorun.com\/de\/wp-json\/wp\/v2\/product_brand?post=78693"},{"taxonomy":"product_cat","embeddable":true,"href":"https:\/\/www.miomiorun.com\/de\/wp-json\/wp\/v2\/product_cat?post=78693"},{"taxonomy":"product_tag","embeddable":true,"href":"https:\/\/www.miomiorun.com\/de\/wp-json\/wp\/v2\/product_tag?post=78693"}],"curies":[{"name":"wp","href":"https:\/\/api.w.org\/{rel}","templated":true}]}}