{"id":78653,"date":"2021-10-13T10:04:03","date_gmt":"2021-10-13T08:04:03","guid":{"rendered":"https:\/\/miomiorun.com\/prodotto\/desigual-sweet-l-zip-donna\/"},"modified":"2022-07-15T12:22:35","modified_gmt":"2022-07-15T10:22:35","slug":"desigual-sweet-l-zip-damen","status":"publish","type":"product","link":"https:\/\/www.miomiorun.com\/de\/produkt\/desigual-sweet-l-zip-damen\/","title":{"rendered":"Sweet L Zip damen"},"content":{"rendered":"<p>Sweet L Zip f\u00fcr Frauen ist ein Pullover\/Fleece, leicht und mit einer sehr lockeren Passform.<\/p>\n<p>Dieses Kleidungsst\u00fcck ist Teil der Linie Paradise Pink, die von der Sch\u00f6nheit und dem Geheimnis der Blumeng\u00e4rten inspiriert ist. Wei\u00dfer, grauer und fuchsiafarbener Blumendruck auf Graut\u00f6nen mit einem fuchsiafarbenen K\u00f6rper.<\/p>\n<p>Ausgestattet mit einer Kapuze und einem Rei\u00dfverschluss auf der Vorderseite.<\/p>\n<h3><strong>Merkmale:<\/strong><\/h3>\n<ul>\n<li>Rei\u00dfverschluss mit Halsausschnittgarnitur.<\/li>\n<li>Leichtes, weiches Sweatshirt.<\/li>\n<li>Desigual-Logo auf der linken Brust.<\/li>\n<li>Kapuze.<\/li>\n<\/ul>\n","protected":false},"excerpt":{"rendered":"<p>Sweet L Zip f\u00fcr Frauen ist ein Pullover\/Fleece, leicht und mit einer sehr lockeren Passform. Dieses Kleidungsst\u00fcck ist Teil der Linie Paradise Pink, die von der Sch\u00f6nheit und dem Geheimnis der Blumeng\u00e4rten inspiriert ist. Wei\u00dfer, grauer und fuchsiafarbener Blumendruck auf Graut\u00f6nen mit einem fuchsiafarbenen K\u00f6rper. Ausgestattet mit einer Kapuze und einem Rei\u00dfverschluss auf der Vorderseite. &hellip; <a href=\"https:\/\/www.miomiorun.com\/de\/produkt\/desigual-sweet-l-zip-damen\/\">Continued<\/a><\/p>\n","protected":false},"featured_media":0,"template":"","meta":{"_acf_changed":false,"inline_featured_image":false},"product_brand":[],"product_cat":[6494,6496],"product_tag":[6240,6243],"class_list":{"0":"post-78653","1":"product","2":"type-product","3":"status-publish","5":"product_cat-sale-damen-bekleidung-de","6":"product_cat-sale-langarmshirt-damen-de","7":"product_tag-desigual-de","8":"product_tag-desigual-damen-de","9":"pa_attivita-lifestyle-de","10":"pa_colore-sweat-zip-hoody-rose-red-de","11":"pa_marca-desigual-de","12":"pa_sesso-damen","13":"pa_size-extra-small-de","15":"first","16":"instock","17":"sale","18":"taxable","19":"shipping-taxable","20":"purchasable","21":"product-type-variable","22":"wvs-archive-product-wrapper"},"acf":[],"yoast_head":"<!-- This site is optimized with the Yoast SEO plugin v26.8 - https:\/\/yoast.com\/product\/yoast-seo-wordpress\/ -->\n<title>Desigual Sweet L Zip damen - Laufendes Trikot - MioMioRun<\/title>\n<meta name=\"description\" content=\"Sweet L Zip f\u00fcr Frauen ist ein kurz\u00e4rmeliges, leichtes und sehr locker sitzendes Trikot\/Fleece. Ausgestattet mit einer Kapuze.\" \/>\n<meta name=\"robots\" content=\"index, follow, max-snippet:-1, max-image-preview:large, max-video-preview:-1\" \/>\n<link rel=\"canonical\" href=\"https:\/\/www.miomiorun.com\/de\/produkt\/desigual-sweet-l-zip-damen\/\" \/>\n<meta property=\"og:locale\" content=\"de_DE\" \/>\n<meta property=\"og:type\" content=\"article\" \/>\n<meta property=\"og:title\" content=\"Desigual Sweet L Zip damen - Laufendes Trikot - MioMioRun\" \/>\n<meta property=\"og:description\" content=\"Sweet L Zip f\u00fcr Frauen ist ein kurz\u00e4rmeliges, leichtes und sehr locker sitzendes Trikot\/Fleece. Ausgestattet mit einer Kapuze.\" \/>\n<meta property=\"og:url\" content=\"https:\/\/www.miomiorun.com\/de\/produkt\/desigual-sweet-l-zip-damen\/\" \/>\n<meta property=\"og:site_name\" content=\"MioMioRun\" \/>\n<meta property=\"article:publisher\" content=\"https:\/\/www.facebook.com\/miomiorun\/\" \/>\n<meta property=\"article:modified_time\" content=\"2022-07-15T10:22:35+00:00\" \/>\n<meta name=\"twitter:card\" content=\"summary_large_image\" \/>\n<meta name=\"twitter:label1\" content=\"Est. reading time\" \/>\n\t<meta name=\"twitter:data1\" content=\"1 minute\" \/>\n<script type=\"application\/ld+json\" class=\"yoast-schema-graph\">{\"@context\":\"https:\/\/schema.org\",\"@graph\":[{\"@type\":\"WebPage\",\"@id\":\"https:\/\/www.miomiorun.com\/de\/produkt\/desigual-sweet-l-zip-damen\/\",\"url\":\"https:\/\/www.miomiorun.com\/de\/produkt\/desigual-sweet-l-zip-damen\/\",\"name\":\"Desigual Sweet L Zip damen - Laufendes Trikot - MioMioRun\",\"isPartOf\":{\"@id\":\"https:\/\/www.miomiorun.com\/de\/#website\"},\"datePublished\":\"2021-10-13T08:04:03+00:00\",\"dateModified\":\"2022-07-15T10:22:35+00:00\",\"description\":\"Sweet L Zip f\u00fcr Frauen ist ein kurz\u00e4rmeliges, leichtes und sehr locker sitzendes Trikot\/Fleece. Ausgestattet mit einer Kapuze.\",\"breadcrumb\":{\"@id\":\"https:\/\/www.miomiorun.com\/de\/produkt\/desigual-sweet-l-zip-damen\/#breadcrumb\"},\"inLanguage\":\"de-DE\",\"potentialAction\":[{\"@type\":\"ReadAction\",\"target\":[\"https:\/\/www.miomiorun.com\/de\/produkt\/desigual-sweet-l-zip-damen\/\"]}]},{\"@type\":\"BreadcrumbList\",\"@id\":\"https:\/\/www.miomiorun.com\/de\/produkt\/desigual-sweet-l-zip-damen\/#breadcrumb\",\"itemListElement\":[{\"@type\":\"ListItem\",\"position\":1,\"name\":\"Home\",\"item\":\"https:\/\/www.miomiorun.com\/de\/\"},{\"@type\":\"ListItem\",\"position\":2,\"name\":\"Shop\",\"item\":\"https:\/\/www.miomiorun.com\/shop\/\"},{\"@type\":\"ListItem\",\"position\":3,\"name\":\"Sweet L Zip damen\"}]},{\"@type\":\"WebSite\",\"@id\":\"https:\/\/www.miomiorun.com\/de\/#website\",\"url\":\"https:\/\/www.miomiorun.com\/de\/\",\"name\":\"MioMioRun\",\"description\":\"100% Lauf- und Trailshop\",\"publisher\":{\"@id\":\"https:\/\/www.miomiorun.com\/de\/#organization\"},\"potentialAction\":[{\"@type\":\"SearchAction\",\"target\":{\"@type\":\"EntryPoint\",\"urlTemplate\":\"https:\/\/www.miomiorun.com\/de\/?s={search_term_string}\"},\"query-input\":{\"@type\":\"PropertyValueSpecification\",\"valueRequired\":true,\"valueName\":\"search_term_string\"}}],\"inLanguage\":\"de-DE\"},{\"@type\":\"Organization\",\"@id\":\"https:\/\/www.miomiorun.com\/de\/#organization\",\"name\":\"MioMio Run\",\"url\":\"https:\/\/www.miomiorun.com\/de\/\",\"logo\":{\"@type\":\"ImageObject\",\"inLanguage\":\"de-DE\",\"@id\":\"https:\/\/www.miomiorun.com\/de\/#\/schema\/logo\/image\/\",\"url\":\"https:\/\/www.miomiorun.com\/app\/uploads\/2019\/12\/logomio.png\",\"contentUrl\":\"https:\/\/www.miomiorun.com\/app\/uploads\/2019\/12\/logomio.png\",\"width\":115,\"height\":82,\"caption\":\"MioMio Run\"},\"image\":{\"@id\":\"https:\/\/www.miomiorun.com\/de\/#\/schema\/logo\/image\/\"},\"sameAs\":[\"https:\/\/www.facebook.com\/miomiorun\/\",\"https:\/\/www.instagram.com\/miomiorun\/\"]}]}<\/script>\n<!-- \/ Yoast SEO plugin. -->","yoast_head_json":{"title":"Desigual Sweet L Zip damen - Laufendes Trikot - MioMioRun","description":"Sweet L Zip f\u00fcr Frauen ist ein kurz\u00e4rmeliges, leichtes und sehr locker sitzendes Trikot\/Fleece. Ausgestattet mit einer Kapuze.","robots":{"index":"index","follow":"follow","max-snippet":"max-snippet:-1","max-image-preview":"max-image-preview:large","max-video-preview":"max-video-preview:-1"},"canonical":"https:\/\/www.miomiorun.com\/de\/produkt\/desigual-sweet-l-zip-damen\/","og_locale":"de_DE","og_type":"article","og_title":"Desigual Sweet L Zip damen - Laufendes Trikot - MioMioRun","og_description":"Sweet L Zip f\u00fcr Frauen ist ein kurz\u00e4rmeliges, leichtes und sehr locker sitzendes Trikot\/Fleece. Ausgestattet mit einer Kapuze.","og_url":"https:\/\/www.miomiorun.com\/de\/produkt\/desigual-sweet-l-zip-damen\/","og_site_name":"MioMioRun","article_publisher":"https:\/\/www.facebook.com\/miomiorun\/","article_modified_time":"2022-07-15T10:22:35+00:00","twitter_card":"summary_large_image","twitter_misc":{"Est. reading time":"1 minute"},"schema":{"@context":"https:\/\/schema.org","@graph":[{"@type":"WebPage","@id":"https:\/\/www.miomiorun.com\/de\/produkt\/desigual-sweet-l-zip-damen\/","url":"https:\/\/www.miomiorun.com\/de\/produkt\/desigual-sweet-l-zip-damen\/","name":"Desigual Sweet L Zip damen - Laufendes Trikot - MioMioRun","isPartOf":{"@id":"https:\/\/www.miomiorun.com\/de\/#website"},"datePublished":"2021-10-13T08:04:03+00:00","dateModified":"2022-07-15T10:22:35+00:00","description":"Sweet L Zip f\u00fcr Frauen ist ein kurz\u00e4rmeliges, leichtes und sehr locker sitzendes Trikot\/Fleece. Ausgestattet mit einer Kapuze.","breadcrumb":{"@id":"https:\/\/www.miomiorun.com\/de\/produkt\/desigual-sweet-l-zip-damen\/#breadcrumb"},"inLanguage":"de-DE","potentialAction":[{"@type":"ReadAction","target":["https:\/\/www.miomiorun.com\/de\/produkt\/desigual-sweet-l-zip-damen\/"]}]},{"@type":"BreadcrumbList","@id":"https:\/\/www.miomiorun.com\/de\/produkt\/desigual-sweet-l-zip-damen\/#breadcrumb","itemListElement":[{"@type":"ListItem","position":1,"name":"Home","item":"https:\/\/www.miomiorun.com\/de\/"},{"@type":"ListItem","position":2,"name":"Shop","item":"https:\/\/www.miomiorun.com\/shop\/"},{"@type":"ListItem","position":3,"name":"Sweet L Zip damen"}]},{"@type":"WebSite","@id":"https:\/\/www.miomiorun.com\/de\/#website","url":"https:\/\/www.miomiorun.com\/de\/","name":"MioMioRun","description":"100% Lauf- und Trailshop","publisher":{"@id":"https:\/\/www.miomiorun.com\/de\/#organization"},"potentialAction":[{"@type":"SearchAction","target":{"@type":"EntryPoint","urlTemplate":"https:\/\/www.miomiorun.com\/de\/?s={search_term_string}"},"query-input":{"@type":"PropertyValueSpecification","valueRequired":true,"valueName":"search_term_string"}}],"inLanguage":"de-DE"},{"@type":"Organization","@id":"https:\/\/www.miomiorun.com\/de\/#organization","name":"MioMio Run","url":"https:\/\/www.miomiorun.com\/de\/","logo":{"@type":"ImageObject","inLanguage":"de-DE","@id":"https:\/\/www.miomiorun.com\/de\/#\/schema\/logo\/image\/","url":"https:\/\/www.miomiorun.com\/app\/uploads\/2019\/12\/logomio.png","contentUrl":"https:\/\/www.miomiorun.com\/app\/uploads\/2019\/12\/logomio.png","width":115,"height":82,"caption":"MioMio Run"},"image":{"@id":"https:\/\/www.miomiorun.com\/de\/#\/schema\/logo\/image\/"},"sameAs":["https:\/\/www.facebook.com\/miomiorun\/","https:\/\/www.instagram.com\/miomiorun\/"]}]}},"_links":{"self":[{"href":"https:\/\/www.miomiorun.com\/de\/wp-json\/wp\/v2\/product\/78653","targetHints":{"allow":["GET"]}}],"collection":[{"href":"https:\/\/www.miomiorun.com\/de\/wp-json\/wp\/v2\/product"}],"about":[{"href":"https:\/\/www.miomiorun.com\/de\/wp-json\/wp\/v2\/types\/product"}],"wp:attachment":[{"href":"https:\/\/www.miomiorun.com\/de\/wp-json\/wp\/v2\/media?parent=78653"}],"wp:term":[{"taxonomy":"product_brand","embeddable":true,"href":"https:\/\/www.miomiorun.com\/de\/wp-json\/wp\/v2\/product_brand?post=78653"},{"taxonomy":"product_cat","embeddable":true,"href":"https:\/\/www.miomiorun.com\/de\/wp-json\/wp\/v2\/product_cat?post=78653"},{"taxonomy":"product_tag","embeddable":true,"href":"https:\/\/www.miomiorun.com\/de\/wp-json\/wp\/v2\/product_tag?post=78653"}],"curies":[{"name":"wp","href":"https:\/\/api.w.org\/{rel}","templated":true}]}}