{"id":78464,"date":"2021-10-28T11:36:07","date_gmt":"2021-10-28T09:36:07","guid":{"rendered":"https:\/\/miomiorun.com\/prodotto\/falke-bt-shape-low-ml-donna\/"},"modified":"2026-05-08T21:20:17","modified_gmt":"2026-05-08T19:20:17","slug":"falke-bt-shape-low-ml-damen","status":"publish","type":"product","link":"https:\/\/www.miomiorun.com\/de\/produkt\/falke-bt-shape-low-ml-damen\/","title":{"rendered":"Bt Shape Low ML damen"},"content":{"rendered":"<p>Das BT Shape Low ML Sporttop von Falke ist perfekt f\u00fcr Frauen, die Sport mit geringer Intensit\u00e4t betreiben. Der Sport-BH eignet sich f\u00fcr Frauen mit kleiner bis mittlerer K\u00f6rbchengr\u00f6\u00dfe und ist dank der nahtlosen Technologie herrlich bequem. Dank der doppellagigen Gewebestruktur wird die Feuchtigkeit extrem schnell abtransportiert, w\u00e4hrend die vorgeformten Cups und der verstellbare Ruderr\u00fccken daf\u00fcr sorgen, dass das Top optimalen Halt bietet.<\/p>\n<p id=\"tw-target-text\" class=\"tw-data-text tw-text-large XcVN5d tw-ta\" dir=\"ltr\" data-placeholder=\"Traduzione\">\n<h3>Merkmale:<\/h3>\n<ul>\n<li>Geeignet f\u00fcr kleine und mittelgro\u00dfe Becher und Sportarten mit geringer Aktivit\u00e4t.<\/li>\n<li>Hochelastisch und ohne unangenehme N\u00e4hte an den Seiten dank der Seamless-Technologie.<\/li>\n<li>Doppellagige Materialkonstruktion f\u00fcr schnellste Trocknung.<\/li>\n<li>Optimaler Halt dank der Kompressionspassform.<\/li>\n<\/ul>\n<p><strong><img decoding=\"async\" class=\"product-functional-symbols__image\" src=\"https:\/\/www.falke.com\/it_it\/c5c163f4c436a6d5cac26cfd6ed02ad465473f2a\/assets\/base\/staticImages\/functionalsymbols\/icon_feuchtigkeitsregulierend.svg\" \/><\/strong><\/p>\n<p><strong>Reguliert die Luftfeuchtigkeit:\u00a0<\/strong>ein einzigartiges, trockenes Gef\u00fchl auf der Haut dank seiner F\u00e4higkeit, Feuchtigkeit zu absorbieren.<\/p>\n<p><img decoding=\"async\" class=\"product-functional-symbols__image\" src=\"https:\/\/www.falke.com\/it_it\/c5c163f4c436a6d5cac26cfd6ed02ad465473f2a\/assets\/base\/staticImages\/functionalsymbols\/icon_schnellste_ruecktrocknung.svg\" \/><\/p>\n<p><strong>Schnelleres Trocknen:\u00a0<\/strong>schnell trocknendes Material.<\/p>\n","protected":false},"excerpt":{"rendered":"<p>Das BT Shape Low ML Sporttop von Falke ist perfekt f\u00fcr Frauen, die Sport mit geringer Intensit\u00e4t betreiben. Der Sport-BH eignet sich f\u00fcr Frauen mit kleiner bis mittlerer K\u00f6rbchengr\u00f6\u00dfe und ist dank der nahtlosen Technologie herrlich bequem. Dank der doppellagigen Gewebestruktur wird die Feuchtigkeit extrem schnell abtransportiert, w\u00e4hrend die vorgeformten Cups und der verstellbare Ruderr\u00fccken &hellip; <a href=\"https:\/\/www.miomiorun.com\/de\/produkt\/falke-bt-shape-low-ml-damen\/\">Continued<\/a><\/p>\n","protected":false},"featured_media":59444,"template":"","meta":{"_acf_changed":false,"inline_featured_image":false},"product_brand":[],"product_cat":[6495,6494,6497],"product_tag":[6245,6246],"class_list":{"0":"post-78464","1":"product","2":"type-product","3":"status-publish","4":"has-post-thumbnail","6":"product_cat-sale-damen-de","7":"product_cat-sale-damen-bekleidung-de","8":"product_cat-sale-waesche-damen-de","9":"product_tag-falke-de","10":"product_tag-falke-damen-de","11":"pa_attivita-fitness-de","12":"pa_attivita-gehen","13":"pa_attivita-running-de","14":"pa_colore-bt-shape-low-ml-blue-de","15":"pa_colore-bt-shape-low-ml-red-de","16":"pa_marca-falke-de","17":"pa_sesso-damen","18":"pa_size-small-de","19":"pa_size-medium-de","20":"pa_size-large-de","22":"first","23":"instock","24":"sale","25":"taxable","26":"shipping-taxable","27":"purchasable","28":"product-type-variable","29":"wvs-archive-product-wrapper"},"acf":[],"yoast_head":"<!-- This site is optimized with the Yoast SEO plugin v26.8 - https:\/\/yoast.com\/product\/yoast-seo-wordpress\/ -->\n<title>Falke Bt Shape Low ML damen - Sport-BH - MioMioRun<\/title>\n<meta name=\"description\" content=\"Das BT Shape Low ML Sporttop von Falke ist perfekt f\u00fcr Frauen, die Sport mit geringer Intensit\u00e4t betreiben.\" \/>\n<meta name=\"robots\" content=\"index, follow, max-snippet:-1, max-image-preview:large, max-video-preview:-1\" \/>\n<link rel=\"canonical\" href=\"https:\/\/www.miomiorun.com\/de\/produkt\/falke-bt-shape-low-ml-damen\/\" \/>\n<meta property=\"og:locale\" content=\"de_DE\" \/>\n<meta property=\"og:type\" content=\"article\" \/>\n<meta property=\"og:title\" content=\"Falke Bt Shape Low ML damen - Sport-BH - MioMioRun\" \/>\n<meta property=\"og:description\" content=\"Das BT Shape Low ML Sporttop von Falke ist perfekt f\u00fcr Frauen, die Sport mit geringer Intensit\u00e4t betreiben.\" \/>\n<meta property=\"og:url\" content=\"https:\/\/www.miomiorun.com\/de\/produkt\/falke-bt-shape-low-ml-damen\/\" \/>\n<meta property=\"og:site_name\" content=\"MioMioRun\" \/>\n<meta property=\"article:publisher\" content=\"https:\/\/www.facebook.com\/miomiorun\/\" \/>\n<meta property=\"article:modified_time\" content=\"2026-05-08T19:20:17+00:00\" \/>\n<meta property=\"og:image\" content=\"https:\/\/www.miomiorun.com\/app\/uploads\/2021\/11\/falke-BT-Shape-low-ML-38673-8830.jpg\" \/>\n\t<meta property=\"og:image:width\" content=\"600\" \/>\n\t<meta property=\"og:image:height\" content=\"600\" \/>\n\t<meta property=\"og:image:type\" content=\"image\/jpeg\" \/>\n<meta name=\"twitter:card\" content=\"summary_large_image\" \/>\n<meta name=\"twitter:label1\" content=\"Est. reading time\" \/>\n\t<meta name=\"twitter:data1\" content=\"2 minutes\" \/>\n<script type=\"application\/ld+json\" class=\"yoast-schema-graph\">{\"@context\":\"https:\/\/schema.org\",\"@graph\":[{\"@type\":\"WebPage\",\"@id\":\"https:\/\/www.miomiorun.com\/de\/produkt\/falke-bt-shape-low-ml-damen\/\",\"url\":\"https:\/\/www.miomiorun.com\/de\/produkt\/falke-bt-shape-low-ml-damen\/\",\"name\":\"Falke Bt Shape Low ML damen - Sport-BH - MioMioRun\",\"isPartOf\":{\"@id\":\"https:\/\/www.miomiorun.com\/de\/#website\"},\"primaryImageOfPage\":{\"@id\":\"https:\/\/www.miomiorun.com\/de\/produkt\/falke-bt-shape-low-ml-damen\/#primaryimage\"},\"image\":{\"@id\":\"https:\/\/www.miomiorun.com\/de\/produkt\/falke-bt-shape-low-ml-damen\/#primaryimage\"},\"thumbnailUrl\":\"https:\/\/www.miomiorun.com\/app\/uploads\/2021\/11\/falke-BT-Shape-low-ML-38673-8830.jpg\",\"datePublished\":\"2021-10-28T09:36:07+00:00\",\"dateModified\":\"2026-05-08T19:20:17+00:00\",\"description\":\"Das BT Shape Low ML Sporttop von Falke ist perfekt f\u00fcr Frauen, die Sport mit geringer Intensit\u00e4t betreiben.\",\"breadcrumb\":{\"@id\":\"https:\/\/www.miomiorun.com\/de\/produkt\/falke-bt-shape-low-ml-damen\/#breadcrumb\"},\"inLanguage\":\"de-DE\",\"potentialAction\":[{\"@type\":\"ReadAction\",\"target\":[\"https:\/\/www.miomiorun.com\/de\/produkt\/falke-bt-shape-low-ml-damen\/\"]}]},{\"@type\":\"ImageObject\",\"inLanguage\":\"de-DE\",\"@id\":\"https:\/\/www.miomiorun.com\/de\/produkt\/falke-bt-shape-low-ml-damen\/#primaryimage\",\"url\":\"https:\/\/www.miomiorun.com\/app\/uploads\/2021\/11\/falke-BT-Shape-low-ML-38673-8830.jpg\",\"contentUrl\":\"https:\/\/www.miomiorun.com\/app\/uploads\/2021\/11\/falke-BT-Shape-low-ML-38673-8830.jpg\",\"width\":600,\"height\":600,\"caption\":\"falke bt shape low ml\"},{\"@type\":\"BreadcrumbList\",\"@id\":\"https:\/\/www.miomiorun.com\/de\/produkt\/falke-bt-shape-low-ml-damen\/#breadcrumb\",\"itemListElement\":[{\"@type\":\"ListItem\",\"position\":1,\"name\":\"Home\",\"item\":\"https:\/\/www.miomiorun.com\/de\/\"},{\"@type\":\"ListItem\",\"position\":2,\"name\":\"Shop\",\"item\":\"https:\/\/www.miomiorun.com\/shop\/\"},{\"@type\":\"ListItem\",\"position\":3,\"name\":\"Bt Shape Low ML damen\"}]},{\"@type\":\"WebSite\",\"@id\":\"https:\/\/www.miomiorun.com\/de\/#website\",\"url\":\"https:\/\/www.miomiorun.com\/de\/\",\"name\":\"MioMioRun\",\"description\":\"100% Lauf- und Trailshop\",\"publisher\":{\"@id\":\"https:\/\/www.miomiorun.com\/de\/#organization\"},\"potentialAction\":[{\"@type\":\"SearchAction\",\"target\":{\"@type\":\"EntryPoint\",\"urlTemplate\":\"https:\/\/www.miomiorun.com\/de\/?s={search_term_string}\"},\"query-input\":{\"@type\":\"PropertyValueSpecification\",\"valueRequired\":true,\"valueName\":\"search_term_string\"}}],\"inLanguage\":\"de-DE\"},{\"@type\":\"Organization\",\"@id\":\"https:\/\/www.miomiorun.com\/de\/#organization\",\"name\":\"MioMio Run\",\"url\":\"https:\/\/www.miomiorun.com\/de\/\",\"logo\":{\"@type\":\"ImageObject\",\"inLanguage\":\"de-DE\",\"@id\":\"https:\/\/www.miomiorun.com\/de\/#\/schema\/logo\/image\/\",\"url\":\"https:\/\/www.miomiorun.com\/app\/uploads\/2019\/12\/logomio.png\",\"contentUrl\":\"https:\/\/www.miomiorun.com\/app\/uploads\/2019\/12\/logomio.png\",\"width\":115,\"height\":82,\"caption\":\"MioMio Run\"},\"image\":{\"@id\":\"https:\/\/www.miomiorun.com\/de\/#\/schema\/logo\/image\/\"},\"sameAs\":[\"https:\/\/www.facebook.com\/miomiorun\/\",\"https:\/\/www.instagram.com\/miomiorun\/\"]}]}<\/script>\n<!-- \/ Yoast SEO plugin. -->","yoast_head_json":{"title":"Falke Bt Shape Low ML damen - Sport-BH - MioMioRun","description":"Das BT Shape Low ML Sporttop von Falke ist perfekt f\u00fcr Frauen, die Sport mit geringer Intensit\u00e4t betreiben.","robots":{"index":"index","follow":"follow","max-snippet":"max-snippet:-1","max-image-preview":"max-image-preview:large","max-video-preview":"max-video-preview:-1"},"canonical":"https:\/\/www.miomiorun.com\/de\/produkt\/falke-bt-shape-low-ml-damen\/","og_locale":"de_DE","og_type":"article","og_title":"Falke Bt Shape Low ML damen - Sport-BH - MioMioRun","og_description":"Das BT Shape Low ML Sporttop von Falke ist perfekt f\u00fcr Frauen, die Sport mit geringer Intensit\u00e4t betreiben.","og_url":"https:\/\/www.miomiorun.com\/de\/produkt\/falke-bt-shape-low-ml-damen\/","og_site_name":"MioMioRun","article_publisher":"https:\/\/www.facebook.com\/miomiorun\/","article_modified_time":"2026-05-08T19:20:17+00:00","og_image":[{"width":600,"height":600,"url":"https:\/\/www.miomiorun.com\/app\/uploads\/2021\/11\/falke-BT-Shape-low-ML-38673-8830.jpg","type":"image\/jpeg"}],"twitter_card":"summary_large_image","twitter_misc":{"Est. reading time":"2 minutes"},"schema":{"@context":"https:\/\/schema.org","@graph":[{"@type":"WebPage","@id":"https:\/\/www.miomiorun.com\/de\/produkt\/falke-bt-shape-low-ml-damen\/","url":"https:\/\/www.miomiorun.com\/de\/produkt\/falke-bt-shape-low-ml-damen\/","name":"Falke Bt Shape Low ML damen - Sport-BH - MioMioRun","isPartOf":{"@id":"https:\/\/www.miomiorun.com\/de\/#website"},"primaryImageOfPage":{"@id":"https:\/\/www.miomiorun.com\/de\/produkt\/falke-bt-shape-low-ml-damen\/#primaryimage"},"image":{"@id":"https:\/\/www.miomiorun.com\/de\/produkt\/falke-bt-shape-low-ml-damen\/#primaryimage"},"thumbnailUrl":"https:\/\/www.miomiorun.com\/app\/uploads\/2021\/11\/falke-BT-Shape-low-ML-38673-8830.jpg","datePublished":"2021-10-28T09:36:07+00:00","dateModified":"2026-05-08T19:20:17+00:00","description":"Das BT Shape Low ML Sporttop von Falke ist perfekt f\u00fcr Frauen, die Sport mit geringer Intensit\u00e4t betreiben.","breadcrumb":{"@id":"https:\/\/www.miomiorun.com\/de\/produkt\/falke-bt-shape-low-ml-damen\/#breadcrumb"},"inLanguage":"de-DE","potentialAction":[{"@type":"ReadAction","target":["https:\/\/www.miomiorun.com\/de\/produkt\/falke-bt-shape-low-ml-damen\/"]}]},{"@type":"ImageObject","inLanguage":"de-DE","@id":"https:\/\/www.miomiorun.com\/de\/produkt\/falke-bt-shape-low-ml-damen\/#primaryimage","url":"https:\/\/www.miomiorun.com\/app\/uploads\/2021\/11\/falke-BT-Shape-low-ML-38673-8830.jpg","contentUrl":"https:\/\/www.miomiorun.com\/app\/uploads\/2021\/11\/falke-BT-Shape-low-ML-38673-8830.jpg","width":600,"height":600,"caption":"falke bt shape low ml"},{"@type":"BreadcrumbList","@id":"https:\/\/www.miomiorun.com\/de\/produkt\/falke-bt-shape-low-ml-damen\/#breadcrumb","itemListElement":[{"@type":"ListItem","position":1,"name":"Home","item":"https:\/\/www.miomiorun.com\/de\/"},{"@type":"ListItem","position":2,"name":"Shop","item":"https:\/\/www.miomiorun.com\/shop\/"},{"@type":"ListItem","position":3,"name":"Bt Shape Low ML damen"}]},{"@type":"WebSite","@id":"https:\/\/www.miomiorun.com\/de\/#website","url":"https:\/\/www.miomiorun.com\/de\/","name":"MioMioRun","description":"100% Lauf- und Trailshop","publisher":{"@id":"https:\/\/www.miomiorun.com\/de\/#organization"},"potentialAction":[{"@type":"SearchAction","target":{"@type":"EntryPoint","urlTemplate":"https:\/\/www.miomiorun.com\/de\/?s={search_term_string}"},"query-input":{"@type":"PropertyValueSpecification","valueRequired":true,"valueName":"search_term_string"}}],"inLanguage":"de-DE"},{"@type":"Organization","@id":"https:\/\/www.miomiorun.com\/de\/#organization","name":"MioMio Run","url":"https:\/\/www.miomiorun.com\/de\/","logo":{"@type":"ImageObject","inLanguage":"de-DE","@id":"https:\/\/www.miomiorun.com\/de\/#\/schema\/logo\/image\/","url":"https:\/\/www.miomiorun.com\/app\/uploads\/2019\/12\/logomio.png","contentUrl":"https:\/\/www.miomiorun.com\/app\/uploads\/2019\/12\/logomio.png","width":115,"height":82,"caption":"MioMio Run"},"image":{"@id":"https:\/\/www.miomiorun.com\/de\/#\/schema\/logo\/image\/"},"sameAs":["https:\/\/www.facebook.com\/miomiorun\/","https:\/\/www.instagram.com\/miomiorun\/"]}]}},"_links":{"self":[{"href":"https:\/\/www.miomiorun.com\/de\/wp-json\/wp\/v2\/product\/78464","targetHints":{"allow":["GET"]}}],"collection":[{"href":"https:\/\/www.miomiorun.com\/de\/wp-json\/wp\/v2\/product"}],"about":[{"href":"https:\/\/www.miomiorun.com\/de\/wp-json\/wp\/v2\/types\/product"}],"wp:featuredmedia":[{"embeddable":true,"href":"https:\/\/www.miomiorun.com\/de\/wp-json\/wp\/v2\/media\/59444"}],"wp:attachment":[{"href":"https:\/\/www.miomiorun.com\/de\/wp-json\/wp\/v2\/media?parent=78464"}],"wp:term":[{"taxonomy":"product_brand","embeddable":true,"href":"https:\/\/www.miomiorun.com\/de\/wp-json\/wp\/v2\/product_brand?post=78464"},{"taxonomy":"product_cat","embeddable":true,"href":"https:\/\/www.miomiorun.com\/de\/wp-json\/wp\/v2\/product_cat?post=78464"},{"taxonomy":"product_tag","embeddable":true,"href":"https:\/\/www.miomiorun.com\/de\/wp-json\/wp\/v2\/product_tag?post=78464"}],"curies":[{"name":"wp","href":"https:\/\/api.w.org\/{rel}","templated":true}]}}