{"id":78250,"date":"2022-04-22T11:36:25","date_gmt":"2022-04-22T09:36:25","guid":{"rendered":"https:\/\/miomiorun.com\/prodotto\/lurbel-tifon-pro-donna\/"},"modified":"2022-07-09T19:24:14","modified_gmt":"2022-07-09T17:24:14","slug":"lurbel-tifon-pro-damen","status":"publish","type":"product","link":"https:\/\/www.miomiorun.com\/de\/produkt\/lurbel-tifon-pro-damen\/","title":{"rendered":"Tifon Pro damen"},"content":{"rendered":"<p>Kurze Tights mit femininer Ergonomie, die speziell f\u00fcr leistungsstarke Bergl\u00e4uferinnen entwickelt wurden.<br \/>\nEntwickelt mit der iDT Neo-Technologie, die sich durch ihre vielf\u00e4ltigen Eigenschaften auszeichnet: hohe thermoregulierende Leistung, schnelle Schwei\u00dfverdunstung und Trocknung. Au\u00dferdem verhindert es dank seiner hohen antibakteriellen Wirkung die Entstehung unangenehmer Ger\u00fcche.<\/p>\n<p>Dieses Netz enth\u00e4lt zum ersten Mal die Anpassungsf\u00e4higkeit + A in seinem Bund, um die Passform und den Halt des Kleidungsst\u00fccks zu verbessern.\u00a0Dieses optimierte System besteht aus einem hochgradig anpassungsf\u00e4higen elastischen Bund, der breiter ist als der bisherige Bund, mit einem einzigartigen ergonomischen Design, bei dem die R\u00fcckseite etwas h\u00f6her ist als die Vorderseite, um eine perfekte Passform zu gew\u00e4hrleisten und sich den Bewegungen des Sportlers w\u00e4hrend des Wettkampfs anzupassen.<br \/>\nSie hat drei Taschen: eine zentrale Ges\u00e4\u00dftasche mit Klettverschluss und zwei Seitentaschen.<\/p>\n<p>Es ist ohne N\u00e4hte am Umfang und mit flachen N\u00e4hten f\u00fcr absoluten Komfort konstruiert und passt sich dank des Zwei-Wege-Web-Systems jederzeit an den L\u00e4ufer an und begleitet ihn bei jedem Schritt. Empfohlen: Laufen,Trailrunning<\/p>\n<p>ZUSAMMENSETZUNG : 37% Bamboo Charcoal, 37% Dry Touch, 18% Polyamid Ion, 8% Lycra<\/p>\n<p>GEWICHT\u00a0: 136 gr.<\/p>\n<p><img decoding=\"async\" src=\"https:\/\/www.lurbel.es\/images\/tecnologias2\/logos\/184x54_logoIDTneo.png\" alt=\"iDT Neo\" \/><\/p>\n<p>Wenn es um den Komfort von Sportlern geht, ist das Feuchtigkeitsmanagement der Schl\u00fcssel.\u00a0Deshalb wird in der neuen Version der iDT-Technologie karbonisiertes Bambusgarn mit einem Polyesterquerschnitt kombiniert.\u00a0Dank seiner f\u00fcnf Kan\u00e4le erh\u00f6ht seine Struktur die Schwei\u00dfmenge, die nach au\u00dfen abgeleitet wird, und trocknet ihn schneller, so dass Ihr K\u00f6rper eine optimale Temperatur beh\u00e4lt.\u00a0Schluss mit schwerer, nasser Kleidung und dem klebrigen Gef\u00fchl, Schwei\u00df auf der Haut zu tragen!<\/p>\n<p><strong>Optimierte Eigenschaften:<\/strong><\/p>\n<ul>\n<li>Ma\u00dfgeschneiderte Thermoregulation: transportiert mehr Feuchtigkeit nach au\u00dfen und trocknet sie schneller.<\/li>\n<li>Doppelte Geruchsbarriere: Ionisierter Bambusfaden und Silbergewebe verhindern gemeinsam die Vermehrung von geruchsverursachenden Bakterien.<\/li>\n<li>Temperaturregler: W\u00e4rmed\u00e4mmung<\/li>\n<li>Schutzfaktor UPF 50+.<\/li>\n<\/ul>\n<p><strong>Jetzt machen auch die Details einen Unterschied:<\/strong><\/p>\n<ul>\n<li>Weicherer, nat\u00fcrlicherer Griff: Durch seine Zick-Zack-Struktur l\u00e4sst es sich aufgrund seiner speziellen 5-Kanal-Form leicht biegen und dehnen (diese Eigenschaft wird als weichere, flauschigere Textur wahrgenommen).<\/li>\n<li>Lebendigere Farben: Die gr\u00f6\u00dfere Oberfl\u00e4che des neuen Polyestergarns erm\u00f6glicht eine bessere Absorption von Farbstoffen, wodurch die Farbe des Kleidungsst\u00fccks verst\u00e4rkt wird.<\/li>\n<li>B\u00fcgeleffekt: Unabh\u00e4ngig von Ihren Bewegungen erholt sich das iDT neo-Gewebe sanft in seiner Struktur, sobald Sie keinen Druck mehr darauf aus\u00fcben.<\/li>\n<li style=\"list-style-type: none;\"><\/li>\n<\/ul>\n<p><b>Anspruchsvolle Feel Cool-Kleidung ist f\u00fcr den Einsatz bei hohen Temperaturen konzipiert.<\/b>Die intelligente Ergonomie zeichnet sich durch Zonen erh\u00f6hter Atmungsaktivit\u00e4t an den Stellen aus, an denen man am meisten schwitzt, w\u00e4hrend die druckfreien Verstellzonen und die flachen N\u00e4hte f\u00fcr uneingeschr\u00e4nkten Sitz und Komfort sorgen. Bakterizide, geruchlose und hoch atmungsaktive Eigenschaften.\u00a0Sehr spezifischer Einsatz im Sport bei hohen Temperaturen.<img decoding=\"async\" class=\"iconoExigencia\" src=\"https:\/\/www.lurbel.es\/images\/exigencias\/icon-plusD.png\" \/> (Hohe Dichte) Dichtere Struktur und gr\u00f6\u00dfere Dicke.\u00a0Der Bereich der thermischen Nutzung ist gr\u00f6\u00dfer (k\u00e4ltere Bedingungen).<\/p>\n<p><img decoding=\"async\" title=\"ADATTABILIT\u00c0\" src=\"https:\/\/www.lurbel.es\/images\/propiedades\/adaptabilidad.png\" alt=\"ADATTABILIT\u00c0\" \/><\/p>\n<h4>ANPASSUNGSF\u00c4HIGKEIT<\/h4>\n<p>Es passt sich der K\u00f6rperoberfl\u00e4che an.<\/p>\n<p>&nbsp;<\/p>\n<p><img decoding=\"async\" title=\"ALTE PRESTAZIONI\" src=\"https:\/\/www.lurbel.es\/images\/propiedades\/alto-rendimiento.png\" alt=\"ALTE PRESTAZIONI\" \/><\/p>\n<h4>HOHE LEISTUNG<\/h4>\n<p>Konzipiert f\u00fcr extreme Situationen.<\/p>\n<p><img decoding=\"async\" title=\"ANTI RUGHE\" src=\"https:\/\/www.lurbel.es\/images\/propiedades\/antiarrugas.png\" alt=\"ANTI RUGHE\" \/><\/p>\n<h4>ANTI-WORKS<\/h4>\n<p>Spezielles Gewebe, das Falten beim Falten verhindert.<\/p>\n<p><img decoding=\"async\" title=\"ANTIBATTERI\" src=\"https:\/\/www.lurbel.es\/images\/propiedades\/antibacterias.png\" alt=\"ANTIBATTERI\" \/><\/p>\n<h4>ANTIBAKTERIEN<\/h4>\n<p>Es verhindert das Eindringen oder die Entstehung von Mikroben.<\/p>\n<p><img decoding=\"async\" title=\"ERGONOMICO\" src=\"https:\/\/www.lurbel.es\/images\/propiedades\/ergonomico.png\" alt=\"ERGONOMICO\" \/><\/p>\n<h4>ERGONOMIC<\/h4>\n<p>Kopf mit differenzierter ergonomischer Struktur f\u00fcr den linken und rechten Fu\u00df.<\/p>\n<p><img decoding=\"async\" title=\"Fit +\" src=\"https:\/\/www.lurbel.es\/images\/propiedades\/a+.png\" alt=\"Fit +\" \/><\/p>\n<h4>FIT +<\/h4>\n<p>Maximale Anpassungsf\u00e4higkeit<\/p>\n<p><img decoding=\"async\" title=\"PESO LEGGERO\" src=\"https:\/\/www.lurbel.es\/images\/propiedades\/peso-ligero.png\" alt=\"PESO LEGGERO\" \/><\/p>\n<h4>LEICHTES GEWICHT<\/h4>\n<p>Leichte Kleidungsst\u00fccke.<\/p>\n<p><img decoding=\"async\" title=\"RINFORZATI\" src=\"https:\/\/www.lurbel.es\/images\/propiedades\/reforzado.png\" alt=\"RINFORZATI\" \/><\/p>\n<h4>REINFORCED<\/h4>\n<p>Verst\u00e4rkungen an den Stellen, an denen die Reibung am gr\u00f6\u00dften ist, sorgen f\u00fcr mehr Komfort und Haltbarkeit des Kleidungsst\u00fccks.<\/p>\n<p><img decoding=\"async\" title=\"SENZA PUNTI\" src=\"https:\/\/www.lurbel.es\/images\/propiedades\/sin-costuras.png\" alt=\"SENZA PUNTI\" \/><\/p>\n<h4>OHNE PUNKTE<\/h4>\n<p>Naht-f\u00fcr-Naht-Zehenverschluss verhindert Wundscheuern<\/p>\n<p><img decoding=\"async\" title=\"Tessuto bidirezionale\" src=\"https:\/\/www.lurbel.es\/images\/propiedades\/tejido%20bidireccional_2-01.png\" alt=\"Tessuto bidirezionale\" \/><\/p>\n<h4>BI-DIREKTIONALES GEWEBE<\/h4>\n<p>Zwei-Wege-Gewebestruktur, Bewegungsfreiheit.<\/p>\n<p><img decoding=\"async\" title=\"Traspirante\" src=\"https:\/\/www.lurbel.es\/images\/propiedades\/transpirable.png\" alt=\"Traspirante\" \/><\/p>\n<h4>BREATHABLE<\/h4>\n<p>Der Stoff \u00f6ffnet sich an bestimmten Stellen f\u00fcr eine bessere Bel\u00fcftung der Haut.<\/p>\n<p>&nbsp;<\/p>\n<p><img decoding=\"async\" title=\"Protezione UV UPF 50+\" src=\"https:\/\/www.lurbel.es\/images\/propiedades\/UPF+50_41X43-01-01.png\" alt=\"Protezione UV UPF 50+\" \/><\/p>\n<h4>UV-SCHUTZ UPF 50+<\/h4>\n<p>Sch\u00fctzen Sie Ihre Haut vor der Sonneneinstrahlung.<\/p>\n","protected":false},"excerpt":{"rendered":"<p>Kurze Tights mit femininer Ergonomie, die speziell f\u00fcr leistungsstarke Bergl\u00e4uferinnen entwickelt wurden. Entwickelt mit der iDT Neo-Technologie, die sich durch ihre vielf\u00e4ltigen Eigenschaften auszeichnet: hohe thermoregulierende Leistung, schnelle Schwei\u00dfverdunstung und Trocknung. Au\u00dferdem verhindert es dank seiner hohen antibakteriellen Wirkung die Entstehung unangenehmer Ger\u00fcche. Dieses Netz enth\u00e4lt zum ersten Mal die Anpassungsf\u00e4higkeit + A in seinem &hellip; <a href=\"https:\/\/www.miomiorun.com\/de\/produkt\/lurbel-tifon-pro-damen\/\">Continued<\/a><\/p>\n","protected":false},"featured_media":68186,"template":"","meta":{"_acf_changed":false,"inline_featured_image":false},"product_brand":[],"product_cat":[6400,6401,6488],"product_tag":[6300,6299],"class_list":{"0":"post-78250","1":"product","2":"type-product","3":"status-publish","4":"has-post-thumbnail","6":"product_cat-damen","7":"product_cat-damenbekleidung","8":"product_cat-damenshorts-de","9":"product_tag-lurbel-de","10":"product_tag-lurbel-damen-de","11":"pa_attivita-trail-de","12":"pa_colore-tifon-pro-w-black-red-de","13":"pa_marca-lurbel-de","14":"pa_sesso-damen","15":"pa_size-extra-small-de","17":"first","18":"instock","19":"sale","20":"taxable","21":"shipping-taxable","22":"purchasable","23":"product-type-variable","24":"wvs-archive-product-wrapper"},"acf":[],"yoast_head":"<!-- This site is optimized with the Yoast SEO plugin v26.8 - https:\/\/yoast.com\/product\/yoast-seo-wordpress\/ -->\n<title>Lurbel Tifon Pro damen - Laufshorts - MioMioRun<\/title>\n<meta name=\"description\" content=\"Kurze Tights mit femininer Ergonomie, die speziell f\u00fcr leistungsstarke Bergl\u00e4uferinnen entwickelt wurden.\" \/>\n<meta name=\"robots\" content=\"index, follow, max-snippet:-1, max-image-preview:large, max-video-preview:-1\" \/>\n<link rel=\"canonical\" href=\"https:\/\/www.miomiorun.com\/de\/produkt\/lurbel-tifon-pro-damen\/\" \/>\n<meta property=\"og:locale\" content=\"de_DE\" \/>\n<meta property=\"og:type\" content=\"article\" \/>\n<meta property=\"og:title\" content=\"Lurbel Tifon Pro damen - Laufshorts - MioMioRun\" \/>\n<meta property=\"og:description\" content=\"Kurze Tights mit femininer Ergonomie, die speziell f\u00fcr leistungsstarke Bergl\u00e4uferinnen entwickelt wurden.\" \/>\n<meta property=\"og:url\" content=\"https:\/\/www.miomiorun.com\/de\/produkt\/lurbel-tifon-pro-damen\/\" \/>\n<meta property=\"og:site_name\" content=\"MioMioRun\" \/>\n<meta property=\"article:publisher\" content=\"https:\/\/www.facebook.com\/miomiorun\/\" \/>\n<meta property=\"article:modified_time\" content=\"2022-07-09T17:24:14+00:00\" \/>\n<meta property=\"og:image\" content=\"https:\/\/www.miomiorun.com\/app\/uploads\/2022\/04\/lurbel-tifon-pro-W-black-red-00A2.409W.0005.jpg\" \/>\n\t<meta property=\"og:image:width\" content=\"600\" \/>\n\t<meta property=\"og:image:height\" content=\"600\" \/>\n\t<meta property=\"og:image:type\" content=\"image\/jpeg\" \/>\n<meta name=\"twitter:card\" content=\"summary_large_image\" \/>\n<meta name=\"twitter:label1\" content=\"Est. reading time\" \/>\n\t<meta name=\"twitter:data1\" content=\"6 minutes\" \/>\n<script type=\"application\/ld+json\" class=\"yoast-schema-graph\">{\"@context\":\"https:\/\/schema.org\",\"@graph\":[{\"@type\":\"WebPage\",\"@id\":\"https:\/\/www.miomiorun.com\/de\/produkt\/lurbel-tifon-pro-damen\/\",\"url\":\"https:\/\/www.miomiorun.com\/de\/produkt\/lurbel-tifon-pro-damen\/\",\"name\":\"Lurbel Tifon Pro damen - Laufshorts - MioMioRun\",\"isPartOf\":{\"@id\":\"https:\/\/www.miomiorun.com\/de\/#website\"},\"primaryImageOfPage\":{\"@id\":\"https:\/\/www.miomiorun.com\/de\/produkt\/lurbel-tifon-pro-damen\/#primaryimage\"},\"image\":{\"@id\":\"https:\/\/www.miomiorun.com\/de\/produkt\/lurbel-tifon-pro-damen\/#primaryimage\"},\"thumbnailUrl\":\"https:\/\/www.miomiorun.com\/app\/uploads\/2022\/04\/lurbel-tifon-pro-W-black-red-00A2.409W.0005.jpg\",\"datePublished\":\"2022-04-22T09:36:25+00:00\",\"dateModified\":\"2022-07-09T17:24:14+00:00\",\"description\":\"Kurze Tights mit femininer Ergonomie, die speziell f\u00fcr leistungsstarke Bergl\u00e4uferinnen entwickelt wurden.\",\"breadcrumb\":{\"@id\":\"https:\/\/www.miomiorun.com\/de\/produkt\/lurbel-tifon-pro-damen\/#breadcrumb\"},\"inLanguage\":\"de-DE\",\"potentialAction\":[{\"@type\":\"ReadAction\",\"target\":[\"https:\/\/www.miomiorun.com\/de\/produkt\/lurbel-tifon-pro-damen\/\"]}]},{\"@type\":\"ImageObject\",\"inLanguage\":\"de-DE\",\"@id\":\"https:\/\/www.miomiorun.com\/de\/produkt\/lurbel-tifon-pro-damen\/#primaryimage\",\"url\":\"https:\/\/www.miomiorun.com\/app\/uploads\/2022\/04\/lurbel-tifon-pro-W-black-red-00A2.409W.0005.jpg\",\"contentUrl\":\"https:\/\/www.miomiorun.com\/app\/uploads\/2022\/04\/lurbel-tifon-pro-W-black-red-00A2.409W.0005.jpg\",\"width\":600,\"height\":600,\"caption\":\"lurbel-tifon-pro-W-black-red-00A2.409W.0005\"},{\"@type\":\"BreadcrumbList\",\"@id\":\"https:\/\/www.miomiorun.com\/de\/produkt\/lurbel-tifon-pro-damen\/#breadcrumb\",\"itemListElement\":[{\"@type\":\"ListItem\",\"position\":1,\"name\":\"Home\",\"item\":\"https:\/\/www.miomiorun.com\/de\/\"},{\"@type\":\"ListItem\",\"position\":2,\"name\":\"Shop\",\"item\":\"https:\/\/www.miomiorun.com\/shop\/\"},{\"@type\":\"ListItem\",\"position\":3,\"name\":\"Tifon Pro damen\"}]},{\"@type\":\"WebSite\",\"@id\":\"https:\/\/www.miomiorun.com\/de\/#website\",\"url\":\"https:\/\/www.miomiorun.com\/de\/\",\"name\":\"MioMioRun\",\"description\":\"100% Lauf- und Trailshop\",\"publisher\":{\"@id\":\"https:\/\/www.miomiorun.com\/de\/#organization\"},\"potentialAction\":[{\"@type\":\"SearchAction\",\"target\":{\"@type\":\"EntryPoint\",\"urlTemplate\":\"https:\/\/www.miomiorun.com\/de\/?s={search_term_string}\"},\"query-input\":{\"@type\":\"PropertyValueSpecification\",\"valueRequired\":true,\"valueName\":\"search_term_string\"}}],\"inLanguage\":\"de-DE\"},{\"@type\":\"Organization\",\"@id\":\"https:\/\/www.miomiorun.com\/de\/#organization\",\"name\":\"MioMio Run\",\"url\":\"https:\/\/www.miomiorun.com\/de\/\",\"logo\":{\"@type\":\"ImageObject\",\"inLanguage\":\"de-DE\",\"@id\":\"https:\/\/www.miomiorun.com\/de\/#\/schema\/logo\/image\/\",\"url\":\"https:\/\/www.miomiorun.com\/app\/uploads\/2019\/12\/logomio.png\",\"contentUrl\":\"https:\/\/www.miomiorun.com\/app\/uploads\/2019\/12\/logomio.png\",\"width\":115,\"height\":82,\"caption\":\"MioMio Run\"},\"image\":{\"@id\":\"https:\/\/www.miomiorun.com\/de\/#\/schema\/logo\/image\/\"},\"sameAs\":[\"https:\/\/www.facebook.com\/miomiorun\/\",\"https:\/\/www.instagram.com\/miomiorun\/\"]}]}<\/script>\n<!-- \/ Yoast SEO plugin. -->","yoast_head_json":{"title":"Lurbel Tifon Pro damen - Laufshorts - MioMioRun","description":"Kurze Tights mit femininer Ergonomie, die speziell f\u00fcr leistungsstarke Bergl\u00e4uferinnen entwickelt wurden.","robots":{"index":"index","follow":"follow","max-snippet":"max-snippet:-1","max-image-preview":"max-image-preview:large","max-video-preview":"max-video-preview:-1"},"canonical":"https:\/\/www.miomiorun.com\/de\/produkt\/lurbel-tifon-pro-damen\/","og_locale":"de_DE","og_type":"article","og_title":"Lurbel Tifon Pro damen - Laufshorts - MioMioRun","og_description":"Kurze Tights mit femininer Ergonomie, die speziell f\u00fcr leistungsstarke Bergl\u00e4uferinnen entwickelt wurden.","og_url":"https:\/\/www.miomiorun.com\/de\/produkt\/lurbel-tifon-pro-damen\/","og_site_name":"MioMioRun","article_publisher":"https:\/\/www.facebook.com\/miomiorun\/","article_modified_time":"2022-07-09T17:24:14+00:00","og_image":[{"width":600,"height":600,"url":"https:\/\/www.miomiorun.com\/app\/uploads\/2022\/04\/lurbel-tifon-pro-W-black-red-00A2.409W.0005.jpg","type":"image\/jpeg"}],"twitter_card":"summary_large_image","twitter_misc":{"Est. reading time":"6 minutes"},"schema":{"@context":"https:\/\/schema.org","@graph":[{"@type":"WebPage","@id":"https:\/\/www.miomiorun.com\/de\/produkt\/lurbel-tifon-pro-damen\/","url":"https:\/\/www.miomiorun.com\/de\/produkt\/lurbel-tifon-pro-damen\/","name":"Lurbel Tifon Pro damen - Laufshorts - MioMioRun","isPartOf":{"@id":"https:\/\/www.miomiorun.com\/de\/#website"},"primaryImageOfPage":{"@id":"https:\/\/www.miomiorun.com\/de\/produkt\/lurbel-tifon-pro-damen\/#primaryimage"},"image":{"@id":"https:\/\/www.miomiorun.com\/de\/produkt\/lurbel-tifon-pro-damen\/#primaryimage"},"thumbnailUrl":"https:\/\/www.miomiorun.com\/app\/uploads\/2022\/04\/lurbel-tifon-pro-W-black-red-00A2.409W.0005.jpg","datePublished":"2022-04-22T09:36:25+00:00","dateModified":"2022-07-09T17:24:14+00:00","description":"Kurze Tights mit femininer Ergonomie, die speziell f\u00fcr leistungsstarke Bergl\u00e4uferinnen entwickelt wurden.","breadcrumb":{"@id":"https:\/\/www.miomiorun.com\/de\/produkt\/lurbel-tifon-pro-damen\/#breadcrumb"},"inLanguage":"de-DE","potentialAction":[{"@type":"ReadAction","target":["https:\/\/www.miomiorun.com\/de\/produkt\/lurbel-tifon-pro-damen\/"]}]},{"@type":"ImageObject","inLanguage":"de-DE","@id":"https:\/\/www.miomiorun.com\/de\/produkt\/lurbel-tifon-pro-damen\/#primaryimage","url":"https:\/\/www.miomiorun.com\/app\/uploads\/2022\/04\/lurbel-tifon-pro-W-black-red-00A2.409W.0005.jpg","contentUrl":"https:\/\/www.miomiorun.com\/app\/uploads\/2022\/04\/lurbel-tifon-pro-W-black-red-00A2.409W.0005.jpg","width":600,"height":600,"caption":"lurbel-tifon-pro-W-black-red-00A2.409W.0005"},{"@type":"BreadcrumbList","@id":"https:\/\/www.miomiorun.com\/de\/produkt\/lurbel-tifon-pro-damen\/#breadcrumb","itemListElement":[{"@type":"ListItem","position":1,"name":"Home","item":"https:\/\/www.miomiorun.com\/de\/"},{"@type":"ListItem","position":2,"name":"Shop","item":"https:\/\/www.miomiorun.com\/shop\/"},{"@type":"ListItem","position":3,"name":"Tifon Pro damen"}]},{"@type":"WebSite","@id":"https:\/\/www.miomiorun.com\/de\/#website","url":"https:\/\/www.miomiorun.com\/de\/","name":"MioMioRun","description":"100% Lauf- und Trailshop","publisher":{"@id":"https:\/\/www.miomiorun.com\/de\/#organization"},"potentialAction":[{"@type":"SearchAction","target":{"@type":"EntryPoint","urlTemplate":"https:\/\/www.miomiorun.com\/de\/?s={search_term_string}"},"query-input":{"@type":"PropertyValueSpecification","valueRequired":true,"valueName":"search_term_string"}}],"inLanguage":"de-DE"},{"@type":"Organization","@id":"https:\/\/www.miomiorun.com\/de\/#organization","name":"MioMio Run","url":"https:\/\/www.miomiorun.com\/de\/","logo":{"@type":"ImageObject","inLanguage":"de-DE","@id":"https:\/\/www.miomiorun.com\/de\/#\/schema\/logo\/image\/","url":"https:\/\/www.miomiorun.com\/app\/uploads\/2019\/12\/logomio.png","contentUrl":"https:\/\/www.miomiorun.com\/app\/uploads\/2019\/12\/logomio.png","width":115,"height":82,"caption":"MioMio Run"},"image":{"@id":"https:\/\/www.miomiorun.com\/de\/#\/schema\/logo\/image\/"},"sameAs":["https:\/\/www.facebook.com\/miomiorun\/","https:\/\/www.instagram.com\/miomiorun\/"]}]}},"_links":{"self":[{"href":"https:\/\/www.miomiorun.com\/de\/wp-json\/wp\/v2\/product\/78250","targetHints":{"allow":["GET"]}}],"collection":[{"href":"https:\/\/www.miomiorun.com\/de\/wp-json\/wp\/v2\/product"}],"about":[{"href":"https:\/\/www.miomiorun.com\/de\/wp-json\/wp\/v2\/types\/product"}],"wp:featuredmedia":[{"embeddable":true,"href":"https:\/\/www.miomiorun.com\/de\/wp-json\/wp\/v2\/media\/68186"}],"wp:attachment":[{"href":"https:\/\/www.miomiorun.com\/de\/wp-json\/wp\/v2\/media?parent=78250"}],"wp:term":[{"taxonomy":"product_brand","embeddable":true,"href":"https:\/\/www.miomiorun.com\/de\/wp-json\/wp\/v2\/product_brand?post=78250"},{"taxonomy":"product_cat","embeddable":true,"href":"https:\/\/www.miomiorun.com\/de\/wp-json\/wp\/v2\/product_cat?post=78250"},{"taxonomy":"product_tag","embeddable":true,"href":"https:\/\/www.miomiorun.com\/de\/wp-json\/wp\/v2\/product_tag?post=78250"}],"curies":[{"name":"wp","href":"https:\/\/api.w.org\/{rel}","templated":true}]}}