{"id":78231,"date":"2022-06-11T11:16:37","date_gmt":"2022-06-11T09:16:37","guid":{"rendered":"https:\/\/miomiorun.com\/prodotto\/craft-pro-hypervent-2in1-skirt-donna\/"},"modified":"2022-07-09T18:52:13","modified_gmt":"2022-07-09T16:52:13","slug":"craft-pro-hypervent-2in1-skirt-damen","status":"publish","type":"product","link":"https:\/\/www.miomiorun.com\/de\/produkt\/craft-pro-hypervent-2in1-skirt-damen\/","title":{"rendered":"Pro Hypervent 2in1 Skirt damen"},"content":{"rendered":"<p>Der Pro Hypervent 2-in-1 Skirt ist ein fortschrittlicher Laufrock, der f\u00fcr intensives Training an hei\u00dfen Sommertagen entwickelt wurde.<\/p>\n<p>Dieser Laufrock f\u00fcr Profis besteht aus weichem, recyceltem Stretchmaterial und verf\u00fcgt \u00fcber eine Innensohle aus Mesh f\u00fcr optimale Bel\u00fcftung und K\u00fchlung bei intensiven L\u00e4ufen unter hei\u00dfen Bedingungen. Der Rock hat au\u00dferdem einen elastischen Bund mit verstellbarem Kordelzug f\u00fcr eine perfekte Passform.<\/p>\n<p>Hyper-leicht und hyper-atmungsaktiv<br \/>\nDer Pro Hypervent ist ein ultraleichtes und atmungsaktives Profikonzept, das die Leistung auch der anspruchsvollsten L\u00e4ufer erh\u00f6ht. Die ultraleichten und ultraweichen, au\u00dfergew\u00f6hnlich atmungsaktiven Stoffe sorgen f\u00fcr h\u00f6chste Funktionalit\u00e4t, Bel\u00fcftung und Komfort sowohl bei Hochgeschwindigkeits- als auch bei Langstreckenl\u00e4ufen unter hei\u00dfen Bedingungen.<\/p>\n<h2>Produktmerkmale<\/h2>\n<p id=\"tw-target-text\" class=\"tw-data-text tw-text-large XcVN5d tw-ta\" dir=\"ltr\" data-placeholder=\"Traduzione\"><span class=\"Y2IQFc\" lang=\"it\">&#8211; Au\u00dfenh\u00fclle aus weichem, recyceltem, gewebtem Stretchmaterial<br \/>\n&#8211; Kurze Netzstrumpfhose f\u00fcr optimale Bel\u00fcftung<br \/>\n&#8211; Elastischer Bund mit verstellbarem Kordelzug<br \/>\n&#8211; Reflektierende Details<br \/>\n<\/span><\/p>\n<p dir=\"ltr\" data-placeholder=\"Traduzione\"><img loading=\"lazy\" decoding=\"async\" class=\"\" src=\"https:\/\/www.craftsportswear.com\/static\/media\/stretch.b10adc40.svg?q=70&amp;fit=clip&amp;w=72&amp;fm=jpg&amp;auto=format\" alt=\"Stretch\" width=\"121\" height=\"121\" \/><\/p>\n<p dir=\"ltr\" data-placeholder=\"Traduzione\"><strong> Ausziehbar<\/strong><\/p>\n<p dir=\"ltr\" data-placeholder=\"Traduzione\"><img loading=\"lazy\" decoding=\"async\" class=\"\" src=\"https:\/\/www.craftsportswear.com\/static\/media\/soft_touch.2b191977.svg?q=70&amp;fit=clip&amp;w=72&amp;fm=jpg&amp;auto=format\" alt=\"SoftTouch\" width=\"120\" height=\"120\" \/><\/p>\n<p dir=\"ltr\" data-placeholder=\"Traduzione\"><strong> Leichte Ber\u00fchrung<\/strong><\/p>\n<h2><img loading=\"lazy\" decoding=\"async\" class=\"\" src=\"https:\/\/www.craftsportswear.com\/static\/media\/lightweight.6800ab4f.svg?q=70&amp;fit=clip&amp;w=72&amp;fm=jpg&amp;auto=format\" alt=\"Lightweight\" width=\"121\" height=\"121\" \/><\/h2>\n<p><strong>Leichtgewicht<\/strong><\/p>\n<p><strong>Material :<\/strong><span class=\"Y2IQFc\" lang=\"it\"> K\u00f6rper: 90% recyceltes Polyester 10% Elastan Futter: 90% Polyester 10% Elastan<br \/>\n<\/span><\/p>\n<p>Maschinenw\u00e4sche bei 40 Grad<\/p>\n","protected":false},"excerpt":{"rendered":"<p>Der Pro Hypervent 2-in-1 Skirt ist ein fortschrittlicher Laufrock, der f\u00fcr intensives Training an hei\u00dfen Sommertagen entwickelt wurde. Dieser Laufrock f\u00fcr Profis besteht aus weichem, recyceltem Stretchmaterial und verf\u00fcgt \u00fcber eine Innensohle aus Mesh f\u00fcr optimale Bel\u00fcftung und K\u00fchlung bei intensiven L\u00e4ufen unter hei\u00dfen Bedingungen. Der Rock hat au\u00dferdem einen elastischen Bund mit verstellbarem Kordelzug &hellip; <a href=\"https:\/\/www.miomiorun.com\/de\/produkt\/craft-pro-hypervent-2in1-skirt-damen\/\">Continued<\/a><\/p>\n","protected":false},"featured_media":74472,"template":"","meta":{"_acf_changed":false,"inline_featured_image":false},"product_brand":[],"product_cat":[6400,6401,6488],"product_tag":[6304,6232],"class_list":{"0":"post-78231","1":"product","2":"type-product","3":"status-publish","4":"has-post-thumbnail","6":"product_cat-damen","7":"product_cat-damenbekleidung","8":"product_cat-damenshorts-de","9":"product_tag-craft-de","10":"product_tag-craft-damen-de","11":"pa_attivita-gehen","12":"pa_attivita-running-de","13":"pa_marca-craft-de","14":"pa_sesso-damen","15":"pa_size-extra-small-de","17":"first","18":"instock","19":"sale","20":"taxable","21":"shipping-taxable","22":"purchasable","23":"product-type-variable","24":"wvs-archive-product-wrapper"},"acf":[],"yoast_head":"<!-- This site is optimized with the Yoast SEO plugin v26.8 - https:\/\/yoast.com\/product\/yoast-seo-wordpress\/ -->\n<title>Craft Pro Hypervent 2in1 Skirt damen - Frauen-Rock - MioMioRun<\/title>\n<meta name=\"description\" content=\"Der Pro Hypervent 2-in-1 Skirt ist ein fortschrittlicher Laufrock, der f\u00fcr intensives Training an hei\u00dfen Sommertagen entwickelt wurde.\" \/>\n<meta name=\"robots\" content=\"index, follow, max-snippet:-1, max-image-preview:large, max-video-preview:-1\" \/>\n<link rel=\"canonical\" href=\"https:\/\/www.miomiorun.com\/de\/produkt\/craft-pro-hypervent-2in1-skirt-damen\/\" \/>\n<meta property=\"og:locale\" content=\"de_DE\" \/>\n<meta property=\"og:type\" content=\"article\" \/>\n<meta property=\"og:title\" content=\"Craft Pro Hypervent 2in1 Skirt damen - Frauen-Rock - MioMioRun\" \/>\n<meta property=\"og:description\" content=\"Der Pro Hypervent 2-in-1 Skirt ist ein fortschrittlicher Laufrock, der f\u00fcr intensives Training an hei\u00dfen Sommertagen entwickelt wurde.\" \/>\n<meta property=\"og:url\" content=\"https:\/\/www.miomiorun.com\/de\/produkt\/craft-pro-hypervent-2in1-skirt-damen\/\" \/>\n<meta property=\"og:site_name\" content=\"MioMioRun\" \/>\n<meta property=\"article:publisher\" content=\"https:\/\/www.facebook.com\/miomiorun\/\" \/>\n<meta property=\"article:modified_time\" content=\"2022-07-09T16:52:13+00:00\" \/>\n<meta property=\"og:image\" content=\"https:\/\/www.miomiorun.com\/app\/uploads\/2022\/06\/craft-pro-hypervent-2-in-1-skirt-W-black-roxo-1910429-999486.jpg\" \/>\n\t<meta property=\"og:image:width\" content=\"600\" \/>\n\t<meta property=\"og:image:height\" content=\"600\" \/>\n\t<meta property=\"og:image:type\" content=\"image\/jpeg\" \/>\n<meta name=\"twitter:card\" content=\"summary_large_image\" \/>\n<meta name=\"twitter:label1\" content=\"Est. reading time\" \/>\n\t<meta name=\"twitter:data1\" content=\"2 minutes\" \/>\n<script type=\"application\/ld+json\" class=\"yoast-schema-graph\">{\"@context\":\"https:\/\/schema.org\",\"@graph\":[{\"@type\":\"WebPage\",\"@id\":\"https:\/\/www.miomiorun.com\/de\/produkt\/craft-pro-hypervent-2in1-skirt-damen\/\",\"url\":\"https:\/\/www.miomiorun.com\/de\/produkt\/craft-pro-hypervent-2in1-skirt-damen\/\",\"name\":\"Craft Pro Hypervent 2in1 Skirt damen - Frauen-Rock - MioMioRun\",\"isPartOf\":{\"@id\":\"https:\/\/www.miomiorun.com\/de\/#website\"},\"primaryImageOfPage\":{\"@id\":\"https:\/\/www.miomiorun.com\/de\/produkt\/craft-pro-hypervent-2in1-skirt-damen\/#primaryimage\"},\"image\":{\"@id\":\"https:\/\/www.miomiorun.com\/de\/produkt\/craft-pro-hypervent-2in1-skirt-damen\/#primaryimage\"},\"thumbnailUrl\":\"https:\/\/www.miomiorun.com\/app\/uploads\/2022\/06\/craft-pro-hypervent-2-in-1-skirt-W-black-roxo-1910429-999486.jpg\",\"datePublished\":\"2022-06-11T09:16:37+00:00\",\"dateModified\":\"2022-07-09T16:52:13+00:00\",\"description\":\"Der Pro Hypervent 2-in-1 Skirt ist ein fortschrittlicher Laufrock, der f\u00fcr intensives Training an hei\u00dfen Sommertagen entwickelt wurde.\",\"breadcrumb\":{\"@id\":\"https:\/\/www.miomiorun.com\/de\/produkt\/craft-pro-hypervent-2in1-skirt-damen\/#breadcrumb\"},\"inLanguage\":\"de-DE\",\"potentialAction\":[{\"@type\":\"ReadAction\",\"target\":[\"https:\/\/www.miomiorun.com\/de\/produkt\/craft-pro-hypervent-2in1-skirt-damen\/\"]}]},{\"@type\":\"ImageObject\",\"inLanguage\":\"de-DE\",\"@id\":\"https:\/\/www.miomiorun.com\/de\/produkt\/craft-pro-hypervent-2in1-skirt-damen\/#primaryimage\",\"url\":\"https:\/\/www.miomiorun.com\/app\/uploads\/2022\/06\/craft-pro-hypervent-2-in-1-skirt-W-black-roxo-1910429-999486.jpg\",\"contentUrl\":\"https:\/\/www.miomiorun.com\/app\/uploads\/2022\/06\/craft-pro-hypervent-2-in-1-skirt-W-black-roxo-1910429-999486.jpg\",\"width\":600,\"height\":600,\"caption\":\"craft-pro-hypervent-2-in-1-skirt-W-black-roxo-1910429-999486\"},{\"@type\":\"BreadcrumbList\",\"@id\":\"https:\/\/www.miomiorun.com\/de\/produkt\/craft-pro-hypervent-2in1-skirt-damen\/#breadcrumb\",\"itemListElement\":[{\"@type\":\"ListItem\",\"position\":1,\"name\":\"Home\",\"item\":\"https:\/\/www.miomiorun.com\/de\/\"},{\"@type\":\"ListItem\",\"position\":2,\"name\":\"Shop\",\"item\":\"https:\/\/www.miomiorun.com\/shop\/\"},{\"@type\":\"ListItem\",\"position\":3,\"name\":\"Pro Hypervent 2in1 Skirt damen\"}]},{\"@type\":\"WebSite\",\"@id\":\"https:\/\/www.miomiorun.com\/de\/#website\",\"url\":\"https:\/\/www.miomiorun.com\/de\/\",\"name\":\"MioMioRun\",\"description\":\"100% Lauf- und Trailshop\",\"publisher\":{\"@id\":\"https:\/\/www.miomiorun.com\/de\/#organization\"},\"potentialAction\":[{\"@type\":\"SearchAction\",\"target\":{\"@type\":\"EntryPoint\",\"urlTemplate\":\"https:\/\/www.miomiorun.com\/de\/?s={search_term_string}\"},\"query-input\":{\"@type\":\"PropertyValueSpecification\",\"valueRequired\":true,\"valueName\":\"search_term_string\"}}],\"inLanguage\":\"de-DE\"},{\"@type\":\"Organization\",\"@id\":\"https:\/\/www.miomiorun.com\/de\/#organization\",\"name\":\"MioMio Run\",\"url\":\"https:\/\/www.miomiorun.com\/de\/\",\"logo\":{\"@type\":\"ImageObject\",\"inLanguage\":\"de-DE\",\"@id\":\"https:\/\/www.miomiorun.com\/de\/#\/schema\/logo\/image\/\",\"url\":\"https:\/\/www.miomiorun.com\/app\/uploads\/2019\/12\/logomio.png\",\"contentUrl\":\"https:\/\/www.miomiorun.com\/app\/uploads\/2019\/12\/logomio.png\",\"width\":115,\"height\":82,\"caption\":\"MioMio Run\"},\"image\":{\"@id\":\"https:\/\/www.miomiorun.com\/de\/#\/schema\/logo\/image\/\"},\"sameAs\":[\"https:\/\/www.facebook.com\/miomiorun\/\",\"https:\/\/www.instagram.com\/miomiorun\/\"]}]}<\/script>\n<!-- \/ Yoast SEO plugin. -->","yoast_head_json":{"title":"Craft Pro Hypervent 2in1 Skirt damen - Frauen-Rock - MioMioRun","description":"Der Pro Hypervent 2-in-1 Skirt ist ein fortschrittlicher Laufrock, der f\u00fcr intensives Training an hei\u00dfen Sommertagen entwickelt wurde.","robots":{"index":"index","follow":"follow","max-snippet":"max-snippet:-1","max-image-preview":"max-image-preview:large","max-video-preview":"max-video-preview:-1"},"canonical":"https:\/\/www.miomiorun.com\/de\/produkt\/craft-pro-hypervent-2in1-skirt-damen\/","og_locale":"de_DE","og_type":"article","og_title":"Craft Pro Hypervent 2in1 Skirt damen - Frauen-Rock - MioMioRun","og_description":"Der Pro Hypervent 2-in-1 Skirt ist ein fortschrittlicher Laufrock, der f\u00fcr intensives Training an hei\u00dfen Sommertagen entwickelt wurde.","og_url":"https:\/\/www.miomiorun.com\/de\/produkt\/craft-pro-hypervent-2in1-skirt-damen\/","og_site_name":"MioMioRun","article_publisher":"https:\/\/www.facebook.com\/miomiorun\/","article_modified_time":"2022-07-09T16:52:13+00:00","og_image":[{"width":600,"height":600,"url":"https:\/\/www.miomiorun.com\/app\/uploads\/2022\/06\/craft-pro-hypervent-2-in-1-skirt-W-black-roxo-1910429-999486.jpg","type":"image\/jpeg"}],"twitter_card":"summary_large_image","twitter_misc":{"Est. reading time":"2 minutes"},"schema":{"@context":"https:\/\/schema.org","@graph":[{"@type":"WebPage","@id":"https:\/\/www.miomiorun.com\/de\/produkt\/craft-pro-hypervent-2in1-skirt-damen\/","url":"https:\/\/www.miomiorun.com\/de\/produkt\/craft-pro-hypervent-2in1-skirt-damen\/","name":"Craft Pro Hypervent 2in1 Skirt damen - Frauen-Rock - MioMioRun","isPartOf":{"@id":"https:\/\/www.miomiorun.com\/de\/#website"},"primaryImageOfPage":{"@id":"https:\/\/www.miomiorun.com\/de\/produkt\/craft-pro-hypervent-2in1-skirt-damen\/#primaryimage"},"image":{"@id":"https:\/\/www.miomiorun.com\/de\/produkt\/craft-pro-hypervent-2in1-skirt-damen\/#primaryimage"},"thumbnailUrl":"https:\/\/www.miomiorun.com\/app\/uploads\/2022\/06\/craft-pro-hypervent-2-in-1-skirt-W-black-roxo-1910429-999486.jpg","datePublished":"2022-06-11T09:16:37+00:00","dateModified":"2022-07-09T16:52:13+00:00","description":"Der Pro Hypervent 2-in-1 Skirt ist ein fortschrittlicher Laufrock, der f\u00fcr intensives Training an hei\u00dfen Sommertagen entwickelt wurde.","breadcrumb":{"@id":"https:\/\/www.miomiorun.com\/de\/produkt\/craft-pro-hypervent-2in1-skirt-damen\/#breadcrumb"},"inLanguage":"de-DE","potentialAction":[{"@type":"ReadAction","target":["https:\/\/www.miomiorun.com\/de\/produkt\/craft-pro-hypervent-2in1-skirt-damen\/"]}]},{"@type":"ImageObject","inLanguage":"de-DE","@id":"https:\/\/www.miomiorun.com\/de\/produkt\/craft-pro-hypervent-2in1-skirt-damen\/#primaryimage","url":"https:\/\/www.miomiorun.com\/app\/uploads\/2022\/06\/craft-pro-hypervent-2-in-1-skirt-W-black-roxo-1910429-999486.jpg","contentUrl":"https:\/\/www.miomiorun.com\/app\/uploads\/2022\/06\/craft-pro-hypervent-2-in-1-skirt-W-black-roxo-1910429-999486.jpg","width":600,"height":600,"caption":"craft-pro-hypervent-2-in-1-skirt-W-black-roxo-1910429-999486"},{"@type":"BreadcrumbList","@id":"https:\/\/www.miomiorun.com\/de\/produkt\/craft-pro-hypervent-2in1-skirt-damen\/#breadcrumb","itemListElement":[{"@type":"ListItem","position":1,"name":"Home","item":"https:\/\/www.miomiorun.com\/de\/"},{"@type":"ListItem","position":2,"name":"Shop","item":"https:\/\/www.miomiorun.com\/shop\/"},{"@type":"ListItem","position":3,"name":"Pro Hypervent 2in1 Skirt damen"}]},{"@type":"WebSite","@id":"https:\/\/www.miomiorun.com\/de\/#website","url":"https:\/\/www.miomiorun.com\/de\/","name":"MioMioRun","description":"100% Lauf- und Trailshop","publisher":{"@id":"https:\/\/www.miomiorun.com\/de\/#organization"},"potentialAction":[{"@type":"SearchAction","target":{"@type":"EntryPoint","urlTemplate":"https:\/\/www.miomiorun.com\/de\/?s={search_term_string}"},"query-input":{"@type":"PropertyValueSpecification","valueRequired":true,"valueName":"search_term_string"}}],"inLanguage":"de-DE"},{"@type":"Organization","@id":"https:\/\/www.miomiorun.com\/de\/#organization","name":"MioMio Run","url":"https:\/\/www.miomiorun.com\/de\/","logo":{"@type":"ImageObject","inLanguage":"de-DE","@id":"https:\/\/www.miomiorun.com\/de\/#\/schema\/logo\/image\/","url":"https:\/\/www.miomiorun.com\/app\/uploads\/2019\/12\/logomio.png","contentUrl":"https:\/\/www.miomiorun.com\/app\/uploads\/2019\/12\/logomio.png","width":115,"height":82,"caption":"MioMio Run"},"image":{"@id":"https:\/\/www.miomiorun.com\/de\/#\/schema\/logo\/image\/"},"sameAs":["https:\/\/www.facebook.com\/miomiorun\/","https:\/\/www.instagram.com\/miomiorun\/"]}]}},"_links":{"self":[{"href":"https:\/\/www.miomiorun.com\/de\/wp-json\/wp\/v2\/product\/78231","targetHints":{"allow":["GET"]}}],"collection":[{"href":"https:\/\/www.miomiorun.com\/de\/wp-json\/wp\/v2\/product"}],"about":[{"href":"https:\/\/www.miomiorun.com\/de\/wp-json\/wp\/v2\/types\/product"}],"wp:featuredmedia":[{"embeddable":true,"href":"https:\/\/www.miomiorun.com\/de\/wp-json\/wp\/v2\/media\/74472"}],"wp:attachment":[{"href":"https:\/\/www.miomiorun.com\/de\/wp-json\/wp\/v2\/media?parent=78231"}],"wp:term":[{"taxonomy":"product_brand","embeddable":true,"href":"https:\/\/www.miomiorun.com\/de\/wp-json\/wp\/v2\/product_brand?post=78231"},{"taxonomy":"product_cat","embeddable":true,"href":"https:\/\/www.miomiorun.com\/de\/wp-json\/wp\/v2\/product_cat?post=78231"},{"taxonomy":"product_tag","embeddable":true,"href":"https:\/\/www.miomiorun.com\/de\/wp-json\/wp\/v2\/product_tag?post=78231"}],"curies":[{"name":"wp","href":"https:\/\/api.w.org\/{rel}","templated":true}]}}