{"id":78215,"date":"2021-11-09T11:30:56","date_gmt":"2021-11-09T10:30:56","guid":{"rendered":"https:\/\/miomiorun.com\/prodotto\/crazy-idea-pull-electra-donna\/"},"modified":"2026-01-23T16:05:08","modified_gmt":"2026-01-23T15:05:08","slug":"crazy-idea-pull-electra-damen","status":"publish","type":"product","link":"https:\/\/www.miomiorun.com\/de\/produkt\/crazy-idea-pull-electra-damen\/","title":{"rendered":"Pull Electra damen"},"content":{"rendered":"<div class=\"single-product-description\">\n<div class=\"single-product-description\">\n<div class=\"single-product-description\">\n<p>Das Women&#8217;s Pull Elecra ist ein Trikot mit einem halben Seitenrei\u00dfverschluss und dem Crazy-Logo in der Mitte. Hervorragend geeignet f\u00fcr aktiven Sport und Skifahren. Das verwendete Gewebe ist das bew\u00e4hrte High Performance 3D mit Wabenzellen, die die Atmungsaktivit\u00e4t verbessern. Die \u00e4sthetische K\u00e4ngurutasche und der elastische Saum tragen dazu bei, dass sie sowohl angenehm als auch technisch ist.<\/p>\n<p><strong>Merkmale:<\/strong><\/p>\n<ul>\n<li>Kapuzenpulli<\/li>\n<li>Halber Frontrei\u00dfverschluss auf der rechten Seite des Halses<\/li>\n<li>Eingrifftaschen mit elastischer Paspelierung<\/li>\n<\/ul>\n<\/div>\n<\/div>\n<\/div>\n","protected":false},"excerpt":{"rendered":"<p>Das Women&#8217;s Pull Elecra ist ein Trikot mit einem halben Seitenrei\u00dfverschluss und dem Crazy-Logo in der Mitte. Hervorragend geeignet f\u00fcr aktiven Sport und Skifahren. Das verwendete Gewebe ist das bew\u00e4hrte High Performance 3D mit Wabenzellen, die die Atmungsaktivit\u00e4t verbessern. Die \u00e4sthetische K\u00e4ngurutasche und der elastische Saum tragen dazu bei, dass sie sowohl angenehm als auch &hellip; <a href=\"https:\/\/www.miomiorun.com\/de\/produkt\/crazy-idea-pull-electra-damen\/\">Continued<\/a><\/p>\n","protected":false},"featured_media":85629,"template":"","meta":{"_acf_changed":false,"inline_featured_image":false},"product_brand":[],"product_cat":[6400,6401,6486],"product_tag":[3370,6237],"class_list":{"0":"post-78215","1":"product","2":"type-product","3":"status-publish","4":"has-post-thumbnail","6":"product_cat-damen","7":"product_cat-damenbekleidung","8":"product_cat-damenlangarmshirts","9":"product_tag-crazy-idea-de","10":"product_tag-crazy-idea-damen-de","11":"pa_attivita-gehen","12":"pa_attivita-outdoor-de","13":"pa_colore-pull-electra-chewing-gum-w-de","14":"pa_colore-pull-electra-pop-w-de","15":"pa_marca-crazy-idea-de","16":"pa_sesso-damen","17":"pa_size-extra-small-de","18":"pa_size-small-de","19":"pa_size-large-de","21":"first","22":"instock","23":"sale","24":"taxable","25":"shipping-taxable","26":"purchasable","27":"product-type-variable","28":"wvs-archive-product-wrapper"},"acf":[],"yoast_head":"<!-- This site is optimized with the Yoast SEO plugin v26.8 - https:\/\/yoast.com\/product\/yoast-seo-wordpress\/ -->\n<title>Crazy Idea Pull Electra damen - Maglia per running - MioMioRun<\/title>\n<meta name=\"description\" content=\"Pull Elecra da donna \u00e8 una maglia con mezza zip laterale e con il logo Crazy posizionato centralmente. Ottima per lo sport attivo e lo skialp.\" \/>\n<meta name=\"robots\" content=\"index, follow, max-snippet:-1, max-image-preview:large, max-video-preview:-1\" \/>\n<link rel=\"canonical\" href=\"https:\/\/www.miomiorun.com\/de\/produkt\/crazy-idea-pull-electra-damen\/\" \/>\n<meta property=\"og:locale\" content=\"de_DE\" \/>\n<meta property=\"og:type\" content=\"article\" \/>\n<meta property=\"og:title\" content=\"Crazy Idea Pull Electra damen - Maglia per running - MioMioRun\" \/>\n<meta property=\"og:description\" content=\"Pull Elecra da donna \u00e8 una maglia con mezza zip laterale e con il logo Crazy posizionato centralmente. Ottima per lo sport attivo e lo skialp.\" \/>\n<meta property=\"og:url\" content=\"https:\/\/www.miomiorun.com\/de\/produkt\/crazy-idea-pull-electra-damen\/\" \/>\n<meta property=\"og:site_name\" content=\"MioMioRun\" \/>\n<meta property=\"article:publisher\" content=\"https:\/\/www.facebook.com\/miomiorun\/\" \/>\n<meta property=\"article:modified_time\" content=\"2026-01-23T15:05:08+00:00\" \/>\n<meta property=\"og:image\" content=\"https:\/\/www.miomiorun.com\/app\/uploads\/2022\/09\/crazy-idea-pull-electra-W-frozen-W22025097D-0092.jpg\" \/>\n\t<meta property=\"og:image:width\" content=\"600\" \/>\n\t<meta property=\"og:image:height\" content=\"600\" \/>\n\t<meta property=\"og:image:type\" content=\"image\/jpeg\" \/>\n<meta name=\"twitter:card\" content=\"summary_large_image\" \/>\n<meta name=\"twitter:label1\" content=\"Est. reading time\" \/>\n\t<meta name=\"twitter:data1\" content=\"1 minute\" \/>\n<script type=\"application\/ld+json\" class=\"yoast-schema-graph\">{\"@context\":\"https:\/\/schema.org\",\"@graph\":[{\"@type\":\"WebPage\",\"@id\":\"https:\/\/www.miomiorun.com\/de\/produkt\/crazy-idea-pull-electra-damen\/\",\"url\":\"https:\/\/www.miomiorun.com\/de\/produkt\/crazy-idea-pull-electra-damen\/\",\"name\":\"Crazy Idea Pull Electra damen - Maglia per running - MioMioRun\",\"isPartOf\":{\"@id\":\"https:\/\/www.miomiorun.com\/de\/#website\"},\"primaryImageOfPage\":{\"@id\":\"https:\/\/www.miomiorun.com\/de\/produkt\/crazy-idea-pull-electra-damen\/#primaryimage\"},\"image\":{\"@id\":\"https:\/\/www.miomiorun.com\/de\/produkt\/crazy-idea-pull-electra-damen\/#primaryimage\"},\"thumbnailUrl\":\"https:\/\/www.miomiorun.com\/app\/uploads\/2022\/09\/crazy-idea-pull-electra-W-frozen-W22025097D-0092.jpg\",\"datePublished\":\"2021-11-09T10:30:56+00:00\",\"dateModified\":\"2026-01-23T15:05:08+00:00\",\"description\":\"Pull Elecra da donna \u00e8 una maglia con mezza zip laterale e con il logo Crazy posizionato centralmente. Ottima per lo sport attivo e lo skialp.\",\"breadcrumb\":{\"@id\":\"https:\/\/www.miomiorun.com\/de\/produkt\/crazy-idea-pull-electra-damen\/#breadcrumb\"},\"inLanguage\":\"de-DE\",\"potentialAction\":[{\"@type\":\"ReadAction\",\"target\":[\"https:\/\/www.miomiorun.com\/de\/produkt\/crazy-idea-pull-electra-damen\/\"]}]},{\"@type\":\"ImageObject\",\"inLanguage\":\"de-DE\",\"@id\":\"https:\/\/www.miomiorun.com\/de\/produkt\/crazy-idea-pull-electra-damen\/#primaryimage\",\"url\":\"https:\/\/www.miomiorun.com\/app\/uploads\/2022\/09\/crazy-idea-pull-electra-W-frozen-W22025097D-0092.jpg\",\"contentUrl\":\"https:\/\/www.miomiorun.com\/app\/uploads\/2022\/09\/crazy-idea-pull-electra-W-frozen-W22025097D-0092.jpg\",\"width\":600,\"height\":600,\"caption\":\"crazy-idea-pull-electra-W-frozen-W22025097D-0092\"},{\"@type\":\"BreadcrumbList\",\"@id\":\"https:\/\/www.miomiorun.com\/de\/produkt\/crazy-idea-pull-electra-damen\/#breadcrumb\",\"itemListElement\":[{\"@type\":\"ListItem\",\"position\":1,\"name\":\"Home\",\"item\":\"https:\/\/www.miomiorun.com\/de\/\"},{\"@type\":\"ListItem\",\"position\":2,\"name\":\"Shop\",\"item\":\"https:\/\/www.miomiorun.com\/shop\/\"},{\"@type\":\"ListItem\",\"position\":3,\"name\":\"Pull Electra damen\"}]},{\"@type\":\"WebSite\",\"@id\":\"https:\/\/www.miomiorun.com\/de\/#website\",\"url\":\"https:\/\/www.miomiorun.com\/de\/\",\"name\":\"MioMioRun\",\"description\":\"100% Lauf- und Trailshop\",\"publisher\":{\"@id\":\"https:\/\/www.miomiorun.com\/de\/#organization\"},\"potentialAction\":[{\"@type\":\"SearchAction\",\"target\":{\"@type\":\"EntryPoint\",\"urlTemplate\":\"https:\/\/www.miomiorun.com\/de\/?s={search_term_string}\"},\"query-input\":{\"@type\":\"PropertyValueSpecification\",\"valueRequired\":true,\"valueName\":\"search_term_string\"}}],\"inLanguage\":\"de-DE\"},{\"@type\":\"Organization\",\"@id\":\"https:\/\/www.miomiorun.com\/de\/#organization\",\"name\":\"MioMio Run\",\"url\":\"https:\/\/www.miomiorun.com\/de\/\",\"logo\":{\"@type\":\"ImageObject\",\"inLanguage\":\"de-DE\",\"@id\":\"https:\/\/www.miomiorun.com\/de\/#\/schema\/logo\/image\/\",\"url\":\"https:\/\/www.miomiorun.com\/app\/uploads\/2019\/12\/logomio.png\",\"contentUrl\":\"https:\/\/www.miomiorun.com\/app\/uploads\/2019\/12\/logomio.png\",\"width\":115,\"height\":82,\"caption\":\"MioMio Run\"},\"image\":{\"@id\":\"https:\/\/www.miomiorun.com\/de\/#\/schema\/logo\/image\/\"},\"sameAs\":[\"https:\/\/www.facebook.com\/miomiorun\/\",\"https:\/\/www.instagram.com\/miomiorun\/\"]}]}<\/script>\n<!-- \/ Yoast SEO plugin. -->","yoast_head_json":{"title":"Crazy Idea Pull Electra damen - Maglia per running - MioMioRun","description":"Pull Elecra da donna \u00e8 una maglia con mezza zip laterale e con il logo Crazy posizionato centralmente. Ottima per lo sport attivo e lo skialp.","robots":{"index":"index","follow":"follow","max-snippet":"max-snippet:-1","max-image-preview":"max-image-preview:large","max-video-preview":"max-video-preview:-1"},"canonical":"https:\/\/www.miomiorun.com\/de\/produkt\/crazy-idea-pull-electra-damen\/","og_locale":"de_DE","og_type":"article","og_title":"Crazy Idea Pull Electra damen - Maglia per running - MioMioRun","og_description":"Pull Elecra da donna \u00e8 una maglia con mezza zip laterale e con il logo Crazy posizionato centralmente. Ottima per lo sport attivo e lo skialp.","og_url":"https:\/\/www.miomiorun.com\/de\/produkt\/crazy-idea-pull-electra-damen\/","og_site_name":"MioMioRun","article_publisher":"https:\/\/www.facebook.com\/miomiorun\/","article_modified_time":"2026-01-23T15:05:08+00:00","og_image":[{"width":600,"height":600,"url":"https:\/\/www.miomiorun.com\/app\/uploads\/2022\/09\/crazy-idea-pull-electra-W-frozen-W22025097D-0092.jpg","type":"image\/jpeg"}],"twitter_card":"summary_large_image","twitter_misc":{"Est. reading time":"1 minute"},"schema":{"@context":"https:\/\/schema.org","@graph":[{"@type":"WebPage","@id":"https:\/\/www.miomiorun.com\/de\/produkt\/crazy-idea-pull-electra-damen\/","url":"https:\/\/www.miomiorun.com\/de\/produkt\/crazy-idea-pull-electra-damen\/","name":"Crazy Idea Pull Electra damen - Maglia per running - MioMioRun","isPartOf":{"@id":"https:\/\/www.miomiorun.com\/de\/#website"},"primaryImageOfPage":{"@id":"https:\/\/www.miomiorun.com\/de\/produkt\/crazy-idea-pull-electra-damen\/#primaryimage"},"image":{"@id":"https:\/\/www.miomiorun.com\/de\/produkt\/crazy-idea-pull-electra-damen\/#primaryimage"},"thumbnailUrl":"https:\/\/www.miomiorun.com\/app\/uploads\/2022\/09\/crazy-idea-pull-electra-W-frozen-W22025097D-0092.jpg","datePublished":"2021-11-09T10:30:56+00:00","dateModified":"2026-01-23T15:05:08+00:00","description":"Pull Elecra da donna \u00e8 una maglia con mezza zip laterale e con il logo Crazy posizionato centralmente. Ottima per lo sport attivo e lo skialp.","breadcrumb":{"@id":"https:\/\/www.miomiorun.com\/de\/produkt\/crazy-idea-pull-electra-damen\/#breadcrumb"},"inLanguage":"de-DE","potentialAction":[{"@type":"ReadAction","target":["https:\/\/www.miomiorun.com\/de\/produkt\/crazy-idea-pull-electra-damen\/"]}]},{"@type":"ImageObject","inLanguage":"de-DE","@id":"https:\/\/www.miomiorun.com\/de\/produkt\/crazy-idea-pull-electra-damen\/#primaryimage","url":"https:\/\/www.miomiorun.com\/app\/uploads\/2022\/09\/crazy-idea-pull-electra-W-frozen-W22025097D-0092.jpg","contentUrl":"https:\/\/www.miomiorun.com\/app\/uploads\/2022\/09\/crazy-idea-pull-electra-W-frozen-W22025097D-0092.jpg","width":600,"height":600,"caption":"crazy-idea-pull-electra-W-frozen-W22025097D-0092"},{"@type":"BreadcrumbList","@id":"https:\/\/www.miomiorun.com\/de\/produkt\/crazy-idea-pull-electra-damen\/#breadcrumb","itemListElement":[{"@type":"ListItem","position":1,"name":"Home","item":"https:\/\/www.miomiorun.com\/de\/"},{"@type":"ListItem","position":2,"name":"Shop","item":"https:\/\/www.miomiorun.com\/shop\/"},{"@type":"ListItem","position":3,"name":"Pull Electra damen"}]},{"@type":"WebSite","@id":"https:\/\/www.miomiorun.com\/de\/#website","url":"https:\/\/www.miomiorun.com\/de\/","name":"MioMioRun","description":"100% Lauf- und Trailshop","publisher":{"@id":"https:\/\/www.miomiorun.com\/de\/#organization"},"potentialAction":[{"@type":"SearchAction","target":{"@type":"EntryPoint","urlTemplate":"https:\/\/www.miomiorun.com\/de\/?s={search_term_string}"},"query-input":{"@type":"PropertyValueSpecification","valueRequired":true,"valueName":"search_term_string"}}],"inLanguage":"de-DE"},{"@type":"Organization","@id":"https:\/\/www.miomiorun.com\/de\/#organization","name":"MioMio Run","url":"https:\/\/www.miomiorun.com\/de\/","logo":{"@type":"ImageObject","inLanguage":"de-DE","@id":"https:\/\/www.miomiorun.com\/de\/#\/schema\/logo\/image\/","url":"https:\/\/www.miomiorun.com\/app\/uploads\/2019\/12\/logomio.png","contentUrl":"https:\/\/www.miomiorun.com\/app\/uploads\/2019\/12\/logomio.png","width":115,"height":82,"caption":"MioMio Run"},"image":{"@id":"https:\/\/www.miomiorun.com\/de\/#\/schema\/logo\/image\/"},"sameAs":["https:\/\/www.facebook.com\/miomiorun\/","https:\/\/www.instagram.com\/miomiorun\/"]}]}},"_links":{"self":[{"href":"https:\/\/www.miomiorun.com\/de\/wp-json\/wp\/v2\/product\/78215","targetHints":{"allow":["GET"]}}],"collection":[{"href":"https:\/\/www.miomiorun.com\/de\/wp-json\/wp\/v2\/product"}],"about":[{"href":"https:\/\/www.miomiorun.com\/de\/wp-json\/wp\/v2\/types\/product"}],"wp:featuredmedia":[{"embeddable":true,"href":"https:\/\/www.miomiorun.com\/de\/wp-json\/wp\/v2\/media\/85629"}],"wp:attachment":[{"href":"https:\/\/www.miomiorun.com\/de\/wp-json\/wp\/v2\/media?parent=78215"}],"wp:term":[{"taxonomy":"product_brand","embeddable":true,"href":"https:\/\/www.miomiorun.com\/de\/wp-json\/wp\/v2\/product_brand?post=78215"},{"taxonomy":"product_cat","embeddable":true,"href":"https:\/\/www.miomiorun.com\/de\/wp-json\/wp\/v2\/product_cat?post=78215"},{"taxonomy":"product_tag","embeddable":true,"href":"https:\/\/www.miomiorun.com\/de\/wp-json\/wp\/v2\/product_tag?post=78215"}],"curies":[{"name":"wp","href":"https:\/\/api.w.org\/{rel}","templated":true}]}}