{"id":78207,"date":"2022-05-14T17:12:37","date_gmt":"2022-05-14T15:12:37","guid":{"rendered":"https:\/\/miomiorun.com\/prodotto\/light-revolution-maglia-donna\/"},"modified":"2022-10-15T18:48:22","modified_gmt":"2022-10-15T16:48:22","slug":"light-revolution-langarmshirts-damen","status":"publish","type":"product","link":"https:\/\/www.miomiorun.com\/de\/produkt\/light-revolution-langarmshirts-damen\/","title":{"rendered":"Light Revolution Langarmshirts damen"},"content":{"rendered":"<div class=\"product-attribute product-attribute-passion\">\n<p>Light Revolution ist ein Trikot f\u00fcr Frauen aus Bi-Stretch-Polyesterfleece mit hohem UV-Schutz, teilweise mit Mesh gef\u00fcttert, mit Rei\u00dfverschluss in der Mitte der Vorderseite, Rei\u00dfverschlusstaschen an den H\u00e4nden und elastischer Kapuze und Saum. Ein ideales Kleidungsst\u00fcck f\u00fcr alle dynamischen Outdoor-Aktivit\u00e4ten, Bergsteigen und Klettern.<\/p>\n<p><img decoding=\"async\" src=\"https:\/\/www.montura.it\/media\/amasty\/shopby\/option_images\/slider\/climate_2.svg\" alt=\"Caldo\/Freddo\" \/><img decoding=\"async\" src=\"https:\/\/www.montura.it\/media\/amasty\/shopby\/option_images\/slider\/breathable_1.svg\" alt=\"breathable\" \/><\/p>\n<p><img decoding=\"async\" src=\"https:\/\/www.montura.it\/media\/amasty\/shopby\/option_images\/slider\/ICM81.svg\" alt=\"ICM81\" \/><\/p>\n<div class=\"product info detailed\">\n<div class=\"product data items\" role=\"tablist\"><\/div>\n<\/div>\n<div id=\"materials\" class=\"data item content\" role=\"tabpanel\" data-role=\"content\" aria-labelledby=\"tab-label-materials\" aria-hidden=\"false\">\n<div class=\"product-materials-content\">\n<div class=\"texture-content secondary-texture\">\n<div class=\"content\">\n<div class=\"texture-text\">\n<div id=\"laundry\" class=\"data item content\" role=\"tabpanel\" data-role=\"content\" aria-labelledby=\"tab-label-laundry\" aria-hidden=\"false\">\n<div class=\"laundry-content\">\n<div class=\"laundry-sides-texture\">\n<p>&nbsp;<\/p>\n<\/div>\n<\/div>\n<\/div>\n<\/div>\n<\/div>\n<\/div>\n<\/div>\n<\/div>\n<\/div>\n","protected":false},"excerpt":{"rendered":"<ul>\n<li>Gestrickt aus Bi-Stretch-Polyester-Fleece-Gewebe mit hohem UV-Schutz.<\/li>\n<li>Teilweise mit Netzgewebe gef\u00fcttert.<\/li>\n<li>Vorderseite in der Mitte mit Rei\u00dfverschluss, Handtaschen mit Rei\u00dfverschluss.<\/li>\n<\/ul>\n","protected":false},"featured_media":71131,"template":"","meta":{"_acf_changed":false,"inline_featured_image":false},"product_brand":[],"product_cat":[6400,6401,6486],"product_tag":[3379,6254],"class_list":{"0":"post-78207","1":"product","2":"type-product","3":"status-publish","4":"has-post-thumbnail","6":"product_cat-damen","7":"product_cat-damenbekleidung","8":"product_cat-damenlangarmshirts","9":"product_tag-montura-de","10":"product_tag-montura-damen-de","11":"pa_attivita-gehen","12":"pa_attivita-outdoor-de","13":"pa_colore-light-revolution-maglia-w-intense-violet-de","14":"pa_colore-light-revolution-maglia-w-nero-blu-cenere-de","15":"pa_marca-montura-de","16":"pa_sesso-damen","17":"pa_size-small-de","18":"pa_size-large-de","20":"first","21":"instock","22":"taxable","23":"shipping-taxable","24":"purchasable","25":"product-type-variable","26":"wvs-archive-product-wrapper"},"acf":[],"yoast_head":"<!-- This site is optimized with the Yoast SEO plugin v26.8 - https:\/\/yoast.com\/product\/yoast-seo-wordpress\/ -->\n<title>MonturaLight Revolution Langarmshirts damen -Lauft - MioMioRun<\/title>\n<meta name=\"description\" content=\"Light Revolution ist ein Trikot f\u00fcr Frauen aus Bi-Stretch-Polyesterfleece mit hohem UV-Schutz, teilweise mit Mesh gef\u00fcttert.\" \/>\n<meta name=\"robots\" content=\"index, follow, max-snippet:-1, max-image-preview:large, max-video-preview:-1\" \/>\n<link rel=\"canonical\" href=\"https:\/\/www.miomiorun.com\/de\/produkt\/light-revolution-langarmshirts-damen\/\" \/>\n<meta property=\"og:locale\" content=\"de_DE\" \/>\n<meta property=\"og:type\" content=\"article\" \/>\n<meta property=\"og:title\" content=\"MonturaLight Revolution Langarmshirts damen -Lauft - MioMioRun\" \/>\n<meta property=\"og:description\" content=\"Light Revolution ist ein Trikot f\u00fcr Frauen aus Bi-Stretch-Polyesterfleece mit hohem UV-Schutz, teilweise mit Mesh gef\u00fcttert.\" \/>\n<meta property=\"og:url\" content=\"https:\/\/www.miomiorun.com\/de\/produkt\/light-revolution-langarmshirts-damen\/\" \/>\n<meta property=\"og:site_name\" content=\"MioMioRun\" \/>\n<meta property=\"article:publisher\" content=\"https:\/\/www.facebook.com\/miomiorun\/\" \/>\n<meta property=\"article:modified_time\" content=\"2022-10-15T16:48:22+00:00\" \/>\n<meta property=\"og:image\" content=\"https:\/\/www.miomiorun.com\/app\/uploads\/2022\/05\/montura-light-revolution-maglia-W-nero-blu-cenere-MMAP56W-9086.jpg\" \/>\n\t<meta property=\"og:image:width\" content=\"600\" \/>\n\t<meta property=\"og:image:height\" content=\"600\" \/>\n\t<meta property=\"og:image:type\" content=\"image\/jpeg\" \/>\n<meta name=\"twitter:card\" content=\"summary_large_image\" \/>\n<meta name=\"twitter:label1\" content=\"Est. reading time\" \/>\n\t<meta name=\"twitter:data1\" content=\"1 minute\" \/>\n<script type=\"application\/ld+json\" class=\"yoast-schema-graph\">{\"@context\":\"https:\/\/schema.org\",\"@graph\":[{\"@type\":\"WebPage\",\"@id\":\"https:\/\/www.miomiorun.com\/de\/produkt\/light-revolution-langarmshirts-damen\/\",\"url\":\"https:\/\/www.miomiorun.com\/de\/produkt\/light-revolution-langarmshirts-damen\/\",\"name\":\"MonturaLight Revolution Langarmshirts damen -Lauft - MioMioRun\",\"isPartOf\":{\"@id\":\"https:\/\/www.miomiorun.com\/de\/#website\"},\"primaryImageOfPage\":{\"@id\":\"https:\/\/www.miomiorun.com\/de\/produkt\/light-revolution-langarmshirts-damen\/#primaryimage\"},\"image\":{\"@id\":\"https:\/\/www.miomiorun.com\/de\/produkt\/light-revolution-langarmshirts-damen\/#primaryimage\"},\"thumbnailUrl\":\"https:\/\/www.miomiorun.com\/app\/uploads\/2022\/05\/montura-light-revolution-maglia-W-nero-blu-cenere-MMAP56W-9086.jpg\",\"datePublished\":\"2022-05-14T15:12:37+00:00\",\"dateModified\":\"2022-10-15T16:48:22+00:00\",\"description\":\"Light Revolution ist ein Trikot f\u00fcr Frauen aus Bi-Stretch-Polyesterfleece mit hohem UV-Schutz, teilweise mit Mesh gef\u00fcttert.\",\"breadcrumb\":{\"@id\":\"https:\/\/www.miomiorun.com\/de\/produkt\/light-revolution-langarmshirts-damen\/#breadcrumb\"},\"inLanguage\":\"de-DE\",\"potentialAction\":[{\"@type\":\"ReadAction\",\"target\":[\"https:\/\/www.miomiorun.com\/de\/produkt\/light-revolution-langarmshirts-damen\/\"]}]},{\"@type\":\"ImageObject\",\"inLanguage\":\"de-DE\",\"@id\":\"https:\/\/www.miomiorun.com\/de\/produkt\/light-revolution-langarmshirts-damen\/#primaryimage\",\"url\":\"https:\/\/www.miomiorun.com\/app\/uploads\/2022\/05\/montura-light-revolution-maglia-W-nero-blu-cenere-MMAP56W-9086.jpg\",\"contentUrl\":\"https:\/\/www.miomiorun.com\/app\/uploads\/2022\/05\/montura-light-revolution-maglia-W-nero-blu-cenere-MMAP56W-9086.jpg\",\"width\":600,\"height\":600,\"caption\":\"montura-light-revolution-maglia-W-nero-blu-cenere-MMAP56W-9086\"},{\"@type\":\"BreadcrumbList\",\"@id\":\"https:\/\/www.miomiorun.com\/de\/produkt\/light-revolution-langarmshirts-damen\/#breadcrumb\",\"itemListElement\":[{\"@type\":\"ListItem\",\"position\":1,\"name\":\"Home\",\"item\":\"https:\/\/www.miomiorun.com\/de\/\"},{\"@type\":\"ListItem\",\"position\":2,\"name\":\"Shop\",\"item\":\"https:\/\/www.miomiorun.com\/shop\/\"},{\"@type\":\"ListItem\",\"position\":3,\"name\":\"Light Revolution Langarmshirts damen\"}]},{\"@type\":\"WebSite\",\"@id\":\"https:\/\/www.miomiorun.com\/de\/#website\",\"url\":\"https:\/\/www.miomiorun.com\/de\/\",\"name\":\"MioMioRun\",\"description\":\"100% Lauf- und Trailshop\",\"publisher\":{\"@id\":\"https:\/\/www.miomiorun.com\/de\/#organization\"},\"potentialAction\":[{\"@type\":\"SearchAction\",\"target\":{\"@type\":\"EntryPoint\",\"urlTemplate\":\"https:\/\/www.miomiorun.com\/de\/?s={search_term_string}\"},\"query-input\":{\"@type\":\"PropertyValueSpecification\",\"valueRequired\":true,\"valueName\":\"search_term_string\"}}],\"inLanguage\":\"de-DE\"},{\"@type\":\"Organization\",\"@id\":\"https:\/\/www.miomiorun.com\/de\/#organization\",\"name\":\"MioMio Run\",\"url\":\"https:\/\/www.miomiorun.com\/de\/\",\"logo\":{\"@type\":\"ImageObject\",\"inLanguage\":\"de-DE\",\"@id\":\"https:\/\/www.miomiorun.com\/de\/#\/schema\/logo\/image\/\",\"url\":\"https:\/\/www.miomiorun.com\/app\/uploads\/2019\/12\/logomio.png\",\"contentUrl\":\"https:\/\/www.miomiorun.com\/app\/uploads\/2019\/12\/logomio.png\",\"width\":115,\"height\":82,\"caption\":\"MioMio Run\"},\"image\":{\"@id\":\"https:\/\/www.miomiorun.com\/de\/#\/schema\/logo\/image\/\"},\"sameAs\":[\"https:\/\/www.facebook.com\/miomiorun\/\",\"https:\/\/www.instagram.com\/miomiorun\/\"]}]}<\/script>\n<!-- \/ Yoast SEO plugin. -->","yoast_head_json":{"title":"MonturaLight Revolution Langarmshirts damen -Lauft - MioMioRun","description":"Light Revolution ist ein Trikot f\u00fcr Frauen aus Bi-Stretch-Polyesterfleece mit hohem UV-Schutz, teilweise mit Mesh gef\u00fcttert.","robots":{"index":"index","follow":"follow","max-snippet":"max-snippet:-1","max-image-preview":"max-image-preview:large","max-video-preview":"max-video-preview:-1"},"canonical":"https:\/\/www.miomiorun.com\/de\/produkt\/light-revolution-langarmshirts-damen\/","og_locale":"de_DE","og_type":"article","og_title":"MonturaLight Revolution Langarmshirts damen -Lauft - MioMioRun","og_description":"Light Revolution ist ein Trikot f\u00fcr Frauen aus Bi-Stretch-Polyesterfleece mit hohem UV-Schutz, teilweise mit Mesh gef\u00fcttert.","og_url":"https:\/\/www.miomiorun.com\/de\/produkt\/light-revolution-langarmshirts-damen\/","og_site_name":"MioMioRun","article_publisher":"https:\/\/www.facebook.com\/miomiorun\/","article_modified_time":"2022-10-15T16:48:22+00:00","og_image":[{"width":600,"height":600,"url":"https:\/\/www.miomiorun.com\/app\/uploads\/2022\/05\/montura-light-revolution-maglia-W-nero-blu-cenere-MMAP56W-9086.jpg","type":"image\/jpeg"}],"twitter_card":"summary_large_image","twitter_misc":{"Est. reading time":"1 minute"},"schema":{"@context":"https:\/\/schema.org","@graph":[{"@type":"WebPage","@id":"https:\/\/www.miomiorun.com\/de\/produkt\/light-revolution-langarmshirts-damen\/","url":"https:\/\/www.miomiorun.com\/de\/produkt\/light-revolution-langarmshirts-damen\/","name":"MonturaLight Revolution Langarmshirts damen -Lauft - MioMioRun","isPartOf":{"@id":"https:\/\/www.miomiorun.com\/de\/#website"},"primaryImageOfPage":{"@id":"https:\/\/www.miomiorun.com\/de\/produkt\/light-revolution-langarmshirts-damen\/#primaryimage"},"image":{"@id":"https:\/\/www.miomiorun.com\/de\/produkt\/light-revolution-langarmshirts-damen\/#primaryimage"},"thumbnailUrl":"https:\/\/www.miomiorun.com\/app\/uploads\/2022\/05\/montura-light-revolution-maglia-W-nero-blu-cenere-MMAP56W-9086.jpg","datePublished":"2022-05-14T15:12:37+00:00","dateModified":"2022-10-15T16:48:22+00:00","description":"Light Revolution ist ein Trikot f\u00fcr Frauen aus Bi-Stretch-Polyesterfleece mit hohem UV-Schutz, teilweise mit Mesh gef\u00fcttert.","breadcrumb":{"@id":"https:\/\/www.miomiorun.com\/de\/produkt\/light-revolution-langarmshirts-damen\/#breadcrumb"},"inLanguage":"de-DE","potentialAction":[{"@type":"ReadAction","target":["https:\/\/www.miomiorun.com\/de\/produkt\/light-revolution-langarmshirts-damen\/"]}]},{"@type":"ImageObject","inLanguage":"de-DE","@id":"https:\/\/www.miomiorun.com\/de\/produkt\/light-revolution-langarmshirts-damen\/#primaryimage","url":"https:\/\/www.miomiorun.com\/app\/uploads\/2022\/05\/montura-light-revolution-maglia-W-nero-blu-cenere-MMAP56W-9086.jpg","contentUrl":"https:\/\/www.miomiorun.com\/app\/uploads\/2022\/05\/montura-light-revolution-maglia-W-nero-blu-cenere-MMAP56W-9086.jpg","width":600,"height":600,"caption":"montura-light-revolution-maglia-W-nero-blu-cenere-MMAP56W-9086"},{"@type":"BreadcrumbList","@id":"https:\/\/www.miomiorun.com\/de\/produkt\/light-revolution-langarmshirts-damen\/#breadcrumb","itemListElement":[{"@type":"ListItem","position":1,"name":"Home","item":"https:\/\/www.miomiorun.com\/de\/"},{"@type":"ListItem","position":2,"name":"Shop","item":"https:\/\/www.miomiorun.com\/shop\/"},{"@type":"ListItem","position":3,"name":"Light Revolution Langarmshirts damen"}]},{"@type":"WebSite","@id":"https:\/\/www.miomiorun.com\/de\/#website","url":"https:\/\/www.miomiorun.com\/de\/","name":"MioMioRun","description":"100% Lauf- und Trailshop","publisher":{"@id":"https:\/\/www.miomiorun.com\/de\/#organization"},"potentialAction":[{"@type":"SearchAction","target":{"@type":"EntryPoint","urlTemplate":"https:\/\/www.miomiorun.com\/de\/?s={search_term_string}"},"query-input":{"@type":"PropertyValueSpecification","valueRequired":true,"valueName":"search_term_string"}}],"inLanguage":"de-DE"},{"@type":"Organization","@id":"https:\/\/www.miomiorun.com\/de\/#organization","name":"MioMio Run","url":"https:\/\/www.miomiorun.com\/de\/","logo":{"@type":"ImageObject","inLanguage":"de-DE","@id":"https:\/\/www.miomiorun.com\/de\/#\/schema\/logo\/image\/","url":"https:\/\/www.miomiorun.com\/app\/uploads\/2019\/12\/logomio.png","contentUrl":"https:\/\/www.miomiorun.com\/app\/uploads\/2019\/12\/logomio.png","width":115,"height":82,"caption":"MioMio Run"},"image":{"@id":"https:\/\/www.miomiorun.com\/de\/#\/schema\/logo\/image\/"},"sameAs":["https:\/\/www.facebook.com\/miomiorun\/","https:\/\/www.instagram.com\/miomiorun\/"]}]}},"_links":{"self":[{"href":"https:\/\/www.miomiorun.com\/de\/wp-json\/wp\/v2\/product\/78207","targetHints":{"allow":["GET"]}}],"collection":[{"href":"https:\/\/www.miomiorun.com\/de\/wp-json\/wp\/v2\/product"}],"about":[{"href":"https:\/\/www.miomiorun.com\/de\/wp-json\/wp\/v2\/types\/product"}],"wp:featuredmedia":[{"embeddable":true,"href":"https:\/\/www.miomiorun.com\/de\/wp-json\/wp\/v2\/media\/71131"}],"wp:attachment":[{"href":"https:\/\/www.miomiorun.com\/de\/wp-json\/wp\/v2\/media?parent=78207"}],"wp:term":[{"taxonomy":"product_brand","embeddable":true,"href":"https:\/\/www.miomiorun.com\/de\/wp-json\/wp\/v2\/product_brand?post=78207"},{"taxonomy":"product_cat","embeddable":true,"href":"https:\/\/www.miomiorun.com\/de\/wp-json\/wp\/v2\/product_cat?post=78207"},{"taxonomy":"product_tag","embeddable":true,"href":"https:\/\/www.miomiorun.com\/de\/wp-json\/wp\/v2\/product_tag?post=78207"}],"curies":[{"name":"wp","href":"https:\/\/api.w.org\/{rel}","templated":true}]}}