{"id":78181,"date":"2021-11-02T17:50:33","date_gmt":"2021-11-02T16:50:33","guid":{"rendered":"https:\/\/miomiorun.com\/prodotto\/uyn-exceleretion-pants-long-donna\/"},"modified":"2022-11-22T17:54:43","modified_gmt":"2022-11-22T16:54:43","slug":"uyn-exceleretion-pants-long-damen","status":"publish","type":"product","link":"https:\/\/www.miomiorun.com\/de\/produkt\/uyn-exceleretion-pants-long-damen\/","title":{"rendered":"Exceleretion Pants Long damen"},"content":{"rendered":"<p>Die Exceleration Long Leggings von UYN f\u00fcr Frauen sind minimalistisch im Design, aber reich an Funktionalit\u00e4t.<\/p>\n<p>Das elastische und atmungsaktive Gewebe, das auf der Innenseite leicht genetzt ist, tr\u00e4gt zu einer perfekten Temperaturregulierung beim Training in den kalten Monaten bei. Die Heatmemory-Technologie wurde eingef\u00fchrt, um die Isolierf\u00e4higkeit zu erh\u00f6hen, so dass die Oberschenkel- und Wadenmuskeln warm und effizient bleiben. Der hohe elastische Bund gibt der Exceleration Leggings von UYN Stabilit\u00e4t, ohne einzuengen.<\/p>\n<p>Dank der Heatmemory-Isolationskammer wird Ihr K\u00f6rper vor K\u00e4lte gesch\u00fctzt.<\/p>\n<p>&nbsp;<\/p>\n<p class=\"tw-data-text tw-text-large XcVN5d tw-ta\" dir=\"ltr\" data-placeholder=\"Traduzione\"><strong><span class=\"Y2IQFc\" lang=\"it\">Merkmale:<\/span><\/strong><\/p>\n<ul>\n<li class=\"tw-data-text tw-text-large XcVN5d tw-ta\" dir=\"ltr\" data-placeholder=\"Traduzione\">Die parallelen dreidimensionalen Strukturen erh\u00f6hen die F\u00e4higkeit des Gewebes, sich zu dehnen und in seine urspr\u00fcngliche Form zur\u00fcckzukehren, um eine optimale Passform zu gew\u00e4hrleisten.<\/li>\n<li class=\"tw-data-text tw-text-large XcVN5d tw-ta\" dir=\"ltr\" data-placeholder=\"Traduzione\">Sie dienen auch als Abstandshalter, wenn eine zus\u00e4tzliche Schicht getragen wird, und erleichtern die Luftzirkulation zwischen den beiden Schichten.<\/li>\n<li class=\"tw-data-text tw-text-large XcVN5d tw-ta\" dir=\"ltr\" data-placeholder=\"Traduzione\">Texlyte Nano: Damit die Kleidungsst\u00fccke den Schwei\u00df schnell nach au\u00dfen transportieren und f\u00fcr ein lang anhaltendes Wohlgef\u00fchl sorgen, wurde an strategischen Stellen Texlyte Nano-Garn eingesetzt.<\/li>\n<li class=\"tw-data-text tw-text-large XcVN5d tw-ta\" dir=\"ltr\" data-placeholder=\"Traduzione\">Texlyte Nano besteht aus Polypropylen, einer der leichtesten Kunstfasern auf dem Markt. auf dem Markt.<\/li>\n<li class=\"tw-data-text tw-text-large XcVN5d tw-ta\" dir=\"ltr\" data-placeholder=\"Traduzione\">Es ist 34 % leichter als Polyester. Texlyte Nano ist au\u00dferdem vollst\u00e4ndig recycelbar und daher umweltfreundlich.<\/li>\n<\/ul>\n","protected":false},"excerpt":{"rendered":"<p>Die Exceleration Long Leggings von UYN f\u00fcr Frauen sind minimalistisch im Design, aber reich an Funktionalit\u00e4t. Das elastische und atmungsaktive Gewebe, das auf der Innenseite leicht genetzt ist, tr\u00e4gt zu einer perfekten Temperaturregulierung beim Training in den kalten Monaten bei. Die Heatmemory-Technologie wurde eingef\u00fchrt, um die Isolierf\u00e4higkeit zu erh\u00f6hen, so dass die Oberschenkel- und Wadenmuskeln &hellip; <a href=\"https:\/\/www.miomiorun.com\/de\/produkt\/uyn-exceleretion-pants-long-damen\/\">Continued<\/a><\/p>\n","protected":false},"featured_media":59460,"template":"","meta":{"_acf_changed":false,"inline_featured_image":false},"product_brand":[],"product_cat":[6400,6401,6487],"product_tag":[6315,6291],"class_list":{"0":"post-78181","1":"product","2":"type-product","3":"status-publish","4":"has-post-thumbnail","6":"product_cat-damen","7":"product_cat-damenbekleidung","8":"product_cat-damenhosen","9":"product_tag-uyn-de","10":"product_tag-uyn-damen-de","11":"pa_attivita-gehen","12":"pa_attivita-running-de","13":"pa_colore-exceleration-pants-long-w-black-cloud-de","14":"pa_colore-exceleration-pants-long-w-plum-pink-yarr-de","15":"pa_marca-uyn-de","16":"pa_sesso-damen","17":"pa_size-medium-de","18":"pa_size-large-de","20":"first","21":"instock","22":"sale","23":"taxable","24":"shipping-taxable","25":"purchasable","26":"product-type-variable","27":"wvs-archive-product-wrapper"},"acf":[],"yoast_head":"<!-- This site is optimized with the Yoast SEO plugin v26.8 - https:\/\/yoast.com\/product\/yoast-seo-wordpress\/ -->\n<title>Uyn Exceleretion Pants Long damen - Thermohose - MioMioRun<\/title>\n<meta name=\"description\" content=\"Die Exceleration Long Leggings von UYN f\u00fcr Frauen sind minimalistisch im Design, aber reich an Funktionalit\u00e4t. Der Stoff ist dehnbar und atmungsaktiv.\" \/>\n<meta name=\"robots\" content=\"index, follow, max-snippet:-1, max-image-preview:large, max-video-preview:-1\" \/>\n<link rel=\"canonical\" href=\"https:\/\/www.miomiorun.com\/de\/produkt\/uyn-exceleretion-pants-long-damen\/\" \/>\n<meta property=\"og:locale\" content=\"de_DE\" \/>\n<meta property=\"og:type\" content=\"article\" \/>\n<meta property=\"og:title\" content=\"Uyn Exceleretion Pants Long damen - Thermohose - MioMioRun\" \/>\n<meta property=\"og:description\" content=\"Die Exceleration Long Leggings von UYN f\u00fcr Frauen sind minimalistisch im Design, aber reich an Funktionalit\u00e4t. Der Stoff ist dehnbar und atmungsaktiv.\" \/>\n<meta property=\"og:url\" content=\"https:\/\/www.miomiorun.com\/de\/produkt\/uyn-exceleretion-pants-long-damen\/\" \/>\n<meta property=\"og:site_name\" content=\"MioMioRun\" \/>\n<meta property=\"article:publisher\" content=\"https:\/\/www.facebook.com\/miomiorun\/\" \/>\n<meta property=\"article:modified_time\" content=\"2022-11-22T16:54:43+00:00\" \/>\n<meta property=\"og:image\" content=\"https:\/\/www.miomiorun.com\/app\/uploads\/2021\/11\/uyn-exceleration-pants-long-O102175-93V187.jpg\" \/>\n\t<meta property=\"og:image:width\" content=\"600\" \/>\n\t<meta property=\"og:image:height\" content=\"600\" \/>\n\t<meta property=\"og:image:type\" content=\"image\/jpeg\" \/>\n<meta name=\"twitter:card\" content=\"summary_large_image\" \/>\n<meta name=\"twitter:label1\" content=\"Est. reading time\" \/>\n\t<meta name=\"twitter:data1\" content=\"1 minute\" \/>\n<script type=\"application\/ld+json\" class=\"yoast-schema-graph\">{\"@context\":\"https:\/\/schema.org\",\"@graph\":[{\"@type\":\"WebPage\",\"@id\":\"https:\/\/www.miomiorun.com\/de\/produkt\/uyn-exceleretion-pants-long-damen\/\",\"url\":\"https:\/\/www.miomiorun.com\/de\/produkt\/uyn-exceleretion-pants-long-damen\/\",\"name\":\"Uyn Exceleretion Pants Long damen - Thermohose - MioMioRun\",\"isPartOf\":{\"@id\":\"https:\/\/www.miomiorun.com\/de\/#website\"},\"primaryImageOfPage\":{\"@id\":\"https:\/\/www.miomiorun.com\/de\/produkt\/uyn-exceleretion-pants-long-damen\/#primaryimage\"},\"image\":{\"@id\":\"https:\/\/www.miomiorun.com\/de\/produkt\/uyn-exceleretion-pants-long-damen\/#primaryimage\"},\"thumbnailUrl\":\"https:\/\/www.miomiorun.com\/app\/uploads\/2021\/11\/uyn-exceleration-pants-long-O102175-93V187.jpg\",\"datePublished\":\"2021-11-02T16:50:33+00:00\",\"dateModified\":\"2022-11-22T16:54:43+00:00\",\"description\":\"Die Exceleration Long Leggings von UYN f\u00fcr Frauen sind minimalistisch im Design, aber reich an Funktionalit\u00e4t. Der Stoff ist dehnbar und atmungsaktiv.\",\"breadcrumb\":{\"@id\":\"https:\/\/www.miomiorun.com\/de\/produkt\/uyn-exceleretion-pants-long-damen\/#breadcrumb\"},\"inLanguage\":\"de-DE\",\"potentialAction\":[{\"@type\":\"ReadAction\",\"target\":[\"https:\/\/www.miomiorun.com\/de\/produkt\/uyn-exceleretion-pants-long-damen\/\"]}]},{\"@type\":\"ImageObject\",\"inLanguage\":\"de-DE\",\"@id\":\"https:\/\/www.miomiorun.com\/de\/produkt\/uyn-exceleretion-pants-long-damen\/#primaryimage\",\"url\":\"https:\/\/www.miomiorun.com\/app\/uploads\/2021\/11\/uyn-exceleration-pants-long-O102175-93V187.jpg\",\"contentUrl\":\"https:\/\/www.miomiorun.com\/app\/uploads\/2021\/11\/uyn-exceleration-pants-long-O102175-93V187.jpg\",\"width\":600,\"height\":600,\"caption\":\"uyn exceleraton pants long\"},{\"@type\":\"BreadcrumbList\",\"@id\":\"https:\/\/www.miomiorun.com\/de\/produkt\/uyn-exceleretion-pants-long-damen\/#breadcrumb\",\"itemListElement\":[{\"@type\":\"ListItem\",\"position\":1,\"name\":\"Home\",\"item\":\"https:\/\/www.miomiorun.com\/de\/\"},{\"@type\":\"ListItem\",\"position\":2,\"name\":\"Shop\",\"item\":\"https:\/\/www.miomiorun.com\/shop\/\"},{\"@type\":\"ListItem\",\"position\":3,\"name\":\"Exceleretion Pants Long damen\"}]},{\"@type\":\"WebSite\",\"@id\":\"https:\/\/www.miomiorun.com\/de\/#website\",\"url\":\"https:\/\/www.miomiorun.com\/de\/\",\"name\":\"MioMioRun\",\"description\":\"100% Lauf- und Trailshop\",\"publisher\":{\"@id\":\"https:\/\/www.miomiorun.com\/de\/#organization\"},\"potentialAction\":[{\"@type\":\"SearchAction\",\"target\":{\"@type\":\"EntryPoint\",\"urlTemplate\":\"https:\/\/www.miomiorun.com\/de\/?s={search_term_string}\"},\"query-input\":{\"@type\":\"PropertyValueSpecification\",\"valueRequired\":true,\"valueName\":\"search_term_string\"}}],\"inLanguage\":\"de-DE\"},{\"@type\":\"Organization\",\"@id\":\"https:\/\/www.miomiorun.com\/de\/#organization\",\"name\":\"MioMio Run\",\"url\":\"https:\/\/www.miomiorun.com\/de\/\",\"logo\":{\"@type\":\"ImageObject\",\"inLanguage\":\"de-DE\",\"@id\":\"https:\/\/www.miomiorun.com\/de\/#\/schema\/logo\/image\/\",\"url\":\"https:\/\/www.miomiorun.com\/app\/uploads\/2019\/12\/logomio.png\",\"contentUrl\":\"https:\/\/www.miomiorun.com\/app\/uploads\/2019\/12\/logomio.png\",\"width\":115,\"height\":82,\"caption\":\"MioMio Run\"},\"image\":{\"@id\":\"https:\/\/www.miomiorun.com\/de\/#\/schema\/logo\/image\/\"},\"sameAs\":[\"https:\/\/www.facebook.com\/miomiorun\/\",\"https:\/\/www.instagram.com\/miomiorun\/\"]}]}<\/script>\n<!-- \/ Yoast SEO plugin. -->","yoast_head_json":{"title":"Uyn Exceleretion Pants Long damen - Thermohose - MioMioRun","description":"Die Exceleration Long Leggings von UYN f\u00fcr Frauen sind minimalistisch im Design, aber reich an Funktionalit\u00e4t. Der Stoff ist dehnbar und atmungsaktiv.","robots":{"index":"index","follow":"follow","max-snippet":"max-snippet:-1","max-image-preview":"max-image-preview:large","max-video-preview":"max-video-preview:-1"},"canonical":"https:\/\/www.miomiorun.com\/de\/produkt\/uyn-exceleretion-pants-long-damen\/","og_locale":"de_DE","og_type":"article","og_title":"Uyn Exceleretion Pants Long damen - Thermohose - MioMioRun","og_description":"Die Exceleration Long Leggings von UYN f\u00fcr Frauen sind minimalistisch im Design, aber reich an Funktionalit\u00e4t. Der Stoff ist dehnbar und atmungsaktiv.","og_url":"https:\/\/www.miomiorun.com\/de\/produkt\/uyn-exceleretion-pants-long-damen\/","og_site_name":"MioMioRun","article_publisher":"https:\/\/www.facebook.com\/miomiorun\/","article_modified_time":"2022-11-22T16:54:43+00:00","og_image":[{"width":600,"height":600,"url":"https:\/\/www.miomiorun.com\/app\/uploads\/2021\/11\/uyn-exceleration-pants-long-O102175-93V187.jpg","type":"image\/jpeg"}],"twitter_card":"summary_large_image","twitter_misc":{"Est. reading time":"1 minute"},"schema":{"@context":"https:\/\/schema.org","@graph":[{"@type":"WebPage","@id":"https:\/\/www.miomiorun.com\/de\/produkt\/uyn-exceleretion-pants-long-damen\/","url":"https:\/\/www.miomiorun.com\/de\/produkt\/uyn-exceleretion-pants-long-damen\/","name":"Uyn Exceleretion Pants Long damen - Thermohose - MioMioRun","isPartOf":{"@id":"https:\/\/www.miomiorun.com\/de\/#website"},"primaryImageOfPage":{"@id":"https:\/\/www.miomiorun.com\/de\/produkt\/uyn-exceleretion-pants-long-damen\/#primaryimage"},"image":{"@id":"https:\/\/www.miomiorun.com\/de\/produkt\/uyn-exceleretion-pants-long-damen\/#primaryimage"},"thumbnailUrl":"https:\/\/www.miomiorun.com\/app\/uploads\/2021\/11\/uyn-exceleration-pants-long-O102175-93V187.jpg","datePublished":"2021-11-02T16:50:33+00:00","dateModified":"2022-11-22T16:54:43+00:00","description":"Die Exceleration Long Leggings von UYN f\u00fcr Frauen sind minimalistisch im Design, aber reich an Funktionalit\u00e4t. Der Stoff ist dehnbar und atmungsaktiv.","breadcrumb":{"@id":"https:\/\/www.miomiorun.com\/de\/produkt\/uyn-exceleretion-pants-long-damen\/#breadcrumb"},"inLanguage":"de-DE","potentialAction":[{"@type":"ReadAction","target":["https:\/\/www.miomiorun.com\/de\/produkt\/uyn-exceleretion-pants-long-damen\/"]}]},{"@type":"ImageObject","inLanguage":"de-DE","@id":"https:\/\/www.miomiorun.com\/de\/produkt\/uyn-exceleretion-pants-long-damen\/#primaryimage","url":"https:\/\/www.miomiorun.com\/app\/uploads\/2021\/11\/uyn-exceleration-pants-long-O102175-93V187.jpg","contentUrl":"https:\/\/www.miomiorun.com\/app\/uploads\/2021\/11\/uyn-exceleration-pants-long-O102175-93V187.jpg","width":600,"height":600,"caption":"uyn exceleraton pants long"},{"@type":"BreadcrumbList","@id":"https:\/\/www.miomiorun.com\/de\/produkt\/uyn-exceleretion-pants-long-damen\/#breadcrumb","itemListElement":[{"@type":"ListItem","position":1,"name":"Home","item":"https:\/\/www.miomiorun.com\/de\/"},{"@type":"ListItem","position":2,"name":"Shop","item":"https:\/\/www.miomiorun.com\/shop\/"},{"@type":"ListItem","position":3,"name":"Exceleretion Pants Long damen"}]},{"@type":"WebSite","@id":"https:\/\/www.miomiorun.com\/de\/#website","url":"https:\/\/www.miomiorun.com\/de\/","name":"MioMioRun","description":"100% Lauf- und Trailshop","publisher":{"@id":"https:\/\/www.miomiorun.com\/de\/#organization"},"potentialAction":[{"@type":"SearchAction","target":{"@type":"EntryPoint","urlTemplate":"https:\/\/www.miomiorun.com\/de\/?s={search_term_string}"},"query-input":{"@type":"PropertyValueSpecification","valueRequired":true,"valueName":"search_term_string"}}],"inLanguage":"de-DE"},{"@type":"Organization","@id":"https:\/\/www.miomiorun.com\/de\/#organization","name":"MioMio Run","url":"https:\/\/www.miomiorun.com\/de\/","logo":{"@type":"ImageObject","inLanguage":"de-DE","@id":"https:\/\/www.miomiorun.com\/de\/#\/schema\/logo\/image\/","url":"https:\/\/www.miomiorun.com\/app\/uploads\/2019\/12\/logomio.png","contentUrl":"https:\/\/www.miomiorun.com\/app\/uploads\/2019\/12\/logomio.png","width":115,"height":82,"caption":"MioMio Run"},"image":{"@id":"https:\/\/www.miomiorun.com\/de\/#\/schema\/logo\/image\/"},"sameAs":["https:\/\/www.facebook.com\/miomiorun\/","https:\/\/www.instagram.com\/miomiorun\/"]}]}},"_links":{"self":[{"href":"https:\/\/www.miomiorun.com\/de\/wp-json\/wp\/v2\/product\/78181","targetHints":{"allow":["GET"]}}],"collection":[{"href":"https:\/\/www.miomiorun.com\/de\/wp-json\/wp\/v2\/product"}],"about":[{"href":"https:\/\/www.miomiorun.com\/de\/wp-json\/wp\/v2\/types\/product"}],"wp:featuredmedia":[{"embeddable":true,"href":"https:\/\/www.miomiorun.com\/de\/wp-json\/wp\/v2\/media\/59460"}],"wp:attachment":[{"href":"https:\/\/www.miomiorun.com\/de\/wp-json\/wp\/v2\/media?parent=78181"}],"wp:term":[{"taxonomy":"product_brand","embeddable":true,"href":"https:\/\/www.miomiorun.com\/de\/wp-json\/wp\/v2\/product_brand?post=78181"},{"taxonomy":"product_cat","embeddable":true,"href":"https:\/\/www.miomiorun.com\/de\/wp-json\/wp\/v2\/product_cat?post=78181"},{"taxonomy":"product_tag","embeddable":true,"href":"https:\/\/www.miomiorun.com\/de\/wp-json\/wp\/v2\/product_tag?post=78181"}],"curies":[{"name":"wp","href":"https:\/\/api.w.org\/{rel}","templated":true}]}}