{"id":78138,"date":"2022-03-25T18:48:07","date_gmt":"2022-03-25T17:48:07","guid":{"rendered":"https:\/\/miomiorun.com\/prodotto\/uyn-running-pb42-ow-shirt-uomo\/"},"modified":"2026-05-08T21:21:44","modified_gmt":"2026-05-08T19:21:44","slug":"uyn-running-pb42-ow-shirt-herren","status":"publish","type":"product","link":"https:\/\/www.miomiorun.com\/de\/produkt\/uyn-running-pb42-ow-shirt-herren\/","title":{"rendered":"Running PB42 OW Shirt herren"},"content":{"rendered":"<div class=\"tab-custom-inner-max content-wysiwyg\"><\/div>\n<div class=\"tab-custom-inner-max content-wysiwyg\">Entwickelt, um Ihnen zu helfen, Ihre pers\u00f6nliche Bestleistung zu erreichen Anatomisch, atmungsaktiv und mit einer Passform, die Ihnen hilft, Ihre pers\u00f6nliche Bestleistung bei Langstreckenl\u00e4ufen zu erreichen. Das UYN PB42 f\u00fcr M\u00e4nner ist das Hemd, das der Welt des Laufsports gewidmet ist und das Wesentliche zu seiner St\u00e4rke macht.<br \/>\nAn den Stellen, an denen sich Schwei\u00df ansammelt, hat das Gewebe eine dreidimensionale Struktur, die eine gr\u00f6\u00dfere Luftzirkulation erm\u00f6glicht und den K\u00f6rper k\u00fchl und trocken h\u00e4lt. Die HYPERMOTION-Technologie im Schulter- und Armbereich sorgt f\u00fcr gro\u00dfe Bewegungsfreiheit und erm\u00f6glicht dem K\u00f6rper eine optimale Laufhaltung.<\/p>\n<div><\/div>\n<div class=\"product-line\"><strong>Merkmale:<\/strong><\/div>\n<div class=\"product-line\">\n<ul>\n<li class=\"mb-2\">\u00a0Das COOLVENT-System an Brust und R\u00fccken sorgt f\u00fcr eine gute W\u00e4rmeregulierung und leitet den Schwei\u00df schnell ab.<\/li>\n<li>Unterarm mit DRYLIGHT-Technologie f\u00fcr bessere Bel\u00fcftung.<\/li>\n<li>HYPERMOTION-Technologie an Schultern und Armen ohne vertikale N\u00e4hte. Reduziert Scheuerstellen, unterst\u00fctzt die K\u00f6rperhaltung und bietet Bewegungsfreiheit.<\/li>\n<li>Dreidimensionale Stoffkonstruktion im Bauch- und unteren R\u00fcckenbereich, die eine Luftzirkulation erm\u00f6glicht.<\/li>\n<li>Reflektierendes UYN-Logo auf der R\u00fcckseite f\u00fcr schlechte Lichtverh\u00e4ltnisse.<\/li>\n<\/ul>\n<h3>Technologien<\/h3>\n<div id=\"tab-technology\" class=\"tab-pane active\" role=\"tabpanel\">\n<div class=\"tab-custom\">\n<div class=\"tab-items\">\n<div class=\"row\">\n<div class=\"col-xs-12 col-sm-4\">\n<div class=\"tab-item\">\n<div class=\"media media-md\">\n<div class=\"media-left\"><img loading=\"lazy\" decoding=\"async\" class=\"\" src=\"https:\/\/images.prismic.io\/uynsports\/558d27668629dc0d13a92787903add7452ef943d_coolvent.jpg?auto=compress,format\" alt=\"Coolvent\" width=\"88\" height=\"88\" \/><\/div>\n<div class=\"media-body\">\n<div class=\"title\"><strong>Coolvent<\/strong><\/div>\n<p>Das Coolvent-Konzept steht f\u00fcr absoluten Komfort. Es basiert auf der offenen Struktur des Gewebes: Die Innenfl\u00e4che ist von Kan\u00e4len durchzogen, die einen konstanten Luftstrom f\u00f6rdern. Es absorbiert schnell den Schwei\u00df, k\u00fchlt den K\u00f6rper bei k\u00f6rperlicher Aktivit\u00e4t und h\u00e4lt die Haut stets trocken.<\/p>\n<\/div>\n<\/div>\n<\/div>\n<\/div>\n<div class=\"col-xs-12 col-sm-4\">\n<div class=\"tab-item\">\n<div class=\"media media-md\">\n<div class=\"media-left\"><img loading=\"lazy\" decoding=\"async\" class=\"\" src=\"https:\/\/images.prismic.io\/uynsports\/527a70652da805d4a951d23b1d682161e9f97dcf_drylight.jpg?auto=compress,format\" alt=\"Drylight\" width=\"88\" height=\"88\" \/><\/div>\n<div class=\"media-body\">\n<div class=\"title\"><strong>Drylight<\/strong><\/div>\n<p>Die Drylight-Technologie von UYN\u00ae sorgt f\u00fcr Komfort an allen Stellen des K\u00f6rpers, an denen sich Schwei\u00df ansammelt. Dank eines durchl\u00e4ssigeren und saugf\u00e4higen Gestricks wird die Feuchtigkeit schnell nach au\u00dfen transportiert.<\/p>\n<\/div>\n<\/div>\n<\/div>\n<\/div>\n<div class=\"col-xs-12 col-sm-4\">\n<div class=\"tab-item\">\n<div class=\"media media-md\">\n<div class=\"media-left\"><img loading=\"lazy\" decoding=\"async\" class=\"\" src=\"https:\/\/images.prismic.io\/uynsports\/89800456c6e9adddef3efa4e70bf25dcbd6b6aab_hypermotion2.jpg?auto=compress,format\" alt=\"Hypermotion\u00b2\" width=\"88\" height=\"88\" \/><\/div>\n<div class=\"media-body\">\n<div class=\"title\"><strong>Hypermotion\u00b2<\/strong><\/div>\n<p>Hypermotion\u00b2 bietet noch mehr Bewegungsfreiheit. Es gibt keine vertikalen N\u00e4hte, weder an den Schultern noch an der Brust. Nichts schr\u00e4nkt die Bewegung der Arme ein.<\/p>\n<\/div>\n<\/div>\n<\/div>\n<\/div>\n<div class=\"col-xs-12 col-sm-4\">\n<div class=\"tab-item\">\n<div class=\"media media-md\"><\/div>\n<\/div>\n<\/div>\n<div class=\"col-xs-12 col-sm-4\">\n<div class=\"tab-item\">\n<div class=\"media media-md\">\n<div class=\"media-body\">\n<p><span class=\"text-gray-400\">Material: 82% POLYAMID 11% POLYESTER 6% ELASTAN 1% POLYPROPYLEN<\/span><\/p>\n<\/div>\n<\/div>\n<\/div>\n<\/div>\n<\/div>\n<\/div>\n<\/div>\n<\/div>\n<\/div>\n<\/div>\n","protected":false},"excerpt":{"rendered":"<p>Entwickelt, um Ihnen zu helfen, Ihre pers\u00f6nliche Bestleistung zu erreichen Anatomisch, atmungsaktiv und mit einer Passform, die Ihnen hilft, Ihre pers\u00f6nliche Bestleistung bei Langstreckenl\u00e4ufen zu erreichen. Das UYN PB42 f\u00fcr M\u00e4nner ist das Hemd, das der Welt des Laufsports gewidmet ist und das Wesentliche zu seiner St\u00e4rke macht. An den Stellen, an denen sich Schwei\u00df &hellip; <a href=\"https:\/\/www.miomiorun.com\/de\/produkt\/uyn-running-pb42-ow-shirt-herren\/\">Continued<\/a><\/p>\n","protected":false},"featured_media":58944,"template":"","meta":{"_acf_changed":false,"inline_featured_image":false},"product_brand":[],"product_cat":[6515,6540,6508,6511],"product_tag":[6315,6296],"class_list":{"0":"post-78138","1":"product","2":"type-product","3":"status-publish","4":"has-post-thumbnail","6":"product_cat-herren-de","7":"product_cat-herrenbekleidung","8":"product_cat-herrent-shirt","9":"product_cat-waesche","10":"product_tag-uyn-de","11":"product_tag-uyn-herren-de","12":"pa_attivita-running-de","13":"pa_colore-running-pb42-ow-shirt-m-black-beauty-iro-2-de","14":"pa_marca-uyn-de","15":"pa_sesso-herren","16":"pa_size-small-de","17":"pa_size-large-de","19":"first","20":"instock","21":"sale","22":"taxable","23":"shipping-taxable","24":"purchasable","25":"product-type-variable","26":"wvs-archive-product-wrapper"},"acf":[],"yoast_head":"<!-- This site is optimized with the Yoast SEO plugin v26.8 - https:\/\/yoast.com\/product\/yoast-seo-wordpress\/ -->\n<title>Uyn Running PB42 OW Shirt herren - Thermo-Unterw\u00e4sche - MioMioRun.com<\/title>\n<meta name=\"description\" content=\"Das UYN PB42 f\u00fcr M\u00e4nner ist ein spezielles Trikot f\u00fcr die Welt des Laufsports, das das Wesentliche zu seiner St\u00e4rke macht. Der Stoff hat eine dreidimensionale Struktur.\" \/>\n<meta name=\"robots\" content=\"index, follow, max-snippet:-1, max-image-preview:large, max-video-preview:-1\" \/>\n<link rel=\"canonical\" href=\"https:\/\/www.miomiorun.com\/de\/produkt\/uyn-running-pb42-ow-shirt-herren\/\" \/>\n<meta property=\"og:locale\" content=\"de_DE\" \/>\n<meta property=\"og:type\" content=\"article\" \/>\n<meta property=\"og:title\" content=\"Uyn Running PB42 OW Shirt herren - Thermo-Unterw\u00e4sche - MioMioRun.com\" \/>\n<meta property=\"og:description\" content=\"Das UYN PB42 f\u00fcr M\u00e4nner ist ein spezielles Trikot f\u00fcr die Welt des Laufsports, das das Wesentliche zu seiner St\u00e4rke macht. Der Stoff hat eine dreidimensionale Struktur.\" \/>\n<meta property=\"og:url\" content=\"https:\/\/www.miomiorun.com\/de\/produkt\/uyn-running-pb42-ow-shirt-herren\/\" \/>\n<meta property=\"og:site_name\" content=\"MioMioRun\" \/>\n<meta property=\"article:publisher\" content=\"https:\/\/www.facebook.com\/miomiorun\/\" \/>\n<meta property=\"article:modified_time\" content=\"2026-05-08T19:21:44+00:00\" \/>\n<meta property=\"og:image\" content=\"https:\/\/www.miomiorun.com\/app\/uploads\/2021\/10\/uyn-Man-marathon-OW-shirt-O101951-93B754.jpg\" \/>\n\t<meta property=\"og:image:width\" content=\"600\" \/>\n\t<meta property=\"og:image:height\" content=\"600\" \/>\n\t<meta property=\"og:image:type\" content=\"image\/jpeg\" \/>\n<meta name=\"twitter:card\" content=\"summary_large_image\" \/>\n<meta name=\"twitter:label1\" content=\"Est. reading time\" \/>\n\t<meta name=\"twitter:data1\" content=\"2 minutes\" \/>\n<script type=\"application\/ld+json\" class=\"yoast-schema-graph\">{\"@context\":\"https:\/\/schema.org\",\"@graph\":[{\"@type\":\"WebPage\",\"@id\":\"https:\/\/www.miomiorun.com\/de\/produkt\/uyn-running-pb42-ow-shirt-herren\/\",\"url\":\"https:\/\/www.miomiorun.com\/de\/produkt\/uyn-running-pb42-ow-shirt-herren\/\",\"name\":\"Uyn Running PB42 OW Shirt herren - Thermo-Unterw\u00e4sche - MioMioRun.com\",\"isPartOf\":{\"@id\":\"https:\/\/www.miomiorun.com\/de\/#website\"},\"primaryImageOfPage\":{\"@id\":\"https:\/\/www.miomiorun.com\/de\/produkt\/uyn-running-pb42-ow-shirt-herren\/#primaryimage\"},\"image\":{\"@id\":\"https:\/\/www.miomiorun.com\/de\/produkt\/uyn-running-pb42-ow-shirt-herren\/#primaryimage\"},\"thumbnailUrl\":\"https:\/\/www.miomiorun.com\/app\/uploads\/2021\/10\/uyn-Man-marathon-OW-shirt-O101951-93B754.jpg\",\"datePublished\":\"2022-03-25T17:48:07+00:00\",\"dateModified\":\"2026-05-08T19:21:44+00:00\",\"description\":\"Das UYN PB42 f\u00fcr M\u00e4nner ist ein spezielles Trikot f\u00fcr die Welt des Laufsports, das das Wesentliche zu seiner St\u00e4rke macht. Der Stoff hat eine dreidimensionale Struktur.\",\"breadcrumb\":{\"@id\":\"https:\/\/www.miomiorun.com\/de\/produkt\/uyn-running-pb42-ow-shirt-herren\/#breadcrumb\"},\"inLanguage\":\"de-DE\",\"potentialAction\":[{\"@type\":\"ReadAction\",\"target\":[\"https:\/\/www.miomiorun.com\/de\/produkt\/uyn-running-pb42-ow-shirt-herren\/\"]}]},{\"@type\":\"ImageObject\",\"inLanguage\":\"de-DE\",\"@id\":\"https:\/\/www.miomiorun.com\/de\/produkt\/uyn-running-pb42-ow-shirt-herren\/#primaryimage\",\"url\":\"https:\/\/www.miomiorun.com\/app\/uploads\/2021\/10\/uyn-Man-marathon-OW-shirt-O101951-93B754.jpg\",\"contentUrl\":\"https:\/\/www.miomiorun.com\/app\/uploads\/2021\/10\/uyn-Man-marathon-OW-shirt-O101951-93B754.jpg\",\"width\":600,\"height\":600,\"caption\":\"uyn man marathon ow shirt\"},{\"@type\":\"BreadcrumbList\",\"@id\":\"https:\/\/www.miomiorun.com\/de\/produkt\/uyn-running-pb42-ow-shirt-herren\/#breadcrumb\",\"itemListElement\":[{\"@type\":\"ListItem\",\"position\":1,\"name\":\"Home\",\"item\":\"https:\/\/www.miomiorun.com\/de\/\"},{\"@type\":\"ListItem\",\"position\":2,\"name\":\"Shop\",\"item\":\"https:\/\/www.miomiorun.com\/shop\/\"},{\"@type\":\"ListItem\",\"position\":3,\"name\":\"Running PB42 OW Shirt herren\"}]},{\"@type\":\"WebSite\",\"@id\":\"https:\/\/www.miomiorun.com\/de\/#website\",\"url\":\"https:\/\/www.miomiorun.com\/de\/\",\"name\":\"MioMioRun\",\"description\":\"100% Lauf- und Trailshop\",\"publisher\":{\"@id\":\"https:\/\/www.miomiorun.com\/de\/#organization\"},\"potentialAction\":[{\"@type\":\"SearchAction\",\"target\":{\"@type\":\"EntryPoint\",\"urlTemplate\":\"https:\/\/www.miomiorun.com\/de\/?s={search_term_string}\"},\"query-input\":{\"@type\":\"PropertyValueSpecification\",\"valueRequired\":true,\"valueName\":\"search_term_string\"}}],\"inLanguage\":\"de-DE\"},{\"@type\":\"Organization\",\"@id\":\"https:\/\/www.miomiorun.com\/de\/#organization\",\"name\":\"MioMio Run\",\"url\":\"https:\/\/www.miomiorun.com\/de\/\",\"logo\":{\"@type\":\"ImageObject\",\"inLanguage\":\"de-DE\",\"@id\":\"https:\/\/www.miomiorun.com\/de\/#\/schema\/logo\/image\/\",\"url\":\"https:\/\/www.miomiorun.com\/app\/uploads\/2019\/12\/logomio.png\",\"contentUrl\":\"https:\/\/www.miomiorun.com\/app\/uploads\/2019\/12\/logomio.png\",\"width\":115,\"height\":82,\"caption\":\"MioMio Run\"},\"image\":{\"@id\":\"https:\/\/www.miomiorun.com\/de\/#\/schema\/logo\/image\/\"},\"sameAs\":[\"https:\/\/www.facebook.com\/miomiorun\/\",\"https:\/\/www.instagram.com\/miomiorun\/\"]}]}<\/script>\n<!-- \/ Yoast SEO plugin. -->","yoast_head_json":{"title":"Uyn Running PB42 OW Shirt herren - Thermo-Unterw\u00e4sche - MioMioRun.com","description":"Das UYN PB42 f\u00fcr M\u00e4nner ist ein spezielles Trikot f\u00fcr die Welt des Laufsports, das das Wesentliche zu seiner St\u00e4rke macht. Der Stoff hat eine dreidimensionale Struktur.","robots":{"index":"index","follow":"follow","max-snippet":"max-snippet:-1","max-image-preview":"max-image-preview:large","max-video-preview":"max-video-preview:-1"},"canonical":"https:\/\/www.miomiorun.com\/de\/produkt\/uyn-running-pb42-ow-shirt-herren\/","og_locale":"de_DE","og_type":"article","og_title":"Uyn Running PB42 OW Shirt herren - Thermo-Unterw\u00e4sche - MioMioRun.com","og_description":"Das UYN PB42 f\u00fcr M\u00e4nner ist ein spezielles Trikot f\u00fcr die Welt des Laufsports, das das Wesentliche zu seiner St\u00e4rke macht. Der Stoff hat eine dreidimensionale Struktur.","og_url":"https:\/\/www.miomiorun.com\/de\/produkt\/uyn-running-pb42-ow-shirt-herren\/","og_site_name":"MioMioRun","article_publisher":"https:\/\/www.facebook.com\/miomiorun\/","article_modified_time":"2026-05-08T19:21:44+00:00","og_image":[{"width":600,"height":600,"url":"https:\/\/www.miomiorun.com\/app\/uploads\/2021\/10\/uyn-Man-marathon-OW-shirt-O101951-93B754.jpg","type":"image\/jpeg"}],"twitter_card":"summary_large_image","twitter_misc":{"Est. reading time":"2 minutes"},"schema":{"@context":"https:\/\/schema.org","@graph":[{"@type":"WebPage","@id":"https:\/\/www.miomiorun.com\/de\/produkt\/uyn-running-pb42-ow-shirt-herren\/","url":"https:\/\/www.miomiorun.com\/de\/produkt\/uyn-running-pb42-ow-shirt-herren\/","name":"Uyn Running PB42 OW Shirt herren - Thermo-Unterw\u00e4sche - MioMioRun.com","isPartOf":{"@id":"https:\/\/www.miomiorun.com\/de\/#website"},"primaryImageOfPage":{"@id":"https:\/\/www.miomiorun.com\/de\/produkt\/uyn-running-pb42-ow-shirt-herren\/#primaryimage"},"image":{"@id":"https:\/\/www.miomiorun.com\/de\/produkt\/uyn-running-pb42-ow-shirt-herren\/#primaryimage"},"thumbnailUrl":"https:\/\/www.miomiorun.com\/app\/uploads\/2021\/10\/uyn-Man-marathon-OW-shirt-O101951-93B754.jpg","datePublished":"2022-03-25T17:48:07+00:00","dateModified":"2026-05-08T19:21:44+00:00","description":"Das UYN PB42 f\u00fcr M\u00e4nner ist ein spezielles Trikot f\u00fcr die Welt des Laufsports, das das Wesentliche zu seiner St\u00e4rke macht. Der Stoff hat eine dreidimensionale Struktur.","breadcrumb":{"@id":"https:\/\/www.miomiorun.com\/de\/produkt\/uyn-running-pb42-ow-shirt-herren\/#breadcrumb"},"inLanguage":"de-DE","potentialAction":[{"@type":"ReadAction","target":["https:\/\/www.miomiorun.com\/de\/produkt\/uyn-running-pb42-ow-shirt-herren\/"]}]},{"@type":"ImageObject","inLanguage":"de-DE","@id":"https:\/\/www.miomiorun.com\/de\/produkt\/uyn-running-pb42-ow-shirt-herren\/#primaryimage","url":"https:\/\/www.miomiorun.com\/app\/uploads\/2021\/10\/uyn-Man-marathon-OW-shirt-O101951-93B754.jpg","contentUrl":"https:\/\/www.miomiorun.com\/app\/uploads\/2021\/10\/uyn-Man-marathon-OW-shirt-O101951-93B754.jpg","width":600,"height":600,"caption":"uyn man marathon ow shirt"},{"@type":"BreadcrumbList","@id":"https:\/\/www.miomiorun.com\/de\/produkt\/uyn-running-pb42-ow-shirt-herren\/#breadcrumb","itemListElement":[{"@type":"ListItem","position":1,"name":"Home","item":"https:\/\/www.miomiorun.com\/de\/"},{"@type":"ListItem","position":2,"name":"Shop","item":"https:\/\/www.miomiorun.com\/shop\/"},{"@type":"ListItem","position":3,"name":"Running PB42 OW Shirt herren"}]},{"@type":"WebSite","@id":"https:\/\/www.miomiorun.com\/de\/#website","url":"https:\/\/www.miomiorun.com\/de\/","name":"MioMioRun","description":"100% Lauf- und Trailshop","publisher":{"@id":"https:\/\/www.miomiorun.com\/de\/#organization"},"potentialAction":[{"@type":"SearchAction","target":{"@type":"EntryPoint","urlTemplate":"https:\/\/www.miomiorun.com\/de\/?s={search_term_string}"},"query-input":{"@type":"PropertyValueSpecification","valueRequired":true,"valueName":"search_term_string"}}],"inLanguage":"de-DE"},{"@type":"Organization","@id":"https:\/\/www.miomiorun.com\/de\/#organization","name":"MioMio Run","url":"https:\/\/www.miomiorun.com\/de\/","logo":{"@type":"ImageObject","inLanguage":"de-DE","@id":"https:\/\/www.miomiorun.com\/de\/#\/schema\/logo\/image\/","url":"https:\/\/www.miomiorun.com\/app\/uploads\/2019\/12\/logomio.png","contentUrl":"https:\/\/www.miomiorun.com\/app\/uploads\/2019\/12\/logomio.png","width":115,"height":82,"caption":"MioMio Run"},"image":{"@id":"https:\/\/www.miomiorun.com\/de\/#\/schema\/logo\/image\/"},"sameAs":["https:\/\/www.facebook.com\/miomiorun\/","https:\/\/www.instagram.com\/miomiorun\/"]}]}},"_links":{"self":[{"href":"https:\/\/www.miomiorun.com\/de\/wp-json\/wp\/v2\/product\/78138","targetHints":{"allow":["GET"]}}],"collection":[{"href":"https:\/\/www.miomiorun.com\/de\/wp-json\/wp\/v2\/product"}],"about":[{"href":"https:\/\/www.miomiorun.com\/de\/wp-json\/wp\/v2\/types\/product"}],"wp:featuredmedia":[{"embeddable":true,"href":"https:\/\/www.miomiorun.com\/de\/wp-json\/wp\/v2\/media\/58944"}],"wp:attachment":[{"href":"https:\/\/www.miomiorun.com\/de\/wp-json\/wp\/v2\/media?parent=78138"}],"wp:term":[{"taxonomy":"product_brand","embeddable":true,"href":"https:\/\/www.miomiorun.com\/de\/wp-json\/wp\/v2\/product_brand?post=78138"},{"taxonomy":"product_cat","embeddable":true,"href":"https:\/\/www.miomiorun.com\/de\/wp-json\/wp\/v2\/product_cat?post=78138"},{"taxonomy":"product_tag","embeddable":true,"href":"https:\/\/www.miomiorun.com\/de\/wp-json\/wp\/v2\/product_tag?post=78138"}],"curies":[{"name":"wp","href":"https:\/\/api.w.org\/{rel}","templated":true}]}}