{"id":78078,"date":"2021-10-12T11:20:21","date_gmt":"2021-10-12T09:20:21","guid":{"rendered":"https:\/\/miomiorun.com\/prodotto\/la-sportiva-karma-pant-uomo\/"},"modified":"2022-11-22T18:26:03","modified_gmt":"2022-11-22T17:26:03","slug":"la-sportiva-karma-pant-herren","status":"publish","type":"product","link":"https:\/\/www.miomiorun.com\/de\/produkt\/la-sportiva-karma-pant-herren\/","title":{"rendered":"Karma Pant herren"},"content":{"rendered":"<p>Die Karma Pant f\u00fcr Herren ist die ideale Hose f\u00fcr Ihre Skitouren. Klare Schnitte und dehnbare Materialien sorgen f\u00fcr Komfort und Bewegungsfreiheit, ohne den Schutz vor Wind und K\u00e4lte zu beeintr\u00e4chtigen.<\/p>\n<h3>Technische Informationen:<\/h3>\n<p><img loading=\"lazy\" decoding=\"async\" class=\" ls-is-cached lazyloaded\" src=\"https:\/\/www.lasportiva.com\/media\/techinfo_icons\/elasticita.png\" alt=\"La Sportiva\" width=\"75\" height=\"75\" data-src=\"https:\/\/www.lasportiva.com\/media\/techinfo_icons\/elasticita.png\" \/><\/p>\n<p><strong>Elastizit\u00e4t:<\/strong><br \/>\nBequeme und reaktionsschnelle Kleidungsst\u00fccke, die maximale Bewegungsfreiheit garantieren.<\/p>\n<p><img loading=\"lazy\" decoding=\"async\" class=\" ls-is-cached lazyloaded\" src=\"https:\/\/www.lasportiva.com\/media\/techinfo_icons\/slim-fit.png\" alt=\"La Sportiva\" width=\"75\" height=\"75\" data-src=\"https:\/\/www.lasportiva.com\/media\/techinfo_icons\/slim-fit.png\" \/><\/p>\n<p><strong>Schlanke Passform:<\/strong><br \/>\nSehr enge Passform f\u00fcr maximale Rennleistung.<\/p>\n<p><img loading=\"lazy\" decoding=\"async\" class=\" lazyloaded\" src=\"https:\/\/www.lasportiva.com\/media\/techinfo_icons\/durabilita.png\" alt=\"La Sportiva\" width=\"75\" height=\"75\" data-src=\"https:\/\/www.lasportiva.com\/media\/techinfo_icons\/durabilita.png\" \/><\/p>\n<p><strong>Dauerhaftigkeit:<\/strong><br \/>\nHochgradig verschlei\u00dffeste Produkte.<\/p>\n<p><img loading=\"lazy\" decoding=\"async\" class=\" lazyloaded\" src=\"https:\/\/www.lasportiva.com\/media\/techinfo_icons\/L2.png\" alt=\"La Sportiva\" width=\"75\" height=\"75\" data-src=\"https:\/\/www.lasportiva.com\/media\/techinfo_icons\/L2.png\" \/><\/p>\n<p><strong>L2 &#8211; Mittlere Schicht &amp; W\u00e4rmeschicht:<\/strong><br \/>\nEs sorgt f\u00fcr zus\u00e4tzliche W\u00e4rmeisolierung, indem es die Transpiration durch hohe Atmungsaktivit\u00e4t f\u00f6rdert.<\/p>\n<p><img loading=\"lazy\" decoding=\"async\" class=\" lazyloaded\" src=\"https:\/\/www.lasportiva.com\/media\/techinfo_icons\/r\/e\/resistant_icona_75x75_2.png\" alt=\"La Sportiva\" width=\"75\" height=\"75\" data-src=\"https:\/\/www.lasportiva.com\/media\/techinfo_icons\/r\/e\/resistant_icona_75x75_2.png\" \/><\/p>\n<p><strong>Widerstandsf\u00e4hig:<\/strong><br \/>\nAbriebfeste Fasern.<\/p>\n<p>&nbsp;<\/p>\n<p><strong>Materialien:\u00a0<\/strong>Vorderseite: (SSM03) 66% Recyceltes Polyamid, 25% Recyceltes Polyester, 9% Elastan &#8211; R\u00fcckseite: (KSH08) 57% Polyamid, 28% Polyester, 15% Elastan &#8211; Verst\u00e4rkung: (RIF05) 61% Polyamid, 31% Polyester, 8% Elastan<\/p>\n<p><strong>Gewicht :<\/strong> 414 g (L)<\/p>\n","protected":false},"excerpt":{"rendered":"<p>Die Karma Pant f\u00fcr Herren ist die ideale Hose f\u00fcr Ihre Skitouren. Klare Schnitte und dehnbare Materialien sorgen f\u00fcr Komfort und Bewegungsfreiheit, ohne den Schutz vor Wind und K\u00e4lte zu beeintr\u00e4chtigen. Technische Informationen: Elastizit\u00e4t: Bequeme und reaktionsschnelle Kleidungsst\u00fccke, die maximale Bewegungsfreiheit garantieren. Schlanke Passform: Sehr enge Passform f\u00fcr maximale Rennleistung. Dauerhaftigkeit: Hochgradig verschlei\u00dffeste Produkte. L2 &hellip; <a href=\"https:\/\/www.miomiorun.com\/de\/produkt\/la-sportiva-karma-pant-herren\/\">Continued<\/a><\/p>\n","protected":false},"featured_media":58860,"template":"","meta":{"_acf_changed":false,"inline_featured_image":false},"product_brand":[],"product_cat":[6515,6540,6509],"product_tag":[6248,6218],"class_list":{"0":"post-78078","1":"product","2":"type-product","3":"status-publish","4":"has-post-thumbnail","6":"product_cat-herren-de","7":"product_cat-herrenbekleidung","8":"product_cat-lange-hosen","9":"product_tag-la-sportiva-de","10":"product_tag-la-sportiva-herren-de","11":"pa_attivita-gehen","12":"pa_attivita-outdoor-de","13":"pa_colore-karma-pant-black-de","14":"pa_marca-la-sportiva-de","15":"pa_sesso-herren","16":"pa_size-small-de","17":"pa_size-medium-de","18":"pa_size-large-de","19":"pa_size-extra-large-de","21":"first","22":"instock","23":"sale","24":"taxable","25":"shipping-taxable","26":"purchasable","27":"product-type-variable","28":"wvs-archive-product-wrapper"},"acf":[],"yoast_head":"<!-- This site is optimized with the Yoast SEO plugin v26.8 - https:\/\/yoast.com\/product\/yoast-seo-wordpress\/ -->\n<title>La Sportiva Karma Pant herren - Lange Hosen - MioMioRun<\/title>\n<meta name=\"description\" content=\"Die Karma Pant f\u00fcr M\u00e4nner ist die ideale Hose f\u00fcr Ihre Skitouren. Sie ist klar geschnitten und aus Stretchmaterial gefertigt, das f\u00fcr Komfort sorgt.\" \/>\n<meta name=\"robots\" content=\"index, follow, max-snippet:-1, max-image-preview:large, max-video-preview:-1\" \/>\n<link rel=\"canonical\" href=\"https:\/\/www.miomiorun.com\/de\/produkt\/la-sportiva-karma-pant-herren\/\" \/>\n<meta property=\"og:locale\" content=\"de_DE\" \/>\n<meta property=\"og:type\" content=\"article\" \/>\n<meta property=\"og:title\" content=\"La Sportiva Karma Pant herren - Lange Hosen - MioMioRun\" \/>\n<meta property=\"og:description\" content=\"Die Karma Pant f\u00fcr M\u00e4nner ist die ideale Hose f\u00fcr Ihre Skitouren. Sie ist klar geschnitten und aus Stretchmaterial gefertigt, das f\u00fcr Komfort sorgt.\" \/>\n<meta property=\"og:url\" content=\"https:\/\/www.miomiorun.com\/de\/produkt\/la-sportiva-karma-pant-herren\/\" \/>\n<meta property=\"og:site_name\" content=\"MioMioRun\" \/>\n<meta property=\"article:publisher\" content=\"https:\/\/www.facebook.com\/miomiorun\/\" \/>\n<meta property=\"article:modified_time\" content=\"2022-11-22T17:26:03+00:00\" \/>\n<meta property=\"og:image\" content=\"https:\/\/www.miomiorun.com\/app\/uploads\/2021\/10\/la-sportiva-karma-pant-L59999999.jpg\" \/>\n\t<meta property=\"og:image:width\" content=\"600\" \/>\n\t<meta property=\"og:image:height\" content=\"600\" \/>\n\t<meta property=\"og:image:type\" content=\"image\/jpeg\" \/>\n<meta name=\"twitter:card\" content=\"summary_large_image\" \/>\n<meta name=\"twitter:label1\" content=\"Est. reading time\" \/>\n\t<meta name=\"twitter:data1\" content=\"2 minutes\" \/>\n<script type=\"application\/ld+json\" class=\"yoast-schema-graph\">{\"@context\":\"https:\/\/schema.org\",\"@graph\":[{\"@type\":\"WebPage\",\"@id\":\"https:\/\/www.miomiorun.com\/de\/produkt\/la-sportiva-karma-pant-herren\/\",\"url\":\"https:\/\/www.miomiorun.com\/de\/produkt\/la-sportiva-karma-pant-herren\/\",\"name\":\"La Sportiva Karma Pant herren - Lange Hosen - MioMioRun\",\"isPartOf\":{\"@id\":\"https:\/\/www.miomiorun.com\/de\/#website\"},\"primaryImageOfPage\":{\"@id\":\"https:\/\/www.miomiorun.com\/de\/produkt\/la-sportiva-karma-pant-herren\/#primaryimage\"},\"image\":{\"@id\":\"https:\/\/www.miomiorun.com\/de\/produkt\/la-sportiva-karma-pant-herren\/#primaryimage\"},\"thumbnailUrl\":\"https:\/\/www.miomiorun.com\/app\/uploads\/2021\/10\/la-sportiva-karma-pant-L59999999.jpg\",\"datePublished\":\"2021-10-12T09:20:21+00:00\",\"dateModified\":\"2022-11-22T17:26:03+00:00\",\"description\":\"Die Karma Pant f\u00fcr M\u00e4nner ist die ideale Hose f\u00fcr Ihre Skitouren. Sie ist klar geschnitten und aus Stretchmaterial gefertigt, das f\u00fcr Komfort sorgt.\",\"breadcrumb\":{\"@id\":\"https:\/\/www.miomiorun.com\/de\/produkt\/la-sportiva-karma-pant-herren\/#breadcrumb\"},\"inLanguage\":\"de-DE\",\"potentialAction\":[{\"@type\":\"ReadAction\",\"target\":[\"https:\/\/www.miomiorun.com\/de\/produkt\/la-sportiva-karma-pant-herren\/\"]}]},{\"@type\":\"ImageObject\",\"inLanguage\":\"de-DE\",\"@id\":\"https:\/\/www.miomiorun.com\/de\/produkt\/la-sportiva-karma-pant-herren\/#primaryimage\",\"url\":\"https:\/\/www.miomiorun.com\/app\/uploads\/2021\/10\/la-sportiva-karma-pant-L59999999.jpg\",\"contentUrl\":\"https:\/\/www.miomiorun.com\/app\/uploads\/2021\/10\/la-sportiva-karma-pant-L59999999.jpg\",\"width\":600,\"height\":600,\"caption\":\"la sportiva karma pant\"},{\"@type\":\"BreadcrumbList\",\"@id\":\"https:\/\/www.miomiorun.com\/de\/produkt\/la-sportiva-karma-pant-herren\/#breadcrumb\",\"itemListElement\":[{\"@type\":\"ListItem\",\"position\":1,\"name\":\"Home\",\"item\":\"https:\/\/www.miomiorun.com\/de\/\"},{\"@type\":\"ListItem\",\"position\":2,\"name\":\"Shop\",\"item\":\"https:\/\/www.miomiorun.com\/shop\/\"},{\"@type\":\"ListItem\",\"position\":3,\"name\":\"Karma Pant herren\"}]},{\"@type\":\"WebSite\",\"@id\":\"https:\/\/www.miomiorun.com\/de\/#website\",\"url\":\"https:\/\/www.miomiorun.com\/de\/\",\"name\":\"MioMioRun\",\"description\":\"100% Lauf- und Trailshop\",\"publisher\":{\"@id\":\"https:\/\/www.miomiorun.com\/de\/#organization\"},\"potentialAction\":[{\"@type\":\"SearchAction\",\"target\":{\"@type\":\"EntryPoint\",\"urlTemplate\":\"https:\/\/www.miomiorun.com\/de\/?s={search_term_string}\"},\"query-input\":{\"@type\":\"PropertyValueSpecification\",\"valueRequired\":true,\"valueName\":\"search_term_string\"}}],\"inLanguage\":\"de-DE\"},{\"@type\":\"Organization\",\"@id\":\"https:\/\/www.miomiorun.com\/de\/#organization\",\"name\":\"MioMio Run\",\"url\":\"https:\/\/www.miomiorun.com\/de\/\",\"logo\":{\"@type\":\"ImageObject\",\"inLanguage\":\"de-DE\",\"@id\":\"https:\/\/www.miomiorun.com\/de\/#\/schema\/logo\/image\/\",\"url\":\"https:\/\/www.miomiorun.com\/app\/uploads\/2019\/12\/logomio.png\",\"contentUrl\":\"https:\/\/www.miomiorun.com\/app\/uploads\/2019\/12\/logomio.png\",\"width\":115,\"height\":82,\"caption\":\"MioMio Run\"},\"image\":{\"@id\":\"https:\/\/www.miomiorun.com\/de\/#\/schema\/logo\/image\/\"},\"sameAs\":[\"https:\/\/www.facebook.com\/miomiorun\/\",\"https:\/\/www.instagram.com\/miomiorun\/\"]}]}<\/script>\n<!-- \/ Yoast SEO plugin. -->","yoast_head_json":{"title":"La Sportiva Karma Pant herren - Lange Hosen - MioMioRun","description":"Die Karma Pant f\u00fcr M\u00e4nner ist die ideale Hose f\u00fcr Ihre Skitouren. Sie ist klar geschnitten und aus Stretchmaterial gefertigt, das f\u00fcr Komfort sorgt.","robots":{"index":"index","follow":"follow","max-snippet":"max-snippet:-1","max-image-preview":"max-image-preview:large","max-video-preview":"max-video-preview:-1"},"canonical":"https:\/\/www.miomiorun.com\/de\/produkt\/la-sportiva-karma-pant-herren\/","og_locale":"de_DE","og_type":"article","og_title":"La Sportiva Karma Pant herren - Lange Hosen - MioMioRun","og_description":"Die Karma Pant f\u00fcr M\u00e4nner ist die ideale Hose f\u00fcr Ihre Skitouren. Sie ist klar geschnitten und aus Stretchmaterial gefertigt, das f\u00fcr Komfort sorgt.","og_url":"https:\/\/www.miomiorun.com\/de\/produkt\/la-sportiva-karma-pant-herren\/","og_site_name":"MioMioRun","article_publisher":"https:\/\/www.facebook.com\/miomiorun\/","article_modified_time":"2022-11-22T17:26:03+00:00","og_image":[{"width":600,"height":600,"url":"https:\/\/www.miomiorun.com\/app\/uploads\/2021\/10\/la-sportiva-karma-pant-L59999999.jpg","type":"image\/jpeg"}],"twitter_card":"summary_large_image","twitter_misc":{"Est. reading time":"2 minutes"},"schema":{"@context":"https:\/\/schema.org","@graph":[{"@type":"WebPage","@id":"https:\/\/www.miomiorun.com\/de\/produkt\/la-sportiva-karma-pant-herren\/","url":"https:\/\/www.miomiorun.com\/de\/produkt\/la-sportiva-karma-pant-herren\/","name":"La Sportiva Karma Pant herren - Lange Hosen - MioMioRun","isPartOf":{"@id":"https:\/\/www.miomiorun.com\/de\/#website"},"primaryImageOfPage":{"@id":"https:\/\/www.miomiorun.com\/de\/produkt\/la-sportiva-karma-pant-herren\/#primaryimage"},"image":{"@id":"https:\/\/www.miomiorun.com\/de\/produkt\/la-sportiva-karma-pant-herren\/#primaryimage"},"thumbnailUrl":"https:\/\/www.miomiorun.com\/app\/uploads\/2021\/10\/la-sportiva-karma-pant-L59999999.jpg","datePublished":"2021-10-12T09:20:21+00:00","dateModified":"2022-11-22T17:26:03+00:00","description":"Die Karma Pant f\u00fcr M\u00e4nner ist die ideale Hose f\u00fcr Ihre Skitouren. Sie ist klar geschnitten und aus Stretchmaterial gefertigt, das f\u00fcr Komfort sorgt.","breadcrumb":{"@id":"https:\/\/www.miomiorun.com\/de\/produkt\/la-sportiva-karma-pant-herren\/#breadcrumb"},"inLanguage":"de-DE","potentialAction":[{"@type":"ReadAction","target":["https:\/\/www.miomiorun.com\/de\/produkt\/la-sportiva-karma-pant-herren\/"]}]},{"@type":"ImageObject","inLanguage":"de-DE","@id":"https:\/\/www.miomiorun.com\/de\/produkt\/la-sportiva-karma-pant-herren\/#primaryimage","url":"https:\/\/www.miomiorun.com\/app\/uploads\/2021\/10\/la-sportiva-karma-pant-L59999999.jpg","contentUrl":"https:\/\/www.miomiorun.com\/app\/uploads\/2021\/10\/la-sportiva-karma-pant-L59999999.jpg","width":600,"height":600,"caption":"la sportiva karma pant"},{"@type":"BreadcrumbList","@id":"https:\/\/www.miomiorun.com\/de\/produkt\/la-sportiva-karma-pant-herren\/#breadcrumb","itemListElement":[{"@type":"ListItem","position":1,"name":"Home","item":"https:\/\/www.miomiorun.com\/de\/"},{"@type":"ListItem","position":2,"name":"Shop","item":"https:\/\/www.miomiorun.com\/shop\/"},{"@type":"ListItem","position":3,"name":"Karma Pant herren"}]},{"@type":"WebSite","@id":"https:\/\/www.miomiorun.com\/de\/#website","url":"https:\/\/www.miomiorun.com\/de\/","name":"MioMioRun","description":"100% Lauf- und Trailshop","publisher":{"@id":"https:\/\/www.miomiorun.com\/de\/#organization"},"potentialAction":[{"@type":"SearchAction","target":{"@type":"EntryPoint","urlTemplate":"https:\/\/www.miomiorun.com\/de\/?s={search_term_string}"},"query-input":{"@type":"PropertyValueSpecification","valueRequired":true,"valueName":"search_term_string"}}],"inLanguage":"de-DE"},{"@type":"Organization","@id":"https:\/\/www.miomiorun.com\/de\/#organization","name":"MioMio Run","url":"https:\/\/www.miomiorun.com\/de\/","logo":{"@type":"ImageObject","inLanguage":"de-DE","@id":"https:\/\/www.miomiorun.com\/de\/#\/schema\/logo\/image\/","url":"https:\/\/www.miomiorun.com\/app\/uploads\/2019\/12\/logomio.png","contentUrl":"https:\/\/www.miomiorun.com\/app\/uploads\/2019\/12\/logomio.png","width":115,"height":82,"caption":"MioMio Run"},"image":{"@id":"https:\/\/www.miomiorun.com\/de\/#\/schema\/logo\/image\/"},"sameAs":["https:\/\/www.facebook.com\/miomiorun\/","https:\/\/www.instagram.com\/miomiorun\/"]}]}},"_links":{"self":[{"href":"https:\/\/www.miomiorun.com\/de\/wp-json\/wp\/v2\/product\/78078","targetHints":{"allow":["GET"]}}],"collection":[{"href":"https:\/\/www.miomiorun.com\/de\/wp-json\/wp\/v2\/product"}],"about":[{"href":"https:\/\/www.miomiorun.com\/de\/wp-json\/wp\/v2\/types\/product"}],"wp:featuredmedia":[{"embeddable":true,"href":"https:\/\/www.miomiorun.com\/de\/wp-json\/wp\/v2\/media\/58860"}],"wp:attachment":[{"href":"https:\/\/www.miomiorun.com\/de\/wp-json\/wp\/v2\/media?parent=78078"}],"wp:term":[{"taxonomy":"product_brand","embeddable":true,"href":"https:\/\/www.miomiorun.com\/de\/wp-json\/wp\/v2\/product_brand?post=78078"},{"taxonomy":"product_cat","embeddable":true,"href":"https:\/\/www.miomiorun.com\/de\/wp-json\/wp\/v2\/product_cat?post=78078"},{"taxonomy":"product_tag","embeddable":true,"href":"https:\/\/www.miomiorun.com\/de\/wp-json\/wp\/v2\/product_tag?post=78078"}],"curies":[{"name":"wp","href":"https:\/\/api.w.org\/{rel}","templated":true}]}}