{"id":77790,"date":"2021-11-02T16:43:07","date_gmt":"2021-11-02T15:43:07","guid":{"rendered":"https:\/\/miomiorun.com\/prodotto\/uyn-exceleration-shirt-long-sleeve-zip-uomo\/"},"modified":"2022-11-08T18:04:15","modified_gmt":"2022-11-08T17:04:15","slug":"uyn-exceleration-shirt-long-sleeve-zip-herren","status":"publish","type":"product","link":"https:\/\/www.miomiorun.com\/de\/produkt\/uyn-exceleration-shirt-long-sleeve-zip-herren\/","title":{"rendered":"Exceleration Shirt Long Sleeve Zip herren"},"content":{"rendered":"<p>EXCELERATION LONGSLEEVE ZIP f\u00fcr Herren ist ein Thermotrikot, das speziell f\u00fcr die Bed\u00fcrfnisse von L\u00e4ufern in der \u00dcbergangszeit zwischen Herbst und Winter entwickelt wurde, wenn die Temperaturen zu kalt f\u00fcr ein Sommertrikot werden.<\/p>\n<p><strong>Merkmale:<\/strong><\/p>\n<ul>\n<li>Seine Struktur ist komplex und in jedem Millimeter des Gewebes optimiert.<\/li>\n<li>Seine Struktur ist komplex und in jedem Millimeter des Gewebes optimiert.<\/li>\n<li>Im Brust- und R\u00fcckenbereich transportiert die neue Terry Aircell-Technologie den Schwei\u00df nach au\u00dfen und bildet eine isolierende Schicht.<\/li>\n<li>So kann der K\u00f6rper beim Laufen seine ideale Temperatur beibehalten.<\/li>\n<li>Flexy Ribs im Schulterbereich erh\u00f6hen die Anpassungsf\u00e4higkeit des Gewebes an Armbewegungen und wirken als Abstandshalter: Wenn Sie eine Jacke tragen, schaffen sie einen Raum zwischen den beiden Geweben, in dem die Luft zirkulieren kann.<\/li>\n<li>Das Exceleration Langarmtrikot mit Rei\u00dfverschluss von UYN hat eine regul\u00e4re Passform, die sich an den K\u00f6rper anschmiegt, ohne einzuengen.<\/li>\n<li>Die Version mit halbem Rei\u00dfverschluss ist so konzipiert, dass sie bei unsicherem Wetter in Kombination mit technischer Unterw\u00e4sche oder einer Laufjacke getragen werden kann.<\/li>\n<li>Terry Aircell: Fortschrittliche W\u00e4rmeregulierung.<\/li>\n<li>Die Terry Aircell-Technologie ist der neue Standard f\u00fcr die W\u00e4rmeregulierung bei Sportbekleidung.<\/li>\n<li>Die Gewebestruktur hat die F\u00e4higkeit, Luft in Mikroklimazellen zu halten, die eine zus\u00e4tzliche Isolierschicht gegen K\u00e4lte bilden.<\/li>\n<li>Durch die Kombination der Fasern wird der \u00fcbersch\u00fcssige Schwei\u00df schnell nach au\u00dfen transportiert. Flexy Ribs: Parallele dreidimensionale Strukturen erh\u00f6hen die F\u00e4higkeit des Gewebes, sich zu dehnen und in seine urspr\u00fcngliche Form zur\u00fcckzukehren, um eine optimale Passform zu gew\u00e4hrleisten.<\/li>\n<li>Sie dienen auch als Abstandshalter, wenn eine zus\u00e4tzliche Schicht getragen wird, und erleichtern die Luftzirkulation zwischen den beiden Schichten.<\/li>\n<li>Ergonomischer hoher Kragen mit halbem Rei\u00dfverschluss \u00c4rmelb\u00fcndchen mit Daumenl\u00f6chern.<\/li>\n<li>Elastischer, selbstregulierender Saum.<\/li>\n<li>Reflektierende Logos auf den \u00c4rmeln und dem R\u00fccken sorgen f\u00fcr bessere Sichtbarkeit und Sicherheit beim Laufen bei schlechten Lichtverh\u00e4ltnissen.<\/li>\n<\/ul>\n","protected":false},"excerpt":{"rendered":"<p>EXCELERATION LONGSLEEVE ZIP f\u00fcr Herren ist ein Thermotrikot, das speziell f\u00fcr die Bed\u00fcrfnisse von L\u00e4ufern in der \u00dcbergangszeit zwischen Herbst und Winter entwickelt wurde, wenn die Temperaturen zu kalt f\u00fcr ein Sommertrikot werden. Merkmale: Seine Struktur ist komplex und in jedem Millimeter des Gewebes optimiert. Seine Struktur ist komplex und in jedem Millimeter des Gewebes &hellip; <a href=\"https:\/\/www.miomiorun.com\/de\/produkt\/uyn-exceleration-shirt-long-sleeve-zip-herren\/\">Continued<\/a><\/p>\n","protected":false},"featured_media":59472,"template":"","meta":{"_acf_changed":false,"inline_featured_image":false},"product_brand":[],"product_cat":[6515,6540,6541],"product_tag":[6315,6296],"class_list":{"0":"post-77790","1":"product","2":"type-product","3":"status-publish","4":"has-post-thumbnail","6":"product_cat-herren-de","7":"product_cat-herrenbekleidung","8":"product_cat-langarmshirt","9":"product_tag-uyn-de","10":"product_tag-uyn-herren-de","11":"pa_attivita-gehen","12":"pa_attivita-running-de","13":"pa_colore-exceleration-shirt-long-sl-zip-up-m-black-de","14":"pa_colore-exceleration-shirt-long-sl-zip-up-m-black-yellow-fluo-de","15":"pa_marca-uyn-de","16":"pa_sesso-herren","17":"pa_size-large-de","18":"pa_size-extra-large-de","20":"first","21":"instock","22":"sale","23":"taxable","24":"shipping-taxable","25":"purchasable","26":"product-type-variable","27":"wvs-archive-product-wrapper"},"acf":[],"yoast_head":"<!-- This site is optimized with the Yoast SEO plugin v26.8 - https:\/\/yoast.com\/product\/yoast-seo-wordpress\/ -->\n<title>Uyn Exceleration Shirt Long Sleeve Zip herren - Jersey-Lauf - MioMioRun<\/title>\n<meta name=\"description\" content=\"EXCELERATION LONGSLEEVE ZIP f\u00fcr M\u00e4nner ist ein Thermotrikot, das speziell f\u00fcr die Bed\u00fcrfnisse von L\u00e4ufern in der \u00dcbergangszeit entwickelt wurde.\" \/>\n<meta name=\"robots\" content=\"index, follow, max-snippet:-1, max-image-preview:large, max-video-preview:-1\" \/>\n<link rel=\"canonical\" href=\"https:\/\/www.miomiorun.com\/de\/produkt\/uyn-exceleration-shirt-long-sleeve-zip-herren\/\" \/>\n<meta property=\"og:locale\" content=\"de_DE\" \/>\n<meta property=\"og:type\" content=\"article\" \/>\n<meta property=\"og:title\" content=\"Uyn Exceleration Shirt Long Sleeve Zip herren - Jersey-Lauf - MioMioRun\" \/>\n<meta property=\"og:description\" content=\"EXCELERATION LONGSLEEVE ZIP f\u00fcr M\u00e4nner ist ein Thermotrikot, das speziell f\u00fcr die Bed\u00fcrfnisse von L\u00e4ufern in der \u00dcbergangszeit entwickelt wurde.\" \/>\n<meta property=\"og:url\" content=\"https:\/\/www.miomiorun.com\/de\/produkt\/uyn-exceleration-shirt-long-sleeve-zip-herren\/\" \/>\n<meta property=\"og:site_name\" content=\"MioMioRun\" \/>\n<meta property=\"article:publisher\" content=\"https:\/\/www.facebook.com\/miomiorun\/\" \/>\n<meta property=\"article:modified_time\" content=\"2022-11-08T17:04:15+00:00\" \/>\n<meta property=\"og:image\" content=\"https:\/\/www.miomiorun.com\/app\/uploads\/2021\/11\/uyn-exceleration-shirt-long-sl.zip-up-O102095-93B646.jpg\" \/>\n\t<meta property=\"og:image:width\" content=\"600\" \/>\n\t<meta property=\"og:image:height\" content=\"600\" \/>\n\t<meta property=\"og:image:type\" content=\"image\/jpeg\" \/>\n<meta name=\"twitter:card\" content=\"summary_large_image\" \/>\n<meta name=\"twitter:label1\" content=\"Est. reading time\" \/>\n\t<meta name=\"twitter:data1\" content=\"2 minutes\" \/>\n<script type=\"application\/ld+json\" class=\"yoast-schema-graph\">{\"@context\":\"https:\/\/schema.org\",\"@graph\":[{\"@type\":\"WebPage\",\"@id\":\"https:\/\/www.miomiorun.com\/de\/produkt\/uyn-exceleration-shirt-long-sleeve-zip-herren\/\",\"url\":\"https:\/\/www.miomiorun.com\/de\/produkt\/uyn-exceleration-shirt-long-sleeve-zip-herren\/\",\"name\":\"Uyn Exceleration Shirt Long Sleeve Zip herren - Jersey-Lauf - MioMioRun\",\"isPartOf\":{\"@id\":\"https:\/\/www.miomiorun.com\/de\/#website\"},\"primaryImageOfPage\":{\"@id\":\"https:\/\/www.miomiorun.com\/de\/produkt\/uyn-exceleration-shirt-long-sleeve-zip-herren\/#primaryimage\"},\"image\":{\"@id\":\"https:\/\/www.miomiorun.com\/de\/produkt\/uyn-exceleration-shirt-long-sleeve-zip-herren\/#primaryimage\"},\"thumbnailUrl\":\"https:\/\/www.miomiorun.com\/app\/uploads\/2021\/11\/uyn-exceleration-shirt-long-sl.zip-up-O102095-93B646.jpg\",\"datePublished\":\"2021-11-02T15:43:07+00:00\",\"dateModified\":\"2022-11-08T17:04:15+00:00\",\"description\":\"EXCELERATION LONGSLEEVE ZIP f\u00fcr M\u00e4nner ist ein Thermotrikot, das speziell f\u00fcr die Bed\u00fcrfnisse von L\u00e4ufern in der \u00dcbergangszeit entwickelt wurde.\",\"breadcrumb\":{\"@id\":\"https:\/\/www.miomiorun.com\/de\/produkt\/uyn-exceleration-shirt-long-sleeve-zip-herren\/#breadcrumb\"},\"inLanguage\":\"de-DE\",\"potentialAction\":[{\"@type\":\"ReadAction\",\"target\":[\"https:\/\/www.miomiorun.com\/de\/produkt\/uyn-exceleration-shirt-long-sleeve-zip-herren\/\"]}]},{\"@type\":\"ImageObject\",\"inLanguage\":\"de-DE\",\"@id\":\"https:\/\/www.miomiorun.com\/de\/produkt\/uyn-exceleration-shirt-long-sleeve-zip-herren\/#primaryimage\",\"url\":\"https:\/\/www.miomiorun.com\/app\/uploads\/2021\/11\/uyn-exceleration-shirt-long-sl.zip-up-O102095-93B646.jpg\",\"contentUrl\":\"https:\/\/www.miomiorun.com\/app\/uploads\/2021\/11\/uyn-exceleration-shirt-long-sl.zip-up-O102095-93B646.jpg\",\"width\":600,\"height\":600,\"caption\":\"uyn exceleration shirt long sl.zip up\"},{\"@type\":\"BreadcrumbList\",\"@id\":\"https:\/\/www.miomiorun.com\/de\/produkt\/uyn-exceleration-shirt-long-sleeve-zip-herren\/#breadcrumb\",\"itemListElement\":[{\"@type\":\"ListItem\",\"position\":1,\"name\":\"Home\",\"item\":\"https:\/\/www.miomiorun.com\/de\/\"},{\"@type\":\"ListItem\",\"position\":2,\"name\":\"Shop\",\"item\":\"https:\/\/www.miomiorun.com\/shop\/\"},{\"@type\":\"ListItem\",\"position\":3,\"name\":\"Exceleration Shirt Long Sleeve Zip herren\"}]},{\"@type\":\"WebSite\",\"@id\":\"https:\/\/www.miomiorun.com\/de\/#website\",\"url\":\"https:\/\/www.miomiorun.com\/de\/\",\"name\":\"MioMioRun\",\"description\":\"100% Lauf- und Trailshop\",\"publisher\":{\"@id\":\"https:\/\/www.miomiorun.com\/de\/#organization\"},\"potentialAction\":[{\"@type\":\"SearchAction\",\"target\":{\"@type\":\"EntryPoint\",\"urlTemplate\":\"https:\/\/www.miomiorun.com\/de\/?s={search_term_string}\"},\"query-input\":{\"@type\":\"PropertyValueSpecification\",\"valueRequired\":true,\"valueName\":\"search_term_string\"}}],\"inLanguage\":\"de-DE\"},{\"@type\":\"Organization\",\"@id\":\"https:\/\/www.miomiorun.com\/de\/#organization\",\"name\":\"MioMio Run\",\"url\":\"https:\/\/www.miomiorun.com\/de\/\",\"logo\":{\"@type\":\"ImageObject\",\"inLanguage\":\"de-DE\",\"@id\":\"https:\/\/www.miomiorun.com\/de\/#\/schema\/logo\/image\/\",\"url\":\"https:\/\/www.miomiorun.com\/app\/uploads\/2019\/12\/logomio.png\",\"contentUrl\":\"https:\/\/www.miomiorun.com\/app\/uploads\/2019\/12\/logomio.png\",\"width\":115,\"height\":82,\"caption\":\"MioMio Run\"},\"image\":{\"@id\":\"https:\/\/www.miomiorun.com\/de\/#\/schema\/logo\/image\/\"},\"sameAs\":[\"https:\/\/www.facebook.com\/miomiorun\/\",\"https:\/\/www.instagram.com\/miomiorun\/\"]}]}<\/script>\n<!-- \/ Yoast SEO plugin. -->","yoast_head_json":{"title":"Uyn Exceleration Shirt Long Sleeve Zip herren - Jersey-Lauf - MioMioRun","description":"EXCELERATION LONGSLEEVE ZIP f\u00fcr M\u00e4nner ist ein Thermotrikot, das speziell f\u00fcr die Bed\u00fcrfnisse von L\u00e4ufern in der \u00dcbergangszeit entwickelt wurde.","robots":{"index":"index","follow":"follow","max-snippet":"max-snippet:-1","max-image-preview":"max-image-preview:large","max-video-preview":"max-video-preview:-1"},"canonical":"https:\/\/www.miomiorun.com\/de\/produkt\/uyn-exceleration-shirt-long-sleeve-zip-herren\/","og_locale":"de_DE","og_type":"article","og_title":"Uyn Exceleration Shirt Long Sleeve Zip herren - Jersey-Lauf - MioMioRun","og_description":"EXCELERATION LONGSLEEVE ZIP f\u00fcr M\u00e4nner ist ein Thermotrikot, das speziell f\u00fcr die Bed\u00fcrfnisse von L\u00e4ufern in der \u00dcbergangszeit entwickelt wurde.","og_url":"https:\/\/www.miomiorun.com\/de\/produkt\/uyn-exceleration-shirt-long-sleeve-zip-herren\/","og_site_name":"MioMioRun","article_publisher":"https:\/\/www.facebook.com\/miomiorun\/","article_modified_time":"2022-11-08T17:04:15+00:00","og_image":[{"width":600,"height":600,"url":"https:\/\/www.miomiorun.com\/app\/uploads\/2021\/11\/uyn-exceleration-shirt-long-sl.zip-up-O102095-93B646.jpg","type":"image\/jpeg"}],"twitter_card":"summary_large_image","twitter_misc":{"Est. reading time":"2 minutes"},"schema":{"@context":"https:\/\/schema.org","@graph":[{"@type":"WebPage","@id":"https:\/\/www.miomiorun.com\/de\/produkt\/uyn-exceleration-shirt-long-sleeve-zip-herren\/","url":"https:\/\/www.miomiorun.com\/de\/produkt\/uyn-exceleration-shirt-long-sleeve-zip-herren\/","name":"Uyn Exceleration Shirt Long Sleeve Zip herren - Jersey-Lauf - MioMioRun","isPartOf":{"@id":"https:\/\/www.miomiorun.com\/de\/#website"},"primaryImageOfPage":{"@id":"https:\/\/www.miomiorun.com\/de\/produkt\/uyn-exceleration-shirt-long-sleeve-zip-herren\/#primaryimage"},"image":{"@id":"https:\/\/www.miomiorun.com\/de\/produkt\/uyn-exceleration-shirt-long-sleeve-zip-herren\/#primaryimage"},"thumbnailUrl":"https:\/\/www.miomiorun.com\/app\/uploads\/2021\/11\/uyn-exceleration-shirt-long-sl.zip-up-O102095-93B646.jpg","datePublished":"2021-11-02T15:43:07+00:00","dateModified":"2022-11-08T17:04:15+00:00","description":"EXCELERATION LONGSLEEVE ZIP f\u00fcr M\u00e4nner ist ein Thermotrikot, das speziell f\u00fcr die Bed\u00fcrfnisse von L\u00e4ufern in der \u00dcbergangszeit entwickelt wurde.","breadcrumb":{"@id":"https:\/\/www.miomiorun.com\/de\/produkt\/uyn-exceleration-shirt-long-sleeve-zip-herren\/#breadcrumb"},"inLanguage":"de-DE","potentialAction":[{"@type":"ReadAction","target":["https:\/\/www.miomiorun.com\/de\/produkt\/uyn-exceleration-shirt-long-sleeve-zip-herren\/"]}]},{"@type":"ImageObject","inLanguage":"de-DE","@id":"https:\/\/www.miomiorun.com\/de\/produkt\/uyn-exceleration-shirt-long-sleeve-zip-herren\/#primaryimage","url":"https:\/\/www.miomiorun.com\/app\/uploads\/2021\/11\/uyn-exceleration-shirt-long-sl.zip-up-O102095-93B646.jpg","contentUrl":"https:\/\/www.miomiorun.com\/app\/uploads\/2021\/11\/uyn-exceleration-shirt-long-sl.zip-up-O102095-93B646.jpg","width":600,"height":600,"caption":"uyn exceleration shirt long sl.zip up"},{"@type":"BreadcrumbList","@id":"https:\/\/www.miomiorun.com\/de\/produkt\/uyn-exceleration-shirt-long-sleeve-zip-herren\/#breadcrumb","itemListElement":[{"@type":"ListItem","position":1,"name":"Home","item":"https:\/\/www.miomiorun.com\/de\/"},{"@type":"ListItem","position":2,"name":"Shop","item":"https:\/\/www.miomiorun.com\/shop\/"},{"@type":"ListItem","position":3,"name":"Exceleration Shirt Long Sleeve Zip herren"}]},{"@type":"WebSite","@id":"https:\/\/www.miomiorun.com\/de\/#website","url":"https:\/\/www.miomiorun.com\/de\/","name":"MioMioRun","description":"100% Lauf- und Trailshop","publisher":{"@id":"https:\/\/www.miomiorun.com\/de\/#organization"},"potentialAction":[{"@type":"SearchAction","target":{"@type":"EntryPoint","urlTemplate":"https:\/\/www.miomiorun.com\/de\/?s={search_term_string}"},"query-input":{"@type":"PropertyValueSpecification","valueRequired":true,"valueName":"search_term_string"}}],"inLanguage":"de-DE"},{"@type":"Organization","@id":"https:\/\/www.miomiorun.com\/de\/#organization","name":"MioMio Run","url":"https:\/\/www.miomiorun.com\/de\/","logo":{"@type":"ImageObject","inLanguage":"de-DE","@id":"https:\/\/www.miomiorun.com\/de\/#\/schema\/logo\/image\/","url":"https:\/\/www.miomiorun.com\/app\/uploads\/2019\/12\/logomio.png","contentUrl":"https:\/\/www.miomiorun.com\/app\/uploads\/2019\/12\/logomio.png","width":115,"height":82,"caption":"MioMio Run"},"image":{"@id":"https:\/\/www.miomiorun.com\/de\/#\/schema\/logo\/image\/"},"sameAs":["https:\/\/www.facebook.com\/miomiorun\/","https:\/\/www.instagram.com\/miomiorun\/"]}]}},"_links":{"self":[{"href":"https:\/\/www.miomiorun.com\/de\/wp-json\/wp\/v2\/product\/77790","targetHints":{"allow":["GET"]}}],"collection":[{"href":"https:\/\/www.miomiorun.com\/de\/wp-json\/wp\/v2\/product"}],"about":[{"href":"https:\/\/www.miomiorun.com\/de\/wp-json\/wp\/v2\/types\/product"}],"wp:featuredmedia":[{"embeddable":true,"href":"https:\/\/www.miomiorun.com\/de\/wp-json\/wp\/v2\/media\/59472"}],"wp:attachment":[{"href":"https:\/\/www.miomiorun.com\/de\/wp-json\/wp\/v2\/media?parent=77790"}],"wp:term":[{"taxonomy":"product_brand","embeddable":true,"href":"https:\/\/www.miomiorun.com\/de\/wp-json\/wp\/v2\/product_brand?post=77790"},{"taxonomy":"product_cat","embeddable":true,"href":"https:\/\/www.miomiorun.com\/de\/wp-json\/wp\/v2\/product_cat?post=77790"},{"taxonomy":"product_tag","embeddable":true,"href":"https:\/\/www.miomiorun.com\/de\/wp-json\/wp\/v2\/product_tag?post=77790"}],"curies":[{"name":"wp","href":"https:\/\/api.w.org\/{rel}","templated":true}]}}