{"id":77374,"date":"2021-10-11T19:06:51","date_gmt":"2021-10-11T17:06:51","guid":{"rendered":"https:\/\/miomiorun.com\/prodotto\/stance-infiknit-ultralight-quarter\/"},"modified":"2026-04-07T22:52:59","modified_gmt":"2026-04-07T20:52:59","slug":"stance-infiknit-ultralight-quarter","status":"publish","type":"product","link":"https:\/\/www.miomiorun.com\/de\/produkt\/stance-infiknit-ultralight-quarter\/","title":{"rendered":"Infiknit UltraLight Quarter"},"content":{"rendered":"<p>Setzen Sie sich gro\u00dfe Ziele, um aktiver zu werden? Die Stance Performance-Modelle sind mit Funktionen wie Feel 360\u2122 und Infiknit\u2122 ausgestattet, um jeden Lauf oder jedes Training zu verbessern. Von ganzt\u00e4gigem Komfort bis hin zu garantierter lebenslanger Haltbarkeit &#8211; halten Sie Ihre Ziele im Auge und fangen Sie ganz von vorne an.<\/p>\n<h2>Eigenschaften<\/h2>\n<ul>\n<li><span style=\"font-weight: 400;\">Unsere Infiknit\u2122-Technologie rei\u00dft nicht. F\u00fcr die Ewigkeit gemacht.<\/span><\/li>\n<li>Die leistungsstarke D\u00e4mpfung kombiniert Aufprallschutz mit Komfort, damit Sie weiter vorankommen.<\/li>\n<li>Die verbesserte Luftzirkulation unserer Luftpolsterung erleichtert das Atmen.<\/li>\n<li>Boot Protection vervollst\u00e4ndigt Ihren Aufstieg mit strategisch platzierter D\u00e4mpfung.<\/li>\n<li>Die leistungsf\u00e4hige Fu\u00dfgew\u00f6lbest\u00fctze wirkt Belastungen und Erm\u00fcdung entgegen, damit Sie in Bewegung bleiben.<\/li>\n<li>Nahtloser Zehenverschluss f\u00fcr eine reibungsfreie Oberfl\u00e4che, die Ihre F\u00fc\u00dfe lieben werden.<\/li>\n<li>Performance Mesh h\u00e4lt Sie mit maximaler Luftzirkulation und Atmungsaktivit\u00e4t k\u00fchl.<\/li>\n<\/ul>\n<h2>Quarter<\/h2>\n<p>Diese Socken liegen knapp \u00fcber dem Kn\u00f6chel und bilden die Mitte zwischen unseren Low- und Crew-H\u00f6hen.<\/p>\n<h2>Ultra-leichte D\u00e4mpfung<\/h2>\n<p>Unsere minimalistischsten Socken bieten eine leichte, atmungsaktive Barriere zwischen dem Fu\u00df und dem Schuh, ohne zu d\u00e4mpfen.<\/p>\n<h2>Produktpflege<\/h2>\n<ul>\n<li style=\"font-weight: 400;\">Maschinenw\u00e4sche bei 40\u00b0C<\/li>\n<li style=\"font-weight: 400;\">Vermeiden Sie Bleichen oder B\u00fcgeln<\/li>\n<li style=\"font-weight: 400;\">Socken halten l\u00e4nger, wenn Sie sie nicht im Trockner trocknen lassen<\/li>\n<\/ul>\n","protected":false},"excerpt":{"rendered":"<p>W\u00e4hlen Sie Gr\u00f6\u00dfe und Farbe und entdecken Sie die Eigenschaften der verschiedenen Modelle<\/p>\n","protected":false},"featured_media":149769,"template":"","meta":{"_acf_changed":false,"inline_featured_image":false},"product_brand":[],"product_cat":[6515,6540,6514,6400,6401,6402],"product_tag":[3397,6313,6286],"class_list":{"0":"post-77374","1":"product","2":"type-product","3":"status-publish","4":"has-post-thumbnail","6":"product_cat-herren-de","7":"product_cat-herrenbekleidung","8":"product_cat-socken","9":"product_cat-damen","10":"product_cat-damenbekleidung","11":"product_cat-damensocken-de","12":"product_tag-stance-de","13":"product_tag-stance-damen-de","14":"product_tag-stance-herren-de","15":"pa_attivita-fitness-de","16":"pa_attivita-gehen","17":"pa_attivita-lifestyle-de","18":"pa_attivita-running-de","19":"pa_colore-crossover-ul-quarter-cobaltblue","20":"pa_colore-freaky-steepy-ultra-qtr-washedblack-de","21":"pa_colore-minimal-ul-quarter-iceblue-de","22":"pa_colore-red-ultra-qtr-red-de","23":"pa_colore-rouge-de","24":"pa_colore-solid-ul-quarter-black","25":"pa_colore-solid-ul-quarter-white","26":"pa_colore-staggered-ul-quarter-black-de","27":"pa_colore-subversion-ultra-qtr-canvas-de","28":"pa_colore-variegated-ul-qtr-cobalt-blue-de","29":"pa_colore-womens-variegated-ul-quarter-pink-de","30":"pa_marca-stance-de","31":"pa_sesso-damen","32":"pa_sesso-herren","33":"pa_size-35-37-de","34":"pa_size-38-42-de","35":"pa_size-43-46-de","37":"first","38":"instock","39":"sale","40":"taxable","41":"shipping-taxable","42":"purchasable","43":"product-type-variable","44":"wvs-archive-product-wrapper"},"acf":[],"yoast_head":"<!-- This site is optimized with the Yoast SEO plugin v26.8 - https:\/\/yoast.com\/product\/yoast-seo-wordpress\/ -->\n<title>Stance Infiknit UltraLight Quarter - Laufsocken - MioMioRun.com<\/title>\n<meta name=\"description\" content=\"Stance Performance sind vollgepackt mit Funktionen wie Feel 360\u2122 und Infiknit\u2122, die jeden Lauf oder jedes Training verbessern.\" \/>\n<meta name=\"robots\" content=\"index, follow, max-snippet:-1, max-image-preview:large, max-video-preview:-1\" \/>\n<link rel=\"canonical\" href=\"https:\/\/www.miomiorun.com\/de\/produkt\/stance-infiknit-ultralight-quarter\/\" \/>\n<meta property=\"og:locale\" content=\"de_DE\" \/>\n<meta property=\"og:type\" content=\"article\" \/>\n<meta property=\"og:title\" content=\"Stance Infiknit UltraLight Quarter - Laufsocken - MioMioRun.com\" \/>\n<meta property=\"og:description\" content=\"Stance Performance sind vollgepackt mit Funktionen wie Feel 360\u2122 und Infiknit\u2122, die jeden Lauf oder jedes Training verbessern.\" \/>\n<meta property=\"og:url\" content=\"https:\/\/www.miomiorun.com\/de\/produkt\/stance-infiknit-ultralight-quarter\/\" \/>\n<meta property=\"og:site_name\" content=\"MioMioRun\" \/>\n<meta property=\"article:publisher\" content=\"https:\/\/www.facebook.com\/miomiorun\/\" \/>\n<meta property=\"article:modified_time\" content=\"2026-04-07T20:52:59+00:00\" \/>\n<meta property=\"og:image\" content=\"https:\/\/www.miomiorun.com\/app\/uploads\/2023\/11\/stance-C2-A318C23CC2.jpg\" \/>\n\t<meta property=\"og:image:width\" content=\"600\" \/>\n\t<meta property=\"og:image:height\" content=\"600\" \/>\n\t<meta property=\"og:image:type\" content=\"image\/jpeg\" \/>\n<meta name=\"twitter:card\" content=\"summary_large_image\" \/>\n<meta name=\"twitter:label1\" content=\"Est. reading time\" \/>\n\t<meta name=\"twitter:data1\" content=\"1 minute\" \/>\n<script type=\"application\/ld+json\" class=\"yoast-schema-graph\">{\"@context\":\"https:\/\/schema.org\",\"@graph\":[{\"@type\":\"WebPage\",\"@id\":\"https:\/\/www.miomiorun.com\/de\/produkt\/stance-infiknit-ultralight-quarter\/\",\"url\":\"https:\/\/www.miomiorun.com\/de\/produkt\/stance-infiknit-ultralight-quarter\/\",\"name\":\"Stance Infiknit UltraLight Quarter - Laufsocken - MioMioRun.com\",\"isPartOf\":{\"@id\":\"https:\/\/www.miomiorun.com\/de\/#website\"},\"primaryImageOfPage\":{\"@id\":\"https:\/\/www.miomiorun.com\/de\/produkt\/stance-infiknit-ultralight-quarter\/#primaryimage\"},\"image\":{\"@id\":\"https:\/\/www.miomiorun.com\/de\/produkt\/stance-infiknit-ultralight-quarter\/#primaryimage\"},\"thumbnailUrl\":\"https:\/\/www.miomiorun.com\/app\/uploads\/2023\/11\/stance-C2-A318C23CC2.jpg\",\"datePublished\":\"2021-10-11T17:06:51+00:00\",\"dateModified\":\"2026-04-07T20:52:59+00:00\",\"description\":\"Stance Performance sind vollgepackt mit Funktionen wie Feel 360\u2122 und Infiknit\u2122, die jeden Lauf oder jedes Training verbessern.\",\"breadcrumb\":{\"@id\":\"https:\/\/www.miomiorun.com\/de\/produkt\/stance-infiknit-ultralight-quarter\/#breadcrumb\"},\"inLanguage\":\"de-DE\",\"potentialAction\":[{\"@type\":\"ReadAction\",\"target\":[\"https:\/\/www.miomiorun.com\/de\/produkt\/stance-infiknit-ultralight-quarter\/\"]}]},{\"@type\":\"ImageObject\",\"inLanguage\":\"de-DE\",\"@id\":\"https:\/\/www.miomiorun.com\/de\/produkt\/stance-infiknit-ultralight-quarter\/#primaryimage\",\"url\":\"https:\/\/www.miomiorun.com\/app\/uploads\/2023\/11\/stance-C2-A318C23CC2.jpg\",\"contentUrl\":\"https:\/\/www.miomiorun.com\/app\/uploads\/2023\/11\/stance-C2-A318C23CC2.jpg\",\"width\":600,\"height\":600,\"caption\":\"stance-C2-A318C23CC2\"},{\"@type\":\"BreadcrumbList\",\"@id\":\"https:\/\/www.miomiorun.com\/de\/produkt\/stance-infiknit-ultralight-quarter\/#breadcrumb\",\"itemListElement\":[{\"@type\":\"ListItem\",\"position\":1,\"name\":\"Home\",\"item\":\"https:\/\/www.miomiorun.com\/de\/\"},{\"@type\":\"ListItem\",\"position\":2,\"name\":\"Shop\",\"item\":\"https:\/\/www.miomiorun.com\/shop\/\"},{\"@type\":\"ListItem\",\"position\":3,\"name\":\"Infiknit UltraLight Quarter\"}]},{\"@type\":\"WebSite\",\"@id\":\"https:\/\/www.miomiorun.com\/de\/#website\",\"url\":\"https:\/\/www.miomiorun.com\/de\/\",\"name\":\"MioMioRun\",\"description\":\"100% Lauf- und Trailshop\",\"publisher\":{\"@id\":\"https:\/\/www.miomiorun.com\/de\/#organization\"},\"potentialAction\":[{\"@type\":\"SearchAction\",\"target\":{\"@type\":\"EntryPoint\",\"urlTemplate\":\"https:\/\/www.miomiorun.com\/de\/?s={search_term_string}\"},\"query-input\":{\"@type\":\"PropertyValueSpecification\",\"valueRequired\":true,\"valueName\":\"search_term_string\"}}],\"inLanguage\":\"de-DE\"},{\"@type\":\"Organization\",\"@id\":\"https:\/\/www.miomiorun.com\/de\/#organization\",\"name\":\"MioMio Run\",\"url\":\"https:\/\/www.miomiorun.com\/de\/\",\"logo\":{\"@type\":\"ImageObject\",\"inLanguage\":\"de-DE\",\"@id\":\"https:\/\/www.miomiorun.com\/de\/#\/schema\/logo\/image\/\",\"url\":\"https:\/\/www.miomiorun.com\/app\/uploads\/2019\/12\/logomio.png\",\"contentUrl\":\"https:\/\/www.miomiorun.com\/app\/uploads\/2019\/12\/logomio.png\",\"width\":115,\"height\":82,\"caption\":\"MioMio Run\"},\"image\":{\"@id\":\"https:\/\/www.miomiorun.com\/de\/#\/schema\/logo\/image\/\"},\"sameAs\":[\"https:\/\/www.facebook.com\/miomiorun\/\",\"https:\/\/www.instagram.com\/miomiorun\/\"]}]}<\/script>\n<!-- \/ Yoast SEO plugin. -->","yoast_head_json":{"title":"Stance Infiknit UltraLight Quarter - Laufsocken - MioMioRun.com","description":"Stance Performance sind vollgepackt mit Funktionen wie Feel 360\u2122 und Infiknit\u2122, die jeden Lauf oder jedes Training verbessern.","robots":{"index":"index","follow":"follow","max-snippet":"max-snippet:-1","max-image-preview":"max-image-preview:large","max-video-preview":"max-video-preview:-1"},"canonical":"https:\/\/www.miomiorun.com\/de\/produkt\/stance-infiknit-ultralight-quarter\/","og_locale":"de_DE","og_type":"article","og_title":"Stance Infiknit UltraLight Quarter - Laufsocken - MioMioRun.com","og_description":"Stance Performance sind vollgepackt mit Funktionen wie Feel 360\u2122 und Infiknit\u2122, die jeden Lauf oder jedes Training verbessern.","og_url":"https:\/\/www.miomiorun.com\/de\/produkt\/stance-infiknit-ultralight-quarter\/","og_site_name":"MioMioRun","article_publisher":"https:\/\/www.facebook.com\/miomiorun\/","article_modified_time":"2026-04-07T20:52:59+00:00","og_image":[{"width":600,"height":600,"url":"https:\/\/www.miomiorun.com\/app\/uploads\/2023\/11\/stance-C2-A318C23CC2.jpg","type":"image\/jpeg"}],"twitter_card":"summary_large_image","twitter_misc":{"Est. reading time":"1 minute"},"schema":{"@context":"https:\/\/schema.org","@graph":[{"@type":"WebPage","@id":"https:\/\/www.miomiorun.com\/de\/produkt\/stance-infiknit-ultralight-quarter\/","url":"https:\/\/www.miomiorun.com\/de\/produkt\/stance-infiknit-ultralight-quarter\/","name":"Stance Infiknit UltraLight Quarter - Laufsocken - MioMioRun.com","isPartOf":{"@id":"https:\/\/www.miomiorun.com\/de\/#website"},"primaryImageOfPage":{"@id":"https:\/\/www.miomiorun.com\/de\/produkt\/stance-infiknit-ultralight-quarter\/#primaryimage"},"image":{"@id":"https:\/\/www.miomiorun.com\/de\/produkt\/stance-infiknit-ultralight-quarter\/#primaryimage"},"thumbnailUrl":"https:\/\/www.miomiorun.com\/app\/uploads\/2023\/11\/stance-C2-A318C23CC2.jpg","datePublished":"2021-10-11T17:06:51+00:00","dateModified":"2026-04-07T20:52:59+00:00","description":"Stance Performance sind vollgepackt mit Funktionen wie Feel 360\u2122 und Infiknit\u2122, die jeden Lauf oder jedes Training verbessern.","breadcrumb":{"@id":"https:\/\/www.miomiorun.com\/de\/produkt\/stance-infiknit-ultralight-quarter\/#breadcrumb"},"inLanguage":"de-DE","potentialAction":[{"@type":"ReadAction","target":["https:\/\/www.miomiorun.com\/de\/produkt\/stance-infiknit-ultralight-quarter\/"]}]},{"@type":"ImageObject","inLanguage":"de-DE","@id":"https:\/\/www.miomiorun.com\/de\/produkt\/stance-infiknit-ultralight-quarter\/#primaryimage","url":"https:\/\/www.miomiorun.com\/app\/uploads\/2023\/11\/stance-C2-A318C23CC2.jpg","contentUrl":"https:\/\/www.miomiorun.com\/app\/uploads\/2023\/11\/stance-C2-A318C23CC2.jpg","width":600,"height":600,"caption":"stance-C2-A318C23CC2"},{"@type":"BreadcrumbList","@id":"https:\/\/www.miomiorun.com\/de\/produkt\/stance-infiknit-ultralight-quarter\/#breadcrumb","itemListElement":[{"@type":"ListItem","position":1,"name":"Home","item":"https:\/\/www.miomiorun.com\/de\/"},{"@type":"ListItem","position":2,"name":"Shop","item":"https:\/\/www.miomiorun.com\/shop\/"},{"@type":"ListItem","position":3,"name":"Infiknit UltraLight Quarter"}]},{"@type":"WebSite","@id":"https:\/\/www.miomiorun.com\/de\/#website","url":"https:\/\/www.miomiorun.com\/de\/","name":"MioMioRun","description":"100% Lauf- und Trailshop","publisher":{"@id":"https:\/\/www.miomiorun.com\/de\/#organization"},"potentialAction":[{"@type":"SearchAction","target":{"@type":"EntryPoint","urlTemplate":"https:\/\/www.miomiorun.com\/de\/?s={search_term_string}"},"query-input":{"@type":"PropertyValueSpecification","valueRequired":true,"valueName":"search_term_string"}}],"inLanguage":"de-DE"},{"@type":"Organization","@id":"https:\/\/www.miomiorun.com\/de\/#organization","name":"MioMio Run","url":"https:\/\/www.miomiorun.com\/de\/","logo":{"@type":"ImageObject","inLanguage":"de-DE","@id":"https:\/\/www.miomiorun.com\/de\/#\/schema\/logo\/image\/","url":"https:\/\/www.miomiorun.com\/app\/uploads\/2019\/12\/logomio.png","contentUrl":"https:\/\/www.miomiorun.com\/app\/uploads\/2019\/12\/logomio.png","width":115,"height":82,"caption":"MioMio Run"},"image":{"@id":"https:\/\/www.miomiorun.com\/de\/#\/schema\/logo\/image\/"},"sameAs":["https:\/\/www.facebook.com\/miomiorun\/","https:\/\/www.instagram.com\/miomiorun\/"]}]}},"_links":{"self":[{"href":"https:\/\/www.miomiorun.com\/de\/wp-json\/wp\/v2\/product\/77374","targetHints":{"allow":["GET"]}}],"collection":[{"href":"https:\/\/www.miomiorun.com\/de\/wp-json\/wp\/v2\/product"}],"about":[{"href":"https:\/\/www.miomiorun.com\/de\/wp-json\/wp\/v2\/types\/product"}],"wp:featuredmedia":[{"embeddable":true,"href":"https:\/\/www.miomiorun.com\/de\/wp-json\/wp\/v2\/media\/149769"}],"wp:attachment":[{"href":"https:\/\/www.miomiorun.com\/de\/wp-json\/wp\/v2\/media?parent=77374"}],"wp:term":[{"taxonomy":"product_brand","embeddable":true,"href":"https:\/\/www.miomiorun.com\/de\/wp-json\/wp\/v2\/product_brand?post=77374"},{"taxonomy":"product_cat","embeddable":true,"href":"https:\/\/www.miomiorun.com\/de\/wp-json\/wp\/v2\/product_cat?post=77374"},{"taxonomy":"product_tag","embeddable":true,"href":"https:\/\/www.miomiorun.com\/de\/wp-json\/wp\/v2\/product_tag?post=77374"}],"curies":[{"name":"wp","href":"https:\/\/api.w.org\/{rel}","templated":true}]}}