{"id":77202,"date":"2022-05-20T10:03:49","date_gmt":"2022-05-20T08:03:49","guid":{"rendered":"https:\/\/miomiorun.com\/prodotto\/rocky-pants-uomo\/"},"modified":"2024-04-24T06:10:24","modified_gmt":"2024-04-24T04:10:24","slug":"rocky-pants-herren","status":"publish","type":"product","link":"https:\/\/www.miomiorun.com\/de\/produkt\/rocky-pants-herren\/","title":{"rendered":"Rocky Pants herren"},"content":{"rendered":"<p>Die Montura Rocky Pants f\u00fcr Herren ist eine lange Hose aus 4-Wege-Stretch DWR-Nylongewebe und eignet sich ideal zum Klettern und f\u00fcr verschiedene Outdoor-Aktivit\u00e4ten.<\/p>\n<p><strong>Merkmale:<\/strong><\/p>\n<ul>\n<li>Lange Hosen f\u00fcr M\u00e4nner<\/li>\n<li>4-Wege-Stretch DWR-Nylongewebe<\/li>\n<li>Knie- und Ges\u00e4\u00dfpflaster aus rei\u00df- und abriebfestem Stretch-Nylongewebe<\/li>\n<li>Elastischer Bund mit Kordelzug und Klappe zum \u00d6ffnen<\/li>\n<li>Handtaschen mit Rei\u00dfverschluss<\/li>\n<li>Verstellbarer Boden<\/li>\n<li>Ideales Kleidungsst\u00fcck zum Klettern und f\u00fcr verschiedene Outdoor-Aktivit\u00e4ten<\/li>\n<\/ul>\n<p class=\"product-weight\">Gewicht: 0.29 kg<\/p>\n<p><img decoding=\"async\" src=\"https:\/\/www.montura.it\/media\/amasty\/shopby\/option_images\/slider\/climate_1.svg\" alt=\"Caldo\" \/><img decoding=\"async\" src=\"https:\/\/www.montura.it\/media\/amasty\/shopby\/option_images\/slider\/breathable_1.svg\" alt=\"breathable\" \/><img decoding=\"async\" src=\"https:\/\/www.montura.it\/media\/amasty\/shopby\/option_images\/slider\/water_repellent_1_1.svg\" alt=\"waterrepellent\" \/><\/p>\n<p><img decoding=\"async\" src=\"https:\/\/www.montura.it\/media\/amasty\/shopby\/option_images\/slider\/ICM110.svg\" alt=\"ICM110\" \/><\/p>\n","protected":false},"excerpt":{"rendered":"<p>Die Montura Rocky Pants f\u00fcr Herren ist eine lange Hose aus 4-Wege-Stretch DWR-Nylongewebe und eignet sich ideal zum Klettern und f\u00fcr verschiedene Outdoor-Aktivit\u00e4ten. Merkmale: Lange Hosen f\u00fcr M\u00e4nner 4-Wege-Stretch DWR-Nylongewebe Knie- und Ges\u00e4\u00dfpflaster aus rei\u00df- und abriebfestem Stretch-Nylongewebe Elastischer Bund mit Kordelzug und Klappe zum \u00d6ffnen Handtaschen mit Rei\u00dfverschluss Verstellbarer Boden Ideales Kleidungsst\u00fcck zum Klettern &hellip; <a href=\"https:\/\/www.miomiorun.com\/de\/produkt\/rocky-pants-herren\/\">Continued<\/a><\/p>\n","protected":false},"featured_media":71689,"template":"","meta":{"_acf_changed":false,"inline_featured_image":false},"product_brand":[],"product_cat":[6540,6509],"product_tag":[3379,6270],"class_list":{"0":"post-77202","1":"product","2":"type-product","3":"status-publish","4":"has-post-thumbnail","6":"product_cat-herrenbekleidung","7":"product_cat-lange-hosen","8":"product_tag-montura-de","9":"product_tag-montura-herren-de","10":"pa_attivita-gehen","11":"pa_attivita-outdoor-de","12":"pa_colore-rocky-pants-nero-verde-lime-de","13":"pa_marca-montura-de","14":"pa_sesso-herren","15":"pa_size-large-de","16":"pa_size-extra-large-de","18":"first","19":"instock","20":"taxable","21":"shipping-taxable","22":"purchasable","23":"product-type-variable","24":"wvs-archive-product-wrapper"},"acf":[],"yoast_head":"<!-- This site is optimized with the Yoast SEO plugin v26.8 - https:\/\/yoast.com\/product\/yoast-seo-wordpress\/ -->\n<title>Montura Rocky Pants herren - Berghose - MioMioRun<\/title>\n<meta name=\"description\" content=\"Die Montura Rocky Pants f\u00fcr Herren ist eine lange Hose aus 4-Wege-Stretch DWR-Nylongewebe und eignet sich ideal zum Klettern und f\u00fcr verschiedene Outdoor-Aktivit\u00e4ten.\" \/>\n<meta name=\"robots\" content=\"index, follow, max-snippet:-1, max-image-preview:large, max-video-preview:-1\" \/>\n<link rel=\"canonical\" href=\"https:\/\/www.miomiorun.com\/de\/produkt\/rocky-pants-herren\/\" \/>\n<meta property=\"og:locale\" content=\"de_DE\" \/>\n<meta property=\"og:type\" content=\"article\" \/>\n<meta property=\"og:title\" content=\"Montura Rocky Pants herren - Berghose - MioMioRun\" \/>\n<meta property=\"og:description\" content=\"Die Montura Rocky Pants f\u00fcr Herren ist eine lange Hose aus 4-Wege-Stretch DWR-Nylongewebe und eignet sich ideal zum Klettern und f\u00fcr verschiedene Outdoor-Aktivit\u00e4ten.\" \/>\n<meta property=\"og:url\" content=\"https:\/\/www.miomiorun.com\/de\/produkt\/rocky-pants-herren\/\" \/>\n<meta property=\"og:site_name\" content=\"MioMioRun\" \/>\n<meta property=\"article:publisher\" content=\"https:\/\/www.facebook.com\/miomiorun\/\" \/>\n<meta property=\"article:modified_time\" content=\"2024-04-24T04:10:24+00:00\" \/>\n<meta property=\"og:image\" content=\"https:\/\/www.miomiorun.com\/app\/uploads\/2022\/05\/montura-rocky-pants-nero-verde-lime-MPLF18X-9047.jpg\" \/>\n\t<meta property=\"og:image:width\" content=\"600\" \/>\n\t<meta property=\"og:image:height\" content=\"600\" \/>\n\t<meta property=\"og:image:type\" content=\"image\/jpeg\" \/>\n<meta name=\"twitter:card\" content=\"summary_large_image\" \/>\n<meta name=\"twitter:label1\" content=\"Est. reading time\" \/>\n\t<meta name=\"twitter:data1\" content=\"2 minutes\" \/>\n<script type=\"application\/ld+json\" class=\"yoast-schema-graph\">{\"@context\":\"https:\/\/schema.org\",\"@graph\":[{\"@type\":\"WebPage\",\"@id\":\"https:\/\/www.miomiorun.com\/de\/produkt\/rocky-pants-herren\/\",\"url\":\"https:\/\/www.miomiorun.com\/de\/produkt\/rocky-pants-herren\/\",\"name\":\"Montura Rocky Pants herren - Berghose - MioMioRun\",\"isPartOf\":{\"@id\":\"https:\/\/www.miomiorun.com\/de\/#website\"},\"primaryImageOfPage\":{\"@id\":\"https:\/\/www.miomiorun.com\/de\/produkt\/rocky-pants-herren\/#primaryimage\"},\"image\":{\"@id\":\"https:\/\/www.miomiorun.com\/de\/produkt\/rocky-pants-herren\/#primaryimage\"},\"thumbnailUrl\":\"https:\/\/www.miomiorun.com\/app\/uploads\/2022\/05\/montura-rocky-pants-nero-verde-lime-MPLF18X-9047.jpg\",\"datePublished\":\"2022-05-20T08:03:49+00:00\",\"dateModified\":\"2024-04-24T04:10:24+00:00\",\"description\":\"Die Montura Rocky Pants f\u00fcr Herren ist eine lange Hose aus 4-Wege-Stretch DWR-Nylongewebe und eignet sich ideal zum Klettern und f\u00fcr verschiedene Outdoor-Aktivit\u00e4ten.\",\"breadcrumb\":{\"@id\":\"https:\/\/www.miomiorun.com\/de\/produkt\/rocky-pants-herren\/#breadcrumb\"},\"inLanguage\":\"de-DE\",\"potentialAction\":[{\"@type\":\"ReadAction\",\"target\":[\"https:\/\/www.miomiorun.com\/de\/produkt\/rocky-pants-herren\/\"]}]},{\"@type\":\"ImageObject\",\"inLanguage\":\"de-DE\",\"@id\":\"https:\/\/www.miomiorun.com\/de\/produkt\/rocky-pants-herren\/#primaryimage\",\"url\":\"https:\/\/www.miomiorun.com\/app\/uploads\/2022\/05\/montura-rocky-pants-nero-verde-lime-MPLF18X-9047.jpg\",\"contentUrl\":\"https:\/\/www.miomiorun.com\/app\/uploads\/2022\/05\/montura-rocky-pants-nero-verde-lime-MPLF18X-9047.jpg\",\"width\":600,\"height\":600,\"caption\":\"montura-rocky-pants-nero-verde-lime-MPLF18X-9047\"},{\"@type\":\"BreadcrumbList\",\"@id\":\"https:\/\/www.miomiorun.com\/de\/produkt\/rocky-pants-herren\/#breadcrumb\",\"itemListElement\":[{\"@type\":\"ListItem\",\"position\":1,\"name\":\"Home\",\"item\":\"https:\/\/www.miomiorun.com\/de\/\"},{\"@type\":\"ListItem\",\"position\":2,\"name\":\"Shop\",\"item\":\"https:\/\/www.miomiorun.com\/shop\/\"},{\"@type\":\"ListItem\",\"position\":3,\"name\":\"Rocky Pants herren\"}]},{\"@type\":\"WebSite\",\"@id\":\"https:\/\/www.miomiorun.com\/de\/#website\",\"url\":\"https:\/\/www.miomiorun.com\/de\/\",\"name\":\"MioMioRun\",\"description\":\"100% Lauf- und Trailshop\",\"publisher\":{\"@id\":\"https:\/\/www.miomiorun.com\/de\/#organization\"},\"potentialAction\":[{\"@type\":\"SearchAction\",\"target\":{\"@type\":\"EntryPoint\",\"urlTemplate\":\"https:\/\/www.miomiorun.com\/de\/?s={search_term_string}\"},\"query-input\":{\"@type\":\"PropertyValueSpecification\",\"valueRequired\":true,\"valueName\":\"search_term_string\"}}],\"inLanguage\":\"de-DE\"},{\"@type\":\"Organization\",\"@id\":\"https:\/\/www.miomiorun.com\/de\/#organization\",\"name\":\"MioMio Run\",\"url\":\"https:\/\/www.miomiorun.com\/de\/\",\"logo\":{\"@type\":\"ImageObject\",\"inLanguage\":\"de-DE\",\"@id\":\"https:\/\/www.miomiorun.com\/de\/#\/schema\/logo\/image\/\",\"url\":\"https:\/\/www.miomiorun.com\/app\/uploads\/2019\/12\/logomio.png\",\"contentUrl\":\"https:\/\/www.miomiorun.com\/app\/uploads\/2019\/12\/logomio.png\",\"width\":115,\"height\":82,\"caption\":\"MioMio Run\"},\"image\":{\"@id\":\"https:\/\/www.miomiorun.com\/de\/#\/schema\/logo\/image\/\"},\"sameAs\":[\"https:\/\/www.facebook.com\/miomiorun\/\",\"https:\/\/www.instagram.com\/miomiorun\/\"]}]}<\/script>\n<!-- \/ Yoast SEO plugin. -->","yoast_head_json":{"title":"Montura Rocky Pants herren - Berghose - MioMioRun","description":"Die Montura Rocky Pants f\u00fcr Herren ist eine lange Hose aus 4-Wege-Stretch DWR-Nylongewebe und eignet sich ideal zum Klettern und f\u00fcr verschiedene Outdoor-Aktivit\u00e4ten.","robots":{"index":"index","follow":"follow","max-snippet":"max-snippet:-1","max-image-preview":"max-image-preview:large","max-video-preview":"max-video-preview:-1"},"canonical":"https:\/\/www.miomiorun.com\/de\/produkt\/rocky-pants-herren\/","og_locale":"de_DE","og_type":"article","og_title":"Montura Rocky Pants herren - Berghose - MioMioRun","og_description":"Die Montura Rocky Pants f\u00fcr Herren ist eine lange Hose aus 4-Wege-Stretch DWR-Nylongewebe und eignet sich ideal zum Klettern und f\u00fcr verschiedene Outdoor-Aktivit\u00e4ten.","og_url":"https:\/\/www.miomiorun.com\/de\/produkt\/rocky-pants-herren\/","og_site_name":"MioMioRun","article_publisher":"https:\/\/www.facebook.com\/miomiorun\/","article_modified_time":"2024-04-24T04:10:24+00:00","og_image":[{"width":600,"height":600,"url":"https:\/\/www.miomiorun.com\/app\/uploads\/2022\/05\/montura-rocky-pants-nero-verde-lime-MPLF18X-9047.jpg","type":"image\/jpeg"}],"twitter_card":"summary_large_image","twitter_misc":{"Est. reading time":"2 minutes"},"schema":{"@context":"https:\/\/schema.org","@graph":[{"@type":"WebPage","@id":"https:\/\/www.miomiorun.com\/de\/produkt\/rocky-pants-herren\/","url":"https:\/\/www.miomiorun.com\/de\/produkt\/rocky-pants-herren\/","name":"Montura Rocky Pants herren - Berghose - MioMioRun","isPartOf":{"@id":"https:\/\/www.miomiorun.com\/de\/#website"},"primaryImageOfPage":{"@id":"https:\/\/www.miomiorun.com\/de\/produkt\/rocky-pants-herren\/#primaryimage"},"image":{"@id":"https:\/\/www.miomiorun.com\/de\/produkt\/rocky-pants-herren\/#primaryimage"},"thumbnailUrl":"https:\/\/www.miomiorun.com\/app\/uploads\/2022\/05\/montura-rocky-pants-nero-verde-lime-MPLF18X-9047.jpg","datePublished":"2022-05-20T08:03:49+00:00","dateModified":"2024-04-24T04:10:24+00:00","description":"Die Montura Rocky Pants f\u00fcr Herren ist eine lange Hose aus 4-Wege-Stretch DWR-Nylongewebe und eignet sich ideal zum Klettern und f\u00fcr verschiedene Outdoor-Aktivit\u00e4ten.","breadcrumb":{"@id":"https:\/\/www.miomiorun.com\/de\/produkt\/rocky-pants-herren\/#breadcrumb"},"inLanguage":"de-DE","potentialAction":[{"@type":"ReadAction","target":["https:\/\/www.miomiorun.com\/de\/produkt\/rocky-pants-herren\/"]}]},{"@type":"ImageObject","inLanguage":"de-DE","@id":"https:\/\/www.miomiorun.com\/de\/produkt\/rocky-pants-herren\/#primaryimage","url":"https:\/\/www.miomiorun.com\/app\/uploads\/2022\/05\/montura-rocky-pants-nero-verde-lime-MPLF18X-9047.jpg","contentUrl":"https:\/\/www.miomiorun.com\/app\/uploads\/2022\/05\/montura-rocky-pants-nero-verde-lime-MPLF18X-9047.jpg","width":600,"height":600,"caption":"montura-rocky-pants-nero-verde-lime-MPLF18X-9047"},{"@type":"BreadcrumbList","@id":"https:\/\/www.miomiorun.com\/de\/produkt\/rocky-pants-herren\/#breadcrumb","itemListElement":[{"@type":"ListItem","position":1,"name":"Home","item":"https:\/\/www.miomiorun.com\/de\/"},{"@type":"ListItem","position":2,"name":"Shop","item":"https:\/\/www.miomiorun.com\/shop\/"},{"@type":"ListItem","position":3,"name":"Rocky Pants herren"}]},{"@type":"WebSite","@id":"https:\/\/www.miomiorun.com\/de\/#website","url":"https:\/\/www.miomiorun.com\/de\/","name":"MioMioRun","description":"100% Lauf- und Trailshop","publisher":{"@id":"https:\/\/www.miomiorun.com\/de\/#organization"},"potentialAction":[{"@type":"SearchAction","target":{"@type":"EntryPoint","urlTemplate":"https:\/\/www.miomiorun.com\/de\/?s={search_term_string}"},"query-input":{"@type":"PropertyValueSpecification","valueRequired":true,"valueName":"search_term_string"}}],"inLanguage":"de-DE"},{"@type":"Organization","@id":"https:\/\/www.miomiorun.com\/de\/#organization","name":"MioMio Run","url":"https:\/\/www.miomiorun.com\/de\/","logo":{"@type":"ImageObject","inLanguage":"de-DE","@id":"https:\/\/www.miomiorun.com\/de\/#\/schema\/logo\/image\/","url":"https:\/\/www.miomiorun.com\/app\/uploads\/2019\/12\/logomio.png","contentUrl":"https:\/\/www.miomiorun.com\/app\/uploads\/2019\/12\/logomio.png","width":115,"height":82,"caption":"MioMio Run"},"image":{"@id":"https:\/\/www.miomiorun.com\/de\/#\/schema\/logo\/image\/"},"sameAs":["https:\/\/www.facebook.com\/miomiorun\/","https:\/\/www.instagram.com\/miomiorun\/"]}]}},"_links":{"self":[{"href":"https:\/\/www.miomiorun.com\/de\/wp-json\/wp\/v2\/product\/77202","targetHints":{"allow":["GET"]}}],"collection":[{"href":"https:\/\/www.miomiorun.com\/de\/wp-json\/wp\/v2\/product"}],"about":[{"href":"https:\/\/www.miomiorun.com\/de\/wp-json\/wp\/v2\/types\/product"}],"wp:featuredmedia":[{"embeddable":true,"href":"https:\/\/www.miomiorun.com\/de\/wp-json\/wp\/v2\/media\/71689"}],"wp:attachment":[{"href":"https:\/\/www.miomiorun.com\/de\/wp-json\/wp\/v2\/media?parent=77202"}],"wp:term":[{"taxonomy":"product_brand","embeddable":true,"href":"https:\/\/www.miomiorun.com\/de\/wp-json\/wp\/v2\/product_brand?post=77202"},{"taxonomy":"product_cat","embeddable":true,"href":"https:\/\/www.miomiorun.com\/de\/wp-json\/wp\/v2\/product_cat?post=77202"},{"taxonomy":"product_tag","embeddable":true,"href":"https:\/\/www.miomiorun.com\/de\/wp-json\/wp\/v2\/product_tag?post=77202"}],"curies":[{"name":"wp","href":"https:\/\/api.w.org\/{rel}","templated":true}]}}