{"id":77169,"date":"2022-03-29T16:39:51","date_gmt":"2022-03-29T14:39:51","guid":{"rendered":"https:\/\/miomiorun.com\/prodotto\/craft-adv-essence-sl-tee-uomo\/"},"modified":"2026-05-08T21:21:09","modified_gmt":"2026-05-08T19:21:09","slug":"craft-adv-essence-sl-tee-herren","status":"publish","type":"product","link":"https:\/\/www.miomiorun.com\/de\/produkt\/craft-adv-essence-sl-tee-herren\/","title":{"rendered":"ADV Essence Sl Tee herren"},"content":{"rendered":"<p>Das ADV Essence SL Tee f\u00fcr Herren ist ein weiches und funktionelles \u00e4rmelloses Shirt aus recyceltem Polyester mit hervorragendem Feuchtigkeitstransport f\u00fcr das t\u00e4gliche Training. Dar\u00fcber hinaus bietet dieses fortschrittliche Trainingstop ein ergonomisches Design f\u00fcr optimale Passform, Bewegungsfreiheit und Komfort.<\/p>\n<p><strong>Merkmale:<\/strong><\/p>\n<ul>\n<li>Recyceltes Polyester.<\/li>\n<li>Mesh-Details f\u00fcr bessere Bel\u00fcftung.<\/li>\n<li>Versteckte Rei\u00dfverschlusstasche auf der rechten Seite.<\/li>\n<li>Normale Passform.<\/li>\n<\/ul>\n<p><img loading=\"lazy\" decoding=\"async\" class=\"css-1w257c5\" title=\"MoistureTransport\" src=\"https:\/\/www.craftsportswear.com\/static\/media\/moisture_transport.27f437d8.svg?q=70&amp;fit=clip&amp;w=72&amp;fm=jpg&amp;auto=format\" sizes=\"auto, 32px\" alt=\"MoistureTransport\" width=\"87\" height=\"87\" \/><\/p>\n<p>Feuchtigkeitstransport.<\/p>\n<p><img loading=\"lazy\" decoding=\"async\" class=\"css-1w257c5\" title=\"Stretch\" src=\"https:\/\/www.craftsportswear.com\/static\/media\/stretch.b10adc40.svg?q=70&amp;fit=clip&amp;w=72&amp;fm=jpg&amp;auto=format\" sizes=\"auto, 32px\" alt=\"Stretch\" width=\"85\" height=\"85\" \/><\/p>\n<p>Elastischer Stoff.<\/p>\n<p>Material: K\u00f6rper 95% Polyester-recycelt 5% Elastan Oberer R\u00fcckenk\u00f6rper 100% Polyester-recycelt<\/p>\n","protected":false},"excerpt":{"rendered":"<p>Das ADV Essence SL Tee f\u00fcr Herren ist ein weiches und funktionelles \u00e4rmelloses Shirt aus recyceltem Polyester mit hervorragendem Feuchtigkeitstransport f\u00fcr das t\u00e4gliche Training. Dar\u00fcber hinaus bietet dieses fortschrittliche Trainingstop ein ergonomisches Design f\u00fcr optimale Passform, Bewegungsfreiheit und Komfort. Merkmale: Recyceltes Polyester. Mesh-Details f\u00fcr bessere Bel\u00fcftung. Versteckte Rei\u00dfverschlusstasche auf der rechten Seite. Normale Passform. Feuchtigkeitstransport. &hellip; <a href=\"https:\/\/www.miomiorun.com\/de\/produkt\/craft-adv-essence-sl-tee-herren\/\">Continued<\/a><\/p>\n","protected":false},"featured_media":65099,"template":"","meta":{"_acf_changed":false,"inline_featured_image":false},"product_brand":[],"product_cat":[6540,6513],"product_tag":[6304,6234],"class_list":{"0":"post-77169","1":"product","2":"type-product","3":"status-publish","4":"has-post-thumbnail","6":"product_cat-herrenbekleidung","7":"product_cat-tank-tops","8":"product_tag-craft-de","9":"product_tag-craft-herren-de","10":"pa_attivita-gehen","11":"pa_attivita-running-de","12":"pa_colore-adv-essence-sl-tee-m-black-de","13":"pa_colore-adv-essence-sl-tee-m-flumino-de","14":"pa_colore-adv-essence-sl-tee-m-rift-de","15":"pa_colore-adv-essence-sl-tee-m-sour-de","16":"pa_colore-adv-essence-sl-tee-asphalt-de","17":"pa_marca-craft-de","18":"pa_sesso-herren","19":"pa_size-medium-de","20":"pa_size-large-de","21":"pa_size-extra-large-de","23":"first","24":"instock","25":"sale","26":"taxable","27":"shipping-taxable","28":"purchasable","29":"product-type-variable","30":"wvs-archive-product-wrapper"},"acf":[],"yoast_head":"<!-- This site is optimized with the Yoast SEO plugin v26.8 - https:\/\/yoast.com\/product\/yoast-seo-wordpress\/ -->\n<title>Craft ADV Essence Sl Tee herren - Laufwesten - MioMioRun.com<\/title>\n<meta name=\"description\" content=\"Das ADV Essence SL Tee f\u00fcr M\u00e4nner ist ein weiches und funktionelles \u00e4rmelloses Shirt aus recyceltem Polyester mit hervorragenden Transporteigenschaften.\" \/>\n<meta name=\"robots\" content=\"index, follow, max-snippet:-1, max-image-preview:large, max-video-preview:-1\" \/>\n<link rel=\"canonical\" href=\"https:\/\/www.miomiorun.com\/de\/produkt\/craft-adv-essence-sl-tee-herren\/\" \/>\n<meta property=\"og:locale\" content=\"de_DE\" \/>\n<meta property=\"og:type\" content=\"article\" \/>\n<meta property=\"og:title\" content=\"Craft ADV Essence Sl Tee herren - Laufwesten - MioMioRun.com\" \/>\n<meta property=\"og:description\" content=\"Das ADV Essence SL Tee f\u00fcr M\u00e4nner ist ein weiches und funktionelles \u00e4rmelloses Shirt aus recyceltem Polyester mit hervorragenden Transporteigenschaften.\" \/>\n<meta property=\"og:url\" content=\"https:\/\/www.miomiorun.com\/de\/produkt\/craft-adv-essence-sl-tee-herren\/\" \/>\n<meta property=\"og:site_name\" content=\"MioMioRun\" \/>\n<meta property=\"article:publisher\" content=\"https:\/\/www.facebook.com\/miomiorun\/\" \/>\n<meta property=\"article:modified_time\" content=\"2026-05-08T19:21:09+00:00\" \/>\n<meta property=\"og:image\" content=\"https:\/\/www.miomiorun.com\/app\/uploads\/2022\/03\/craft-adv-essence-sl-tee-asphalt-1908752-995000.jpg\" \/>\n\t<meta property=\"og:image:width\" content=\"600\" \/>\n\t<meta property=\"og:image:height\" content=\"600\" \/>\n\t<meta property=\"og:image:type\" content=\"image\/jpeg\" \/>\n<meta name=\"twitter:card\" content=\"summary_large_image\" \/>\n<meta name=\"twitter:label1\" content=\"Est. reading time\" \/>\n\t<meta name=\"twitter:data1\" content=\"1 minute\" \/>\n<script type=\"application\/ld+json\" class=\"yoast-schema-graph\">{\"@context\":\"https:\/\/schema.org\",\"@graph\":[{\"@type\":\"WebPage\",\"@id\":\"https:\/\/www.miomiorun.com\/de\/produkt\/craft-adv-essence-sl-tee-herren\/\",\"url\":\"https:\/\/www.miomiorun.com\/de\/produkt\/craft-adv-essence-sl-tee-herren\/\",\"name\":\"Craft ADV Essence Sl Tee herren - Laufwesten - MioMioRun.com\",\"isPartOf\":{\"@id\":\"https:\/\/www.miomiorun.com\/de\/#website\"},\"primaryImageOfPage\":{\"@id\":\"https:\/\/www.miomiorun.com\/de\/produkt\/craft-adv-essence-sl-tee-herren\/#primaryimage\"},\"image\":{\"@id\":\"https:\/\/www.miomiorun.com\/de\/produkt\/craft-adv-essence-sl-tee-herren\/#primaryimage\"},\"thumbnailUrl\":\"https:\/\/www.miomiorun.com\/app\/uploads\/2022\/03\/craft-adv-essence-sl-tee-asphalt-1908752-995000.jpg\",\"datePublished\":\"2022-03-29T14:39:51+00:00\",\"dateModified\":\"2026-05-08T19:21:09+00:00\",\"description\":\"Das ADV Essence SL Tee f\u00fcr M\u00e4nner ist ein weiches und funktionelles \u00e4rmelloses Shirt aus recyceltem Polyester mit hervorragenden Transporteigenschaften.\",\"breadcrumb\":{\"@id\":\"https:\/\/www.miomiorun.com\/de\/produkt\/craft-adv-essence-sl-tee-herren\/#breadcrumb\"},\"inLanguage\":\"de-DE\",\"potentialAction\":[{\"@type\":\"ReadAction\",\"target\":[\"https:\/\/www.miomiorun.com\/de\/produkt\/craft-adv-essence-sl-tee-herren\/\"]}]},{\"@type\":\"ImageObject\",\"inLanguage\":\"de-DE\",\"@id\":\"https:\/\/www.miomiorun.com\/de\/produkt\/craft-adv-essence-sl-tee-herren\/#primaryimage\",\"url\":\"https:\/\/www.miomiorun.com\/app\/uploads\/2022\/03\/craft-adv-essence-sl-tee-asphalt-1908752-995000.jpg\",\"contentUrl\":\"https:\/\/www.miomiorun.com\/app\/uploads\/2022\/03\/craft-adv-essence-sl-tee-asphalt-1908752-995000.jpg\",\"width\":600,\"height\":600,\"caption\":\"craft-adv-essence-sl-tee-asphalt-1908752-995000\"},{\"@type\":\"BreadcrumbList\",\"@id\":\"https:\/\/www.miomiorun.com\/de\/produkt\/craft-adv-essence-sl-tee-herren\/#breadcrumb\",\"itemListElement\":[{\"@type\":\"ListItem\",\"position\":1,\"name\":\"Home\",\"item\":\"https:\/\/www.miomiorun.com\/de\/\"},{\"@type\":\"ListItem\",\"position\":2,\"name\":\"Shop\",\"item\":\"https:\/\/www.miomiorun.com\/shop\/\"},{\"@type\":\"ListItem\",\"position\":3,\"name\":\"ADV Essence Sl Tee herren\"}]},{\"@type\":\"WebSite\",\"@id\":\"https:\/\/www.miomiorun.com\/de\/#website\",\"url\":\"https:\/\/www.miomiorun.com\/de\/\",\"name\":\"MioMioRun\",\"description\":\"100% Lauf- und Trailshop\",\"publisher\":{\"@id\":\"https:\/\/www.miomiorun.com\/de\/#organization\"},\"potentialAction\":[{\"@type\":\"SearchAction\",\"target\":{\"@type\":\"EntryPoint\",\"urlTemplate\":\"https:\/\/www.miomiorun.com\/de\/?s={search_term_string}\"},\"query-input\":{\"@type\":\"PropertyValueSpecification\",\"valueRequired\":true,\"valueName\":\"search_term_string\"}}],\"inLanguage\":\"de-DE\"},{\"@type\":\"Organization\",\"@id\":\"https:\/\/www.miomiorun.com\/de\/#organization\",\"name\":\"MioMio Run\",\"url\":\"https:\/\/www.miomiorun.com\/de\/\",\"logo\":{\"@type\":\"ImageObject\",\"inLanguage\":\"de-DE\",\"@id\":\"https:\/\/www.miomiorun.com\/de\/#\/schema\/logo\/image\/\",\"url\":\"https:\/\/www.miomiorun.com\/app\/uploads\/2019\/12\/logomio.png\",\"contentUrl\":\"https:\/\/www.miomiorun.com\/app\/uploads\/2019\/12\/logomio.png\",\"width\":115,\"height\":82,\"caption\":\"MioMio Run\"},\"image\":{\"@id\":\"https:\/\/www.miomiorun.com\/de\/#\/schema\/logo\/image\/\"},\"sameAs\":[\"https:\/\/www.facebook.com\/miomiorun\/\",\"https:\/\/www.instagram.com\/miomiorun\/\"]}]}<\/script>\n<!-- \/ Yoast SEO plugin. -->","yoast_head_json":{"title":"Craft ADV Essence Sl Tee herren - Laufwesten - MioMioRun.com","description":"Das ADV Essence SL Tee f\u00fcr M\u00e4nner ist ein weiches und funktionelles \u00e4rmelloses Shirt aus recyceltem Polyester mit hervorragenden Transporteigenschaften.","robots":{"index":"index","follow":"follow","max-snippet":"max-snippet:-1","max-image-preview":"max-image-preview:large","max-video-preview":"max-video-preview:-1"},"canonical":"https:\/\/www.miomiorun.com\/de\/produkt\/craft-adv-essence-sl-tee-herren\/","og_locale":"de_DE","og_type":"article","og_title":"Craft ADV Essence Sl Tee herren - Laufwesten - MioMioRun.com","og_description":"Das ADV Essence SL Tee f\u00fcr M\u00e4nner ist ein weiches und funktionelles \u00e4rmelloses Shirt aus recyceltem Polyester mit hervorragenden Transporteigenschaften.","og_url":"https:\/\/www.miomiorun.com\/de\/produkt\/craft-adv-essence-sl-tee-herren\/","og_site_name":"MioMioRun","article_publisher":"https:\/\/www.facebook.com\/miomiorun\/","article_modified_time":"2026-05-08T19:21:09+00:00","og_image":[{"width":600,"height":600,"url":"https:\/\/www.miomiorun.com\/app\/uploads\/2022\/03\/craft-adv-essence-sl-tee-asphalt-1908752-995000.jpg","type":"image\/jpeg"}],"twitter_card":"summary_large_image","twitter_misc":{"Est. reading time":"1 minute"},"schema":{"@context":"https:\/\/schema.org","@graph":[{"@type":"WebPage","@id":"https:\/\/www.miomiorun.com\/de\/produkt\/craft-adv-essence-sl-tee-herren\/","url":"https:\/\/www.miomiorun.com\/de\/produkt\/craft-adv-essence-sl-tee-herren\/","name":"Craft ADV Essence Sl Tee herren - Laufwesten - MioMioRun.com","isPartOf":{"@id":"https:\/\/www.miomiorun.com\/de\/#website"},"primaryImageOfPage":{"@id":"https:\/\/www.miomiorun.com\/de\/produkt\/craft-adv-essence-sl-tee-herren\/#primaryimage"},"image":{"@id":"https:\/\/www.miomiorun.com\/de\/produkt\/craft-adv-essence-sl-tee-herren\/#primaryimage"},"thumbnailUrl":"https:\/\/www.miomiorun.com\/app\/uploads\/2022\/03\/craft-adv-essence-sl-tee-asphalt-1908752-995000.jpg","datePublished":"2022-03-29T14:39:51+00:00","dateModified":"2026-05-08T19:21:09+00:00","description":"Das ADV Essence SL Tee f\u00fcr M\u00e4nner ist ein weiches und funktionelles \u00e4rmelloses Shirt aus recyceltem Polyester mit hervorragenden Transporteigenschaften.","breadcrumb":{"@id":"https:\/\/www.miomiorun.com\/de\/produkt\/craft-adv-essence-sl-tee-herren\/#breadcrumb"},"inLanguage":"de-DE","potentialAction":[{"@type":"ReadAction","target":["https:\/\/www.miomiorun.com\/de\/produkt\/craft-adv-essence-sl-tee-herren\/"]}]},{"@type":"ImageObject","inLanguage":"de-DE","@id":"https:\/\/www.miomiorun.com\/de\/produkt\/craft-adv-essence-sl-tee-herren\/#primaryimage","url":"https:\/\/www.miomiorun.com\/app\/uploads\/2022\/03\/craft-adv-essence-sl-tee-asphalt-1908752-995000.jpg","contentUrl":"https:\/\/www.miomiorun.com\/app\/uploads\/2022\/03\/craft-adv-essence-sl-tee-asphalt-1908752-995000.jpg","width":600,"height":600,"caption":"craft-adv-essence-sl-tee-asphalt-1908752-995000"},{"@type":"BreadcrumbList","@id":"https:\/\/www.miomiorun.com\/de\/produkt\/craft-adv-essence-sl-tee-herren\/#breadcrumb","itemListElement":[{"@type":"ListItem","position":1,"name":"Home","item":"https:\/\/www.miomiorun.com\/de\/"},{"@type":"ListItem","position":2,"name":"Shop","item":"https:\/\/www.miomiorun.com\/shop\/"},{"@type":"ListItem","position":3,"name":"ADV Essence Sl Tee herren"}]},{"@type":"WebSite","@id":"https:\/\/www.miomiorun.com\/de\/#website","url":"https:\/\/www.miomiorun.com\/de\/","name":"MioMioRun","description":"100% Lauf- und Trailshop","publisher":{"@id":"https:\/\/www.miomiorun.com\/de\/#organization"},"potentialAction":[{"@type":"SearchAction","target":{"@type":"EntryPoint","urlTemplate":"https:\/\/www.miomiorun.com\/de\/?s={search_term_string}"},"query-input":{"@type":"PropertyValueSpecification","valueRequired":true,"valueName":"search_term_string"}}],"inLanguage":"de-DE"},{"@type":"Organization","@id":"https:\/\/www.miomiorun.com\/de\/#organization","name":"MioMio Run","url":"https:\/\/www.miomiorun.com\/de\/","logo":{"@type":"ImageObject","inLanguage":"de-DE","@id":"https:\/\/www.miomiorun.com\/de\/#\/schema\/logo\/image\/","url":"https:\/\/www.miomiorun.com\/app\/uploads\/2019\/12\/logomio.png","contentUrl":"https:\/\/www.miomiorun.com\/app\/uploads\/2019\/12\/logomio.png","width":115,"height":82,"caption":"MioMio Run"},"image":{"@id":"https:\/\/www.miomiorun.com\/de\/#\/schema\/logo\/image\/"},"sameAs":["https:\/\/www.facebook.com\/miomiorun\/","https:\/\/www.instagram.com\/miomiorun\/"]}]}},"_links":{"self":[{"href":"https:\/\/www.miomiorun.com\/de\/wp-json\/wp\/v2\/product\/77169","targetHints":{"allow":["GET"]}}],"collection":[{"href":"https:\/\/www.miomiorun.com\/de\/wp-json\/wp\/v2\/product"}],"about":[{"href":"https:\/\/www.miomiorun.com\/de\/wp-json\/wp\/v2\/types\/product"}],"wp:featuredmedia":[{"embeddable":true,"href":"https:\/\/www.miomiorun.com\/de\/wp-json\/wp\/v2\/media\/65099"}],"wp:attachment":[{"href":"https:\/\/www.miomiorun.com\/de\/wp-json\/wp\/v2\/media?parent=77169"}],"wp:term":[{"taxonomy":"product_brand","embeddable":true,"href":"https:\/\/www.miomiorun.com\/de\/wp-json\/wp\/v2\/product_brand?post=77169"},{"taxonomy":"product_cat","embeddable":true,"href":"https:\/\/www.miomiorun.com\/de\/wp-json\/wp\/v2\/product_cat?post=77169"},{"taxonomy":"product_tag","embeddable":true,"href":"https:\/\/www.miomiorun.com\/de\/wp-json\/wp\/v2\/product_tag?post=77169"}],"curies":[{"name":"wp","href":"https:\/\/api.w.org\/{rel}","templated":true}]}}