{"id":74099,"date":"2020-06-08T16:32:04","date_gmt":"2020-06-08T14:32:04","guid":{"rendered":"https:\/\/miomiorun.com\/prodotto\/craft-motion-bra-donna\/"},"modified":"2022-10-14T11:14:06","modified_gmt":"2022-10-14T09:14:06","slug":"craft-motion-bra-damen","status":"publish","type":"product","link":"https:\/\/www.miomiorun.com\/de\/produkt\/craft-motion-bra-damen\/","title":{"rendered":"Motion Bra damen"},"content":{"rendered":"<p>Gepolsterter Sport-BH mit eng anliegender Passform f\u00fcr maximalen Komfort bei mittlerer und hoher Trainingsintensit\u00e4t.<\/p>\n<p>Der Motion Bra ist ein gepolsterter Sport-BH mit eng anliegender Passform, der f\u00fcr maximalen Komfort bei mittlerer und hoher Trainingsintensit\u00e4t sorgt. Der BH besteht aus funktionellem Gewebe, das f\u00fcr einen effizienten Feuchtigkeitstransport sorgt und Sie w\u00e4hrend des Trainings k\u00fchl h\u00e4lt. Verstellbare Schultergurte f\u00fcr eine optimale Passform.<\/p>\n<p>\u2022 Gepolsterter BH f\u00fcr mittlere und hohe Trainingsintensit\u00e4t<br \/>\n\u2022 Adh\u00e4rent<br \/>\n\u2022 Verstellbare Schultergurte<br \/>\n\u2022 Effizienter Feuchtigkeitstransport<\/p>\n<h3>Stoff<\/h3>\n<p>Vorderteil: 84% recyceltes Polyester 16% Elastan R\u00fcckenteil: 88% Polyester 12% Elastan Futter: 72% Polyamid 28% Elastan<\/p>\n","protected":false},"excerpt":{"rendered":"<p>Gepolsterter Sport-BH mit eng anliegender Passform f\u00fcr maximalen Komfort bei mittlerer und hoher Trainingsintensit\u00e4t. Der Motion Bra ist ein gepolsterter Sport-BH mit eng anliegender Passform, der f\u00fcr maximalen Komfort bei mittlerer und hoher Trainingsintensit\u00e4t sorgt. Der BH besteht aus funktionellem Gewebe, das f\u00fcr einen effizienten Feuchtigkeitstransport sorgt und Sie w\u00e4hrend des Trainings k\u00fchl h\u00e4lt. Verstellbare &hellip; <a href=\"https:\/\/www.miomiorun.com\/de\/produkt\/craft-motion-bra-damen\/\">Continued<\/a><\/p>\n","protected":false},"featured_media":52208,"template":"","meta":{"_acf_changed":false,"inline_featured_image":false},"product_brand":[],"product_cat":[6400,6401,6485],"product_tag":[6304,6232],"class_list":{"0":"post-74099","1":"product","2":"type-product","3":"status-publish","4":"has-post-thumbnail","6":"product_cat-damen","7":"product_cat-damenbekleidung","8":"product_cat-damenwaesche-de","9":"product_tag-craft-de","10":"product_tag-craft-damen-de","11":"pa_attivita-fitness-de","12":"pa_attivita-gehen","13":"pa_attivita-running-de","14":"pa_colore-motion-bra-fuchsia-mult-de","15":"pa_colore-motion-bra-1907182-999000-de","16":"pa_colore-motion-bra-1907182-999007-de","17":"pa_colore-motion-bra-burgundy-de","18":"pa_colore-motion-bra-w-shades-mul-de","19":"pa_marca-craft-de","20":"pa_sesso-damen","21":"pa_size-extra-small-de","22":"pa_size-small-de","23":"pa_size-medium-de","24":"pa_size-large-de","25":"pa_size-extra-large-de","27":"first","28":"instock","29":"sale","30":"taxable","31":"shipping-taxable","32":"purchasable","33":"product-type-variable","34":"wvs-archive-product-wrapper"},"acf":[],"yoast_head":"<!-- This site is optimized with the Yoast SEO plugin v26.8 - https:\/\/yoast.com\/product\/yoast-seo-wordpress\/ -->\n<title>Craft Motion Bra damen - Laufunterw\u00e4sche - MioMioRun.com<\/title>\n<meta name=\"description\" content=\"Der Motion Bra ist ein gepolsterter Sport-BH mit eng anliegender Passform, der f\u00fcr maximalen Komfort bei mittlerer und hoher Trainingsintensit\u00e4t sorgt.\" \/>\n<meta name=\"robots\" content=\"index, follow, max-snippet:-1, max-image-preview:large, max-video-preview:-1\" \/>\n<link rel=\"canonical\" href=\"https:\/\/www.miomiorun.com\/de\/produkt\/craft-motion-bra-damen\/\" \/>\n<meta property=\"og:locale\" content=\"de_DE\" \/>\n<meta property=\"og:type\" content=\"article\" \/>\n<meta property=\"og:title\" content=\"Craft Motion Bra damen - Laufunterw\u00e4sche - MioMioRun.com\" \/>\n<meta property=\"og:description\" content=\"Der Motion Bra ist ein gepolsterter Sport-BH mit eng anliegender Passform, der f\u00fcr maximalen Komfort bei mittlerer und hoher Trainingsintensit\u00e4t sorgt.\" \/>\n<meta property=\"og:url\" content=\"https:\/\/www.miomiorun.com\/de\/produkt\/craft-motion-bra-damen\/\" \/>\n<meta property=\"og:site_name\" content=\"MioMioRun\" \/>\n<meta property=\"article:publisher\" content=\"https:\/\/www.facebook.com\/miomiorun\/\" \/>\n<meta property=\"article:modified_time\" content=\"2022-10-14T09:14:06+00:00\" \/>\n<meta property=\"og:image\" content=\"https:\/\/www.miomiorun.com\/app\/uploads\/2020\/06\/Motion-Bra-1907182-999007.jpg\" \/>\n\t<meta property=\"og:image:width\" content=\"600\" \/>\n\t<meta property=\"og:image:height\" content=\"600\" \/>\n\t<meta property=\"og:image:type\" content=\"image\/jpeg\" \/>\n<meta name=\"twitter:card\" content=\"summary_large_image\" \/>\n<meta name=\"twitter:label1\" content=\"Est. reading time\" \/>\n\t<meta name=\"twitter:data1\" content=\"1 minute\" \/>\n<script type=\"application\/ld+json\" class=\"yoast-schema-graph\">{\"@context\":\"https:\/\/schema.org\",\"@graph\":[{\"@type\":\"WebPage\",\"@id\":\"https:\/\/www.miomiorun.com\/de\/produkt\/craft-motion-bra-damen\/\",\"url\":\"https:\/\/www.miomiorun.com\/de\/produkt\/craft-motion-bra-damen\/\",\"name\":\"Craft Motion Bra damen - Laufunterw\u00e4sche - MioMioRun.com\",\"isPartOf\":{\"@id\":\"https:\/\/www.miomiorun.com\/de\/#website\"},\"primaryImageOfPage\":{\"@id\":\"https:\/\/www.miomiorun.com\/de\/produkt\/craft-motion-bra-damen\/#primaryimage\"},\"image\":{\"@id\":\"https:\/\/www.miomiorun.com\/de\/produkt\/craft-motion-bra-damen\/#primaryimage\"},\"thumbnailUrl\":\"https:\/\/www.miomiorun.com\/app\/uploads\/2020\/06\/Motion-Bra-1907182-999007.jpg\",\"datePublished\":\"2020-06-08T14:32:04+00:00\",\"dateModified\":\"2022-10-14T09:14:06+00:00\",\"description\":\"Der Motion Bra ist ein gepolsterter Sport-BH mit eng anliegender Passform, der f\u00fcr maximalen Komfort bei mittlerer und hoher Trainingsintensit\u00e4t sorgt.\",\"breadcrumb\":{\"@id\":\"https:\/\/www.miomiorun.com\/de\/produkt\/craft-motion-bra-damen\/#breadcrumb\"},\"inLanguage\":\"de-DE\",\"potentialAction\":[{\"@type\":\"ReadAction\",\"target\":[\"https:\/\/www.miomiorun.com\/de\/produkt\/craft-motion-bra-damen\/\"]}]},{\"@type\":\"ImageObject\",\"inLanguage\":\"de-DE\",\"@id\":\"https:\/\/www.miomiorun.com\/de\/produkt\/craft-motion-bra-damen\/#primaryimage\",\"url\":\"https:\/\/www.miomiorun.com\/app\/uploads\/2020\/06\/Motion-Bra-1907182-999007.jpg\",\"contentUrl\":\"https:\/\/www.miomiorun.com\/app\/uploads\/2020\/06\/Motion-Bra-1907182-999007.jpg\",\"width\":600,\"height\":600,\"caption\":\"Motion-Bra-1907182-999007\"},{\"@type\":\"BreadcrumbList\",\"@id\":\"https:\/\/www.miomiorun.com\/de\/produkt\/craft-motion-bra-damen\/#breadcrumb\",\"itemListElement\":[{\"@type\":\"ListItem\",\"position\":1,\"name\":\"Home\",\"item\":\"https:\/\/www.miomiorun.com\/de\/\"},{\"@type\":\"ListItem\",\"position\":2,\"name\":\"Shop\",\"item\":\"https:\/\/www.miomiorun.com\/shop\/\"},{\"@type\":\"ListItem\",\"position\":3,\"name\":\"Motion Bra damen\"}]},{\"@type\":\"WebSite\",\"@id\":\"https:\/\/www.miomiorun.com\/de\/#website\",\"url\":\"https:\/\/www.miomiorun.com\/de\/\",\"name\":\"MioMioRun\",\"description\":\"100% Lauf- und Trailshop\",\"publisher\":{\"@id\":\"https:\/\/www.miomiorun.com\/de\/#organization\"},\"potentialAction\":[{\"@type\":\"SearchAction\",\"target\":{\"@type\":\"EntryPoint\",\"urlTemplate\":\"https:\/\/www.miomiorun.com\/de\/?s={search_term_string}\"},\"query-input\":{\"@type\":\"PropertyValueSpecification\",\"valueRequired\":true,\"valueName\":\"search_term_string\"}}],\"inLanguage\":\"de-DE\"},{\"@type\":\"Organization\",\"@id\":\"https:\/\/www.miomiorun.com\/de\/#organization\",\"name\":\"MioMio Run\",\"url\":\"https:\/\/www.miomiorun.com\/de\/\",\"logo\":{\"@type\":\"ImageObject\",\"inLanguage\":\"de-DE\",\"@id\":\"https:\/\/www.miomiorun.com\/de\/#\/schema\/logo\/image\/\",\"url\":\"https:\/\/www.miomiorun.com\/app\/uploads\/2019\/12\/logomio.png\",\"contentUrl\":\"https:\/\/www.miomiorun.com\/app\/uploads\/2019\/12\/logomio.png\",\"width\":115,\"height\":82,\"caption\":\"MioMio Run\"},\"image\":{\"@id\":\"https:\/\/www.miomiorun.com\/de\/#\/schema\/logo\/image\/\"},\"sameAs\":[\"https:\/\/www.facebook.com\/miomiorun\/\",\"https:\/\/www.instagram.com\/miomiorun\/\"]}]}<\/script>\n<!-- \/ Yoast SEO plugin. -->","yoast_head_json":{"title":"Craft Motion Bra damen - Laufunterw\u00e4sche - MioMioRun.com","description":"Der Motion Bra ist ein gepolsterter Sport-BH mit eng anliegender Passform, der f\u00fcr maximalen Komfort bei mittlerer und hoher Trainingsintensit\u00e4t sorgt.","robots":{"index":"index","follow":"follow","max-snippet":"max-snippet:-1","max-image-preview":"max-image-preview:large","max-video-preview":"max-video-preview:-1"},"canonical":"https:\/\/www.miomiorun.com\/de\/produkt\/craft-motion-bra-damen\/","og_locale":"de_DE","og_type":"article","og_title":"Craft Motion Bra damen - Laufunterw\u00e4sche - MioMioRun.com","og_description":"Der Motion Bra ist ein gepolsterter Sport-BH mit eng anliegender Passform, der f\u00fcr maximalen Komfort bei mittlerer und hoher Trainingsintensit\u00e4t sorgt.","og_url":"https:\/\/www.miomiorun.com\/de\/produkt\/craft-motion-bra-damen\/","og_site_name":"MioMioRun","article_publisher":"https:\/\/www.facebook.com\/miomiorun\/","article_modified_time":"2022-10-14T09:14:06+00:00","og_image":[{"width":600,"height":600,"url":"https:\/\/www.miomiorun.com\/app\/uploads\/2020\/06\/Motion-Bra-1907182-999007.jpg","type":"image\/jpeg"}],"twitter_card":"summary_large_image","twitter_misc":{"Est. reading time":"1 minute"},"schema":{"@context":"https:\/\/schema.org","@graph":[{"@type":"WebPage","@id":"https:\/\/www.miomiorun.com\/de\/produkt\/craft-motion-bra-damen\/","url":"https:\/\/www.miomiorun.com\/de\/produkt\/craft-motion-bra-damen\/","name":"Craft Motion Bra damen - Laufunterw\u00e4sche - MioMioRun.com","isPartOf":{"@id":"https:\/\/www.miomiorun.com\/de\/#website"},"primaryImageOfPage":{"@id":"https:\/\/www.miomiorun.com\/de\/produkt\/craft-motion-bra-damen\/#primaryimage"},"image":{"@id":"https:\/\/www.miomiorun.com\/de\/produkt\/craft-motion-bra-damen\/#primaryimage"},"thumbnailUrl":"https:\/\/www.miomiorun.com\/app\/uploads\/2020\/06\/Motion-Bra-1907182-999007.jpg","datePublished":"2020-06-08T14:32:04+00:00","dateModified":"2022-10-14T09:14:06+00:00","description":"Der Motion Bra ist ein gepolsterter Sport-BH mit eng anliegender Passform, der f\u00fcr maximalen Komfort bei mittlerer und hoher Trainingsintensit\u00e4t sorgt.","breadcrumb":{"@id":"https:\/\/www.miomiorun.com\/de\/produkt\/craft-motion-bra-damen\/#breadcrumb"},"inLanguage":"de-DE","potentialAction":[{"@type":"ReadAction","target":["https:\/\/www.miomiorun.com\/de\/produkt\/craft-motion-bra-damen\/"]}]},{"@type":"ImageObject","inLanguage":"de-DE","@id":"https:\/\/www.miomiorun.com\/de\/produkt\/craft-motion-bra-damen\/#primaryimage","url":"https:\/\/www.miomiorun.com\/app\/uploads\/2020\/06\/Motion-Bra-1907182-999007.jpg","contentUrl":"https:\/\/www.miomiorun.com\/app\/uploads\/2020\/06\/Motion-Bra-1907182-999007.jpg","width":600,"height":600,"caption":"Motion-Bra-1907182-999007"},{"@type":"BreadcrumbList","@id":"https:\/\/www.miomiorun.com\/de\/produkt\/craft-motion-bra-damen\/#breadcrumb","itemListElement":[{"@type":"ListItem","position":1,"name":"Home","item":"https:\/\/www.miomiorun.com\/de\/"},{"@type":"ListItem","position":2,"name":"Shop","item":"https:\/\/www.miomiorun.com\/shop\/"},{"@type":"ListItem","position":3,"name":"Motion Bra damen"}]},{"@type":"WebSite","@id":"https:\/\/www.miomiorun.com\/de\/#website","url":"https:\/\/www.miomiorun.com\/de\/","name":"MioMioRun","description":"100% Lauf- und Trailshop","publisher":{"@id":"https:\/\/www.miomiorun.com\/de\/#organization"},"potentialAction":[{"@type":"SearchAction","target":{"@type":"EntryPoint","urlTemplate":"https:\/\/www.miomiorun.com\/de\/?s={search_term_string}"},"query-input":{"@type":"PropertyValueSpecification","valueRequired":true,"valueName":"search_term_string"}}],"inLanguage":"de-DE"},{"@type":"Organization","@id":"https:\/\/www.miomiorun.com\/de\/#organization","name":"MioMio Run","url":"https:\/\/www.miomiorun.com\/de\/","logo":{"@type":"ImageObject","inLanguage":"de-DE","@id":"https:\/\/www.miomiorun.com\/de\/#\/schema\/logo\/image\/","url":"https:\/\/www.miomiorun.com\/app\/uploads\/2019\/12\/logomio.png","contentUrl":"https:\/\/www.miomiorun.com\/app\/uploads\/2019\/12\/logomio.png","width":115,"height":82,"caption":"MioMio Run"},"image":{"@id":"https:\/\/www.miomiorun.com\/de\/#\/schema\/logo\/image\/"},"sameAs":["https:\/\/www.facebook.com\/miomiorun\/","https:\/\/www.instagram.com\/miomiorun\/"]}]}},"_links":{"self":[{"href":"https:\/\/www.miomiorun.com\/de\/wp-json\/wp\/v2\/product\/74099","targetHints":{"allow":["GET"]}}],"collection":[{"href":"https:\/\/www.miomiorun.com\/de\/wp-json\/wp\/v2\/product"}],"about":[{"href":"https:\/\/www.miomiorun.com\/de\/wp-json\/wp\/v2\/types\/product"}],"wp:featuredmedia":[{"embeddable":true,"href":"https:\/\/www.miomiorun.com\/de\/wp-json\/wp\/v2\/media\/52208"}],"wp:attachment":[{"href":"https:\/\/www.miomiorun.com\/de\/wp-json\/wp\/v2\/media?parent=74099"}],"wp:term":[{"taxonomy":"product_brand","embeddable":true,"href":"https:\/\/www.miomiorun.com\/de\/wp-json\/wp\/v2\/product_brand?post=74099"},{"taxonomy":"product_cat","embeddable":true,"href":"https:\/\/www.miomiorun.com\/de\/wp-json\/wp\/v2\/product_cat?post=74099"},{"taxonomy":"product_tag","embeddable":true,"href":"https:\/\/www.miomiorun.com\/de\/wp-json\/wp\/v2\/product_tag?post=74099"}],"curies":[{"name":"wp","href":"https:\/\/api.w.org\/{rel}","templated":true}]}}