{"id":73330,"date":"2022-06-07T10:37:55","date_gmt":"2022-06-07T08:37:55","guid":{"rendered":"https:\/\/miomiorun.com\/?post_type=product&#038;p=73330"},"modified":"2025-03-06T17:42:47","modified_gmt":"2025-03-06T16:42:47","slug":"draft-xc","status":"publish","type":"product","link":"https:\/\/www.miomiorun.com\/de\/produkt\/draft-xc\/","title":{"rendered":"Draft XC"},"content":{"rendered":"<div class=\"vc-row container\"><div class=\"vc-column\"><div class=\"vc-column-text\"><br \/>\n<strong>Technische Daten<\/strong><\/p>\n<p>Kategorie: Gleis<\/p>\n<p>Gewicht: 184,3 g<br \/>\nIdeal f\u00fcr: Athleten, die Stollenschuhe f\u00fcr Training und Bahnrennen \u00fcber Distanzen von bis zu 5000 Metern, aber auch f\u00fcr den Crosslauf suchen.<br \/>\nGewicht des Athleten: 60-75 kg<br \/>\nLauftempo : schnell &lt; 3.30 min\/km<br \/>\n<a href=\"https:\/\/miomiorun.com\/de\/leitfaden-fuer-technische-spezifikationen\/\">Leitfaden f\u00fcr technische Spezifikationen<\/a><\/p>\n<p><\/div><\/div><div class=\"vc-column\"><div class=\"vc-column-text\">Zielen Sie auf die Ziellinie und nehmen Sie es mit der Konkurrenz auf. Der Unisex-Laufschuh <strong>Draft XC<\/strong> bietet ultraleichten Komfort f\u00fcr Cross-Country-Rennen und ein individuell anpassbares Obermaterial, das sich sehen lassen kann.<\/p>\n<p>Das Stollenprofil verbessert die Traktion auf allen Oberfl\u00e4chen. Das hybride Stollensystem eignet sich hervorragend f\u00fcr Trails und Langlaufloipen.<\/p>\n<h3>Funktionen<\/h3>\n<ol>\n<li>Individuell anpassbares Oberteil.<\/li>\n<li>Spikes f\u00fcr Traktion.<\/li>\n<li>Weiche Polsterung.<\/li>\n<li>Ideal f\u00fcr Distanzen bis zu 5000 m und f\u00fcr Langlauf.<\/li>\n<\/ol>\n<p><strong>IDEAL F\u00dcR :<\/strong><\/p>\n<p><img loading=\"lazy\" decoding=\"async\" class=\"a-responsive-image__img\" src=\"https:\/\/www.brooksrunning.com\/on\/demandware.static\/-\/Sites-brooks-master-catalog\/default\/dwd2111c8d\/specs\/PDP-BestFor-FTW-Race.svg\" alt=\"\" width=\"80\" height=\"80\" \/><strong>Langlaufrennen<\/strong><\/p>\n<p><img loading=\"lazy\" decoding=\"async\" class=\"a-responsive-image__img\" src=\"https:\/\/www.brooksrunning.com\/on\/demandware.static\/-\/Sites-brooks-master-catalog\/default\/dw5c174909\/specs\/PDP-BestFor-FTW-Max-Efficiency.svg\" alt=\"\" width=\"80\" height=\"80\" \/><strong>Schnelles Rennen<\/strong><\/p>\n<p>&nbsp;<\/p>\n<h3>Neue Noppenplatte: haltbarer<\/h3>\n<p>Die aktualisierte Spike-Platte erh\u00f6ht die Haltbarkeit und bietet die n\u00f6tige Steifigkeit f\u00fcr aggressive Rennen und weiche B\u00f6den.<\/p>\n<p>&nbsp;<\/p>\n<h3>Optimale Traktion<\/h3>\n<p><img loading=\"lazy\" decoding=\"async\" class=\"a-responsive-image__img\" src=\"https:\/\/www.brooksrunning.com\/on\/demandware.static\/-\/Sites-brooks-master-catalog\/default\/dw4d3aecbb\/specs\/PDP-BestFor-FTW-Traction.svg\" alt=\"\" width=\"79\" height=\"79\" \/>\u00a0 <strong>Traktion<\/strong><\/p>\n<p>Optimale TraktionDie aggressive Stollenkonfiguration optimiert die Traktion auf allen Oberfl\u00e4chen. Das Hybrid-Spike-Design eignet sich gut f\u00fcr Cross-Country-Trails.<\/p>\n<h3>Neues Oberteil<\/h3>\n<p>Die F\u00fc\u00dfe auf der Startlinie und das Rennen beginnt. Der <strong>Draft XC<\/strong> Race-Schuh bietet ultraleichten Komfort f\u00fcr Cross-Country-Rennen, w\u00e4hrend das Obermaterial individuell angepasst werden kann, um Ihrem Stil Ausdruck zu verleihen.<\/div><\/div><\/div>\n","protected":false},"excerpt":{"rendered":"<ol class=\"m-unordered__list\">\n<li tabindex=\"0\">Spikes f\u00fcr Traktion.<\/li>\n<li tabindex=\"0\">Weiche Polsterung.<\/li>\n<li tabindex=\"0\">Ideal f\u00fcr Distanzen bis zu 5000 m und f\u00fcr Langlauf.<\/li>\n<\/ol>\n","protected":false},"featured_media":73474,"template":"","meta":{"_acf_changed":false,"inline_featured_image":false},"product_brand":[],"product_cat":[6507,6506,6474,6475],"product_tag":[3362,6205,6207],"class_list":{"0":"post-73330","1":"product","2":"type-product","3":"status-publish","4":"has-post-thumbnail","6":"product_cat-herren-schuhe-de","7":"product_cat-neutrale-herren-schuhe-de","8":"product_cat-damenschuhe","9":"product_cat-neutral","10":"product_tag-brooks-de","11":"product_tag-brooks-damen-de","12":"product_tag-brooks-herren-de","13":"pa_attivita-running-de","14":"pa_colore-draft-xc-green-gecko-red-orange-white","15":"pa_colore-draft-xc-pink-glo-green-black-de","16":"pa_colore-draft-xc-white-black-nightlife-de","17":"pa_marca-brooks-de","18":"pa_sesso-damen","19":"pa_sesso-herren","20":"pa_size-36-de","21":"pa_size-36-5-de","22":"pa_size-37-5-de","23":"pa_size-38-de","24":"pa_size-38-5-de","25":"pa_size-39-de","26":"pa_size-40-de","27":"pa_size-40-5-de","28":"pa_size-41-de","29":"pa_size-42-de","30":"pa_size-42-5-de","31":"pa_size-43-de","32":"pa_size-44-de","33":"pa_size-44-5-de","34":"pa_size-45-de","36":"first","37":"instock","38":"sale","39":"taxable","40":"shipping-taxable","41":"purchasable","42":"product-type-variable","43":"wvs-archive-product-wrapper"},"acf":[],"yoast_head":"<!-- This site is optimized with the Yoast SEO plugin v26.8 - https:\/\/yoast.com\/product\/yoast-seo-wordpress\/ -->\n<title>BrooksDraft XC -Laufschuhe f\u00fcr M\u00e4nner zu verkaufen - MioMioRun.com<\/title>\n<meta name=\"description\" content=\"Der Unisex-Laufschuh Draft XC bietet ultraleichten Komfort f\u00fcr Cross-Country-Rennen und ein individuell anpassbares Obermaterial\" \/>\n<meta name=\"robots\" content=\"index, follow, max-snippet:-1, max-image-preview:large, max-video-preview:-1\" \/>\n<link rel=\"canonical\" href=\"https:\/\/www.miomiorun.com\/de\/produkt\/draft-xc\/\" \/>\n<meta property=\"og:locale\" content=\"de_DE\" \/>\n<meta property=\"og:type\" content=\"article\" \/>\n<meta property=\"og:title\" content=\"BrooksDraft XC -Laufschuhe f\u00fcr M\u00e4nner zu verkaufen - MioMioRun.com\" \/>\n<meta property=\"og:description\" content=\"Der Unisex-Laufschuh Draft XC bietet ultraleichten Komfort f\u00fcr Cross-Country-Rennen und ein individuell anpassbares Obermaterial\" \/>\n<meta property=\"og:url\" content=\"https:\/\/www.miomiorun.com\/de\/produkt\/draft-xc\/\" \/>\n<meta property=\"og:site_name\" content=\"MioMioRun\" \/>\n<meta property=\"article:publisher\" content=\"https:\/\/www.facebook.com\/miomiorun\/\" \/>\n<meta property=\"article:modified_time\" content=\"2025-03-06T16:42:47+00:00\" \/>\n<meta property=\"og:image\" content=\"https:\/\/www.miomiorun.com\/app\/uploads\/2022\/06\/brooks-draft-XC-white-black-nightlife-1000391D129.jpg\" \/>\n\t<meta property=\"og:image:width\" content=\"600\" \/>\n\t<meta property=\"og:image:height\" content=\"600\" \/>\n\t<meta property=\"og:image:type\" content=\"image\/jpeg\" \/>\n<meta name=\"twitter:card\" content=\"summary_large_image\" \/>\n<meta name=\"twitter:label1\" content=\"Est. reading time\" \/>\n\t<meta name=\"twitter:data1\" content=\"2 minutes\" \/>\n<script type=\"application\/ld+json\" class=\"yoast-schema-graph\">{\"@context\":\"https:\/\/schema.org\",\"@graph\":[{\"@type\":\"WebPage\",\"@id\":\"https:\/\/www.miomiorun.com\/de\/produkt\/draft-xc\/\",\"url\":\"https:\/\/www.miomiorun.com\/de\/produkt\/draft-xc\/\",\"name\":\"BrooksDraft XC -Laufschuhe f\u00fcr M\u00e4nner zu verkaufen - MioMioRun.com\",\"isPartOf\":{\"@id\":\"https:\/\/www.miomiorun.com\/de\/#website\"},\"primaryImageOfPage\":{\"@id\":\"https:\/\/www.miomiorun.com\/de\/produkt\/draft-xc\/#primaryimage\"},\"image\":{\"@id\":\"https:\/\/www.miomiorun.com\/de\/produkt\/draft-xc\/#primaryimage\"},\"thumbnailUrl\":\"https:\/\/www.miomiorun.com\/app\/uploads\/2022\/06\/brooks-draft-XC-white-black-nightlife-1000391D129.jpg\",\"datePublished\":\"2022-06-07T08:37:55+00:00\",\"dateModified\":\"2025-03-06T16:42:47+00:00\",\"description\":\"Der Unisex-Laufschuh Draft XC bietet ultraleichten Komfort f\u00fcr Cross-Country-Rennen und ein individuell anpassbares Obermaterial\",\"breadcrumb\":{\"@id\":\"https:\/\/www.miomiorun.com\/de\/produkt\/draft-xc\/#breadcrumb\"},\"inLanguage\":\"de-DE\",\"potentialAction\":[{\"@type\":\"ReadAction\",\"target\":[\"https:\/\/www.miomiorun.com\/de\/produkt\/draft-xc\/\"]}]},{\"@type\":\"ImageObject\",\"inLanguage\":\"de-DE\",\"@id\":\"https:\/\/www.miomiorun.com\/de\/produkt\/draft-xc\/#primaryimage\",\"url\":\"https:\/\/www.miomiorun.com\/app\/uploads\/2022\/06\/brooks-draft-XC-white-black-nightlife-1000391D129.jpg\",\"contentUrl\":\"https:\/\/www.miomiorun.com\/app\/uploads\/2022\/06\/brooks-draft-XC-white-black-nightlife-1000391D129.jpg\",\"width\":600,\"height\":600,\"caption\":\"brooks-draft-XC-white-black-nightlife-1000391D129\"},{\"@type\":\"BreadcrumbList\",\"@id\":\"https:\/\/www.miomiorun.com\/de\/produkt\/draft-xc\/#breadcrumb\",\"itemListElement\":[{\"@type\":\"ListItem\",\"position\":1,\"name\":\"Home\",\"item\":\"https:\/\/www.miomiorun.com\/de\/\"},{\"@type\":\"ListItem\",\"position\":2,\"name\":\"Shop\",\"item\":\"https:\/\/www.miomiorun.com\/shop\/\"},{\"@type\":\"ListItem\",\"position\":3,\"name\":\"Draft XC\"}]},{\"@type\":\"WebSite\",\"@id\":\"https:\/\/www.miomiorun.com\/de\/#website\",\"url\":\"https:\/\/www.miomiorun.com\/de\/\",\"name\":\"MioMioRun\",\"description\":\"100% Lauf- und Trailshop\",\"publisher\":{\"@id\":\"https:\/\/www.miomiorun.com\/de\/#organization\"},\"potentialAction\":[{\"@type\":\"SearchAction\",\"target\":{\"@type\":\"EntryPoint\",\"urlTemplate\":\"https:\/\/www.miomiorun.com\/de\/?s={search_term_string}\"},\"query-input\":{\"@type\":\"PropertyValueSpecification\",\"valueRequired\":true,\"valueName\":\"search_term_string\"}}],\"inLanguage\":\"de-DE\"},{\"@type\":\"Organization\",\"@id\":\"https:\/\/www.miomiorun.com\/de\/#organization\",\"name\":\"MioMio Run\",\"url\":\"https:\/\/www.miomiorun.com\/de\/\",\"logo\":{\"@type\":\"ImageObject\",\"inLanguage\":\"de-DE\",\"@id\":\"https:\/\/www.miomiorun.com\/de\/#\/schema\/logo\/image\/\",\"url\":\"https:\/\/www.miomiorun.com\/app\/uploads\/2019\/12\/logomio.png\",\"contentUrl\":\"https:\/\/www.miomiorun.com\/app\/uploads\/2019\/12\/logomio.png\",\"width\":115,\"height\":82,\"caption\":\"MioMio Run\"},\"image\":{\"@id\":\"https:\/\/www.miomiorun.com\/de\/#\/schema\/logo\/image\/\"},\"sameAs\":[\"https:\/\/www.facebook.com\/miomiorun\/\",\"https:\/\/www.instagram.com\/miomiorun\/\"]}]}<\/script>\n<!-- \/ Yoast SEO plugin. -->","yoast_head_json":{"title":"BrooksDraft XC -Laufschuhe f\u00fcr M\u00e4nner zu verkaufen - MioMioRun.com","description":"Der Unisex-Laufschuh Draft XC bietet ultraleichten Komfort f\u00fcr Cross-Country-Rennen und ein individuell anpassbares Obermaterial","robots":{"index":"index","follow":"follow","max-snippet":"max-snippet:-1","max-image-preview":"max-image-preview:large","max-video-preview":"max-video-preview:-1"},"canonical":"https:\/\/www.miomiorun.com\/de\/produkt\/draft-xc\/","og_locale":"de_DE","og_type":"article","og_title":"BrooksDraft XC -Laufschuhe f\u00fcr M\u00e4nner zu verkaufen - MioMioRun.com","og_description":"Der Unisex-Laufschuh Draft XC bietet ultraleichten Komfort f\u00fcr Cross-Country-Rennen und ein individuell anpassbares Obermaterial","og_url":"https:\/\/www.miomiorun.com\/de\/produkt\/draft-xc\/","og_site_name":"MioMioRun","article_publisher":"https:\/\/www.facebook.com\/miomiorun\/","article_modified_time":"2025-03-06T16:42:47+00:00","og_image":[{"width":600,"height":600,"url":"https:\/\/www.miomiorun.com\/app\/uploads\/2022\/06\/brooks-draft-XC-white-black-nightlife-1000391D129.jpg","type":"image\/jpeg"}],"twitter_card":"summary_large_image","twitter_misc":{"Est. reading time":"2 minutes"},"schema":{"@context":"https:\/\/schema.org","@graph":[{"@type":"WebPage","@id":"https:\/\/www.miomiorun.com\/de\/produkt\/draft-xc\/","url":"https:\/\/www.miomiorun.com\/de\/produkt\/draft-xc\/","name":"BrooksDraft XC -Laufschuhe f\u00fcr M\u00e4nner zu verkaufen - MioMioRun.com","isPartOf":{"@id":"https:\/\/www.miomiorun.com\/de\/#website"},"primaryImageOfPage":{"@id":"https:\/\/www.miomiorun.com\/de\/produkt\/draft-xc\/#primaryimage"},"image":{"@id":"https:\/\/www.miomiorun.com\/de\/produkt\/draft-xc\/#primaryimage"},"thumbnailUrl":"https:\/\/www.miomiorun.com\/app\/uploads\/2022\/06\/brooks-draft-XC-white-black-nightlife-1000391D129.jpg","datePublished":"2022-06-07T08:37:55+00:00","dateModified":"2025-03-06T16:42:47+00:00","description":"Der Unisex-Laufschuh Draft XC bietet ultraleichten Komfort f\u00fcr Cross-Country-Rennen und ein individuell anpassbares Obermaterial","breadcrumb":{"@id":"https:\/\/www.miomiorun.com\/de\/produkt\/draft-xc\/#breadcrumb"},"inLanguage":"de-DE","potentialAction":[{"@type":"ReadAction","target":["https:\/\/www.miomiorun.com\/de\/produkt\/draft-xc\/"]}]},{"@type":"ImageObject","inLanguage":"de-DE","@id":"https:\/\/www.miomiorun.com\/de\/produkt\/draft-xc\/#primaryimage","url":"https:\/\/www.miomiorun.com\/app\/uploads\/2022\/06\/brooks-draft-XC-white-black-nightlife-1000391D129.jpg","contentUrl":"https:\/\/www.miomiorun.com\/app\/uploads\/2022\/06\/brooks-draft-XC-white-black-nightlife-1000391D129.jpg","width":600,"height":600,"caption":"brooks-draft-XC-white-black-nightlife-1000391D129"},{"@type":"BreadcrumbList","@id":"https:\/\/www.miomiorun.com\/de\/produkt\/draft-xc\/#breadcrumb","itemListElement":[{"@type":"ListItem","position":1,"name":"Home","item":"https:\/\/www.miomiorun.com\/de\/"},{"@type":"ListItem","position":2,"name":"Shop","item":"https:\/\/www.miomiorun.com\/shop\/"},{"@type":"ListItem","position":3,"name":"Draft XC"}]},{"@type":"WebSite","@id":"https:\/\/www.miomiorun.com\/de\/#website","url":"https:\/\/www.miomiorun.com\/de\/","name":"MioMioRun","description":"100% Lauf- und Trailshop","publisher":{"@id":"https:\/\/www.miomiorun.com\/de\/#organization"},"potentialAction":[{"@type":"SearchAction","target":{"@type":"EntryPoint","urlTemplate":"https:\/\/www.miomiorun.com\/de\/?s={search_term_string}"},"query-input":{"@type":"PropertyValueSpecification","valueRequired":true,"valueName":"search_term_string"}}],"inLanguage":"de-DE"},{"@type":"Organization","@id":"https:\/\/www.miomiorun.com\/de\/#organization","name":"MioMio Run","url":"https:\/\/www.miomiorun.com\/de\/","logo":{"@type":"ImageObject","inLanguage":"de-DE","@id":"https:\/\/www.miomiorun.com\/de\/#\/schema\/logo\/image\/","url":"https:\/\/www.miomiorun.com\/app\/uploads\/2019\/12\/logomio.png","contentUrl":"https:\/\/www.miomiorun.com\/app\/uploads\/2019\/12\/logomio.png","width":115,"height":82,"caption":"MioMio Run"},"image":{"@id":"https:\/\/www.miomiorun.com\/de\/#\/schema\/logo\/image\/"},"sameAs":["https:\/\/www.facebook.com\/miomiorun\/","https:\/\/www.instagram.com\/miomiorun\/"]}]}},"_links":{"self":[{"href":"https:\/\/www.miomiorun.com\/de\/wp-json\/wp\/v2\/product\/73330","targetHints":{"allow":["GET"]}}],"collection":[{"href":"https:\/\/www.miomiorun.com\/de\/wp-json\/wp\/v2\/product"}],"about":[{"href":"https:\/\/www.miomiorun.com\/de\/wp-json\/wp\/v2\/types\/product"}],"wp:featuredmedia":[{"embeddable":true,"href":"https:\/\/www.miomiorun.com\/de\/wp-json\/wp\/v2\/media\/73474"}],"wp:attachment":[{"href":"https:\/\/www.miomiorun.com\/de\/wp-json\/wp\/v2\/media?parent=73330"}],"wp:term":[{"taxonomy":"product_brand","embeddable":true,"href":"https:\/\/www.miomiorun.com\/de\/wp-json\/wp\/v2\/product_brand?post=73330"},{"taxonomy":"product_cat","embeddable":true,"href":"https:\/\/www.miomiorun.com\/de\/wp-json\/wp\/v2\/product_cat?post=73330"},{"taxonomy":"product_tag","embeddable":true,"href":"https:\/\/www.miomiorun.com\/de\/wp-json\/wp\/v2\/product_tag?post=73330"}],"curies":[{"name":"wp","href":"https:\/\/api.w.org\/{rel}","templated":true}]}}