{"id":72606,"date":"2021-04-22T11:38:37","date_gmt":"2021-04-22T09:38:37","guid":{"rendered":"https:\/\/miomiorun.com\/prodotto\/garmin-venu-2\/"},"modified":"2026-05-08T20:52:26","modified_gmt":"2026-05-08T18:52:26","slug":"garmin-venu-2","status":"publish","type":"product","link":"https:\/\/www.miomiorun.com\/de\/produkt\/garmin-venu-2\/","title":{"rendered":"Venu 2"},"content":{"rendered":"<p><div class=\"vc-row container\"><div class=\"vc-column\"><div class=\"vc-column-text\"><\/p>\n<h2>K\u00d6RPER UND GEIST VERBUNDEN MIT GARMIN<\/h2>\n<p>Wer einen gesunden Lebensstil f\u00fchrt, lebt besser. Diese GPS-Smartwatch bietet fortschrittliche Gesundheits- und Fitness\u00fcberwachungsfunktionen, die Ihnen helfen, die Funktionsweise Ihres K\u00f6rpers besser zu verstehen.<\/div><div style=\"height:32px\" class=\"vc-empty-space\"><\/div><\/div><\/div><div class=\"vc-row container\"><div class=\"vc-column\"><div class=\"vc-column-text\"><\/p>\n<div class=\"app__feature__card\" data-translate=\"\">\n<p><img decoding=\"async\" class=\"app__feature__card__image\" src=\"https:\/\/static.garmincdn.com\/gdc\/Product_Pages\/ICONS\/Health_Monitoring.svg\" alt=\"\" \/><\/p>\n<p>Informieren Sie sich \u00fcber alle Gesundheitsstatistiken und erfahren Sie mehr dar\u00fcber, was mit Ihrem K\u00f6rper geschieht.<\/p>\n<\/div>\n<p><\/div><\/div><div class=\"vc-column\"><div class=\"vc-column-text\"><\/p>\n<div class=\"app__feature__card\" data-translate=\"\">\n<p><img decoding=\"async\" class=\"app__feature__card__image\" src=\"https:\/\/static.garmincdn.com\/gdc\/Product_Pages\/ICONS\/Preloaded_Sports_Apps.svg\" alt=\"\" \/><\/p>\n<p>Entdecken Sie mit mehr als 25 vorinstallierten Sport-Apps neue M\u00f6glichkeiten f\u00fcr Ihr Training.<\/p>\n<\/div>\n<p><\/div><\/div><div class=\"vc-column\"><div class=\"vc-column-text\"><\/p>\n<div class=\"app__feature__card\" data-translate=\"\">\n<p><img decoding=\"async\" class=\"app__feature__card__image\" src=\"https:\/\/static.garmincdn.com\/gdc\/Product_Pages\/ICONS\/Animated_Workouts.svg\" alt=\"\" \/><\/p>\n<p class=\"app__feature__card__title light left\" data-test=\"gc__heading\">Sie brauchen Nachhilfe? Folgen Sie dem animierten Coaching direkt auf Ihrem Handgelenk.<\/p>\n<\/div>\n<p><\/div><\/div><div class=\"vc-column\"><div class=\"vc-column-text\"><\/p>\n<div class=\"app__feature__card\" data-translate=\"\">\n<p><img decoding=\"async\" class=\"app__feature__card__image\" src=\"https:\/\/static.garmincdn.com\/gdc\/Product_Pages\/ICONS\/Music.svg\" alt=\"\" \/><\/p>\n<p class=\"app__feature__card__description\">Speichern Sie die Musik auf der Uhr, damit Sie Ihr Smartphone nicht mitnehmen m\u00fcssen.<\/p>\n<\/div>\n<p><\/div><\/div><div class=\"vc-column\"><div class=\"vc-column-text\"><\/p>\n<div class=\"app__feature__card\" data-translate=\"\">\n<p><img decoding=\"async\" class=\"app__feature__card__image\" src=\"https:\/\/static.garmincdn.com\/gdc\/Product_Pages\/ICONS\/Touchscreen.svg\" alt=\"\" \/><\/p>\n<p class=\"app__feature__card__description\">Bezahlen Sie nicht mit Ihrem Smartphone oder Ihrer Brieftasche an der Kasse. Einfach und sicher.<\/p>\n<\/div>\n<p><\/div><\/div><div class=\"vc-column\"><div class=\"vc-column-text\"><\/p>\n<div class=\"app__feature__card\" data-translate=\"\">\n<p><img decoding=\"async\" class=\"app__feature__card__image\" src=\"https:\/\/static.garmincdn.com\/gdc\/Product_Pages\/ICONS\/Battery_Life.svg\" alt=\"\" \/><\/p>\n<p>Helles AMOLED-Display und eine Akkulaufzeit von bis zu 10 Tagen.<\/p>\n<\/div>\n<p><\/div><\/div><\/div><div class=\"vc-row container\"><div class=\"vc-column\"><div style=\"height:32px\" class=\"vc-empty-space\"><\/div><\/div><\/div><div class=\"vc-row container\"><div class=\"vc-column\"><div class=\"vc-column-text\"><\/p>\n<h3>ELEGANTER STIL UND VIELE FARBEN<\/h3>\n<p>Das brillante AMOLED-Display erweckt diese Uhr zum Leben, selbst bei Sonnenlicht. Probieren Sie den Modus \u2033Immer eingeschaltet\u2033 aus, um Ihre Daten jederzeit im Blick zu behalten.<\/div><\/div><div class=\"vc-column\"><div class=\"vc-column-text\"><\/p>\n<h3>KONZIPIERT F\u00dcR EINEN AKTIVEN LEBENSSTIL<\/h3>\n<p>Diese Smartwatch ist dank des widerstandsf\u00e4higen Corning\u00ae Gorilla\u00ae Glass 3, der eleganten Edelstahll\u00fcnette und des bequemen Silikonarmbands f\u00fcr den t\u00e4glichen Gebrauch geeignet.<\/div><\/div><div class=\"vc-column\"><div class=\"vc-column-text\"><\/p>\n<h3>HEALTH SNAPSHOT\u2122 FUNKTION<\/h3>\n<p>In einer 2-min\u00fctigen Sitzung k\u00f6nnen Sie alle wichtigen Daten wie Herzfrequenz und deren Schwankungen, Sauerstoffs\u00e4ttigung, Atmung und Stress aufzeichnen. \u00dcber die Garmin Connect\u2122-App auf Ihrem kompatiblen Smartphone k\u00f6nnen Sie einen Bericht erstellen und mit anderen teilen.<\/div><\/div><div class=\"vc-column\"><div class=\"vc-column-text\"><\/p>\n<h3>BODY BATTERY\u2122 ENERGIE\u00dcBERWACHUNG<\/h3>\n<p>Messen Sie das Energieniveau Ihres K\u00f6rpers, um zu wissen, wann der beste Zeitpunkt f\u00fcr Bewegung und Ruhe ist.<\/div><\/div><div class=\"vc-column\"><div class=\"vc-column-text\"><\/p>\n<h3>Puls-Ox-Sensor<\/h3>\n<p>Verwenden Sie den Pulse Ox-Sensor, um die Sauerstoffs\u00e4ttigung des Blutes zu jeder Tageszeit oder w\u00e4hrend der Schlafenszeit zu \u00fcberwachen.<\/div><\/div><div class=\"vc-column\"><div class=\"vc-column-text\"><\/p>\n<h3>Erkennung von Stress<\/h3>\n<p>Finden Sie heraus, ob Sie einen ruhigen, ausgeglichenen oder stressigen Tag haben. Entspannungserinnerungen fordern Sie auf, eine kurze Atem\u00fcbung zu machen, wenn die Uhr einen hohen Stresszustand feststellt.<\/div><\/div><\/div><div class=\"vc-row container\"><div class=\"vc-column\"><div style=\"height:32px\" class=\"vc-empty-space\"><\/div><\/div><\/div><div class=\"vc-row container\"><div class=\"vc-column\"><div class=\"vc-column-text\"><\/p>\n<h3>\u00dcBERWACHUNG DES MENSTRUATIONSZYKLUS<\/h3>\n<p>Verwenden Sie die Garmin Connect App, um Ihren Menstruationszyklus oder Ihre Schwangerschaft zu \u00fcberwachen: Zeichnen Sie Symptome auf und holen Sie sich Tipps f\u00fcr Training und Ern\u00e4hrung.<\/div><\/div><div class=\"vc-column\"><div class=\"vc-column-text\"><\/p>\n<h3>ATEM\u00dcBERWACHUNG<\/h3>\n<p>Finden Sie heraus, wie Sie tags\u00fcber, im Schlaf und bei Atem- und Yoga\u00fcbungen atmen.<\/div><\/div><div class=\"vc-column\"><div class=\"vc-column-text\"><\/p>\n<h3>SCHLAFSCORE UND ERWEITERTE SCHLAF\u00dcBERWACHUNG<\/h3>\n<p>Sie erhalten eine Bewertung der Schlafqualit\u00e4t und viele Tipps, wie Sie diese verbessern k\u00f6nnen. Sie k\u00f6nnen auch die verschiedenen Schlafstadien sowie Herzfrequenz, Stress, Pulsoximetrie und Atmung \u00fcberwachen.<\/div><\/div><div class=\"vc-column\"><div class=\"vc-column-text\"><\/p>\n<h3>HERZFREQUENZ AM HANDGELENK<\/h3>\n<p>Die Uhr misst st\u00e4ndig Ihre Herzfrequenz und warnt Sie, wenn sie im Ruhezustand zu hoch oder zu niedrig ist. Au\u00dferdem k\u00f6nnen Sie damit die Intensit\u00e4t Ihrer Aktivit\u00e4ten messen, sei es beim Laufen, Radfahren oder sogar beim Schwimmen.<\/div><\/div><div class=\"vc-column\"><div class=\"vc-column-text\"><\/p>\n<h3>ATMUNG ZUR KONZENTRATION<\/h3>\n<p>Um sich zu entspannen oder zu konzentrieren, k\u00f6nnen Sie eine Atem\u00fcbung machen: Diese Smartwatch erkennt Stress und Atmung und hilft Ihnen, mehr \u00fcber Ihre Atmung zu erfahren.<\/div><\/div><\/div><div class=\"vc-row container\"><div class=\"vc-column\"><div style=\"height:32px\" class=\"vc-empty-space\"><\/div><\/div><\/div><div class=\"vc-row container\"><div class=\"vc-column\"><div class=\"vc-column-text\"><\/p>\n<h3>FITNESS ALTER<\/h3>\n<p>Diese Funktion sch\u00e4tzt anhand Ihres Alters, Ihrer w\u00f6chentlichen intensiven Aktivit\u00e4t, Ihrer Herzfrequenz in Ruhe und Ihres BMI oder K\u00f6rperfettanteils4, ob Ihr K\u00f6rper j\u00fcnger oder j\u00fcnger ist als Ihr tats\u00e4chliches Alter. Dar\u00fcber hinaus k\u00f6nnen Sie Vorschl\u00e4ge erhalten, wie Sie die Differenz zwischen diesen beiden Werten (reales Alter und Fitness) verringern k\u00f6nnen.<\/div><\/div><div class=\"vc-column\"><div class=\"vc-column-text\"><\/p>\n<h3>ANIMIERTE TRAININGSEINHEITEN AUF DEM BILDSCHIRM<\/h3>\n<p>Einfach zu befolgende animierte Cardio-, Kraft-, Yoga- und Pilates- sowie HIIT-Trainings (High-Intensity Interval Training) sind auf der Uhr vorinstalliert, und Sie k\u00f6nnen weitere \u00fcber die Garmin Connect App herunterladen.<\/div><\/div><div class=\"vc-column\"><div class=\"vc-column-text\"><\/p>\n<h3>VORINSTALLIERTE SPORTPROFILE<\/h3>\n<p>Zeichnen Sie alle Arten von Aktivit\u00e4ten mit mehr als 25 vorinstallierten Apps f\u00fcr GPS- und Indoor-Sportarten auf, z. B. Gehen, Laufen, Radfahren, Schwimmbadschwimmen, Laufband, Yoga, Kardio, Pilates und vieles mehr.<\/div><\/div><div class=\"vc-column\"><div class=\"vc-column-text\"><\/p>\n<h3>FORTGESCHRITTENES KRAFTTRAINING<\/h3>\n<p>Dieses Aktivit\u00e4tsprofil zeigt Ihre pers\u00f6nlichen Rekorde und Verbesserungen direkt auf Ihrem Handgelenk durch ein klares Bild, das zeigt, welche Muskelgruppen Sie trainiert haben.<\/div><\/div><div class=\"vc-column\"><div class=\"vc-column-text\"><\/p>\n<h3>HIIT-WORKOUTS<\/h3>\n<p>Verwenden Sie dieses neue Aktivit\u00e4tsprofil mit verschiedenen Timern, um Ihre HIIT-Workouts zu verfolgen, einschlie\u00dflich AMRAP, EMOM, Tabata und individuellem Training. Legen Sie die Anzahl der Runden und die Arbeits-\/Ruheintervalle fest.<\/div><\/div><div class=\"vc-column\"><div class=\"vc-column-text\"><\/p>\n<h3>WORKOUTS ERSTELLEN<\/h3>\n<p>W\u00e4hlen Sie aus \u00fcber 1.400 \u00dcbungen aus, um \u00fcber die Garmin Connect App auf Ihrem kompatiblen Smartphone personalisierte Trainings zu erstellen, die Sie dann auf Ihre Uhr herunterladen k\u00f6nnen.<\/div><\/div><\/div><div class=\"vc-row container\"><div class=\"vc-column\"><div style=\"height:32px\" class=\"vc-empty-space\"><\/div><\/div><\/div><div class=\"vc-row container\"><div class=\"vc-column\"><div class=\"vc-column-text\"><\/p>\n<h3>GARMIN COACH<\/h3>\n<p>Nutzen Sie die Vorteile eines kostenlosen pers\u00f6nlichen Lauftrainers an Ihrem Handgelenk, der Sie beim Training f\u00fcr Ihren n\u00e4chsten 5K, 10K oder Halbmarathon unterst\u00fctzt.<\/div><\/div><div class=\"vc-column\"><div class=\"vc-column-text\"><\/p>\n<h3>INTENSIT\u00c4T MINUTEN<\/h3>\n<p>Wir haben die Funktion &#8220;Intensit\u00e4tsminuten&#8221; aktualisiert, um Ihnen eine bessere Vorstellung davon zu geben, wann Sie sie im Laufe des Tages und bei welcher T\u00e4tigkeit erworben haben. Sie k\u00f6nnen sie auch als Datenfeld bei zeitlich begrenzten Aktivit\u00e4ten anzeigen.<\/div><\/div><div class=\"vc-column\"><div class=\"vc-column-text\"><\/p>\n<h3>Intelligente Benachrichtigung<\/h3>\n<p>Empfangen Sie E-Mails, Nachrichten und Push-Benachrichtigungen direkt auf der Uhr, wenn sie mit einem kompatiblen Smartphone gekoppelt ist. Wenn Sie ein Android\u2122-Smartphone haben, k\u00f6nnen Sie auch auf Nachrichten antworten.<\/div><\/div><div class=\"vc-column\"><div class=\"vc-column-text\"><\/p>\n<h3>MUSICA<\/h3>\n<p>Scarica brani e playlist dai tuoi account Spotify<sup>\u00ae<\/sup>, Deezer o Amazon Music (potrebbe essere necessario un abbonamento). Usa cuffie wireless (vendute separatamente) per l&#8217;ascolto senza telefono.<\/div><\/div><div class=\"vc-column\"><div class=\"vc-column-text\"><\/p>\n<h3>Sicherheits- und Verfolgungsfunktionen<\/h3>\n<p>Wenn die Uhr und das Smartphone gekoppelt sind, k\u00f6nnen Sie Ihren Standort manuell in Echtzeit oder automatisch bei Outdoor-Aktivit\u00e4ten mit der integrierten Ereigniserkennung an Kontakte senden.<\/div><\/div><div class=\"vc-column\"><div class=\"vc-column-text\"><\/p>\n<h3>GARMIN PAY\u2122<\/h3>\n<p>Bezahlen Sie sicher, einfach und schnell mit dem kontaktlosen Bezahlsystem Garmin Pay &#8211; nur bei zugelassenen Anbietern.<\/div><\/div><\/div><div class=\"vc-row container\"><div class=\"vc-column\"><div style=\"height:32px\" class=\"vc-empty-space\"><\/div><\/div><\/div><div class=\"vc-row container\"><div class=\"vc-column\"><div class=\"vc-column-text\"><\/p>\n<h3>IQ\u2122 SPEICHER VERBINDEN<\/h3>\n<p>Laden Sie benutzerdefinierte Zifferbl\u00e4tter herunter, f\u00fcgen Sie Datenfelder hinzu und laden Sie Apps aus dem Connect IQ Store herunter.<\/div><\/div><div class=\"vc-column\"><div class=\"vc-column-text\"><\/p>\n<h3>SYNCHRONISIEREN MIT GARMIN CONNECT<\/h3>\n<p>Zeigen Sie Gesundheits- und Fitnessinformationen \u00fcber die Garmin Connect-App an, eine Online-Community, in der Menschen miteinander in Kontakt treten k\u00f6nnen, um sich zu messen und Inhalte auszutauschen.<\/div><\/div><div class=\"vc-column\"><div class=\"vc-column-text\"><\/p>\n<h3>AKKULAUFZEIT MIT SCHNELLLADUNG<\/h3>\n<p>Halten Sie Ihre Gesundheit in Schach mit einem Akku, der im Smartwatch-Modus bis zu 10 Tage, im GPS-Modus bis zu 19 Stunden und im GPS-Modus mit Musik bis zu 7 Stunden h\u00e4lt. 10 Minuten Aufladen reichen f\u00fcr 1 Tag Akkulaufzeit im Smartwatch-Modus oder 1 Stunde GPS-Aktivit\u00e4t mit Musik.<\/div><\/div><div class=\"vc-column\"><div class=\"vc-column-text\"><\/p>\n<h3>ENERGIESPARMODUS<\/h3>\n<p>Holen Sie noch mehr aus Ihrer Smartwatch heraus, indem Sie die Einstellungen anpassen, die sich am st\u00e4rksten auf die Akkulaufzeit auswirken.<\/div><\/div><div class=\"vc-column\"><div class=\"vc-column-text\"><\/p>\n<h3>KLASSIFIZIERUNG DER WASSERBEST\u00c4NDIGKEIT<\/h3>\n<p>Diese Uhr ist bis zu 5 ATM wasserdicht und eignet sich daher perfekt zum Schwimmen, Duschen oder f\u00fcr einen Tag im Wellnessbereich.<\/div><\/div><\/div><\/p>\n","protected":false},"excerpt":{"rendered":"<ul>\n<li>GPS-Smartwatch mit 1,3-Zoll-AMOLED-Touchscreen<\/li>\n<li>\u00fcber 25 verschiedene Aktivit\u00e4tsprofile, sowohl f\u00fcr drau\u00dfen als auch f\u00fcr drinnen<\/li>\n<li>Gesundheits\u00fcberwachung, kontaktlose Zahlungen, Musik und mehr<\/li>\n<\/ul>\n","protected":false},"featured_media":138835,"template":"","meta":{"_acf_changed":false,"inline_featured_image":false},"product_brand":[],"product_cat":[3344,6353,6349],"product_tag":[3346],"class_list":{"0":"post-72606","1":"product","2":"type-product","3":"status-publish","4":"has-post-thumbnail","6":"product_cat-garmin-de","7":"product_cat-schwimmen-de","8":"product_cat-fitness-de","9":"product_tag-garmin-de","10":"pa_colore-venu-2-plus-leather-de","11":"pa_dimensione-45-mm-de","12":"pa_marca-garmin-de","13":"pa_sesso-damen","14":"pa_sesso-herren","16":"first","17":"instock","18":"sale","19":"taxable","20":"shipping-taxable","21":"purchasable","22":"product-type-variable","23":"wvs-archive-product-wrapper"},"acf":[],"yoast_head":"<!-- This site is optimized with the Yoast SEO plugin v26.8 - https:\/\/yoast.com\/product\/yoast-seo-wordpress\/ -->\n<title>Garmin Venu 2 - Garmin-Ger\u00e4te zu verkaufen - MioMioRun.com<\/title>\n<meta name=\"description\" content=\"GPS-Smartwatch mit fortschrittlichen Gesundheits- und Fitness\u00fcberwachungsfunktionen, die Ihnen helfen, Ihren K\u00f6rper besser zu verstehen.\" \/>\n<meta name=\"robots\" content=\"index, follow, max-snippet:-1, max-image-preview:large, max-video-preview:-1\" \/>\n<link rel=\"canonical\" href=\"https:\/\/www.miomiorun.com\/de\/produkt\/garmin-venu-2\/\" \/>\n<meta property=\"og:locale\" content=\"de_DE\" \/>\n<meta property=\"og:type\" content=\"article\" \/>\n<meta property=\"og:title\" content=\"Garmin Venu 2 - Garmin-Ger\u00e4te zu verkaufen - MioMioRun.com\" \/>\n<meta property=\"og:description\" content=\"GPS-Smartwatch mit fortschrittlichen Gesundheits- und Fitness\u00fcberwachungsfunktionen, die Ihnen helfen, Ihren K\u00f6rper besser zu verstehen.\" \/>\n<meta property=\"og:url\" content=\"https:\/\/www.miomiorun.com\/de\/produkt\/garmin-venu-2\/\" \/>\n<meta property=\"og:site_name\" content=\"MioMioRun\" \/>\n<meta property=\"article:publisher\" content=\"https:\/\/www.facebook.com\/miomiorun\/\" \/>\n<meta property=\"article:modified_time\" content=\"2026-05-08T18:52:26+00:00\" \/>\n<meta property=\"og:image\" content=\"https:\/\/www.miomiorun.com\/app\/uploads\/2023\/09\/garmin-Venu-2-Plus-leather-010-02430-21.jpg\" \/>\n\t<meta property=\"og:image:width\" content=\"600\" \/>\n\t<meta property=\"og:image:height\" content=\"600\" \/>\n\t<meta property=\"og:image:type\" content=\"image\/jpeg\" \/>\n<meta name=\"twitter:card\" content=\"summary_large_image\" \/>\n<meta name=\"twitter:label1\" content=\"Est. reading time\" \/>\n\t<meta name=\"twitter:data1\" content=\"7 minutes\" \/>\n<script type=\"application\/ld+json\" class=\"yoast-schema-graph\">{\"@context\":\"https:\/\/schema.org\",\"@graph\":[{\"@type\":\"WebPage\",\"@id\":\"https:\/\/www.miomiorun.com\/de\/produkt\/garmin-venu-2\/\",\"url\":\"https:\/\/www.miomiorun.com\/de\/produkt\/garmin-venu-2\/\",\"name\":\"Garmin Venu 2 - Garmin-Ger\u00e4te zu verkaufen - MioMioRun.com\",\"isPartOf\":{\"@id\":\"https:\/\/www.miomiorun.com\/de\/#website\"},\"primaryImageOfPage\":{\"@id\":\"https:\/\/www.miomiorun.com\/de\/produkt\/garmin-venu-2\/#primaryimage\"},\"image\":{\"@id\":\"https:\/\/www.miomiorun.com\/de\/produkt\/garmin-venu-2\/#primaryimage\"},\"thumbnailUrl\":\"https:\/\/www.miomiorun.com\/app\/uploads\/2023\/09\/garmin-Venu-2-Plus-leather-010-02430-21.jpg\",\"datePublished\":\"2021-04-22T09:38:37+00:00\",\"dateModified\":\"2026-05-08T18:52:26+00:00\",\"description\":\"GPS-Smartwatch mit fortschrittlichen Gesundheits- und Fitness\u00fcberwachungsfunktionen, die Ihnen helfen, Ihren K\u00f6rper besser zu verstehen.\",\"breadcrumb\":{\"@id\":\"https:\/\/www.miomiorun.com\/de\/produkt\/garmin-venu-2\/#breadcrumb\"},\"inLanguage\":\"de-DE\",\"potentialAction\":[{\"@type\":\"ReadAction\",\"target\":[\"https:\/\/www.miomiorun.com\/de\/produkt\/garmin-venu-2\/\"]}]},{\"@type\":\"ImageObject\",\"inLanguage\":\"de-DE\",\"@id\":\"https:\/\/www.miomiorun.com\/de\/produkt\/garmin-venu-2\/#primaryimage\",\"url\":\"https:\/\/www.miomiorun.com\/app\/uploads\/2023\/09\/garmin-Venu-2-Plus-leather-010-02430-21.jpg\",\"contentUrl\":\"https:\/\/www.miomiorun.com\/app\/uploads\/2023\/09\/garmin-Venu-2-Plus-leather-010-02430-21.jpg\",\"width\":600,\"height\":600,\"caption\":\"garmin-Venu-2-Plus-leather-010-02430-21\"},{\"@type\":\"BreadcrumbList\",\"@id\":\"https:\/\/www.miomiorun.com\/de\/produkt\/garmin-venu-2\/#breadcrumb\",\"itemListElement\":[{\"@type\":\"ListItem\",\"position\":1,\"name\":\"Home\",\"item\":\"https:\/\/www.miomiorun.com\/de\/\"},{\"@type\":\"ListItem\",\"position\":2,\"name\":\"Shop\",\"item\":\"https:\/\/www.miomiorun.com\/shop\/\"},{\"@type\":\"ListItem\",\"position\":3,\"name\":\"Venu 2\"}]},{\"@type\":\"WebSite\",\"@id\":\"https:\/\/www.miomiorun.com\/de\/#website\",\"url\":\"https:\/\/www.miomiorun.com\/de\/\",\"name\":\"MioMioRun\",\"description\":\"100% Lauf- und Trailshop\",\"publisher\":{\"@id\":\"https:\/\/www.miomiorun.com\/de\/#organization\"},\"potentialAction\":[{\"@type\":\"SearchAction\",\"target\":{\"@type\":\"EntryPoint\",\"urlTemplate\":\"https:\/\/www.miomiorun.com\/de\/?s={search_term_string}\"},\"query-input\":{\"@type\":\"PropertyValueSpecification\",\"valueRequired\":true,\"valueName\":\"search_term_string\"}}],\"inLanguage\":\"de-DE\"},{\"@type\":\"Organization\",\"@id\":\"https:\/\/www.miomiorun.com\/de\/#organization\",\"name\":\"MioMio Run\",\"url\":\"https:\/\/www.miomiorun.com\/de\/\",\"logo\":{\"@type\":\"ImageObject\",\"inLanguage\":\"de-DE\",\"@id\":\"https:\/\/www.miomiorun.com\/de\/#\/schema\/logo\/image\/\",\"url\":\"https:\/\/www.miomiorun.com\/app\/uploads\/2019\/12\/logomio.png\",\"contentUrl\":\"https:\/\/www.miomiorun.com\/app\/uploads\/2019\/12\/logomio.png\",\"width\":115,\"height\":82,\"caption\":\"MioMio Run\"},\"image\":{\"@id\":\"https:\/\/www.miomiorun.com\/de\/#\/schema\/logo\/image\/\"},\"sameAs\":[\"https:\/\/www.facebook.com\/miomiorun\/\",\"https:\/\/www.instagram.com\/miomiorun\/\"]}]}<\/script>\n<!-- \/ Yoast SEO plugin. -->","yoast_head_json":{"title":"Garmin Venu 2 - Garmin-Ger\u00e4te zu verkaufen - MioMioRun.com","description":"GPS-Smartwatch mit fortschrittlichen Gesundheits- und Fitness\u00fcberwachungsfunktionen, die Ihnen helfen, Ihren K\u00f6rper besser zu verstehen.","robots":{"index":"index","follow":"follow","max-snippet":"max-snippet:-1","max-image-preview":"max-image-preview:large","max-video-preview":"max-video-preview:-1"},"canonical":"https:\/\/www.miomiorun.com\/de\/produkt\/garmin-venu-2\/","og_locale":"de_DE","og_type":"article","og_title":"Garmin Venu 2 - Garmin-Ger\u00e4te zu verkaufen - MioMioRun.com","og_description":"GPS-Smartwatch mit fortschrittlichen Gesundheits- und Fitness\u00fcberwachungsfunktionen, die Ihnen helfen, Ihren K\u00f6rper besser zu verstehen.","og_url":"https:\/\/www.miomiorun.com\/de\/produkt\/garmin-venu-2\/","og_site_name":"MioMioRun","article_publisher":"https:\/\/www.facebook.com\/miomiorun\/","article_modified_time":"2026-05-08T18:52:26+00:00","og_image":[{"width":600,"height":600,"url":"https:\/\/www.miomiorun.com\/app\/uploads\/2023\/09\/garmin-Venu-2-Plus-leather-010-02430-21.jpg","type":"image\/jpeg"}],"twitter_card":"summary_large_image","twitter_misc":{"Est. reading time":"7 minutes"},"schema":{"@context":"https:\/\/schema.org","@graph":[{"@type":"WebPage","@id":"https:\/\/www.miomiorun.com\/de\/produkt\/garmin-venu-2\/","url":"https:\/\/www.miomiorun.com\/de\/produkt\/garmin-venu-2\/","name":"Garmin Venu 2 - Garmin-Ger\u00e4te zu verkaufen - MioMioRun.com","isPartOf":{"@id":"https:\/\/www.miomiorun.com\/de\/#website"},"primaryImageOfPage":{"@id":"https:\/\/www.miomiorun.com\/de\/produkt\/garmin-venu-2\/#primaryimage"},"image":{"@id":"https:\/\/www.miomiorun.com\/de\/produkt\/garmin-venu-2\/#primaryimage"},"thumbnailUrl":"https:\/\/www.miomiorun.com\/app\/uploads\/2023\/09\/garmin-Venu-2-Plus-leather-010-02430-21.jpg","datePublished":"2021-04-22T09:38:37+00:00","dateModified":"2026-05-08T18:52:26+00:00","description":"GPS-Smartwatch mit fortschrittlichen Gesundheits- und Fitness\u00fcberwachungsfunktionen, die Ihnen helfen, Ihren K\u00f6rper besser zu verstehen.","breadcrumb":{"@id":"https:\/\/www.miomiorun.com\/de\/produkt\/garmin-venu-2\/#breadcrumb"},"inLanguage":"de-DE","potentialAction":[{"@type":"ReadAction","target":["https:\/\/www.miomiorun.com\/de\/produkt\/garmin-venu-2\/"]}]},{"@type":"ImageObject","inLanguage":"de-DE","@id":"https:\/\/www.miomiorun.com\/de\/produkt\/garmin-venu-2\/#primaryimage","url":"https:\/\/www.miomiorun.com\/app\/uploads\/2023\/09\/garmin-Venu-2-Plus-leather-010-02430-21.jpg","contentUrl":"https:\/\/www.miomiorun.com\/app\/uploads\/2023\/09\/garmin-Venu-2-Plus-leather-010-02430-21.jpg","width":600,"height":600,"caption":"garmin-Venu-2-Plus-leather-010-02430-21"},{"@type":"BreadcrumbList","@id":"https:\/\/www.miomiorun.com\/de\/produkt\/garmin-venu-2\/#breadcrumb","itemListElement":[{"@type":"ListItem","position":1,"name":"Home","item":"https:\/\/www.miomiorun.com\/de\/"},{"@type":"ListItem","position":2,"name":"Shop","item":"https:\/\/www.miomiorun.com\/shop\/"},{"@type":"ListItem","position":3,"name":"Venu 2"}]},{"@type":"WebSite","@id":"https:\/\/www.miomiorun.com\/de\/#website","url":"https:\/\/www.miomiorun.com\/de\/","name":"MioMioRun","description":"100% Lauf- und Trailshop","publisher":{"@id":"https:\/\/www.miomiorun.com\/de\/#organization"},"potentialAction":[{"@type":"SearchAction","target":{"@type":"EntryPoint","urlTemplate":"https:\/\/www.miomiorun.com\/de\/?s={search_term_string}"},"query-input":{"@type":"PropertyValueSpecification","valueRequired":true,"valueName":"search_term_string"}}],"inLanguage":"de-DE"},{"@type":"Organization","@id":"https:\/\/www.miomiorun.com\/de\/#organization","name":"MioMio Run","url":"https:\/\/www.miomiorun.com\/de\/","logo":{"@type":"ImageObject","inLanguage":"de-DE","@id":"https:\/\/www.miomiorun.com\/de\/#\/schema\/logo\/image\/","url":"https:\/\/www.miomiorun.com\/app\/uploads\/2019\/12\/logomio.png","contentUrl":"https:\/\/www.miomiorun.com\/app\/uploads\/2019\/12\/logomio.png","width":115,"height":82,"caption":"MioMio Run"},"image":{"@id":"https:\/\/www.miomiorun.com\/de\/#\/schema\/logo\/image\/"},"sameAs":["https:\/\/www.facebook.com\/miomiorun\/","https:\/\/www.instagram.com\/miomiorun\/"]}]}},"_links":{"self":[{"href":"https:\/\/www.miomiorun.com\/de\/wp-json\/wp\/v2\/product\/72606","targetHints":{"allow":["GET"]}}],"collection":[{"href":"https:\/\/www.miomiorun.com\/de\/wp-json\/wp\/v2\/product"}],"about":[{"href":"https:\/\/www.miomiorun.com\/de\/wp-json\/wp\/v2\/types\/product"}],"wp:featuredmedia":[{"embeddable":true,"href":"https:\/\/www.miomiorun.com\/de\/wp-json\/wp\/v2\/media\/138835"}],"wp:attachment":[{"href":"https:\/\/www.miomiorun.com\/de\/wp-json\/wp\/v2\/media?parent=72606"}],"wp:term":[{"taxonomy":"product_brand","embeddable":true,"href":"https:\/\/www.miomiorun.com\/de\/wp-json\/wp\/v2\/product_brand?post=72606"},{"taxonomy":"product_cat","embeddable":true,"href":"https:\/\/www.miomiorun.com\/de\/wp-json\/wp\/v2\/product_cat?post=72606"},{"taxonomy":"product_tag","embeddable":true,"href":"https:\/\/www.miomiorun.com\/de\/wp-json\/wp\/v2\/product_tag?post=72606"}],"curies":[{"name":"wp","href":"https:\/\/api.w.org\/{rel}","templated":true}]}}