{"id":63717,"date":"2022-03-15T10:36:07","date_gmt":"2022-03-15T09:36:07","guid":{"rendered":"https:\/\/miomiorun.com\/la-sportiva-defy-t-shirt-donna\/"},"modified":"2022-10-14T11:08:59","modified_gmt":"2022-10-14T09:08:59","slug":"la-sportiva-defy-t-shirt-damen","status":"publish","type":"product","link":"https:\/\/www.miomiorun.com\/de\/produkt\/la-sportiva-defy-t-shirt-damen\/","title":{"rendered":"Defy T-shirt damen"},"content":{"rendered":"<p>Das Defy T-Shirt ist das schnell trocknende Damen-T-Shirt, das sich perfekt zum Laufen in den w\u00e4rmeren Monaten eignet. Die geruchshemmende und antibakterielle Behandlung in Kombination mit den flachen und reibungsfreien N\u00e4hten machen es zu einem Produkt, das sich weich anf\u00fchlt und hautfreundlich sowie \u00e4u\u00dferst gesund ist. Die Fasern des Stoffes bestehen aus recyceltem Polyester, eine weitere Aufmerksamkeit nicht nur f\u00fcr sich selbst, sondern auch f\u00fcr die Umwelt, die uns umgibt.<\/p>\n<div class=\"data item content\" role=\"tabpanel\" aria-labelledby=\"tab-label-techinfo\" data-role=\"content\" aria-hidden=\"false\">\n<div class=\"techinfo-container\">\n<div class=\"techinfo-icons\">\n<div class=\"techinfo-icon\"><a><img decoding=\"async\" src=\"https:\/\/www.lasportiva.com\/media\/techinfo_icons\/traspirabilita.png\" alt=\"La Sportiva\" \/><\/a><\/div>\n<div><strong>Breathability:<br \/>\n<\/strong>Hoch atmungsaktives Produkt f\u00fcr einen optimalen klimatischen Komfort.<\/div>\n<div class=\"techinfo-icon\"><a><img decoding=\"async\" src=\"https:\/\/www.lasportiva.com\/media\/techinfo_icons\/leggerezza.png\" alt=\"La Sportiva\" \/><\/a><\/div>\n<div><strong>Lightweight:<\/strong><br \/>\nDiese Produkte wurden f\u00fcr den schnellen Skitourengeher entwickelt, f\u00fcr all jene, die das Gewicht auf ein Minimum einschr\u00e4nken wollen<\/div>\n<div class=\"techinfo-icon\"><a><img decoding=\"async\" src=\"https:\/\/www.lasportiva.com\/media\/techinfo_icons\/polygiene.png\" alt=\"La Sportiva\" \/><\/a><\/div>\n<div>Mit der Polygiene\u00ae-Technologie zur Geruchsbindung lassen sich Textilien dauerhaft, effektiv und nachhaltig behandeln. Eingesetzt wird dabei nat\u00fcrlich vorkommendes Silbersalz, um das Wachstum geruchsbildender Bakterien zu hemmen.<strong><br \/>\n<\/strong>Das Ergebnis? <strong>L\u00e4ngere Tragedauer, weniger W\u00e4schewaschen.<\/strong><\/div>\n<div><\/div>\n<div class=\"techinfo-icon\"><a><img decoding=\"async\" src=\"https:\/\/www.lasportiva.com\/media\/techinfo_icons\/regular-fit.png\" alt=\"La Sportiva\" \/><\/a><\/div>\n<div><strong>Regular fit:<\/strong><br \/>\nTechnischer komfortabler Schnitt<\/div>\n<div class=\"techinfo-icon\"><a><img decoding=\"async\" src=\"https:\/\/www.lasportiva.com\/media\/techinfo_icons\/L1.png\" alt=\"La Sportiva\" \/><\/a><\/div>\n<div><strong>L1 &#8211; BASE LAYER<\/strong><br \/>\nSchicht, die in direktem Kontakt zur Haut steht. Unterst\u00fctzt die Beseitigung des Schwei\u00dfes f\u00fcr einen besseren klimatischen Komfort w\u00e4hrend der k\u00f6rperlichen Bet\u00e4tigung.<\/div>\n<\/div>\n<\/div>\n<\/div>\n<div><\/div>\n<div><\/div>\n<div class=\"data item content\" role=\"tabpanel\" aria-labelledby=\"tab-label-techinfo\" data-role=\"content\" aria-hidden=\"false\">\n<div class=\"techinfo-container\">\n<div class=\"techinfo-description\"><strong>Material<\/strong>\u00a0: Main: (KSL03) 50% Recycled Polyester, 50% Polyester<br \/>\n<b>Gewicht :77<\/b> g (M)<\/div>\n<\/div>\n<\/div>\n","protected":false},"excerpt":{"rendered":"<p>Das Defy T-Shirt ist das schnell trocknende Damen-T-Shirt, das sich perfekt zum Laufen in den w\u00e4rmeren Monaten eignet. Die geruchshemmende und antibakterielle Behandlung in Kombination mit den flachen und reibungsfreien N\u00e4hten machen es zu einem Produkt, das sich weich anf\u00fchlt und hautfreundlich sowie \u00e4u\u00dferst gesund ist. Die Fasern des Stoffes bestehen aus recyceltem Polyester, eine &hellip; <a href=\"https:\/\/www.miomiorun.com\/de\/produkt\/la-sportiva-defy-t-shirt-damen\/\">Continued<\/a><\/p>\n","protected":false},"featured_media":62712,"template":"","meta":{"_acf_changed":false,"inline_featured_image":false},"product_brand":[],"product_cat":[6400,6401,6489],"product_tag":[6248,6220],"class_list":{"0":"post-63717","1":"product","2":"type-product","3":"status-publish","4":"has-post-thumbnail","6":"product_cat-damen","7":"product_cat-damenbekleidung","8":"product_cat-dament-shirt-de","9":"product_tag-la-sportiva-de","10":"product_tag-la-sportiva-damen-de","11":"pa_attivita-gehen","12":"pa_attivita-trail-de","13":"pa_colore-defy-t-shirt-w-blush-de","14":"pa_colore-defy-t-shirt-w-carbon-de","15":"pa_marca-la-sportiva-de","16":"pa_sesso-damen","17":"pa_size-extra-small-de","18":"pa_size-small-de","20":"first","21":"instock","22":"sale","23":"taxable","24":"shipping-taxable","25":"purchasable","26":"product-type-variable","27":"wvs-archive-product-wrapper"},"acf":[],"yoast_head":"<!-- This site is optimized with the Yoast SEO plugin v26.8 - https:\/\/yoast.com\/product\/yoast-seo-wordpress\/ -->\n<title>La Sportiva Defy T-shirt damen - T-Shirt Laufen - MioMioRun<\/title>\n<meta name=\"description\" content=\"Das Defy T-Shirt ist das schnell trocknende Damen-T-Shirt, das sich perfekt zum Laufen in den w\u00e4rmeren Monaten eignet. Weich im Griff und sanft zur Haut.\" \/>\n<meta name=\"robots\" content=\"index, follow, max-snippet:-1, max-image-preview:large, max-video-preview:-1\" \/>\n<link rel=\"canonical\" href=\"https:\/\/www.miomiorun.com\/de\/produkt\/la-sportiva-defy-t-shirt-damen\/\" \/>\n<meta property=\"og:locale\" content=\"de_DE\" \/>\n<meta property=\"og:type\" content=\"article\" \/>\n<meta property=\"og:title\" content=\"La Sportiva Defy T-shirt damen - T-Shirt Laufen - MioMioRun\" \/>\n<meta property=\"og:description\" content=\"Das Defy T-Shirt ist das schnell trocknende Damen-T-Shirt, das sich perfekt zum Laufen in den w\u00e4rmeren Monaten eignet. Weich im Griff und sanft zur Haut.\" \/>\n<meta property=\"og:url\" content=\"https:\/\/www.miomiorun.com\/de\/produkt\/la-sportiva-defy-t-shirt-damen\/\" \/>\n<meta property=\"og:site_name\" content=\"MioMioRun\" \/>\n<meta property=\"article:publisher\" content=\"https:\/\/www.facebook.com\/miomiorun\/\" \/>\n<meta property=\"article:modified_time\" content=\"2022-10-14T09:08:59+00:00\" \/>\n<meta property=\"og:image\" content=\"https:\/\/www.miomiorun.com\/app\/uploads\/2022\/03\/la-sportiva-Defy-t-shirt-Q11405405.jpg\" \/>\n\t<meta property=\"og:image:width\" content=\"600\" \/>\n\t<meta property=\"og:image:height\" content=\"600\" \/>\n\t<meta property=\"og:image:type\" content=\"image\/jpeg\" \/>\n<meta name=\"twitter:card\" content=\"summary_large_image\" \/>\n<meta name=\"twitter:label1\" content=\"Est. reading time\" \/>\n\t<meta name=\"twitter:data1\" content=\"2 minutes\" \/>\n<script type=\"application\/ld+json\" class=\"yoast-schema-graph\">{\"@context\":\"https:\/\/schema.org\",\"@graph\":[{\"@type\":\"WebPage\",\"@id\":\"https:\/\/www.miomiorun.com\/de\/produkt\/la-sportiva-defy-t-shirt-damen\/\",\"url\":\"https:\/\/www.miomiorun.com\/de\/produkt\/la-sportiva-defy-t-shirt-damen\/\",\"name\":\"La Sportiva Defy T-shirt damen - T-Shirt Laufen - MioMioRun\",\"isPartOf\":{\"@id\":\"https:\/\/www.miomiorun.com\/de\/#website\"},\"primaryImageOfPage\":{\"@id\":\"https:\/\/www.miomiorun.com\/de\/produkt\/la-sportiva-defy-t-shirt-damen\/#primaryimage\"},\"image\":{\"@id\":\"https:\/\/www.miomiorun.com\/de\/produkt\/la-sportiva-defy-t-shirt-damen\/#primaryimage\"},\"thumbnailUrl\":\"https:\/\/www.miomiorun.com\/app\/uploads\/2022\/03\/la-sportiva-Defy-t-shirt-Q11405405.jpg\",\"datePublished\":\"2022-03-15T09:36:07+00:00\",\"dateModified\":\"2022-10-14T09:08:59+00:00\",\"description\":\"Das Defy T-Shirt ist das schnell trocknende Damen-T-Shirt, das sich perfekt zum Laufen in den w\u00e4rmeren Monaten eignet. Weich im Griff und sanft zur Haut.\",\"breadcrumb\":{\"@id\":\"https:\/\/www.miomiorun.com\/de\/produkt\/la-sportiva-defy-t-shirt-damen\/#breadcrumb\"},\"inLanguage\":\"de-DE\",\"potentialAction\":[{\"@type\":\"ReadAction\",\"target\":[\"https:\/\/www.miomiorun.com\/de\/produkt\/la-sportiva-defy-t-shirt-damen\/\"]}]},{\"@type\":\"ImageObject\",\"inLanguage\":\"de-DE\",\"@id\":\"https:\/\/www.miomiorun.com\/de\/produkt\/la-sportiva-defy-t-shirt-damen\/#primaryimage\",\"url\":\"https:\/\/www.miomiorun.com\/app\/uploads\/2022\/03\/la-sportiva-Defy-t-shirt-Q11405405.jpg\",\"contentUrl\":\"https:\/\/www.miomiorun.com\/app\/uploads\/2022\/03\/la-sportiva-Defy-t-shirt-Q11405405.jpg\",\"width\":600,\"height\":600,\"caption\":\"la-sportiva-Defy-t-shirt-Q11405405\"},{\"@type\":\"BreadcrumbList\",\"@id\":\"https:\/\/www.miomiorun.com\/de\/produkt\/la-sportiva-defy-t-shirt-damen\/#breadcrumb\",\"itemListElement\":[{\"@type\":\"ListItem\",\"position\":1,\"name\":\"Home\",\"item\":\"https:\/\/www.miomiorun.com\/de\/\"},{\"@type\":\"ListItem\",\"position\":2,\"name\":\"Shop\",\"item\":\"https:\/\/www.miomiorun.com\/shop\/\"},{\"@type\":\"ListItem\",\"position\":3,\"name\":\"Defy T-shirt damen\"}]},{\"@type\":\"WebSite\",\"@id\":\"https:\/\/www.miomiorun.com\/de\/#website\",\"url\":\"https:\/\/www.miomiorun.com\/de\/\",\"name\":\"MioMioRun\",\"description\":\"100% Lauf- und Trailshop\",\"publisher\":{\"@id\":\"https:\/\/www.miomiorun.com\/de\/#organization\"},\"potentialAction\":[{\"@type\":\"SearchAction\",\"target\":{\"@type\":\"EntryPoint\",\"urlTemplate\":\"https:\/\/www.miomiorun.com\/de\/?s={search_term_string}\"},\"query-input\":{\"@type\":\"PropertyValueSpecification\",\"valueRequired\":true,\"valueName\":\"search_term_string\"}}],\"inLanguage\":\"de-DE\"},{\"@type\":\"Organization\",\"@id\":\"https:\/\/www.miomiorun.com\/de\/#organization\",\"name\":\"MioMio Run\",\"url\":\"https:\/\/www.miomiorun.com\/de\/\",\"logo\":{\"@type\":\"ImageObject\",\"inLanguage\":\"de-DE\",\"@id\":\"https:\/\/www.miomiorun.com\/de\/#\/schema\/logo\/image\/\",\"url\":\"https:\/\/www.miomiorun.com\/app\/uploads\/2019\/12\/logomio.png\",\"contentUrl\":\"https:\/\/www.miomiorun.com\/app\/uploads\/2019\/12\/logomio.png\",\"width\":115,\"height\":82,\"caption\":\"MioMio Run\"},\"image\":{\"@id\":\"https:\/\/www.miomiorun.com\/de\/#\/schema\/logo\/image\/\"},\"sameAs\":[\"https:\/\/www.facebook.com\/miomiorun\/\",\"https:\/\/www.instagram.com\/miomiorun\/\"]}]}<\/script>\n<!-- \/ Yoast SEO plugin. -->","yoast_head_json":{"title":"La Sportiva Defy T-shirt damen - T-Shirt Laufen - MioMioRun","description":"Das Defy T-Shirt ist das schnell trocknende Damen-T-Shirt, das sich perfekt zum Laufen in den w\u00e4rmeren Monaten eignet. Weich im Griff und sanft zur Haut.","robots":{"index":"index","follow":"follow","max-snippet":"max-snippet:-1","max-image-preview":"max-image-preview:large","max-video-preview":"max-video-preview:-1"},"canonical":"https:\/\/www.miomiorun.com\/de\/produkt\/la-sportiva-defy-t-shirt-damen\/","og_locale":"de_DE","og_type":"article","og_title":"La Sportiva Defy T-shirt damen - T-Shirt Laufen - MioMioRun","og_description":"Das Defy T-Shirt ist das schnell trocknende Damen-T-Shirt, das sich perfekt zum Laufen in den w\u00e4rmeren Monaten eignet. Weich im Griff und sanft zur Haut.","og_url":"https:\/\/www.miomiorun.com\/de\/produkt\/la-sportiva-defy-t-shirt-damen\/","og_site_name":"MioMioRun","article_publisher":"https:\/\/www.facebook.com\/miomiorun\/","article_modified_time":"2022-10-14T09:08:59+00:00","og_image":[{"width":600,"height":600,"url":"https:\/\/www.miomiorun.com\/app\/uploads\/2022\/03\/la-sportiva-Defy-t-shirt-Q11405405.jpg","type":"image\/jpeg"}],"twitter_card":"summary_large_image","twitter_misc":{"Est. reading time":"2 minutes"},"schema":{"@context":"https:\/\/schema.org","@graph":[{"@type":"WebPage","@id":"https:\/\/www.miomiorun.com\/de\/produkt\/la-sportiva-defy-t-shirt-damen\/","url":"https:\/\/www.miomiorun.com\/de\/produkt\/la-sportiva-defy-t-shirt-damen\/","name":"La Sportiva Defy T-shirt damen - T-Shirt Laufen - MioMioRun","isPartOf":{"@id":"https:\/\/www.miomiorun.com\/de\/#website"},"primaryImageOfPage":{"@id":"https:\/\/www.miomiorun.com\/de\/produkt\/la-sportiva-defy-t-shirt-damen\/#primaryimage"},"image":{"@id":"https:\/\/www.miomiorun.com\/de\/produkt\/la-sportiva-defy-t-shirt-damen\/#primaryimage"},"thumbnailUrl":"https:\/\/www.miomiorun.com\/app\/uploads\/2022\/03\/la-sportiva-Defy-t-shirt-Q11405405.jpg","datePublished":"2022-03-15T09:36:07+00:00","dateModified":"2022-10-14T09:08:59+00:00","description":"Das Defy T-Shirt ist das schnell trocknende Damen-T-Shirt, das sich perfekt zum Laufen in den w\u00e4rmeren Monaten eignet. Weich im Griff und sanft zur Haut.","breadcrumb":{"@id":"https:\/\/www.miomiorun.com\/de\/produkt\/la-sportiva-defy-t-shirt-damen\/#breadcrumb"},"inLanguage":"de-DE","potentialAction":[{"@type":"ReadAction","target":["https:\/\/www.miomiorun.com\/de\/produkt\/la-sportiva-defy-t-shirt-damen\/"]}]},{"@type":"ImageObject","inLanguage":"de-DE","@id":"https:\/\/www.miomiorun.com\/de\/produkt\/la-sportiva-defy-t-shirt-damen\/#primaryimage","url":"https:\/\/www.miomiorun.com\/app\/uploads\/2022\/03\/la-sportiva-Defy-t-shirt-Q11405405.jpg","contentUrl":"https:\/\/www.miomiorun.com\/app\/uploads\/2022\/03\/la-sportiva-Defy-t-shirt-Q11405405.jpg","width":600,"height":600,"caption":"la-sportiva-Defy-t-shirt-Q11405405"},{"@type":"BreadcrumbList","@id":"https:\/\/www.miomiorun.com\/de\/produkt\/la-sportiva-defy-t-shirt-damen\/#breadcrumb","itemListElement":[{"@type":"ListItem","position":1,"name":"Home","item":"https:\/\/www.miomiorun.com\/de\/"},{"@type":"ListItem","position":2,"name":"Shop","item":"https:\/\/www.miomiorun.com\/shop\/"},{"@type":"ListItem","position":3,"name":"Defy T-shirt damen"}]},{"@type":"WebSite","@id":"https:\/\/www.miomiorun.com\/de\/#website","url":"https:\/\/www.miomiorun.com\/de\/","name":"MioMioRun","description":"100% Lauf- und Trailshop","publisher":{"@id":"https:\/\/www.miomiorun.com\/de\/#organization"},"potentialAction":[{"@type":"SearchAction","target":{"@type":"EntryPoint","urlTemplate":"https:\/\/www.miomiorun.com\/de\/?s={search_term_string}"},"query-input":{"@type":"PropertyValueSpecification","valueRequired":true,"valueName":"search_term_string"}}],"inLanguage":"de-DE"},{"@type":"Organization","@id":"https:\/\/www.miomiorun.com\/de\/#organization","name":"MioMio Run","url":"https:\/\/www.miomiorun.com\/de\/","logo":{"@type":"ImageObject","inLanguage":"de-DE","@id":"https:\/\/www.miomiorun.com\/de\/#\/schema\/logo\/image\/","url":"https:\/\/www.miomiorun.com\/app\/uploads\/2019\/12\/logomio.png","contentUrl":"https:\/\/www.miomiorun.com\/app\/uploads\/2019\/12\/logomio.png","width":115,"height":82,"caption":"MioMio Run"},"image":{"@id":"https:\/\/www.miomiorun.com\/de\/#\/schema\/logo\/image\/"},"sameAs":["https:\/\/www.facebook.com\/miomiorun\/","https:\/\/www.instagram.com\/miomiorun\/"]}]}},"_links":{"self":[{"href":"https:\/\/www.miomiorun.com\/de\/wp-json\/wp\/v2\/product\/63717","targetHints":{"allow":["GET"]}}],"collection":[{"href":"https:\/\/www.miomiorun.com\/de\/wp-json\/wp\/v2\/product"}],"about":[{"href":"https:\/\/www.miomiorun.com\/de\/wp-json\/wp\/v2\/types\/product"}],"wp:featuredmedia":[{"embeddable":true,"href":"https:\/\/www.miomiorun.com\/de\/wp-json\/wp\/v2\/media\/62712"}],"wp:attachment":[{"href":"https:\/\/www.miomiorun.com\/de\/wp-json\/wp\/v2\/media?parent=63717"}],"wp:term":[{"taxonomy":"product_brand","embeddable":true,"href":"https:\/\/www.miomiorun.com\/de\/wp-json\/wp\/v2\/product_brand?post=63717"},{"taxonomy":"product_cat","embeddable":true,"href":"https:\/\/www.miomiorun.com\/de\/wp-json\/wp\/v2\/product_cat?post=63717"},{"taxonomy":"product_tag","embeddable":true,"href":"https:\/\/www.miomiorun.com\/de\/wp-json\/wp\/v2\/product_tag?post=63717"}],"curies":[{"name":"wp","href":"https:\/\/api.w.org\/{rel}","templated":true}]}}