{"id":60623,"date":"2022-02-10T17:32:35","date_gmt":"2022-02-10T16:32:35","guid":{"rendered":"https:\/\/miomiorun.com\/garmin-cinturini-a-rilascio-rapido18-mm\/"},"modified":"2025-03-06T15:56:34","modified_gmt":"2025-03-06T14:56:34","slug":"garmin-schnellwechsel-armbaender-18-mm","status":"publish","type":"product","link":"https:\/\/www.miomiorun.com\/de\/produkt\/garmin-schnellwechsel-armbaender-18-mm\/","title":{"rendered":"Schnellwechsel-Armb\u00e4nder (18 mm)"},"content":{"rendered":"<p>Mit diesen verstellbaren Schnellwechsel-Armb\u00e4ndern f\u00fcr deine kompatible Garmin-Uhr kannst du dich stets sehen lassen und machst auch beim Sport eine gute Figur. Entferne einfach das Armband, setze andere Armb\u00e4nder ein und schon hast du deinen ganz pers\u00f6nlichen Look.<\/p>\n","protected":false},"excerpt":{"rendered":"<p>Mit diesen verstellbaren Schnellwechsel-Armb\u00e4ndern f\u00fcr deine kompatible Garmin-Uhr kannst du dich stets sehen lassen und machst auch beim Sport eine gute Figur. Entferne einfach das Armband, setze andere Armb\u00e4nder ein und schon hast du deinen ganz pers\u00f6nlichen Look.<\/p>\n","protected":false},"featured_media":60579,"template":"","meta":{"_acf_changed":false,"inline_featured_image":false},"product_brand":[],"product_cat":[3344,3345],"product_tag":[3346],"class_list":{"0":"post-60623","1":"product","2":"type-product","3":"status-publish","4":"has-post-thumbnail","6":"product_cat-garmin-de","7":"product_cat-zubehoer-de-2","8":"product_tag-garmin-de","9":"pa_colore-cinturini-quick-release-18-mm-pink-de","10":"pa_colore-cinturino-18mm-bianco-de","11":"pa_colore-cinturino-18mm-bianco-silver-de","12":"pa_colore-cinturino-18mm-powder-grey-de","13":"pa_colore-cinturino-18mm-ultrafit-nylon-black-de","14":"pa_colore-cinturino-18mm-whitestone-blue-de","15":"pa_colore-cinturino-quickrelease-18-mm-mist-grey-de","16":"pa_colore-quick-release-18mm-black-yellow-de","17":"pa_colore-quick-release-18mm-rosa-de","18":"pa_colore-quick-release-18mm-whitestone-de","19":"pa_colore-cinturini-quick-release-18-mm-black-de","20":"pa_colore-cinturino-quickrelease-18-mm-black-de","21":"pa_marca-garmin-de","22":"pa_sesso-damen","23":"pa_sesso-herren","25":"first","26":"instock","27":"sale","28":"taxable","29":"shipping-taxable","30":"purchasable","31":"product-type-variable","32":"wvs-archive-product-wrapper"},"acf":[],"yoast_head":"<!-- This site is optimized with the Yoast SEO plugin v26.8 - https:\/\/yoast.com\/product\/yoast-seo-wordpress\/ -->\n<title>Garmin Schnellwechsel-Armb\u00e4nder (18 mm) - MioMioRun<\/title>\n<meta name=\"description\" content=\"Mit diesen verstellbaren Schnellwechsel-Armb\u00e4ndern f\u00fcr deine kompatible Garmin-Uhr kannst du dich stets sehen lassen und machst auch beim Sport eine gute Figur.\" \/>\n<meta name=\"robots\" content=\"index, follow, max-snippet:-1, max-image-preview:large, max-video-preview:-1\" \/>\n<link rel=\"canonical\" href=\"https:\/\/www.miomiorun.com\/de\/produkt\/garmin-schnellwechsel-armbaender-18-mm\/\" \/>\n<meta property=\"og:locale\" content=\"de_DE\" \/>\n<meta property=\"og:type\" content=\"article\" \/>\n<meta property=\"og:title\" content=\"Garmin Schnellwechsel-Armb\u00e4nder (18 mm) - MioMioRun\" \/>\n<meta property=\"og:description\" content=\"Mit diesen verstellbaren Schnellwechsel-Armb\u00e4ndern f\u00fcr deine kompatible Garmin-Uhr kannst du dich stets sehen lassen und machst auch beim Sport eine gute Figur.\" \/>\n<meta property=\"og:url\" content=\"https:\/\/www.miomiorun.com\/de\/produkt\/garmin-schnellwechsel-armbaender-18-mm\/\" \/>\n<meta property=\"og:site_name\" content=\"MioMioRun\" \/>\n<meta property=\"article:publisher\" content=\"https:\/\/www.facebook.com\/miomiorun\/\" \/>\n<meta property=\"article:modified_time\" content=\"2025-03-06T14:56:34+00:00\" \/>\n<meta property=\"og:image\" content=\"https:\/\/www.miomiorun.com\/app\/uploads\/2022\/02\/garmin-quickrelease-18-mm-010-12932-03.jpg\" \/>\n\t<meta property=\"og:image:width\" content=\"600\" \/>\n\t<meta property=\"og:image:height\" content=\"600\" \/>\n\t<meta property=\"og:image:type\" content=\"image\/jpeg\" \/>\n<meta name=\"twitter:card\" content=\"summary_large_image\" \/>\n<script type=\"application\/ld+json\" class=\"yoast-schema-graph\">{\"@context\":\"https:\/\/schema.org\",\"@graph\":[{\"@type\":\"WebPage\",\"@id\":\"https:\/\/www.miomiorun.com\/de\/produkt\/garmin-schnellwechsel-armbaender-18-mm\/\",\"url\":\"https:\/\/www.miomiorun.com\/de\/produkt\/garmin-schnellwechsel-armbaender-18-mm\/\",\"name\":\"Garmin Schnellwechsel-Armb\u00e4nder (18 mm) - MioMioRun\",\"isPartOf\":{\"@id\":\"https:\/\/www.miomiorun.com\/de\/#website\"},\"primaryImageOfPage\":{\"@id\":\"https:\/\/www.miomiorun.com\/de\/produkt\/garmin-schnellwechsel-armbaender-18-mm\/#primaryimage\"},\"image\":{\"@id\":\"https:\/\/www.miomiorun.com\/de\/produkt\/garmin-schnellwechsel-armbaender-18-mm\/#primaryimage\"},\"thumbnailUrl\":\"https:\/\/www.miomiorun.com\/app\/uploads\/2022\/02\/garmin-quickrelease-18-mm-010-12932-03.jpg\",\"datePublished\":\"2022-02-10T16:32:35+00:00\",\"dateModified\":\"2025-03-06T14:56:34+00:00\",\"description\":\"Mit diesen verstellbaren Schnellwechsel-Armb\u00e4ndern f\u00fcr deine kompatible Garmin-Uhr kannst du dich stets sehen lassen und machst auch beim Sport eine gute Figur.\",\"breadcrumb\":{\"@id\":\"https:\/\/www.miomiorun.com\/de\/produkt\/garmin-schnellwechsel-armbaender-18-mm\/#breadcrumb\"},\"inLanguage\":\"de-DE\",\"potentialAction\":[{\"@type\":\"ReadAction\",\"target\":[\"https:\/\/www.miomiorun.com\/de\/produkt\/garmin-schnellwechsel-armbaender-18-mm\/\"]}]},{\"@type\":\"ImageObject\",\"inLanguage\":\"de-DE\",\"@id\":\"https:\/\/www.miomiorun.com\/de\/produkt\/garmin-schnellwechsel-armbaender-18-mm\/#primaryimage\",\"url\":\"https:\/\/www.miomiorun.com\/app\/uploads\/2022\/02\/garmin-quickrelease-18-mm-010-12932-03.jpg\",\"contentUrl\":\"https:\/\/www.miomiorun.com\/app\/uploads\/2022\/02\/garmin-quickrelease-18-mm-010-12932-03.jpg\",\"width\":600,\"height\":600,\"caption\":\"garmin-quickrelease-18-mm-010-12932-03\"},{\"@type\":\"BreadcrumbList\",\"@id\":\"https:\/\/www.miomiorun.com\/de\/produkt\/garmin-schnellwechsel-armbaender-18-mm\/#breadcrumb\",\"itemListElement\":[{\"@type\":\"ListItem\",\"position\":1,\"name\":\"Home\",\"item\":\"https:\/\/www.miomiorun.com\/de\/\"},{\"@type\":\"ListItem\",\"position\":2,\"name\":\"Shop\",\"item\":\"https:\/\/www.miomiorun.com\/shop\/\"},{\"@type\":\"ListItem\",\"position\":3,\"name\":\"Schnellwechsel-Armb\u00e4nder (18 mm)\"}]},{\"@type\":\"WebSite\",\"@id\":\"https:\/\/www.miomiorun.com\/de\/#website\",\"url\":\"https:\/\/www.miomiorun.com\/de\/\",\"name\":\"MioMioRun\",\"description\":\"100% Lauf- und Trailshop\",\"publisher\":{\"@id\":\"https:\/\/www.miomiorun.com\/de\/#organization\"},\"potentialAction\":[{\"@type\":\"SearchAction\",\"target\":{\"@type\":\"EntryPoint\",\"urlTemplate\":\"https:\/\/www.miomiorun.com\/de\/?s={search_term_string}\"},\"query-input\":{\"@type\":\"PropertyValueSpecification\",\"valueRequired\":true,\"valueName\":\"search_term_string\"}}],\"inLanguage\":\"de-DE\"},{\"@type\":\"Organization\",\"@id\":\"https:\/\/www.miomiorun.com\/de\/#organization\",\"name\":\"MioMio Run\",\"url\":\"https:\/\/www.miomiorun.com\/de\/\",\"logo\":{\"@type\":\"ImageObject\",\"inLanguage\":\"de-DE\",\"@id\":\"https:\/\/www.miomiorun.com\/de\/#\/schema\/logo\/image\/\",\"url\":\"https:\/\/www.miomiorun.com\/app\/uploads\/2019\/12\/logomio.png\",\"contentUrl\":\"https:\/\/www.miomiorun.com\/app\/uploads\/2019\/12\/logomio.png\",\"width\":115,\"height\":82,\"caption\":\"MioMio Run\"},\"image\":{\"@id\":\"https:\/\/www.miomiorun.com\/de\/#\/schema\/logo\/image\/\"},\"sameAs\":[\"https:\/\/www.facebook.com\/miomiorun\/\",\"https:\/\/www.instagram.com\/miomiorun\/\"]}]}<\/script>\n<!-- \/ Yoast SEO plugin. -->","yoast_head_json":{"title":"Garmin Schnellwechsel-Armb\u00e4nder (18 mm) - MioMioRun","description":"Mit diesen verstellbaren Schnellwechsel-Armb\u00e4ndern f\u00fcr deine kompatible Garmin-Uhr kannst du dich stets sehen lassen und machst auch beim Sport eine gute Figur.","robots":{"index":"index","follow":"follow","max-snippet":"max-snippet:-1","max-image-preview":"max-image-preview:large","max-video-preview":"max-video-preview:-1"},"canonical":"https:\/\/www.miomiorun.com\/de\/produkt\/garmin-schnellwechsel-armbaender-18-mm\/","og_locale":"de_DE","og_type":"article","og_title":"Garmin Schnellwechsel-Armb\u00e4nder (18 mm) - MioMioRun","og_description":"Mit diesen verstellbaren Schnellwechsel-Armb\u00e4ndern f\u00fcr deine kompatible Garmin-Uhr kannst du dich stets sehen lassen und machst auch beim Sport eine gute Figur.","og_url":"https:\/\/www.miomiorun.com\/de\/produkt\/garmin-schnellwechsel-armbaender-18-mm\/","og_site_name":"MioMioRun","article_publisher":"https:\/\/www.facebook.com\/miomiorun\/","article_modified_time":"2025-03-06T14:56:34+00:00","og_image":[{"width":600,"height":600,"url":"https:\/\/www.miomiorun.com\/app\/uploads\/2022\/02\/garmin-quickrelease-18-mm-010-12932-03.jpg","type":"image\/jpeg"}],"twitter_card":"summary_large_image","schema":{"@context":"https:\/\/schema.org","@graph":[{"@type":"WebPage","@id":"https:\/\/www.miomiorun.com\/de\/produkt\/garmin-schnellwechsel-armbaender-18-mm\/","url":"https:\/\/www.miomiorun.com\/de\/produkt\/garmin-schnellwechsel-armbaender-18-mm\/","name":"Garmin Schnellwechsel-Armb\u00e4nder (18 mm) - MioMioRun","isPartOf":{"@id":"https:\/\/www.miomiorun.com\/de\/#website"},"primaryImageOfPage":{"@id":"https:\/\/www.miomiorun.com\/de\/produkt\/garmin-schnellwechsel-armbaender-18-mm\/#primaryimage"},"image":{"@id":"https:\/\/www.miomiorun.com\/de\/produkt\/garmin-schnellwechsel-armbaender-18-mm\/#primaryimage"},"thumbnailUrl":"https:\/\/www.miomiorun.com\/app\/uploads\/2022\/02\/garmin-quickrelease-18-mm-010-12932-03.jpg","datePublished":"2022-02-10T16:32:35+00:00","dateModified":"2025-03-06T14:56:34+00:00","description":"Mit diesen verstellbaren Schnellwechsel-Armb\u00e4ndern f\u00fcr deine kompatible Garmin-Uhr kannst du dich stets sehen lassen und machst auch beim Sport eine gute Figur.","breadcrumb":{"@id":"https:\/\/www.miomiorun.com\/de\/produkt\/garmin-schnellwechsel-armbaender-18-mm\/#breadcrumb"},"inLanguage":"de-DE","potentialAction":[{"@type":"ReadAction","target":["https:\/\/www.miomiorun.com\/de\/produkt\/garmin-schnellwechsel-armbaender-18-mm\/"]}]},{"@type":"ImageObject","inLanguage":"de-DE","@id":"https:\/\/www.miomiorun.com\/de\/produkt\/garmin-schnellwechsel-armbaender-18-mm\/#primaryimage","url":"https:\/\/www.miomiorun.com\/app\/uploads\/2022\/02\/garmin-quickrelease-18-mm-010-12932-03.jpg","contentUrl":"https:\/\/www.miomiorun.com\/app\/uploads\/2022\/02\/garmin-quickrelease-18-mm-010-12932-03.jpg","width":600,"height":600,"caption":"garmin-quickrelease-18-mm-010-12932-03"},{"@type":"BreadcrumbList","@id":"https:\/\/www.miomiorun.com\/de\/produkt\/garmin-schnellwechsel-armbaender-18-mm\/#breadcrumb","itemListElement":[{"@type":"ListItem","position":1,"name":"Home","item":"https:\/\/www.miomiorun.com\/de\/"},{"@type":"ListItem","position":2,"name":"Shop","item":"https:\/\/www.miomiorun.com\/shop\/"},{"@type":"ListItem","position":3,"name":"Schnellwechsel-Armb\u00e4nder (18 mm)"}]},{"@type":"WebSite","@id":"https:\/\/www.miomiorun.com\/de\/#website","url":"https:\/\/www.miomiorun.com\/de\/","name":"MioMioRun","description":"100% Lauf- und Trailshop","publisher":{"@id":"https:\/\/www.miomiorun.com\/de\/#organization"},"potentialAction":[{"@type":"SearchAction","target":{"@type":"EntryPoint","urlTemplate":"https:\/\/www.miomiorun.com\/de\/?s={search_term_string}"},"query-input":{"@type":"PropertyValueSpecification","valueRequired":true,"valueName":"search_term_string"}}],"inLanguage":"de-DE"},{"@type":"Organization","@id":"https:\/\/www.miomiorun.com\/de\/#organization","name":"MioMio Run","url":"https:\/\/www.miomiorun.com\/de\/","logo":{"@type":"ImageObject","inLanguage":"de-DE","@id":"https:\/\/www.miomiorun.com\/de\/#\/schema\/logo\/image\/","url":"https:\/\/www.miomiorun.com\/app\/uploads\/2019\/12\/logomio.png","contentUrl":"https:\/\/www.miomiorun.com\/app\/uploads\/2019\/12\/logomio.png","width":115,"height":82,"caption":"MioMio Run"},"image":{"@id":"https:\/\/www.miomiorun.com\/de\/#\/schema\/logo\/image\/"},"sameAs":["https:\/\/www.facebook.com\/miomiorun\/","https:\/\/www.instagram.com\/miomiorun\/"]}]}},"_links":{"self":[{"href":"https:\/\/www.miomiorun.com\/de\/wp-json\/wp\/v2\/product\/60623","targetHints":{"allow":["GET"]}}],"collection":[{"href":"https:\/\/www.miomiorun.com\/de\/wp-json\/wp\/v2\/product"}],"about":[{"href":"https:\/\/www.miomiorun.com\/de\/wp-json\/wp\/v2\/types\/product"}],"wp:featuredmedia":[{"embeddable":true,"href":"https:\/\/www.miomiorun.com\/de\/wp-json\/wp\/v2\/media\/60579"}],"wp:attachment":[{"href":"https:\/\/www.miomiorun.com\/de\/wp-json\/wp\/v2\/media?parent=60623"}],"wp:term":[{"taxonomy":"product_brand","embeddable":true,"href":"https:\/\/www.miomiorun.com\/de\/wp-json\/wp\/v2\/product_brand?post=60623"},{"taxonomy":"product_cat","embeddable":true,"href":"https:\/\/www.miomiorun.com\/de\/wp-json\/wp\/v2\/product_cat?post=60623"},{"taxonomy":"product_tag","embeddable":true,"href":"https:\/\/www.miomiorun.com\/de\/wp-json\/wp\/v2\/product_tag?post=60623"}],"curies":[{"name":"wp","href":"https:\/\/api.w.org\/{rel}","templated":true}]}}