{"id":438197,"date":"2026-05-05T17:29:09","date_gmt":"2026-05-05T15:29:09","guid":{"rendered":"https:\/\/www.miomiorun.com\/?post_type=product&#038;p=438197"},"modified":"2026-05-14T10:47:15","modified_gmt":"2026-05-14T08:47:15","slug":"cloudrunner-3-damen","status":"publish","type":"product","link":"https:\/\/www.miomiorun.com\/de\/produkt\/cloudrunner-3-damen\/","title":{"rendered":"Cloudrunner 3 damen"},"content":{"rendered":"<table style=\"border-collapse: collapse;width: 100%\">\n<tbody>\n<tr>\n<td style=\"width: 33.3333%;vertical-align: top;text-align: center\">\n<h4 style=\"text-align: left\">Technische Daten<\/h4>\n<p style=\"text-align: left\">Kategorie: Stabil<br \/>\nSprengung: 8 mm<br \/>\nGewicht: 250 g<br \/>\nIdeal f\u00fcr: alle, die einen Begleiter f\u00fcr den t\u00e4glichen Lauf mit der richtigen Unterst\u00fctzung suchen<br \/>\nGewicht des L\u00e4ufers: 70\u201390 kg<br \/>\nLauftempo: 5,00\u20136,00 min\/km<br \/>\n<a href=\"https:\/\/miomiorun.com\/guida-alle-specifiche-tecniche\/\">Leitfaden zu den technischen Daten<\/a><\/p>\n<\/td>\n<td style=\"width: 66.6666%;vertical-align: top;text-align: center\">\n<p style=\"text-align: left\" data-start=\"0\" data-end=\"321\">Der On Cloudrunner 3 wurde entwickelt, um <strong data-start=\"76\" data-end=\"89\">Stabilit\u00e4t<\/strong>, <strong data-start=\"91\" data-end=\"102\">Komfort<\/strong> und <strong data-start=\"105\" data-end=\"118\">Kontrolle<\/strong> beim t\u00e4glichen Laufen zu bieten. Als Weiterentwicklung eines der beliebtesten Daily-Trainer-Modelle verf\u00fcgen sie \u00fcber eine <strong data-start=\"217\" data-end=\"235\">breitere Basis<\/strong> und eine <strong data-start=\"241\" data-end=\"272\">gezielte Fersenunterst\u00fctzung<\/strong>, um ein sichereres und ausgewogeneres Laufgef\u00fchl zu gew\u00e4hrleisten.<\/p>\n<p style=\"text-align: left\" data-start=\"323\" data-end=\"363\">Die Konstruktion ist darauf ausgelegt, Folgendes zu gew\u00e4hrleisten:<\/p>\n<ul style=\"text-align: left\" data-start=\"364\" data-end=\"585\">\n<li data-section-id=\"1agvpcn\" data-start=\"364\" data-end=\"439\"><strong data-start=\"366\" data-end=\"388\">Konstante Stabilit\u00e4t<\/strong> dank der breiten Basis und der asymmetrischen Unterst\u00fctzung<\/li>\n<li data-section-id=\"70b83n\" data-start=\"440\" data-end=\"522\"><strong data-start=\"442\" data-end=\"472\">Sto\u00dfd\u00e4mpfung<\/strong> durch CloudTec\u00ae-D\u00e4mpfung und Helion\u2122-Schaumstoff<\/li>\n<li data-section-id=\"8izctm\" data-start=\"523\" data-end=\"585\"><strong data-start=\"525\" data-end=\"547\">Fl\u00fcssiger \u00dcbergang<\/strong> durch Rocker-Geometrie im Vorfu\u00dfbereich<\/li>\n<\/ul>\n<p style=\"text-align: left\" data-start=\"587\" data-end=\"1004\">Das <strong data-start=\"590\" data-end=\"612\">atmungsaktive Obermaterial<\/strong> sorgt f\u00fcr Bel\u00fcftung w\u00e4hrend des Trainings, w\u00e4hrend <strong data-start=\"666\" data-end=\"703\">die extraweiche Ferse und Zunge<\/strong> die Passform und den allgemeinen Komfort verbessern. Die erh\u00f6hte Seitenst\u00fctze tr\u00e4gt dazu bei, den Fu\u00df stabil zu halten, w\u00e4hrend die <strong data-start=\"832\" data-end=\"861\">robuste Gummisohle<\/strong> f\u00fcr Traktion und Langlebigkeit sorgt. Die <strong data-start=\"902\" data-end=\"926\">reflektierenden Details<\/strong> erh\u00f6hen die Sichtbarkeit bei schlechten Lichtverh\u00e4ltnissen.<\/p>\n<\/td>\n<\/tr>\n<\/tbody>\n<\/table>\n<p>&nbsp;<\/p>\n","protected":false},"excerpt":{"rendered":"<ul>\n<li data-section-id=\"1est7wv\" data-start=\"1187\" data-end=\"1279\"><strong data-start=\"1189\" data-end=\"1238\">CloudTec\u00ae-D\u00e4mpfung mit Helion\u2122-Schaumstoff<\/strong> f\u00fcr Komfort und Sto\u00dfd\u00e4mpfung<\/li>\n<li data-section-id=\"g70yup\" data-start=\"1280\" data-end=\"1344\"><strong data-start=\"1282\" data-end=\"1319\">Breite Sohle und Fersenst\u00fctze<\/strong> f\u00fcr mehr Stabilit\u00e4t<\/li>\n<li data-section-id=\"d8mzss\" data-start=\"1345\" data-end=\"1409\" data-is-last-node=\"\"><strong data-start=\"1347\" data-end=\"1388\">Atmungsaktives Obermaterial und strapazierf\u00e4hige Sohle<\/strong> f\u00fcr Komfort und Langlebigkeit<\/li>\n<\/ul>\n","protected":false},"featured_media":438337,"template":"","meta":{"_acf_changed":false,"inline_featured_image":false},"product_brand":[],"product_cat":[6474,6475],"product_tag":[39518,39521],"class_list":{"0":"post-438197","1":"product","2":"type-product","3":"status-publish","4":"has-post-thumbnail","6":"product_cat-damenschuhe","7":"product_cat-neutral","8":"product_tag-on","9":"product_tag-on-damen","10":"pa_attivita-gehen","11":"pa_attivita-lifestyle-de","12":"pa_attivita-running-de","13":"pa_colore-cloudrunner-3-w-ivory-dew","14":"pa_marca-on","15":"pa_sesso-damen","16":"pa_size-38-de","17":"pa_size-38-5-de","18":"pa_size-39-de","19":"pa_size-40-de","20":"pa_size-40-5-de","21":"pa_size-41-de","23":"first","24":"instock","25":"taxable","26":"shipping-taxable","27":"purchasable","28":"product-type-variable","29":"wvs-archive-product-wrapper"},"acf":[],"yoast_head":"<!-- This site is optimized with the Yoast SEO plugin v26.8 - https:\/\/yoast.com\/product\/yoast-seo-wordpress\/ -->\n<title>On Cloudrunner 3 damen - Laufschuhe f\u00fcr Damen - MioMioRun.com<\/title>\n<meta name=\"description\" content=\"Ein Laufschuh mit breiter Passform, der stabil und gut ged\u00e4mpft ist und bei jedem Lauf Komfort, Kontrolle und Sicherheit bietet.\" \/>\n<meta name=\"robots\" content=\"index, follow, max-snippet:-1, max-image-preview:large, max-video-preview:-1\" \/>\n<link rel=\"canonical\" href=\"https:\/\/www.miomiorun.com\/de\/produkt\/cloudrunner-3-damen\/\" \/>\n<meta property=\"og:locale\" content=\"de_DE\" \/>\n<meta property=\"og:type\" content=\"article\" \/>\n<meta property=\"og:title\" content=\"On Cloudrunner 3 damen - Laufschuhe f\u00fcr Damen - MioMioRun.com\" \/>\n<meta property=\"og:description\" content=\"Ein Laufschuh mit breiter Passform, der stabil und gut ged\u00e4mpft ist und bei jedem Lauf Komfort, Kontrolle und Sicherheit bietet.\" \/>\n<meta property=\"og:url\" content=\"https:\/\/www.miomiorun.com\/de\/produkt\/cloudrunner-3-damen\/\" \/>\n<meta property=\"og:site_name\" content=\"MioMioRun\" \/>\n<meta property=\"article:publisher\" content=\"https:\/\/www.facebook.com\/miomiorun\/\" \/>\n<meta property=\"article:modified_time\" content=\"2026-05-14T08:47:15+00:00\" \/>\n<meta property=\"og:image\" content=\"https:\/\/www.miomiorun.com\/app\/uploads\/2026\/05\/On-Cloudrunner-3-W-ivory-dew-3WG10053387.webp\" \/>\n\t<meta property=\"og:image:width\" content=\"720\" \/>\n\t<meta property=\"og:image:height\" content=\"720\" \/>\n\t<meta property=\"og:image:type\" content=\"image\/webp\" \/>\n<meta name=\"twitter:card\" content=\"summary_large_image\" \/>\n<meta name=\"twitter:label1\" content=\"Est. reading time\" \/>\n\t<meta name=\"twitter:data1\" content=\"2 minutes\" \/>\n<script type=\"application\/ld+json\" class=\"yoast-schema-graph\">{\"@context\":\"https:\/\/schema.org\",\"@graph\":[{\"@type\":\"WebPage\",\"@id\":\"https:\/\/www.miomiorun.com\/de\/produkt\/cloudrunner-3-damen\/\",\"url\":\"https:\/\/www.miomiorun.com\/de\/produkt\/cloudrunner-3-damen\/\",\"name\":\"On Cloudrunner 3 damen - Laufschuhe f\u00fcr Damen - MioMioRun.com\",\"isPartOf\":{\"@id\":\"https:\/\/www.miomiorun.com\/de\/#website\"},\"primaryImageOfPage\":{\"@id\":\"https:\/\/www.miomiorun.com\/de\/produkt\/cloudrunner-3-damen\/#primaryimage\"},\"image\":{\"@id\":\"https:\/\/www.miomiorun.com\/de\/produkt\/cloudrunner-3-damen\/#primaryimage\"},\"thumbnailUrl\":\"https:\/\/www.miomiorun.com\/app\/uploads\/2026\/05\/On-Cloudrunner-3-W-ivory-dew-3WG10053387.webp\",\"datePublished\":\"2026-05-05T15:29:09+00:00\",\"dateModified\":\"2026-05-14T08:47:15+00:00\",\"description\":\"Ein Laufschuh mit breiter Passform, der stabil und gut ged\u00e4mpft ist und bei jedem Lauf Komfort, Kontrolle und Sicherheit bietet.\",\"breadcrumb\":{\"@id\":\"https:\/\/www.miomiorun.com\/de\/produkt\/cloudrunner-3-damen\/#breadcrumb\"},\"inLanguage\":\"de-DE\",\"potentialAction\":[{\"@type\":\"ReadAction\",\"target\":[\"https:\/\/www.miomiorun.com\/de\/produkt\/cloudrunner-3-damen\/\"]}]},{\"@type\":\"ImageObject\",\"inLanguage\":\"de-DE\",\"@id\":\"https:\/\/www.miomiorun.com\/de\/produkt\/cloudrunner-3-damen\/#primaryimage\",\"url\":\"https:\/\/www.miomiorun.com\/app\/uploads\/2026\/05\/On-Cloudrunner-3-W-ivory-dew-3WG10053387.webp\",\"contentUrl\":\"https:\/\/www.miomiorun.com\/app\/uploads\/2026\/05\/On-Cloudrunner-3-W-ivory-dew-3WG10053387.webp\",\"width\":720,\"height\":720,\"caption\":\"On Cloudrunner 3 W ivory dew 3WG10053387\"},{\"@type\":\"BreadcrumbList\",\"@id\":\"https:\/\/www.miomiorun.com\/de\/produkt\/cloudrunner-3-damen\/#breadcrumb\",\"itemListElement\":[{\"@type\":\"ListItem\",\"position\":1,\"name\":\"Home\",\"item\":\"https:\/\/www.miomiorun.com\/de\/home-page\/\"},{\"@type\":\"ListItem\",\"position\":2,\"name\":\"Shop\",\"item\":\"https:\/\/www.miomiorun.com\/shop\/\"},{\"@type\":\"ListItem\",\"position\":3,\"name\":\"Cloudrunner 3 damen\"}]},{\"@type\":\"WebSite\",\"@id\":\"https:\/\/www.miomiorun.com\/de\/#website\",\"url\":\"https:\/\/www.miomiorun.com\/de\/\",\"name\":\"MioMioRun\",\"description\":\"100% Lauf- und Trailshop\",\"publisher\":{\"@id\":\"https:\/\/www.miomiorun.com\/de\/#organization\"},\"potentialAction\":[{\"@type\":\"SearchAction\",\"target\":{\"@type\":\"EntryPoint\",\"urlTemplate\":\"https:\/\/www.miomiorun.com\/de\/?s={search_term_string}\"},\"query-input\":{\"@type\":\"PropertyValueSpecification\",\"valueRequired\":true,\"valueName\":\"search_term_string\"}}],\"inLanguage\":\"de-DE\"},{\"@type\":\"Organization\",\"@id\":\"https:\/\/www.miomiorun.com\/de\/#organization\",\"name\":\"MioMio Run\",\"url\":\"https:\/\/www.miomiorun.com\/de\/\",\"logo\":{\"@type\":\"ImageObject\",\"inLanguage\":\"de-DE\",\"@id\":\"https:\/\/www.miomiorun.com\/de\/#\/schema\/logo\/image\/\",\"url\":\"https:\/\/www.miomiorun.com\/app\/uploads\/2019\/12\/logomio.png\",\"contentUrl\":\"https:\/\/www.miomiorun.com\/app\/uploads\/2019\/12\/logomio.png\",\"width\":115,\"height\":82,\"caption\":\"MioMio Run\"},\"image\":{\"@id\":\"https:\/\/www.miomiorun.com\/de\/#\/schema\/logo\/image\/\"},\"sameAs\":[\"https:\/\/www.facebook.com\/miomiorun\/\",\"https:\/\/www.instagram.com\/miomiorun\/\"]}]}<\/script>\n<!-- \/ Yoast SEO plugin. -->","yoast_head_json":{"title":"On Cloudrunner 3 damen - Laufschuhe f\u00fcr Damen - MioMioRun.com","description":"Ein Laufschuh mit breiter Passform, der stabil und gut ged\u00e4mpft ist und bei jedem Lauf Komfort, Kontrolle und Sicherheit bietet.","robots":{"index":"index","follow":"follow","max-snippet":"max-snippet:-1","max-image-preview":"max-image-preview:large","max-video-preview":"max-video-preview:-1"},"canonical":"https:\/\/www.miomiorun.com\/de\/produkt\/cloudrunner-3-damen\/","og_locale":"de_DE","og_type":"article","og_title":"On Cloudrunner 3 damen - Laufschuhe f\u00fcr Damen - MioMioRun.com","og_description":"Ein Laufschuh mit breiter Passform, der stabil und gut ged\u00e4mpft ist und bei jedem Lauf Komfort, Kontrolle und Sicherheit bietet.","og_url":"https:\/\/www.miomiorun.com\/de\/produkt\/cloudrunner-3-damen\/","og_site_name":"MioMioRun","article_publisher":"https:\/\/www.facebook.com\/miomiorun\/","article_modified_time":"2026-05-14T08:47:15+00:00","og_image":[{"width":720,"height":720,"url":"https:\/\/www.miomiorun.com\/app\/uploads\/2026\/05\/On-Cloudrunner-3-W-ivory-dew-3WG10053387.webp","type":"image\/webp"}],"twitter_card":"summary_large_image","twitter_misc":{"Est. reading time":"2 minutes"},"schema":{"@context":"https:\/\/schema.org","@graph":[{"@type":"WebPage","@id":"https:\/\/www.miomiorun.com\/de\/produkt\/cloudrunner-3-damen\/","url":"https:\/\/www.miomiorun.com\/de\/produkt\/cloudrunner-3-damen\/","name":"On Cloudrunner 3 damen - Laufschuhe f\u00fcr Damen - MioMioRun.com","isPartOf":{"@id":"https:\/\/www.miomiorun.com\/de\/#website"},"primaryImageOfPage":{"@id":"https:\/\/www.miomiorun.com\/de\/produkt\/cloudrunner-3-damen\/#primaryimage"},"image":{"@id":"https:\/\/www.miomiorun.com\/de\/produkt\/cloudrunner-3-damen\/#primaryimage"},"thumbnailUrl":"https:\/\/www.miomiorun.com\/app\/uploads\/2026\/05\/On-Cloudrunner-3-W-ivory-dew-3WG10053387.webp","datePublished":"2026-05-05T15:29:09+00:00","dateModified":"2026-05-14T08:47:15+00:00","description":"Ein Laufschuh mit breiter Passform, der stabil und gut ged\u00e4mpft ist und bei jedem Lauf Komfort, Kontrolle und Sicherheit bietet.","breadcrumb":{"@id":"https:\/\/www.miomiorun.com\/de\/produkt\/cloudrunner-3-damen\/#breadcrumb"},"inLanguage":"de-DE","potentialAction":[{"@type":"ReadAction","target":["https:\/\/www.miomiorun.com\/de\/produkt\/cloudrunner-3-damen\/"]}]},{"@type":"ImageObject","inLanguage":"de-DE","@id":"https:\/\/www.miomiorun.com\/de\/produkt\/cloudrunner-3-damen\/#primaryimage","url":"https:\/\/www.miomiorun.com\/app\/uploads\/2026\/05\/On-Cloudrunner-3-W-ivory-dew-3WG10053387.webp","contentUrl":"https:\/\/www.miomiorun.com\/app\/uploads\/2026\/05\/On-Cloudrunner-3-W-ivory-dew-3WG10053387.webp","width":720,"height":720,"caption":"On Cloudrunner 3 W ivory dew 3WG10053387"},{"@type":"BreadcrumbList","@id":"https:\/\/www.miomiorun.com\/de\/produkt\/cloudrunner-3-damen\/#breadcrumb","itemListElement":[{"@type":"ListItem","position":1,"name":"Home","item":"https:\/\/www.miomiorun.com\/de\/home-page\/"},{"@type":"ListItem","position":2,"name":"Shop","item":"https:\/\/www.miomiorun.com\/shop\/"},{"@type":"ListItem","position":3,"name":"Cloudrunner 3 damen"}]},{"@type":"WebSite","@id":"https:\/\/www.miomiorun.com\/de\/#website","url":"https:\/\/www.miomiorun.com\/de\/","name":"MioMioRun","description":"100% Lauf- und Trailshop","publisher":{"@id":"https:\/\/www.miomiorun.com\/de\/#organization"},"potentialAction":[{"@type":"SearchAction","target":{"@type":"EntryPoint","urlTemplate":"https:\/\/www.miomiorun.com\/de\/?s={search_term_string}"},"query-input":{"@type":"PropertyValueSpecification","valueRequired":true,"valueName":"search_term_string"}}],"inLanguage":"de-DE"},{"@type":"Organization","@id":"https:\/\/www.miomiorun.com\/de\/#organization","name":"MioMio Run","url":"https:\/\/www.miomiorun.com\/de\/","logo":{"@type":"ImageObject","inLanguage":"de-DE","@id":"https:\/\/www.miomiorun.com\/de\/#\/schema\/logo\/image\/","url":"https:\/\/www.miomiorun.com\/app\/uploads\/2019\/12\/logomio.png","contentUrl":"https:\/\/www.miomiorun.com\/app\/uploads\/2019\/12\/logomio.png","width":115,"height":82,"caption":"MioMio Run"},"image":{"@id":"https:\/\/www.miomiorun.com\/de\/#\/schema\/logo\/image\/"},"sameAs":["https:\/\/www.facebook.com\/miomiorun\/","https:\/\/www.instagram.com\/miomiorun\/"]}]}},"_links":{"self":[{"href":"https:\/\/www.miomiorun.com\/de\/wp-json\/wp\/v2\/product\/438197","targetHints":{"allow":["GET"]}}],"collection":[{"href":"https:\/\/www.miomiorun.com\/de\/wp-json\/wp\/v2\/product"}],"about":[{"href":"https:\/\/www.miomiorun.com\/de\/wp-json\/wp\/v2\/types\/product"}],"wp:featuredmedia":[{"embeddable":true,"href":"https:\/\/www.miomiorun.com\/de\/wp-json\/wp\/v2\/media\/438337"}],"wp:attachment":[{"href":"https:\/\/www.miomiorun.com\/de\/wp-json\/wp\/v2\/media?parent=438197"}],"wp:term":[{"taxonomy":"product_brand","embeddable":true,"href":"https:\/\/www.miomiorun.com\/de\/wp-json\/wp\/v2\/product_brand?post=438197"},{"taxonomy":"product_cat","embeddable":true,"href":"https:\/\/www.miomiorun.com\/de\/wp-json\/wp\/v2\/product_cat?post=438197"},{"taxonomy":"product_tag","embeddable":true,"href":"https:\/\/www.miomiorun.com\/de\/wp-json\/wp\/v2\/product_tag?post=438197"}],"curies":[{"name":"wp","href":"https:\/\/api.w.org\/{rel}","templated":true}]}}