{"id":438067,"date":"2026-05-05T17:01:49","date_gmt":"2026-05-05T15:01:49","guid":{"rendered":"https:\/\/www.miomiorun.com\/?post_type=product&#038;p=438067"},"modified":"2026-05-14T10:43:48","modified_gmt":"2026-05-14T08:43:48","slug":"cloudrunner-3-herren","status":"publish","type":"product","link":"https:\/\/www.miomiorun.com\/de\/produkt\/cloudrunner-3-herren\/","title":{"rendered":"Cloudrunner 3 herren"},"content":{"rendered":"<table style=\"border-collapse: collapse;width: 100%\">\n<tbody>\n<tr>\n<td style=\"width: 33.2595%;vertical-align: top;text-align: center\">\n<h4 style=\"text-align: left\">Technische Daten<\/h4>\n<p style=\"text-align: left\">Kategorie: stabil<br \/>\nOffset: 8 mm<br \/>\nGewicht: 311 g<br \/>\nIdeal f\u00fcr: alle, die einen Begleiter f\u00fcr den t\u00e4glichen Lauf mit der richtigen Unterst\u00fctzung suchen<br \/>\nGewicht des L\u00e4ufers: 70\u201390 kg<br \/>\nLauftempo: 5,00\u20136,00 min\/km<br \/>\n<a href=\"https:\/\/miomiorun.com\/guida-alle-specifiche-tecniche\/\">Leitfaden zu den technischen Daten<\/a><\/p>\n<\/td>\n<td style=\"width: 66.7404%;vertical-align: top;text-align: center\">\n<p style=\"text-align: left\" data-start=\"0\" data-end=\"370\">Der On Cloudrunner 3 ist die Weiterentwicklung eines <strong data-start=\"82\" data-end=\"99\">Daily Trainers<\/strong>, der entwickelt wurde, um bei jedem Lauf <strong data-start=\"120\" data-end=\"133\">Stabilit\u00e4t<\/strong>, <strong data-start=\"135\" data-end=\"146\">Komfort<\/strong> und <strong data-start=\"149\" data-end=\"162\">Kontrolle<\/strong> zu bieten. Entwickelt, um dich bei deinem t\u00e4glichen Lauf zu begleiten, kombinieren sie eine breitere Passform mit gezielter Unterst\u00fctzung, um vom ersten bis zum letzten Kilometer ein konstantes Gef\u00fchl der Sicherheit zu gew\u00e4hrleisten.<\/p>\n<p style=\"text-align: left\" data-start=\"372\" data-end=\"412\">Die Konstruktion ist darauf ausgelegt, Folgendes zu gew\u00e4hrleisten:<\/p>\n<ul style=\"text-align: left\" data-start=\"413\" data-end=\"647\">\n<li data-section-id=\"12unlx0\" data-start=\"413\" data-end=\"493\"><strong data-start=\"415\" data-end=\"438\">\u00dcberragende Stabilit\u00e4t<\/strong> dank breiterer Basis und Fersenst\u00fctze<\/li>\n<li data-section-id=\"70b83n\" data-start=\"494\" data-end=\"576\"><strong data-start=\"496\" data-end=\"526\">Sto\u00dfd\u00e4mpfung<\/strong> durch CloudTec\u00ae-D\u00e4mpfung und Helion\u2122-Schaumstoff<\/li>\n<li data-section-id=\"1fi20hk\" data-start=\"577\" data-end=\"647\"><strong data-start=\"579\" data-end=\"609\">Fl\u00fcssiger und kontrollierter Lauf<\/strong> durch Rocker-Geometrie im Vorfu\u00dfbereich<\/li>\n<\/ul>\n<p style=\"text-align: left\" data-start=\"649\" data-end=\"1106\">Das <strong data-start=\"652\" data-end=\"674\">atmungsaktive Obermaterial<\/strong> verbessert die Bel\u00fcftung, w\u00e4hrend <strong data-start=\"708\" data-end=\"745\">die extraweiche Ferse und Zunge<\/strong> das Anziehen erleichtern und den Komfort erh\u00f6hen. Die <strong data-start=\"795\" data-end=\"831\">asymmetrische Fersenst\u00fctze<\/strong> und die erh\u00f6hte Seitenst\u00fctze tragen zu mehr Stabilit\u00e4t beim Laufen bei. Die <strong data-start=\"920\" data-end=\"949\">robuste Gummisohle<\/strong> wurde f\u00fcr Traktion und Langlebigkeit entwickelt, w\u00e4hrend die <strong data-start=\"1003\" data-end=\"1027\">reflektierenden Details<\/strong> die Sichtbarkeit bei schlechten Lichtverh\u00e4ltnissen verbessern.<\/p>\n<\/td>\n<\/tr>\n<\/tbody>\n<\/table>\n<p>&nbsp;<\/p>\n","protected":false},"excerpt":{"rendered":"<ul>\n<li data-section-id=\"12i0lt6\" data-start=\"1297\" data-end=\"1391\"><strong data-start=\"1299\" data-end=\"1348\">CloudTec\u00ae-D\u00e4mpfung mit Helion\u2122-Schaumstoff<\/strong> f\u00fcr Komfort und Sto\u00dfd\u00e4mpfung<\/li>\n<li data-section-id=\"n33kkt\" data-start=\"1392\" data-end=\"1459\"><strong data-start=\"1394\" data-end=\"1431\">Breite Sohle und Fersenst\u00fctze<\/strong> f\u00fcr Stabilit\u00e4t und Kontrolle<\/li>\n<li data-section-id=\"r1szv7\" data-start=\"1460\" data-end=\"1532\" data-is-last-node=\"\"><strong data-start=\"1462\" data-end=\"1507\">Atmungsaktives Obermaterial und reflektierende Details<\/strong> f\u00fcr Komfort und Sichtbarkeit<\/li>\n<\/ul>\n","protected":false},"featured_media":438166,"template":"","meta":{"_acf_changed":false,"inline_featured_image":false},"product_brand":[],"product_cat":[6507,6506],"product_tag":[39518,39524],"class_list":{"0":"post-438067","1":"product","2":"type-product","3":"status-publish","4":"has-post-thumbnail","6":"product_cat-herren-schuhe-de","7":"product_cat-neutrale-herren-schuhe-de","8":"product_tag-on","9":"product_tag-on-herren","10":"pa_attivita-gehen","11":"pa_attivita-lifestyle-de","12":"pa_attivita-running-de","13":"pa_colore-cloudrunner-3-m-ivory-robin","14":"pa_marca-on","15":"pa_sesso-herren","16":"pa_size-41-de","17":"pa_size-42-de","18":"pa_size-42-5-de","19":"pa_size-43-de","20":"pa_size-44-de","21":"pa_size-44-5-de","22":"pa_size-45-de","23":"pa_size-46-de","25":"first","26":"instock","27":"taxable","28":"shipping-taxable","29":"purchasable","30":"product-type-variable","31":"wvs-archive-product-wrapper"},"acf":[],"yoast_head":"<!-- This site is optimized with the Yoast SEO plugin v26.8 - https:\/\/yoast.com\/product\/yoast-seo-wordpress\/ -->\n<title>On Cloudrunner 3 herren - Laufschuhe f\u00fcr Herren - MioMioRun<\/title>\n<meta name=\"description\" content=\"Ein stabiler und gut ged\u00e4mpfter Laufschuh, der Komfort, Kontrolle und Sicherheit beim t\u00e4glichen Lauftraining bietet.\" \/>\n<meta name=\"robots\" content=\"index, follow, max-snippet:-1, max-image-preview:large, max-video-preview:-1\" \/>\n<link rel=\"canonical\" href=\"https:\/\/www.miomiorun.com\/de\/produkt\/cloudrunner-3-herren\/\" \/>\n<meta property=\"og:locale\" content=\"de_DE\" \/>\n<meta property=\"og:type\" content=\"article\" \/>\n<meta property=\"og:title\" content=\"On Cloudrunner 3 herren - Laufschuhe f\u00fcr Herren - MioMioRun\" \/>\n<meta property=\"og:description\" content=\"Ein stabiler und gut ged\u00e4mpfter Laufschuh, der Komfort, Kontrolle und Sicherheit beim t\u00e4glichen Lauftraining bietet.\" \/>\n<meta property=\"og:url\" content=\"https:\/\/www.miomiorun.com\/de\/produkt\/cloudrunner-3-herren\/\" \/>\n<meta property=\"og:site_name\" content=\"MioMioRun\" \/>\n<meta property=\"article:publisher\" content=\"https:\/\/www.facebook.com\/miomiorun\/\" \/>\n<meta property=\"article:modified_time\" content=\"2026-05-14T08:43:48+00:00\" \/>\n<meta property=\"og:image\" content=\"https:\/\/www.miomiorun.com\/app\/uploads\/2026\/05\/On-Cloudrunner-3-M-ivory-robin-3MG10074351.webp\" \/>\n\t<meta property=\"og:image:width\" content=\"720\" \/>\n\t<meta property=\"og:image:height\" content=\"720\" \/>\n\t<meta property=\"og:image:type\" content=\"image\/webp\" \/>\n<meta name=\"twitter:card\" content=\"summary_large_image\" \/>\n<meta name=\"twitter:label1\" content=\"Est. reading time\" \/>\n\t<meta name=\"twitter:data1\" content=\"2 minutes\" \/>\n<script type=\"application\/ld+json\" class=\"yoast-schema-graph\">{\"@context\":\"https:\/\/schema.org\",\"@graph\":[{\"@type\":\"WebPage\",\"@id\":\"https:\/\/www.miomiorun.com\/de\/produkt\/cloudrunner-3-herren\/\",\"url\":\"https:\/\/www.miomiorun.com\/de\/produkt\/cloudrunner-3-herren\/\",\"name\":\"On Cloudrunner 3 herren - Laufschuhe f\u00fcr Herren - MioMioRun\",\"isPartOf\":{\"@id\":\"https:\/\/www.miomiorun.com\/de\/#website\"},\"primaryImageOfPage\":{\"@id\":\"https:\/\/www.miomiorun.com\/de\/produkt\/cloudrunner-3-herren\/#primaryimage\"},\"image\":{\"@id\":\"https:\/\/www.miomiorun.com\/de\/produkt\/cloudrunner-3-herren\/#primaryimage\"},\"thumbnailUrl\":\"https:\/\/www.miomiorun.com\/app\/uploads\/2026\/05\/On-Cloudrunner-3-M-ivory-robin-3MG10074351.webp\",\"datePublished\":\"2026-05-05T15:01:49+00:00\",\"dateModified\":\"2026-05-14T08:43:48+00:00\",\"description\":\"Ein stabiler und gut ged\u00e4mpfter Laufschuh, der Komfort, Kontrolle und Sicherheit beim t\u00e4glichen Lauftraining bietet.\",\"breadcrumb\":{\"@id\":\"https:\/\/www.miomiorun.com\/de\/produkt\/cloudrunner-3-herren\/#breadcrumb\"},\"inLanguage\":\"de-DE\",\"potentialAction\":[{\"@type\":\"ReadAction\",\"target\":[\"https:\/\/www.miomiorun.com\/de\/produkt\/cloudrunner-3-herren\/\"]}]},{\"@type\":\"ImageObject\",\"inLanguage\":\"de-DE\",\"@id\":\"https:\/\/www.miomiorun.com\/de\/produkt\/cloudrunner-3-herren\/#primaryimage\",\"url\":\"https:\/\/www.miomiorun.com\/app\/uploads\/2026\/05\/On-Cloudrunner-3-M-ivory-robin-3MG10074351.webp\",\"contentUrl\":\"https:\/\/www.miomiorun.com\/app\/uploads\/2026\/05\/On-Cloudrunner-3-M-ivory-robin-3MG10074351.webp\",\"width\":720,\"height\":720,\"caption\":\"On Cloudrunner 3 M ivory robin 3MG10074351\"},{\"@type\":\"BreadcrumbList\",\"@id\":\"https:\/\/www.miomiorun.com\/de\/produkt\/cloudrunner-3-herren\/#breadcrumb\",\"itemListElement\":[{\"@type\":\"ListItem\",\"position\":1,\"name\":\"Home\",\"item\":\"https:\/\/www.miomiorun.com\/de\/home-page\/\"},{\"@type\":\"ListItem\",\"position\":2,\"name\":\"Shop\",\"item\":\"https:\/\/www.miomiorun.com\/shop\/\"},{\"@type\":\"ListItem\",\"position\":3,\"name\":\"Cloudrunner 3 herren\"}]},{\"@type\":\"WebSite\",\"@id\":\"https:\/\/www.miomiorun.com\/de\/#website\",\"url\":\"https:\/\/www.miomiorun.com\/de\/\",\"name\":\"MioMioRun\",\"description\":\"100% Lauf- und Trailshop\",\"publisher\":{\"@id\":\"https:\/\/www.miomiorun.com\/de\/#organization\"},\"potentialAction\":[{\"@type\":\"SearchAction\",\"target\":{\"@type\":\"EntryPoint\",\"urlTemplate\":\"https:\/\/www.miomiorun.com\/de\/?s={search_term_string}\"},\"query-input\":{\"@type\":\"PropertyValueSpecification\",\"valueRequired\":true,\"valueName\":\"search_term_string\"}}],\"inLanguage\":\"de-DE\"},{\"@type\":\"Organization\",\"@id\":\"https:\/\/www.miomiorun.com\/de\/#organization\",\"name\":\"MioMio Run\",\"url\":\"https:\/\/www.miomiorun.com\/de\/\",\"logo\":{\"@type\":\"ImageObject\",\"inLanguage\":\"de-DE\",\"@id\":\"https:\/\/www.miomiorun.com\/de\/#\/schema\/logo\/image\/\",\"url\":\"https:\/\/www.miomiorun.com\/app\/uploads\/2019\/12\/logomio.png\",\"contentUrl\":\"https:\/\/www.miomiorun.com\/app\/uploads\/2019\/12\/logomio.png\",\"width\":115,\"height\":82,\"caption\":\"MioMio Run\"},\"image\":{\"@id\":\"https:\/\/www.miomiorun.com\/de\/#\/schema\/logo\/image\/\"},\"sameAs\":[\"https:\/\/www.facebook.com\/miomiorun\/\",\"https:\/\/www.instagram.com\/miomiorun\/\"]}]}<\/script>\n<!-- \/ Yoast SEO plugin. -->","yoast_head_json":{"title":"On Cloudrunner 3 herren - Laufschuhe f\u00fcr Herren - MioMioRun","description":"Ein stabiler und gut ged\u00e4mpfter Laufschuh, der Komfort, Kontrolle und Sicherheit beim t\u00e4glichen Lauftraining bietet.","robots":{"index":"index","follow":"follow","max-snippet":"max-snippet:-1","max-image-preview":"max-image-preview:large","max-video-preview":"max-video-preview:-1"},"canonical":"https:\/\/www.miomiorun.com\/de\/produkt\/cloudrunner-3-herren\/","og_locale":"de_DE","og_type":"article","og_title":"On Cloudrunner 3 herren - Laufschuhe f\u00fcr Herren - MioMioRun","og_description":"Ein stabiler und gut ged\u00e4mpfter Laufschuh, der Komfort, Kontrolle und Sicherheit beim t\u00e4glichen Lauftraining bietet.","og_url":"https:\/\/www.miomiorun.com\/de\/produkt\/cloudrunner-3-herren\/","og_site_name":"MioMioRun","article_publisher":"https:\/\/www.facebook.com\/miomiorun\/","article_modified_time":"2026-05-14T08:43:48+00:00","og_image":[{"width":720,"height":720,"url":"https:\/\/www.miomiorun.com\/app\/uploads\/2026\/05\/On-Cloudrunner-3-M-ivory-robin-3MG10074351.webp","type":"image\/webp"}],"twitter_card":"summary_large_image","twitter_misc":{"Est. reading time":"2 minutes"},"schema":{"@context":"https:\/\/schema.org","@graph":[{"@type":"WebPage","@id":"https:\/\/www.miomiorun.com\/de\/produkt\/cloudrunner-3-herren\/","url":"https:\/\/www.miomiorun.com\/de\/produkt\/cloudrunner-3-herren\/","name":"On Cloudrunner 3 herren - Laufschuhe f\u00fcr Herren - MioMioRun","isPartOf":{"@id":"https:\/\/www.miomiorun.com\/de\/#website"},"primaryImageOfPage":{"@id":"https:\/\/www.miomiorun.com\/de\/produkt\/cloudrunner-3-herren\/#primaryimage"},"image":{"@id":"https:\/\/www.miomiorun.com\/de\/produkt\/cloudrunner-3-herren\/#primaryimage"},"thumbnailUrl":"https:\/\/www.miomiorun.com\/app\/uploads\/2026\/05\/On-Cloudrunner-3-M-ivory-robin-3MG10074351.webp","datePublished":"2026-05-05T15:01:49+00:00","dateModified":"2026-05-14T08:43:48+00:00","description":"Ein stabiler und gut ged\u00e4mpfter Laufschuh, der Komfort, Kontrolle und Sicherheit beim t\u00e4glichen Lauftraining bietet.","breadcrumb":{"@id":"https:\/\/www.miomiorun.com\/de\/produkt\/cloudrunner-3-herren\/#breadcrumb"},"inLanguage":"de-DE","potentialAction":[{"@type":"ReadAction","target":["https:\/\/www.miomiorun.com\/de\/produkt\/cloudrunner-3-herren\/"]}]},{"@type":"ImageObject","inLanguage":"de-DE","@id":"https:\/\/www.miomiorun.com\/de\/produkt\/cloudrunner-3-herren\/#primaryimage","url":"https:\/\/www.miomiorun.com\/app\/uploads\/2026\/05\/On-Cloudrunner-3-M-ivory-robin-3MG10074351.webp","contentUrl":"https:\/\/www.miomiorun.com\/app\/uploads\/2026\/05\/On-Cloudrunner-3-M-ivory-robin-3MG10074351.webp","width":720,"height":720,"caption":"On Cloudrunner 3 M ivory robin 3MG10074351"},{"@type":"BreadcrumbList","@id":"https:\/\/www.miomiorun.com\/de\/produkt\/cloudrunner-3-herren\/#breadcrumb","itemListElement":[{"@type":"ListItem","position":1,"name":"Home","item":"https:\/\/www.miomiorun.com\/de\/home-page\/"},{"@type":"ListItem","position":2,"name":"Shop","item":"https:\/\/www.miomiorun.com\/shop\/"},{"@type":"ListItem","position":3,"name":"Cloudrunner 3 herren"}]},{"@type":"WebSite","@id":"https:\/\/www.miomiorun.com\/de\/#website","url":"https:\/\/www.miomiorun.com\/de\/","name":"MioMioRun","description":"100% Lauf- und Trailshop","publisher":{"@id":"https:\/\/www.miomiorun.com\/de\/#organization"},"potentialAction":[{"@type":"SearchAction","target":{"@type":"EntryPoint","urlTemplate":"https:\/\/www.miomiorun.com\/de\/?s={search_term_string}"},"query-input":{"@type":"PropertyValueSpecification","valueRequired":true,"valueName":"search_term_string"}}],"inLanguage":"de-DE"},{"@type":"Organization","@id":"https:\/\/www.miomiorun.com\/de\/#organization","name":"MioMio Run","url":"https:\/\/www.miomiorun.com\/de\/","logo":{"@type":"ImageObject","inLanguage":"de-DE","@id":"https:\/\/www.miomiorun.com\/de\/#\/schema\/logo\/image\/","url":"https:\/\/www.miomiorun.com\/app\/uploads\/2019\/12\/logomio.png","contentUrl":"https:\/\/www.miomiorun.com\/app\/uploads\/2019\/12\/logomio.png","width":115,"height":82,"caption":"MioMio Run"},"image":{"@id":"https:\/\/www.miomiorun.com\/de\/#\/schema\/logo\/image\/"},"sameAs":["https:\/\/www.facebook.com\/miomiorun\/","https:\/\/www.instagram.com\/miomiorun\/"]}]}},"_links":{"self":[{"href":"https:\/\/www.miomiorun.com\/de\/wp-json\/wp\/v2\/product\/438067","targetHints":{"allow":["GET"]}}],"collection":[{"href":"https:\/\/www.miomiorun.com\/de\/wp-json\/wp\/v2\/product"}],"about":[{"href":"https:\/\/www.miomiorun.com\/de\/wp-json\/wp\/v2\/types\/product"}],"wp:featuredmedia":[{"embeddable":true,"href":"https:\/\/www.miomiorun.com\/de\/wp-json\/wp\/v2\/media\/438166"}],"wp:attachment":[{"href":"https:\/\/www.miomiorun.com\/de\/wp-json\/wp\/v2\/media?parent=438067"}],"wp:term":[{"taxonomy":"product_brand","embeddable":true,"href":"https:\/\/www.miomiorun.com\/de\/wp-json\/wp\/v2\/product_brand?post=438067"},{"taxonomy":"product_cat","embeddable":true,"href":"https:\/\/www.miomiorun.com\/de\/wp-json\/wp\/v2\/product_cat?post=438067"},{"taxonomy":"product_tag","embeddable":true,"href":"https:\/\/www.miomiorun.com\/de\/wp-json\/wp\/v2\/product_tag?post=438067"}],"curies":[{"name":"wp","href":"https:\/\/api.w.org\/{rel}","templated":true}]}}