{"id":437835,"date":"2026-05-05T16:10:39","date_gmt":"2026-05-05T14:10:39","guid":{"rendered":"https:\/\/www.miomiorun.com\/?post_type=product&#038;p=437835"},"modified":"2026-05-14T10:39:35","modified_gmt":"2026-05-14T08:39:35","slug":"tank-thunder-herren","status":"publish","type":"product","link":"https:\/\/www.miomiorun.com\/de\/produkt\/tank-thunder-herren\/","title":{"rendered":"Tank Thunder herren"},"content":{"rendered":"<p data-start=\"0\" data-end=\"388\">Das Thunder Tank Top ist ein Lauf-Tanktop, das entwickelt wurde, um <strong data-start=\"96\" data-end=\"110\">Leichtigkeit<\/strong>, <strong data-start=\"112\" data-end=\"130\">Atmungsaktivit\u00e4t<\/strong> und <strong data-start=\"133\" data-end=\"144\">Komfort<\/strong> beim Training an hei\u00dfen Tagen zu bieten. Es besteht aus <strong data-start=\"210\" data-end=\"258\">zwei mikroperforierten Stoffen der neuen Generation<\/strong> und kombiniert Abriebfestigkeit mit Feuchtigkeitsmanagement, um die Haut auch bei intensivsten Trainingseinheiten trocken zu halten.<\/p>\n<p data-start=\"390\" data-end=\"428\">Die Konstruktion wurde entwickelt, um Folgendes zu gew\u00e4hrleisten:<\/p>\n<ul data-start=\"429\" data-end=\"595\">\n<li data-section-id=\"vi2wvz\" data-start=\"429\" data-end=\"488\"><strong data-start=\"431\" data-end=\"456\">Optimale Bel\u00fcftung<\/strong> dank mikroperforierter Stoffe<\/li>\n<li data-section-id=\"1gclcfl\" data-start=\"489\" data-end=\"539\"><strong data-start=\"491\" data-end=\"513\">Schnelle Trocknung<\/strong> mit Wicking-Behandlung<\/li>\n<li data-section-id=\"rjxe9p\" data-start=\"540\" data-end=\"595\"><strong data-start=\"542\" data-end=\"571\">Komfort ohne Scheuern<\/strong> dank technischer Details<\/li>\n<\/ul>\n<p data-start=\"597\" data-end=\"930\">Der <strong data-start=\"600\" data-end=\"627\">moderne, klare Schnitt<\/strong> sorgt f\u00fcr eine schlichte und funktionale Passform, w\u00e4hrend die <strong data-start=\"689\" data-end=\"728\">mit reflektierendem Band versiegelten S\u00e4ume<\/strong> den Komfort verbessern und Reibung bei Bewegung verhindern. Die <strong data-start=\"800\" data-end=\"823\">seitlichen Schlitze<\/strong> erh\u00f6hen die Bewegungsfreiheit und die <strong data-start=\"863\" data-end=\"883\">exklusiven Prints<\/strong> runden das dynamische und zeitgem\u00e4\u00dfe Design ab.<\/p>\n","protected":false},"excerpt":{"rendered":"<ul>\n<li data-section-id=\"14dm7q7\" data-start=\"1130\" data-end=\"1219\"><strong data-start=\"1132\" data-end=\"1178\">Mikroperforierte, schnell trocknende Stoffe<\/strong> f\u00fcr Bel\u00fcftung und Schwei\u00dfableitung<\/li>\n<li data-section-id=\"13x6zcy\" data-start=\"1220\" data-end=\"1295\"><strong data-start=\"1222\" data-end=\"1251\">S\u00e4ume mit reflektierendem Band<\/strong> f\u00fcr Komfort und weniger Scheuern<\/li>\n<li data-section-id=\"bihrp3\" data-start=\"1296\" data-end=\"1374\" data-is-last-node=\"\"><strong data-start=\"1298\" data-end=\"1340\">Modernes Design mit seitlichen Einschnitten<\/strong> f\u00fcr mehr Bewegungsfreiheit<\/li>\n<\/ul>\n","protected":false},"featured_media":437904,"template":"","meta":{"_acf_changed":false,"inline_featured_image":false},"product_brand":[],"product_cat":[6515,6540,6513],"product_tag":[3370,6238],"class_list":{"0":"post-437835","1":"product","2":"type-product","3":"status-publish","4":"has-post-thumbnail","6":"product_cat-herren-de","7":"product_cat-herrenbekleidung","8":"product_cat-tank-tops","9":"product_tag-crazy-idea-de","10":"product_tag-crazy-idea-herren-de","11":"pa_attivita-fitness-de","12":"pa_attivita-lifestyle-de","13":"pa_attivita-running-de","14":"pa_colore-tank-thunder-black","15":"pa_colore-tank-thunder-pine-tree","16":"pa_colore-tank-thunder-zenith","17":"pa_marca-crazy-idea-de","18":"pa_sesso-herren","19":"pa_size-small-de","20":"pa_size-medium-de","21":"pa_size-large-de","22":"pa_size-extra-large-de","24":"first","25":"instock","26":"sale","27":"taxable","28":"shipping-taxable","29":"purchasable","30":"product-type-variable","31":"wvs-archive-product-wrapper"},"acf":[],"yoast_head":"<!-- This site is optimized with the Yoast SEO plugin v26.8 - https:\/\/yoast.com\/product\/yoast-seo-wordpress\/ -->\n<title>Crazy Idea Tank Thunder herren - Lauf-Tanktop - MioMioRun<\/title>\n<meta name=\"description\" content=\"Leichtes und atmungsaktives Lauf-Tanktop, das f\u00fcr Frische, Komfort und Bewegungsfreiheit bei Sommerl\u00e4ufen entwickelt wurde.\" \/>\n<meta name=\"robots\" content=\"index, follow, max-snippet:-1, max-image-preview:large, max-video-preview:-1\" \/>\n<link rel=\"canonical\" href=\"https:\/\/www.miomiorun.com\/de\/produkt\/tank-thunder-herren\/\" \/>\n<meta property=\"og:locale\" content=\"de_DE\" \/>\n<meta property=\"og:type\" content=\"article\" \/>\n<meta property=\"og:title\" content=\"Crazy Idea Tank Thunder herren - Lauf-Tanktop - MioMioRun\" \/>\n<meta property=\"og:description\" content=\"Leichtes und atmungsaktives Lauf-Tanktop, das f\u00fcr Frische, Komfort und Bewegungsfreiheit bei Sommerl\u00e4ufen entwickelt wurde.\" \/>\n<meta property=\"og:url\" content=\"https:\/\/www.miomiorun.com\/de\/produkt\/tank-thunder-herren\/\" \/>\n<meta property=\"og:site_name\" content=\"MioMioRun\" \/>\n<meta property=\"article:publisher\" content=\"https:\/\/www.facebook.com\/miomiorun\/\" \/>\n<meta property=\"article:modified_time\" content=\"2026-05-14T08:39:35+00:00\" \/>\n<meta property=\"og:image\" content=\"https:\/\/www.miomiorun.com\/app\/uploads\/2026\/05\/Crazy-Tank-thunder-black-S26195030U-0001.webp\" \/>\n\t<meta property=\"og:image:width\" content=\"720\" \/>\n\t<meta property=\"og:image:height\" content=\"720\" \/>\n\t<meta property=\"og:image:type\" content=\"image\/webp\" \/>\n<meta name=\"twitter:card\" content=\"summary_large_image\" \/>\n<meta name=\"twitter:label1\" content=\"Est. reading time\" \/>\n\t<meta name=\"twitter:data1\" content=\"1 minute\" \/>\n<script type=\"application\/ld+json\" class=\"yoast-schema-graph\">{\"@context\":\"https:\/\/schema.org\",\"@graph\":[{\"@type\":\"WebPage\",\"@id\":\"https:\/\/www.miomiorun.com\/de\/produkt\/tank-thunder-herren\/\",\"url\":\"https:\/\/www.miomiorun.com\/de\/produkt\/tank-thunder-herren\/\",\"name\":\"Crazy Idea Tank Thunder herren - Lauf-Tanktop - MioMioRun\",\"isPartOf\":{\"@id\":\"https:\/\/www.miomiorun.com\/de\/#website\"},\"primaryImageOfPage\":{\"@id\":\"https:\/\/www.miomiorun.com\/de\/produkt\/tank-thunder-herren\/#primaryimage\"},\"image\":{\"@id\":\"https:\/\/www.miomiorun.com\/de\/produkt\/tank-thunder-herren\/#primaryimage\"},\"thumbnailUrl\":\"https:\/\/www.miomiorun.com\/app\/uploads\/2026\/05\/Crazy-Tank-thunder-black-S26195030U-0001.webp\",\"datePublished\":\"2026-05-05T14:10:39+00:00\",\"dateModified\":\"2026-05-14T08:39:35+00:00\",\"description\":\"Leichtes und atmungsaktives Lauf-Tanktop, das f\u00fcr Frische, Komfort und Bewegungsfreiheit bei Sommerl\u00e4ufen entwickelt wurde.\",\"breadcrumb\":{\"@id\":\"https:\/\/www.miomiorun.com\/de\/produkt\/tank-thunder-herren\/#breadcrumb\"},\"inLanguage\":\"de-DE\",\"potentialAction\":[{\"@type\":\"ReadAction\",\"target\":[\"https:\/\/www.miomiorun.com\/de\/produkt\/tank-thunder-herren\/\"]}]},{\"@type\":\"ImageObject\",\"inLanguage\":\"de-DE\",\"@id\":\"https:\/\/www.miomiorun.com\/de\/produkt\/tank-thunder-herren\/#primaryimage\",\"url\":\"https:\/\/www.miomiorun.com\/app\/uploads\/2026\/05\/Crazy-Tank-thunder-black-S26195030U-0001.webp\",\"contentUrl\":\"https:\/\/www.miomiorun.com\/app\/uploads\/2026\/05\/Crazy-Tank-thunder-black-S26195030U-0001.webp\",\"width\":720,\"height\":720,\"caption\":\"Crazy Tank thunder black S26195030U-0001\"},{\"@type\":\"BreadcrumbList\",\"@id\":\"https:\/\/www.miomiorun.com\/de\/produkt\/tank-thunder-herren\/#breadcrumb\",\"itemListElement\":[{\"@type\":\"ListItem\",\"position\":1,\"name\":\"Home\",\"item\":\"https:\/\/www.miomiorun.com\/de\/home-page\/\"},{\"@type\":\"ListItem\",\"position\":2,\"name\":\"Shop\",\"item\":\"https:\/\/www.miomiorun.com\/shop\/\"},{\"@type\":\"ListItem\",\"position\":3,\"name\":\"Tank Thunder herren\"}]},{\"@type\":\"WebSite\",\"@id\":\"https:\/\/www.miomiorun.com\/de\/#website\",\"url\":\"https:\/\/www.miomiorun.com\/de\/\",\"name\":\"MioMioRun\",\"description\":\"100% Lauf- und Trailshop\",\"publisher\":{\"@id\":\"https:\/\/www.miomiorun.com\/de\/#organization\"},\"potentialAction\":[{\"@type\":\"SearchAction\",\"target\":{\"@type\":\"EntryPoint\",\"urlTemplate\":\"https:\/\/www.miomiorun.com\/de\/?s={search_term_string}\"},\"query-input\":{\"@type\":\"PropertyValueSpecification\",\"valueRequired\":true,\"valueName\":\"search_term_string\"}}],\"inLanguage\":\"de-DE\"},{\"@type\":\"Organization\",\"@id\":\"https:\/\/www.miomiorun.com\/de\/#organization\",\"name\":\"MioMio Run\",\"url\":\"https:\/\/www.miomiorun.com\/de\/\",\"logo\":{\"@type\":\"ImageObject\",\"inLanguage\":\"de-DE\",\"@id\":\"https:\/\/www.miomiorun.com\/de\/#\/schema\/logo\/image\/\",\"url\":\"https:\/\/www.miomiorun.com\/app\/uploads\/2019\/12\/logomio.png\",\"contentUrl\":\"https:\/\/www.miomiorun.com\/app\/uploads\/2019\/12\/logomio.png\",\"width\":115,\"height\":82,\"caption\":\"MioMio Run\"},\"image\":{\"@id\":\"https:\/\/www.miomiorun.com\/de\/#\/schema\/logo\/image\/\"},\"sameAs\":[\"https:\/\/www.facebook.com\/miomiorun\/\",\"https:\/\/www.instagram.com\/miomiorun\/\"]}]}<\/script>\n<!-- \/ Yoast SEO plugin. -->","yoast_head_json":{"title":"Crazy Idea Tank Thunder herren - Lauf-Tanktop - MioMioRun","description":"Leichtes und atmungsaktives Lauf-Tanktop, das f\u00fcr Frische, Komfort und Bewegungsfreiheit bei Sommerl\u00e4ufen entwickelt wurde.","robots":{"index":"index","follow":"follow","max-snippet":"max-snippet:-1","max-image-preview":"max-image-preview:large","max-video-preview":"max-video-preview:-1"},"canonical":"https:\/\/www.miomiorun.com\/de\/produkt\/tank-thunder-herren\/","og_locale":"de_DE","og_type":"article","og_title":"Crazy Idea Tank Thunder herren - Lauf-Tanktop - MioMioRun","og_description":"Leichtes und atmungsaktives Lauf-Tanktop, das f\u00fcr Frische, Komfort und Bewegungsfreiheit bei Sommerl\u00e4ufen entwickelt wurde.","og_url":"https:\/\/www.miomiorun.com\/de\/produkt\/tank-thunder-herren\/","og_site_name":"MioMioRun","article_publisher":"https:\/\/www.facebook.com\/miomiorun\/","article_modified_time":"2026-05-14T08:39:35+00:00","og_image":[{"width":720,"height":720,"url":"https:\/\/www.miomiorun.com\/app\/uploads\/2026\/05\/Crazy-Tank-thunder-black-S26195030U-0001.webp","type":"image\/webp"}],"twitter_card":"summary_large_image","twitter_misc":{"Est. reading time":"1 minute"},"schema":{"@context":"https:\/\/schema.org","@graph":[{"@type":"WebPage","@id":"https:\/\/www.miomiorun.com\/de\/produkt\/tank-thunder-herren\/","url":"https:\/\/www.miomiorun.com\/de\/produkt\/tank-thunder-herren\/","name":"Crazy Idea Tank Thunder herren - Lauf-Tanktop - MioMioRun","isPartOf":{"@id":"https:\/\/www.miomiorun.com\/de\/#website"},"primaryImageOfPage":{"@id":"https:\/\/www.miomiorun.com\/de\/produkt\/tank-thunder-herren\/#primaryimage"},"image":{"@id":"https:\/\/www.miomiorun.com\/de\/produkt\/tank-thunder-herren\/#primaryimage"},"thumbnailUrl":"https:\/\/www.miomiorun.com\/app\/uploads\/2026\/05\/Crazy-Tank-thunder-black-S26195030U-0001.webp","datePublished":"2026-05-05T14:10:39+00:00","dateModified":"2026-05-14T08:39:35+00:00","description":"Leichtes und atmungsaktives Lauf-Tanktop, das f\u00fcr Frische, Komfort und Bewegungsfreiheit bei Sommerl\u00e4ufen entwickelt wurde.","breadcrumb":{"@id":"https:\/\/www.miomiorun.com\/de\/produkt\/tank-thunder-herren\/#breadcrumb"},"inLanguage":"de-DE","potentialAction":[{"@type":"ReadAction","target":["https:\/\/www.miomiorun.com\/de\/produkt\/tank-thunder-herren\/"]}]},{"@type":"ImageObject","inLanguage":"de-DE","@id":"https:\/\/www.miomiorun.com\/de\/produkt\/tank-thunder-herren\/#primaryimage","url":"https:\/\/www.miomiorun.com\/app\/uploads\/2026\/05\/Crazy-Tank-thunder-black-S26195030U-0001.webp","contentUrl":"https:\/\/www.miomiorun.com\/app\/uploads\/2026\/05\/Crazy-Tank-thunder-black-S26195030U-0001.webp","width":720,"height":720,"caption":"Crazy Tank thunder black S26195030U-0001"},{"@type":"BreadcrumbList","@id":"https:\/\/www.miomiorun.com\/de\/produkt\/tank-thunder-herren\/#breadcrumb","itemListElement":[{"@type":"ListItem","position":1,"name":"Home","item":"https:\/\/www.miomiorun.com\/de\/home-page\/"},{"@type":"ListItem","position":2,"name":"Shop","item":"https:\/\/www.miomiorun.com\/shop\/"},{"@type":"ListItem","position":3,"name":"Tank Thunder herren"}]},{"@type":"WebSite","@id":"https:\/\/www.miomiorun.com\/de\/#website","url":"https:\/\/www.miomiorun.com\/de\/","name":"MioMioRun","description":"100% Lauf- und Trailshop","publisher":{"@id":"https:\/\/www.miomiorun.com\/de\/#organization"},"potentialAction":[{"@type":"SearchAction","target":{"@type":"EntryPoint","urlTemplate":"https:\/\/www.miomiorun.com\/de\/?s={search_term_string}"},"query-input":{"@type":"PropertyValueSpecification","valueRequired":true,"valueName":"search_term_string"}}],"inLanguage":"de-DE"},{"@type":"Organization","@id":"https:\/\/www.miomiorun.com\/de\/#organization","name":"MioMio Run","url":"https:\/\/www.miomiorun.com\/de\/","logo":{"@type":"ImageObject","inLanguage":"de-DE","@id":"https:\/\/www.miomiorun.com\/de\/#\/schema\/logo\/image\/","url":"https:\/\/www.miomiorun.com\/app\/uploads\/2019\/12\/logomio.png","contentUrl":"https:\/\/www.miomiorun.com\/app\/uploads\/2019\/12\/logomio.png","width":115,"height":82,"caption":"MioMio Run"},"image":{"@id":"https:\/\/www.miomiorun.com\/de\/#\/schema\/logo\/image\/"},"sameAs":["https:\/\/www.facebook.com\/miomiorun\/","https:\/\/www.instagram.com\/miomiorun\/"]}]}},"_links":{"self":[{"href":"https:\/\/www.miomiorun.com\/de\/wp-json\/wp\/v2\/product\/437835","targetHints":{"allow":["GET"]}}],"collection":[{"href":"https:\/\/www.miomiorun.com\/de\/wp-json\/wp\/v2\/product"}],"about":[{"href":"https:\/\/www.miomiorun.com\/de\/wp-json\/wp\/v2\/types\/product"}],"wp:featuredmedia":[{"embeddable":true,"href":"https:\/\/www.miomiorun.com\/de\/wp-json\/wp\/v2\/media\/437904"}],"wp:attachment":[{"href":"https:\/\/www.miomiorun.com\/de\/wp-json\/wp\/v2\/media?parent=437835"}],"wp:term":[{"taxonomy":"product_brand","embeddable":true,"href":"https:\/\/www.miomiorun.com\/de\/wp-json\/wp\/v2\/product_brand?post=437835"},{"taxonomy":"product_cat","embeddable":true,"href":"https:\/\/www.miomiorun.com\/de\/wp-json\/wp\/v2\/product_cat?post=437835"},{"taxonomy":"product_tag","embeddable":true,"href":"https:\/\/www.miomiorun.com\/de\/wp-json\/wp\/v2\/product_tag?post=437835"}],"curies":[{"name":"wp","href":"https:\/\/api.w.org\/{rel}","templated":true}]}}