{"id":436580,"date":"2026-04-28T18:10:43","date_gmt":"2026-04-28T16:10:43","guid":{"rendered":"https:\/\/www.miomiorun.com\/?post_type=product&#038;p=436580"},"modified":"2026-05-14T10:35:12","modified_gmt":"2026-05-14T08:35:12","slug":"ru-compression-stabilizing-damen","status":"publish","type":"product","link":"https:\/\/www.miomiorun.com\/de\/produkt\/ru-compression-stabilizing-damen\/","title":{"rendered":"RU Compression Stabilizing damen"},"content":{"rendered":"<p data-start=\"0\" data-end=\"334\">Die RU Compression Stabilizing Laufsocken f\u00fcr Damen wurden entwickelt, um beim Laufen <strong data-start=\"109\" data-end=\"122\">Stabilit\u00e4t<\/strong>, <strong data-start=\"124\" data-end=\"143\">gezielte Unterst\u00fctzung<\/strong> und <strong data-start=\"146\" data-end=\"166\">h\u00f6chsten Komfort<\/strong> zu bieten. Sie sind auf eine <strong data-start=\"201\" data-end=\"234\">engere Passform f\u00fcr Damen<\/strong> ausgelegt und kombinieren Kompression mit technischen Materialien, um jede Bewegung mit mehr Kontrolle zu begleiten.<\/p>\n<p data-start=\"336\" data-end=\"376\">Die Konstruktion wurde entwickelt, um Folgendes zu gew\u00e4hrleisten:<\/p>\n<ul data-start=\"377\" data-end=\"587\">\n<li data-section-id=\"1tqz0zt\" data-start=\"377\" data-end=\"451\"><strong data-start=\"379\" data-end=\"416\">Mehr Stabilit\u00e4t im Kn\u00f6chelbereich<\/strong> dank Kompressionszonen<\/li>\n<li data-section-id=\"1gnzllt\" data-start=\"452\" data-end=\"528\"><strong data-start=\"454\" data-end=\"489\">Trockene F\u00fc\u00dfe ohne Blasen<\/strong> dank atmungsaktiver 3-Lagen-Konstruktion<\/li>\n<li data-section-id=\"f5ia93\" data-start=\"529\" data-end=\"587\"><strong data-start=\"531\" data-end=\"555\">Komfort und Schutz<\/strong> durch mittelschwere Polsterung<\/li>\n<\/ul>\n<p data-start=\"589\" data-end=\"1104\">Die <strong data-start=\"592\" data-end=\"623\">gezielten Kompressionszonen<\/strong> tragen zur Verbesserung der Stabilit\u00e4t beim Laufen bei und sorgen f\u00fcr ein Gef\u00fchl von mehr Kontrolle. Die <strong data-start=\"733\" data-end=\"769\">3-Lagen-Konstruktion mit Lyocell<\/strong> f\u00f6rdert den Feuchtigkeitstransport und h\u00e4lt den Fu\u00df auch bei intensiven Aktivit\u00e4ten frisch und trocken. Die <strong data-start=\"879\" data-end=\"920\">anatomische Rechts-\/Links-Passform<\/strong> sorgt f\u00fcr einen pr\u00e4zisen Sitz, w\u00e4hrend die gezielte Polsterung die D\u00e4mpfung und den Gesamtkomfort verbessert. Wadenl\u00e4nge und Konstruktion f\u00fcr zuverl\u00e4ssige Leistung.<\/p>\n<p data-start=\"1106\" data-end=\"1198\">Materialzusammensetzung: <strong data-start=\"1120\" data-end=\"1197\">42 % Polypropylen, 28 % Polyamid, 15 % Lyocell, 8 % Elasthan, 7 % Polyester<\/strong>.<\/p>\n","protected":false},"excerpt":{"rendered":"<ul>\n<li data-section-id=\"1vur00x\" data-start=\"1398\" data-end=\"1470\"><strong data-start=\"1400\" data-end=\"1431\">Gezielte Kompressionszonen<\/strong> f\u00fcr mehr Stabilit\u00e4t und Kontrolle<\/li>\n<li data-section-id=\"cl4ruu\" data-start=\"1471\" data-end=\"1543\"><strong data-start=\"1473\" data-end=\"1509\">Atmungsaktive 3-Lagen-Konstruktion<\/strong> f\u00fcr trockene F\u00fc\u00dfe<\/li>\n<li data-section-id=\"j3azyi\" data-start=\"1544\" data-end=\"1627\" data-is-last-node=\"\"><strong data-start=\"1546\" data-end=\"1602\">Anatomische Passform f\u00fcr Frauen und gezielte Polsterung<\/strong> f\u00fcr Komfort und Schutz<\/li>\n<\/ul>\n","protected":false},"featured_media":436665,"template":"","meta":{"_acf_changed":false,"inline_featured_image":false},"product_brand":[],"product_cat":[6400,6401,6402],"product_tag":[6245,6246],"class_list":{"0":"post-436580","1":"product","2":"type-product","3":"status-publish","4":"has-post-thumbnail","6":"product_cat-damen","7":"product_cat-damenbekleidung","8":"product_cat-damensocken-de","9":"product_tag-falke-de","10":"product_tag-falke-damen-de","11":"pa_attivita-gehen","12":"pa_attivita-running-de","13":"pa_attivita-trail-de","14":"pa_colore-ru-comp-stabilizing-w-fiji","15":"pa_marca-falke-de","16":"pa_sesso-damen","17":"pa_size-35-36-de","18":"pa_size-37-38-de","19":"pa_size-39-40-de","20":"pa_size-41-42-de","22":"first","23":"instock","24":"sale","25":"taxable","26":"shipping-taxable","27":"purchasable","28":"product-type-variable","29":"wvs-archive-product-wrapper"},"acf":[],"yoast_head":"<!-- This site is optimized with the Yoast SEO plugin v26.8 - https:\/\/yoast.com\/product\/yoast-seo-wordpress\/ -->\n<title>Falke RU Compression Stabilizing damen - Laufsocken - MioMioRun.com<\/title>\n<meta name=\"description\" content=\"Kompressions-Laufsocken f\u00fcr Damen, die Stabilit\u00e4t, Komfort und Feuchtigkeitsmanagement bei jedem Training bieten\" \/>\n<meta name=\"robots\" content=\"index, follow, max-snippet:-1, max-image-preview:large, max-video-preview:-1\" \/>\n<link rel=\"canonical\" href=\"https:\/\/www.miomiorun.com\/de\/produkt\/ru-compression-stabilizing-damen\/\" \/>\n<meta property=\"og:locale\" content=\"de_DE\" \/>\n<meta property=\"og:type\" content=\"article\" \/>\n<meta property=\"og:title\" content=\"Falke RU Compression Stabilizing damen - Laufsocken - MioMioRun.com\" \/>\n<meta property=\"og:description\" content=\"Kompressions-Laufsocken f\u00fcr Damen, die Stabilit\u00e4t, Komfort und Feuchtigkeitsmanagement bei jedem Training bieten\" \/>\n<meta property=\"og:url\" content=\"https:\/\/www.miomiorun.com\/de\/produkt\/ru-compression-stabilizing-damen\/\" \/>\n<meta property=\"og:site_name\" content=\"MioMioRun\" \/>\n<meta property=\"article:publisher\" content=\"https:\/\/www.facebook.com\/miomiorun\/\" \/>\n<meta property=\"article:modified_time\" content=\"2026-05-14T08:35:12+00:00\" \/>\n<meta property=\"og:image\" content=\"https:\/\/www.miomiorun.com\/app\/uploads\/2026\/04\/Falke-RU-Comp-Stabilizing-W-fiji-16228-6423.webp\" \/>\n\t<meta property=\"og:image:width\" content=\"720\" \/>\n\t<meta property=\"og:image:height\" content=\"720\" \/>\n\t<meta property=\"og:image:type\" content=\"image\/webp\" \/>\n<meta name=\"twitter:card\" content=\"summary_large_image\" \/>\n<meta name=\"twitter:label1\" content=\"Est. reading time\" \/>\n\t<meta name=\"twitter:data1\" content=\"2 minutes\" \/>\n<script type=\"application\/ld+json\" class=\"yoast-schema-graph\">{\"@context\":\"https:\/\/schema.org\",\"@graph\":[{\"@type\":\"WebPage\",\"@id\":\"https:\/\/www.miomiorun.com\/de\/produkt\/ru-compression-stabilizing-damen\/\",\"url\":\"https:\/\/www.miomiorun.com\/de\/produkt\/ru-compression-stabilizing-damen\/\",\"name\":\"Falke RU Compression Stabilizing damen - Laufsocken - MioMioRun.com\",\"isPartOf\":{\"@id\":\"https:\/\/www.miomiorun.com\/de\/#website\"},\"primaryImageOfPage\":{\"@id\":\"https:\/\/www.miomiorun.com\/de\/produkt\/ru-compression-stabilizing-damen\/#primaryimage\"},\"image\":{\"@id\":\"https:\/\/www.miomiorun.com\/de\/produkt\/ru-compression-stabilizing-damen\/#primaryimage\"},\"thumbnailUrl\":\"https:\/\/www.miomiorun.com\/app\/uploads\/2026\/04\/Falke-RU-Comp-Stabilizing-W-fiji-16228-6423.webp\",\"datePublished\":\"2026-04-28T16:10:43+00:00\",\"dateModified\":\"2026-05-14T08:35:12+00:00\",\"description\":\"Kompressions-Laufsocken f\u00fcr Damen, die Stabilit\u00e4t, Komfort und Feuchtigkeitsmanagement bei jedem Training bieten\",\"breadcrumb\":{\"@id\":\"https:\/\/www.miomiorun.com\/de\/produkt\/ru-compression-stabilizing-damen\/#breadcrumb\"},\"inLanguage\":\"de-DE\",\"potentialAction\":[{\"@type\":\"ReadAction\",\"target\":[\"https:\/\/www.miomiorun.com\/de\/produkt\/ru-compression-stabilizing-damen\/\"]}]},{\"@type\":\"ImageObject\",\"inLanguage\":\"de-DE\",\"@id\":\"https:\/\/www.miomiorun.com\/de\/produkt\/ru-compression-stabilizing-damen\/#primaryimage\",\"url\":\"https:\/\/www.miomiorun.com\/app\/uploads\/2026\/04\/Falke-RU-Comp-Stabilizing-W-fiji-16228-6423.webp\",\"contentUrl\":\"https:\/\/www.miomiorun.com\/app\/uploads\/2026\/04\/Falke-RU-Comp-Stabilizing-W-fiji-16228-6423.webp\",\"width\":720,\"height\":720,\"caption\":\"Falke RU Comp Stabilizing W fiji 16228 6423\"},{\"@type\":\"BreadcrumbList\",\"@id\":\"https:\/\/www.miomiorun.com\/de\/produkt\/ru-compression-stabilizing-damen\/#breadcrumb\",\"itemListElement\":[{\"@type\":\"ListItem\",\"position\":1,\"name\":\"Home\",\"item\":\"https:\/\/www.miomiorun.com\/de\/home-page\/\"},{\"@type\":\"ListItem\",\"position\":2,\"name\":\"Shop\",\"item\":\"https:\/\/www.miomiorun.com\/shop\/\"},{\"@type\":\"ListItem\",\"position\":3,\"name\":\"RU Compression Stabilizing damen\"}]},{\"@type\":\"WebSite\",\"@id\":\"https:\/\/www.miomiorun.com\/de\/#website\",\"url\":\"https:\/\/www.miomiorun.com\/de\/\",\"name\":\"MioMioRun\",\"description\":\"100% Lauf- und Trailshop\",\"publisher\":{\"@id\":\"https:\/\/www.miomiorun.com\/de\/#organization\"},\"potentialAction\":[{\"@type\":\"SearchAction\",\"target\":{\"@type\":\"EntryPoint\",\"urlTemplate\":\"https:\/\/www.miomiorun.com\/de\/?s={search_term_string}\"},\"query-input\":{\"@type\":\"PropertyValueSpecification\",\"valueRequired\":true,\"valueName\":\"search_term_string\"}}],\"inLanguage\":\"de-DE\"},{\"@type\":\"Organization\",\"@id\":\"https:\/\/www.miomiorun.com\/de\/#organization\",\"name\":\"MioMio Run\",\"url\":\"https:\/\/www.miomiorun.com\/de\/\",\"logo\":{\"@type\":\"ImageObject\",\"inLanguage\":\"de-DE\",\"@id\":\"https:\/\/www.miomiorun.com\/de\/#\/schema\/logo\/image\/\",\"url\":\"https:\/\/www.miomiorun.com\/app\/uploads\/2019\/12\/logomio.png\",\"contentUrl\":\"https:\/\/www.miomiorun.com\/app\/uploads\/2019\/12\/logomio.png\",\"width\":115,\"height\":82,\"caption\":\"MioMio Run\"},\"image\":{\"@id\":\"https:\/\/www.miomiorun.com\/de\/#\/schema\/logo\/image\/\"},\"sameAs\":[\"https:\/\/www.facebook.com\/miomiorun\/\",\"https:\/\/www.instagram.com\/miomiorun\/\"]}]}<\/script>\n<!-- \/ Yoast SEO plugin. -->","yoast_head_json":{"title":"Falke RU Compression Stabilizing damen - Laufsocken - MioMioRun.com","description":"Kompressions-Laufsocken f\u00fcr Damen, die Stabilit\u00e4t, Komfort und Feuchtigkeitsmanagement bei jedem Training bieten","robots":{"index":"index","follow":"follow","max-snippet":"max-snippet:-1","max-image-preview":"max-image-preview:large","max-video-preview":"max-video-preview:-1"},"canonical":"https:\/\/www.miomiorun.com\/de\/produkt\/ru-compression-stabilizing-damen\/","og_locale":"de_DE","og_type":"article","og_title":"Falke RU Compression Stabilizing damen - Laufsocken - MioMioRun.com","og_description":"Kompressions-Laufsocken f\u00fcr Damen, die Stabilit\u00e4t, Komfort und Feuchtigkeitsmanagement bei jedem Training bieten","og_url":"https:\/\/www.miomiorun.com\/de\/produkt\/ru-compression-stabilizing-damen\/","og_site_name":"MioMioRun","article_publisher":"https:\/\/www.facebook.com\/miomiorun\/","article_modified_time":"2026-05-14T08:35:12+00:00","og_image":[{"width":720,"height":720,"url":"https:\/\/www.miomiorun.com\/app\/uploads\/2026\/04\/Falke-RU-Comp-Stabilizing-W-fiji-16228-6423.webp","type":"image\/webp"}],"twitter_card":"summary_large_image","twitter_misc":{"Est. reading time":"2 minutes"},"schema":{"@context":"https:\/\/schema.org","@graph":[{"@type":"WebPage","@id":"https:\/\/www.miomiorun.com\/de\/produkt\/ru-compression-stabilizing-damen\/","url":"https:\/\/www.miomiorun.com\/de\/produkt\/ru-compression-stabilizing-damen\/","name":"Falke RU Compression Stabilizing damen - Laufsocken - MioMioRun.com","isPartOf":{"@id":"https:\/\/www.miomiorun.com\/de\/#website"},"primaryImageOfPage":{"@id":"https:\/\/www.miomiorun.com\/de\/produkt\/ru-compression-stabilizing-damen\/#primaryimage"},"image":{"@id":"https:\/\/www.miomiorun.com\/de\/produkt\/ru-compression-stabilizing-damen\/#primaryimage"},"thumbnailUrl":"https:\/\/www.miomiorun.com\/app\/uploads\/2026\/04\/Falke-RU-Comp-Stabilizing-W-fiji-16228-6423.webp","datePublished":"2026-04-28T16:10:43+00:00","dateModified":"2026-05-14T08:35:12+00:00","description":"Kompressions-Laufsocken f\u00fcr Damen, die Stabilit\u00e4t, Komfort und Feuchtigkeitsmanagement bei jedem Training bieten","breadcrumb":{"@id":"https:\/\/www.miomiorun.com\/de\/produkt\/ru-compression-stabilizing-damen\/#breadcrumb"},"inLanguage":"de-DE","potentialAction":[{"@type":"ReadAction","target":["https:\/\/www.miomiorun.com\/de\/produkt\/ru-compression-stabilizing-damen\/"]}]},{"@type":"ImageObject","inLanguage":"de-DE","@id":"https:\/\/www.miomiorun.com\/de\/produkt\/ru-compression-stabilizing-damen\/#primaryimage","url":"https:\/\/www.miomiorun.com\/app\/uploads\/2026\/04\/Falke-RU-Comp-Stabilizing-W-fiji-16228-6423.webp","contentUrl":"https:\/\/www.miomiorun.com\/app\/uploads\/2026\/04\/Falke-RU-Comp-Stabilizing-W-fiji-16228-6423.webp","width":720,"height":720,"caption":"Falke RU Comp Stabilizing W fiji 16228 6423"},{"@type":"BreadcrumbList","@id":"https:\/\/www.miomiorun.com\/de\/produkt\/ru-compression-stabilizing-damen\/#breadcrumb","itemListElement":[{"@type":"ListItem","position":1,"name":"Home","item":"https:\/\/www.miomiorun.com\/de\/home-page\/"},{"@type":"ListItem","position":2,"name":"Shop","item":"https:\/\/www.miomiorun.com\/shop\/"},{"@type":"ListItem","position":3,"name":"RU Compression Stabilizing damen"}]},{"@type":"WebSite","@id":"https:\/\/www.miomiorun.com\/de\/#website","url":"https:\/\/www.miomiorun.com\/de\/","name":"MioMioRun","description":"100% Lauf- und Trailshop","publisher":{"@id":"https:\/\/www.miomiorun.com\/de\/#organization"},"potentialAction":[{"@type":"SearchAction","target":{"@type":"EntryPoint","urlTemplate":"https:\/\/www.miomiorun.com\/de\/?s={search_term_string}"},"query-input":{"@type":"PropertyValueSpecification","valueRequired":true,"valueName":"search_term_string"}}],"inLanguage":"de-DE"},{"@type":"Organization","@id":"https:\/\/www.miomiorun.com\/de\/#organization","name":"MioMio Run","url":"https:\/\/www.miomiorun.com\/de\/","logo":{"@type":"ImageObject","inLanguage":"de-DE","@id":"https:\/\/www.miomiorun.com\/de\/#\/schema\/logo\/image\/","url":"https:\/\/www.miomiorun.com\/app\/uploads\/2019\/12\/logomio.png","contentUrl":"https:\/\/www.miomiorun.com\/app\/uploads\/2019\/12\/logomio.png","width":115,"height":82,"caption":"MioMio Run"},"image":{"@id":"https:\/\/www.miomiorun.com\/de\/#\/schema\/logo\/image\/"},"sameAs":["https:\/\/www.facebook.com\/miomiorun\/","https:\/\/www.instagram.com\/miomiorun\/"]}]}},"_links":{"self":[{"href":"https:\/\/www.miomiorun.com\/de\/wp-json\/wp\/v2\/product\/436580","targetHints":{"allow":["GET"]}}],"collection":[{"href":"https:\/\/www.miomiorun.com\/de\/wp-json\/wp\/v2\/product"}],"about":[{"href":"https:\/\/www.miomiorun.com\/de\/wp-json\/wp\/v2\/types\/product"}],"wp:featuredmedia":[{"embeddable":true,"href":"https:\/\/www.miomiorun.com\/de\/wp-json\/wp\/v2\/media\/436665"}],"wp:attachment":[{"href":"https:\/\/www.miomiorun.com\/de\/wp-json\/wp\/v2\/media?parent=436580"}],"wp:term":[{"taxonomy":"product_brand","embeddable":true,"href":"https:\/\/www.miomiorun.com\/de\/wp-json\/wp\/v2\/product_brand?post=436580"},{"taxonomy":"product_cat","embeddable":true,"href":"https:\/\/www.miomiorun.com\/de\/wp-json\/wp\/v2\/product_cat?post=436580"},{"taxonomy":"product_tag","embeddable":true,"href":"https:\/\/www.miomiorun.com\/de\/wp-json\/wp\/v2\/product_tag?post=436580"}],"curies":[{"name":"wp","href":"https:\/\/api.w.org\/{rel}","templated":true}]}}