{"id":436544,"date":"2026-04-28T17:58:12","date_gmt":"2026-04-28T15:58:12","guid":{"rendered":"https:\/\/www.miomiorun.com\/?post_type=product&#038;p=436544"},"modified":"2026-05-14T10:33:57","modified_gmt":"2026-05-14T08:33:57","slug":"ru-ultralight-herren","status":"publish","type":"product","link":"https:\/\/www.miomiorun.com\/de\/produkt\/ru-ultralight-herren\/","title":{"rendered":"RU ultralight herren"},"content":{"rendered":"<p>&nbsp;<\/p>\n<table style=\"border-collapse: collapse;width: 100%\">\n<tbody>\n<tr>\n<td style=\"width: 20%;text-align: center\"><img decoding=\"async\" class=\"product-functional-symbols__image aligncenter\" src=\"https:\/\/www.falke.com\/it_it\/4db1c784dda527a5a838b3006792a33f7ba86246\/assets\/base\/staticImages\/functionalsymbols\/icon_cooling-effect.svg\"><\/p>\n<p>Erfrischende Wirkung<\/td>\n<td style=\"width: 20%;text-align: center\"><img decoding=\"async\" class=\"product-functional-symbols__image aligncenter\" src=\"https:\/\/www.falke.com\/it_it\/4db1c784dda527a5a838b3006792a33f7ba86246\/assets\/base\/staticImages\/functionalsymbols\/icon_feuchtigkeitsregulierend.svg\"><\/p>\n<p>Reguliert die Feuchtigkeit<\/td>\n<td style=\"width: 20%;text-align: center\"><img decoding=\"async\" class=\"product-functional-symbols__image aligncenter\" src=\"https:\/\/www.falke.com\/it_it\/4db1c784dda527a5a838b3006792a33f7ba86246\/assets\/base\/staticImages\/functionalsymbols\/icon_stabilisierend.svg\"><\/p>\n<p>Stabilisierend<\/td>\n<td style=\"width: 20%;text-align: center\"><img decoding=\"async\" class=\"product-functional-symbols__image aligncenter\" src=\"https:\/\/www.falke.com\/it_it\/4db1c784dda527a5a838b3006792a33f7ba86246\/assets\/base\/staticImages\/functionalsymbols\/icon_schnellste_ruecktrocknung.svg\"><\/p>\n<p>Schnellere Trocknung<\/td>\n<td style=\"width: 20%;text-align: center\"><strong><img decoding=\"async\" class=\"product-functional-symbols__image aligncenter\" src=\"https:\/\/www.falke.com\/it_it\/4db1c784dda527a5a838b3006792a33f7ba86246\/assets\/base\/staticImages\/functionalsymbols\/icon_daempfende-wirkung.svg\"><\/strong><\/p>\n<p>D\u00e4mpfende Wirkung<\/td>\n<\/tr>\n<\/tbody>\n<\/table>\n<div class=\"product-functional-symbols__content\"><\/div>\n<p data-start=\"0\" data-end=\"347\">Die Herren-Laufsocken RU5 Race Pro wurden entwickelt, um <strong data-start=\"94\" data-end=\"114\">maximale Geschwindigkeit<\/strong>, <strong data-start=\"116\" data-end=\"138\">extreme Leichtigkeit<\/strong> und <strong data-start=\"141\" data-end=\"175\">direkten Kontakt zum Schuh<\/strong> zu bieten \u2013 ideal f\u00fcr Wettk\u00e4mpfe und H\u00f6chstleistungen. Sie sind auch f\u00fcr die Kombination mit Schuhen mit Carbonplatte konzipiert und erm\u00f6glichen ein effizienteres und reaktionsfreudigeres Laufen.<\/p>\n<p data-start=\"349\" data-end=\"389\">Die Konstruktion ist darauf ausgelegt, Folgendes zu gew\u00e4hrleisten:<\/p>\n<ul data-start=\"390\" data-end=\"602\">\n<li data-section-id=\"1dot8ya\" data-start=\"390\" data-end=\"464\"><strong data-start=\"392\" data-end=\"427\">Direkten Bodenkontakt<\/strong> dank der ultraleichten Struktur<\/li>\n<li data-section-id=\"mne6wp\" data-start=\"465\" data-end=\"530\"><strong data-start=\"467\" data-end=\"502\">Trockene F\u00fc\u00dfe ohne Blasen<\/strong> dank 3-Schicht-Technologie<\/li>\n<li data-section-id=\"j7qiqc\" data-start=\"531\" data-end=\"602\"><strong data-start=\"533\" data-end=\"556\">Hohe Leistungsf\u00e4higkeit<\/strong> durch schnell trocknende Funktionsmaterialien<\/li>\n<\/ul>\n<p data-start=\"604\" data-end=\"1028\">Der Einsatz von <strong data-start=\"620\" data-end=\"648\">strapazierf\u00e4higem Polypropylen<\/strong> erh\u00f6ht die Langlebigkeit, w\u00e4hrend die <strong data-start=\"688\" data-end=\"729\">anatomische Rechts-\/Links-Passform<\/strong> f\u00fcr Pr\u00e4zision und Komfort sorgt. Die <strong data-start=\"763\" data-end=\"787\">punktuelle Polsterung<\/strong> entlastet Zehen, Fu\u00dfsohle und Ferse, ohne die Sensibilit\u00e4t zu beeintr\u00e4chtigen, und macht sie ideal f\u00fcr schnelles Laufen. Das technische Gewebe f\u00f6rdert die <strong data-start=\"938\" data-end=\"971\">Temperaturregulierung<\/strong> und h\u00e4lt den Fu\u00df auch bei intensiver Belastung k\u00fchl.<\/p>\n<p data-start=\"1030\" data-end=\"1126\">Materialzusammensetzung: <strong data-start=\"1044\" data-end=\"1125\">38 % Polyester, 34 % Polyamid, 24 % Polypropylen, 3 % Elasthan, 1 % Polyurethan<\/strong>.<\/p>\n","protected":false},"excerpt":{"rendered":"<ul>\n<li data-section-id=\"1cx6ywy\" data-start=\"1344\" data-end=\"1417\"><strong data-start=\"1346\" data-end=\"1372\">Ultraleichte Konstruktion<\/strong> f\u00fcr maximalen Kontakt und hohe Leistung<\/li>\n<li data-section-id=\"prw53x\" data-start=\"1418\" data-end=\"1495\"><strong data-start=\"1420\" data-end=\"1457\">Atmungsaktive 3-Lagen-Technologie<\/strong> f\u00fcr trockene F\u00fc\u00dfe ohne Blasen<\/li>\n<li data-section-id=\"5m30ig\" data-start=\"1496\" data-end=\"1577\" data-is-last-node=\"\"><strong data-start=\"1498\" data-end=\"1546\">Anatomische Passform und strapazierf\u00e4hige Materialien<\/strong> f\u00fcr Komfort und Langlebigkeit<\/li>\n<\/ul>\n","protected":false},"featured_media":436570,"template":"","meta":{"_acf_changed":false,"inline_featured_image":false},"product_brand":[],"product_cat":[6540,6514],"product_tag":[6245,6231],"class_list":{"0":"post-436544","1":"product","2":"type-product","3":"status-publish","4":"has-post-thumbnail","6":"product_cat-herrenbekleidung","7":"product_cat-socken","8":"product_tag-falke-de","9":"product_tag-falke-herren-de","10":"pa_attivita-gehen","11":"pa_attivita-running-de","12":"pa_colore-ru-ultralight-black","13":"pa_colore-ru-ultralight-white","14":"pa_marca-falke-de","15":"pa_sesso-herren","16":"pa_size-39-41-de","17":"pa_size-42-43-de","18":"pa_size-44-45-de","20":"first","21":"instock","22":"sale","23":"taxable","24":"shipping-taxable","25":"purchasable","26":"product-type-variable","27":"wvs-archive-product-wrapper"},"acf":[],"yoast_head":"<!-- This site is optimized with the Yoast SEO plugin v26.8 - https:\/\/yoast.com\/product\/yoast-seo-wordpress\/ -->\n<title>Falke RU ultralight herren - Laufsocken - MioMioRun.com<\/title>\n<meta name=\"description\" content=\"Ultraleichte Laufsocken f\u00fcr Wettk\u00e4mpfe, die Geschwindigkeit, Pr\u00e4zision und maximale Atmungsaktivit\u00e4t bei h\u00f6chsten Belastungen bieten\" \/>\n<meta name=\"robots\" content=\"index, follow, max-snippet:-1, max-image-preview:large, max-video-preview:-1\" \/>\n<link rel=\"canonical\" href=\"https:\/\/www.miomiorun.com\/de\/produkt\/ru-ultralight-herren\/\" \/>\n<meta property=\"og:locale\" content=\"de_DE\" \/>\n<meta property=\"og:type\" content=\"article\" \/>\n<meta property=\"og:title\" content=\"Falke RU ultralight herren - Laufsocken - MioMioRun.com\" \/>\n<meta property=\"og:description\" content=\"Ultraleichte Laufsocken f\u00fcr Wettk\u00e4mpfe, die Geschwindigkeit, Pr\u00e4zision und maximale Atmungsaktivit\u00e4t bei h\u00f6chsten Belastungen bieten\" \/>\n<meta property=\"og:url\" content=\"https:\/\/www.miomiorun.com\/de\/produkt\/ru-ultralight-herren\/\" \/>\n<meta property=\"og:site_name\" content=\"MioMioRun\" \/>\n<meta property=\"article:publisher\" content=\"https:\/\/www.facebook.com\/miomiorun\/\" \/>\n<meta property=\"article:modified_time\" content=\"2026-05-14T08:33:57+00:00\" \/>\n<meta property=\"og:image\" content=\"https:\/\/www.miomiorun.com\/app\/uploads\/2026\/04\/Falke-RU-Ultralight-M-76025-3002.webp\" \/>\n\t<meta property=\"og:image:width\" content=\"720\" \/>\n\t<meta property=\"og:image:height\" content=\"720\" \/>\n\t<meta property=\"og:image:type\" content=\"image\/webp\" \/>\n<meta name=\"twitter:card\" content=\"summary_large_image\" \/>\n<meta name=\"twitter:label1\" content=\"Est. reading time\" \/>\n\t<meta name=\"twitter:data1\" content=\"2 minutes\" \/>\n<script type=\"application\/ld+json\" class=\"yoast-schema-graph\">{\"@context\":\"https:\/\/schema.org\",\"@graph\":[{\"@type\":\"WebPage\",\"@id\":\"https:\/\/www.miomiorun.com\/de\/produkt\/ru-ultralight-herren\/\",\"url\":\"https:\/\/www.miomiorun.com\/de\/produkt\/ru-ultralight-herren\/\",\"name\":\"Falke RU ultralight herren - Laufsocken - MioMioRun.com\",\"isPartOf\":{\"@id\":\"https:\/\/www.miomiorun.com\/de\/#website\"},\"primaryImageOfPage\":{\"@id\":\"https:\/\/www.miomiorun.com\/de\/produkt\/ru-ultralight-herren\/#primaryimage\"},\"image\":{\"@id\":\"https:\/\/www.miomiorun.com\/de\/produkt\/ru-ultralight-herren\/#primaryimage\"},\"thumbnailUrl\":\"https:\/\/www.miomiorun.com\/app\/uploads\/2026\/04\/Falke-RU-Ultralight-M-76025-3002.webp\",\"datePublished\":\"2026-04-28T15:58:12+00:00\",\"dateModified\":\"2026-05-14T08:33:57+00:00\",\"description\":\"Ultraleichte Laufsocken f\u00fcr Wettk\u00e4mpfe, die Geschwindigkeit, Pr\u00e4zision und maximale Atmungsaktivit\u00e4t bei h\u00f6chsten Belastungen bieten\",\"breadcrumb\":{\"@id\":\"https:\/\/www.miomiorun.com\/de\/produkt\/ru-ultralight-herren\/#breadcrumb\"},\"inLanguage\":\"de-DE\",\"potentialAction\":[{\"@type\":\"ReadAction\",\"target\":[\"https:\/\/www.miomiorun.com\/de\/produkt\/ru-ultralight-herren\/\"]}]},{\"@type\":\"ImageObject\",\"inLanguage\":\"de-DE\",\"@id\":\"https:\/\/www.miomiorun.com\/de\/produkt\/ru-ultralight-herren\/#primaryimage\",\"url\":\"https:\/\/www.miomiorun.com\/app\/uploads\/2026\/04\/Falke-RU-Ultralight-M-76025-3002.webp\",\"contentUrl\":\"https:\/\/www.miomiorun.com\/app\/uploads\/2026\/04\/Falke-RU-Ultralight-M-76025-3002.webp\",\"width\":720,\"height\":720,\"caption\":\"Falke RU Ultralight M 76025 3002\"},{\"@type\":\"BreadcrumbList\",\"@id\":\"https:\/\/www.miomiorun.com\/de\/produkt\/ru-ultralight-herren\/#breadcrumb\",\"itemListElement\":[{\"@type\":\"ListItem\",\"position\":1,\"name\":\"Home\",\"item\":\"https:\/\/www.miomiorun.com\/de\/home-page\/\"},{\"@type\":\"ListItem\",\"position\":2,\"name\":\"Shop\",\"item\":\"https:\/\/www.miomiorun.com\/shop\/\"},{\"@type\":\"ListItem\",\"position\":3,\"name\":\"RU ultralight herren\"}]},{\"@type\":\"WebSite\",\"@id\":\"https:\/\/www.miomiorun.com\/de\/#website\",\"url\":\"https:\/\/www.miomiorun.com\/de\/\",\"name\":\"MioMioRun\",\"description\":\"100% Lauf- und Trailshop\",\"publisher\":{\"@id\":\"https:\/\/www.miomiorun.com\/de\/#organization\"},\"potentialAction\":[{\"@type\":\"SearchAction\",\"target\":{\"@type\":\"EntryPoint\",\"urlTemplate\":\"https:\/\/www.miomiorun.com\/de\/?s={search_term_string}\"},\"query-input\":{\"@type\":\"PropertyValueSpecification\",\"valueRequired\":true,\"valueName\":\"search_term_string\"}}],\"inLanguage\":\"de-DE\"},{\"@type\":\"Organization\",\"@id\":\"https:\/\/www.miomiorun.com\/de\/#organization\",\"name\":\"MioMio Run\",\"url\":\"https:\/\/www.miomiorun.com\/de\/\",\"logo\":{\"@type\":\"ImageObject\",\"inLanguage\":\"de-DE\",\"@id\":\"https:\/\/www.miomiorun.com\/de\/#\/schema\/logo\/image\/\",\"url\":\"https:\/\/www.miomiorun.com\/app\/uploads\/2019\/12\/logomio.png\",\"contentUrl\":\"https:\/\/www.miomiorun.com\/app\/uploads\/2019\/12\/logomio.png\",\"width\":115,\"height\":82,\"caption\":\"MioMio Run\"},\"image\":{\"@id\":\"https:\/\/www.miomiorun.com\/de\/#\/schema\/logo\/image\/\"},\"sameAs\":[\"https:\/\/www.facebook.com\/miomiorun\/\",\"https:\/\/www.instagram.com\/miomiorun\/\"]}]}<\/script>\n<!-- \/ Yoast SEO plugin. -->","yoast_head_json":{"title":"Falke RU ultralight herren - Laufsocken - MioMioRun.com","description":"Ultraleichte Laufsocken f\u00fcr Wettk\u00e4mpfe, die Geschwindigkeit, Pr\u00e4zision und maximale Atmungsaktivit\u00e4t bei h\u00f6chsten Belastungen bieten","robots":{"index":"index","follow":"follow","max-snippet":"max-snippet:-1","max-image-preview":"max-image-preview:large","max-video-preview":"max-video-preview:-1"},"canonical":"https:\/\/www.miomiorun.com\/de\/produkt\/ru-ultralight-herren\/","og_locale":"de_DE","og_type":"article","og_title":"Falke RU ultralight herren - Laufsocken - MioMioRun.com","og_description":"Ultraleichte Laufsocken f\u00fcr Wettk\u00e4mpfe, die Geschwindigkeit, Pr\u00e4zision und maximale Atmungsaktivit\u00e4t bei h\u00f6chsten Belastungen bieten","og_url":"https:\/\/www.miomiorun.com\/de\/produkt\/ru-ultralight-herren\/","og_site_name":"MioMioRun","article_publisher":"https:\/\/www.facebook.com\/miomiorun\/","article_modified_time":"2026-05-14T08:33:57+00:00","og_image":[{"width":720,"height":720,"url":"https:\/\/www.miomiorun.com\/app\/uploads\/2026\/04\/Falke-RU-Ultralight-M-76025-3002.webp","type":"image\/webp"}],"twitter_card":"summary_large_image","twitter_misc":{"Est. reading time":"2 minutes"},"schema":{"@context":"https:\/\/schema.org","@graph":[{"@type":"WebPage","@id":"https:\/\/www.miomiorun.com\/de\/produkt\/ru-ultralight-herren\/","url":"https:\/\/www.miomiorun.com\/de\/produkt\/ru-ultralight-herren\/","name":"Falke RU ultralight herren - Laufsocken - MioMioRun.com","isPartOf":{"@id":"https:\/\/www.miomiorun.com\/de\/#website"},"primaryImageOfPage":{"@id":"https:\/\/www.miomiorun.com\/de\/produkt\/ru-ultralight-herren\/#primaryimage"},"image":{"@id":"https:\/\/www.miomiorun.com\/de\/produkt\/ru-ultralight-herren\/#primaryimage"},"thumbnailUrl":"https:\/\/www.miomiorun.com\/app\/uploads\/2026\/04\/Falke-RU-Ultralight-M-76025-3002.webp","datePublished":"2026-04-28T15:58:12+00:00","dateModified":"2026-05-14T08:33:57+00:00","description":"Ultraleichte Laufsocken f\u00fcr Wettk\u00e4mpfe, die Geschwindigkeit, Pr\u00e4zision und maximale Atmungsaktivit\u00e4t bei h\u00f6chsten Belastungen bieten","breadcrumb":{"@id":"https:\/\/www.miomiorun.com\/de\/produkt\/ru-ultralight-herren\/#breadcrumb"},"inLanguage":"de-DE","potentialAction":[{"@type":"ReadAction","target":["https:\/\/www.miomiorun.com\/de\/produkt\/ru-ultralight-herren\/"]}]},{"@type":"ImageObject","inLanguage":"de-DE","@id":"https:\/\/www.miomiorun.com\/de\/produkt\/ru-ultralight-herren\/#primaryimage","url":"https:\/\/www.miomiorun.com\/app\/uploads\/2026\/04\/Falke-RU-Ultralight-M-76025-3002.webp","contentUrl":"https:\/\/www.miomiorun.com\/app\/uploads\/2026\/04\/Falke-RU-Ultralight-M-76025-3002.webp","width":720,"height":720,"caption":"Falke RU Ultralight M 76025 3002"},{"@type":"BreadcrumbList","@id":"https:\/\/www.miomiorun.com\/de\/produkt\/ru-ultralight-herren\/#breadcrumb","itemListElement":[{"@type":"ListItem","position":1,"name":"Home","item":"https:\/\/www.miomiorun.com\/de\/home-page\/"},{"@type":"ListItem","position":2,"name":"Shop","item":"https:\/\/www.miomiorun.com\/shop\/"},{"@type":"ListItem","position":3,"name":"RU ultralight herren"}]},{"@type":"WebSite","@id":"https:\/\/www.miomiorun.com\/de\/#website","url":"https:\/\/www.miomiorun.com\/de\/","name":"MioMioRun","description":"100% Lauf- und Trailshop","publisher":{"@id":"https:\/\/www.miomiorun.com\/de\/#organization"},"potentialAction":[{"@type":"SearchAction","target":{"@type":"EntryPoint","urlTemplate":"https:\/\/www.miomiorun.com\/de\/?s={search_term_string}"},"query-input":{"@type":"PropertyValueSpecification","valueRequired":true,"valueName":"search_term_string"}}],"inLanguage":"de-DE"},{"@type":"Organization","@id":"https:\/\/www.miomiorun.com\/de\/#organization","name":"MioMio Run","url":"https:\/\/www.miomiorun.com\/de\/","logo":{"@type":"ImageObject","inLanguage":"de-DE","@id":"https:\/\/www.miomiorun.com\/de\/#\/schema\/logo\/image\/","url":"https:\/\/www.miomiorun.com\/app\/uploads\/2019\/12\/logomio.png","contentUrl":"https:\/\/www.miomiorun.com\/app\/uploads\/2019\/12\/logomio.png","width":115,"height":82,"caption":"MioMio Run"},"image":{"@id":"https:\/\/www.miomiorun.com\/de\/#\/schema\/logo\/image\/"},"sameAs":["https:\/\/www.facebook.com\/miomiorun\/","https:\/\/www.instagram.com\/miomiorun\/"]}]}},"_links":{"self":[{"href":"https:\/\/www.miomiorun.com\/de\/wp-json\/wp\/v2\/product\/436544","targetHints":{"allow":["GET"]}}],"collection":[{"href":"https:\/\/www.miomiorun.com\/de\/wp-json\/wp\/v2\/product"}],"about":[{"href":"https:\/\/www.miomiorun.com\/de\/wp-json\/wp\/v2\/types\/product"}],"wp:featuredmedia":[{"embeddable":true,"href":"https:\/\/www.miomiorun.com\/de\/wp-json\/wp\/v2\/media\/436570"}],"wp:attachment":[{"href":"https:\/\/www.miomiorun.com\/de\/wp-json\/wp\/v2\/media?parent=436544"}],"wp:term":[{"taxonomy":"product_brand","embeddable":true,"href":"https:\/\/www.miomiorun.com\/de\/wp-json\/wp\/v2\/product_brand?post=436544"},{"taxonomy":"product_cat","embeddable":true,"href":"https:\/\/www.miomiorun.com\/de\/wp-json\/wp\/v2\/product_cat?post=436544"},{"taxonomy":"product_tag","embeddable":true,"href":"https:\/\/www.miomiorun.com\/de\/wp-json\/wp\/v2\/product_tag?post=436544"}],"curies":[{"name":"wp","href":"https:\/\/api.w.org\/{rel}","templated":true}]}}