{"id":436313,"date":"2026-04-28T15:43:05","date_gmt":"2026-04-28T13:43:05","guid":{"rendered":"https:\/\/www.miomiorun.com\/?post_type=product&#038;p=436313"},"modified":"2026-05-14T10:29:02","modified_gmt":"2026-05-14T08:29:02","slug":"tk5-herren","status":"publish","type":"product","link":"https:\/\/www.miomiorun.com\/de\/produkt\/tk5-herren\/","title":{"rendered":"TK5 herren"},"content":{"rendered":"<p data-start=\"0\" data-end=\"355\">Die Herren-Trekkingsocken TK5 wurden entwickelt, um bei gelegentlichen Wanderungen und allt\u00e4glichen Aktivit\u00e4ten <strong data-start=\"83\" data-end=\"97\">Leichtigkeit<\/strong>, <strong data-start=\"99\" data-end=\"110\">Komfort<\/strong> und <strong data-start=\"113\" data-end=\"133\">W\u00e4rmeregulierung<\/strong> zu bieten. Dank der Kombination aus technischen Materialien und <strong data-start=\"236\" data-end=\"251\">Merinowolle<\/strong> garantieren sie ein nat\u00fcrliches Tragegef\u00fchl auf der Haut und ein ausgewogenes Verh\u00e4ltnis zwischen W\u00e4rmeisolierung und Atmungsaktivit\u00e4t. <\/p>\n<p data-start=\"357\" data-end=\"395\">Die Konstruktion wurde entwickelt, um Folgendes zu gew\u00e4hrleisten:<\/p>\n<ul data-start=\"396\" data-end=\"614\">\n<li data-section-id=\"1jf61o\" data-start=\"396\" data-end=\"474\"><strong data-start=\"398\" data-end=\"433\">Trockene F\u00fc\u00dfe ohne Blasen<\/strong> dank atmungsaktiver 3-Lagen-Konstruktion<\/li>\n<li data-section-id=\"1fanno9\" data-start=\"475\" data-end=\"554\"><strong data-start=\"477\" data-end=\"514\">Direkter Kontakt mit dem Schuhwerk<\/strong> f\u00fcr mehr Pr\u00e4zision und Sensibilit\u00e4t<\/li>\n<li data-section-id=\"6y2wud\" data-start=\"555\" data-end=\"614\"><strong data-start=\"557\" data-end=\"588\">Komfort und gezielter Schutz<\/strong> durch leichte Polsterung<\/li>\n<\/ul>\n<p data-start=\"616\" data-end=\"1049\">Das <strong data-start=\"619\" data-end=\"646\">Gewebe mit Merinowolle<\/strong> tr\u00e4gt zur <strong data-start=\"665\" data-end=\"685\">W\u00e4rmeregulierung<\/strong> bei und bietet eine nat\u00fcrliche geruchsneutralisierende Wirkung, ideal f\u00fcr l\u00e4ngeren Gebrauch. Die <strong data-start=\"761\" data-end=\"802\">anatomische Passform f\u00fcr rechts\/links<\/strong> sorgt f\u00fcr einen pr\u00e4zisen Sitz, w\u00e4hrend die leichte Struktur das Anziehen erleichtert und den Komfort beim Gehen verbessert. Wadenl\u00e4nge und Konstruktion f\u00fcr vielseitigen Einsatz, von der Stadt bis zu leichten Wanderungen.<\/p>\n<p data-start=\"1051\" data-end=\"1121\">Materialzusammensetzung: <strong data-start=\"1065\" data-end=\"1120\">38 % Schurwolle, 34 % Polypropylen, 28 % Polyamid<\/strong>.<\/p>\n","protected":false},"excerpt":{"rendered":"<ul>\n<li data-section-id=\"m9zf9c\" data-start=\"1350\" data-end=\"1420\"><strong data-start=\"1352\" data-end=\"1382\">W\u00e4rmeregulierende Merinowolle<\/strong> f\u00fcr Komfort und Geruchskontrolle<\/li>\n<li data-section-id=\"cl4ruu\" data-start=\"1421\" data-end=\"1493\"><strong data-start=\"1423\" data-end=\"1459\">Atmungsaktive 3-Lagen-Konstruktion<\/strong> f\u00fcr trockene F\u00fc\u00dfe<\/li>\n<li data-section-id=\"lvu357\" data-start=\"1494\" data-end=\"1568\" data-is-last-node=\"\"><strong data-start=\"1496\" data-end=\"1543\">Leichte Polsterung und anatomische Passform<\/strong> f\u00fcr Pr\u00e4zision und Komfort<\/li>\n<\/ul>\n","protected":false},"featured_media":436337,"template":"","meta":{"_acf_changed":false,"inline_featured_image":false},"product_brand":[],"product_cat":[6540,6514],"product_tag":[6245,6231],"class_list":{"0":"post-436313","1":"product","2":"type-product","3":"status-publish","4":"has-post-thumbnail","6":"product_cat-herrenbekleidung","7":"product_cat-socken","8":"product_tag-falke-de","9":"product_tag-falke-herren-de","10":"pa_attivita-gehen","11":"pa_attivita-outdoor-de","12":"pa_colore-tk5-m-yve","13":"pa_marca-falke-de","14":"pa_sesso-herren","15":"pa_size-39-41-de","16":"pa_size-42-43-de","17":"pa_size-44-45-de","19":"first","20":"instock","21":"sale","22":"taxable","23":"shipping-taxable","24":"purchasable","25":"product-type-variable","26":"wvs-archive-product-wrapper"},"acf":[],"yoast_head":"<!-- This site is optimized with the Yoast SEO plugin v26.8 - https:\/\/yoast.com\/product\/yoast-seo-wordpress\/ -->\n<title>Falke TK5 herren - Laufsocken - MioMioRun.com<\/title>\n<meta name=\"description\" content=\"Leicht und atmungsaktiv, entwickelt f\u00fcr Komfort, Temperaturregulierung und optimalen Halt im Schuh bei Wanderungen und allt\u00e4glichen Aktivit\u00e4ten\" \/>\n<meta name=\"robots\" content=\"index, follow, max-snippet:-1, max-image-preview:large, max-video-preview:-1\" \/>\n<link rel=\"canonical\" href=\"https:\/\/www.miomiorun.com\/de\/produkt\/tk5-herren\/\" \/>\n<meta property=\"og:locale\" content=\"de_DE\" \/>\n<meta property=\"og:type\" content=\"article\" \/>\n<meta property=\"og:title\" content=\"Falke TK5 herren - Laufsocken - MioMioRun.com\" \/>\n<meta property=\"og:description\" content=\"Leicht und atmungsaktiv, entwickelt f\u00fcr Komfort, Temperaturregulierung und optimalen Halt im Schuh bei Wanderungen und allt\u00e4glichen Aktivit\u00e4ten\" \/>\n<meta property=\"og:url\" content=\"https:\/\/www.miomiorun.com\/de\/produkt\/tk5-herren\/\" \/>\n<meta property=\"og:site_name\" content=\"MioMioRun\" \/>\n<meta property=\"article:publisher\" content=\"https:\/\/www.facebook.com\/miomiorun\/\" \/>\n<meta property=\"article:modified_time\" content=\"2026-05-14T08:29:02+00:00\" \/>\n<meta property=\"og:image\" content=\"https:\/\/www.miomiorun.com\/app\/uploads\/2026\/04\/Falke-TK5-M-YVE-16242-6714.webp\" \/>\n\t<meta property=\"og:image:width\" content=\"720\" \/>\n\t<meta property=\"og:image:height\" content=\"720\" \/>\n\t<meta property=\"og:image:type\" content=\"image\/webp\" \/>\n<meta name=\"twitter:card\" content=\"summary_large_image\" \/>\n<meta name=\"twitter:label1\" content=\"Est. reading time\" \/>\n\t<meta name=\"twitter:data1\" content=\"2 minutes\" \/>\n<script type=\"application\/ld+json\" class=\"yoast-schema-graph\">{\"@context\":\"https:\/\/schema.org\",\"@graph\":[{\"@type\":\"WebPage\",\"@id\":\"https:\/\/www.miomiorun.com\/de\/produkt\/tk5-herren\/\",\"url\":\"https:\/\/www.miomiorun.com\/de\/produkt\/tk5-herren\/\",\"name\":\"Falke TK5 herren - Laufsocken - MioMioRun.com\",\"isPartOf\":{\"@id\":\"https:\/\/www.miomiorun.com\/de\/#website\"},\"primaryImageOfPage\":{\"@id\":\"https:\/\/www.miomiorun.com\/de\/produkt\/tk5-herren\/#primaryimage\"},\"image\":{\"@id\":\"https:\/\/www.miomiorun.com\/de\/produkt\/tk5-herren\/#primaryimage\"},\"thumbnailUrl\":\"https:\/\/www.miomiorun.com\/app\/uploads\/2026\/04\/Falke-TK5-M-YVE-16242-6714.webp\",\"datePublished\":\"2026-04-28T13:43:05+00:00\",\"dateModified\":\"2026-05-14T08:29:02+00:00\",\"description\":\"Leicht und atmungsaktiv, entwickelt f\u00fcr Komfort, Temperaturregulierung und optimalen Halt im Schuh bei Wanderungen und allt\u00e4glichen Aktivit\u00e4ten\",\"breadcrumb\":{\"@id\":\"https:\/\/www.miomiorun.com\/de\/produkt\/tk5-herren\/#breadcrumb\"},\"inLanguage\":\"de-DE\",\"potentialAction\":[{\"@type\":\"ReadAction\",\"target\":[\"https:\/\/www.miomiorun.com\/de\/produkt\/tk5-herren\/\"]}]},{\"@type\":\"ImageObject\",\"inLanguage\":\"de-DE\",\"@id\":\"https:\/\/www.miomiorun.com\/de\/produkt\/tk5-herren\/#primaryimage\",\"url\":\"https:\/\/www.miomiorun.com\/app\/uploads\/2026\/04\/Falke-TK5-M-YVE-16242-6714.webp\",\"contentUrl\":\"https:\/\/www.miomiorun.com\/app\/uploads\/2026\/04\/Falke-TK5-M-YVE-16242-6714.webp\",\"width\":720,\"height\":720,\"caption\":\"Falke TK5 M YVE 16242 6714\"},{\"@type\":\"BreadcrumbList\",\"@id\":\"https:\/\/www.miomiorun.com\/de\/produkt\/tk5-herren\/#breadcrumb\",\"itemListElement\":[{\"@type\":\"ListItem\",\"position\":1,\"name\":\"Home\",\"item\":\"https:\/\/www.miomiorun.com\/de\/home-page\/\"},{\"@type\":\"ListItem\",\"position\":2,\"name\":\"Shop\",\"item\":\"https:\/\/www.miomiorun.com\/shop\/\"},{\"@type\":\"ListItem\",\"position\":3,\"name\":\"TK5 herren\"}]},{\"@type\":\"WebSite\",\"@id\":\"https:\/\/www.miomiorun.com\/de\/#website\",\"url\":\"https:\/\/www.miomiorun.com\/de\/\",\"name\":\"MioMioRun\",\"description\":\"100% Lauf- und Trailshop\",\"publisher\":{\"@id\":\"https:\/\/www.miomiorun.com\/de\/#organization\"},\"potentialAction\":[{\"@type\":\"SearchAction\",\"target\":{\"@type\":\"EntryPoint\",\"urlTemplate\":\"https:\/\/www.miomiorun.com\/de\/?s={search_term_string}\"},\"query-input\":{\"@type\":\"PropertyValueSpecification\",\"valueRequired\":true,\"valueName\":\"search_term_string\"}}],\"inLanguage\":\"de-DE\"},{\"@type\":\"Organization\",\"@id\":\"https:\/\/www.miomiorun.com\/de\/#organization\",\"name\":\"MioMio Run\",\"url\":\"https:\/\/www.miomiorun.com\/de\/\",\"logo\":{\"@type\":\"ImageObject\",\"inLanguage\":\"de-DE\",\"@id\":\"https:\/\/www.miomiorun.com\/de\/#\/schema\/logo\/image\/\",\"url\":\"https:\/\/www.miomiorun.com\/app\/uploads\/2019\/12\/logomio.png\",\"contentUrl\":\"https:\/\/www.miomiorun.com\/app\/uploads\/2019\/12\/logomio.png\",\"width\":115,\"height\":82,\"caption\":\"MioMio Run\"},\"image\":{\"@id\":\"https:\/\/www.miomiorun.com\/de\/#\/schema\/logo\/image\/\"},\"sameAs\":[\"https:\/\/www.facebook.com\/miomiorun\/\",\"https:\/\/www.instagram.com\/miomiorun\/\"]}]}<\/script>\n<!-- \/ Yoast SEO plugin. -->","yoast_head_json":{"title":"Falke TK5 herren - Laufsocken - MioMioRun.com","description":"Leicht und atmungsaktiv, entwickelt f\u00fcr Komfort, Temperaturregulierung und optimalen Halt im Schuh bei Wanderungen und allt\u00e4glichen Aktivit\u00e4ten","robots":{"index":"index","follow":"follow","max-snippet":"max-snippet:-1","max-image-preview":"max-image-preview:large","max-video-preview":"max-video-preview:-1"},"canonical":"https:\/\/www.miomiorun.com\/de\/produkt\/tk5-herren\/","og_locale":"de_DE","og_type":"article","og_title":"Falke TK5 herren - Laufsocken - MioMioRun.com","og_description":"Leicht und atmungsaktiv, entwickelt f\u00fcr Komfort, Temperaturregulierung und optimalen Halt im Schuh bei Wanderungen und allt\u00e4glichen Aktivit\u00e4ten","og_url":"https:\/\/www.miomiorun.com\/de\/produkt\/tk5-herren\/","og_site_name":"MioMioRun","article_publisher":"https:\/\/www.facebook.com\/miomiorun\/","article_modified_time":"2026-05-14T08:29:02+00:00","og_image":[{"width":720,"height":720,"url":"https:\/\/www.miomiorun.com\/app\/uploads\/2026\/04\/Falke-TK5-M-YVE-16242-6714.webp","type":"image\/webp"}],"twitter_card":"summary_large_image","twitter_misc":{"Est. reading time":"2 minutes"},"schema":{"@context":"https:\/\/schema.org","@graph":[{"@type":"WebPage","@id":"https:\/\/www.miomiorun.com\/de\/produkt\/tk5-herren\/","url":"https:\/\/www.miomiorun.com\/de\/produkt\/tk5-herren\/","name":"Falke TK5 herren - Laufsocken - MioMioRun.com","isPartOf":{"@id":"https:\/\/www.miomiorun.com\/de\/#website"},"primaryImageOfPage":{"@id":"https:\/\/www.miomiorun.com\/de\/produkt\/tk5-herren\/#primaryimage"},"image":{"@id":"https:\/\/www.miomiorun.com\/de\/produkt\/tk5-herren\/#primaryimage"},"thumbnailUrl":"https:\/\/www.miomiorun.com\/app\/uploads\/2026\/04\/Falke-TK5-M-YVE-16242-6714.webp","datePublished":"2026-04-28T13:43:05+00:00","dateModified":"2026-05-14T08:29:02+00:00","description":"Leicht und atmungsaktiv, entwickelt f\u00fcr Komfort, Temperaturregulierung und optimalen Halt im Schuh bei Wanderungen und allt\u00e4glichen Aktivit\u00e4ten","breadcrumb":{"@id":"https:\/\/www.miomiorun.com\/de\/produkt\/tk5-herren\/#breadcrumb"},"inLanguage":"de-DE","potentialAction":[{"@type":"ReadAction","target":["https:\/\/www.miomiorun.com\/de\/produkt\/tk5-herren\/"]}]},{"@type":"ImageObject","inLanguage":"de-DE","@id":"https:\/\/www.miomiorun.com\/de\/produkt\/tk5-herren\/#primaryimage","url":"https:\/\/www.miomiorun.com\/app\/uploads\/2026\/04\/Falke-TK5-M-YVE-16242-6714.webp","contentUrl":"https:\/\/www.miomiorun.com\/app\/uploads\/2026\/04\/Falke-TK5-M-YVE-16242-6714.webp","width":720,"height":720,"caption":"Falke TK5 M YVE 16242 6714"},{"@type":"BreadcrumbList","@id":"https:\/\/www.miomiorun.com\/de\/produkt\/tk5-herren\/#breadcrumb","itemListElement":[{"@type":"ListItem","position":1,"name":"Home","item":"https:\/\/www.miomiorun.com\/de\/home-page\/"},{"@type":"ListItem","position":2,"name":"Shop","item":"https:\/\/www.miomiorun.com\/shop\/"},{"@type":"ListItem","position":3,"name":"TK5 herren"}]},{"@type":"WebSite","@id":"https:\/\/www.miomiorun.com\/de\/#website","url":"https:\/\/www.miomiorun.com\/de\/","name":"MioMioRun","description":"100% Lauf- und Trailshop","publisher":{"@id":"https:\/\/www.miomiorun.com\/de\/#organization"},"potentialAction":[{"@type":"SearchAction","target":{"@type":"EntryPoint","urlTemplate":"https:\/\/www.miomiorun.com\/de\/?s={search_term_string}"},"query-input":{"@type":"PropertyValueSpecification","valueRequired":true,"valueName":"search_term_string"}}],"inLanguage":"de-DE"},{"@type":"Organization","@id":"https:\/\/www.miomiorun.com\/de\/#organization","name":"MioMio Run","url":"https:\/\/www.miomiorun.com\/de\/","logo":{"@type":"ImageObject","inLanguage":"de-DE","@id":"https:\/\/www.miomiorun.com\/de\/#\/schema\/logo\/image\/","url":"https:\/\/www.miomiorun.com\/app\/uploads\/2019\/12\/logomio.png","contentUrl":"https:\/\/www.miomiorun.com\/app\/uploads\/2019\/12\/logomio.png","width":115,"height":82,"caption":"MioMio Run"},"image":{"@id":"https:\/\/www.miomiorun.com\/de\/#\/schema\/logo\/image\/"},"sameAs":["https:\/\/www.facebook.com\/miomiorun\/","https:\/\/www.instagram.com\/miomiorun\/"]}]}},"_links":{"self":[{"href":"https:\/\/www.miomiorun.com\/de\/wp-json\/wp\/v2\/product\/436313","targetHints":{"allow":["GET"]}}],"collection":[{"href":"https:\/\/www.miomiorun.com\/de\/wp-json\/wp\/v2\/product"}],"about":[{"href":"https:\/\/www.miomiorun.com\/de\/wp-json\/wp\/v2\/types\/product"}],"wp:featuredmedia":[{"embeddable":true,"href":"https:\/\/www.miomiorun.com\/de\/wp-json\/wp\/v2\/media\/436337"}],"wp:attachment":[{"href":"https:\/\/www.miomiorun.com\/de\/wp-json\/wp\/v2\/media?parent=436313"}],"wp:term":[{"taxonomy":"product_brand","embeddable":true,"href":"https:\/\/www.miomiorun.com\/de\/wp-json\/wp\/v2\/product_brand?post=436313"},{"taxonomy":"product_cat","embeddable":true,"href":"https:\/\/www.miomiorun.com\/de\/wp-json\/wp\/v2\/product_cat?post=436313"},{"taxonomy":"product_tag","embeddable":true,"href":"https:\/\/www.miomiorun.com\/de\/wp-json\/wp\/v2\/product_tag?post=436313"}],"curies":[{"name":"wp","href":"https:\/\/api.w.org\/{rel}","templated":true}]}}