{"id":436228,"date":"2026-04-28T12:15:32","date_gmt":"2026-04-28T10:15:32","guid":{"rendered":"https:\/\/www.miomiorun.com\/?post_type=product&#038;p=436228"},"modified":"2026-05-14T10:26:10","modified_gmt":"2026-05-14T08:26:10","slug":"tk5-damen","status":"publish","type":"product","link":"https:\/\/www.miomiorun.com\/de\/produkt\/tk5-damen\/","title":{"rendered":"TK5 damen"},"content":{"rendered":"<p data-start=\"0\" data-end=\"327\">Die Trekkingsocken TK5 f\u00fcr Damen wurden entwickelt, um <strong data-start=\"84\" data-end=\"98\">Leichtigkeit<\/strong>, <strong data-start=\"100\" data-end=\"111\">Komfort<\/strong> und <strong data-start=\"114\" data-end=\"134\">W\u00e4rmeregulierung<\/strong> bei gelegentlichen Wanderungen und allt\u00e4glichen Aktivit\u00e4ten zu bieten. Sie sind auf eine <strong data-start=\"205\" data-end=\"238\">schmalere, weibliche Passform<\/strong> ausgelegt und garantieren eine pr\u00e4zise Passform sowie ein nat\u00fcrliches Tragegef\u00fchl am Fu\u00df.<\/p>\n<p data-start=\"329\" data-end=\"367\">Die Konstruktion wurde entwickelt, um Folgendes zu gew\u00e4hrleisten:<\/p>\n<ul data-start=\"368\" data-end=\"594\">\n<li data-section-id=\"1k8ndto\" data-start=\"368\" data-end=\"454\"><strong data-start=\"370\" data-end=\"405\">Trockene F\u00fc\u00dfe ohne Blasen<\/strong> dank der atmungsaktiven 3-Lagen-Konstruktion<\/li>\n<li data-section-id=\"1fanno9\" data-start=\"455\" data-end=\"534\"><strong data-start=\"457\" data-end=\"494\">Direkter Kontakt mit dem Schuhwerk<\/strong> f\u00fcr mehr Pr\u00e4zision und Gef\u00fchl<\/li>\n<li data-section-id=\"6y2wud\" data-start=\"535\" data-end=\"594\"><strong data-start=\"537\" data-end=\"568\">Komfort und gezielter Schutz<\/strong> durch leichte Polsterung<\/li>\n<\/ul>\n<p data-start=\"596\" data-end=\"1059\">Das <strong data-start=\"599\" data-end=\"626\">Gewebe mit Merinowolle<\/strong> f\u00f6rdert die <strong data-start=\"640\" data-end=\"660\">W\u00e4rmeregulierung<\/strong> und tr\u00e4gt dazu bei, Geruchsbildung zu reduzieren, wodurch sich die Socken auch f\u00fcr l\u00e4ngeren Gebrauch eignen. Die <strong data-start=\"767\" data-end=\"808\">anatomische Passform f\u00fcr rechts und links<\/strong> verbessert den Sitz, w\u00e4hrend die leichte Struktur das Anziehen erleichtert und den Komfort beim Gehen erh\u00f6ht. Ideal sowohl f\u00fcr die Freizeit als auch f\u00fcr leichte Wanderungen, bieten sie ein ausgewogenes Verh\u00e4ltnis zwischen Atmungsaktivit\u00e4t und Isolierung.<\/p>\n<p data-start=\"1061\" data-end=\"1131\">Materialzusammensetzung: <strong data-start=\"1075\" data-end=\"1130\">38 % Schurwolle, 34 % Polypropylen, 28 % Polyamid<\/strong>.<\/p>\n","protected":false},"excerpt":{"rendered":"<ul>\n<li data-section-id=\"m9zf9c\" data-start=\"1357\" data-end=\"1427\"><strong data-start=\"1359\" data-end=\"1389\">W\u00e4rmeregulierende Merinowolle<\/strong> f\u00fcr Komfort und Geruchskontrolle<\/li>\n<li data-section-id=\"cl4ruu\" data-start=\"1428\" data-end=\"1500\"><strong data-start=\"1430\" data-end=\"1466\">Atmungsaktive 3-Lagen-Konstruktion<\/strong> f\u00fcr trockene F\u00fc\u00dfe<\/li>\n<li data-section-id=\"zojfvz\" data-start=\"1501\" data-end=\"1585\" data-is-last-node=\"\"><strong data-start=\"1503\" data-end=\"1560\">Anatomisch geformte Passform f\u00fcr Damen und leichte Polsterung<\/strong> f\u00fcr Pr\u00e4zision und Komfort<\/li>\n<\/ul>\n","protected":false},"featured_media":436370,"template":"","meta":{"_acf_changed":false,"inline_featured_image":false},"product_brand":[],"product_cat":[6401,6402],"product_tag":[6245,6246],"class_list":{"0":"post-436228","1":"product","2":"type-product","3":"status-publish","4":"has-post-thumbnail","6":"product_cat-damenbekleidung","7":"product_cat-damensocken-de","8":"product_tag-falke-de","9":"product_tag-falke-damen-de","10":"pa_attivita-gehen","11":"pa_attivita-outdoor-de","12":"pa_colore-tk5-w-rose-grey","13":"pa_marca-falke-de","14":"pa_sesso-damen","15":"pa_size-35-36-de","16":"pa_size-37-38-de","17":"pa_size-39-40-de","18":"pa_size-41-42-de","20":"first","21":"instock","22":"sale","23":"taxable","24":"shipping-taxable","25":"purchasable","26":"product-type-variable","27":"wvs-archive-product-wrapper"},"acf":[],"yoast_head":"<!-- This site is optimized with the Yoast SEO plugin v26.8 - https:\/\/yoast.com\/product\/yoast-seo-wordpress\/ -->\n<title>Falke TK5 damen - Laufsocken- MioMioRun.com<\/title>\n<meta name=\"description\" content=\"Leichte und atmungsaktive Damenschuhe, die Komfort, Temperaturregulierung und eine perfekte Passform bei Wanderungen und allt\u00e4glichen Aktivit\u00e4ten bieten\" \/>\n<meta name=\"robots\" content=\"index, follow, max-snippet:-1, max-image-preview:large, max-video-preview:-1\" \/>\n<link rel=\"canonical\" href=\"https:\/\/www.miomiorun.com\/de\/produkt\/tk5-damen\/\" \/>\n<meta property=\"og:locale\" content=\"de_DE\" \/>\n<meta property=\"og:type\" content=\"article\" \/>\n<meta property=\"og:title\" content=\"Falke TK5 damen - Laufsocken- MioMioRun.com\" \/>\n<meta property=\"og:description\" content=\"Leichte und atmungsaktive Damenschuhe, die Komfort, Temperaturregulierung und eine perfekte Passform bei Wanderungen und allt\u00e4glichen Aktivit\u00e4ten bieten\" \/>\n<meta property=\"og:url\" content=\"https:\/\/www.miomiorun.com\/de\/produkt\/tk5-damen\/\" \/>\n<meta property=\"og:site_name\" content=\"MioMioRun\" \/>\n<meta property=\"article:publisher\" content=\"https:\/\/www.facebook.com\/miomiorun\/\" \/>\n<meta property=\"article:modified_time\" content=\"2026-05-14T08:26:10+00:00\" \/>\n<meta property=\"og:image\" content=\"https:\/\/www.miomiorun.com\/app\/uploads\/2026\/04\/Falke-TK5-W-rose-grey-16243-8560.webp\" \/>\n\t<meta property=\"og:image:width\" content=\"720\" \/>\n\t<meta property=\"og:image:height\" content=\"720\" \/>\n\t<meta property=\"og:image:type\" content=\"image\/webp\" \/>\n<meta name=\"twitter:card\" content=\"summary_large_image\" \/>\n<meta name=\"twitter:label1\" content=\"Est. reading time\" \/>\n\t<meta name=\"twitter:data1\" content=\"2 minutes\" \/>\n<script type=\"application\/ld+json\" class=\"yoast-schema-graph\">{\"@context\":\"https:\/\/schema.org\",\"@graph\":[{\"@type\":\"WebPage\",\"@id\":\"https:\/\/www.miomiorun.com\/de\/produkt\/tk5-damen\/\",\"url\":\"https:\/\/www.miomiorun.com\/de\/produkt\/tk5-damen\/\",\"name\":\"Falke TK5 damen - Laufsocken- MioMioRun.com\",\"isPartOf\":{\"@id\":\"https:\/\/www.miomiorun.com\/de\/#website\"},\"primaryImageOfPage\":{\"@id\":\"https:\/\/www.miomiorun.com\/de\/produkt\/tk5-damen\/#primaryimage\"},\"image\":{\"@id\":\"https:\/\/www.miomiorun.com\/de\/produkt\/tk5-damen\/#primaryimage\"},\"thumbnailUrl\":\"https:\/\/www.miomiorun.com\/app\/uploads\/2026\/04\/Falke-TK5-W-rose-grey-16243-8560.webp\",\"datePublished\":\"2026-04-28T10:15:32+00:00\",\"dateModified\":\"2026-05-14T08:26:10+00:00\",\"description\":\"Leichte und atmungsaktive Damenschuhe, die Komfort, Temperaturregulierung und eine perfekte Passform bei Wanderungen und allt\u00e4glichen Aktivit\u00e4ten bieten\",\"breadcrumb\":{\"@id\":\"https:\/\/www.miomiorun.com\/de\/produkt\/tk5-damen\/#breadcrumb\"},\"inLanguage\":\"de-DE\",\"potentialAction\":[{\"@type\":\"ReadAction\",\"target\":[\"https:\/\/www.miomiorun.com\/de\/produkt\/tk5-damen\/\"]}]},{\"@type\":\"ImageObject\",\"inLanguage\":\"de-DE\",\"@id\":\"https:\/\/www.miomiorun.com\/de\/produkt\/tk5-damen\/#primaryimage\",\"url\":\"https:\/\/www.miomiorun.com\/app\/uploads\/2026\/04\/Falke-TK5-W-rose-grey-16243-8560.webp\",\"contentUrl\":\"https:\/\/www.miomiorun.com\/app\/uploads\/2026\/04\/Falke-TK5-W-rose-grey-16243-8560.webp\",\"width\":720,\"height\":720,\"caption\":\"Falke TK5 W rose grey 16243 8560\"},{\"@type\":\"BreadcrumbList\",\"@id\":\"https:\/\/www.miomiorun.com\/de\/produkt\/tk5-damen\/#breadcrumb\",\"itemListElement\":[{\"@type\":\"ListItem\",\"position\":1,\"name\":\"Home\",\"item\":\"https:\/\/www.miomiorun.com\/de\/home-page\/\"},{\"@type\":\"ListItem\",\"position\":2,\"name\":\"Shop\",\"item\":\"https:\/\/www.miomiorun.com\/shop\/\"},{\"@type\":\"ListItem\",\"position\":3,\"name\":\"TK5 damen\"}]},{\"@type\":\"WebSite\",\"@id\":\"https:\/\/www.miomiorun.com\/de\/#website\",\"url\":\"https:\/\/www.miomiorun.com\/de\/\",\"name\":\"MioMioRun\",\"description\":\"100% Lauf- und Trailshop\",\"publisher\":{\"@id\":\"https:\/\/www.miomiorun.com\/de\/#organization\"},\"potentialAction\":[{\"@type\":\"SearchAction\",\"target\":{\"@type\":\"EntryPoint\",\"urlTemplate\":\"https:\/\/www.miomiorun.com\/de\/?s={search_term_string}\"},\"query-input\":{\"@type\":\"PropertyValueSpecification\",\"valueRequired\":true,\"valueName\":\"search_term_string\"}}],\"inLanguage\":\"de-DE\"},{\"@type\":\"Organization\",\"@id\":\"https:\/\/www.miomiorun.com\/de\/#organization\",\"name\":\"MioMio Run\",\"url\":\"https:\/\/www.miomiorun.com\/de\/\",\"logo\":{\"@type\":\"ImageObject\",\"inLanguage\":\"de-DE\",\"@id\":\"https:\/\/www.miomiorun.com\/de\/#\/schema\/logo\/image\/\",\"url\":\"https:\/\/www.miomiorun.com\/app\/uploads\/2019\/12\/logomio.png\",\"contentUrl\":\"https:\/\/www.miomiorun.com\/app\/uploads\/2019\/12\/logomio.png\",\"width\":115,\"height\":82,\"caption\":\"MioMio Run\"},\"image\":{\"@id\":\"https:\/\/www.miomiorun.com\/de\/#\/schema\/logo\/image\/\"},\"sameAs\":[\"https:\/\/www.facebook.com\/miomiorun\/\",\"https:\/\/www.instagram.com\/miomiorun\/\"]}]}<\/script>\n<!-- \/ Yoast SEO plugin. -->","yoast_head_json":{"title":"Falke TK5 damen - Laufsocken- MioMioRun.com","description":"Leichte und atmungsaktive Damenschuhe, die Komfort, Temperaturregulierung und eine perfekte Passform bei Wanderungen und allt\u00e4glichen Aktivit\u00e4ten bieten","robots":{"index":"index","follow":"follow","max-snippet":"max-snippet:-1","max-image-preview":"max-image-preview:large","max-video-preview":"max-video-preview:-1"},"canonical":"https:\/\/www.miomiorun.com\/de\/produkt\/tk5-damen\/","og_locale":"de_DE","og_type":"article","og_title":"Falke TK5 damen - Laufsocken- MioMioRun.com","og_description":"Leichte und atmungsaktive Damenschuhe, die Komfort, Temperaturregulierung und eine perfekte Passform bei Wanderungen und allt\u00e4glichen Aktivit\u00e4ten bieten","og_url":"https:\/\/www.miomiorun.com\/de\/produkt\/tk5-damen\/","og_site_name":"MioMioRun","article_publisher":"https:\/\/www.facebook.com\/miomiorun\/","article_modified_time":"2026-05-14T08:26:10+00:00","og_image":[{"width":720,"height":720,"url":"https:\/\/www.miomiorun.com\/app\/uploads\/2026\/04\/Falke-TK5-W-rose-grey-16243-8560.webp","type":"image\/webp"}],"twitter_card":"summary_large_image","twitter_misc":{"Est. reading time":"2 minutes"},"schema":{"@context":"https:\/\/schema.org","@graph":[{"@type":"WebPage","@id":"https:\/\/www.miomiorun.com\/de\/produkt\/tk5-damen\/","url":"https:\/\/www.miomiorun.com\/de\/produkt\/tk5-damen\/","name":"Falke TK5 damen - Laufsocken- MioMioRun.com","isPartOf":{"@id":"https:\/\/www.miomiorun.com\/de\/#website"},"primaryImageOfPage":{"@id":"https:\/\/www.miomiorun.com\/de\/produkt\/tk5-damen\/#primaryimage"},"image":{"@id":"https:\/\/www.miomiorun.com\/de\/produkt\/tk5-damen\/#primaryimage"},"thumbnailUrl":"https:\/\/www.miomiorun.com\/app\/uploads\/2026\/04\/Falke-TK5-W-rose-grey-16243-8560.webp","datePublished":"2026-04-28T10:15:32+00:00","dateModified":"2026-05-14T08:26:10+00:00","description":"Leichte und atmungsaktive Damenschuhe, die Komfort, Temperaturregulierung und eine perfekte Passform bei Wanderungen und allt\u00e4glichen Aktivit\u00e4ten bieten","breadcrumb":{"@id":"https:\/\/www.miomiorun.com\/de\/produkt\/tk5-damen\/#breadcrumb"},"inLanguage":"de-DE","potentialAction":[{"@type":"ReadAction","target":["https:\/\/www.miomiorun.com\/de\/produkt\/tk5-damen\/"]}]},{"@type":"ImageObject","inLanguage":"de-DE","@id":"https:\/\/www.miomiorun.com\/de\/produkt\/tk5-damen\/#primaryimage","url":"https:\/\/www.miomiorun.com\/app\/uploads\/2026\/04\/Falke-TK5-W-rose-grey-16243-8560.webp","contentUrl":"https:\/\/www.miomiorun.com\/app\/uploads\/2026\/04\/Falke-TK5-W-rose-grey-16243-8560.webp","width":720,"height":720,"caption":"Falke TK5 W rose grey 16243 8560"},{"@type":"BreadcrumbList","@id":"https:\/\/www.miomiorun.com\/de\/produkt\/tk5-damen\/#breadcrumb","itemListElement":[{"@type":"ListItem","position":1,"name":"Home","item":"https:\/\/www.miomiorun.com\/de\/home-page\/"},{"@type":"ListItem","position":2,"name":"Shop","item":"https:\/\/www.miomiorun.com\/shop\/"},{"@type":"ListItem","position":3,"name":"TK5 damen"}]},{"@type":"WebSite","@id":"https:\/\/www.miomiorun.com\/de\/#website","url":"https:\/\/www.miomiorun.com\/de\/","name":"MioMioRun","description":"100% Lauf- und Trailshop","publisher":{"@id":"https:\/\/www.miomiorun.com\/de\/#organization"},"potentialAction":[{"@type":"SearchAction","target":{"@type":"EntryPoint","urlTemplate":"https:\/\/www.miomiorun.com\/de\/?s={search_term_string}"},"query-input":{"@type":"PropertyValueSpecification","valueRequired":true,"valueName":"search_term_string"}}],"inLanguage":"de-DE"},{"@type":"Organization","@id":"https:\/\/www.miomiorun.com\/de\/#organization","name":"MioMio Run","url":"https:\/\/www.miomiorun.com\/de\/","logo":{"@type":"ImageObject","inLanguage":"de-DE","@id":"https:\/\/www.miomiorun.com\/de\/#\/schema\/logo\/image\/","url":"https:\/\/www.miomiorun.com\/app\/uploads\/2019\/12\/logomio.png","contentUrl":"https:\/\/www.miomiorun.com\/app\/uploads\/2019\/12\/logomio.png","width":115,"height":82,"caption":"MioMio Run"},"image":{"@id":"https:\/\/www.miomiorun.com\/de\/#\/schema\/logo\/image\/"},"sameAs":["https:\/\/www.facebook.com\/miomiorun\/","https:\/\/www.instagram.com\/miomiorun\/"]}]}},"_links":{"self":[{"href":"https:\/\/www.miomiorun.com\/de\/wp-json\/wp\/v2\/product\/436228","targetHints":{"allow":["GET"]}}],"collection":[{"href":"https:\/\/www.miomiorun.com\/de\/wp-json\/wp\/v2\/product"}],"about":[{"href":"https:\/\/www.miomiorun.com\/de\/wp-json\/wp\/v2\/types\/product"}],"wp:featuredmedia":[{"embeddable":true,"href":"https:\/\/www.miomiorun.com\/de\/wp-json\/wp\/v2\/media\/436370"}],"wp:attachment":[{"href":"https:\/\/www.miomiorun.com\/de\/wp-json\/wp\/v2\/media?parent=436228"}],"wp:term":[{"taxonomy":"product_brand","embeddable":true,"href":"https:\/\/www.miomiorun.com\/de\/wp-json\/wp\/v2\/product_brand?post=436228"},{"taxonomy":"product_cat","embeddable":true,"href":"https:\/\/www.miomiorun.com\/de\/wp-json\/wp\/v2\/product_cat?post=436228"},{"taxonomy":"product_tag","embeddable":true,"href":"https:\/\/www.miomiorun.com\/de\/wp-json\/wp\/v2\/product_tag?post=436228"}],"curies":[{"name":"wp","href":"https:\/\/api.w.org\/{rel}","templated":true}]}}