{"id":435613,"date":"2026-04-23T17:40:21","date_gmt":"2026-04-23T15:40:21","guid":{"rendered":"https:\/\/www.miomiorun.com\/?post_type=product&#038;p=435613"},"modified":"2026-05-05T18:46:36","modified_gmt":"2026-05-05T16:46:36","slug":"color-block-fallen-rock-langarm-shirt-herren","status":"publish","type":"product","link":"https:\/\/www.miomiorun.com\/de\/produkt\/color-block-fallen-rock-langarm-shirt-herren\/","title":{"rendered":"Color Block Fallen Rock Langarm-Shirt Herren"},"content":{"rendered":"<p data-start=\"0\" data-end=\"371\">Dieses Funktionsshirt mit langen \u00c4rmeln ist die <strong data-start=\"71\" data-end=\"123\">neueste Erg\u00e4nzung der Color-Block-Kollektion FW24<\/strong>, die darauf ausgelegt ist, in den k\u00e4lteren Monaten <strong data-start=\"145\" data-end=\"156\">Komfort<\/strong>, <strong data-start=\"158\" data-end=\"172\">Schutz<\/strong> und <strong data-start=\"175\" data-end=\"184\">Stil<\/strong> zu bieten. Die <strong data-start=\"208\" data-end=\"261\">speziell f\u00fcr die Wintersaison entwickelten Farbt\u00f6ne<\/strong> machen es perfekt f\u00fcr die Kombination mit der M\u00fctze Endurance Fallen Rock und sorgen so f\u00fcr ein abgestimmtes und funktionales Outfit.<\/p>\n<p data-start=\"373\" data-end=\"413\">Die Konstruktion ist darauf ausgelegt, Folgendes zu gew\u00e4hrleisten:<\/p>\n<ul data-start=\"414\" data-end=\"574\">\n<li data-section-id=\"vsh0rr\" data-start=\"414\" data-end=\"474\"><strong data-start=\"416\" data-end=\"436\">Konstanter Komfort<\/strong> dank des weichen und leichten Gewebes<\/li>\n<li data-section-id=\"iux1in\" data-start=\"475\" data-end=\"525\"><strong data-start=\"477\" data-end=\"504\">Effektive Atmungsaktivit\u00e4t<\/strong> w\u00e4hrend der Aktivit\u00e4t<\/li>\n<li data-section-id=\"1coh4vr\" data-start=\"526\" data-end=\"574\"><strong data-start=\"528\" data-end=\"554\">Vielseitigkeit im Einsatz<\/strong> auf der Piste und im Gel\u00e4nde<\/li>\n<\/ul>\n<p data-start=\"576\" data-end=\"1028\">Hergestellt aus <strong data-start=\"590\" data-end=\"625\">seidenweichem Gotex-Material<\/strong>, bietet es ein angenehmes Tragegef\u00fchl auf der Haut und eignet sich sowohl f\u00fcr <strong data-start=\"687\" data-end=\"708\">Wiederholungsl\u00e4ufe auf der Bahn<\/strong> als auch f\u00fcr Trail-L\u00e4ufe im Wald. Dank seiner technischen Konstruktion eignet es sich auch f\u00fcr k\u00fchlere Temperaturen und bietet ein ausgewogenes Verh\u00e4ltnis zwischen Bel\u00fcftung und Schutz. Es wird in der Europ\u00e4ischen Union hergestellt, wiegt etwa <strong data-start=\"927\" data-end=\"941\">125 Gramm<\/strong> und ist daf\u00fcr gedacht, dich bei jedem Training zu begleiten. Material: <strong data-start=\"1008\" data-end=\"1027\">100 % Polyester<\/strong>.<\/p>\n","protected":false},"excerpt":{"rendered":"<ul>\n<li data-section-id=\"1l54a83\" data-start=\"1245\" data-end=\"1313\"><strong data-start=\"1247\" data-end=\"1286\">Weiches und atmungsaktives Gotex-Material<\/strong> f\u00fcr Komfort und Frische<\/li>\n<li data-section-id=\"1juegis\" data-start=\"1314\" data-end=\"1373\"><strong data-start=\"1316\" data-end=\"1343\">Color-Block-Design FW24<\/strong> ideal f\u00fcr k\u00e4lteres Wetter<\/li>\n<li data-section-id=\"1bmm8uc\" data-start=\"1374\" data-end=\"1425\" data-is-last-node=\"\"><strong data-start=\"1376\" data-end=\"1402\">Geeignet f\u00fcr die Rennstrecke und den Trail<\/strong> in europ\u00e4ischer Fertigung<\/li>\n<\/ul>\n","protected":false},"featured_media":435652,"template":"","meta":{"_acf_changed":false,"inline_featured_image":false},"product_brand":[],"product_cat":[6515,6540,6541],"product_tag":[3399,6294],"class_list":{"0":"post-435613","1":"product","2":"type-product","3":"status-publish","4":"has-post-thumbnail","6":"product_cat-herren-de","7":"product_cat-herrenbekleidung","8":"product_cat-langarmshirt","9":"product_tag-wild-tee-de","10":"product_tag-wild-tee-herren-de","11":"pa_attivita-gehen","12":"pa_attivita-lifestyle-de","13":"pa_attivita-outdoor-de","14":"pa_attivita-trail-de","15":"pa_marca-wild-tee-de","16":"pa_sesso-herren","17":"pa_size-small-de","18":"pa_size-medium-de","19":"pa_size-large-de","20":"pa_size-extra-large-de","22":"first","23":"instock","24":"sale","25":"taxable","26":"shipping-taxable","27":"purchasable","28":"product-type-variable","29":"wvs-archive-product-wrapper"},"acf":[],"yoast_head":"<!-- This site is optimized with the Yoast SEO plugin v26.8 - https:\/\/yoast.com\/product\/yoast-seo-wordpress\/ -->\n<title>Wild Tee Color Block Fallen Rock Langarm-Shirt Herren - Lauf Shirt - MioMioRun.com<\/title>\n<meta name=\"description\" content=\"Leichtes und atmungsaktives Funktionsshirt mit langen \u00c4rmeln, das Komfort, Schutz und Vielseitigkeit beim Training in den k\u00e4lteren Monaten bietet.\" \/>\n<meta name=\"robots\" content=\"index, follow, max-snippet:-1, max-image-preview:large, max-video-preview:-1\" \/>\n<link rel=\"canonical\" href=\"https:\/\/www.miomiorun.com\/de\/produkt\/color-block-fallen-rock-langarm-shirt-herren\/\" \/>\n<meta property=\"og:locale\" content=\"de_DE\" \/>\n<meta property=\"og:type\" content=\"article\" \/>\n<meta property=\"og:title\" content=\"Wild Tee Color Block Fallen Rock Langarm-Shirt Herren - Lauf Shirt - MioMioRun.com\" \/>\n<meta property=\"og:description\" content=\"Leichtes und atmungsaktives Funktionsshirt mit langen \u00c4rmeln, das Komfort, Schutz und Vielseitigkeit beim Training in den k\u00e4lteren Monaten bietet.\" \/>\n<meta property=\"og:url\" content=\"https:\/\/www.miomiorun.com\/de\/produkt\/color-block-fallen-rock-langarm-shirt-herren\/\" \/>\n<meta property=\"og:site_name\" content=\"MioMioRun\" \/>\n<meta property=\"article:publisher\" content=\"https:\/\/www.facebook.com\/miomiorun\/\" \/>\n<meta property=\"article:modified_time\" content=\"2026-05-05T16:46:36+00:00\" \/>\n<meta property=\"og:image\" content=\"https:\/\/www.miomiorun.com\/app\/uploads\/2026\/04\/WildTee-Longsleeve-M-colorblock-fallen-rock-WT006WT212.webp\" \/>\n\t<meta property=\"og:image:width\" content=\"720\" \/>\n\t<meta property=\"og:image:height\" content=\"720\" \/>\n\t<meta property=\"og:image:type\" content=\"image\/webp\" \/>\n<meta name=\"twitter:card\" content=\"summary_large_image\" \/>\n<meta name=\"twitter:label1\" content=\"Est. reading time\" \/>\n\t<meta name=\"twitter:data1\" content=\"1 minute\" \/>\n<script type=\"application\/ld+json\" class=\"yoast-schema-graph\">{\"@context\":\"https:\/\/schema.org\",\"@graph\":[{\"@type\":\"WebPage\",\"@id\":\"https:\/\/www.miomiorun.com\/de\/produkt\/color-block-fallen-rock-langarm-shirt-herren\/\",\"url\":\"https:\/\/www.miomiorun.com\/de\/produkt\/color-block-fallen-rock-langarm-shirt-herren\/\",\"name\":\"Wild Tee Color Block Fallen Rock Langarm-Shirt Herren - Lauf Shirt - MioMioRun.com\",\"isPartOf\":{\"@id\":\"https:\/\/www.miomiorun.com\/de\/#website\"},\"primaryImageOfPage\":{\"@id\":\"https:\/\/www.miomiorun.com\/de\/produkt\/color-block-fallen-rock-langarm-shirt-herren\/#primaryimage\"},\"image\":{\"@id\":\"https:\/\/www.miomiorun.com\/de\/produkt\/color-block-fallen-rock-langarm-shirt-herren\/#primaryimage\"},\"thumbnailUrl\":\"https:\/\/www.miomiorun.com\/app\/uploads\/2026\/04\/WildTee-Longsleeve-M-colorblock-fallen-rock-WT006WT212.webp\",\"datePublished\":\"2026-04-23T15:40:21+00:00\",\"dateModified\":\"2026-05-05T16:46:36+00:00\",\"description\":\"Leichtes und atmungsaktives Funktionsshirt mit langen \u00c4rmeln, das Komfort, Schutz und Vielseitigkeit beim Training in den k\u00e4lteren Monaten bietet.\",\"breadcrumb\":{\"@id\":\"https:\/\/www.miomiorun.com\/de\/produkt\/color-block-fallen-rock-langarm-shirt-herren\/#breadcrumb\"},\"inLanguage\":\"de-DE\",\"potentialAction\":[{\"@type\":\"ReadAction\",\"target\":[\"https:\/\/www.miomiorun.com\/de\/produkt\/color-block-fallen-rock-langarm-shirt-herren\/\"]}]},{\"@type\":\"ImageObject\",\"inLanguage\":\"de-DE\",\"@id\":\"https:\/\/www.miomiorun.com\/de\/produkt\/color-block-fallen-rock-langarm-shirt-herren\/#primaryimage\",\"url\":\"https:\/\/www.miomiorun.com\/app\/uploads\/2026\/04\/WildTee-Longsleeve-M-colorblock-fallen-rock-WT006WT212.webp\",\"contentUrl\":\"https:\/\/www.miomiorun.com\/app\/uploads\/2026\/04\/WildTee-Longsleeve-M-colorblock-fallen-rock-WT006WT212.webp\",\"width\":720,\"height\":720,\"caption\":\"WildTee Longsleeve M colorblock fallen rock WT006WT212\"},{\"@type\":\"BreadcrumbList\",\"@id\":\"https:\/\/www.miomiorun.com\/de\/produkt\/color-block-fallen-rock-langarm-shirt-herren\/#breadcrumb\",\"itemListElement\":[{\"@type\":\"ListItem\",\"position\":1,\"name\":\"Home\",\"item\":\"https:\/\/www.miomiorun.com\/de\/\"},{\"@type\":\"ListItem\",\"position\":2,\"name\":\"Shop\",\"item\":\"https:\/\/www.miomiorun.com\/shop\/\"},{\"@type\":\"ListItem\",\"position\":3,\"name\":\"Color Block Fallen Rock Langarm-Shirt Herren\"}]},{\"@type\":\"WebSite\",\"@id\":\"https:\/\/www.miomiorun.com\/de\/#website\",\"url\":\"https:\/\/www.miomiorun.com\/de\/\",\"name\":\"MioMioRun\",\"description\":\"100% Lauf- und Trailshop\",\"publisher\":{\"@id\":\"https:\/\/www.miomiorun.com\/de\/#organization\"},\"potentialAction\":[{\"@type\":\"SearchAction\",\"target\":{\"@type\":\"EntryPoint\",\"urlTemplate\":\"https:\/\/www.miomiorun.com\/de\/?s={search_term_string}\"},\"query-input\":{\"@type\":\"PropertyValueSpecification\",\"valueRequired\":true,\"valueName\":\"search_term_string\"}}],\"inLanguage\":\"de-DE\"},{\"@type\":\"Organization\",\"@id\":\"https:\/\/www.miomiorun.com\/de\/#organization\",\"name\":\"MioMio Run\",\"url\":\"https:\/\/www.miomiorun.com\/de\/\",\"logo\":{\"@type\":\"ImageObject\",\"inLanguage\":\"de-DE\",\"@id\":\"https:\/\/www.miomiorun.com\/de\/#\/schema\/logo\/image\/\",\"url\":\"https:\/\/www.miomiorun.com\/app\/uploads\/2019\/12\/logomio.png\",\"contentUrl\":\"https:\/\/www.miomiorun.com\/app\/uploads\/2019\/12\/logomio.png\",\"width\":115,\"height\":82,\"caption\":\"MioMio Run\"},\"image\":{\"@id\":\"https:\/\/www.miomiorun.com\/de\/#\/schema\/logo\/image\/\"},\"sameAs\":[\"https:\/\/www.facebook.com\/miomiorun\/\",\"https:\/\/www.instagram.com\/miomiorun\/\"]}]}<\/script>\n<!-- \/ Yoast SEO plugin. -->","yoast_head_json":{"title":"Wild Tee Color Block Fallen Rock Langarm-Shirt Herren - Lauf Shirt - MioMioRun.com","description":"Leichtes und atmungsaktives Funktionsshirt mit langen \u00c4rmeln, das Komfort, Schutz und Vielseitigkeit beim Training in den k\u00e4lteren Monaten bietet.","robots":{"index":"index","follow":"follow","max-snippet":"max-snippet:-1","max-image-preview":"max-image-preview:large","max-video-preview":"max-video-preview:-1"},"canonical":"https:\/\/www.miomiorun.com\/de\/produkt\/color-block-fallen-rock-langarm-shirt-herren\/","og_locale":"de_DE","og_type":"article","og_title":"Wild Tee Color Block Fallen Rock Langarm-Shirt Herren - Lauf Shirt - MioMioRun.com","og_description":"Leichtes und atmungsaktives Funktionsshirt mit langen \u00c4rmeln, das Komfort, Schutz und Vielseitigkeit beim Training in den k\u00e4lteren Monaten bietet.","og_url":"https:\/\/www.miomiorun.com\/de\/produkt\/color-block-fallen-rock-langarm-shirt-herren\/","og_site_name":"MioMioRun","article_publisher":"https:\/\/www.facebook.com\/miomiorun\/","article_modified_time":"2026-05-05T16:46:36+00:00","og_image":[{"width":720,"height":720,"url":"https:\/\/www.miomiorun.com\/app\/uploads\/2026\/04\/WildTee-Longsleeve-M-colorblock-fallen-rock-WT006WT212.webp","type":"image\/webp"}],"twitter_card":"summary_large_image","twitter_misc":{"Est. reading time":"1 minute"},"schema":{"@context":"https:\/\/schema.org","@graph":[{"@type":"WebPage","@id":"https:\/\/www.miomiorun.com\/de\/produkt\/color-block-fallen-rock-langarm-shirt-herren\/","url":"https:\/\/www.miomiorun.com\/de\/produkt\/color-block-fallen-rock-langarm-shirt-herren\/","name":"Wild Tee Color Block Fallen Rock Langarm-Shirt Herren - Lauf Shirt - MioMioRun.com","isPartOf":{"@id":"https:\/\/www.miomiorun.com\/de\/#website"},"primaryImageOfPage":{"@id":"https:\/\/www.miomiorun.com\/de\/produkt\/color-block-fallen-rock-langarm-shirt-herren\/#primaryimage"},"image":{"@id":"https:\/\/www.miomiorun.com\/de\/produkt\/color-block-fallen-rock-langarm-shirt-herren\/#primaryimage"},"thumbnailUrl":"https:\/\/www.miomiorun.com\/app\/uploads\/2026\/04\/WildTee-Longsleeve-M-colorblock-fallen-rock-WT006WT212.webp","datePublished":"2026-04-23T15:40:21+00:00","dateModified":"2026-05-05T16:46:36+00:00","description":"Leichtes und atmungsaktives Funktionsshirt mit langen \u00c4rmeln, das Komfort, Schutz und Vielseitigkeit beim Training in den k\u00e4lteren Monaten bietet.","breadcrumb":{"@id":"https:\/\/www.miomiorun.com\/de\/produkt\/color-block-fallen-rock-langarm-shirt-herren\/#breadcrumb"},"inLanguage":"de-DE","potentialAction":[{"@type":"ReadAction","target":["https:\/\/www.miomiorun.com\/de\/produkt\/color-block-fallen-rock-langarm-shirt-herren\/"]}]},{"@type":"ImageObject","inLanguage":"de-DE","@id":"https:\/\/www.miomiorun.com\/de\/produkt\/color-block-fallen-rock-langarm-shirt-herren\/#primaryimage","url":"https:\/\/www.miomiorun.com\/app\/uploads\/2026\/04\/WildTee-Longsleeve-M-colorblock-fallen-rock-WT006WT212.webp","contentUrl":"https:\/\/www.miomiorun.com\/app\/uploads\/2026\/04\/WildTee-Longsleeve-M-colorblock-fallen-rock-WT006WT212.webp","width":720,"height":720,"caption":"WildTee Longsleeve M colorblock fallen rock WT006WT212"},{"@type":"BreadcrumbList","@id":"https:\/\/www.miomiorun.com\/de\/produkt\/color-block-fallen-rock-langarm-shirt-herren\/#breadcrumb","itemListElement":[{"@type":"ListItem","position":1,"name":"Home","item":"https:\/\/www.miomiorun.com\/de\/"},{"@type":"ListItem","position":2,"name":"Shop","item":"https:\/\/www.miomiorun.com\/shop\/"},{"@type":"ListItem","position":3,"name":"Color Block Fallen Rock Langarm-Shirt Herren"}]},{"@type":"WebSite","@id":"https:\/\/www.miomiorun.com\/de\/#website","url":"https:\/\/www.miomiorun.com\/de\/","name":"MioMioRun","description":"100% Lauf- und Trailshop","publisher":{"@id":"https:\/\/www.miomiorun.com\/de\/#organization"},"potentialAction":[{"@type":"SearchAction","target":{"@type":"EntryPoint","urlTemplate":"https:\/\/www.miomiorun.com\/de\/?s={search_term_string}"},"query-input":{"@type":"PropertyValueSpecification","valueRequired":true,"valueName":"search_term_string"}}],"inLanguage":"de-DE"},{"@type":"Organization","@id":"https:\/\/www.miomiorun.com\/de\/#organization","name":"MioMio Run","url":"https:\/\/www.miomiorun.com\/de\/","logo":{"@type":"ImageObject","inLanguage":"de-DE","@id":"https:\/\/www.miomiorun.com\/de\/#\/schema\/logo\/image\/","url":"https:\/\/www.miomiorun.com\/app\/uploads\/2019\/12\/logomio.png","contentUrl":"https:\/\/www.miomiorun.com\/app\/uploads\/2019\/12\/logomio.png","width":115,"height":82,"caption":"MioMio Run"},"image":{"@id":"https:\/\/www.miomiorun.com\/de\/#\/schema\/logo\/image\/"},"sameAs":["https:\/\/www.facebook.com\/miomiorun\/","https:\/\/www.instagram.com\/miomiorun\/"]}]}},"_links":{"self":[{"href":"https:\/\/www.miomiorun.com\/de\/wp-json\/wp\/v2\/product\/435613","targetHints":{"allow":["GET"]}}],"collection":[{"href":"https:\/\/www.miomiorun.com\/de\/wp-json\/wp\/v2\/product"}],"about":[{"href":"https:\/\/www.miomiorun.com\/de\/wp-json\/wp\/v2\/types\/product"}],"wp:featuredmedia":[{"embeddable":true,"href":"https:\/\/www.miomiorun.com\/de\/wp-json\/wp\/v2\/media\/435652"}],"wp:attachment":[{"href":"https:\/\/www.miomiorun.com\/de\/wp-json\/wp\/v2\/media?parent=435613"}],"wp:term":[{"taxonomy":"product_brand","embeddable":true,"href":"https:\/\/www.miomiorun.com\/de\/wp-json\/wp\/v2\/product_brand?post=435613"},{"taxonomy":"product_cat","embeddable":true,"href":"https:\/\/www.miomiorun.com\/de\/wp-json\/wp\/v2\/product_cat?post=435613"},{"taxonomy":"product_tag","embeddable":true,"href":"https:\/\/www.miomiorun.com\/de\/wp-json\/wp\/v2\/product_tag?post=435613"}],"curies":[{"name":"wp","href":"https:\/\/api.w.org\/{rel}","templated":true}]}}